{"id":64475,"date":"2026-04-12T11:23:12","date_gmt":"2026-04-12T09:23:12","guid":{"rendered":"https:\/\/dev6.erresse-shop.it\/shop\/non%20class\u00e9\/zwilling-pro-louche\/"},"modified":"2025-09-14T05:41:48","modified_gmt":"2025-09-14T03:41:48","slug":"zwilling-pro-louche","status":"publish","type":"product","link":"https:\/\/dev6.erresse-shop.it\/fr\/shop\/cuisine\/outils\/zwilling-pro-louche\/","title":{"rendered":"ZWILLING PRO Louche"},"content":{"rendered":"<p>Il y a des accessoires qui ne devraient jamais manquer dans une cuisine. La louche de la collection ZWILLING Pro est l\u2019un de ces accessoires. Vous pouvez l\u2019utiliser pour m\u00e9langer les ingr\u00e9dients pendant la cuisson ou pour portionner et servir. Quelle que soit la fonction, cet accessoire polyvalent ne vous laissera jamais tomber. Son design fonctionnel allie un aspect intemporel \u00e0 des qualit\u00e9s de performance superlatives. La louche est fabriqu\u00e9e en acier inoxydable de haute qualit\u00e9, partiellement mat. Le m\u00e9lange de surfaces polies et mates qui en r\u00e9sulte n\u2019est pas seulement incroyablement d\u00e9coratif. Gr\u00e2ce \u00e0 la finition satin\u00e9e, elle est \u00e9galement agr\u00e9able \u00e0 manier. De plus, la forme de l\u2019extr\u00e9mit\u00e9 du manche est pratique. Une ligne d\u00e9corative d\u00e9coup\u00e9e au laser accentue le design minimaliste cr\u00e9\u00e9 par les designers de renomm\u00e9e mondiale Matteo Thun et Antonio Rodriguez. La louche est r\u00e9sistante \u00e0 la corrosion et particuli\u00e8rement facile \u00e0 nettoyer, m\u00eame au lave-vaisselle si n\u00e9cessaire.<\/p>\n<p>Design minimaliste de Matteo Thun et Antonio Rodriguez<br \/>\nFabriqu\u00e9e en acier inoxydable de haute qualit\u00e9<br \/>\nPoign\u00e9es ergonomiques pour un travail sans fatigue, avec transition continue vers la tige pour une hygi\u00e8ne maximale<br \/>\nLavable au lave-vaisselle<\/p>\n","protected":false},"excerpt":{"rendered":"<p>Il y a des accessoires qui ne devraient jamais manquer dans une cuisine. La louche de la collection ZWILLING Pro est l\u2019un de ces accessoires. Vous pouvez l\u2019utiliser pour m\u00e9langer les ingr\u00e9dients pendant la cuisson ou pour portionner et servir. Quelle que soit la fonction, cet accessoire polyvalent ne vous laissera jamais tomber. Son design [&hellip;]<\/p>\n","protected":false},"featured_media":6368777,"template":"","meta":{"_acf_changed":false},"product_cat":[11668,11992,12008],"product_tag":[],"class_list":{"0":"post-64475","1":"product","2":"type-product","3":"status-publish","4":"has-post-thumbnail","6":"product_cat-cucina","7":"product_cat-cuisine","8":"product_cat-outils","10":"first","11":"instock","12":"taxable","13":"shipping-taxable","14":"purchasable","15":"product-type-simple","swatches":"rey-swatches","show_selected":"","stretch_labels":"rey-swatches--stretch-labels"},"acf":[],"yoast_head":"<!-- This site is optimized with the Yoast SEO plugin v25.4 - https:\/\/yoast.com\/wordpress\/plugins\/seo\/ -->\n<title>ZWILLING PRO Louche - dev6 Erresse<\/title>\n<meta name=\"description\" content=\"Il y a des accessoires qui ne devraient jamais manquer dans une cuisine. La louche de la collection ZWILLING Pro est l\u2019un de ces accessoires. Vous pouvez\" \/>\n<meta name=\"robots\" content=\"noindex, follow, max-snippet:-1, max-image-preview:large, max-video-preview:-1\" \/>\n<meta property=\"og:locale\" content=\"fr_FR\" \/>\n<meta property=\"og:type\" content=\"article\" \/>\n<meta property=\"og:title\" content=\"ZWILLING PRO Louche - dev6 Erresse\" \/>\n<meta property=\"og:description\" content=\"Il y a des accessoires qui ne devraient jamais manquer dans une cuisine. La louche de la collection ZWILLING Pro est l\u2019un de ces accessoires. Vous pouvez\" \/>\n<meta property=\"og:url\" content=\"https:\/\/dev6.erresse-shop.it\/fr\/shop\/cuisine\/outils\/zwilling-pro-louche\/\" \/>\n<meta property=\"og:site_name\" content=\"dev6 Erresse\" \/>\n<meta property=\"og:image\" content=\"https:\/\/interpim.erresse-shop.it\/img-catalogo\/zwilling\/zwilling-pro-mestolo.png\" \/><meta property=\"og:image\" content=\"https:\/\/interpim.erresse-shop.it\/img-catalogo\/zwilling\/zwilling-pro-mestolo.png\" \/>\n\t<meta property=\"og:image:width\" content=\"1024\" \/>\n\t<meta property=\"og:image:height\" content=\"1024\" \/>\n\t<meta property=\"og:image:type\" content=\"image\/jpeg\" \/>\n<meta name=\"twitter:card\" content=\"summary_large_image\" \/>\n<meta name=\"twitter:image\" content=\"https:\/\/interpim.erresse-shop.it\/img-catalogo\/zwilling\/zwilling-pro-mestolo.png\" \/>\n<script type=\"application\/ld+json\" class=\"yoast-schema-graph\">{\"@context\":\"https:\/\/schema.org\",\"@graph\":[{\"@type\":\"WebPage\",\"@id\":\"https:\/\/dev6.erresse-shop.it\/fr\/shop\/cuisine\/outils\/zwilling-pro-louche\/\",\"url\":\"https:\/\/dev6.erresse-shop.it\/fr\/shop\/cuisine\/outils\/zwilling-pro-louche\/\",\"name\":\"ZWILLING PRO Louche - dev6 Erresse\",\"isPartOf\":{\"@id\":\"https:\/\/dev6.erresse-shop.it\/#website\"},\"primaryImageOfPage\":{\"@id\":\"https:\/\/dev6.erresse-shop.it\/fr\/shop\/cuisine\/outils\/zwilling-pro-louche\/#primaryimage\"},\"image\":{\"@id\":\"https:\/\/dev6.erresse-shop.it\/fr\/shop\/cuisine\/outils\/zwilling-pro-louche\/#primaryimage\"},\"thumbnailUrl\":\"https:\/\/i0.wp.com\/interpim.erresse-shop.it\/img-catalogo\/zwilling\/zwilling-pro-mestolo.png?ssl=1\",\"datePublished\":\"2026-04-12T09:23:12+00:00\",\"description\":\"Il y a des accessoires qui ne devraient jamais manquer dans une cuisine. La louche de la collection ZWILLING Pro est l\u2019un de ces accessoires. Vous pouvez\",\"breadcrumb\":{\"@id\":\"https:\/\/dev6.erresse-shop.it\/fr\/shop\/cuisine\/outils\/zwilling-pro-louche\/#breadcrumb\"},\"inLanguage\":\"fr-FR\",\"potentialAction\":[{\"@type\":\"ReadAction\",\"target\":[\"https:\/\/dev6.erresse-shop.it\/fr\/shop\/cuisine\/outils\/zwilling-pro-louche\/\"]}]},{\"@type\":\"ImageObject\",\"inLanguage\":\"fr-FR\",\"@id\":\"https:\/\/dev6.erresse-shop.it\/fr\/shop\/cuisine\/outils\/zwilling-pro-louche\/#primaryimage\",\"url\":\"https:\/\/i0.wp.com\/interpim.erresse-shop.it\/img-catalogo\/zwilling\/zwilling-pro-mestolo.png?ssl=1\",\"contentUrl\":\"https:\/\/i0.wp.com\/interpim.erresse-shop.it\/img-catalogo\/zwilling\/zwilling-pro-mestolo.png?ssl=1\"},{\"@type\":\"BreadcrumbList\",\"@id\":\"https:\/\/dev6.erresse-shop.it\/fr\/shop\/cuisine\/outils\/zwilling-pro-louche\/#breadcrumb\",\"itemListElement\":[{\"@type\":\"ListItem\",\"position\":1,\"name\":\"Home\",\"item\":\"https:\/\/dev6.erresse-shop.it\/\"},{\"@type\":\"ListItem\",\"position\":2,\"name\":\"Boutique\",\"item\":\"https:\/\/dev6.erresse-shop.it\/shop\/\"},{\"@type\":\"ListItem\",\"position\":3,\"name\":\"ZWILLING PRO Louche\"}]},{\"@type\":\"WebSite\",\"@id\":\"https:\/\/dev6.erresse-shop.it\/#website\",\"url\":\"https:\/\/dev6.erresse-shop.it\/\",\"name\":\"Erresse Shop\",\"description\":\"\",\"publisher\":{\"@id\":\"https:\/\/dev6.erresse-shop.it\/#organization\"},\"potentialAction\":[{\"@type\":\"SearchAction\",\"target\":{\"@type\":\"EntryPoint\",\"urlTemplate\":\"https:\/\/dev6.erresse-shop.it\/?s={search_term_string}\"},\"query-input\":{\"@type\":\"PropertyValueSpecification\",\"valueRequired\":true,\"valueName\":\"search_term_string\"}}],\"inLanguage\":\"fr-FR\"},{\"@type\":\"Organization\",\"@id\":\"https:\/\/dev6.erresse-shop.it\/#organization\",\"name\":\"Erresse Shop\",\"url\":\"https:\/\/dev6.erresse-shop.it\/\",\"logo\":{\"@type\":\"ImageObject\",\"inLanguage\":\"fr-FR\",\"@id\":\"https:\/\/dev6.erresse-shop.it\/#\/schema\/logo\/image\/\",\"url\":\"https:\/\/dev6.erresse-shop.it\/wp-content\/uploads\/2025\/01\/LOGO-ERRESSE-CLASSICO.svg\",\"contentUrl\":\"https:\/\/dev6.erresse-shop.it\/wp-content\/uploads\/2025\/01\/LOGO-ERRESSE-CLASSICO.svg\",\"caption\":\"Erresse Shop\"},\"image\":{\"@id\":\"https:\/\/dev6.erresse-shop.it\/#\/schema\/logo\/image\/\"}}]}<\/script>\n<!-- \/ Yoast SEO plugin. -->","yoast_head_json":{"title":"ZWILLING PRO Louche - dev6 Erresse","description":"Il y a des accessoires qui ne devraient jamais manquer dans une cuisine. La louche de la collection ZWILLING Pro est l\u2019un de ces accessoires. Vous pouvez","robots":{"index":"noindex","follow":"follow","max-snippet":"max-snippet:-1","max-image-preview":"max-image-preview:large","max-video-preview":"max-video-preview:-1"},"og_locale":"fr_FR","og_type":"article","og_title":"ZWILLING PRO Louche - dev6 Erresse","og_description":"Il y a des accessoires qui ne devraient jamais manquer dans une cuisine. La louche de la collection ZWILLING Pro est l\u2019un de ces accessoires. Vous pouvez","og_url":"https:\/\/dev6.erresse-shop.it\/fr\/shop\/cuisine\/outils\/zwilling-pro-louche\/","og_site_name":"dev6 Erresse","og_image":[{"url":"https:\/\/interpim.erresse-shop.it\/img-catalogo\/zwilling\/zwilling-pro-mestolo.png","type":"","width":"","height":""},{"url":"https:\/\/interpim.erresse-shop.it\/img-catalogo\/zwilling\/zwilling-pro-mestolo.png","width":1024,"height":1024,"type":"image\/jpeg"}],"twitter_card":"summary_large_image","twitter_image":"https:\/\/interpim.erresse-shop.it\/img-catalogo\/zwilling\/zwilling-pro-mestolo.png","schema":{"@context":"https:\/\/schema.org","@graph":[{"@type":"WebPage","@id":"https:\/\/dev6.erresse-shop.it\/fr\/shop\/cuisine\/outils\/zwilling-pro-louche\/","url":"https:\/\/dev6.erresse-shop.it\/fr\/shop\/cuisine\/outils\/zwilling-pro-louche\/","name":"ZWILLING PRO Louche - dev6 Erresse","isPartOf":{"@id":"https:\/\/dev6.erresse-shop.it\/#website"},"primaryImageOfPage":{"@id":"https:\/\/dev6.erresse-shop.it\/fr\/shop\/cuisine\/outils\/zwilling-pro-louche\/#primaryimage"},"image":{"@id":"https:\/\/dev6.erresse-shop.it\/fr\/shop\/cuisine\/outils\/zwilling-pro-louche\/#primaryimage"},"thumbnailUrl":"https:\/\/i0.wp.com\/interpim.erresse-shop.it\/img-catalogo\/zwilling\/zwilling-pro-mestolo.png?ssl=1","datePublished":"2026-04-12T09:23:12+00:00","description":"Il y a des accessoires qui ne devraient jamais manquer dans une cuisine. La louche de la collection ZWILLING Pro est l\u2019un de ces accessoires. Vous pouvez","breadcrumb":{"@id":"https:\/\/dev6.erresse-shop.it\/fr\/shop\/cuisine\/outils\/zwilling-pro-louche\/#breadcrumb"},"inLanguage":"fr-FR","potentialAction":[{"@type":"ReadAction","target":["https:\/\/dev6.erresse-shop.it\/fr\/shop\/cuisine\/outils\/zwilling-pro-louche\/"]}]},{"@type":"ImageObject","inLanguage":"fr-FR","@id":"https:\/\/dev6.erresse-shop.it\/fr\/shop\/cuisine\/outils\/zwilling-pro-louche\/#primaryimage","url":"https:\/\/i0.wp.com\/interpim.erresse-shop.it\/img-catalogo\/zwilling\/zwilling-pro-mestolo.png?ssl=1","contentUrl":"https:\/\/i0.wp.com\/interpim.erresse-shop.it\/img-catalogo\/zwilling\/zwilling-pro-mestolo.png?ssl=1"},{"@type":"BreadcrumbList","@id":"https:\/\/dev6.erresse-shop.it\/fr\/shop\/cuisine\/outils\/zwilling-pro-louche\/#breadcrumb","itemListElement":[{"@type":"ListItem","position":1,"name":"Home","item":"https:\/\/dev6.erresse-shop.it\/"},{"@type":"ListItem","position":2,"name":"Boutique","item":"https:\/\/dev6.erresse-shop.it\/shop\/"},{"@type":"ListItem","position":3,"name":"ZWILLING PRO Louche"}]},{"@type":"WebSite","@id":"https:\/\/dev6.erresse-shop.it\/#website","url":"https:\/\/dev6.erresse-shop.it\/","name":"Erresse Shop","description":"","publisher":{"@id":"https:\/\/dev6.erresse-shop.it\/#organization"},"potentialAction":[{"@type":"SearchAction","target":{"@type":"EntryPoint","urlTemplate":"https:\/\/dev6.erresse-shop.it\/?s={search_term_string}"},"query-input":{"@type":"PropertyValueSpecification","valueRequired":true,"valueName":"search_term_string"}}],"inLanguage":"fr-FR"},{"@type":"Organization","@id":"https:\/\/dev6.erresse-shop.it\/#organization","name":"Erresse Shop","url":"https:\/\/dev6.erresse-shop.it\/","logo":{"@type":"ImageObject","inLanguage":"fr-FR","@id":"https:\/\/dev6.erresse-shop.it\/#\/schema\/logo\/image\/","url":"https:\/\/dev6.erresse-shop.it\/wp-content\/uploads\/2025\/01\/LOGO-ERRESSE-CLASSICO.svg","contentUrl":"https:\/\/dev6.erresse-shop.it\/wp-content\/uploads\/2025\/01\/LOGO-ERRESSE-CLASSICO.svg","caption":"Erresse Shop"},"image":{"@id":"https:\/\/dev6.erresse-shop.it\/#\/schema\/logo\/image\/"}}]}},"df_price":19.95,"df_sale_price":"","df_regular_price":19.95,"df_image_link":"https:\/\/i0.wp.com\/interpim.erresse-shop.it\/img-catalogo\/zwilling\/zwilling-pro-mestolo.png?resize=300,300&ssl=1","fifu_image_url":"https:\/\/interpim.erresse-shop.it\/img-catalogo\/zwilling\/zwilling-pro-mestolo.png","_links":{"self":[{"href":"https:\/\/dev6.erresse-shop.it\/fr\/wp-json\/wp\/v2\/product\/64475","targetHints":{"allow":["GET"]}}],"collection":[{"href":"https:\/\/dev6.erresse-shop.it\/fr\/wp-json\/wp\/v2\/product"}],"about":[{"href":"https:\/\/dev6.erresse-shop.it\/fr\/wp-json\/wp\/v2\/types\/product"}],"wp:featuredmedia":[{"embeddable":true,"href":"https:\/\/dev6.erresse-shop.it\/fr\/wp-json\/wp\/v2\/media\/6368777"}],"wp:attachment":[{"href":"https:\/\/dev6.erresse-shop.it\/fr\/wp-json\/wp\/v2\/media?parent=64475"}],"wp:term":[{"taxonomy":"product_cat","embeddable":true,"href":"https:\/\/dev6.erresse-shop.it\/fr\/wp-json\/wp\/v2\/product_cat?post=64475"},{"taxonomy":"product_tag","embeddable":true,"href":"https:\/\/dev6.erresse-shop.it\/fr\/wp-json\/wp\/v2\/product_tag?post=64475"}],"curies":[{"name":"wp","href":"https:\/\/api.w.org\/{rel}","templated":true}]}}