{"id":64473,"date":"2026-04-12T11:23:12","date_gmt":"2026-04-12T09:23:12","guid":{"rendered":"https:\/\/dev6.erresse-shop.it\/shop\/non%20class\u00e9\/zwilling-pro-louche-a-spaghetti\/"},"modified":"2025-09-14T05:41:44","modified_gmt":"2025-09-14T03:41:44","slug":"zwilling-pro-louche-a-spaghetti","status":"publish","type":"product","link":"https:\/\/dev6.erresse-shop.it\/fr\/shop\/cuisine\/outils\/zwilling-pro-louche-a-spaghetti\/","title":{"rendered":"ZWILLING PRO Louche \u00e0 spaghetti"},"content":{"rendered":"<p>La cuill\u00e8re \u00e0 p\u00e2tes de la collection ZWILLING Pro brille non seulement par la finition brillante de l\u2019acier inoxydable qui la compose, mais aussi par sa finition extraordinaire. Le manche est mat et arrondi pour une maniabilit\u00e9 maximale. La boucle int\u00e9gr\u00e9e dans la poign\u00e9e permet de suspendre cet \u00e9l\u00e9gant accessoire de cuisine \u00e0 la barre \u00e0 ustensiles apr\u00e8s utilisation. L\u2019extr\u00e9mit\u00e9 de la cuill\u00e8re est tr\u00e8s spacieuse et vous permet de sortir facilement des spaghettis ou autres p\u00e2tes longues de l\u2019eau bouillante. La cuill\u00e8re \u00e0 p\u00e2tes est bien s\u00fbr aussi tr\u00e8s utile pour servir. Les larges dents garantissent que la p\u00e2te reste fermement coll\u00e9e et ne glisse pas. Particuli\u00e8rement utile est la mesure \u00e0 spaghetti int\u00e9gr\u00e9e \u00e0 la cuill\u00e8re qui permet de portionner les p\u00e2tes avant de les jeter dans l\u2019eau bouillante. Vous n\u2019aurez plus jamais de restes de p\u00e2tes. La ligne d\u00e9corative d\u00e9coup\u00e9e au laser sur la poign\u00e9e est un d\u00e9tail \u00e9l\u00e9gant qui distingue toute la collection Pro. Tous les composants de cet ustensile de cuisine ont \u00e9t\u00e9 cr\u00e9\u00e9s par les designers de renomm\u00e9e mondiale Matteo Thun et Antonio Rodriguez et se distinguent par leur aspect minimaliste caract\u00e9ristique. continuera \u00e0 d\u00e9corer votre cuisine avec go\u00fbt pendant de nombreuses ann\u00e9es.<\/p>\n<p>Design minimaliste de Matteo Thun et Antonio Rodriguez<br \/>\nFabriqu\u00e9 en acier inoxydable de premi\u00e8re qualit\u00e9<br \/>\nPoign\u00e9es ergonomiques pour un travail sans effort, avec transition continue vers la tige qui garantit une hygi\u00e8ne maximale<br \/>\nLave-vaisselle<br \/>\nPour sortir sans effort les spaghettis de la po\u00eale<\/p>\n","protected":false},"excerpt":{"rendered":"<p>La cuill\u00e8re \u00e0 p\u00e2tes de la collection ZWILLING Pro brille non seulement par la finition brillante de l\u2019acier inoxydable qui la compose, mais aussi par sa finition extraordinaire. Le manche est mat et arrondi pour une maniabilit\u00e9 maximale. La boucle int\u00e9gr\u00e9e dans la poign\u00e9e permet de suspendre cet \u00e9l\u00e9gant accessoire de cuisine \u00e0 la barre [&hellip;]<\/p>\n","protected":false},"featured_media":6368776,"template":"","meta":{"_acf_changed":false},"product_cat":[11668,11992,12008],"product_tag":[],"class_list":{"0":"post-64473","1":"product","2":"type-product","3":"status-publish","4":"has-post-thumbnail","6":"product_cat-cucina","7":"product_cat-cuisine","8":"product_cat-outils","10":"first","11":"instock","12":"taxable","13":"shipping-taxable","14":"purchasable","15":"product-type-simple","swatches":"rey-swatches","show_selected":"","stretch_labels":"rey-swatches--stretch-labels"},"acf":[],"yoast_head":"<!-- This site is optimized with the Yoast SEO plugin v25.4 - https:\/\/yoast.com\/wordpress\/plugins\/seo\/ -->\n<title>ZWILLING PRO Louche \u00e0 spaghetti - dev6 Erresse<\/title>\n<meta name=\"description\" content=\"La cuill\u00e8re \u00e0 p\u00e2tes de la collection ZWILLING Pro brille non seulement par la finition brillante de l\u2019acier inoxydable qui la compose, mais aussi par sa\" \/>\n<meta name=\"robots\" content=\"noindex, follow, max-snippet:-1, max-image-preview:large, max-video-preview:-1\" \/>\n<meta property=\"og:locale\" content=\"fr_FR\" \/>\n<meta property=\"og:type\" content=\"article\" \/>\n<meta property=\"og:title\" content=\"ZWILLING PRO Louche \u00e0 spaghetti - dev6 Erresse\" \/>\n<meta property=\"og:description\" content=\"La cuill\u00e8re \u00e0 p\u00e2tes de la collection ZWILLING Pro brille non seulement par la finition brillante de l\u2019acier inoxydable qui la compose, mais aussi par sa\" \/>\n<meta property=\"og:url\" content=\"https:\/\/dev6.erresse-shop.it\/fr\/shop\/cuisine\/outils\/zwilling-pro-louche-a-spaghetti\/\" \/>\n<meta property=\"og:site_name\" content=\"dev6 Erresse\" \/>\n<meta property=\"og:image\" content=\"https:\/\/interpim.erresse-shop.it\/img-catalogo\/zwilling\/zwilling-pro-mestolo-spaghetti.png\" \/><meta property=\"og:image\" content=\"https:\/\/interpim.erresse-shop.it\/img-catalogo\/zwilling\/zwilling-pro-mestolo-spaghetti.png\" \/>\n\t<meta property=\"og:image:width\" content=\"1024\" \/>\n\t<meta property=\"og:image:height\" content=\"1024\" \/>\n\t<meta property=\"og:image:type\" content=\"image\/jpeg\" \/>\n<meta name=\"twitter:card\" content=\"summary_large_image\" \/>\n<meta name=\"twitter:image\" content=\"https:\/\/interpim.erresse-shop.it\/img-catalogo\/zwilling\/zwilling-pro-mestolo-spaghetti.png\" \/>\n<script type=\"application\/ld+json\" class=\"yoast-schema-graph\">{\"@context\":\"https:\/\/schema.org\",\"@graph\":[{\"@type\":\"WebPage\",\"@id\":\"https:\/\/dev6.erresse-shop.it\/fr\/shop\/cuisine\/outils\/zwilling-pro-louche-a-spaghetti\/\",\"url\":\"https:\/\/dev6.erresse-shop.it\/fr\/shop\/cuisine\/outils\/zwilling-pro-louche-a-spaghetti\/\",\"name\":\"ZWILLING PRO Louche \u00e0 spaghetti - dev6 Erresse\",\"isPartOf\":{\"@id\":\"https:\/\/dev6.erresse-shop.it\/#website\"},\"primaryImageOfPage\":{\"@id\":\"https:\/\/dev6.erresse-shop.it\/fr\/shop\/cuisine\/outils\/zwilling-pro-louche-a-spaghetti\/#primaryimage\"},\"image\":{\"@id\":\"https:\/\/dev6.erresse-shop.it\/fr\/shop\/cuisine\/outils\/zwilling-pro-louche-a-spaghetti\/#primaryimage\"},\"thumbnailUrl\":\"https:\/\/i1.wp.com\/interpim.erresse-shop.it\/img-catalogo\/zwilling\/zwilling-pro-mestolo-spaghetti.png?ssl=1\",\"datePublished\":\"2026-04-12T09:23:12+00:00\",\"description\":\"La cuill\u00e8re \u00e0 p\u00e2tes de la collection ZWILLING Pro brille non seulement par la finition brillante de l\u2019acier inoxydable qui la compose, mais aussi par sa\",\"breadcrumb\":{\"@id\":\"https:\/\/dev6.erresse-shop.it\/fr\/shop\/cuisine\/outils\/zwilling-pro-louche-a-spaghetti\/#breadcrumb\"},\"inLanguage\":\"fr-FR\",\"potentialAction\":[{\"@type\":\"ReadAction\",\"target\":[\"https:\/\/dev6.erresse-shop.it\/fr\/shop\/cuisine\/outils\/zwilling-pro-louche-a-spaghetti\/\"]}]},{\"@type\":\"ImageObject\",\"inLanguage\":\"fr-FR\",\"@id\":\"https:\/\/dev6.erresse-shop.it\/fr\/shop\/cuisine\/outils\/zwilling-pro-louche-a-spaghetti\/#primaryimage\",\"url\":\"https:\/\/i1.wp.com\/interpim.erresse-shop.it\/img-catalogo\/zwilling\/zwilling-pro-mestolo-spaghetti.png?ssl=1\",\"contentUrl\":\"https:\/\/i1.wp.com\/interpim.erresse-shop.it\/img-catalogo\/zwilling\/zwilling-pro-mestolo-spaghetti.png?ssl=1\"},{\"@type\":\"BreadcrumbList\",\"@id\":\"https:\/\/dev6.erresse-shop.it\/fr\/shop\/cuisine\/outils\/zwilling-pro-louche-a-spaghetti\/#breadcrumb\",\"itemListElement\":[{\"@type\":\"ListItem\",\"position\":1,\"name\":\"Home\",\"item\":\"https:\/\/dev6.erresse-shop.it\/\"},{\"@type\":\"ListItem\",\"position\":2,\"name\":\"Boutique\",\"item\":\"https:\/\/dev6.erresse-shop.it\/shop\/\"},{\"@type\":\"ListItem\",\"position\":3,\"name\":\"ZWILLING PRO Louche \u00e0 spaghetti\"}]},{\"@type\":\"WebSite\",\"@id\":\"https:\/\/dev6.erresse-shop.it\/#website\",\"url\":\"https:\/\/dev6.erresse-shop.it\/\",\"name\":\"Erresse Shop\",\"description\":\"\",\"publisher\":{\"@id\":\"https:\/\/dev6.erresse-shop.it\/#organization\"},\"potentialAction\":[{\"@type\":\"SearchAction\",\"target\":{\"@type\":\"EntryPoint\",\"urlTemplate\":\"https:\/\/dev6.erresse-shop.it\/?s={search_term_string}\"},\"query-input\":{\"@type\":\"PropertyValueSpecification\",\"valueRequired\":true,\"valueName\":\"search_term_string\"}}],\"inLanguage\":\"fr-FR\"},{\"@type\":\"Organization\",\"@id\":\"https:\/\/dev6.erresse-shop.it\/#organization\",\"name\":\"Erresse Shop\",\"url\":\"https:\/\/dev6.erresse-shop.it\/\",\"logo\":{\"@type\":\"ImageObject\",\"inLanguage\":\"fr-FR\",\"@id\":\"https:\/\/dev6.erresse-shop.it\/#\/schema\/logo\/image\/\",\"url\":\"https:\/\/dev6.erresse-shop.it\/wp-content\/uploads\/2025\/01\/LOGO-ERRESSE-CLASSICO.svg\",\"contentUrl\":\"https:\/\/dev6.erresse-shop.it\/wp-content\/uploads\/2025\/01\/LOGO-ERRESSE-CLASSICO.svg\",\"caption\":\"Erresse Shop\"},\"image\":{\"@id\":\"https:\/\/dev6.erresse-shop.it\/#\/schema\/logo\/image\/\"}}]}<\/script>\n<!-- \/ Yoast SEO plugin. -->","yoast_head_json":{"title":"ZWILLING PRO Louche \u00e0 spaghetti - dev6 Erresse","description":"La cuill\u00e8re \u00e0 p\u00e2tes de la collection ZWILLING Pro brille non seulement par la finition brillante de l\u2019acier inoxydable qui la compose, mais aussi par sa","robots":{"index":"noindex","follow":"follow","max-snippet":"max-snippet:-1","max-image-preview":"max-image-preview:large","max-video-preview":"max-video-preview:-1"},"og_locale":"fr_FR","og_type":"article","og_title":"ZWILLING PRO Louche \u00e0 spaghetti - dev6 Erresse","og_description":"La cuill\u00e8re \u00e0 p\u00e2tes de la collection ZWILLING Pro brille non seulement par la finition brillante de l\u2019acier inoxydable qui la compose, mais aussi par sa","og_url":"https:\/\/dev6.erresse-shop.it\/fr\/shop\/cuisine\/outils\/zwilling-pro-louche-a-spaghetti\/","og_site_name":"dev6 Erresse","og_image":[{"url":"https:\/\/interpim.erresse-shop.it\/img-catalogo\/zwilling\/zwilling-pro-mestolo-spaghetti.png","type":"","width":"","height":""},{"url":"https:\/\/interpim.erresse-shop.it\/img-catalogo\/zwilling\/zwilling-pro-mestolo-spaghetti.png","width":1024,"height":1024,"type":"image\/jpeg"}],"twitter_card":"summary_large_image","twitter_image":"https:\/\/interpim.erresse-shop.it\/img-catalogo\/zwilling\/zwilling-pro-mestolo-spaghetti.png","schema":{"@context":"https:\/\/schema.org","@graph":[{"@type":"WebPage","@id":"https:\/\/dev6.erresse-shop.it\/fr\/shop\/cuisine\/outils\/zwilling-pro-louche-a-spaghetti\/","url":"https:\/\/dev6.erresse-shop.it\/fr\/shop\/cuisine\/outils\/zwilling-pro-louche-a-spaghetti\/","name":"ZWILLING PRO Louche \u00e0 spaghetti - dev6 Erresse","isPartOf":{"@id":"https:\/\/dev6.erresse-shop.it\/#website"},"primaryImageOfPage":{"@id":"https:\/\/dev6.erresse-shop.it\/fr\/shop\/cuisine\/outils\/zwilling-pro-louche-a-spaghetti\/#primaryimage"},"image":{"@id":"https:\/\/dev6.erresse-shop.it\/fr\/shop\/cuisine\/outils\/zwilling-pro-louche-a-spaghetti\/#primaryimage"},"thumbnailUrl":"https:\/\/i1.wp.com\/interpim.erresse-shop.it\/img-catalogo\/zwilling\/zwilling-pro-mestolo-spaghetti.png?ssl=1","datePublished":"2026-04-12T09:23:12+00:00","description":"La cuill\u00e8re \u00e0 p\u00e2tes de la collection ZWILLING Pro brille non seulement par la finition brillante de l\u2019acier inoxydable qui la compose, mais aussi par sa","breadcrumb":{"@id":"https:\/\/dev6.erresse-shop.it\/fr\/shop\/cuisine\/outils\/zwilling-pro-louche-a-spaghetti\/#breadcrumb"},"inLanguage":"fr-FR","potentialAction":[{"@type":"ReadAction","target":["https:\/\/dev6.erresse-shop.it\/fr\/shop\/cuisine\/outils\/zwilling-pro-louche-a-spaghetti\/"]}]},{"@type":"ImageObject","inLanguage":"fr-FR","@id":"https:\/\/dev6.erresse-shop.it\/fr\/shop\/cuisine\/outils\/zwilling-pro-louche-a-spaghetti\/#primaryimage","url":"https:\/\/i1.wp.com\/interpim.erresse-shop.it\/img-catalogo\/zwilling\/zwilling-pro-mestolo-spaghetti.png?ssl=1","contentUrl":"https:\/\/i1.wp.com\/interpim.erresse-shop.it\/img-catalogo\/zwilling\/zwilling-pro-mestolo-spaghetti.png?ssl=1"},{"@type":"BreadcrumbList","@id":"https:\/\/dev6.erresse-shop.it\/fr\/shop\/cuisine\/outils\/zwilling-pro-louche-a-spaghetti\/#breadcrumb","itemListElement":[{"@type":"ListItem","position":1,"name":"Home","item":"https:\/\/dev6.erresse-shop.it\/"},{"@type":"ListItem","position":2,"name":"Boutique","item":"https:\/\/dev6.erresse-shop.it\/shop\/"},{"@type":"ListItem","position":3,"name":"ZWILLING PRO Louche \u00e0 spaghetti"}]},{"@type":"WebSite","@id":"https:\/\/dev6.erresse-shop.it\/#website","url":"https:\/\/dev6.erresse-shop.it\/","name":"Erresse Shop","description":"","publisher":{"@id":"https:\/\/dev6.erresse-shop.it\/#organization"},"potentialAction":[{"@type":"SearchAction","target":{"@type":"EntryPoint","urlTemplate":"https:\/\/dev6.erresse-shop.it\/?s={search_term_string}"},"query-input":{"@type":"PropertyValueSpecification","valueRequired":true,"valueName":"search_term_string"}}],"inLanguage":"fr-FR"},{"@type":"Organization","@id":"https:\/\/dev6.erresse-shop.it\/#organization","name":"Erresse Shop","url":"https:\/\/dev6.erresse-shop.it\/","logo":{"@type":"ImageObject","inLanguage":"fr-FR","@id":"https:\/\/dev6.erresse-shop.it\/#\/schema\/logo\/image\/","url":"https:\/\/dev6.erresse-shop.it\/wp-content\/uploads\/2025\/01\/LOGO-ERRESSE-CLASSICO.svg","contentUrl":"https:\/\/dev6.erresse-shop.it\/wp-content\/uploads\/2025\/01\/LOGO-ERRESSE-CLASSICO.svg","caption":"Erresse Shop"},"image":{"@id":"https:\/\/dev6.erresse-shop.it\/#\/schema\/logo\/image\/"}}]}},"df_price":24.95,"df_sale_price":"","df_regular_price":24.95,"df_image_link":"https:\/\/i1.wp.com\/interpim.erresse-shop.it\/img-catalogo\/zwilling\/zwilling-pro-mestolo-spaghetti.png?resize=300,300&ssl=1","fifu_image_url":"https:\/\/interpim.erresse-shop.it\/img-catalogo\/zwilling\/zwilling-pro-mestolo-spaghetti.png","_links":{"self":[{"href":"https:\/\/dev6.erresse-shop.it\/fr\/wp-json\/wp\/v2\/product\/64473","targetHints":{"allow":["GET"]}}],"collection":[{"href":"https:\/\/dev6.erresse-shop.it\/fr\/wp-json\/wp\/v2\/product"}],"about":[{"href":"https:\/\/dev6.erresse-shop.it\/fr\/wp-json\/wp\/v2\/types\/product"}],"wp:featuredmedia":[{"embeddable":true,"href":"https:\/\/dev6.erresse-shop.it\/fr\/wp-json\/wp\/v2\/media\/6368776"}],"wp:attachment":[{"href":"https:\/\/dev6.erresse-shop.it\/fr\/wp-json\/wp\/v2\/media?parent=64473"}],"wp:term":[{"taxonomy":"product_cat","embeddable":true,"href":"https:\/\/dev6.erresse-shop.it\/fr\/wp-json\/wp\/v2\/product_cat?post=64473"},{"taxonomy":"product_tag","embeddable":true,"href":"https:\/\/dev6.erresse-shop.it\/fr\/wp-json\/wp\/v2\/product_tag?post=64473"}],"curies":[{"name":"wp","href":"https:\/\/api.w.org\/{rel}","templated":true}]}}