{"id":64467,"date":"2026-04-04T11:20:29","date_gmt":"2026-04-04T09:20:29","guid":{"rendered":"https:\/\/dev6.erresse-shop.it\/shop\/non%20class\u00e9\/zwilling-pro-cuillere-a-lasagne\/"},"modified":"2025-09-14T05:41:33","modified_gmt":"2025-09-14T03:41:33","slug":"zwilling-pro-cuillere-a-lasagne","status":"publish","type":"product","link":"https:\/\/dev6.erresse-shop.it\/fr\/shop\/cuisine\/outils\/zwilling-pro-cuillere-a-lasagne\/","title":{"rendered":"ZWILLING PRO Cuill\u00e8re \u00e0 lasagne"},"content":{"rendered":"<p>Que vous serviez de d\u00e9licieuses lasagnes, un rago\u00fbt savoureux ou un beignet moelleux \u2026 profitez-en ! Nous vous recommandons un accessoire de cuisine qui double votre plaisir : la pelle \u00e0 lasagnes de la collection ZWILLING Pro. Elle est fabriqu\u00e9e en acier inoxydable de haute qualit\u00e9 et est particuli\u00e8rement robuste. Vous pouvez utiliser le c\u00f4t\u00e9 tranchant pour portionner les lasagnes. Gr\u00e2ce au bord dentel\u00e9, c\u2019est \u00e9tonnamment facile. Les bords biseaut\u00e9s permettent \u00e0 la pelle \u00e0 lasagnes de se glisser facilement sous les portions et de les soulever ais\u00e9ment. La conception sp\u00e9ciale de cette pelle comprend une partie arri\u00e8re plus longue que la normale, ce qui la rend plus facile \u00e0 manipuler, m\u00eame avec des plaques de cuisson particuli\u00e8rement profondes. Cette forme emp\u00eache \u00e9galement les portions de tomber de la pelle. La poign\u00e9e ergonomique, facile \u00e0 manipuler, permet \u00e9galement un meilleur contr\u00f4le. Apr\u00e8s utilisation, il suffit de la laver au lave-vaisselle avant de la suspendre sur le porte-ustensiles. Le design minimaliste de Matteo Thun et Antonio Rodriguez est sans aucun doute le point fort de cette collection que vous ne pouvez absolument pas cacher dans un tiroir.<\/p>\n<p>Design minimaliste de Matteo Thun et Antonio Rodriguez<br \/>\nFabriqu\u00e9 en acier inoxydable de haute qualit\u00e9<br \/>\nConception ergonomique avec des lignes continues pour garantir une hygi\u00e8ne maximale et une fatigue minimale lors de l\u2019utilisation<br \/>\nLavable au lave-vaisselle<\/p>\n","protected":false},"excerpt":{"rendered":"<p>Que vous serviez de d\u00e9licieuses lasagnes, un rago\u00fbt savoureux ou un beignet moelleux \u2026 profitez-en ! Nous vous recommandons un accessoire de cuisine qui double votre plaisir : la pelle \u00e0 lasagnes de la collection ZWILLING Pro. Elle est fabriqu\u00e9e en acier inoxydable de haute qualit\u00e9 et est particuli\u00e8rement robuste. Vous pouvez utiliser le c\u00f4t\u00e9 [&hellip;]<\/p>\n","protected":false},"featured_media":6285506,"template":"","meta":{"_acf_changed":false},"product_cat":[11668,11992,12008],"product_tag":[],"class_list":{"0":"post-64467","1":"product","2":"type-product","3":"status-publish","4":"has-post-thumbnail","6":"product_cat-cucina","7":"product_cat-cuisine","8":"product_cat-outils","10":"first","11":"instock","12":"taxable","13":"shipping-taxable","14":"purchasable","15":"product-type-simple","swatches":"rey-swatches","show_selected":"","stretch_labels":"rey-swatches--stretch-labels"},"acf":[],"yoast_head":"<!-- This site is optimized with the Yoast SEO plugin v25.4 - https:\/\/yoast.com\/wordpress\/plugins\/seo\/ -->\n<title>ZWILLING PRO Cuill\u00e8re \u00e0 lasagne - dev6 Erresse<\/title>\n<meta name=\"description\" content=\"Que vous serviez de d\u00e9licieuses lasagnes, un rago\u00fbt savoureux ou un beignet moelleux \u2026 profitez-en ! Nous vous recommandons un accessoire de cuisine qui\" \/>\n<meta name=\"robots\" content=\"noindex, follow, max-snippet:-1, max-image-preview:large, max-video-preview:-1\" \/>\n<meta property=\"og:locale\" content=\"fr_FR\" \/>\n<meta property=\"og:type\" content=\"article\" \/>\n<meta property=\"og:title\" content=\"ZWILLING PRO Cuill\u00e8re \u00e0 lasagne - dev6 Erresse\" \/>\n<meta property=\"og:description\" content=\"Que vous serviez de d\u00e9licieuses lasagnes, un rago\u00fbt savoureux ou un beignet moelleux \u2026 profitez-en ! Nous vous recommandons un accessoire de cuisine qui\" \/>\n<meta property=\"og:url\" content=\"https:\/\/dev6.erresse-shop.it\/fr\/shop\/cuisine\/outils\/zwilling-pro-cuillere-a-lasagne\/\" \/>\n<meta property=\"og:site_name\" content=\"dev6 Erresse\" \/>\n<meta property=\"og:image\" content=\"https:\/\/interpim.erresse-shop.it\/img-catalogo\/zwilling\/zwilling-pro-paletta-lasagne.png\" \/><meta property=\"og:image\" content=\"https:\/\/interpim.erresse-shop.it\/img-catalogo\/zwilling\/zwilling-pro-paletta-lasagne.png\" \/>\n\t<meta property=\"og:image:width\" content=\"1024\" \/>\n\t<meta property=\"og:image:height\" content=\"1024\" \/>\n\t<meta property=\"og:image:type\" content=\"image\/jpeg\" \/>\n<meta name=\"twitter:card\" content=\"summary_large_image\" \/>\n<meta name=\"twitter:image\" content=\"https:\/\/interpim.erresse-shop.it\/img-catalogo\/zwilling\/zwilling-pro-paletta-lasagne.png\" \/>\n<script type=\"application\/ld+json\" class=\"yoast-schema-graph\">{\"@context\":\"https:\/\/schema.org\",\"@graph\":[{\"@type\":\"WebPage\",\"@id\":\"https:\/\/dev6.erresse-shop.it\/fr\/shop\/cuisine\/outils\/zwilling-pro-cuillere-a-lasagne\/\",\"url\":\"https:\/\/dev6.erresse-shop.it\/fr\/shop\/cuisine\/outils\/zwilling-pro-cuillere-a-lasagne\/\",\"name\":\"ZWILLING PRO Cuill\u00e8re \u00e0 lasagne - dev6 Erresse\",\"isPartOf\":{\"@id\":\"https:\/\/dev6.erresse-shop.it\/#website\"},\"primaryImageOfPage\":{\"@id\":\"https:\/\/dev6.erresse-shop.it\/fr\/shop\/cuisine\/outils\/zwilling-pro-cuillere-a-lasagne\/#primaryimage\"},\"image\":{\"@id\":\"https:\/\/dev6.erresse-shop.it\/fr\/shop\/cuisine\/outils\/zwilling-pro-cuillere-a-lasagne\/#primaryimage\"},\"thumbnailUrl\":\"https:\/\/i3.wp.com\/interpim.erresse-shop.it\/img-catalogo\/zwilling\/zwilling-pro-paletta-lasagne.png?ssl=1\",\"datePublished\":\"2026-04-04T09:20:29+00:00\",\"description\":\"Que vous serviez de d\u00e9licieuses lasagnes, un rago\u00fbt savoureux ou un beignet moelleux \u2026 profitez-en ! Nous vous recommandons un accessoire de cuisine qui\",\"breadcrumb\":{\"@id\":\"https:\/\/dev6.erresse-shop.it\/fr\/shop\/cuisine\/outils\/zwilling-pro-cuillere-a-lasagne\/#breadcrumb\"},\"inLanguage\":\"fr-FR\",\"potentialAction\":[{\"@type\":\"ReadAction\",\"target\":[\"https:\/\/dev6.erresse-shop.it\/fr\/shop\/cuisine\/outils\/zwilling-pro-cuillere-a-lasagne\/\"]}]},{\"@type\":\"ImageObject\",\"inLanguage\":\"fr-FR\",\"@id\":\"https:\/\/dev6.erresse-shop.it\/fr\/shop\/cuisine\/outils\/zwilling-pro-cuillere-a-lasagne\/#primaryimage\",\"url\":\"https:\/\/i3.wp.com\/interpim.erresse-shop.it\/img-catalogo\/zwilling\/zwilling-pro-paletta-lasagne.png?ssl=1\",\"contentUrl\":\"https:\/\/i3.wp.com\/interpim.erresse-shop.it\/img-catalogo\/zwilling\/zwilling-pro-paletta-lasagne.png?ssl=1\"},{\"@type\":\"BreadcrumbList\",\"@id\":\"https:\/\/dev6.erresse-shop.it\/fr\/shop\/cuisine\/outils\/zwilling-pro-cuillere-a-lasagne\/#breadcrumb\",\"itemListElement\":[{\"@type\":\"ListItem\",\"position\":1,\"name\":\"Home\",\"item\":\"https:\/\/dev6.erresse-shop.it\/\"},{\"@type\":\"ListItem\",\"position\":2,\"name\":\"Boutique\",\"item\":\"https:\/\/dev6.erresse-shop.it\/shop\/\"},{\"@type\":\"ListItem\",\"position\":3,\"name\":\"ZWILLING PRO Cuill\u00e8re \u00e0 lasagne\"}]},{\"@type\":\"WebSite\",\"@id\":\"https:\/\/dev6.erresse-shop.it\/#website\",\"url\":\"https:\/\/dev6.erresse-shop.it\/\",\"name\":\"Erresse Shop\",\"description\":\"\",\"publisher\":{\"@id\":\"https:\/\/dev6.erresse-shop.it\/#organization\"},\"potentialAction\":[{\"@type\":\"SearchAction\",\"target\":{\"@type\":\"EntryPoint\",\"urlTemplate\":\"https:\/\/dev6.erresse-shop.it\/?s={search_term_string}\"},\"query-input\":{\"@type\":\"PropertyValueSpecification\",\"valueRequired\":true,\"valueName\":\"search_term_string\"}}],\"inLanguage\":\"fr-FR\"},{\"@type\":\"Organization\",\"@id\":\"https:\/\/dev6.erresse-shop.it\/#organization\",\"name\":\"Erresse Shop\",\"url\":\"https:\/\/dev6.erresse-shop.it\/\",\"logo\":{\"@type\":\"ImageObject\",\"inLanguage\":\"fr-FR\",\"@id\":\"https:\/\/dev6.erresse-shop.it\/#\/schema\/logo\/image\/\",\"url\":\"https:\/\/dev6.erresse-shop.it\/wp-content\/uploads\/2025\/01\/LOGO-ERRESSE-CLASSICO.svg\",\"contentUrl\":\"https:\/\/dev6.erresse-shop.it\/wp-content\/uploads\/2025\/01\/LOGO-ERRESSE-CLASSICO.svg\",\"caption\":\"Erresse Shop\"},\"image\":{\"@id\":\"https:\/\/dev6.erresse-shop.it\/#\/schema\/logo\/image\/\"}}]}<\/script>\n<!-- \/ Yoast SEO plugin. -->","yoast_head_json":{"title":"ZWILLING PRO Cuill\u00e8re \u00e0 lasagne - dev6 Erresse","description":"Que vous serviez de d\u00e9licieuses lasagnes, un rago\u00fbt savoureux ou un beignet moelleux \u2026 profitez-en ! Nous vous recommandons un accessoire de cuisine qui","robots":{"index":"noindex","follow":"follow","max-snippet":"max-snippet:-1","max-image-preview":"max-image-preview:large","max-video-preview":"max-video-preview:-1"},"og_locale":"fr_FR","og_type":"article","og_title":"ZWILLING PRO Cuill\u00e8re \u00e0 lasagne - dev6 Erresse","og_description":"Que vous serviez de d\u00e9licieuses lasagnes, un rago\u00fbt savoureux ou un beignet moelleux \u2026 profitez-en ! Nous vous recommandons un accessoire de cuisine qui","og_url":"https:\/\/dev6.erresse-shop.it\/fr\/shop\/cuisine\/outils\/zwilling-pro-cuillere-a-lasagne\/","og_site_name":"dev6 Erresse","og_image":[{"url":"https:\/\/interpim.erresse-shop.it\/img-catalogo\/zwilling\/zwilling-pro-paletta-lasagne.png","type":"","width":"","height":""},{"url":"https:\/\/interpim.erresse-shop.it\/img-catalogo\/zwilling\/zwilling-pro-paletta-lasagne.png","width":1024,"height":1024,"type":"image\/jpeg"}],"twitter_card":"summary_large_image","twitter_image":"https:\/\/interpim.erresse-shop.it\/img-catalogo\/zwilling\/zwilling-pro-paletta-lasagne.png","schema":{"@context":"https:\/\/schema.org","@graph":[{"@type":"WebPage","@id":"https:\/\/dev6.erresse-shop.it\/fr\/shop\/cuisine\/outils\/zwilling-pro-cuillere-a-lasagne\/","url":"https:\/\/dev6.erresse-shop.it\/fr\/shop\/cuisine\/outils\/zwilling-pro-cuillere-a-lasagne\/","name":"ZWILLING PRO Cuill\u00e8re \u00e0 lasagne - dev6 Erresse","isPartOf":{"@id":"https:\/\/dev6.erresse-shop.it\/#website"},"primaryImageOfPage":{"@id":"https:\/\/dev6.erresse-shop.it\/fr\/shop\/cuisine\/outils\/zwilling-pro-cuillere-a-lasagne\/#primaryimage"},"image":{"@id":"https:\/\/dev6.erresse-shop.it\/fr\/shop\/cuisine\/outils\/zwilling-pro-cuillere-a-lasagne\/#primaryimage"},"thumbnailUrl":"https:\/\/i3.wp.com\/interpim.erresse-shop.it\/img-catalogo\/zwilling\/zwilling-pro-paletta-lasagne.png?ssl=1","datePublished":"2026-04-04T09:20:29+00:00","description":"Que vous serviez de d\u00e9licieuses lasagnes, un rago\u00fbt savoureux ou un beignet moelleux \u2026 profitez-en ! Nous vous recommandons un accessoire de cuisine qui","breadcrumb":{"@id":"https:\/\/dev6.erresse-shop.it\/fr\/shop\/cuisine\/outils\/zwilling-pro-cuillere-a-lasagne\/#breadcrumb"},"inLanguage":"fr-FR","potentialAction":[{"@type":"ReadAction","target":["https:\/\/dev6.erresse-shop.it\/fr\/shop\/cuisine\/outils\/zwilling-pro-cuillere-a-lasagne\/"]}]},{"@type":"ImageObject","inLanguage":"fr-FR","@id":"https:\/\/dev6.erresse-shop.it\/fr\/shop\/cuisine\/outils\/zwilling-pro-cuillere-a-lasagne\/#primaryimage","url":"https:\/\/i3.wp.com\/interpim.erresse-shop.it\/img-catalogo\/zwilling\/zwilling-pro-paletta-lasagne.png?ssl=1","contentUrl":"https:\/\/i3.wp.com\/interpim.erresse-shop.it\/img-catalogo\/zwilling\/zwilling-pro-paletta-lasagne.png?ssl=1"},{"@type":"BreadcrumbList","@id":"https:\/\/dev6.erresse-shop.it\/fr\/shop\/cuisine\/outils\/zwilling-pro-cuillere-a-lasagne\/#breadcrumb","itemListElement":[{"@type":"ListItem","position":1,"name":"Home","item":"https:\/\/dev6.erresse-shop.it\/"},{"@type":"ListItem","position":2,"name":"Boutique","item":"https:\/\/dev6.erresse-shop.it\/shop\/"},{"@type":"ListItem","position":3,"name":"ZWILLING PRO Cuill\u00e8re \u00e0 lasagne"}]},{"@type":"WebSite","@id":"https:\/\/dev6.erresse-shop.it\/#website","url":"https:\/\/dev6.erresse-shop.it\/","name":"Erresse Shop","description":"","publisher":{"@id":"https:\/\/dev6.erresse-shop.it\/#organization"},"potentialAction":[{"@type":"SearchAction","target":{"@type":"EntryPoint","urlTemplate":"https:\/\/dev6.erresse-shop.it\/?s={search_term_string}"},"query-input":{"@type":"PropertyValueSpecification","valueRequired":true,"valueName":"search_term_string"}}],"inLanguage":"fr-FR"},{"@type":"Organization","@id":"https:\/\/dev6.erresse-shop.it\/#organization","name":"Erresse Shop","url":"https:\/\/dev6.erresse-shop.it\/","logo":{"@type":"ImageObject","inLanguage":"fr-FR","@id":"https:\/\/dev6.erresse-shop.it\/#\/schema\/logo\/image\/","url":"https:\/\/dev6.erresse-shop.it\/wp-content\/uploads\/2025\/01\/LOGO-ERRESSE-CLASSICO.svg","contentUrl":"https:\/\/dev6.erresse-shop.it\/wp-content\/uploads\/2025\/01\/LOGO-ERRESSE-CLASSICO.svg","caption":"Erresse Shop"},"image":{"@id":"https:\/\/dev6.erresse-shop.it\/#\/schema\/logo\/image\/"}}]}},"df_price":26.95,"df_sale_price":"","df_regular_price":26.95,"df_image_link":"https:\/\/i3.wp.com\/interpim.erresse-shop.it\/img-catalogo\/zwilling\/zwilling-pro-paletta-lasagne.png?resize=300,300&ssl=1","fifu_image_url":"https:\/\/interpim.erresse-shop.it\/img-catalogo\/zwilling\/zwilling-pro-paletta-lasagne.png","_links":{"self":[{"href":"https:\/\/dev6.erresse-shop.it\/fr\/wp-json\/wp\/v2\/product\/64467","targetHints":{"allow":["GET"]}}],"collection":[{"href":"https:\/\/dev6.erresse-shop.it\/fr\/wp-json\/wp\/v2\/product"}],"about":[{"href":"https:\/\/dev6.erresse-shop.it\/fr\/wp-json\/wp\/v2\/types\/product"}],"wp:featuredmedia":[{"embeddable":true,"href":"https:\/\/dev6.erresse-shop.it\/fr\/wp-json\/wp\/v2\/media\/6285506"}],"wp:attachment":[{"href":"https:\/\/dev6.erresse-shop.it\/fr\/wp-json\/wp\/v2\/media?parent=64467"}],"wp:term":[{"taxonomy":"product_cat","embeddable":true,"href":"https:\/\/dev6.erresse-shop.it\/fr\/wp-json\/wp\/v2\/product_cat?post=64467"},{"taxonomy":"product_tag","embeddable":true,"href":"https:\/\/dev6.erresse-shop.it\/fr\/wp-json\/wp\/v2\/product_tag?post=64467"}],"curies":[{"name":"wp","href":"https:\/\/api.w.org\/{rel}","templated":true}]}}