{"id":64465,"date":"2026-04-12T11:23:12","date_gmt":"2026-04-12T09:23:12","guid":{"rendered":"https:\/\/dev6.erresse-shop.it\/shop\/non%20class\u00e9\/zwilling-pro-trancheur-de-fromage-dentele\/"},"modified":"2025-09-14T05:41:29","modified_gmt":"2025-09-14T03:41:29","slug":"zwilling-pro-trancheur-de-fromage-dentele","status":"publish","type":"product","link":"https:\/\/dev6.erresse-shop.it\/fr\/shop\/cuisine\/outils\/zwilling-pro-trancheur-de-fromage-dentele\/","title":{"rendered":"ZWILLING PRO Trancheur de fromage dentel\u00e9"},"content":{"rendered":"<p>Vous avez un faible pour le fromage ? Nous aussi. C\u2019est pourquoi nous avons collabor\u00e9 avec les designers Matteo Thun et Antonio Rodriguez pour mettre au point une trancheuse \u00e0 fromage dot\u00e9e d\u2019une lame dentel\u00e9e sp\u00e9cialement con\u00e7ue pour les fromages \u00e0 p\u00e2te dure. Cette trancheuse \u00e0 fromage se distingue par sa solidit\u00e9 en acier inoxydable et son excellente finition. Tous les \u00e9l\u00e9ments fonctionnels sont solidement fix\u00e9s pour cr\u00e9er un objet extr\u00eamement robuste et durable. L\u2019acier \u00e9tant partiellement opaque, le r\u00e9sultat final est un contraste int\u00e9ressant entre les surfaces brillantes et opaques. La trancheuse \u00e0 fromage a \u00e9galement fi\u00e8re allure lorsqu\u2019elle est suspendue \u00e0 la barre \u00e0 outils. L\u2019anneau int\u00e9gr\u00e9 dans le manche a la taille id\u00e9ale pour s\u2019adapter facilement \u00e0 tous les types de crochets de cuisine. Le manche est parfaitement maniable gr\u00e2ce \u00e0 sa conception ergonomique. Elle est donc encore plus facile \u00e0 utiliser. Les trancheurs de fromage \u00e0 lame dentel\u00e9e sont extraordinairement tranchants et permettent de couper les fromages \u00e0 p\u00e2te dure avec une facilit\u00e9 d\u00e9concertante. Une fois utilis\u00e9es, elles peuvent \u00eatre lav\u00e9es au lave-vaisselle.<\/p>\n<p>Design minimaliste de Matteo Thun et Antonio Rodriguez<br \/>\nFabriqu\u00e9 en acier inoxydable de haute qualit\u00e9<br \/>\nPoign\u00e9es ergonomiques pour un travail sans fatigue, avec transition continue vers le manche pour une hygi\u00e8ne maximale<br \/>\nLame dentel\u00e9e pour couper les fromages \u00e0 p\u00e2te dure<br \/>\nTous les \u00e9l\u00e9ments fonctionnels sont solidement fix\u00e9s au manche Lavable au lave-vaisselle<\/p>\n","protected":false},"excerpt":{"rendered":"<p>Vous avez un faible pour le fromage ? Nous aussi. C\u2019est pourquoi nous avons collabor\u00e9 avec les designers Matteo Thun et Antonio Rodriguez pour mettre au point une trancheuse \u00e0 fromage dot\u00e9e d\u2019une lame dentel\u00e9e sp\u00e9cialement con\u00e7ue pour les fromages \u00e0 p\u00e2te dure. Cette trancheuse \u00e0 fromage se distingue par sa solidit\u00e9 en acier inoxydable [&hellip;]<\/p>\n","protected":false},"featured_media":6368772,"template":"","meta":{"_acf_changed":false},"product_cat":[11668,11992,12008],"product_tag":[],"class_list":{"0":"post-64465","1":"product","2":"type-product","3":"status-publish","4":"has-post-thumbnail","6":"product_cat-cucina","7":"product_cat-cuisine","8":"product_cat-outils","10":"first","11":"instock","12":"taxable","13":"shipping-taxable","14":"purchasable","15":"product-type-simple","swatches":"rey-swatches","show_selected":"","stretch_labels":"rey-swatches--stretch-labels"},"acf":[],"yoast_head":"<!-- This site is optimized with the Yoast SEO plugin v25.4 - https:\/\/yoast.com\/wordpress\/plugins\/seo\/ -->\n<title>ZWILLING PRO Trancheur de fromage dentel\u00e9 - dev6 Erresse<\/title>\n<meta name=\"description\" content=\"Vous avez un faible pour le fromage ? Nous aussi. C\u2019est pourquoi nous avons collabor\u00e9 avec les designers Matteo Thun et Antonio Rodriguez pour mettre au\" \/>\n<meta name=\"robots\" content=\"noindex, follow, max-snippet:-1, max-image-preview:large, max-video-preview:-1\" \/>\n<meta property=\"og:locale\" content=\"fr_FR\" \/>\n<meta property=\"og:type\" content=\"article\" \/>\n<meta property=\"og:title\" content=\"ZWILLING PRO Trancheur de fromage dentel\u00e9 - dev6 Erresse\" \/>\n<meta property=\"og:description\" content=\"Vous avez un faible pour le fromage ? Nous aussi. C\u2019est pourquoi nous avons collabor\u00e9 avec les designers Matteo Thun et Antonio Rodriguez pour mettre au\" \/>\n<meta property=\"og:url\" content=\"https:\/\/dev6.erresse-shop.it\/fr\/shop\/cuisine\/outils\/zwilling-pro-trancheur-de-fromage-dentele\/\" \/>\n<meta property=\"og:site_name\" content=\"dev6 Erresse\" \/>\n<meta property=\"og:image\" content=\"https:\/\/interpim.erresse-shop.it\/img-catalogo\/zwilling\/zwilling-pro-affetta-formaggio-seghettato.png\" \/><meta property=\"og:image\" content=\"https:\/\/interpim.erresse-shop.it\/img-catalogo\/zwilling\/zwilling-pro-affetta-formaggio-seghettato.png\" \/>\n\t<meta property=\"og:image:width\" content=\"1024\" \/>\n\t<meta property=\"og:image:height\" content=\"1024\" \/>\n\t<meta property=\"og:image:type\" content=\"image\/jpeg\" \/>\n<meta name=\"twitter:card\" content=\"summary_large_image\" \/>\n<meta name=\"twitter:image\" content=\"https:\/\/interpim.erresse-shop.it\/img-catalogo\/zwilling\/zwilling-pro-affetta-formaggio-seghettato.png\" \/>\n<script type=\"application\/ld+json\" class=\"yoast-schema-graph\">{\"@context\":\"https:\/\/schema.org\",\"@graph\":[{\"@type\":\"WebPage\",\"@id\":\"https:\/\/dev6.erresse-shop.it\/fr\/shop\/cuisine\/outils\/zwilling-pro-trancheur-de-fromage-dentele\/\",\"url\":\"https:\/\/dev6.erresse-shop.it\/fr\/shop\/cuisine\/outils\/zwilling-pro-trancheur-de-fromage-dentele\/\",\"name\":\"ZWILLING PRO Trancheur de fromage dentel\u00e9 - dev6 Erresse\",\"isPartOf\":{\"@id\":\"https:\/\/dev6.erresse-shop.it\/#website\"},\"primaryImageOfPage\":{\"@id\":\"https:\/\/dev6.erresse-shop.it\/fr\/shop\/cuisine\/outils\/zwilling-pro-trancheur-de-fromage-dentele\/#primaryimage\"},\"image\":{\"@id\":\"https:\/\/dev6.erresse-shop.it\/fr\/shop\/cuisine\/outils\/zwilling-pro-trancheur-de-fromage-dentele\/#primaryimage\"},\"thumbnailUrl\":\"https:\/\/i1.wp.com\/interpim.erresse-shop.it\/img-catalogo\/zwilling\/zwilling-pro-affetta-formaggio-seghettato.png?ssl=1\",\"datePublished\":\"2026-04-12T09:23:12+00:00\",\"description\":\"Vous avez un faible pour le fromage ? Nous aussi. C\u2019est pourquoi nous avons collabor\u00e9 avec les designers Matteo Thun et Antonio Rodriguez pour mettre au\",\"breadcrumb\":{\"@id\":\"https:\/\/dev6.erresse-shop.it\/fr\/shop\/cuisine\/outils\/zwilling-pro-trancheur-de-fromage-dentele\/#breadcrumb\"},\"inLanguage\":\"fr-FR\",\"potentialAction\":[{\"@type\":\"ReadAction\",\"target\":[\"https:\/\/dev6.erresse-shop.it\/fr\/shop\/cuisine\/outils\/zwilling-pro-trancheur-de-fromage-dentele\/\"]}]},{\"@type\":\"ImageObject\",\"inLanguage\":\"fr-FR\",\"@id\":\"https:\/\/dev6.erresse-shop.it\/fr\/shop\/cuisine\/outils\/zwilling-pro-trancheur-de-fromage-dentele\/#primaryimage\",\"url\":\"https:\/\/i1.wp.com\/interpim.erresse-shop.it\/img-catalogo\/zwilling\/zwilling-pro-affetta-formaggio-seghettato.png?ssl=1\",\"contentUrl\":\"https:\/\/i1.wp.com\/interpim.erresse-shop.it\/img-catalogo\/zwilling\/zwilling-pro-affetta-formaggio-seghettato.png?ssl=1\"},{\"@type\":\"BreadcrumbList\",\"@id\":\"https:\/\/dev6.erresse-shop.it\/fr\/shop\/cuisine\/outils\/zwilling-pro-trancheur-de-fromage-dentele\/#breadcrumb\",\"itemListElement\":[{\"@type\":\"ListItem\",\"position\":1,\"name\":\"Home\",\"item\":\"https:\/\/dev6.erresse-shop.it\/\"},{\"@type\":\"ListItem\",\"position\":2,\"name\":\"Boutique\",\"item\":\"https:\/\/dev6.erresse-shop.it\/shop\/\"},{\"@type\":\"ListItem\",\"position\":3,\"name\":\"ZWILLING PRO Trancheur de fromage dentel\u00e9\"}]},{\"@type\":\"WebSite\",\"@id\":\"https:\/\/dev6.erresse-shop.it\/#website\",\"url\":\"https:\/\/dev6.erresse-shop.it\/\",\"name\":\"Erresse Shop\",\"description\":\"\",\"publisher\":{\"@id\":\"https:\/\/dev6.erresse-shop.it\/#organization\"},\"potentialAction\":[{\"@type\":\"SearchAction\",\"target\":{\"@type\":\"EntryPoint\",\"urlTemplate\":\"https:\/\/dev6.erresse-shop.it\/?s={search_term_string}\"},\"query-input\":{\"@type\":\"PropertyValueSpecification\",\"valueRequired\":true,\"valueName\":\"search_term_string\"}}],\"inLanguage\":\"fr-FR\"},{\"@type\":\"Organization\",\"@id\":\"https:\/\/dev6.erresse-shop.it\/#organization\",\"name\":\"Erresse Shop\",\"url\":\"https:\/\/dev6.erresse-shop.it\/\",\"logo\":{\"@type\":\"ImageObject\",\"inLanguage\":\"fr-FR\",\"@id\":\"https:\/\/dev6.erresse-shop.it\/#\/schema\/logo\/image\/\",\"url\":\"https:\/\/dev6.erresse-shop.it\/wp-content\/uploads\/2025\/01\/LOGO-ERRESSE-CLASSICO.svg\",\"contentUrl\":\"https:\/\/dev6.erresse-shop.it\/wp-content\/uploads\/2025\/01\/LOGO-ERRESSE-CLASSICO.svg\",\"caption\":\"Erresse Shop\"},\"image\":{\"@id\":\"https:\/\/dev6.erresse-shop.it\/#\/schema\/logo\/image\/\"}}]}<\/script>\n<!-- \/ Yoast SEO plugin. -->","yoast_head_json":{"title":"ZWILLING PRO Trancheur de fromage dentel\u00e9 - dev6 Erresse","description":"Vous avez un faible pour le fromage ? Nous aussi. C\u2019est pourquoi nous avons collabor\u00e9 avec les designers Matteo Thun et Antonio Rodriguez pour mettre au","robots":{"index":"noindex","follow":"follow","max-snippet":"max-snippet:-1","max-image-preview":"max-image-preview:large","max-video-preview":"max-video-preview:-1"},"og_locale":"fr_FR","og_type":"article","og_title":"ZWILLING PRO Trancheur de fromage dentel\u00e9 - dev6 Erresse","og_description":"Vous avez un faible pour le fromage ? Nous aussi. C\u2019est pourquoi nous avons collabor\u00e9 avec les designers Matteo Thun et Antonio Rodriguez pour mettre au","og_url":"https:\/\/dev6.erresse-shop.it\/fr\/shop\/cuisine\/outils\/zwilling-pro-trancheur-de-fromage-dentele\/","og_site_name":"dev6 Erresse","og_image":[{"url":"https:\/\/interpim.erresse-shop.it\/img-catalogo\/zwilling\/zwilling-pro-affetta-formaggio-seghettato.png","type":"","width":"","height":""},{"url":"https:\/\/interpim.erresse-shop.it\/img-catalogo\/zwilling\/zwilling-pro-affetta-formaggio-seghettato.png","width":1024,"height":1024,"type":"image\/jpeg"}],"twitter_card":"summary_large_image","twitter_image":"https:\/\/interpim.erresse-shop.it\/img-catalogo\/zwilling\/zwilling-pro-affetta-formaggio-seghettato.png","schema":{"@context":"https:\/\/schema.org","@graph":[{"@type":"WebPage","@id":"https:\/\/dev6.erresse-shop.it\/fr\/shop\/cuisine\/outils\/zwilling-pro-trancheur-de-fromage-dentele\/","url":"https:\/\/dev6.erresse-shop.it\/fr\/shop\/cuisine\/outils\/zwilling-pro-trancheur-de-fromage-dentele\/","name":"ZWILLING PRO Trancheur de fromage dentel\u00e9 - dev6 Erresse","isPartOf":{"@id":"https:\/\/dev6.erresse-shop.it\/#website"},"primaryImageOfPage":{"@id":"https:\/\/dev6.erresse-shop.it\/fr\/shop\/cuisine\/outils\/zwilling-pro-trancheur-de-fromage-dentele\/#primaryimage"},"image":{"@id":"https:\/\/dev6.erresse-shop.it\/fr\/shop\/cuisine\/outils\/zwilling-pro-trancheur-de-fromage-dentele\/#primaryimage"},"thumbnailUrl":"https:\/\/i1.wp.com\/interpim.erresse-shop.it\/img-catalogo\/zwilling\/zwilling-pro-affetta-formaggio-seghettato.png?ssl=1","datePublished":"2026-04-12T09:23:12+00:00","description":"Vous avez un faible pour le fromage ? Nous aussi. C\u2019est pourquoi nous avons collabor\u00e9 avec les designers Matteo Thun et Antonio Rodriguez pour mettre au","breadcrumb":{"@id":"https:\/\/dev6.erresse-shop.it\/fr\/shop\/cuisine\/outils\/zwilling-pro-trancheur-de-fromage-dentele\/#breadcrumb"},"inLanguage":"fr-FR","potentialAction":[{"@type":"ReadAction","target":["https:\/\/dev6.erresse-shop.it\/fr\/shop\/cuisine\/outils\/zwilling-pro-trancheur-de-fromage-dentele\/"]}]},{"@type":"ImageObject","inLanguage":"fr-FR","@id":"https:\/\/dev6.erresse-shop.it\/fr\/shop\/cuisine\/outils\/zwilling-pro-trancheur-de-fromage-dentele\/#primaryimage","url":"https:\/\/i1.wp.com\/interpim.erresse-shop.it\/img-catalogo\/zwilling\/zwilling-pro-affetta-formaggio-seghettato.png?ssl=1","contentUrl":"https:\/\/i1.wp.com\/interpim.erresse-shop.it\/img-catalogo\/zwilling\/zwilling-pro-affetta-formaggio-seghettato.png?ssl=1"},{"@type":"BreadcrumbList","@id":"https:\/\/dev6.erresse-shop.it\/fr\/shop\/cuisine\/outils\/zwilling-pro-trancheur-de-fromage-dentele\/#breadcrumb","itemListElement":[{"@type":"ListItem","position":1,"name":"Home","item":"https:\/\/dev6.erresse-shop.it\/"},{"@type":"ListItem","position":2,"name":"Boutique","item":"https:\/\/dev6.erresse-shop.it\/shop\/"},{"@type":"ListItem","position":3,"name":"ZWILLING PRO Trancheur de fromage dentel\u00e9"}]},{"@type":"WebSite","@id":"https:\/\/dev6.erresse-shop.it\/#website","url":"https:\/\/dev6.erresse-shop.it\/","name":"Erresse Shop","description":"","publisher":{"@id":"https:\/\/dev6.erresse-shop.it\/#organization"},"potentialAction":[{"@type":"SearchAction","target":{"@type":"EntryPoint","urlTemplate":"https:\/\/dev6.erresse-shop.it\/?s={search_term_string}"},"query-input":{"@type":"PropertyValueSpecification","valueRequired":true,"valueName":"search_term_string"}}],"inLanguage":"fr-FR"},{"@type":"Organization","@id":"https:\/\/dev6.erresse-shop.it\/#organization","name":"Erresse Shop","url":"https:\/\/dev6.erresse-shop.it\/","logo":{"@type":"ImageObject","inLanguage":"fr-FR","@id":"https:\/\/dev6.erresse-shop.it\/#\/schema\/logo\/image\/","url":"https:\/\/dev6.erresse-shop.it\/wp-content\/uploads\/2025\/01\/LOGO-ERRESSE-CLASSICO.svg","contentUrl":"https:\/\/dev6.erresse-shop.it\/wp-content\/uploads\/2025\/01\/LOGO-ERRESSE-CLASSICO.svg","caption":"Erresse Shop"},"image":{"@id":"https:\/\/dev6.erresse-shop.it\/#\/schema\/logo\/image\/"}}]}},"df_price":24.95,"df_sale_price":"","df_regular_price":24.95,"df_image_link":"https:\/\/i1.wp.com\/interpim.erresse-shop.it\/img-catalogo\/zwilling\/zwilling-pro-affetta-formaggio-seghettato.png?resize=300,300&ssl=1","fifu_image_url":"https:\/\/interpim.erresse-shop.it\/img-catalogo\/zwilling\/zwilling-pro-affetta-formaggio-seghettato.png","_links":{"self":[{"href":"https:\/\/dev6.erresse-shop.it\/fr\/wp-json\/wp\/v2\/product\/64465","targetHints":{"allow":["GET"]}}],"collection":[{"href":"https:\/\/dev6.erresse-shop.it\/fr\/wp-json\/wp\/v2\/product"}],"about":[{"href":"https:\/\/dev6.erresse-shop.it\/fr\/wp-json\/wp\/v2\/types\/product"}],"wp:featuredmedia":[{"embeddable":true,"href":"https:\/\/dev6.erresse-shop.it\/fr\/wp-json\/wp\/v2\/media\/6368772"}],"wp:attachment":[{"href":"https:\/\/dev6.erresse-shop.it\/fr\/wp-json\/wp\/v2\/media?parent=64465"}],"wp:term":[{"taxonomy":"product_cat","embeddable":true,"href":"https:\/\/dev6.erresse-shop.it\/fr\/wp-json\/wp\/v2\/product_cat?post=64465"},{"taxonomy":"product_tag","embeddable":true,"href":"https:\/\/dev6.erresse-shop.it\/fr\/wp-json\/wp\/v2\/product_tag?post=64465"}],"curies":[{"name":"wp","href":"https:\/\/api.w.org\/{rel}","templated":true}]}}