{"id":64463,"date":"2026-04-12T11:23:12","date_gmt":"2026-04-12T09:23:12","guid":{"rendered":"https:\/\/dev6.erresse-shop.it\/shop\/non%20class\u00e9\/zwilling-sommelier-tire-bouchon-a-levier\/"},"modified":"2025-09-14T05:41:25","modified_gmt":"2025-09-14T03:41:25","slug":"zwilling-sommelier-tire-bouchon-a-levier","status":"publish","type":"product","link":"https:\/\/dev6.erresse-shop.it\/fr\/shop\/table-fr-2\/vin\/tire-bouchons\/zwilling-sommelier-tire-bouchon-a-levier\/","title":{"rendered":"ZWILLING Sommelier Tire-bouchon \u00e0 levier"},"content":{"rendered":"<p>Le tire-bouchon \u00e0 levier de la collection ZWILLING\u00ae Sommelier fait de l\u2019ouverture d\u2019une bouteille de vin un v\u00e9ritable plaisir. Les amateurs de vin appr\u00e9cieront son design sophistiqu\u00e9, sa finition de premi\u00e8re classe et son emballage attrayant. Avec ce tire-bouchon \u00e0 levier de 19 x 11,5 x 5 cm, ouvrir une bouteille de vin est un jeu d\u2019enfant. Vous pouvez le visser sans effort dans le bouchon gr\u00e2ce \u00e0 la spirale \u00e0 rev\u00eatement antiadh\u00e9sif et utiliser l\u2019encoche interne pour le positionner sur le goulot de la bouteille. Ce tire-bouchon \u00e0 levier ZWILLING vous permettra d\u2019enlever facilement les bouchons les plus r\u00e9sistants.<\/p>\n<p>Design \u00e9l\u00e9gant<br \/>\nAcier inoxydable 18\/10<br \/>\nSa forme ergonomique le rend extr\u00eamement maniable et facile \u00e0 utiliser<br \/>\nIl s\u2019adapte \u00e0 tous les types de goulots de bouteille gr\u00e2ce aux encoches situ\u00e9es \u00e0 l\u2019int\u00e9rieur du bo\u00eetier.<br \/>\nSpirale avec rev\u00eatement antiadh\u00e9sif de haute qualit\u00e9<\/p>\n","protected":false},"excerpt":{"rendered":"<p>Le tire-bouchon \u00e0 levier de la collection ZWILLING\u00ae Sommelier fait de l\u2019ouverture d\u2019une bouteille de vin un v\u00e9ritable plaisir. Les amateurs de vin appr\u00e9cieront son design sophistiqu\u00e9, sa finition de premi\u00e8re classe et son emballage attrayant. Avec ce tire-bouchon \u00e0 levier de 19 x 11,5 x 5 cm, ouvrir une bouteille de vin est un [&hellip;]<\/p>\n","protected":false},"featured_media":6368765,"template":"","meta":{"_acf_changed":false},"product_cat":[11995,12080,12069],"product_tag":[],"class_list":{"0":"post-64463","1":"product","2":"type-product","3":"status-publish","4":"has-post-thumbnail","6":"product_cat-table-fr-2","7":"product_cat-tire-bouchons","8":"product_cat-vin","10":"first","11":"instock","12":"sale","13":"taxable","14":"shipping-taxable","15":"purchasable","16":"product-type-simple","swatches":"rey-swatches","show_selected":"","stretch_labels":"rey-swatches--stretch-labels"},"acf":[],"yoast_head":"<!-- This site is optimized with the Yoast SEO plugin v25.4 - https:\/\/yoast.com\/wordpress\/plugins\/seo\/ -->\n<title>ZWILLING Sommelier Tire-bouchon \u00e0 levier - dev6 Erresse<\/title>\n<meta name=\"description\" content=\"Le tire-bouchon \u00e0 levier de la collection ZWILLING\u00ae Sommelier fait de l\u2019ouverture d\u2019une bouteille de vin un v\u00e9ritable plaisir. Les amateurs de vin\" \/>\n<meta name=\"robots\" content=\"noindex, follow, max-snippet:-1, max-image-preview:large, max-video-preview:-1\" \/>\n<meta property=\"og:locale\" content=\"fr_FR\" \/>\n<meta property=\"og:type\" content=\"article\" \/>\n<meta property=\"og:title\" content=\"ZWILLING Sommelier Tire-bouchon \u00e0 levier - dev6 Erresse\" \/>\n<meta property=\"og:description\" content=\"Le tire-bouchon \u00e0 levier de la collection ZWILLING\u00ae Sommelier fait de l\u2019ouverture d\u2019une bouteille de vin un v\u00e9ritable plaisir. Les amateurs de vin\" \/>\n<meta property=\"og:url\" content=\"https:\/\/dev6.erresse-shop.it\/fr\/shop\/table-fr-2\/vin\/tire-bouchons\/zwilling-sommelier-tire-bouchon-a-levier\/\" \/>\n<meta property=\"og:site_name\" content=\"dev6 Erresse\" \/>\n<meta property=\"og:image\" content=\"https:\/\/interpim.erresse-shop.it\/wp-content\/uploads\/2024\/07\/ZWILLING-Sommelier-Cavatappi-a-Leva.jpg\/zwilling-sommelier-cavatappi-a-leva.jpg\" \/><meta property=\"og:image\" content=\"https:\/\/interpim.erresse-shop.it\/wp-content\/uploads\/2024\/07\/ZWILLING-Sommelier-Cavatappi-a-Leva.jpg\/zwilling-sommelier-cavatappi-a-leva.jpg\" \/>\n\t<meta property=\"og:image:width\" content=\"1024\" \/>\n\t<meta property=\"og:image:height\" content=\"1024\" \/>\n\t<meta property=\"og:image:type\" content=\"image\/jpeg\" \/>\n<meta name=\"twitter:card\" content=\"summary_large_image\" \/>\n<meta name=\"twitter:image\" content=\"https:\/\/interpim.erresse-shop.it\/wp-content\/uploads\/2024\/07\/ZWILLING-Sommelier-Cavatappi-a-Leva.jpg\/zwilling-sommelier-cavatappi-a-leva.jpg\" \/>\n<script type=\"application\/ld+json\" class=\"yoast-schema-graph\">{\"@context\":\"https:\/\/schema.org\",\"@graph\":[{\"@type\":\"WebPage\",\"@id\":\"https:\/\/dev6.erresse-shop.it\/fr\/shop\/table-fr-2\/vin\/tire-bouchons\/zwilling-sommelier-tire-bouchon-a-levier\/\",\"url\":\"https:\/\/dev6.erresse-shop.it\/fr\/shop\/table-fr-2\/vin\/tire-bouchons\/zwilling-sommelier-tire-bouchon-a-levier\/\",\"name\":\"ZWILLING Sommelier Tire-bouchon \u00e0 levier - dev6 Erresse\",\"isPartOf\":{\"@id\":\"https:\/\/dev6.erresse-shop.it\/#website\"},\"primaryImageOfPage\":{\"@id\":\"https:\/\/dev6.erresse-shop.it\/fr\/shop\/table-fr-2\/vin\/tire-bouchons\/zwilling-sommelier-tire-bouchon-a-levier\/#primaryimage\"},\"image\":{\"@id\":\"https:\/\/dev6.erresse-shop.it\/fr\/shop\/table-fr-2\/vin\/tire-bouchons\/zwilling-sommelier-tire-bouchon-a-levier\/#primaryimage\"},\"thumbnailUrl\":\"https:\/\/i2.wp.com\/interpim.erresse-shop.it\/wp-content\/uploads\/2024\/07\/ZWILLING-Sommelier-Cavatappi-a-Leva.jpg\/zwilling-sommelier-cavatappi-a-leva.jpg?ssl=1\",\"datePublished\":\"2026-04-12T09:23:12+00:00\",\"description\":\"Le tire-bouchon \u00e0 levier de la collection ZWILLING\u00ae Sommelier fait de l\u2019ouverture d\u2019une bouteille de vin un v\u00e9ritable plaisir. Les amateurs de vin\",\"breadcrumb\":{\"@id\":\"https:\/\/dev6.erresse-shop.it\/fr\/shop\/table-fr-2\/vin\/tire-bouchons\/zwilling-sommelier-tire-bouchon-a-levier\/#breadcrumb\"},\"inLanguage\":\"fr-FR\",\"potentialAction\":[{\"@type\":\"ReadAction\",\"target\":[\"https:\/\/dev6.erresse-shop.it\/fr\/shop\/table-fr-2\/vin\/tire-bouchons\/zwilling-sommelier-tire-bouchon-a-levier\/\"]}]},{\"@type\":\"ImageObject\",\"inLanguage\":\"fr-FR\",\"@id\":\"https:\/\/dev6.erresse-shop.it\/fr\/shop\/table-fr-2\/vin\/tire-bouchons\/zwilling-sommelier-tire-bouchon-a-levier\/#primaryimage\",\"url\":\"https:\/\/i2.wp.com\/interpim.erresse-shop.it\/wp-content\/uploads\/2024\/07\/ZWILLING-Sommelier-Cavatappi-a-Leva.jpg\/zwilling-sommelier-cavatappi-a-leva.jpg?ssl=1\",\"contentUrl\":\"https:\/\/i2.wp.com\/interpim.erresse-shop.it\/wp-content\/uploads\/2024\/07\/ZWILLING-Sommelier-Cavatappi-a-Leva.jpg\/zwilling-sommelier-cavatappi-a-leva.jpg?ssl=1\"},{\"@type\":\"BreadcrumbList\",\"@id\":\"https:\/\/dev6.erresse-shop.it\/fr\/shop\/table-fr-2\/vin\/tire-bouchons\/zwilling-sommelier-tire-bouchon-a-levier\/#breadcrumb\",\"itemListElement\":[{\"@type\":\"ListItem\",\"position\":1,\"name\":\"Home\",\"item\":\"https:\/\/dev6.erresse-shop.it\/\"},{\"@type\":\"ListItem\",\"position\":2,\"name\":\"Boutique\",\"item\":\"https:\/\/dev6.erresse-shop.it\/shop\/\"},{\"@type\":\"ListItem\",\"position\":3,\"name\":\"ZWILLING Sommelier Tire-bouchon \u00e0 levier\"}]},{\"@type\":\"WebSite\",\"@id\":\"https:\/\/dev6.erresse-shop.it\/#website\",\"url\":\"https:\/\/dev6.erresse-shop.it\/\",\"name\":\"Erresse Shop\",\"description\":\"\",\"publisher\":{\"@id\":\"https:\/\/dev6.erresse-shop.it\/#organization\"},\"potentialAction\":[{\"@type\":\"SearchAction\",\"target\":{\"@type\":\"EntryPoint\",\"urlTemplate\":\"https:\/\/dev6.erresse-shop.it\/?s={search_term_string}\"},\"query-input\":{\"@type\":\"PropertyValueSpecification\",\"valueRequired\":true,\"valueName\":\"search_term_string\"}}],\"inLanguage\":\"fr-FR\"},{\"@type\":\"Organization\",\"@id\":\"https:\/\/dev6.erresse-shop.it\/#organization\",\"name\":\"Erresse Shop\",\"url\":\"https:\/\/dev6.erresse-shop.it\/\",\"logo\":{\"@type\":\"ImageObject\",\"inLanguage\":\"fr-FR\",\"@id\":\"https:\/\/dev6.erresse-shop.it\/#\/schema\/logo\/image\/\",\"url\":\"https:\/\/dev6.erresse-shop.it\/wp-content\/uploads\/2025\/01\/LOGO-ERRESSE-CLASSICO.svg\",\"contentUrl\":\"https:\/\/dev6.erresse-shop.it\/wp-content\/uploads\/2025\/01\/LOGO-ERRESSE-CLASSICO.svg\",\"caption\":\"Erresse Shop\"},\"image\":{\"@id\":\"https:\/\/dev6.erresse-shop.it\/#\/schema\/logo\/image\/\"}}]}<\/script>\n<!-- \/ Yoast SEO plugin. -->","yoast_head_json":{"title":"ZWILLING Sommelier Tire-bouchon \u00e0 levier - dev6 Erresse","description":"Le tire-bouchon \u00e0 levier de la collection ZWILLING\u00ae Sommelier fait de l\u2019ouverture d\u2019une bouteille de vin un v\u00e9ritable plaisir. Les amateurs de vin","robots":{"index":"noindex","follow":"follow","max-snippet":"max-snippet:-1","max-image-preview":"max-image-preview:large","max-video-preview":"max-video-preview:-1"},"og_locale":"fr_FR","og_type":"article","og_title":"ZWILLING Sommelier Tire-bouchon \u00e0 levier - dev6 Erresse","og_description":"Le tire-bouchon \u00e0 levier de la collection ZWILLING\u00ae Sommelier fait de l\u2019ouverture d\u2019une bouteille de vin un v\u00e9ritable plaisir. Les amateurs de vin","og_url":"https:\/\/dev6.erresse-shop.it\/fr\/shop\/table-fr-2\/vin\/tire-bouchons\/zwilling-sommelier-tire-bouchon-a-levier\/","og_site_name":"dev6 Erresse","og_image":[{"url":"https:\/\/interpim.erresse-shop.it\/wp-content\/uploads\/2024\/07\/ZWILLING-Sommelier-Cavatappi-a-Leva.jpg\/zwilling-sommelier-cavatappi-a-leva.jpg","type":"","width":"","height":""},{"url":"https:\/\/interpim.erresse-shop.it\/wp-content\/uploads\/2024\/07\/ZWILLING-Sommelier-Cavatappi-a-Leva.jpg\/zwilling-sommelier-cavatappi-a-leva.jpg","width":1024,"height":1024,"type":"image\/jpeg"}],"twitter_card":"summary_large_image","twitter_image":"https:\/\/interpim.erresse-shop.it\/wp-content\/uploads\/2024\/07\/ZWILLING-Sommelier-Cavatappi-a-Leva.jpg\/zwilling-sommelier-cavatappi-a-leva.jpg","schema":{"@context":"https:\/\/schema.org","@graph":[{"@type":"WebPage","@id":"https:\/\/dev6.erresse-shop.it\/fr\/shop\/table-fr-2\/vin\/tire-bouchons\/zwilling-sommelier-tire-bouchon-a-levier\/","url":"https:\/\/dev6.erresse-shop.it\/fr\/shop\/table-fr-2\/vin\/tire-bouchons\/zwilling-sommelier-tire-bouchon-a-levier\/","name":"ZWILLING Sommelier Tire-bouchon \u00e0 levier - dev6 Erresse","isPartOf":{"@id":"https:\/\/dev6.erresse-shop.it\/#website"},"primaryImageOfPage":{"@id":"https:\/\/dev6.erresse-shop.it\/fr\/shop\/table-fr-2\/vin\/tire-bouchons\/zwilling-sommelier-tire-bouchon-a-levier\/#primaryimage"},"image":{"@id":"https:\/\/dev6.erresse-shop.it\/fr\/shop\/table-fr-2\/vin\/tire-bouchons\/zwilling-sommelier-tire-bouchon-a-levier\/#primaryimage"},"thumbnailUrl":"https:\/\/i2.wp.com\/interpim.erresse-shop.it\/wp-content\/uploads\/2024\/07\/ZWILLING-Sommelier-Cavatappi-a-Leva.jpg\/zwilling-sommelier-cavatappi-a-leva.jpg?ssl=1","datePublished":"2026-04-12T09:23:12+00:00","description":"Le tire-bouchon \u00e0 levier de la collection ZWILLING\u00ae Sommelier fait de l\u2019ouverture d\u2019une bouteille de vin un v\u00e9ritable plaisir. Les amateurs de vin","breadcrumb":{"@id":"https:\/\/dev6.erresse-shop.it\/fr\/shop\/table-fr-2\/vin\/tire-bouchons\/zwilling-sommelier-tire-bouchon-a-levier\/#breadcrumb"},"inLanguage":"fr-FR","potentialAction":[{"@type":"ReadAction","target":["https:\/\/dev6.erresse-shop.it\/fr\/shop\/table-fr-2\/vin\/tire-bouchons\/zwilling-sommelier-tire-bouchon-a-levier\/"]}]},{"@type":"ImageObject","inLanguage":"fr-FR","@id":"https:\/\/dev6.erresse-shop.it\/fr\/shop\/table-fr-2\/vin\/tire-bouchons\/zwilling-sommelier-tire-bouchon-a-levier\/#primaryimage","url":"https:\/\/i2.wp.com\/interpim.erresse-shop.it\/wp-content\/uploads\/2024\/07\/ZWILLING-Sommelier-Cavatappi-a-Leva.jpg\/zwilling-sommelier-cavatappi-a-leva.jpg?ssl=1","contentUrl":"https:\/\/i2.wp.com\/interpim.erresse-shop.it\/wp-content\/uploads\/2024\/07\/ZWILLING-Sommelier-Cavatappi-a-Leva.jpg\/zwilling-sommelier-cavatappi-a-leva.jpg?ssl=1"},{"@type":"BreadcrumbList","@id":"https:\/\/dev6.erresse-shop.it\/fr\/shop\/table-fr-2\/vin\/tire-bouchons\/zwilling-sommelier-tire-bouchon-a-levier\/#breadcrumb","itemListElement":[{"@type":"ListItem","position":1,"name":"Home","item":"https:\/\/dev6.erresse-shop.it\/"},{"@type":"ListItem","position":2,"name":"Boutique","item":"https:\/\/dev6.erresse-shop.it\/shop\/"},{"@type":"ListItem","position":3,"name":"ZWILLING Sommelier Tire-bouchon \u00e0 levier"}]},{"@type":"WebSite","@id":"https:\/\/dev6.erresse-shop.it\/#website","url":"https:\/\/dev6.erresse-shop.it\/","name":"Erresse Shop","description":"","publisher":{"@id":"https:\/\/dev6.erresse-shop.it\/#organization"},"potentialAction":[{"@type":"SearchAction","target":{"@type":"EntryPoint","urlTemplate":"https:\/\/dev6.erresse-shop.it\/?s={search_term_string}"},"query-input":{"@type":"PropertyValueSpecification","valueRequired":true,"valueName":"search_term_string"}}],"inLanguage":"fr-FR"},{"@type":"Organization","@id":"https:\/\/dev6.erresse-shop.it\/#organization","name":"Erresse Shop","url":"https:\/\/dev6.erresse-shop.it\/","logo":{"@type":"ImageObject","inLanguage":"fr-FR","@id":"https:\/\/dev6.erresse-shop.it\/#\/schema\/logo\/image\/","url":"https:\/\/dev6.erresse-shop.it\/wp-content\/uploads\/2025\/01\/LOGO-ERRESSE-CLASSICO.svg","contentUrl":"https:\/\/dev6.erresse-shop.it\/wp-content\/uploads\/2025\/01\/LOGO-ERRESSE-CLASSICO.svg","caption":"Erresse Shop"},"image":{"@id":"https:\/\/dev6.erresse-shop.it\/#\/schema\/logo\/image\/"}}]}},"df_price":42,"df_sale_price":42,"df_regular_price":49.95,"df_image_link":"https:\/\/i2.wp.com\/interpim.erresse-shop.it\/wp-content\/uploads\/2024\/07\/ZWILLING-Sommelier-Cavatappi-a-Leva.jpg\/zwilling-sommelier-cavatappi-a-leva.jpg?resize=300,300&ssl=1","fifu_image_url":"https:\/\/interpim.erresse-shop.it\/wp-content\/uploads\/2024\/07\/ZWILLING-Sommelier-Cavatappi-a-Leva.jpg\/zwilling-sommelier-cavatappi-a-leva.jpg","_links":{"self":[{"href":"https:\/\/dev6.erresse-shop.it\/fr\/wp-json\/wp\/v2\/product\/64463","targetHints":{"allow":["GET"]}}],"collection":[{"href":"https:\/\/dev6.erresse-shop.it\/fr\/wp-json\/wp\/v2\/product"}],"about":[{"href":"https:\/\/dev6.erresse-shop.it\/fr\/wp-json\/wp\/v2\/types\/product"}],"wp:featuredmedia":[{"embeddable":true,"href":"https:\/\/dev6.erresse-shop.it\/fr\/wp-json\/wp\/v2\/media\/6368765"}],"wp:attachment":[{"href":"https:\/\/dev6.erresse-shop.it\/fr\/wp-json\/wp\/v2\/media?parent=64463"}],"wp:term":[{"taxonomy":"product_cat","embeddable":true,"href":"https:\/\/dev6.erresse-shop.it\/fr\/wp-json\/wp\/v2\/product_cat?post=64463"},{"taxonomy":"product_tag","embeddable":true,"href":"https:\/\/dev6.erresse-shop.it\/fr\/wp-json\/wp\/v2\/product_tag?post=64463"}],"curies":[{"name":"wp","href":"https:\/\/api.w.org\/{rel}","templated":true}]}}