{"id":64455,"date":"2026-04-12T11:21:11","date_gmt":"2026-04-12T09:21:11","guid":{"rendered":"https:\/\/dev6.erresse-shop.it\/shop\/non%20class\u00e9\/zwilling-z-cut-rape-a-spirale\/"},"modified":"2025-09-14T05:41:09","modified_gmt":"2025-09-14T03:41:09","slug":"zwilling-z-cut-rape-a-spirale","status":"publish","type":"product","link":"https:\/\/dev6.erresse-shop.it\/fr\/shop\/cuisine\/outils\/zwilling-z-cut-rape-a-spirale\/","title":{"rendered":"ZWILLING Z-CUT R\u00e2pe \u00e0 spirale"},"content":{"rendered":"<p>Cuisiner avec des ingr\u00e9dients frais et sains n\u2019a jamais \u00e9t\u00e9 aussi rapide. Le spiraliseur ZWILLING s\u00e9rie Z-Cut vous permet de traiter les fruits et l\u00e9gumes de mani\u00e8re vraiment efficace. Puoi scegliere se tagliare a spirale le verdure, realizzare gli spaghetti o le fettuccine vegane con le zucchine oppure creare gustose spirali di patate: usa tutta la tua fantasia grazie ai tre inserti dotati di lame che trasformano questo indispensabile utensile in affettaverdure, taglia spaghetti e molto Autre. Qu\u2019est-ce qui fait la diff\u00e9rence ? Des lames ZWILLING bien s\u00fbr ! Ce n\u2019est pas \u00e9tonnant, puisqu\u2019ils sont le r\u00e9sultat de notre vaste savoir-faire et des technologies que nous utilisons pour les lames et les couteaux. Les lames sont si tranchantes que vous pouvez les utiliser pour pr\u00e9parer des portions faciles \u00e0 mordre sans aucun effort. La r\u00e2pe a \u00e9t\u00e9 con\u00e7ue par le duo de designers milanais Matteo Thun et Antonio Rodriguez : vous allez adorer son look minimal et intemporel. Sans oublier le c\u00f4t\u00e9 pratique : conservez les inserts de lames que vous n\u2019utilisez pas dans le corps en plastique, pr\u00eats \u00e0 l\u2019emploi. Les mat\u00e9riaux utilis\u00e9s (acier inoxydable 18\/10 et plastique de haute qualit\u00e9) rendent le spiraliseur facile \u00e0 nettoyer et toujours parfait dans le temps. Saviez-vous que vous pouvez \u00e9galement tout laver au lave-vaisselle ?<\/p>\n<p>Spiraliseur 4 en 1 : pour r\u00e9aliser des spaghettis et des fettuccines de l\u00e9gumes, avec 3 largeurs diff\u00e9rentes<br \/>\nPour pr\u00e9parer des l\u00e9gumes spiral\u00e9s, des l\u00e9gumes \u00e0 manger crus ou d\u2019incroyables d\u00e9corations de fruits pour le dessert<br \/>\nPasse au lave-vaisselle, il conserve sa forme et son apparence et dure longtemps<br \/>\nFabriqu\u00e9 en acier inoxydable 18\/10<\/p>\n","protected":false},"excerpt":{"rendered":"<p>Cuisiner avec des ingr\u00e9dients frais et sains n\u2019a jamais \u00e9t\u00e9 aussi rapide. Le spiraliseur ZWILLING s\u00e9rie Z-Cut vous permet de traiter les fruits et l\u00e9gumes de mani\u00e8re vraiment efficace. Puoi scegliere se tagliare a spirale le verdure, realizzare gli spaghetti o le fettuccine vegane con le zucchine oppure creare gustose spirali di patate: usa tutta [&hellip;]<\/p>\n","protected":false},"featured_media":6368726,"template":"","meta":{"_acf_changed":false},"product_cat":[11992,12008,12053,11684],"product_tag":[],"class_list":{"0":"post-64455","1":"product","2":"type-product","3":"status-publish","4":"has-post-thumbnail","6":"product_cat-cuisine","7":"product_cat-outils","8":"product_cat-rapes","9":"product_cat-utensili","11":"first","12":"instock","13":"taxable","14":"shipping-taxable","15":"purchasable","16":"product-type-simple","swatches":"rey-swatches","show_selected":"","stretch_labels":"rey-swatches--stretch-labels"},"acf":[],"yoast_head":"<!-- This site is optimized with the Yoast SEO plugin v25.4 - https:\/\/yoast.com\/wordpress\/plugins\/seo\/ -->\n<title>ZWILLING Z-CUT R\u00e2pe \u00e0 spirale - dev6 Erresse<\/title>\n<meta name=\"description\" content=\"Cuisiner avec des ingr\u00e9dients frais et sains n\u2019a jamais \u00e9t\u00e9 aussi rapide. Le spiraliseur ZWILLING s\u00e9rie Z-Cut vous permet de traiter les fruits et l\u00e9gumes\" \/>\n<meta name=\"robots\" content=\"noindex, follow, max-snippet:-1, max-image-preview:large, max-video-preview:-1\" \/>\n<meta property=\"og:locale\" content=\"fr_FR\" \/>\n<meta property=\"og:type\" content=\"article\" \/>\n<meta property=\"og:title\" content=\"ZWILLING Z-CUT R\u00e2pe \u00e0 spirale - dev6 Erresse\" \/>\n<meta property=\"og:description\" content=\"Cuisiner avec des ingr\u00e9dients frais et sains n\u2019a jamais \u00e9t\u00e9 aussi rapide. Le spiraliseur ZWILLING s\u00e9rie Z-Cut vous permet de traiter les fruits et l\u00e9gumes\" \/>\n<meta property=\"og:url\" content=\"https:\/\/dev6.erresse-shop.it\/fr\/shop\/cuisine\/outils\/zwilling-z-cut-rape-a-spirale\/\" \/>\n<meta property=\"og:site_name\" content=\"dev6 Erresse\" \/>\n<meta property=\"og:image\" content=\"https:\/\/interpim.erresse-shop.it\/img-catalogo\/zwilling\/zwilling-z-cut-grattugia-spirale.png\" \/><meta property=\"og:image\" content=\"https:\/\/interpim.erresse-shop.it\/img-catalogo\/zwilling\/zwilling-z-cut-grattugia-spirale.png\" \/>\n\t<meta property=\"og:image:width\" content=\"1024\" \/>\n\t<meta property=\"og:image:height\" content=\"1024\" \/>\n\t<meta property=\"og:image:type\" content=\"image\/jpeg\" \/>\n<meta name=\"twitter:card\" content=\"summary_large_image\" \/>\n<meta name=\"twitter:image\" content=\"https:\/\/interpim.erresse-shop.it\/img-catalogo\/zwilling\/zwilling-z-cut-grattugia-spirale.png\" \/>\n<script type=\"application\/ld+json\" class=\"yoast-schema-graph\">{\"@context\":\"https:\/\/schema.org\",\"@graph\":[{\"@type\":\"WebPage\",\"@id\":\"https:\/\/dev6.erresse-shop.it\/fr\/shop\/cuisine\/outils\/zwilling-z-cut-rape-a-spirale\/\",\"url\":\"https:\/\/dev6.erresse-shop.it\/fr\/shop\/cuisine\/outils\/zwilling-z-cut-rape-a-spirale\/\",\"name\":\"ZWILLING Z-CUT R\u00e2pe \u00e0 spirale - dev6 Erresse\",\"isPartOf\":{\"@id\":\"https:\/\/dev6.erresse-shop.it\/#website\"},\"primaryImageOfPage\":{\"@id\":\"https:\/\/dev6.erresse-shop.it\/fr\/shop\/cuisine\/outils\/zwilling-z-cut-rape-a-spirale\/#primaryimage\"},\"image\":{\"@id\":\"https:\/\/dev6.erresse-shop.it\/fr\/shop\/cuisine\/outils\/zwilling-z-cut-rape-a-spirale\/#primaryimage\"},\"thumbnailUrl\":\"https:\/\/i3.wp.com\/interpim.erresse-shop.it\/img-catalogo\/zwilling\/zwilling-z-cut-grattugia-spirale.png?ssl=1\",\"datePublished\":\"2026-04-12T09:21:11+00:00\",\"description\":\"Cuisiner avec des ingr\u00e9dients frais et sains n\u2019a jamais \u00e9t\u00e9 aussi rapide. Le spiraliseur ZWILLING s\u00e9rie Z-Cut vous permet de traiter les fruits et l\u00e9gumes\",\"breadcrumb\":{\"@id\":\"https:\/\/dev6.erresse-shop.it\/fr\/shop\/cuisine\/outils\/zwilling-z-cut-rape-a-spirale\/#breadcrumb\"},\"inLanguage\":\"fr-FR\",\"potentialAction\":[{\"@type\":\"ReadAction\",\"target\":[\"https:\/\/dev6.erresse-shop.it\/fr\/shop\/cuisine\/outils\/zwilling-z-cut-rape-a-spirale\/\"]}]},{\"@type\":\"ImageObject\",\"inLanguage\":\"fr-FR\",\"@id\":\"https:\/\/dev6.erresse-shop.it\/fr\/shop\/cuisine\/outils\/zwilling-z-cut-rape-a-spirale\/#primaryimage\",\"url\":\"https:\/\/i3.wp.com\/interpim.erresse-shop.it\/img-catalogo\/zwilling\/zwilling-z-cut-grattugia-spirale.png?ssl=1\",\"contentUrl\":\"https:\/\/i3.wp.com\/interpim.erresse-shop.it\/img-catalogo\/zwilling\/zwilling-z-cut-grattugia-spirale.png?ssl=1\"},{\"@type\":\"BreadcrumbList\",\"@id\":\"https:\/\/dev6.erresse-shop.it\/fr\/shop\/cuisine\/outils\/zwilling-z-cut-rape-a-spirale\/#breadcrumb\",\"itemListElement\":[{\"@type\":\"ListItem\",\"position\":1,\"name\":\"Home\",\"item\":\"https:\/\/dev6.erresse-shop.it\/\"},{\"@type\":\"ListItem\",\"position\":2,\"name\":\"Boutique\",\"item\":\"https:\/\/dev6.erresse-shop.it\/shop\/\"},{\"@type\":\"ListItem\",\"position\":3,\"name\":\"ZWILLING Z-CUT R\u00e2pe \u00e0 spirale\"}]},{\"@type\":\"WebSite\",\"@id\":\"https:\/\/dev6.erresse-shop.it\/#website\",\"url\":\"https:\/\/dev6.erresse-shop.it\/\",\"name\":\"Erresse Shop\",\"description\":\"\",\"publisher\":{\"@id\":\"https:\/\/dev6.erresse-shop.it\/#organization\"},\"potentialAction\":[{\"@type\":\"SearchAction\",\"target\":{\"@type\":\"EntryPoint\",\"urlTemplate\":\"https:\/\/dev6.erresse-shop.it\/?s={search_term_string}\"},\"query-input\":{\"@type\":\"PropertyValueSpecification\",\"valueRequired\":true,\"valueName\":\"search_term_string\"}}],\"inLanguage\":\"fr-FR\"},{\"@type\":\"Organization\",\"@id\":\"https:\/\/dev6.erresse-shop.it\/#organization\",\"name\":\"Erresse Shop\",\"url\":\"https:\/\/dev6.erresse-shop.it\/\",\"logo\":{\"@type\":\"ImageObject\",\"inLanguage\":\"fr-FR\",\"@id\":\"https:\/\/dev6.erresse-shop.it\/#\/schema\/logo\/image\/\",\"url\":\"https:\/\/dev6.erresse-shop.it\/wp-content\/uploads\/2025\/01\/LOGO-ERRESSE-CLASSICO.svg\",\"contentUrl\":\"https:\/\/dev6.erresse-shop.it\/wp-content\/uploads\/2025\/01\/LOGO-ERRESSE-CLASSICO.svg\",\"caption\":\"Erresse Shop\"},\"image\":{\"@id\":\"https:\/\/dev6.erresse-shop.it\/#\/schema\/logo\/image\/\"}}]}<\/script>\n<!-- \/ Yoast SEO plugin. -->","yoast_head_json":{"title":"ZWILLING Z-CUT R\u00e2pe \u00e0 spirale - dev6 Erresse","description":"Cuisiner avec des ingr\u00e9dients frais et sains n\u2019a jamais \u00e9t\u00e9 aussi rapide. Le spiraliseur ZWILLING s\u00e9rie Z-Cut vous permet de traiter les fruits et l\u00e9gumes","robots":{"index":"noindex","follow":"follow","max-snippet":"max-snippet:-1","max-image-preview":"max-image-preview:large","max-video-preview":"max-video-preview:-1"},"og_locale":"fr_FR","og_type":"article","og_title":"ZWILLING Z-CUT R\u00e2pe \u00e0 spirale - dev6 Erresse","og_description":"Cuisiner avec des ingr\u00e9dients frais et sains n\u2019a jamais \u00e9t\u00e9 aussi rapide. Le spiraliseur ZWILLING s\u00e9rie Z-Cut vous permet de traiter les fruits et l\u00e9gumes","og_url":"https:\/\/dev6.erresse-shop.it\/fr\/shop\/cuisine\/outils\/zwilling-z-cut-rape-a-spirale\/","og_site_name":"dev6 Erresse","og_image":[{"url":"https:\/\/interpim.erresse-shop.it\/img-catalogo\/zwilling\/zwilling-z-cut-grattugia-spirale.png","type":"","width":"","height":""},{"url":"https:\/\/interpim.erresse-shop.it\/img-catalogo\/zwilling\/zwilling-z-cut-grattugia-spirale.png","width":1024,"height":1024,"type":"image\/jpeg"}],"twitter_card":"summary_large_image","twitter_image":"https:\/\/interpim.erresse-shop.it\/img-catalogo\/zwilling\/zwilling-z-cut-grattugia-spirale.png","schema":{"@context":"https:\/\/schema.org","@graph":[{"@type":"WebPage","@id":"https:\/\/dev6.erresse-shop.it\/fr\/shop\/cuisine\/outils\/zwilling-z-cut-rape-a-spirale\/","url":"https:\/\/dev6.erresse-shop.it\/fr\/shop\/cuisine\/outils\/zwilling-z-cut-rape-a-spirale\/","name":"ZWILLING Z-CUT R\u00e2pe \u00e0 spirale - dev6 Erresse","isPartOf":{"@id":"https:\/\/dev6.erresse-shop.it\/#website"},"primaryImageOfPage":{"@id":"https:\/\/dev6.erresse-shop.it\/fr\/shop\/cuisine\/outils\/zwilling-z-cut-rape-a-spirale\/#primaryimage"},"image":{"@id":"https:\/\/dev6.erresse-shop.it\/fr\/shop\/cuisine\/outils\/zwilling-z-cut-rape-a-spirale\/#primaryimage"},"thumbnailUrl":"https:\/\/i3.wp.com\/interpim.erresse-shop.it\/img-catalogo\/zwilling\/zwilling-z-cut-grattugia-spirale.png?ssl=1","datePublished":"2026-04-12T09:21:11+00:00","description":"Cuisiner avec des ingr\u00e9dients frais et sains n\u2019a jamais \u00e9t\u00e9 aussi rapide. Le spiraliseur ZWILLING s\u00e9rie Z-Cut vous permet de traiter les fruits et l\u00e9gumes","breadcrumb":{"@id":"https:\/\/dev6.erresse-shop.it\/fr\/shop\/cuisine\/outils\/zwilling-z-cut-rape-a-spirale\/#breadcrumb"},"inLanguage":"fr-FR","potentialAction":[{"@type":"ReadAction","target":["https:\/\/dev6.erresse-shop.it\/fr\/shop\/cuisine\/outils\/zwilling-z-cut-rape-a-spirale\/"]}]},{"@type":"ImageObject","inLanguage":"fr-FR","@id":"https:\/\/dev6.erresse-shop.it\/fr\/shop\/cuisine\/outils\/zwilling-z-cut-rape-a-spirale\/#primaryimage","url":"https:\/\/i3.wp.com\/interpim.erresse-shop.it\/img-catalogo\/zwilling\/zwilling-z-cut-grattugia-spirale.png?ssl=1","contentUrl":"https:\/\/i3.wp.com\/interpim.erresse-shop.it\/img-catalogo\/zwilling\/zwilling-z-cut-grattugia-spirale.png?ssl=1"},{"@type":"BreadcrumbList","@id":"https:\/\/dev6.erresse-shop.it\/fr\/shop\/cuisine\/outils\/zwilling-z-cut-rape-a-spirale\/#breadcrumb","itemListElement":[{"@type":"ListItem","position":1,"name":"Home","item":"https:\/\/dev6.erresse-shop.it\/"},{"@type":"ListItem","position":2,"name":"Boutique","item":"https:\/\/dev6.erresse-shop.it\/shop\/"},{"@type":"ListItem","position":3,"name":"ZWILLING Z-CUT R\u00e2pe \u00e0 spirale"}]},{"@type":"WebSite","@id":"https:\/\/dev6.erresse-shop.it\/#website","url":"https:\/\/dev6.erresse-shop.it\/","name":"Erresse Shop","description":"","publisher":{"@id":"https:\/\/dev6.erresse-shop.it\/#organization"},"potentialAction":[{"@type":"SearchAction","target":{"@type":"EntryPoint","urlTemplate":"https:\/\/dev6.erresse-shop.it\/?s={search_term_string}"},"query-input":{"@type":"PropertyValueSpecification","valueRequired":true,"valueName":"search_term_string"}}],"inLanguage":"fr-FR"},{"@type":"Organization","@id":"https:\/\/dev6.erresse-shop.it\/#organization","name":"Erresse Shop","url":"https:\/\/dev6.erresse-shop.it\/","logo":{"@type":"ImageObject","inLanguage":"fr-FR","@id":"https:\/\/dev6.erresse-shop.it\/#\/schema\/logo\/image\/","url":"https:\/\/dev6.erresse-shop.it\/wp-content\/uploads\/2025\/01\/LOGO-ERRESSE-CLASSICO.svg","contentUrl":"https:\/\/dev6.erresse-shop.it\/wp-content\/uploads\/2025\/01\/LOGO-ERRESSE-CLASSICO.svg","caption":"Erresse Shop"},"image":{"@id":"https:\/\/dev6.erresse-shop.it\/#\/schema\/logo\/image\/"}}]}},"df_price":17.95,"df_sale_price":"","df_regular_price":17.95,"df_image_link":"https:\/\/i3.wp.com\/interpim.erresse-shop.it\/img-catalogo\/zwilling\/zwilling-z-cut-grattugia-spirale.png?resize=300,300&ssl=1","fifu_image_url":"https:\/\/interpim.erresse-shop.it\/img-catalogo\/zwilling\/zwilling-z-cut-grattugia-spirale.png","_links":{"self":[{"href":"https:\/\/dev6.erresse-shop.it\/fr\/wp-json\/wp\/v2\/product\/64455","targetHints":{"allow":["GET"]}}],"collection":[{"href":"https:\/\/dev6.erresse-shop.it\/fr\/wp-json\/wp\/v2\/product"}],"about":[{"href":"https:\/\/dev6.erresse-shop.it\/fr\/wp-json\/wp\/v2\/types\/product"}],"wp:featuredmedia":[{"embeddable":true,"href":"https:\/\/dev6.erresse-shop.it\/fr\/wp-json\/wp\/v2\/media\/6368726"}],"wp:attachment":[{"href":"https:\/\/dev6.erresse-shop.it\/fr\/wp-json\/wp\/v2\/media?parent=64455"}],"wp:term":[{"taxonomy":"product_cat","embeddable":true,"href":"https:\/\/dev6.erresse-shop.it\/fr\/wp-json\/wp\/v2\/product_cat?post=64455"},{"taxonomy":"product_tag","embeddable":true,"href":"https:\/\/dev6.erresse-shop.it\/fr\/wp-json\/wp\/v2\/product_tag?post=64455"}],"curies":[{"name":"wp","href":"https:\/\/api.w.org\/{rel}","templated":true}]}}