{"id":64453,"date":"2026-04-12T11:21:11","date_gmt":"2026-04-12T09:21:11","guid":{"rendered":"https:\/\/dev6.erresse-shop.it\/shop\/non%20class\u00e9\/zwilling-z-cut-rape-fine\/"},"modified":"2025-09-14T05:41:05","modified_gmt":"2025-09-14T03:41:05","slug":"zwilling-z-cut-rape-fine","status":"publish","type":"product","link":"https:\/\/dev6.erresse-shop.it\/fr\/shop\/cuisine\/outils\/zwilling-z-cut-rape-fine\/","title":{"rendered":"ZWILLING Z-CUT  R\u00e2pe fine"},"content":{"rendered":"<p>Une v\u00e9ritable r\u00e2pe polyvalente, petite mais puissante d\u00e9di\u00e9e \u00e0 ceux qui se font plaisir avec des ingr\u00e9dients sains et frais : d\u00e9couvrez la r\u00e2pe fine de la s\u00e9rie ZWILLING Z-Cut. Cet outil multifonction est le fruit de notre vaste savoir-faire et incarne les technologies que nous utilisons pour les lames et les couteaux. Parfait pour r\u00e2per finement et zester les ingr\u00e9dients les plus divers : des agrumes au parmesan ou \u00e0 la muscade. La r\u00e2pe fine n\u2019est pas seulement polyvalente, elle est aussi super efficace : gr\u00e2ce \u00e0 la technologie brevet\u00e9e ZWILLING Z-Cut. Les lames en Z avec fonction de coupe bidirectionnelle vous permettent de r\u00e2per sans effort. Et les lames, en acier 18\/10, sont vraiment tranchantes. Les accessoires vous permettent ensuite d\u2019exploiter la polyvalence de la r\u00e2pe comme vous le souhaitez. Par exemple, le r\u00e9cipient sp\u00e9cialement con\u00e7u pour r\u00e9cup\u00e9rer ce que vous r\u00e2pez de mani\u00e8re pratique et sans faire de d\u00e9g\u00e2ts. Mais et si vous vouliez r\u00e2per le parmesan directement dans l\u2019assiette ? Pas de probl\u00e8me, le conteneur peut \u00eatre retir\u00e9 d\u2019un simple geste. La r\u00e2pe est \u00e9quip\u00e9e d\u2019un accessoire pour traiter m\u00eame les plus petits ingr\u00e9dients. Gr\u00e2ce \u00e0 la protection int\u00e9gr\u00e9e des doigts, aucun risque de blessure m\u00eame en r\u00e2pant un petit morceau de gingembre. La r\u00e2pe fine a \u00e9t\u00e9 d\u00e9velopp\u00e9e en Allemagne et con\u00e7ue par le duo de designers milanais Matteo Thun et Antonio Rodriguez. Apr\u00e8s utilisation, vous pouvez \u00e9galement le mettre au lave-vaisselle, il sera donc tr\u00e8s facile \u00e0 nettoyer.<\/p>\n<p>R\u00e2pe multifonctionnelle 3 en 1 avec protection des doigts<br \/>\nConception ZWILLING Z-Cut avec technologie de lame bidirectionnelle<br \/>\nDes r\u00e9sultats optimaux, sans aucun effort<br \/>\nPatins antid\u00e9rapants pour toujours l\u2019utiliser en toute s\u00e9curit\u00e9<br \/>\nPasse au lave-vaisselle, il conserve sa forme et son apparence et dure longtemps<\/p>\n","protected":false},"excerpt":{"rendered":"<p>Une v\u00e9ritable r\u00e2pe polyvalente, petite mais puissante d\u00e9di\u00e9e \u00e0 ceux qui se font plaisir avec des ingr\u00e9dients sains et frais : d\u00e9couvrez la r\u00e2pe fine de la s\u00e9rie ZWILLING Z-Cut. Cet outil multifonction est le fruit de notre vaste savoir-faire et incarne les technologies que nous utilisons pour les lames et les couteaux. Parfait pour [&hellip;]<\/p>\n","protected":false},"featured_media":6368715,"template":"","meta":{"_acf_changed":false},"product_cat":[11992,12008,12053,11684],"product_tag":[],"class_list":{"0":"post-64453","1":"product","2":"type-product","3":"status-publish","4":"has-post-thumbnail","6":"product_cat-cuisine","7":"product_cat-outils","8":"product_cat-rapes","9":"product_cat-utensili","11":"first","12":"instock","13":"taxable","14":"shipping-taxable","15":"purchasable","16":"product-type-simple","swatches":"rey-swatches","show_selected":"","stretch_labels":"rey-swatches--stretch-labels"},"acf":[],"yoast_head":"<!-- This site is optimized with the Yoast SEO plugin v25.4 - https:\/\/yoast.com\/wordpress\/plugins\/seo\/ -->\n<title>ZWILLING Z-CUT R\u00e2pe fine - dev6 Erresse<\/title>\n<meta name=\"description\" content=\"Une v\u00e9ritable r\u00e2pe polyvalente, petite mais puissante d\u00e9di\u00e9e \u00e0 ceux qui se font plaisir avec des ingr\u00e9dients sains et frais : d\u00e9couvrez la r\u00e2pe fine de la\" \/>\n<meta name=\"robots\" content=\"noindex, follow, max-snippet:-1, max-image-preview:large, max-video-preview:-1\" \/>\n<meta property=\"og:locale\" content=\"fr_FR\" \/>\n<meta property=\"og:type\" content=\"article\" \/>\n<meta property=\"og:title\" content=\"ZWILLING Z-CUT R\u00e2pe fine - dev6 Erresse\" \/>\n<meta property=\"og:description\" content=\"Une v\u00e9ritable r\u00e2pe polyvalente, petite mais puissante d\u00e9di\u00e9e \u00e0 ceux qui se font plaisir avec des ingr\u00e9dients sains et frais : d\u00e9couvrez la r\u00e2pe fine de la\" \/>\n<meta property=\"og:url\" content=\"https:\/\/dev6.erresse-shop.it\/fr\/shop\/cuisine\/outils\/zwilling-z-cut-rape-fine\/\" \/>\n<meta property=\"og:site_name\" content=\"dev6 Erresse\" \/>\n<meta property=\"og:image\" content=\"https:\/\/interpim.erresse-shop.it\/wp-content\/uploads\/2024\/07\/ZWILLING-Z-CUT-Grattugia-Fine.jpg\/zwilling-z-cut-grattugia-fine.jpg\" \/><meta property=\"og:image\" content=\"https:\/\/interpim.erresse-shop.it\/wp-content\/uploads\/2024\/07\/ZWILLING-Z-CUT-Grattugia-Fine.jpg\/zwilling-z-cut-grattugia-fine.jpg\" \/>\n\t<meta property=\"og:image:width\" content=\"1024\" \/>\n\t<meta property=\"og:image:height\" content=\"1024\" \/>\n\t<meta property=\"og:image:type\" content=\"image\/jpeg\" \/>\n<meta name=\"twitter:card\" content=\"summary_large_image\" \/>\n<meta name=\"twitter:image\" content=\"https:\/\/interpim.erresse-shop.it\/wp-content\/uploads\/2024\/07\/ZWILLING-Z-CUT-Grattugia-Fine.jpg\/zwilling-z-cut-grattugia-fine.jpg\" \/>\n<script type=\"application\/ld+json\" class=\"yoast-schema-graph\">{\"@context\":\"https:\/\/schema.org\",\"@graph\":[{\"@type\":\"WebPage\",\"@id\":\"https:\/\/dev6.erresse-shop.it\/fr\/shop\/cuisine\/outils\/zwilling-z-cut-rape-fine\/\",\"url\":\"https:\/\/dev6.erresse-shop.it\/fr\/shop\/cuisine\/outils\/zwilling-z-cut-rape-fine\/\",\"name\":\"ZWILLING Z-CUT R\u00e2pe fine - dev6 Erresse\",\"isPartOf\":{\"@id\":\"https:\/\/dev6.erresse-shop.it\/#website\"},\"primaryImageOfPage\":{\"@id\":\"https:\/\/dev6.erresse-shop.it\/fr\/shop\/cuisine\/outils\/zwilling-z-cut-rape-fine\/#primaryimage\"},\"image\":{\"@id\":\"https:\/\/dev6.erresse-shop.it\/fr\/shop\/cuisine\/outils\/zwilling-z-cut-rape-fine\/#primaryimage\"},\"thumbnailUrl\":\"https:\/\/i2.wp.com\/interpim.erresse-shop.it\/wp-content\/uploads\/2024\/07\/ZWILLING-Z-CUT-Grattugia-Fine.jpg\/zwilling-z-cut-grattugia-fine.jpg?ssl=1\",\"datePublished\":\"2026-04-12T09:21:11+00:00\",\"description\":\"Une v\u00e9ritable r\u00e2pe polyvalente, petite mais puissante d\u00e9di\u00e9e \u00e0 ceux qui se font plaisir avec des ingr\u00e9dients sains et frais : d\u00e9couvrez la r\u00e2pe fine de la\",\"breadcrumb\":{\"@id\":\"https:\/\/dev6.erresse-shop.it\/fr\/shop\/cuisine\/outils\/zwilling-z-cut-rape-fine\/#breadcrumb\"},\"inLanguage\":\"fr-FR\",\"potentialAction\":[{\"@type\":\"ReadAction\",\"target\":[\"https:\/\/dev6.erresse-shop.it\/fr\/shop\/cuisine\/outils\/zwilling-z-cut-rape-fine\/\"]}]},{\"@type\":\"ImageObject\",\"inLanguage\":\"fr-FR\",\"@id\":\"https:\/\/dev6.erresse-shop.it\/fr\/shop\/cuisine\/outils\/zwilling-z-cut-rape-fine\/#primaryimage\",\"url\":\"https:\/\/i2.wp.com\/interpim.erresse-shop.it\/wp-content\/uploads\/2024\/07\/ZWILLING-Z-CUT-Grattugia-Fine.jpg\/zwilling-z-cut-grattugia-fine.jpg?ssl=1\",\"contentUrl\":\"https:\/\/i2.wp.com\/interpim.erresse-shop.it\/wp-content\/uploads\/2024\/07\/ZWILLING-Z-CUT-Grattugia-Fine.jpg\/zwilling-z-cut-grattugia-fine.jpg?ssl=1\"},{\"@type\":\"BreadcrumbList\",\"@id\":\"https:\/\/dev6.erresse-shop.it\/fr\/shop\/cuisine\/outils\/zwilling-z-cut-rape-fine\/#breadcrumb\",\"itemListElement\":[{\"@type\":\"ListItem\",\"position\":1,\"name\":\"Home\",\"item\":\"https:\/\/dev6.erresse-shop.it\/\"},{\"@type\":\"ListItem\",\"position\":2,\"name\":\"Boutique\",\"item\":\"https:\/\/dev6.erresse-shop.it\/shop\/\"},{\"@type\":\"ListItem\",\"position\":3,\"name\":\"ZWILLING Z-CUT R\u00e2pe fine\"}]},{\"@type\":\"WebSite\",\"@id\":\"https:\/\/dev6.erresse-shop.it\/#website\",\"url\":\"https:\/\/dev6.erresse-shop.it\/\",\"name\":\"Erresse Shop\",\"description\":\"\",\"publisher\":{\"@id\":\"https:\/\/dev6.erresse-shop.it\/#organization\"},\"potentialAction\":[{\"@type\":\"SearchAction\",\"target\":{\"@type\":\"EntryPoint\",\"urlTemplate\":\"https:\/\/dev6.erresse-shop.it\/?s={search_term_string}\"},\"query-input\":{\"@type\":\"PropertyValueSpecification\",\"valueRequired\":true,\"valueName\":\"search_term_string\"}}],\"inLanguage\":\"fr-FR\"},{\"@type\":\"Organization\",\"@id\":\"https:\/\/dev6.erresse-shop.it\/#organization\",\"name\":\"Erresse Shop\",\"url\":\"https:\/\/dev6.erresse-shop.it\/\",\"logo\":{\"@type\":\"ImageObject\",\"inLanguage\":\"fr-FR\",\"@id\":\"https:\/\/dev6.erresse-shop.it\/#\/schema\/logo\/image\/\",\"url\":\"https:\/\/dev6.erresse-shop.it\/wp-content\/uploads\/2025\/01\/LOGO-ERRESSE-CLASSICO.svg\",\"contentUrl\":\"https:\/\/dev6.erresse-shop.it\/wp-content\/uploads\/2025\/01\/LOGO-ERRESSE-CLASSICO.svg\",\"caption\":\"Erresse Shop\"},\"image\":{\"@id\":\"https:\/\/dev6.erresse-shop.it\/#\/schema\/logo\/image\/\"}}]}<\/script>\n<!-- \/ Yoast SEO plugin. -->","yoast_head_json":{"title":"ZWILLING Z-CUT R\u00e2pe fine - dev6 Erresse","description":"Une v\u00e9ritable r\u00e2pe polyvalente, petite mais puissante d\u00e9di\u00e9e \u00e0 ceux qui se font plaisir avec des ingr\u00e9dients sains et frais : d\u00e9couvrez la r\u00e2pe fine de la","robots":{"index":"noindex","follow":"follow","max-snippet":"max-snippet:-1","max-image-preview":"max-image-preview:large","max-video-preview":"max-video-preview:-1"},"og_locale":"fr_FR","og_type":"article","og_title":"ZWILLING Z-CUT R\u00e2pe fine - dev6 Erresse","og_description":"Une v\u00e9ritable r\u00e2pe polyvalente, petite mais puissante d\u00e9di\u00e9e \u00e0 ceux qui se font plaisir avec des ingr\u00e9dients sains et frais : d\u00e9couvrez la r\u00e2pe fine de la","og_url":"https:\/\/dev6.erresse-shop.it\/fr\/shop\/cuisine\/outils\/zwilling-z-cut-rape-fine\/","og_site_name":"dev6 Erresse","og_image":[{"url":"https:\/\/interpim.erresse-shop.it\/wp-content\/uploads\/2024\/07\/ZWILLING-Z-CUT-Grattugia-Fine.jpg\/zwilling-z-cut-grattugia-fine.jpg","type":"","width":"","height":""},{"url":"https:\/\/interpim.erresse-shop.it\/wp-content\/uploads\/2024\/07\/ZWILLING-Z-CUT-Grattugia-Fine.jpg\/zwilling-z-cut-grattugia-fine.jpg","width":1024,"height":1024,"type":"image\/jpeg"}],"twitter_card":"summary_large_image","twitter_image":"https:\/\/interpim.erresse-shop.it\/wp-content\/uploads\/2024\/07\/ZWILLING-Z-CUT-Grattugia-Fine.jpg\/zwilling-z-cut-grattugia-fine.jpg","schema":{"@context":"https:\/\/schema.org","@graph":[{"@type":"WebPage","@id":"https:\/\/dev6.erresse-shop.it\/fr\/shop\/cuisine\/outils\/zwilling-z-cut-rape-fine\/","url":"https:\/\/dev6.erresse-shop.it\/fr\/shop\/cuisine\/outils\/zwilling-z-cut-rape-fine\/","name":"ZWILLING Z-CUT R\u00e2pe fine - dev6 Erresse","isPartOf":{"@id":"https:\/\/dev6.erresse-shop.it\/#website"},"primaryImageOfPage":{"@id":"https:\/\/dev6.erresse-shop.it\/fr\/shop\/cuisine\/outils\/zwilling-z-cut-rape-fine\/#primaryimage"},"image":{"@id":"https:\/\/dev6.erresse-shop.it\/fr\/shop\/cuisine\/outils\/zwilling-z-cut-rape-fine\/#primaryimage"},"thumbnailUrl":"https:\/\/i2.wp.com\/interpim.erresse-shop.it\/wp-content\/uploads\/2024\/07\/ZWILLING-Z-CUT-Grattugia-Fine.jpg\/zwilling-z-cut-grattugia-fine.jpg?ssl=1","datePublished":"2026-04-12T09:21:11+00:00","description":"Une v\u00e9ritable r\u00e2pe polyvalente, petite mais puissante d\u00e9di\u00e9e \u00e0 ceux qui se font plaisir avec des ingr\u00e9dients sains et frais : d\u00e9couvrez la r\u00e2pe fine de la","breadcrumb":{"@id":"https:\/\/dev6.erresse-shop.it\/fr\/shop\/cuisine\/outils\/zwilling-z-cut-rape-fine\/#breadcrumb"},"inLanguage":"fr-FR","potentialAction":[{"@type":"ReadAction","target":["https:\/\/dev6.erresse-shop.it\/fr\/shop\/cuisine\/outils\/zwilling-z-cut-rape-fine\/"]}]},{"@type":"ImageObject","inLanguage":"fr-FR","@id":"https:\/\/dev6.erresse-shop.it\/fr\/shop\/cuisine\/outils\/zwilling-z-cut-rape-fine\/#primaryimage","url":"https:\/\/i2.wp.com\/interpim.erresse-shop.it\/wp-content\/uploads\/2024\/07\/ZWILLING-Z-CUT-Grattugia-Fine.jpg\/zwilling-z-cut-grattugia-fine.jpg?ssl=1","contentUrl":"https:\/\/i2.wp.com\/interpim.erresse-shop.it\/wp-content\/uploads\/2024\/07\/ZWILLING-Z-CUT-Grattugia-Fine.jpg\/zwilling-z-cut-grattugia-fine.jpg?ssl=1"},{"@type":"BreadcrumbList","@id":"https:\/\/dev6.erresse-shop.it\/fr\/shop\/cuisine\/outils\/zwilling-z-cut-rape-fine\/#breadcrumb","itemListElement":[{"@type":"ListItem","position":1,"name":"Home","item":"https:\/\/dev6.erresse-shop.it\/"},{"@type":"ListItem","position":2,"name":"Boutique","item":"https:\/\/dev6.erresse-shop.it\/shop\/"},{"@type":"ListItem","position":3,"name":"ZWILLING Z-CUT R\u00e2pe fine"}]},{"@type":"WebSite","@id":"https:\/\/dev6.erresse-shop.it\/#website","url":"https:\/\/dev6.erresse-shop.it\/","name":"Erresse Shop","description":"","publisher":{"@id":"https:\/\/dev6.erresse-shop.it\/#organization"},"potentialAction":[{"@type":"SearchAction","target":{"@type":"EntryPoint","urlTemplate":"https:\/\/dev6.erresse-shop.it\/?s={search_term_string}"},"query-input":{"@type":"PropertyValueSpecification","valueRequired":true,"valueName":"search_term_string"}}],"inLanguage":"fr-FR"},{"@type":"Organization","@id":"https:\/\/dev6.erresse-shop.it\/#organization","name":"Erresse Shop","url":"https:\/\/dev6.erresse-shop.it\/","logo":{"@type":"ImageObject","inLanguage":"fr-FR","@id":"https:\/\/dev6.erresse-shop.it\/#\/schema\/logo\/image\/","url":"https:\/\/dev6.erresse-shop.it\/wp-content\/uploads\/2025\/01\/LOGO-ERRESSE-CLASSICO.svg","contentUrl":"https:\/\/dev6.erresse-shop.it\/wp-content\/uploads\/2025\/01\/LOGO-ERRESSE-CLASSICO.svg","caption":"Erresse Shop"},"image":{"@id":"https:\/\/dev6.erresse-shop.it\/#\/schema\/logo\/image\/"}}]}},"df_price":19.95,"df_sale_price":"","df_regular_price":19.95,"df_image_link":"https:\/\/i2.wp.com\/interpim.erresse-shop.it\/wp-content\/uploads\/2024\/07\/ZWILLING-Z-CUT-Grattugia-Fine.jpg\/zwilling-z-cut-grattugia-fine.jpg?resize=300,300&ssl=1","fifu_image_url":"https:\/\/interpim.erresse-shop.it\/wp-content\/uploads\/2024\/07\/ZWILLING-Z-CUT-Grattugia-Fine.jpg\/zwilling-z-cut-grattugia-fine.jpg","_links":{"self":[{"href":"https:\/\/dev6.erresse-shop.it\/fr\/wp-json\/wp\/v2\/product\/64453","targetHints":{"allow":["GET"]}}],"collection":[{"href":"https:\/\/dev6.erresse-shop.it\/fr\/wp-json\/wp\/v2\/product"}],"about":[{"href":"https:\/\/dev6.erresse-shop.it\/fr\/wp-json\/wp\/v2\/types\/product"}],"wp:featuredmedia":[{"embeddable":true,"href":"https:\/\/dev6.erresse-shop.it\/fr\/wp-json\/wp\/v2\/media\/6368715"}],"wp:attachment":[{"href":"https:\/\/dev6.erresse-shop.it\/fr\/wp-json\/wp\/v2\/media?parent=64453"}],"wp:term":[{"taxonomy":"product_cat","embeddable":true,"href":"https:\/\/dev6.erresse-shop.it\/fr\/wp-json\/wp\/v2\/product_cat?post=64453"},{"taxonomy":"product_tag","embeddable":true,"href":"https:\/\/dev6.erresse-shop.it\/fr\/wp-json\/wp\/v2\/product_tag?post=64453"}],"curies":[{"name":"wp","href":"https:\/\/api.w.org\/{rel}","templated":true}]}}