{"id":64451,"date":"2026-04-12T11:21:11","date_gmt":"2026-04-12T09:21:11","guid":{"rendered":"https:\/\/dev6.erresse-shop.it\/shop\/non%20class\u00e9\/zwilling-z-cut-rape-verticale-4-cotes\/"},"modified":"2025-09-14T05:41:00","modified_gmt":"2025-09-14T03:41:00","slug":"zwilling-z-cut-rape-verticale-4-cotes","status":"publish","type":"product","link":"https:\/\/dev6.erresse-shop.it\/fr\/shop\/cuisine\/outils\/zwilling-z-cut-rape-verticale-4-cotes\/","title":{"rendered":"ZWILLING Z-CUT R\u00e2pe verticale 4 c\u00f4t\u00e9s"},"content":{"rendered":"<p>Vous aimez cuisiner l\u00e9ger et sain et aimez la polyvalence de votre menu hebdomadaire ? La r\u00e2pe 6 en 1 de la s\u00e9rie ZWILLING Z-Cut est l\u2019outil parfait pour vous. Cet outil polyvalent de cuisine vous aidera \u00e0 r\u00e2per, trancher finement et couper du fromage, des fruits, des l\u00e9gumes, des noix et m\u00eame du chocolat. Vous aurez \u00e0 votre disposition toute la polyvalence de ses quatre faces pour r\u00e2per, d\u2019une r\u00e2pe fine et grossi\u00e8re et d\u2019une lame tranchante des deux c\u00f4t\u00e9s. Les lames sont le r\u00e9sultat de notre vaste savoir-faire et des technologies que nous utilisons pour les lames et les couteaux : gr\u00e2ce \u00e0 la technologie brevet\u00e9e Z-Cut, le r\u00e2page est v\u00e9ritablement imm\u00e9diat. Les lames en acier inoxydable 18\/10 vous permettent de travailler dans les deux sens, avec moins d\u2019effort et en moins de temps. Mais ce n\u2019est pas tout : cette r\u00e2pe multifonctionnelle vous r\u00e9serve de nombreuses autres solutions intelligentes. Le r\u00e9cipient int\u00e9gr\u00e9 vous permet de retirer ce que vous avez r\u00e2p\u00e9 facilement et sans rien salir. Le fond antid\u00e9rapant est parfait pour maintenir la r\u00e2pe stable, m\u00eame lors des op\u00e9rations les plus intenses. Et avec le rev\u00eatement appropri\u00e9, la r\u00e2pe sera toujours en s\u00e9curit\u00e9. La r\u00e2pe a \u00e9t\u00e9 con\u00e7ue par le duo de designers milanais Matteo Thun et Antonio Rodriguez et surprend par son look minimal. Apr\u00e8s utilisation, vous pouvez \u00e9galement le mettre au lave-vaisselle, il sera donc tr\u00e8s facile \u00e0 nettoyer.<\/p>\n<p>Quatre c\u00f4t\u00e9s pour r\u00e2per, hacher finement, trancher et couper en flocons ou en lani\u00e8res<br \/>\nPasse au lave-vaisselle, il conserve sa forme et son apparence et dure longtemps<br \/>\nFabriqu\u00e9 en acier inoxydable 18\/10<br \/>\nConception ZWILLING Z-Cut avec technologie de lame bidirectionnelle<br \/>\nPlus s\u00fbr : avec rev\u00eatement protecteur et fond en caoutchouc antid\u00e9rapant<br \/>\nConteneur amovible pour travailler sans rien salir<\/p>\n","protected":false},"excerpt":{"rendered":"<p>Vous aimez cuisiner l\u00e9ger et sain et aimez la polyvalence de votre menu hebdomadaire ? La r\u00e2pe 6 en 1 de la s\u00e9rie ZWILLING Z-Cut est l\u2019outil parfait pour vous. Cet outil polyvalent de cuisine vous aidera \u00e0 r\u00e2per, trancher finement et couper du fromage, des fruits, des l\u00e9gumes, des noix et m\u00eame du chocolat. [&hellip;]<\/p>\n","protected":false},"featured_media":6368701,"template":"","meta":{"_acf_changed":false},"product_cat":[11992,12008,12053,11684],"product_tag":[],"class_list":{"0":"post-64451","1":"product","2":"type-product","3":"status-publish","4":"has-post-thumbnail","6":"product_cat-cuisine","7":"product_cat-outils","8":"product_cat-rapes","9":"product_cat-utensili","11":"first","12":"instock","13":"sale","14":"taxable","15":"shipping-taxable","16":"purchasable","17":"product-type-simple","swatches":"rey-swatches","show_selected":"","stretch_labels":"rey-swatches--stretch-labels"},"acf":[],"yoast_head":"<!-- This site is optimized with the Yoast SEO plugin v25.4 - https:\/\/yoast.com\/wordpress\/plugins\/seo\/ -->\n<title>ZWILLING Z-CUT R\u00e2pe verticale 4 c\u00f4t\u00e9s - dev6 Erresse<\/title>\n<meta name=\"description\" content=\"Vous aimez cuisiner l\u00e9ger et sain et aimez la polyvalence de votre menu hebdomadaire ? La r\u00e2pe 6 en 1 de la s\u00e9rie ZWILLING Z-Cut est l\u2019outil parfait pour\" \/>\n<meta name=\"robots\" content=\"noindex, follow, max-snippet:-1, max-image-preview:large, max-video-preview:-1\" \/>\n<meta property=\"og:locale\" content=\"fr_FR\" \/>\n<meta property=\"og:type\" content=\"article\" \/>\n<meta property=\"og:title\" content=\"ZWILLING Z-CUT R\u00e2pe verticale 4 c\u00f4t\u00e9s - dev6 Erresse\" \/>\n<meta property=\"og:description\" content=\"Vous aimez cuisiner l\u00e9ger et sain et aimez la polyvalence de votre menu hebdomadaire ? La r\u00e2pe 6 en 1 de la s\u00e9rie ZWILLING Z-Cut est l\u2019outil parfait pour\" \/>\n<meta property=\"og:url\" content=\"https:\/\/dev6.erresse-shop.it\/fr\/shop\/cuisine\/outils\/zwilling-z-cut-rape-verticale-4-cotes\/\" \/>\n<meta property=\"og:site_name\" content=\"dev6 Erresse\" \/>\n<meta property=\"og:image\" content=\"https:\/\/interpim.erresse-shop.it\/Import\/Prodotti\/zwilling-z-cut-grattugia-verticale-4-lati.jpg\" \/><meta property=\"og:image\" content=\"https:\/\/interpim.erresse-shop.it\/Import\/Prodotti\/zwilling-z-cut-grattugia-verticale-4-lati.jpg\" \/>\n\t<meta property=\"og:image:width\" content=\"1024\" \/>\n\t<meta property=\"og:image:height\" content=\"1024\" \/>\n\t<meta property=\"og:image:type\" content=\"image\/jpeg\" \/>\n<meta name=\"twitter:card\" content=\"summary_large_image\" \/>\n<meta name=\"twitter:image\" content=\"https:\/\/interpim.erresse-shop.it\/Import\/Prodotti\/zwilling-z-cut-grattugia-verticale-4-lati.jpg\" \/>\n<script type=\"application\/ld+json\" class=\"yoast-schema-graph\">{\"@context\":\"https:\/\/schema.org\",\"@graph\":[{\"@type\":\"WebPage\",\"@id\":\"https:\/\/dev6.erresse-shop.it\/fr\/shop\/cuisine\/outils\/zwilling-z-cut-rape-verticale-4-cotes\/\",\"url\":\"https:\/\/dev6.erresse-shop.it\/fr\/shop\/cuisine\/outils\/zwilling-z-cut-rape-verticale-4-cotes\/\",\"name\":\"ZWILLING Z-CUT R\u00e2pe verticale 4 c\u00f4t\u00e9s - dev6 Erresse\",\"isPartOf\":{\"@id\":\"https:\/\/dev6.erresse-shop.it\/#website\"},\"primaryImageOfPage\":{\"@id\":\"https:\/\/dev6.erresse-shop.it\/fr\/shop\/cuisine\/outils\/zwilling-z-cut-rape-verticale-4-cotes\/#primaryimage\"},\"image\":{\"@id\":\"https:\/\/dev6.erresse-shop.it\/fr\/shop\/cuisine\/outils\/zwilling-z-cut-rape-verticale-4-cotes\/#primaryimage\"},\"thumbnailUrl\":\"https:\/\/i3.wp.com\/interpim.erresse-shop.it\/Import\/Prodotti\/zwilling-z-cut-grattugia-verticale-4-lati.jpg?ssl=1\",\"datePublished\":\"2026-04-12T09:21:11+00:00\",\"description\":\"Vous aimez cuisiner l\u00e9ger et sain et aimez la polyvalence de votre menu hebdomadaire ? La r\u00e2pe 6 en 1 de la s\u00e9rie ZWILLING Z-Cut est l\u2019outil parfait pour\",\"breadcrumb\":{\"@id\":\"https:\/\/dev6.erresse-shop.it\/fr\/shop\/cuisine\/outils\/zwilling-z-cut-rape-verticale-4-cotes\/#breadcrumb\"},\"inLanguage\":\"fr-FR\",\"potentialAction\":[{\"@type\":\"ReadAction\",\"target\":[\"https:\/\/dev6.erresse-shop.it\/fr\/shop\/cuisine\/outils\/zwilling-z-cut-rape-verticale-4-cotes\/\"]}]},{\"@type\":\"ImageObject\",\"inLanguage\":\"fr-FR\",\"@id\":\"https:\/\/dev6.erresse-shop.it\/fr\/shop\/cuisine\/outils\/zwilling-z-cut-rape-verticale-4-cotes\/#primaryimage\",\"url\":\"https:\/\/i3.wp.com\/interpim.erresse-shop.it\/Import\/Prodotti\/zwilling-z-cut-grattugia-verticale-4-lati.jpg?ssl=1\",\"contentUrl\":\"https:\/\/i3.wp.com\/interpim.erresse-shop.it\/Import\/Prodotti\/zwilling-z-cut-grattugia-verticale-4-lati.jpg?ssl=1\"},{\"@type\":\"BreadcrumbList\",\"@id\":\"https:\/\/dev6.erresse-shop.it\/fr\/shop\/cuisine\/outils\/zwilling-z-cut-rape-verticale-4-cotes\/#breadcrumb\",\"itemListElement\":[{\"@type\":\"ListItem\",\"position\":1,\"name\":\"Home\",\"item\":\"https:\/\/dev6.erresse-shop.it\/\"},{\"@type\":\"ListItem\",\"position\":2,\"name\":\"Boutique\",\"item\":\"https:\/\/dev6.erresse-shop.it\/shop\/\"},{\"@type\":\"ListItem\",\"position\":3,\"name\":\"ZWILLING Z-CUT R\u00e2pe verticale 4 c\u00f4t\u00e9s\"}]},{\"@type\":\"WebSite\",\"@id\":\"https:\/\/dev6.erresse-shop.it\/#website\",\"url\":\"https:\/\/dev6.erresse-shop.it\/\",\"name\":\"Erresse Shop\",\"description\":\"\",\"publisher\":{\"@id\":\"https:\/\/dev6.erresse-shop.it\/#organization\"},\"potentialAction\":[{\"@type\":\"SearchAction\",\"target\":{\"@type\":\"EntryPoint\",\"urlTemplate\":\"https:\/\/dev6.erresse-shop.it\/?s={search_term_string}\"},\"query-input\":{\"@type\":\"PropertyValueSpecification\",\"valueRequired\":true,\"valueName\":\"search_term_string\"}}],\"inLanguage\":\"fr-FR\"},{\"@type\":\"Organization\",\"@id\":\"https:\/\/dev6.erresse-shop.it\/#organization\",\"name\":\"Erresse Shop\",\"url\":\"https:\/\/dev6.erresse-shop.it\/\",\"logo\":{\"@type\":\"ImageObject\",\"inLanguage\":\"fr-FR\",\"@id\":\"https:\/\/dev6.erresse-shop.it\/#\/schema\/logo\/image\/\",\"url\":\"https:\/\/dev6.erresse-shop.it\/wp-content\/uploads\/2025\/01\/LOGO-ERRESSE-CLASSICO.svg\",\"contentUrl\":\"https:\/\/dev6.erresse-shop.it\/wp-content\/uploads\/2025\/01\/LOGO-ERRESSE-CLASSICO.svg\",\"caption\":\"Erresse Shop\"},\"image\":{\"@id\":\"https:\/\/dev6.erresse-shop.it\/#\/schema\/logo\/image\/\"}}]}<\/script>\n<!-- \/ Yoast SEO plugin. -->","yoast_head_json":{"title":"ZWILLING Z-CUT R\u00e2pe verticale 4 c\u00f4t\u00e9s - dev6 Erresse","description":"Vous aimez cuisiner l\u00e9ger et sain et aimez la polyvalence de votre menu hebdomadaire ? La r\u00e2pe 6 en 1 de la s\u00e9rie ZWILLING Z-Cut est l\u2019outil parfait pour","robots":{"index":"noindex","follow":"follow","max-snippet":"max-snippet:-1","max-image-preview":"max-image-preview:large","max-video-preview":"max-video-preview:-1"},"og_locale":"fr_FR","og_type":"article","og_title":"ZWILLING Z-CUT R\u00e2pe verticale 4 c\u00f4t\u00e9s - dev6 Erresse","og_description":"Vous aimez cuisiner l\u00e9ger et sain et aimez la polyvalence de votre menu hebdomadaire ? La r\u00e2pe 6 en 1 de la s\u00e9rie ZWILLING Z-Cut est l\u2019outil parfait pour","og_url":"https:\/\/dev6.erresse-shop.it\/fr\/shop\/cuisine\/outils\/zwilling-z-cut-rape-verticale-4-cotes\/","og_site_name":"dev6 Erresse","og_image":[{"url":"https:\/\/interpim.erresse-shop.it\/Import\/Prodotti\/zwilling-z-cut-grattugia-verticale-4-lati.jpg","type":"","width":"","height":""},{"url":"https:\/\/interpim.erresse-shop.it\/Import\/Prodotti\/zwilling-z-cut-grattugia-verticale-4-lati.jpg","width":1024,"height":1024,"type":"image\/jpeg"}],"twitter_card":"summary_large_image","twitter_image":"https:\/\/interpim.erresse-shop.it\/Import\/Prodotti\/zwilling-z-cut-grattugia-verticale-4-lati.jpg","schema":{"@context":"https:\/\/schema.org","@graph":[{"@type":"WebPage","@id":"https:\/\/dev6.erresse-shop.it\/fr\/shop\/cuisine\/outils\/zwilling-z-cut-rape-verticale-4-cotes\/","url":"https:\/\/dev6.erresse-shop.it\/fr\/shop\/cuisine\/outils\/zwilling-z-cut-rape-verticale-4-cotes\/","name":"ZWILLING Z-CUT R\u00e2pe verticale 4 c\u00f4t\u00e9s - dev6 Erresse","isPartOf":{"@id":"https:\/\/dev6.erresse-shop.it\/#website"},"primaryImageOfPage":{"@id":"https:\/\/dev6.erresse-shop.it\/fr\/shop\/cuisine\/outils\/zwilling-z-cut-rape-verticale-4-cotes\/#primaryimage"},"image":{"@id":"https:\/\/dev6.erresse-shop.it\/fr\/shop\/cuisine\/outils\/zwilling-z-cut-rape-verticale-4-cotes\/#primaryimage"},"thumbnailUrl":"https:\/\/i3.wp.com\/interpim.erresse-shop.it\/Import\/Prodotti\/zwilling-z-cut-grattugia-verticale-4-lati.jpg?ssl=1","datePublished":"2026-04-12T09:21:11+00:00","description":"Vous aimez cuisiner l\u00e9ger et sain et aimez la polyvalence de votre menu hebdomadaire ? La r\u00e2pe 6 en 1 de la s\u00e9rie ZWILLING Z-Cut est l\u2019outil parfait pour","breadcrumb":{"@id":"https:\/\/dev6.erresse-shop.it\/fr\/shop\/cuisine\/outils\/zwilling-z-cut-rape-verticale-4-cotes\/#breadcrumb"},"inLanguage":"fr-FR","potentialAction":[{"@type":"ReadAction","target":["https:\/\/dev6.erresse-shop.it\/fr\/shop\/cuisine\/outils\/zwilling-z-cut-rape-verticale-4-cotes\/"]}]},{"@type":"ImageObject","inLanguage":"fr-FR","@id":"https:\/\/dev6.erresse-shop.it\/fr\/shop\/cuisine\/outils\/zwilling-z-cut-rape-verticale-4-cotes\/#primaryimage","url":"https:\/\/i3.wp.com\/interpim.erresse-shop.it\/Import\/Prodotti\/zwilling-z-cut-grattugia-verticale-4-lati.jpg?ssl=1","contentUrl":"https:\/\/i3.wp.com\/interpim.erresse-shop.it\/Import\/Prodotti\/zwilling-z-cut-grattugia-verticale-4-lati.jpg?ssl=1"},{"@type":"BreadcrumbList","@id":"https:\/\/dev6.erresse-shop.it\/fr\/shop\/cuisine\/outils\/zwilling-z-cut-rape-verticale-4-cotes\/#breadcrumb","itemListElement":[{"@type":"ListItem","position":1,"name":"Home","item":"https:\/\/dev6.erresse-shop.it\/"},{"@type":"ListItem","position":2,"name":"Boutique","item":"https:\/\/dev6.erresse-shop.it\/shop\/"},{"@type":"ListItem","position":3,"name":"ZWILLING Z-CUT R\u00e2pe verticale 4 c\u00f4t\u00e9s"}]},{"@type":"WebSite","@id":"https:\/\/dev6.erresse-shop.it\/#website","url":"https:\/\/dev6.erresse-shop.it\/","name":"Erresse Shop","description":"","publisher":{"@id":"https:\/\/dev6.erresse-shop.it\/#organization"},"potentialAction":[{"@type":"SearchAction","target":{"@type":"EntryPoint","urlTemplate":"https:\/\/dev6.erresse-shop.it\/?s={search_term_string}"},"query-input":{"@type":"PropertyValueSpecification","valueRequired":true,"valueName":"search_term_string"}}],"inLanguage":"fr-FR"},{"@type":"Organization","@id":"https:\/\/dev6.erresse-shop.it\/#organization","name":"Erresse Shop","url":"https:\/\/dev6.erresse-shop.it\/","logo":{"@type":"ImageObject","inLanguage":"fr-FR","@id":"https:\/\/dev6.erresse-shop.it\/#\/schema\/logo\/image\/","url":"https:\/\/dev6.erresse-shop.it\/wp-content\/uploads\/2025\/01\/LOGO-ERRESSE-CLASSICO.svg","contentUrl":"https:\/\/dev6.erresse-shop.it\/wp-content\/uploads\/2025\/01\/LOGO-ERRESSE-CLASSICO.svg","caption":"Erresse Shop"},"image":{"@id":"https:\/\/dev6.erresse-shop.it\/#\/schema\/logo\/image\/"}}]}},"df_price":38,"df_sale_price":38,"df_regular_price":44.95,"df_image_link":"https:\/\/i3.wp.com\/interpim.erresse-shop.it\/Import\/Prodotti\/zwilling-z-cut-grattugia-verticale-4-lati.jpg?resize=300,300&ssl=1","fifu_image_url":"https:\/\/interpim.erresse-shop.it\/Import\/Prodotti\/zwilling-z-cut-grattugia-verticale-4-lati.jpg","_links":{"self":[{"href":"https:\/\/dev6.erresse-shop.it\/fr\/wp-json\/wp\/v2\/product\/64451","targetHints":{"allow":["GET"]}}],"collection":[{"href":"https:\/\/dev6.erresse-shop.it\/fr\/wp-json\/wp\/v2\/product"}],"about":[{"href":"https:\/\/dev6.erresse-shop.it\/fr\/wp-json\/wp\/v2\/types\/product"}],"wp:featuredmedia":[{"embeddable":true,"href":"https:\/\/dev6.erresse-shop.it\/fr\/wp-json\/wp\/v2\/media\/6368701"}],"wp:attachment":[{"href":"https:\/\/dev6.erresse-shop.it\/fr\/wp-json\/wp\/v2\/media?parent=64451"}],"wp:term":[{"taxonomy":"product_cat","embeddable":true,"href":"https:\/\/dev6.erresse-shop.it\/fr\/wp-json\/wp\/v2\/product_cat?post=64451"},{"taxonomy":"product_tag","embeddable":true,"href":"https:\/\/dev6.erresse-shop.it\/fr\/wp-json\/wp\/v2\/product_tag?post=64451"}],"curies":[{"name":"wp","href":"https:\/\/api.w.org\/{rel}","templated":true}]}}