{"id":64449,"date":"2026-04-12T11:21:11","date_gmt":"2026-04-12T09:21:11","guid":{"rendered":"https:\/\/dev6.erresse-shop.it\/shop\/non%20class\u00e9\/zwilling-z-cut-rape-multifonction\/"},"modified":"2026-01-16T22:16:03","modified_gmt":"2026-01-16T21:16:03","slug":"zwilling-z-cut-rape-multifonction","status":"publish","type":"product","link":"https:\/\/dev6.erresse-shop.it\/fr\/shop\/cuisine\/outils\/zwilling-z-cut-rape-multifonction\/","title":{"rendered":"ZWILLING Z-CUT R\u00e2pe multifonction"},"content":{"rendered":"<p>Le polyvalent compact pour votre cuisine : la r\u00e2pe multifonction de la s\u00e9rie ZWILLING Z-Cut coupe, tranche et r\u00e2pe avec un seul outil indispensable. Les quatre lames interchangeables (r\u00e2pe fine, moyenne, grossi\u00e8re et lame coupante) rendent cet outil multifonction indispensable pour traiter rapidement et facilement les fruits, les l\u00e9gumes, les fromages \u00e0 p\u00e2te dure, les fruits secs et le chocolat. Incroyablement efficace : cette r\u00e2pe polyvalente utilise la technologie brevet\u00e9e Z-Cut. Les lames sont le r\u00e9sultat de notre vaste savoir-faire et des technologies que nous utilisons pour les lames et les couteaux. Gr\u00e2ce \u00e0 la fonction de coupe bidirectionnelle, couper les ingr\u00e9dients en portions faciles \u00e0 mordre est un jeu d\u2019enfant. L\u2019accessoire pour petite quantit\u00e9 est id\u00e9al pour traiter des ingr\u00e9dients infimes, sans risque de blessure gr\u00e2ce \u00e0 la protection des doigts int\u00e9gr\u00e9e. Le r\u00e9cipient peut \u00e9galement \u00eatre facilement retir\u00e9 et, gr\u00e2ce \u00e0 son fond caoutchout\u00e9, il conf\u00e8re \u00e0 la r\u00e2pe une incroyable stabilit\u00e9, pour un meilleur contr\u00f4le. M\u00eame l\u2019\u0153il veut sa part : son design moderne et minimal na\u00eet de la cr\u00e9ativit\u00e9 du duo milanais Matteo Thun et Antonio Rodriguez. La r\u00e2pe peut \u00eatre facilement lav\u00e9e au lave-vaisselle et est vraiment facile \u00e0 nettoyer. Un conseil : essayez d\u2019utiliser la r\u00e2pe directement sur les sets sous vide ZWILLING FRESH &amp; SAVE de taille M ou L pour conserver ce que vous avez r\u00e2p\u00e9, sans avoir \u00e0 d\u00e9canter et sans faire de d\u00e9g\u00e2ts.<\/p>\n<p>R\u00e2pe multifonctionnelle compacte 7 en 1<br \/>\n4 inserts de lames interchangeables pour r\u00e2per, couper finement ou trancher<br \/>\nAccessoire avec protection des doigts int\u00e9gr\u00e9e : s\u00e9curit\u00e9 maximale<br \/>\nConception ZWILLING Z-Cut avec technologie de lame bidirectionnelle<br \/>\nDes r\u00e9sultats optimaux, sans aucun effort<br \/>\nPasse au lave-vaisselle, conserve sa forme et son apparence<br \/>\nPatins antid\u00e9rapants pour toujours l\u2019utiliser en toute s\u00e9curit\u00e9<br \/>\nUtilisez-le avec les ensembles FRESH &amp; SAVE en taille M et L<\/p>\n","protected":false},"excerpt":{"rendered":"<p>Le polyvalent compact pour votre cuisine : la r\u00e2pe multifonction de la s\u00e9rie ZWILLING Z-Cut coupe, tranche et r\u00e2pe avec un seul outil indispensable. Les quatre lames interchangeables (r\u00e2pe fine, moyenne, grossi\u00e8re et lame coupante) rendent cet outil multifonction indispensable pour traiter rapidement et facilement les fruits, les l\u00e9gumes, les fromages \u00e0 p\u00e2te dure, les [&hellip;]<\/p>\n","protected":false},"featured_media":6368683,"template":"","meta":{"_acf_changed":false},"product_cat":[11992,12008,12053,11684],"product_tag":[],"class_list":{"0":"post-64449","1":"product","2":"type-product","3":"status-publish","4":"has-post-thumbnail","6":"product_cat-cuisine","7":"product_cat-outils","8":"product_cat-rapes","9":"product_cat-utensili","11":"first","12":"instock","13":"sale","14":"taxable","15":"shipping-taxable","16":"purchasable","17":"product-type-simple","swatches":"rey-swatches","show_selected":"","stretch_labels":"rey-swatches--stretch-labels"},"acf":[],"yoast_head":"<!-- This site is optimized with the Yoast SEO plugin v25.4 - https:\/\/yoast.com\/wordpress\/plugins\/seo\/ -->\n<title>ZWILLING Z-CUT R\u00e2pe multifonction - dev6 Erresse<\/title>\n<meta name=\"description\" content=\"Le polyvalent compact pour votre cuisine : la r\u00e2pe multifonction de la s\u00e9rie ZWILLING Z-Cut coupe, tranche et r\u00e2pe avec un seul outil indispensable. Les\" \/>\n<meta name=\"robots\" content=\"noindex, follow, max-snippet:-1, max-image-preview:large, max-video-preview:-1\" \/>\n<meta property=\"og:locale\" content=\"fr_FR\" \/>\n<meta property=\"og:type\" content=\"article\" \/>\n<meta property=\"og:title\" content=\"ZWILLING Z-CUT R\u00e2pe multifonction - dev6 Erresse\" \/>\n<meta property=\"og:description\" content=\"Le polyvalent compact pour votre cuisine : la r\u00e2pe multifonction de la s\u00e9rie ZWILLING Z-Cut coupe, tranche et r\u00e2pe avec un seul outil indispensable. Les\" \/>\n<meta property=\"og:url\" content=\"https:\/\/dev6.erresse-shop.it\/fr\/shop\/cuisine\/outils\/zwilling-z-cut-rape-multifonction\/\" \/>\n<meta property=\"og:site_name\" content=\"dev6 Erresse\" \/>\n<meta property=\"og:image\" content=\"https:\/\/interpim.erresse-shop.it\/wp-content\/uploads\/2024\/07\/ZWILLING-Z-CUT-Grattugia-Multifunzione.jpg\/zwilling-z-cut-grattugia-multifunzione.jpg\" \/><meta property=\"og:image\" content=\"https:\/\/interpim.erresse-shop.it\/wp-content\/uploads\/2024\/07\/ZWILLING-Z-CUT-Grattugia-Multifunzione.jpg\/zwilling-z-cut-grattugia-multifunzione.jpg\" \/>\n\t<meta property=\"og:image:width\" content=\"1024\" \/>\n\t<meta property=\"og:image:height\" content=\"1024\" \/>\n\t<meta property=\"og:image:type\" content=\"image\/jpeg\" \/>\n<meta name=\"twitter:card\" content=\"summary_large_image\" \/>\n<meta name=\"twitter:image\" content=\"https:\/\/interpim.erresse-shop.it\/wp-content\/uploads\/2024\/07\/ZWILLING-Z-CUT-Grattugia-Multifunzione.jpg\/zwilling-z-cut-grattugia-multifunzione.jpg\" \/>\n<script type=\"application\/ld+json\" class=\"yoast-schema-graph\">{\"@context\":\"https:\/\/schema.org\",\"@graph\":[{\"@type\":\"WebPage\",\"@id\":\"https:\/\/dev6.erresse-shop.it\/fr\/shop\/cuisine\/outils\/zwilling-z-cut-rape-multifonction\/\",\"url\":\"https:\/\/dev6.erresse-shop.it\/fr\/shop\/cuisine\/outils\/zwilling-z-cut-rape-multifonction\/\",\"name\":\"ZWILLING Z-CUT R\u00e2pe multifonction - dev6 Erresse\",\"isPartOf\":{\"@id\":\"https:\/\/dev6.erresse-shop.it\/#website\"},\"primaryImageOfPage\":{\"@id\":\"https:\/\/dev6.erresse-shop.it\/fr\/shop\/cuisine\/outils\/zwilling-z-cut-rape-multifonction\/#primaryimage\"},\"image\":{\"@id\":\"https:\/\/dev6.erresse-shop.it\/fr\/shop\/cuisine\/outils\/zwilling-z-cut-rape-multifonction\/#primaryimage\"},\"thumbnailUrl\":\"https:\/\/i0.wp.com\/interpim.erresse-shop.it\/wp-content\/uploads\/2024\/07\/ZWILLING-Z-CUT-Grattugia-Multifunzione.jpg\/zwilling-z-cut-grattugia-multifunzione.jpg?ssl=1\",\"datePublished\":\"2026-04-12T09:21:11+00:00\",\"description\":\"Le polyvalent compact pour votre cuisine : la r\u00e2pe multifonction de la s\u00e9rie ZWILLING Z-Cut coupe, tranche et r\u00e2pe avec un seul outil indispensable. Les\",\"breadcrumb\":{\"@id\":\"https:\/\/dev6.erresse-shop.it\/fr\/shop\/cuisine\/outils\/zwilling-z-cut-rape-multifonction\/#breadcrumb\"},\"inLanguage\":\"fr-FR\",\"potentialAction\":[{\"@type\":\"ReadAction\",\"target\":[\"https:\/\/dev6.erresse-shop.it\/fr\/shop\/cuisine\/outils\/zwilling-z-cut-rape-multifonction\/\"]}]},{\"@type\":\"ImageObject\",\"inLanguage\":\"fr-FR\",\"@id\":\"https:\/\/dev6.erresse-shop.it\/fr\/shop\/cuisine\/outils\/zwilling-z-cut-rape-multifonction\/#primaryimage\",\"url\":\"https:\/\/i0.wp.com\/interpim.erresse-shop.it\/wp-content\/uploads\/2024\/07\/ZWILLING-Z-CUT-Grattugia-Multifunzione.jpg\/zwilling-z-cut-grattugia-multifunzione.jpg?ssl=1\",\"contentUrl\":\"https:\/\/i0.wp.com\/interpim.erresse-shop.it\/wp-content\/uploads\/2024\/07\/ZWILLING-Z-CUT-Grattugia-Multifunzione.jpg\/zwilling-z-cut-grattugia-multifunzione.jpg?ssl=1\"},{\"@type\":\"BreadcrumbList\",\"@id\":\"https:\/\/dev6.erresse-shop.it\/fr\/shop\/cuisine\/outils\/zwilling-z-cut-rape-multifonction\/#breadcrumb\",\"itemListElement\":[{\"@type\":\"ListItem\",\"position\":1,\"name\":\"Home\",\"item\":\"https:\/\/dev6.erresse-shop.it\/\"},{\"@type\":\"ListItem\",\"position\":2,\"name\":\"Boutique\",\"item\":\"https:\/\/dev6.erresse-shop.it\/shop\/\"},{\"@type\":\"ListItem\",\"position\":3,\"name\":\"ZWILLING Z-CUT R\u00e2pe multifonction\"}]},{\"@type\":\"WebSite\",\"@id\":\"https:\/\/dev6.erresse-shop.it\/#website\",\"url\":\"https:\/\/dev6.erresse-shop.it\/\",\"name\":\"Erresse Shop\",\"description\":\"\",\"publisher\":{\"@id\":\"https:\/\/dev6.erresse-shop.it\/#organization\"},\"potentialAction\":[{\"@type\":\"SearchAction\",\"target\":{\"@type\":\"EntryPoint\",\"urlTemplate\":\"https:\/\/dev6.erresse-shop.it\/?s={search_term_string}\"},\"query-input\":{\"@type\":\"PropertyValueSpecification\",\"valueRequired\":true,\"valueName\":\"search_term_string\"}}],\"inLanguage\":\"fr-FR\"},{\"@type\":\"Organization\",\"@id\":\"https:\/\/dev6.erresse-shop.it\/#organization\",\"name\":\"Erresse Shop\",\"url\":\"https:\/\/dev6.erresse-shop.it\/\",\"logo\":{\"@type\":\"ImageObject\",\"inLanguage\":\"fr-FR\",\"@id\":\"https:\/\/dev6.erresse-shop.it\/#\/schema\/logo\/image\/\",\"url\":\"https:\/\/dev6.erresse-shop.it\/wp-content\/uploads\/2025\/01\/LOGO-ERRESSE-CLASSICO.svg\",\"contentUrl\":\"https:\/\/dev6.erresse-shop.it\/wp-content\/uploads\/2025\/01\/LOGO-ERRESSE-CLASSICO.svg\",\"caption\":\"Erresse Shop\"},\"image\":{\"@id\":\"https:\/\/dev6.erresse-shop.it\/#\/schema\/logo\/image\/\"}}]}<\/script>\n<!-- \/ Yoast SEO plugin. -->","yoast_head_json":{"title":"ZWILLING Z-CUT R\u00e2pe multifonction - dev6 Erresse","description":"Le polyvalent compact pour votre cuisine : la r\u00e2pe multifonction de la s\u00e9rie ZWILLING Z-Cut coupe, tranche et r\u00e2pe avec un seul outil indispensable. Les","robots":{"index":"noindex","follow":"follow","max-snippet":"max-snippet:-1","max-image-preview":"max-image-preview:large","max-video-preview":"max-video-preview:-1"},"og_locale":"fr_FR","og_type":"article","og_title":"ZWILLING Z-CUT R\u00e2pe multifonction - dev6 Erresse","og_description":"Le polyvalent compact pour votre cuisine : la r\u00e2pe multifonction de la s\u00e9rie ZWILLING Z-Cut coupe, tranche et r\u00e2pe avec un seul outil indispensable. Les","og_url":"https:\/\/dev6.erresse-shop.it\/fr\/shop\/cuisine\/outils\/zwilling-z-cut-rape-multifonction\/","og_site_name":"dev6 Erresse","og_image":[{"url":"https:\/\/interpim.erresse-shop.it\/wp-content\/uploads\/2024\/07\/ZWILLING-Z-CUT-Grattugia-Multifunzione.jpg\/zwilling-z-cut-grattugia-multifunzione.jpg","type":"","width":"","height":""},{"url":"https:\/\/interpim.erresse-shop.it\/wp-content\/uploads\/2024\/07\/ZWILLING-Z-CUT-Grattugia-Multifunzione.jpg\/zwilling-z-cut-grattugia-multifunzione.jpg","width":1024,"height":1024,"type":"image\/jpeg"}],"twitter_card":"summary_large_image","twitter_image":"https:\/\/interpim.erresse-shop.it\/wp-content\/uploads\/2024\/07\/ZWILLING-Z-CUT-Grattugia-Multifunzione.jpg\/zwilling-z-cut-grattugia-multifunzione.jpg","schema":{"@context":"https:\/\/schema.org","@graph":[{"@type":"WebPage","@id":"https:\/\/dev6.erresse-shop.it\/fr\/shop\/cuisine\/outils\/zwilling-z-cut-rape-multifonction\/","url":"https:\/\/dev6.erresse-shop.it\/fr\/shop\/cuisine\/outils\/zwilling-z-cut-rape-multifonction\/","name":"ZWILLING Z-CUT R\u00e2pe multifonction - dev6 Erresse","isPartOf":{"@id":"https:\/\/dev6.erresse-shop.it\/#website"},"primaryImageOfPage":{"@id":"https:\/\/dev6.erresse-shop.it\/fr\/shop\/cuisine\/outils\/zwilling-z-cut-rape-multifonction\/#primaryimage"},"image":{"@id":"https:\/\/dev6.erresse-shop.it\/fr\/shop\/cuisine\/outils\/zwilling-z-cut-rape-multifonction\/#primaryimage"},"thumbnailUrl":"https:\/\/i0.wp.com\/interpim.erresse-shop.it\/wp-content\/uploads\/2024\/07\/ZWILLING-Z-CUT-Grattugia-Multifunzione.jpg\/zwilling-z-cut-grattugia-multifunzione.jpg?ssl=1","datePublished":"2026-04-12T09:21:11+00:00","description":"Le polyvalent compact pour votre cuisine : la r\u00e2pe multifonction de la s\u00e9rie ZWILLING Z-Cut coupe, tranche et r\u00e2pe avec un seul outil indispensable. Les","breadcrumb":{"@id":"https:\/\/dev6.erresse-shop.it\/fr\/shop\/cuisine\/outils\/zwilling-z-cut-rape-multifonction\/#breadcrumb"},"inLanguage":"fr-FR","potentialAction":[{"@type":"ReadAction","target":["https:\/\/dev6.erresse-shop.it\/fr\/shop\/cuisine\/outils\/zwilling-z-cut-rape-multifonction\/"]}]},{"@type":"ImageObject","inLanguage":"fr-FR","@id":"https:\/\/dev6.erresse-shop.it\/fr\/shop\/cuisine\/outils\/zwilling-z-cut-rape-multifonction\/#primaryimage","url":"https:\/\/i0.wp.com\/interpim.erresse-shop.it\/wp-content\/uploads\/2024\/07\/ZWILLING-Z-CUT-Grattugia-Multifunzione.jpg\/zwilling-z-cut-grattugia-multifunzione.jpg?ssl=1","contentUrl":"https:\/\/i0.wp.com\/interpim.erresse-shop.it\/wp-content\/uploads\/2024\/07\/ZWILLING-Z-CUT-Grattugia-Multifunzione.jpg\/zwilling-z-cut-grattugia-multifunzione.jpg?ssl=1"},{"@type":"BreadcrumbList","@id":"https:\/\/dev6.erresse-shop.it\/fr\/shop\/cuisine\/outils\/zwilling-z-cut-rape-multifonction\/#breadcrumb","itemListElement":[{"@type":"ListItem","position":1,"name":"Home","item":"https:\/\/dev6.erresse-shop.it\/"},{"@type":"ListItem","position":2,"name":"Boutique","item":"https:\/\/dev6.erresse-shop.it\/shop\/"},{"@type":"ListItem","position":3,"name":"ZWILLING Z-CUT R\u00e2pe multifonction"}]},{"@type":"WebSite","@id":"https:\/\/dev6.erresse-shop.it\/#website","url":"https:\/\/dev6.erresse-shop.it\/","name":"Erresse Shop","description":"","publisher":{"@id":"https:\/\/dev6.erresse-shop.it\/#organization"},"potentialAction":[{"@type":"SearchAction","target":{"@type":"EntryPoint","urlTemplate":"https:\/\/dev6.erresse-shop.it\/?s={search_term_string}"},"query-input":{"@type":"PropertyValueSpecification","valueRequired":true,"valueName":"search_term_string"}}],"inLanguage":"fr-FR"},{"@type":"Organization","@id":"https:\/\/dev6.erresse-shop.it\/#organization","name":"Erresse Shop","url":"https:\/\/dev6.erresse-shop.it\/","logo":{"@type":"ImageObject","inLanguage":"fr-FR","@id":"https:\/\/dev6.erresse-shop.it\/#\/schema\/logo\/image\/","url":"https:\/\/dev6.erresse-shop.it\/wp-content\/uploads\/2025\/01\/LOGO-ERRESSE-CLASSICO.svg","contentUrl":"https:\/\/dev6.erresse-shop.it\/wp-content\/uploads\/2025\/01\/LOGO-ERRESSE-CLASSICO.svg","caption":"Erresse Shop"},"image":{"@id":"https:\/\/dev6.erresse-shop.it\/#\/schema\/logo\/image\/"}}]}},"df_price":32,"df_sale_price":32,"df_regular_price":44.95,"df_image_link":"https:\/\/i0.wp.com\/interpim.erresse-shop.it\/wp-content\/uploads\/2024\/07\/ZWILLING-Z-CUT-Grattugia-Multifunzione.jpg\/zwilling-z-cut-grattugia-multifunzione.jpg?resize=300,300&ssl=1","fifu_image_url":"https:\/\/interpim.erresse-shop.it\/wp-content\/uploads\/2024\/07\/ZWILLING-Z-CUT-Grattugia-Multifunzione.jpg\/zwilling-z-cut-grattugia-multifunzione.jpg","_links":{"self":[{"href":"https:\/\/dev6.erresse-shop.it\/fr\/wp-json\/wp\/v2\/product\/64449","targetHints":{"allow":["GET"]}}],"collection":[{"href":"https:\/\/dev6.erresse-shop.it\/fr\/wp-json\/wp\/v2\/product"}],"about":[{"href":"https:\/\/dev6.erresse-shop.it\/fr\/wp-json\/wp\/v2\/types\/product"}],"wp:featuredmedia":[{"embeddable":true,"href":"https:\/\/dev6.erresse-shop.it\/fr\/wp-json\/wp\/v2\/media\/6368683"}],"wp:attachment":[{"href":"https:\/\/dev6.erresse-shop.it\/fr\/wp-json\/wp\/v2\/media?parent=64449"}],"wp:term":[{"taxonomy":"product_cat","embeddable":true,"href":"https:\/\/dev6.erresse-shop.it\/fr\/wp-json\/wp\/v2\/product_cat?post=64449"},{"taxonomy":"product_tag","embeddable":true,"href":"https:\/\/dev6.erresse-shop.it\/fr\/wp-json\/wp\/v2\/product_tag?post=64449"}],"curies":[{"name":"wp","href":"https:\/\/api.w.org\/{rel}","templated":true}]}}