{"id":64417,"date":"2026-04-04T11:18:28","date_gmt":"2026-04-04T09:18:28","guid":{"rendered":"https:\/\/dev6.erresse-shop.it\/shop\/non%20class\u00e9\/mario-luca-giusti-moreschina-assiette-creuse-noir\/"},"modified":"2025-09-14T05:39:58","modified_gmt":"2025-09-14T03:39:58","slug":"mario-luca-giusti-moreschina-assiette-creuse-noir","status":"publish","type":"product","link":"https:\/\/dev6.erresse-shop.it\/fr\/shop\/table-fr-2\/plats\/mario-luca-giusti-moreschina-assiette-creuse-noir\/","title":{"rendered":"MARIO LUCA GIUSTI Moreschina Assiette creuse Noir"},"content":{"rendered":"<p>Mode d\u2019emploi de la m\u00e9lanine<br \/>\n\u2013 test\u00e9 par T\u00dcV, SGS, Intertek<br \/>\n\u2013 absolument insipide et inodore<br \/>\n\u2013 Sans BPA<br \/>\n\u2013 Non indestructible<br \/>\n\u2013 congelable<br \/>\n\u2013 peut \u00eatre lav\u00e9 au lave-vaisselle (toutefois, le lave-vaisselle peut alt\u00e9rer les couleurs de la vaisselle)<br \/>\n\u2013 lavage \u00e0 la main recommand\u00e9 pour prolonger la dur\u00e9e de vie du produit<br \/>\n\u2013 pas pour le micro-ondes<br \/>\n\u2013 pas pour le four conventionnel<br \/>\n\u2013 R\u00e9sistant de -10\u00b0C \u00e0 50\u00b0C<br \/>\n\u2013 utiliser uniquement des d\u00e9tergents neutres et des mat\u00e9riaux non abrasifs<br \/>\n\u2013 La m\u00e9lamine est un mat\u00e9riau plastique thermodurcissable qui est solide, l\u00e9ger et dur, mais qui a l\u2019apparence d\u2019un produit en c\u00e9ramique. Elle est tr\u00e8s r\u00e9sistante aux rayures et \u00e0 la casse, mais n\u2019est pas indestructible \u00e0 100 % ; elle peut \u00eatre ray\u00e9e et cass\u00e9e.<\/p>\n<p>Caract\u00e9ristiques techniques<\/p>\n<p>Diam\u00e8tre 19 cm<\/p>\n","protected":false},"excerpt":{"rendered":"<p>Mode d\u2019emploi de la m\u00e9lanine \u2013 test\u00e9 par T\u00dcV, SGS, Intertek \u2013 absolument insipide et inodore \u2013 Sans BPA \u2013 Non indestructible \u2013 congelable \u2013 peut \u00eatre lav\u00e9 au lave-vaisselle (toutefois, le lave-vaisselle peut alt\u00e9rer les couleurs de la vaisselle) \u2013 lavage \u00e0 la main recommand\u00e9 pour prolonger la dur\u00e9e de vie du produit \u2013 [&hellip;]<\/p>\n","protected":false},"featured_media":6285283,"template":"","meta":{"_acf_changed":false},"product_cat":[12014,11995,11671],"product_tag":[],"class_list":{"0":"post-64417","1":"product","2":"type-product","3":"status-publish","4":"has-post-thumbnail","6":"product_cat-plats","7":"product_cat-table-fr-2","8":"product_cat-tavola","10":"first","11":"instock","12":"taxable","13":"shipping-taxable","14":"purchasable","15":"product-type-simple","swatches":"rey-swatches","show_selected":"","stretch_labels":"rey-swatches--stretch-labels"},"acf":[],"yoast_head":"<!-- This site is optimized with the Yoast SEO plugin v25.4 - https:\/\/yoast.com\/wordpress\/plugins\/seo\/ -->\n<title>MARIO LUCA GIUSTI Moreschina Assiette creuse Noir - dev6 Erresse<\/title>\n<meta name=\"description\" content=\"Mode d\u2019emploi de la m\u00e9lanine \u2013 test\u00e9 par T\u00dcV, SGS, Intertek \u2013 absolument insipide et inodore \u2013 Sans BPA \u2013 Non indestructible \u2013 congelable \u2013 peut \u00eatre lav\u00e9\" \/>\n<meta name=\"robots\" content=\"noindex, follow, max-snippet:-1, max-image-preview:large, max-video-preview:-1\" \/>\n<meta property=\"og:locale\" content=\"fr_FR\" \/>\n<meta property=\"og:type\" content=\"article\" \/>\n<meta property=\"og:title\" content=\"MARIO LUCA GIUSTI Moreschina Assiette creuse Noir - dev6 Erresse\" \/>\n<meta property=\"og:description\" content=\"Mode d\u2019emploi de la m\u00e9lanine \u2013 test\u00e9 par T\u00dcV, SGS, Intertek \u2013 absolument insipide et inodore \u2013 Sans BPA \u2013 Non indestructible \u2013 congelable \u2013 peut \u00eatre lav\u00e9\" \/>\n<meta property=\"og:url\" content=\"https:\/\/dev6.erresse-shop.it\/fr\/shop\/table-fr-2\/plats\/mario-luca-giusti-moreschina-assiette-creuse-noir\/\" \/>\n<meta property=\"og:site_name\" content=\"dev6 Erresse\" \/>\n<meta property=\"og:image\" content=\"https:\/\/interpim.erresse-shop.it\/Import\/Prodotti\/mario-luca-giusti-moreschina-piatto-fondo-nero.jpg\" \/><meta property=\"og:image\" content=\"https:\/\/interpim.erresse-shop.it\/Import\/Prodotti\/mario-luca-giusti-moreschina-piatto-fondo-nero.jpg\" \/>\n\t<meta property=\"og:image:width\" content=\"1024\" \/>\n\t<meta property=\"og:image:height\" content=\"1024\" \/>\n\t<meta property=\"og:image:type\" content=\"image\/jpeg\" \/>\n<meta name=\"twitter:card\" content=\"summary_large_image\" \/>\n<meta name=\"twitter:image\" content=\"https:\/\/interpim.erresse-shop.it\/Import\/Prodotti\/mario-luca-giusti-moreschina-piatto-fondo-nero.jpg\" \/>\n<script type=\"application\/ld+json\" class=\"yoast-schema-graph\">{\"@context\":\"https:\/\/schema.org\",\"@graph\":[{\"@type\":\"WebPage\",\"@id\":\"https:\/\/dev6.erresse-shop.it\/fr\/shop\/table-fr-2\/plats\/mario-luca-giusti-moreschina-assiette-creuse-noir\/\",\"url\":\"https:\/\/dev6.erresse-shop.it\/fr\/shop\/table-fr-2\/plats\/mario-luca-giusti-moreschina-assiette-creuse-noir\/\",\"name\":\"MARIO LUCA GIUSTI Moreschina Assiette creuse Noir - dev6 Erresse\",\"isPartOf\":{\"@id\":\"https:\/\/dev6.erresse-shop.it\/#website\"},\"primaryImageOfPage\":{\"@id\":\"https:\/\/dev6.erresse-shop.it\/fr\/shop\/table-fr-2\/plats\/mario-luca-giusti-moreschina-assiette-creuse-noir\/#primaryimage\"},\"image\":{\"@id\":\"https:\/\/dev6.erresse-shop.it\/fr\/shop\/table-fr-2\/plats\/mario-luca-giusti-moreschina-assiette-creuse-noir\/#primaryimage\"},\"thumbnailUrl\":\"https:\/\/i2.wp.com\/interpim.erresse-shop.it\/Import\/Prodotti\/mario-luca-giusti-moreschina-piatto-fondo-nero.jpg?ssl=1\",\"datePublished\":\"2026-04-04T09:18:28+00:00\",\"description\":\"Mode d\u2019emploi de la m\u00e9lanine \u2013 test\u00e9 par T\u00dcV, SGS, Intertek \u2013 absolument insipide et inodore \u2013 Sans BPA \u2013 Non indestructible \u2013 congelable \u2013 peut \u00eatre lav\u00e9\",\"breadcrumb\":{\"@id\":\"https:\/\/dev6.erresse-shop.it\/fr\/shop\/table-fr-2\/plats\/mario-luca-giusti-moreschina-assiette-creuse-noir\/#breadcrumb\"},\"inLanguage\":\"fr-FR\",\"potentialAction\":[{\"@type\":\"ReadAction\",\"target\":[\"https:\/\/dev6.erresse-shop.it\/fr\/shop\/table-fr-2\/plats\/mario-luca-giusti-moreschina-assiette-creuse-noir\/\"]}]},{\"@type\":\"ImageObject\",\"inLanguage\":\"fr-FR\",\"@id\":\"https:\/\/dev6.erresse-shop.it\/fr\/shop\/table-fr-2\/plats\/mario-luca-giusti-moreschina-assiette-creuse-noir\/#primaryimage\",\"url\":\"https:\/\/i2.wp.com\/interpim.erresse-shop.it\/Import\/Prodotti\/mario-luca-giusti-moreschina-piatto-fondo-nero.jpg?ssl=1\",\"contentUrl\":\"https:\/\/i2.wp.com\/interpim.erresse-shop.it\/Import\/Prodotti\/mario-luca-giusti-moreschina-piatto-fondo-nero.jpg?ssl=1\"},{\"@type\":\"BreadcrumbList\",\"@id\":\"https:\/\/dev6.erresse-shop.it\/fr\/shop\/table-fr-2\/plats\/mario-luca-giusti-moreschina-assiette-creuse-noir\/#breadcrumb\",\"itemListElement\":[{\"@type\":\"ListItem\",\"position\":1,\"name\":\"Home\",\"item\":\"https:\/\/dev6.erresse-shop.it\/\"},{\"@type\":\"ListItem\",\"position\":2,\"name\":\"Boutique\",\"item\":\"https:\/\/dev6.erresse-shop.it\/shop\/\"},{\"@type\":\"ListItem\",\"position\":3,\"name\":\"MARIO LUCA GIUSTI Moreschina Assiette creuse Noir\"}]},{\"@type\":\"WebSite\",\"@id\":\"https:\/\/dev6.erresse-shop.it\/#website\",\"url\":\"https:\/\/dev6.erresse-shop.it\/\",\"name\":\"Erresse Shop\",\"description\":\"\",\"publisher\":{\"@id\":\"https:\/\/dev6.erresse-shop.it\/#organization\"},\"potentialAction\":[{\"@type\":\"SearchAction\",\"target\":{\"@type\":\"EntryPoint\",\"urlTemplate\":\"https:\/\/dev6.erresse-shop.it\/?s={search_term_string}\"},\"query-input\":{\"@type\":\"PropertyValueSpecification\",\"valueRequired\":true,\"valueName\":\"search_term_string\"}}],\"inLanguage\":\"fr-FR\"},{\"@type\":\"Organization\",\"@id\":\"https:\/\/dev6.erresse-shop.it\/#organization\",\"name\":\"Erresse Shop\",\"url\":\"https:\/\/dev6.erresse-shop.it\/\",\"logo\":{\"@type\":\"ImageObject\",\"inLanguage\":\"fr-FR\",\"@id\":\"https:\/\/dev6.erresse-shop.it\/#\/schema\/logo\/image\/\",\"url\":\"https:\/\/dev6.erresse-shop.it\/wp-content\/uploads\/2025\/01\/LOGO-ERRESSE-CLASSICO.svg\",\"contentUrl\":\"https:\/\/dev6.erresse-shop.it\/wp-content\/uploads\/2025\/01\/LOGO-ERRESSE-CLASSICO.svg\",\"caption\":\"Erresse Shop\"},\"image\":{\"@id\":\"https:\/\/dev6.erresse-shop.it\/#\/schema\/logo\/image\/\"}}]}<\/script>\n<!-- \/ Yoast SEO plugin. -->","yoast_head_json":{"title":"MARIO LUCA GIUSTI Moreschina Assiette creuse Noir - dev6 Erresse","description":"Mode d\u2019emploi de la m\u00e9lanine \u2013 test\u00e9 par T\u00dcV, SGS, Intertek \u2013 absolument insipide et inodore \u2013 Sans BPA \u2013 Non indestructible \u2013 congelable \u2013 peut \u00eatre lav\u00e9","robots":{"index":"noindex","follow":"follow","max-snippet":"max-snippet:-1","max-image-preview":"max-image-preview:large","max-video-preview":"max-video-preview:-1"},"og_locale":"fr_FR","og_type":"article","og_title":"MARIO LUCA GIUSTI Moreschina Assiette creuse Noir - dev6 Erresse","og_description":"Mode d\u2019emploi de la m\u00e9lanine \u2013 test\u00e9 par T\u00dcV, SGS, Intertek \u2013 absolument insipide et inodore \u2013 Sans BPA \u2013 Non indestructible \u2013 congelable \u2013 peut \u00eatre lav\u00e9","og_url":"https:\/\/dev6.erresse-shop.it\/fr\/shop\/table-fr-2\/plats\/mario-luca-giusti-moreschina-assiette-creuse-noir\/","og_site_name":"dev6 Erresse","og_image":[{"url":"https:\/\/interpim.erresse-shop.it\/Import\/Prodotti\/mario-luca-giusti-moreschina-piatto-fondo-nero.jpg","type":"","width":"","height":""},{"url":"https:\/\/interpim.erresse-shop.it\/Import\/Prodotti\/mario-luca-giusti-moreschina-piatto-fondo-nero.jpg","width":1024,"height":1024,"type":"image\/jpeg"}],"twitter_card":"summary_large_image","twitter_image":"https:\/\/interpim.erresse-shop.it\/Import\/Prodotti\/mario-luca-giusti-moreschina-piatto-fondo-nero.jpg","schema":{"@context":"https:\/\/schema.org","@graph":[{"@type":"WebPage","@id":"https:\/\/dev6.erresse-shop.it\/fr\/shop\/table-fr-2\/plats\/mario-luca-giusti-moreschina-assiette-creuse-noir\/","url":"https:\/\/dev6.erresse-shop.it\/fr\/shop\/table-fr-2\/plats\/mario-luca-giusti-moreschina-assiette-creuse-noir\/","name":"MARIO LUCA GIUSTI Moreschina Assiette creuse Noir - dev6 Erresse","isPartOf":{"@id":"https:\/\/dev6.erresse-shop.it\/#website"},"primaryImageOfPage":{"@id":"https:\/\/dev6.erresse-shop.it\/fr\/shop\/table-fr-2\/plats\/mario-luca-giusti-moreschina-assiette-creuse-noir\/#primaryimage"},"image":{"@id":"https:\/\/dev6.erresse-shop.it\/fr\/shop\/table-fr-2\/plats\/mario-luca-giusti-moreschina-assiette-creuse-noir\/#primaryimage"},"thumbnailUrl":"https:\/\/i2.wp.com\/interpim.erresse-shop.it\/Import\/Prodotti\/mario-luca-giusti-moreschina-piatto-fondo-nero.jpg?ssl=1","datePublished":"2026-04-04T09:18:28+00:00","description":"Mode d\u2019emploi de la m\u00e9lanine \u2013 test\u00e9 par T\u00dcV, SGS, Intertek \u2013 absolument insipide et inodore \u2013 Sans BPA \u2013 Non indestructible \u2013 congelable \u2013 peut \u00eatre lav\u00e9","breadcrumb":{"@id":"https:\/\/dev6.erresse-shop.it\/fr\/shop\/table-fr-2\/plats\/mario-luca-giusti-moreschina-assiette-creuse-noir\/#breadcrumb"},"inLanguage":"fr-FR","potentialAction":[{"@type":"ReadAction","target":["https:\/\/dev6.erresse-shop.it\/fr\/shop\/table-fr-2\/plats\/mario-luca-giusti-moreschina-assiette-creuse-noir\/"]}]},{"@type":"ImageObject","inLanguage":"fr-FR","@id":"https:\/\/dev6.erresse-shop.it\/fr\/shop\/table-fr-2\/plats\/mario-luca-giusti-moreschina-assiette-creuse-noir\/#primaryimage","url":"https:\/\/i2.wp.com\/interpim.erresse-shop.it\/Import\/Prodotti\/mario-luca-giusti-moreschina-piatto-fondo-nero.jpg?ssl=1","contentUrl":"https:\/\/i2.wp.com\/interpim.erresse-shop.it\/Import\/Prodotti\/mario-luca-giusti-moreschina-piatto-fondo-nero.jpg?ssl=1"},{"@type":"BreadcrumbList","@id":"https:\/\/dev6.erresse-shop.it\/fr\/shop\/table-fr-2\/plats\/mario-luca-giusti-moreschina-assiette-creuse-noir\/#breadcrumb","itemListElement":[{"@type":"ListItem","position":1,"name":"Home","item":"https:\/\/dev6.erresse-shop.it\/"},{"@type":"ListItem","position":2,"name":"Boutique","item":"https:\/\/dev6.erresse-shop.it\/shop\/"},{"@type":"ListItem","position":3,"name":"MARIO LUCA GIUSTI Moreschina Assiette creuse Noir"}]},{"@type":"WebSite","@id":"https:\/\/dev6.erresse-shop.it\/#website","url":"https:\/\/dev6.erresse-shop.it\/","name":"Erresse Shop","description":"","publisher":{"@id":"https:\/\/dev6.erresse-shop.it\/#organization"},"potentialAction":[{"@type":"SearchAction","target":{"@type":"EntryPoint","urlTemplate":"https:\/\/dev6.erresse-shop.it\/?s={search_term_string}"},"query-input":{"@type":"PropertyValueSpecification","valueRequired":true,"valueName":"search_term_string"}}],"inLanguage":"fr-FR"},{"@type":"Organization","@id":"https:\/\/dev6.erresse-shop.it\/#organization","name":"Erresse Shop","url":"https:\/\/dev6.erresse-shop.it\/","logo":{"@type":"ImageObject","inLanguage":"fr-FR","@id":"https:\/\/dev6.erresse-shop.it\/#\/schema\/logo\/image\/","url":"https:\/\/dev6.erresse-shop.it\/wp-content\/uploads\/2025\/01\/LOGO-ERRESSE-CLASSICO.svg","contentUrl":"https:\/\/dev6.erresse-shop.it\/wp-content\/uploads\/2025\/01\/LOGO-ERRESSE-CLASSICO.svg","caption":"Erresse Shop"},"image":{"@id":"https:\/\/dev6.erresse-shop.it\/#\/schema\/logo\/image\/"}}]}},"df_price":27,"df_sale_price":"","df_regular_price":27,"df_image_link":"https:\/\/i2.wp.com\/interpim.erresse-shop.it\/Import\/Prodotti\/mario-luca-giusti-moreschina-piatto-fondo-nero.jpg?resize=300,300&ssl=1","fifu_image_url":"https:\/\/interpim.erresse-shop.it\/Import\/Prodotti\/mario-luca-giusti-moreschina-piatto-fondo-nero.jpg","_links":{"self":[{"href":"https:\/\/dev6.erresse-shop.it\/fr\/wp-json\/wp\/v2\/product\/64417","targetHints":{"allow":["GET"]}}],"collection":[{"href":"https:\/\/dev6.erresse-shop.it\/fr\/wp-json\/wp\/v2\/product"}],"about":[{"href":"https:\/\/dev6.erresse-shop.it\/fr\/wp-json\/wp\/v2\/types\/product"}],"wp:featuredmedia":[{"embeddable":true,"href":"https:\/\/dev6.erresse-shop.it\/fr\/wp-json\/wp\/v2\/media\/6285283"}],"wp:attachment":[{"href":"https:\/\/dev6.erresse-shop.it\/fr\/wp-json\/wp\/v2\/media?parent=64417"}],"wp:term":[{"taxonomy":"product_cat","embeddable":true,"href":"https:\/\/dev6.erresse-shop.it\/fr\/wp-json\/wp\/v2\/product_cat?post=64417"},{"taxonomy":"product_tag","embeddable":true,"href":"https:\/\/dev6.erresse-shop.it\/fr\/wp-json\/wp\/v2\/product_tag?post=64417"}],"curies":[{"name":"wp","href":"https:\/\/api.w.org\/{rel}","templated":true}]}}