{"id":64359,"date":"2026-04-12T11:17:13","date_gmt":"2026-04-12T09:17:13","guid":{"rendered":"https:\/\/dev6.erresse-shop.it\/shop\/non%20class\u00e9\/mario-luca-giusti-caterina-vittoria-set-sel-et-poivre-rubis\/"},"modified":"2026-01-09T02:11:40","modified_gmt":"2026-01-09T01:11:40","slug":"mario-luca-giusti-caterina-vittoria-set-sel-et-poivre-rubis","status":"publish","type":"product","link":"https:\/\/dev6.erresse-shop.it\/fr\/shop\/table-fr-2\/huile-vinaigre-sel\/mario-luca-giusti-caterina-vittoria-set-sel-et-poivre-rubis\/","title":{"rendered":"MARIO LUCA GIUSTI Caterina &#038; Vittoria Set sel et poivre Rubis"},"content":{"rendered":"<p>Utiliser les instructions du produit acrylique<\/p>\n<p>test\u00e9 par T\u00dcV, SGS, Intertek<br \/>\n\u2013 absolument insipide et inodore<br \/>\n\u2013 Sans BPA<br \/>\n\u2013 Non indestructible<br \/>\n\u2013 R\u00e9sistant de -10\u00b0C \u00e0 50\u00b0C<br \/>\n\u2013 congelable<br \/>\n\u2013 lavage \u00e0 la main recommand\u00e9 pour prolonger la dur\u00e9e de vie du produit<br \/>\n\u2013 ne passe pas au lave-vaisselle<br \/>\n\u2013 ne convient pas aux micro-ondes<br \/>\n\u2013 utiliser uniquement des d\u00e9tergents neutres et des mat\u00e9riaux non abrasifs<\/p>\n<p>Les \u00e9l\u00e9ments suivants peuvent d\u00e9colorer le produit ou le rendre opaque \u00e0 long terme :<br \/>\n\u2013 Laisser les produits pendant une p\u00e9riode prolong\u00e9e \u00e0 des temp\u00e9ratures et \u00e0 une humidit\u00e9 \u00e9lev\u00e9es<br \/>\n\u2013 Dosage incorrect du d\u00e9tergent<br \/>\n\u2013 Utilisation d\u2019un d\u00e9tergent contenant de l\u2019aluminium ou une protection m\u00e9tallique.<br \/>\n\u2013 Les produits laitiers, le caf\u00e9, le cacao, le th\u00e9 ou l\u2019alcool peuvent laisser des traces sur le verre s\u2019ils sont laiss\u00e9s pendant la nuit. Lavez le verre \u00e0 l\u2019eau chaude savonneuse imm\u00e9diatement apr\u00e8s utilisation, lavez-le \u00e0 la main ou utilisez notre produit de nettoyage. D\u00e9poussi\u00e9rer r\u00e9guli\u00e8rement.<\/p>\n<p>Caract\u00e9ristiques techniques<\/p>\n<p>Hauteur 10,6 cm<br \/>\nDiam\u00e8tre 5,6 cm<br \/>\nCapacit\u00e9 40 ml<\/p>\n","protected":false},"excerpt":{"rendered":"<p>Utiliser les instructions du produit acrylique test\u00e9 par T\u00dcV, SGS, Intertek \u2013 absolument insipide et inodore \u2013 Sans BPA \u2013 Non indestructible \u2013 R\u00e9sistant de -10\u00b0C \u00e0 50\u00b0C \u2013 congelable \u2013 lavage \u00e0 la main recommand\u00e9 pour prolonger la dur\u00e9e de vie du produit \u2013 ne passe pas au lave-vaisselle \u2013 ne convient pas aux [&hellip;]<\/p>\n","protected":false},"featured_media":6368452,"template":"","meta":{"_acf_changed":false},"product_cat":[12044,11995,11671],"product_tag":[],"class_list":{"0":"post-64359","1":"product","2":"type-product","3":"status-publish","4":"has-post-thumbnail","6":"product_cat-huile-vinaigre-sel","7":"product_cat-table-fr-2","8":"product_cat-tavola","10":"first","11":"instock","12":"sale","13":"taxable","14":"shipping-taxable","15":"purchasable","16":"product-type-simple","swatches":"rey-swatches","show_selected":"","stretch_labels":"rey-swatches--stretch-labels"},"acf":[],"yoast_head":"<!-- This site is optimized with the Yoast SEO plugin v25.4 - https:\/\/yoast.com\/wordpress\/plugins\/seo\/ -->\n<title>MARIO LUCA GIUSTI Caterina &#038; Vittoria Set sel et poivre Rubis - dev6 Erresse<\/title>\n<meta name=\"description\" content=\"Utiliser les instructions du produit acrylique test\u00e9 par T\u00dcV, SGS, Intertek \u2013 absolument insipide et inodore \u2013 Sans BPA \u2013 Non indestructible \u2013 R\u00e9sistant\" \/>\n<meta name=\"robots\" content=\"noindex, follow, max-snippet:-1, max-image-preview:large, max-video-preview:-1\" \/>\n<meta property=\"og:locale\" content=\"fr_FR\" \/>\n<meta property=\"og:type\" content=\"article\" \/>\n<meta property=\"og:title\" content=\"MARIO LUCA GIUSTI Caterina &#038; Vittoria Set sel et poivre Rubis - dev6 Erresse\" \/>\n<meta property=\"og:description\" content=\"Utiliser les instructions du produit acrylique test\u00e9 par T\u00dcV, SGS, Intertek \u2013 absolument insipide et inodore \u2013 Sans BPA \u2013 Non indestructible \u2013 R\u00e9sistant\" \/>\n<meta property=\"og:url\" content=\"https:\/\/dev6.erresse-shop.it\/fr\/shop\/table-fr-2\/huile-vinaigre-sel\/mario-luca-giusti-caterina-vittoria-set-sel-et-poivre-rubis\/\" \/>\n<meta property=\"og:site_name\" content=\"dev6 Erresse\" \/>\n<meta property=\"og:image\" content=\"https:\/\/interpim.erresse-shop.it\/Import\/Prodotti\/mario-luca-giusti-caterina-vittoria-set-sale-e-pepe-rubino.jpg\" \/><meta property=\"og:image\" content=\"https:\/\/interpim.erresse-shop.it\/Import\/Prodotti\/mario-luca-giusti-caterina-vittoria-set-sale-e-pepe-rubino.jpg\" \/>\n\t<meta property=\"og:image:width\" content=\"1024\" \/>\n\t<meta property=\"og:image:height\" content=\"1024\" \/>\n\t<meta property=\"og:image:type\" content=\"image\/jpeg\" \/>\n<meta name=\"twitter:card\" content=\"summary_large_image\" \/>\n<meta name=\"twitter:image\" content=\"https:\/\/interpim.erresse-shop.it\/Import\/Prodotti\/mario-luca-giusti-caterina-vittoria-set-sale-e-pepe-rubino.jpg\" \/>\n<script type=\"application\/ld+json\" class=\"yoast-schema-graph\">{\"@context\":\"https:\/\/schema.org\",\"@graph\":[{\"@type\":\"WebPage\",\"@id\":\"https:\/\/dev6.erresse-shop.it\/fr\/shop\/table-fr-2\/huile-vinaigre-sel\/mario-luca-giusti-caterina-vittoria-set-sel-et-poivre-rubis\/\",\"url\":\"https:\/\/dev6.erresse-shop.it\/fr\/shop\/table-fr-2\/huile-vinaigre-sel\/mario-luca-giusti-caterina-vittoria-set-sel-et-poivre-rubis\/\",\"name\":\"MARIO LUCA GIUSTI Caterina &#038; Vittoria Set sel et poivre Rubis - dev6 Erresse\",\"isPartOf\":{\"@id\":\"https:\/\/dev6.erresse-shop.it\/#website\"},\"primaryImageOfPage\":{\"@id\":\"https:\/\/dev6.erresse-shop.it\/fr\/shop\/table-fr-2\/huile-vinaigre-sel\/mario-luca-giusti-caterina-vittoria-set-sel-et-poivre-rubis\/#primaryimage\"},\"image\":{\"@id\":\"https:\/\/dev6.erresse-shop.it\/fr\/shop\/table-fr-2\/huile-vinaigre-sel\/mario-luca-giusti-caterina-vittoria-set-sel-et-poivre-rubis\/#primaryimage\"},\"thumbnailUrl\":\"https:\/\/i0.wp.com\/interpim.erresse-shop.it\/Import\/Prodotti\/mario-luca-giusti-caterina-vittoria-set-sale-e-pepe-rubino.jpg?ssl=1\",\"datePublished\":\"2026-04-12T09:17:13+00:00\",\"description\":\"Utiliser les instructions du produit acrylique test\u00e9 par T\u00dcV, SGS, Intertek \u2013 absolument insipide et inodore \u2013 Sans BPA \u2013 Non indestructible \u2013 R\u00e9sistant\",\"breadcrumb\":{\"@id\":\"https:\/\/dev6.erresse-shop.it\/fr\/shop\/table-fr-2\/huile-vinaigre-sel\/mario-luca-giusti-caterina-vittoria-set-sel-et-poivre-rubis\/#breadcrumb\"},\"inLanguage\":\"fr-FR\",\"potentialAction\":[{\"@type\":\"ReadAction\",\"target\":[\"https:\/\/dev6.erresse-shop.it\/fr\/shop\/table-fr-2\/huile-vinaigre-sel\/mario-luca-giusti-caterina-vittoria-set-sel-et-poivre-rubis\/\"]}]},{\"@type\":\"ImageObject\",\"inLanguage\":\"fr-FR\",\"@id\":\"https:\/\/dev6.erresse-shop.it\/fr\/shop\/table-fr-2\/huile-vinaigre-sel\/mario-luca-giusti-caterina-vittoria-set-sel-et-poivre-rubis\/#primaryimage\",\"url\":\"https:\/\/i0.wp.com\/interpim.erresse-shop.it\/Import\/Prodotti\/mario-luca-giusti-caterina-vittoria-set-sale-e-pepe-rubino.jpg?ssl=1\",\"contentUrl\":\"https:\/\/i0.wp.com\/interpim.erresse-shop.it\/Import\/Prodotti\/mario-luca-giusti-caterina-vittoria-set-sale-e-pepe-rubino.jpg?ssl=1\"},{\"@type\":\"BreadcrumbList\",\"@id\":\"https:\/\/dev6.erresse-shop.it\/fr\/shop\/table-fr-2\/huile-vinaigre-sel\/mario-luca-giusti-caterina-vittoria-set-sel-et-poivre-rubis\/#breadcrumb\",\"itemListElement\":[{\"@type\":\"ListItem\",\"position\":1,\"name\":\"Home\",\"item\":\"https:\/\/dev6.erresse-shop.it\/\"},{\"@type\":\"ListItem\",\"position\":2,\"name\":\"Boutique\",\"item\":\"https:\/\/dev6.erresse-shop.it\/shop\/\"},{\"@type\":\"ListItem\",\"position\":3,\"name\":\"MARIO LUCA GIUSTI Caterina &#038; Vittoria Set sel et poivre Rubis\"}]},{\"@type\":\"WebSite\",\"@id\":\"https:\/\/dev6.erresse-shop.it\/#website\",\"url\":\"https:\/\/dev6.erresse-shop.it\/\",\"name\":\"Erresse Shop\",\"description\":\"\",\"publisher\":{\"@id\":\"https:\/\/dev6.erresse-shop.it\/#organization\"},\"potentialAction\":[{\"@type\":\"SearchAction\",\"target\":{\"@type\":\"EntryPoint\",\"urlTemplate\":\"https:\/\/dev6.erresse-shop.it\/?s={search_term_string}\"},\"query-input\":{\"@type\":\"PropertyValueSpecification\",\"valueRequired\":true,\"valueName\":\"search_term_string\"}}],\"inLanguage\":\"fr-FR\"},{\"@type\":\"Organization\",\"@id\":\"https:\/\/dev6.erresse-shop.it\/#organization\",\"name\":\"Erresse Shop\",\"url\":\"https:\/\/dev6.erresse-shop.it\/\",\"logo\":{\"@type\":\"ImageObject\",\"inLanguage\":\"fr-FR\",\"@id\":\"https:\/\/dev6.erresse-shop.it\/#\/schema\/logo\/image\/\",\"url\":\"https:\/\/dev6.erresse-shop.it\/wp-content\/uploads\/2025\/01\/LOGO-ERRESSE-CLASSICO.svg\",\"contentUrl\":\"https:\/\/dev6.erresse-shop.it\/wp-content\/uploads\/2025\/01\/LOGO-ERRESSE-CLASSICO.svg\",\"caption\":\"Erresse Shop\"},\"image\":{\"@id\":\"https:\/\/dev6.erresse-shop.it\/#\/schema\/logo\/image\/\"}}]}<\/script>\n<!-- \/ Yoast SEO plugin. -->","yoast_head_json":{"title":"MARIO LUCA GIUSTI Caterina &#038; Vittoria Set sel et poivre Rubis - dev6 Erresse","description":"Utiliser les instructions du produit acrylique test\u00e9 par T\u00dcV, SGS, Intertek \u2013 absolument insipide et inodore \u2013 Sans BPA \u2013 Non indestructible \u2013 R\u00e9sistant","robots":{"index":"noindex","follow":"follow","max-snippet":"max-snippet:-1","max-image-preview":"max-image-preview:large","max-video-preview":"max-video-preview:-1"},"og_locale":"fr_FR","og_type":"article","og_title":"MARIO LUCA GIUSTI Caterina &#038; Vittoria Set sel et poivre Rubis - dev6 Erresse","og_description":"Utiliser les instructions du produit acrylique test\u00e9 par T\u00dcV, SGS, Intertek \u2013 absolument insipide et inodore \u2013 Sans BPA \u2013 Non indestructible \u2013 R\u00e9sistant","og_url":"https:\/\/dev6.erresse-shop.it\/fr\/shop\/table-fr-2\/huile-vinaigre-sel\/mario-luca-giusti-caterina-vittoria-set-sel-et-poivre-rubis\/","og_site_name":"dev6 Erresse","og_image":[{"url":"https:\/\/interpim.erresse-shop.it\/Import\/Prodotti\/mario-luca-giusti-caterina-vittoria-set-sale-e-pepe-rubino.jpg","type":"","width":"","height":""},{"url":"https:\/\/interpim.erresse-shop.it\/Import\/Prodotti\/mario-luca-giusti-caterina-vittoria-set-sale-e-pepe-rubino.jpg","width":1024,"height":1024,"type":"image\/jpeg"}],"twitter_card":"summary_large_image","twitter_image":"https:\/\/interpim.erresse-shop.it\/Import\/Prodotti\/mario-luca-giusti-caterina-vittoria-set-sale-e-pepe-rubino.jpg","schema":{"@context":"https:\/\/schema.org","@graph":[{"@type":"WebPage","@id":"https:\/\/dev6.erresse-shop.it\/fr\/shop\/table-fr-2\/huile-vinaigre-sel\/mario-luca-giusti-caterina-vittoria-set-sel-et-poivre-rubis\/","url":"https:\/\/dev6.erresse-shop.it\/fr\/shop\/table-fr-2\/huile-vinaigre-sel\/mario-luca-giusti-caterina-vittoria-set-sel-et-poivre-rubis\/","name":"MARIO LUCA GIUSTI Caterina &#038; Vittoria Set sel et poivre Rubis - dev6 Erresse","isPartOf":{"@id":"https:\/\/dev6.erresse-shop.it\/#website"},"primaryImageOfPage":{"@id":"https:\/\/dev6.erresse-shop.it\/fr\/shop\/table-fr-2\/huile-vinaigre-sel\/mario-luca-giusti-caterina-vittoria-set-sel-et-poivre-rubis\/#primaryimage"},"image":{"@id":"https:\/\/dev6.erresse-shop.it\/fr\/shop\/table-fr-2\/huile-vinaigre-sel\/mario-luca-giusti-caterina-vittoria-set-sel-et-poivre-rubis\/#primaryimage"},"thumbnailUrl":"https:\/\/i0.wp.com\/interpim.erresse-shop.it\/Import\/Prodotti\/mario-luca-giusti-caterina-vittoria-set-sale-e-pepe-rubino.jpg?ssl=1","datePublished":"2026-04-12T09:17:13+00:00","description":"Utiliser les instructions du produit acrylique test\u00e9 par T\u00dcV, SGS, Intertek \u2013 absolument insipide et inodore \u2013 Sans BPA \u2013 Non indestructible \u2013 R\u00e9sistant","breadcrumb":{"@id":"https:\/\/dev6.erresse-shop.it\/fr\/shop\/table-fr-2\/huile-vinaigre-sel\/mario-luca-giusti-caterina-vittoria-set-sel-et-poivre-rubis\/#breadcrumb"},"inLanguage":"fr-FR","potentialAction":[{"@type":"ReadAction","target":["https:\/\/dev6.erresse-shop.it\/fr\/shop\/table-fr-2\/huile-vinaigre-sel\/mario-luca-giusti-caterina-vittoria-set-sel-et-poivre-rubis\/"]}]},{"@type":"ImageObject","inLanguage":"fr-FR","@id":"https:\/\/dev6.erresse-shop.it\/fr\/shop\/table-fr-2\/huile-vinaigre-sel\/mario-luca-giusti-caterina-vittoria-set-sel-et-poivre-rubis\/#primaryimage","url":"https:\/\/i0.wp.com\/interpim.erresse-shop.it\/Import\/Prodotti\/mario-luca-giusti-caterina-vittoria-set-sale-e-pepe-rubino.jpg?ssl=1","contentUrl":"https:\/\/i0.wp.com\/interpim.erresse-shop.it\/Import\/Prodotti\/mario-luca-giusti-caterina-vittoria-set-sale-e-pepe-rubino.jpg?ssl=1"},{"@type":"BreadcrumbList","@id":"https:\/\/dev6.erresse-shop.it\/fr\/shop\/table-fr-2\/huile-vinaigre-sel\/mario-luca-giusti-caterina-vittoria-set-sel-et-poivre-rubis\/#breadcrumb","itemListElement":[{"@type":"ListItem","position":1,"name":"Home","item":"https:\/\/dev6.erresse-shop.it\/"},{"@type":"ListItem","position":2,"name":"Boutique","item":"https:\/\/dev6.erresse-shop.it\/shop\/"},{"@type":"ListItem","position":3,"name":"MARIO LUCA GIUSTI Caterina &#038; Vittoria Set sel et poivre Rubis"}]},{"@type":"WebSite","@id":"https:\/\/dev6.erresse-shop.it\/#website","url":"https:\/\/dev6.erresse-shop.it\/","name":"Erresse Shop","description":"","publisher":{"@id":"https:\/\/dev6.erresse-shop.it\/#organization"},"potentialAction":[{"@type":"SearchAction","target":{"@type":"EntryPoint","urlTemplate":"https:\/\/dev6.erresse-shop.it\/?s={search_term_string}"},"query-input":{"@type":"PropertyValueSpecification","valueRequired":true,"valueName":"search_term_string"}}],"inLanguage":"fr-FR"},{"@type":"Organization","@id":"https:\/\/dev6.erresse-shop.it\/#organization","name":"Erresse Shop","url":"https:\/\/dev6.erresse-shop.it\/","logo":{"@type":"ImageObject","inLanguage":"fr-FR","@id":"https:\/\/dev6.erresse-shop.it\/#\/schema\/logo\/image\/","url":"https:\/\/dev6.erresse-shop.it\/wp-content\/uploads\/2025\/01\/LOGO-ERRESSE-CLASSICO.svg","contentUrl":"https:\/\/dev6.erresse-shop.it\/wp-content\/uploads\/2025\/01\/LOGO-ERRESSE-CLASSICO.svg","caption":"Erresse Shop"},"image":{"@id":"https:\/\/dev6.erresse-shop.it\/#\/schema\/logo\/image\/"}}]}},"df_price":52,"df_sale_price":52,"df_regular_price":58,"df_image_link":"https:\/\/i0.wp.com\/interpim.erresse-shop.it\/Import\/Prodotti\/mario-luca-giusti-caterina-vittoria-set-sale-e-pepe-rubino.jpg?resize=300,300&ssl=1","fifu_image_url":"https:\/\/interpim.erresse-shop.it\/Import\/Prodotti\/mario-luca-giusti-caterina-vittoria-set-sale-e-pepe-rubino.jpg","_links":{"self":[{"href":"https:\/\/dev6.erresse-shop.it\/fr\/wp-json\/wp\/v2\/product\/64359","targetHints":{"allow":["GET"]}}],"collection":[{"href":"https:\/\/dev6.erresse-shop.it\/fr\/wp-json\/wp\/v2\/product"}],"about":[{"href":"https:\/\/dev6.erresse-shop.it\/fr\/wp-json\/wp\/v2\/types\/product"}],"wp:featuredmedia":[{"embeddable":true,"href":"https:\/\/dev6.erresse-shop.it\/fr\/wp-json\/wp\/v2\/media\/6368452"}],"wp:attachment":[{"href":"https:\/\/dev6.erresse-shop.it\/fr\/wp-json\/wp\/v2\/media?parent=64359"}],"wp:term":[{"taxonomy":"product_cat","embeddable":true,"href":"https:\/\/dev6.erresse-shop.it\/fr\/wp-json\/wp\/v2\/product_cat?post=64359"},{"taxonomy":"product_tag","embeddable":true,"href":"https:\/\/dev6.erresse-shop.it\/fr\/wp-json\/wp\/v2\/product_tag?post=64359"}],"curies":[{"name":"wp","href":"https:\/\/api.w.org\/{rel}","templated":true}]}}