{"id":64341,"date":"2026-04-12T11:17:13","date_gmt":"2026-04-12T09:17:13","guid":{"rendered":"https:\/\/dev6.erresse-shop.it\/shop\/non%20class\u00e9\/portmeirion-botanic-garden-meadows-set-de-6-tasse-a-dejeuner\/"},"modified":"2026-01-09T02:11:35","modified_gmt":"2026-01-09T01:11:35","slug":"portmeirion-botanic-garden-meadows-set-de-6-tasse-a-dejeuner","status":"publish","type":"product","link":"https:\/\/dev6.erresse-shop.it\/fr\/shop\/table-fr-2\/tasses\/portmeirion-botanic-garden-meadows-set-de-6-tasse-a-dejeuner\/","title":{"rendered":"PORTMEIRION Botanic Garden Meadows Set de 6 Tasse \u00e0 d\u00e9jeuner"},"content":{"rendered":"<p>Le design classique de Botanic Garden revisit\u00e9 avec une touche de couleur : Botanic Garden Meadow apporte une touche d\u2019\u00e9clat \u00e0 la table. Fabriqu\u00e9s au Royaume-Uni, les magnifiques motifs floraux sont entour\u00e9s de bordures de feuilles de laurier dans six couleurs vives pour fleurir votre table tout au long de l\u2019ann\u00e9e.<\/p>\n<p>Emmenez vos invit\u00e9s dans une prairie color\u00e9e soufflant dans la brise d\u2019\u00e9t\u00e9 avec ces d\u00e9licieuses tasses de petit-d\u00e9jeuner Botanic Garden Meadow. Fabriqu\u00e9es en terre cuite, elles pr\u00e9sentent chacune un motif floral \u00e0 l\u2019ext\u00e9rieur, un bord assorti et une anse soigneusement fabriqu\u00e9e pour une prise en main agr\u00e9able. Remplissez-les de th\u00e9 parfum\u00e9 avant de vous asseoir avec des amis pour une longue conversation. Une fois termin\u00e9es, ces tasses peuvent \u00eatre lav\u00e9es au lave-vaisselle.<\/p>\n<p>Dimensions (L x H x P) : 11,5 x 9,5 x 8 cm<br \/>\nMat\u00e9riau : terre cuite<\/p>\n","protected":false},"excerpt":{"rendered":"<p>Le design classique de Botanic Garden revisit\u00e9 avec une touche de couleur : Botanic Garden Meadow apporte une touche d\u2019\u00e9clat \u00e0 la table. Fabriqu\u00e9s au Royaume-Uni, les magnifiques motifs floraux sont entour\u00e9s de bordures de feuilles de laurier dans six couleurs vives pour fleurir votre table tout au long de l\u2019ann\u00e9e. Emmenez vos invit\u00e9s dans [&hellip;]<\/p>\n","protected":false},"featured_media":6368406,"template":"","meta":{"_acf_changed":false},"product_cat":[11995,12013,11671],"product_tag":[],"class_list":{"0":"post-64341","1":"product","2":"type-product","3":"status-publish","4":"has-post-thumbnail","6":"product_cat-table-fr-2","7":"product_cat-tasses","8":"product_cat-tavola","10":"first","11":"instock","12":"sale","13":"taxable","14":"shipping-taxable","15":"purchasable","16":"product-type-simple","swatches":"rey-swatches","show_selected":"","stretch_labels":"rey-swatches--stretch-labels"},"acf":[],"yoast_head":"<!-- This site is optimized with the Yoast SEO plugin v25.4 - https:\/\/yoast.com\/wordpress\/plugins\/seo\/ -->\n<title>PORTMEIRION Botanic Garden Meadows Set de 6 Tasse \u00e0 d\u00e9jeuner - dev6 Erresse<\/title>\n<meta name=\"description\" content=\"Le design classique de Botanic Garden revisit\u00e9 avec une touche de couleur : Botanic Garden Meadow apporte une touche d\u2019\u00e9clat \u00e0 la table. Fabriqu\u00e9s au\" \/>\n<meta name=\"robots\" content=\"noindex, follow, max-snippet:-1, max-image-preview:large, max-video-preview:-1\" \/>\n<meta property=\"og:locale\" content=\"fr_FR\" \/>\n<meta property=\"og:type\" content=\"article\" \/>\n<meta property=\"og:title\" content=\"PORTMEIRION Botanic Garden Meadows Set de 6 Tasse \u00e0 d\u00e9jeuner - dev6 Erresse\" \/>\n<meta property=\"og:description\" content=\"Le design classique de Botanic Garden revisit\u00e9 avec une touche de couleur : Botanic Garden Meadow apporte une touche d\u2019\u00e9clat \u00e0 la table. Fabriqu\u00e9s au\" \/>\n<meta property=\"og:url\" content=\"https:\/\/dev6.erresse-shop.it\/fr\/shop\/table-fr-2\/tasses\/portmeirion-botanic-garden-meadows-set-de-6-tasse-a-dejeuner\/\" \/>\n<meta property=\"og:site_name\" content=\"dev6 Erresse\" \/>\n<meta property=\"og:image\" content=\"https:\/\/interpim.erresse-shop.it\/Import\/Prodotti\/portmeirion-botanic-garden-meadows-set-6-tazze-colazione.jpg\" \/><meta property=\"og:image\" content=\"https:\/\/interpim.erresse-shop.it\/Import\/Prodotti\/portmeirion-botanic-garden-meadows-set-6-tazze-colazione.jpg\" \/>\n\t<meta property=\"og:image:width\" content=\"1024\" \/>\n\t<meta property=\"og:image:height\" content=\"1024\" \/>\n\t<meta property=\"og:image:type\" content=\"image\/jpeg\" \/>\n<meta name=\"twitter:card\" content=\"summary_large_image\" \/>\n<meta name=\"twitter:image\" content=\"https:\/\/interpim.erresse-shop.it\/Import\/Prodotti\/portmeirion-botanic-garden-meadows-set-6-tazze-colazione.jpg\" \/>\n<script type=\"application\/ld+json\" class=\"yoast-schema-graph\">{\"@context\":\"https:\/\/schema.org\",\"@graph\":[{\"@type\":\"WebPage\",\"@id\":\"https:\/\/dev6.erresse-shop.it\/fr\/shop\/table-fr-2\/tasses\/portmeirion-botanic-garden-meadows-set-de-6-tasse-a-dejeuner\/\",\"url\":\"https:\/\/dev6.erresse-shop.it\/fr\/shop\/table-fr-2\/tasses\/portmeirion-botanic-garden-meadows-set-de-6-tasse-a-dejeuner\/\",\"name\":\"PORTMEIRION Botanic Garden Meadows Set de 6 Tasse \u00e0 d\u00e9jeuner - dev6 Erresse\",\"isPartOf\":{\"@id\":\"https:\/\/dev6.erresse-shop.it\/#website\"},\"primaryImageOfPage\":{\"@id\":\"https:\/\/dev6.erresse-shop.it\/fr\/shop\/table-fr-2\/tasses\/portmeirion-botanic-garden-meadows-set-de-6-tasse-a-dejeuner\/#primaryimage\"},\"image\":{\"@id\":\"https:\/\/dev6.erresse-shop.it\/fr\/shop\/table-fr-2\/tasses\/portmeirion-botanic-garden-meadows-set-de-6-tasse-a-dejeuner\/#primaryimage\"},\"thumbnailUrl\":\"https:\/\/i0.wp.com\/interpim.erresse-shop.it\/Import\/Prodotti\/portmeirion-botanic-garden-meadows-set-6-tazze-colazione.jpg?ssl=1\",\"datePublished\":\"2026-04-12T09:17:13+00:00\",\"description\":\"Le design classique de Botanic Garden revisit\u00e9 avec une touche de couleur : Botanic Garden Meadow apporte une touche d\u2019\u00e9clat \u00e0 la table. Fabriqu\u00e9s au\",\"breadcrumb\":{\"@id\":\"https:\/\/dev6.erresse-shop.it\/fr\/shop\/table-fr-2\/tasses\/portmeirion-botanic-garden-meadows-set-de-6-tasse-a-dejeuner\/#breadcrumb\"},\"inLanguage\":\"fr-FR\",\"potentialAction\":[{\"@type\":\"ReadAction\",\"target\":[\"https:\/\/dev6.erresse-shop.it\/fr\/shop\/table-fr-2\/tasses\/portmeirion-botanic-garden-meadows-set-de-6-tasse-a-dejeuner\/\"]}]},{\"@type\":\"ImageObject\",\"inLanguage\":\"fr-FR\",\"@id\":\"https:\/\/dev6.erresse-shop.it\/fr\/shop\/table-fr-2\/tasses\/portmeirion-botanic-garden-meadows-set-de-6-tasse-a-dejeuner\/#primaryimage\",\"url\":\"https:\/\/i0.wp.com\/interpim.erresse-shop.it\/Import\/Prodotti\/portmeirion-botanic-garden-meadows-set-6-tazze-colazione.jpg?ssl=1\",\"contentUrl\":\"https:\/\/i0.wp.com\/interpim.erresse-shop.it\/Import\/Prodotti\/portmeirion-botanic-garden-meadows-set-6-tazze-colazione.jpg?ssl=1\"},{\"@type\":\"BreadcrumbList\",\"@id\":\"https:\/\/dev6.erresse-shop.it\/fr\/shop\/table-fr-2\/tasses\/portmeirion-botanic-garden-meadows-set-de-6-tasse-a-dejeuner\/#breadcrumb\",\"itemListElement\":[{\"@type\":\"ListItem\",\"position\":1,\"name\":\"Home\",\"item\":\"https:\/\/dev6.erresse-shop.it\/\"},{\"@type\":\"ListItem\",\"position\":2,\"name\":\"Boutique\",\"item\":\"https:\/\/dev6.erresse-shop.it\/shop\/\"},{\"@type\":\"ListItem\",\"position\":3,\"name\":\"PORTMEIRION Botanic Garden Meadows Set de 6 Tasse \u00e0 d\u00e9jeuner\"}]},{\"@type\":\"WebSite\",\"@id\":\"https:\/\/dev6.erresse-shop.it\/#website\",\"url\":\"https:\/\/dev6.erresse-shop.it\/\",\"name\":\"Erresse Shop\",\"description\":\"\",\"publisher\":{\"@id\":\"https:\/\/dev6.erresse-shop.it\/#organization\"},\"potentialAction\":[{\"@type\":\"SearchAction\",\"target\":{\"@type\":\"EntryPoint\",\"urlTemplate\":\"https:\/\/dev6.erresse-shop.it\/?s={search_term_string}\"},\"query-input\":{\"@type\":\"PropertyValueSpecification\",\"valueRequired\":true,\"valueName\":\"search_term_string\"}}],\"inLanguage\":\"fr-FR\"},{\"@type\":\"Organization\",\"@id\":\"https:\/\/dev6.erresse-shop.it\/#organization\",\"name\":\"Erresse Shop\",\"url\":\"https:\/\/dev6.erresse-shop.it\/\",\"logo\":{\"@type\":\"ImageObject\",\"inLanguage\":\"fr-FR\",\"@id\":\"https:\/\/dev6.erresse-shop.it\/#\/schema\/logo\/image\/\",\"url\":\"https:\/\/dev6.erresse-shop.it\/wp-content\/uploads\/2025\/01\/LOGO-ERRESSE-CLASSICO.svg\",\"contentUrl\":\"https:\/\/dev6.erresse-shop.it\/wp-content\/uploads\/2025\/01\/LOGO-ERRESSE-CLASSICO.svg\",\"caption\":\"Erresse Shop\"},\"image\":{\"@id\":\"https:\/\/dev6.erresse-shop.it\/#\/schema\/logo\/image\/\"}}]}<\/script>\n<!-- \/ Yoast SEO plugin. -->","yoast_head_json":{"title":"PORTMEIRION Botanic Garden Meadows Set de 6 Tasse \u00e0 d\u00e9jeuner - dev6 Erresse","description":"Le design classique de Botanic Garden revisit\u00e9 avec une touche de couleur : Botanic Garden Meadow apporte une touche d\u2019\u00e9clat \u00e0 la table. Fabriqu\u00e9s au","robots":{"index":"noindex","follow":"follow","max-snippet":"max-snippet:-1","max-image-preview":"max-image-preview:large","max-video-preview":"max-video-preview:-1"},"og_locale":"fr_FR","og_type":"article","og_title":"PORTMEIRION Botanic Garden Meadows Set de 6 Tasse \u00e0 d\u00e9jeuner - dev6 Erresse","og_description":"Le design classique de Botanic Garden revisit\u00e9 avec une touche de couleur : Botanic Garden Meadow apporte une touche d\u2019\u00e9clat \u00e0 la table. Fabriqu\u00e9s au","og_url":"https:\/\/dev6.erresse-shop.it\/fr\/shop\/table-fr-2\/tasses\/portmeirion-botanic-garden-meadows-set-de-6-tasse-a-dejeuner\/","og_site_name":"dev6 Erresse","og_image":[{"url":"https:\/\/interpim.erresse-shop.it\/Import\/Prodotti\/portmeirion-botanic-garden-meadows-set-6-tazze-colazione.jpg","type":"","width":"","height":""},{"url":"https:\/\/interpim.erresse-shop.it\/Import\/Prodotti\/portmeirion-botanic-garden-meadows-set-6-tazze-colazione.jpg","width":1024,"height":1024,"type":"image\/jpeg"}],"twitter_card":"summary_large_image","twitter_image":"https:\/\/interpim.erresse-shop.it\/Import\/Prodotti\/portmeirion-botanic-garden-meadows-set-6-tazze-colazione.jpg","schema":{"@context":"https:\/\/schema.org","@graph":[{"@type":"WebPage","@id":"https:\/\/dev6.erresse-shop.it\/fr\/shop\/table-fr-2\/tasses\/portmeirion-botanic-garden-meadows-set-de-6-tasse-a-dejeuner\/","url":"https:\/\/dev6.erresse-shop.it\/fr\/shop\/table-fr-2\/tasses\/portmeirion-botanic-garden-meadows-set-de-6-tasse-a-dejeuner\/","name":"PORTMEIRION Botanic Garden Meadows Set de 6 Tasse \u00e0 d\u00e9jeuner - dev6 Erresse","isPartOf":{"@id":"https:\/\/dev6.erresse-shop.it\/#website"},"primaryImageOfPage":{"@id":"https:\/\/dev6.erresse-shop.it\/fr\/shop\/table-fr-2\/tasses\/portmeirion-botanic-garden-meadows-set-de-6-tasse-a-dejeuner\/#primaryimage"},"image":{"@id":"https:\/\/dev6.erresse-shop.it\/fr\/shop\/table-fr-2\/tasses\/portmeirion-botanic-garden-meadows-set-de-6-tasse-a-dejeuner\/#primaryimage"},"thumbnailUrl":"https:\/\/i0.wp.com\/interpim.erresse-shop.it\/Import\/Prodotti\/portmeirion-botanic-garden-meadows-set-6-tazze-colazione.jpg?ssl=1","datePublished":"2026-04-12T09:17:13+00:00","description":"Le design classique de Botanic Garden revisit\u00e9 avec une touche de couleur : Botanic Garden Meadow apporte une touche d\u2019\u00e9clat \u00e0 la table. Fabriqu\u00e9s au","breadcrumb":{"@id":"https:\/\/dev6.erresse-shop.it\/fr\/shop\/table-fr-2\/tasses\/portmeirion-botanic-garden-meadows-set-de-6-tasse-a-dejeuner\/#breadcrumb"},"inLanguage":"fr-FR","potentialAction":[{"@type":"ReadAction","target":["https:\/\/dev6.erresse-shop.it\/fr\/shop\/table-fr-2\/tasses\/portmeirion-botanic-garden-meadows-set-de-6-tasse-a-dejeuner\/"]}]},{"@type":"ImageObject","inLanguage":"fr-FR","@id":"https:\/\/dev6.erresse-shop.it\/fr\/shop\/table-fr-2\/tasses\/portmeirion-botanic-garden-meadows-set-de-6-tasse-a-dejeuner\/#primaryimage","url":"https:\/\/i0.wp.com\/interpim.erresse-shop.it\/Import\/Prodotti\/portmeirion-botanic-garden-meadows-set-6-tazze-colazione.jpg?ssl=1","contentUrl":"https:\/\/i0.wp.com\/interpim.erresse-shop.it\/Import\/Prodotti\/portmeirion-botanic-garden-meadows-set-6-tazze-colazione.jpg?ssl=1"},{"@type":"BreadcrumbList","@id":"https:\/\/dev6.erresse-shop.it\/fr\/shop\/table-fr-2\/tasses\/portmeirion-botanic-garden-meadows-set-de-6-tasse-a-dejeuner\/#breadcrumb","itemListElement":[{"@type":"ListItem","position":1,"name":"Home","item":"https:\/\/dev6.erresse-shop.it\/"},{"@type":"ListItem","position":2,"name":"Boutique","item":"https:\/\/dev6.erresse-shop.it\/shop\/"},{"@type":"ListItem","position":3,"name":"PORTMEIRION Botanic Garden Meadows Set de 6 Tasse \u00e0 d\u00e9jeuner"}]},{"@type":"WebSite","@id":"https:\/\/dev6.erresse-shop.it\/#website","url":"https:\/\/dev6.erresse-shop.it\/","name":"Erresse Shop","description":"","publisher":{"@id":"https:\/\/dev6.erresse-shop.it\/#organization"},"potentialAction":[{"@type":"SearchAction","target":{"@type":"EntryPoint","urlTemplate":"https:\/\/dev6.erresse-shop.it\/?s={search_term_string}"},"query-input":{"@type":"PropertyValueSpecification","valueRequired":true,"valueName":"search_term_string"}}],"inLanguage":"fr-FR"},{"@type":"Organization","@id":"https:\/\/dev6.erresse-shop.it\/#organization","name":"Erresse Shop","url":"https:\/\/dev6.erresse-shop.it\/","logo":{"@type":"ImageObject","inLanguage":"fr-FR","@id":"https:\/\/dev6.erresse-shop.it\/#\/schema\/logo\/image\/","url":"https:\/\/dev6.erresse-shop.it\/wp-content\/uploads\/2025\/01\/LOGO-ERRESSE-CLASSICO.svg","contentUrl":"https:\/\/dev6.erresse-shop.it\/wp-content\/uploads\/2025\/01\/LOGO-ERRESSE-CLASSICO.svg","caption":"Erresse Shop"},"image":{"@id":"https:\/\/dev6.erresse-shop.it\/#\/schema\/logo\/image\/"}}]}},"df_price":109.95,"df_sale_price":109.95,"df_regular_price":176.69,"df_image_link":"https:\/\/i0.wp.com\/interpim.erresse-shop.it\/Import\/Prodotti\/portmeirion-botanic-garden-meadows-set-6-tazze-colazione.jpg?resize=300,300&ssl=1","fifu_image_url":"https:\/\/interpim.erresse-shop.it\/Import\/Prodotti\/portmeirion-botanic-garden-meadows-set-6-tazze-colazione.jpg","_links":{"self":[{"href":"https:\/\/dev6.erresse-shop.it\/fr\/wp-json\/wp\/v2\/product\/64341","targetHints":{"allow":["GET"]}}],"collection":[{"href":"https:\/\/dev6.erresse-shop.it\/fr\/wp-json\/wp\/v2\/product"}],"about":[{"href":"https:\/\/dev6.erresse-shop.it\/fr\/wp-json\/wp\/v2\/types\/product"}],"wp:featuredmedia":[{"embeddable":true,"href":"https:\/\/dev6.erresse-shop.it\/fr\/wp-json\/wp\/v2\/media\/6368406"}],"wp:attachment":[{"href":"https:\/\/dev6.erresse-shop.it\/fr\/wp-json\/wp\/v2\/media?parent=64341"}],"wp:term":[{"taxonomy":"product_cat","embeddable":true,"href":"https:\/\/dev6.erresse-shop.it\/fr\/wp-json\/wp\/v2\/product_cat?post=64341"},{"taxonomy":"product_tag","embeddable":true,"href":"https:\/\/dev6.erresse-shop.it\/fr\/wp-json\/wp\/v2\/product_tag?post=64341"}],"curies":[{"name":"wp","href":"https:\/\/api.w.org\/{rel}","templated":true}]}}