{"id":64339,"date":"2026-04-12T11:17:13","date_gmt":"2026-04-12T09:17:13","guid":{"rendered":"https:\/\/dev6.erresse-shop.it\/shop\/non%20class\u00e9\/portmeirion-botanic-garden-meadows-set-de-6-bols-de-pates\/"},"modified":"2026-01-09T02:11:33","modified_gmt":"2026-01-09T01:11:33","slug":"portmeirion-botanic-garden-meadows-set-de-6-bols-de-pates","status":"publish","type":"product","link":"https:\/\/dev6.erresse-shop.it\/fr\/shop\/table-fr-2\/recipients-et-bols\/portmeirion-botanic-garden-meadows-set-de-6-bols-de-pates\/","title":{"rendered":"PORTMEIRION Botanic Garden Meadows Set de 6 Bols de p\u00e2tes"},"content":{"rendered":"<p>Le design classique de Botanic Garden revisit\u00e9 avec une touche de couleur : Botanic Garden Meadow apporte une touche d\u2019\u00e9clat \u00e0 la table. Fabriqu\u00e9s au Royaume-Uni, les magnifiques motifs floraux sont entour\u00e9s de bordures de feuilles de laurier dans six couleurs vives pour que votre table s\u2019\u00e9panouisse tout au long de l\u2019ann\u00e9e.<\/p>\n<p>Ce charmant set de 6 bols \u00e0 p\u00e2tes Botanic Garden Meadow est une d\u00e9licieuse c\u00e9l\u00e9bration des fleurs d\u2019\u00e9t\u00e9 avec lesquelles vous pourrez dresser la table tout au long de l\u2019ann\u00e9e. Chaque bol est orn\u00e9 d\u2019un motif floral unique au centre, comprenant de vibrantes digitales, des pois de senteur, des hortensias, des tournesols, des azal\u00e9es et des coquelicots, et d\u2019une bordure de feuilles de laurier color\u00e9es sur le pourtour. Ces bols polyvalents sont id\u00e9aux pour servir une grande vari\u00e9t\u00e9 de plats, des soupes copieuses aux p\u00e2tes, des currys chauds aux salades rafra\u00eechissantes. Un must pour la maison familiale.<\/p>\n<p>Dimensions : \u00f8 22 x H. 5 cm<br \/>\nMat\u00e9riau : terre cuite<\/p>\n","protected":false},"excerpt":{"rendered":"<p>Le design classique de Botanic Garden revisit\u00e9 avec une touche de couleur : Botanic Garden Meadow apporte une touche d\u2019\u00e9clat \u00e0 la table. Fabriqu\u00e9s au Royaume-Uni, les magnifiques motifs floraux sont entour\u00e9s de bordures de feuilles de laurier dans six couleurs vives pour que votre table s\u2019\u00e9panouisse tout au long de l\u2019ann\u00e9e. Ce charmant set [&hellip;]<\/p>\n","protected":false},"featured_media":6368396,"template":"","meta":{"_acf_changed":false},"product_cat":[12015,11995,11671],"product_tag":[],"class_list":{"0":"post-64339","1":"product","2":"type-product","3":"status-publish","4":"has-post-thumbnail","6":"product_cat-recipients-et-bols","7":"product_cat-table-fr-2","8":"product_cat-tavola","10":"first","11":"instock","12":"sale","13":"taxable","14":"shipping-taxable","15":"purchasable","16":"product-type-simple","swatches":"rey-swatches","show_selected":"","stretch_labels":"rey-swatches--stretch-labels"},"acf":[],"yoast_head":"<!-- This site is optimized with the Yoast SEO plugin v25.4 - https:\/\/yoast.com\/wordpress\/plugins\/seo\/ -->\n<title>PORTMEIRION Botanic Garden Meadows Set de 6 Bols de p\u00e2tes - dev6 Erresse<\/title>\n<meta name=\"description\" content=\"Le design classique de Botanic Garden revisit\u00e9 avec une touche de couleur : Botanic Garden Meadow apporte une touche d\u2019\u00e9clat \u00e0 la table. Fabriqu\u00e9s au\" \/>\n<meta name=\"robots\" content=\"noindex, follow, max-snippet:-1, max-image-preview:large, max-video-preview:-1\" \/>\n<meta property=\"og:locale\" content=\"fr_FR\" \/>\n<meta property=\"og:type\" content=\"article\" \/>\n<meta property=\"og:title\" content=\"PORTMEIRION Botanic Garden Meadows Set de 6 Bols de p\u00e2tes - dev6 Erresse\" \/>\n<meta property=\"og:description\" content=\"Le design classique de Botanic Garden revisit\u00e9 avec une touche de couleur : Botanic Garden Meadow apporte une touche d\u2019\u00e9clat \u00e0 la table. Fabriqu\u00e9s au\" \/>\n<meta property=\"og:url\" content=\"https:\/\/dev6.erresse-shop.it\/fr\/shop\/table-fr-2\/recipients-et-bols\/portmeirion-botanic-garden-meadows-set-de-6-bols-de-pates\/\" \/>\n<meta property=\"og:site_name\" content=\"dev6 Erresse\" \/>\n<meta property=\"og:image\" content=\"https:\/\/interpim.erresse-shop.it\/Import\/Prodotti\/portmeirion-botanic-garden-meadows-set-6-ciotole-pasta.jpg\" \/><meta property=\"og:image\" content=\"https:\/\/interpim.erresse-shop.it\/Import\/Prodotti\/portmeirion-botanic-garden-meadows-set-6-ciotole-pasta.jpg\" \/>\n\t<meta property=\"og:image:width\" content=\"1024\" \/>\n\t<meta property=\"og:image:height\" content=\"1024\" \/>\n\t<meta property=\"og:image:type\" content=\"image\/jpeg\" \/>\n<meta name=\"twitter:card\" content=\"summary_large_image\" \/>\n<meta name=\"twitter:image\" content=\"https:\/\/interpim.erresse-shop.it\/Import\/Prodotti\/portmeirion-botanic-garden-meadows-set-6-ciotole-pasta.jpg\" \/>\n<script type=\"application\/ld+json\" class=\"yoast-schema-graph\">{\"@context\":\"https:\/\/schema.org\",\"@graph\":[{\"@type\":\"WebPage\",\"@id\":\"https:\/\/dev6.erresse-shop.it\/fr\/shop\/table-fr-2\/recipients-et-bols\/portmeirion-botanic-garden-meadows-set-de-6-bols-de-pates\/\",\"url\":\"https:\/\/dev6.erresse-shop.it\/fr\/shop\/table-fr-2\/recipients-et-bols\/portmeirion-botanic-garden-meadows-set-de-6-bols-de-pates\/\",\"name\":\"PORTMEIRION Botanic Garden Meadows Set de 6 Bols de p\u00e2tes - dev6 Erresse\",\"isPartOf\":{\"@id\":\"https:\/\/dev6.erresse-shop.it\/#website\"},\"primaryImageOfPage\":{\"@id\":\"https:\/\/dev6.erresse-shop.it\/fr\/shop\/table-fr-2\/recipients-et-bols\/portmeirion-botanic-garden-meadows-set-de-6-bols-de-pates\/#primaryimage\"},\"image\":{\"@id\":\"https:\/\/dev6.erresse-shop.it\/fr\/shop\/table-fr-2\/recipients-et-bols\/portmeirion-botanic-garden-meadows-set-de-6-bols-de-pates\/#primaryimage\"},\"thumbnailUrl\":\"https:\/\/i0.wp.com\/interpim.erresse-shop.it\/Import\/Prodotti\/portmeirion-botanic-garden-meadows-set-6-ciotole-pasta.jpg?ssl=1\",\"datePublished\":\"2026-04-12T09:17:13+00:00\",\"description\":\"Le design classique de Botanic Garden revisit\u00e9 avec une touche de couleur : Botanic Garden Meadow apporte une touche d\u2019\u00e9clat \u00e0 la table. Fabriqu\u00e9s au\",\"breadcrumb\":{\"@id\":\"https:\/\/dev6.erresse-shop.it\/fr\/shop\/table-fr-2\/recipients-et-bols\/portmeirion-botanic-garden-meadows-set-de-6-bols-de-pates\/#breadcrumb\"},\"inLanguage\":\"fr-FR\",\"potentialAction\":[{\"@type\":\"ReadAction\",\"target\":[\"https:\/\/dev6.erresse-shop.it\/fr\/shop\/table-fr-2\/recipients-et-bols\/portmeirion-botanic-garden-meadows-set-de-6-bols-de-pates\/\"]}]},{\"@type\":\"ImageObject\",\"inLanguage\":\"fr-FR\",\"@id\":\"https:\/\/dev6.erresse-shop.it\/fr\/shop\/table-fr-2\/recipients-et-bols\/portmeirion-botanic-garden-meadows-set-de-6-bols-de-pates\/#primaryimage\",\"url\":\"https:\/\/i0.wp.com\/interpim.erresse-shop.it\/Import\/Prodotti\/portmeirion-botanic-garden-meadows-set-6-ciotole-pasta.jpg?ssl=1\",\"contentUrl\":\"https:\/\/i0.wp.com\/interpim.erresse-shop.it\/Import\/Prodotti\/portmeirion-botanic-garden-meadows-set-6-ciotole-pasta.jpg?ssl=1\"},{\"@type\":\"BreadcrumbList\",\"@id\":\"https:\/\/dev6.erresse-shop.it\/fr\/shop\/table-fr-2\/recipients-et-bols\/portmeirion-botanic-garden-meadows-set-de-6-bols-de-pates\/#breadcrumb\",\"itemListElement\":[{\"@type\":\"ListItem\",\"position\":1,\"name\":\"Home\",\"item\":\"https:\/\/dev6.erresse-shop.it\/\"},{\"@type\":\"ListItem\",\"position\":2,\"name\":\"Boutique\",\"item\":\"https:\/\/dev6.erresse-shop.it\/shop\/\"},{\"@type\":\"ListItem\",\"position\":3,\"name\":\"PORTMEIRION Botanic Garden Meadows Set de 6 Bols de p\u00e2tes\"}]},{\"@type\":\"WebSite\",\"@id\":\"https:\/\/dev6.erresse-shop.it\/#website\",\"url\":\"https:\/\/dev6.erresse-shop.it\/\",\"name\":\"Erresse Shop\",\"description\":\"\",\"publisher\":{\"@id\":\"https:\/\/dev6.erresse-shop.it\/#organization\"},\"potentialAction\":[{\"@type\":\"SearchAction\",\"target\":{\"@type\":\"EntryPoint\",\"urlTemplate\":\"https:\/\/dev6.erresse-shop.it\/?s={search_term_string}\"},\"query-input\":{\"@type\":\"PropertyValueSpecification\",\"valueRequired\":true,\"valueName\":\"search_term_string\"}}],\"inLanguage\":\"fr-FR\"},{\"@type\":\"Organization\",\"@id\":\"https:\/\/dev6.erresse-shop.it\/#organization\",\"name\":\"Erresse Shop\",\"url\":\"https:\/\/dev6.erresse-shop.it\/\",\"logo\":{\"@type\":\"ImageObject\",\"inLanguage\":\"fr-FR\",\"@id\":\"https:\/\/dev6.erresse-shop.it\/#\/schema\/logo\/image\/\",\"url\":\"https:\/\/dev6.erresse-shop.it\/wp-content\/uploads\/2025\/01\/LOGO-ERRESSE-CLASSICO.svg\",\"contentUrl\":\"https:\/\/dev6.erresse-shop.it\/wp-content\/uploads\/2025\/01\/LOGO-ERRESSE-CLASSICO.svg\",\"caption\":\"Erresse Shop\"},\"image\":{\"@id\":\"https:\/\/dev6.erresse-shop.it\/#\/schema\/logo\/image\/\"}}]}<\/script>\n<!-- \/ Yoast SEO plugin. -->","yoast_head_json":{"title":"PORTMEIRION Botanic Garden Meadows Set de 6 Bols de p\u00e2tes - dev6 Erresse","description":"Le design classique de Botanic Garden revisit\u00e9 avec une touche de couleur : Botanic Garden Meadow apporte une touche d\u2019\u00e9clat \u00e0 la table. Fabriqu\u00e9s au","robots":{"index":"noindex","follow":"follow","max-snippet":"max-snippet:-1","max-image-preview":"max-image-preview:large","max-video-preview":"max-video-preview:-1"},"og_locale":"fr_FR","og_type":"article","og_title":"PORTMEIRION Botanic Garden Meadows Set de 6 Bols de p\u00e2tes - dev6 Erresse","og_description":"Le design classique de Botanic Garden revisit\u00e9 avec une touche de couleur : Botanic Garden Meadow apporte une touche d\u2019\u00e9clat \u00e0 la table. Fabriqu\u00e9s au","og_url":"https:\/\/dev6.erresse-shop.it\/fr\/shop\/table-fr-2\/recipients-et-bols\/portmeirion-botanic-garden-meadows-set-de-6-bols-de-pates\/","og_site_name":"dev6 Erresse","og_image":[{"url":"https:\/\/interpim.erresse-shop.it\/Import\/Prodotti\/portmeirion-botanic-garden-meadows-set-6-ciotole-pasta.jpg","type":"","width":"","height":""},{"url":"https:\/\/interpim.erresse-shop.it\/Import\/Prodotti\/portmeirion-botanic-garden-meadows-set-6-ciotole-pasta.jpg","width":1024,"height":1024,"type":"image\/jpeg"}],"twitter_card":"summary_large_image","twitter_image":"https:\/\/interpim.erresse-shop.it\/Import\/Prodotti\/portmeirion-botanic-garden-meadows-set-6-ciotole-pasta.jpg","schema":{"@context":"https:\/\/schema.org","@graph":[{"@type":"WebPage","@id":"https:\/\/dev6.erresse-shop.it\/fr\/shop\/table-fr-2\/recipients-et-bols\/portmeirion-botanic-garden-meadows-set-de-6-bols-de-pates\/","url":"https:\/\/dev6.erresse-shop.it\/fr\/shop\/table-fr-2\/recipients-et-bols\/portmeirion-botanic-garden-meadows-set-de-6-bols-de-pates\/","name":"PORTMEIRION Botanic Garden Meadows Set de 6 Bols de p\u00e2tes - dev6 Erresse","isPartOf":{"@id":"https:\/\/dev6.erresse-shop.it\/#website"},"primaryImageOfPage":{"@id":"https:\/\/dev6.erresse-shop.it\/fr\/shop\/table-fr-2\/recipients-et-bols\/portmeirion-botanic-garden-meadows-set-de-6-bols-de-pates\/#primaryimage"},"image":{"@id":"https:\/\/dev6.erresse-shop.it\/fr\/shop\/table-fr-2\/recipients-et-bols\/portmeirion-botanic-garden-meadows-set-de-6-bols-de-pates\/#primaryimage"},"thumbnailUrl":"https:\/\/i0.wp.com\/interpim.erresse-shop.it\/Import\/Prodotti\/portmeirion-botanic-garden-meadows-set-6-ciotole-pasta.jpg?ssl=1","datePublished":"2026-04-12T09:17:13+00:00","description":"Le design classique de Botanic Garden revisit\u00e9 avec une touche de couleur : Botanic Garden Meadow apporte une touche d\u2019\u00e9clat \u00e0 la table. Fabriqu\u00e9s au","breadcrumb":{"@id":"https:\/\/dev6.erresse-shop.it\/fr\/shop\/table-fr-2\/recipients-et-bols\/portmeirion-botanic-garden-meadows-set-de-6-bols-de-pates\/#breadcrumb"},"inLanguage":"fr-FR","potentialAction":[{"@type":"ReadAction","target":["https:\/\/dev6.erresse-shop.it\/fr\/shop\/table-fr-2\/recipients-et-bols\/portmeirion-botanic-garden-meadows-set-de-6-bols-de-pates\/"]}]},{"@type":"ImageObject","inLanguage":"fr-FR","@id":"https:\/\/dev6.erresse-shop.it\/fr\/shop\/table-fr-2\/recipients-et-bols\/portmeirion-botanic-garden-meadows-set-de-6-bols-de-pates\/#primaryimage","url":"https:\/\/i0.wp.com\/interpim.erresse-shop.it\/Import\/Prodotti\/portmeirion-botanic-garden-meadows-set-6-ciotole-pasta.jpg?ssl=1","contentUrl":"https:\/\/i0.wp.com\/interpim.erresse-shop.it\/Import\/Prodotti\/portmeirion-botanic-garden-meadows-set-6-ciotole-pasta.jpg?ssl=1"},{"@type":"BreadcrumbList","@id":"https:\/\/dev6.erresse-shop.it\/fr\/shop\/table-fr-2\/recipients-et-bols\/portmeirion-botanic-garden-meadows-set-de-6-bols-de-pates\/#breadcrumb","itemListElement":[{"@type":"ListItem","position":1,"name":"Home","item":"https:\/\/dev6.erresse-shop.it\/"},{"@type":"ListItem","position":2,"name":"Boutique","item":"https:\/\/dev6.erresse-shop.it\/shop\/"},{"@type":"ListItem","position":3,"name":"PORTMEIRION Botanic Garden Meadows Set de 6 Bols de p\u00e2tes"}]},{"@type":"WebSite","@id":"https:\/\/dev6.erresse-shop.it\/#website","url":"https:\/\/dev6.erresse-shop.it\/","name":"Erresse Shop","description":"","publisher":{"@id":"https:\/\/dev6.erresse-shop.it\/#organization"},"potentialAction":[{"@type":"SearchAction","target":{"@type":"EntryPoint","urlTemplate":"https:\/\/dev6.erresse-shop.it\/?s={search_term_string}"},"query-input":{"@type":"PropertyValueSpecification","valueRequired":true,"valueName":"search_term_string"}}],"inLanguage":"fr-FR"},{"@type":"Organization","@id":"https:\/\/dev6.erresse-shop.it\/#organization","name":"Erresse Shop","url":"https:\/\/dev6.erresse-shop.it\/","logo":{"@type":"ImageObject","inLanguage":"fr-FR","@id":"https:\/\/dev6.erresse-shop.it\/#\/schema\/logo\/image\/","url":"https:\/\/dev6.erresse-shop.it\/wp-content\/uploads\/2025\/01\/LOGO-ERRESSE-CLASSICO.svg","contentUrl":"https:\/\/dev6.erresse-shop.it\/wp-content\/uploads\/2025\/01\/LOGO-ERRESSE-CLASSICO.svg","caption":"Erresse Shop"},"image":{"@id":"https:\/\/dev6.erresse-shop.it\/#\/schema\/logo\/image\/"}}]}},"df_price":119,"df_sale_price":119,"df_regular_price":183.2,"df_image_link":"https:\/\/i0.wp.com\/interpim.erresse-shop.it\/Import\/Prodotti\/portmeirion-botanic-garden-meadows-set-6-ciotole-pasta.jpg?resize=300,300&ssl=1","fifu_image_url":"https:\/\/interpim.erresse-shop.it\/Import\/Prodotti\/portmeirion-botanic-garden-meadows-set-6-ciotole-pasta.jpg","_links":{"self":[{"href":"https:\/\/dev6.erresse-shop.it\/fr\/wp-json\/wp\/v2\/product\/64339","targetHints":{"allow":["GET"]}}],"collection":[{"href":"https:\/\/dev6.erresse-shop.it\/fr\/wp-json\/wp\/v2\/product"}],"about":[{"href":"https:\/\/dev6.erresse-shop.it\/fr\/wp-json\/wp\/v2\/types\/product"}],"wp:featuredmedia":[{"embeddable":true,"href":"https:\/\/dev6.erresse-shop.it\/fr\/wp-json\/wp\/v2\/media\/6368396"}],"wp:attachment":[{"href":"https:\/\/dev6.erresse-shop.it\/fr\/wp-json\/wp\/v2\/media?parent=64339"}],"wp:term":[{"taxonomy":"product_cat","embeddable":true,"href":"https:\/\/dev6.erresse-shop.it\/fr\/wp-json\/wp\/v2\/product_cat?post=64339"},{"taxonomy":"product_tag","embeddable":true,"href":"https:\/\/dev6.erresse-shop.it\/fr\/wp-json\/wp\/v2\/product_tag?post=64339"}],"curies":[{"name":"wp","href":"https:\/\/api.w.org\/{rel}","templated":true}]}}