{"id":64335,"date":"2026-04-04T11:14:32","date_gmt":"2026-04-04T09:14:32","guid":{"rendered":"https:\/\/dev6.erresse-shop.it\/shop\/non%20class\u00e9\/portmeirion-botanic-garden-meadows-set-de-6-assiettes\/"},"modified":"2026-01-09T02:11:29","modified_gmt":"2026-01-09T01:11:29","slug":"portmeirion-botanic-garden-meadows-set-de-6-assiettes","status":"publish","type":"product","link":"https:\/\/dev6.erresse-shop.it\/fr\/shop\/table-fr-2\/plats\/portmeirion-botanic-garden-meadows-set-de-6-assiettes\/","title":{"rendered":"PORTMEIRION Botanic Garden Meadows Set de 6 assiettes"},"content":{"rendered":"<p>Le design classique de Botanic Garden revisit\u00e9 avec une touche de couleur : Botanic Garden Meadow apporte une touche d\u2019\u00e9clat \u00e0 la table. Fabriqu\u00e9s au Royaume-Uni, les magnifiques motifs floraux sont entour\u00e9s de bordures de feuilles de laurier dans six couleurs vives pour que votre table s\u2019\u00e9panouisse tout au long de l\u2019ann\u00e9e.<\/p>\n<p>Rehaussez vos repas de tous les jours avec ce set color\u00e9 de 6 assiettes plates Botanic Garden Meadow. Ce ravissant service pr\u00e9sente le motif embl\u00e9matique du jardin botanique avec une touche de vivacit\u00e9, mettant en valeur la bordure classique de feuilles de laurier dans six nuances de couleurs vives. Chaque assiette pr\u00e9sente un motif floral diff\u00e9rent au centre, notamment un coquelicot, un pois, un hortensia, une azal\u00e9e, une digitale et un tournesol. Fabriqu\u00e9 au Royaume-Uni, cet ensemble de plats de service est parfait pour cr\u00e9er une table mixte tout au long de l\u2019ann\u00e9e.<\/p>\n<p>Dimensions : \u00f8 26,7 x H. 3,4 cm<br \/>\nMat\u00e9riau : terre cuite<\/p>\n","protected":false},"excerpt":{"rendered":"<p>Le design classique de Botanic Garden revisit\u00e9 avec une touche de couleur : Botanic Garden Meadow apporte une touche d\u2019\u00e9clat \u00e0 la table. Fabriqu\u00e9s au Royaume-Uni, les magnifiques motifs floraux sont entour\u00e9s de bordures de feuilles de laurier dans six couleurs vives pour que votre table s\u2019\u00e9panouisse tout au long de l\u2019ann\u00e9e. Rehaussez vos repas [&hellip;]<\/p>\n","protected":false},"featured_media":6285109,"template":"","meta":{"_acf_changed":false},"product_cat":[12014,11995,11671],"product_tag":[],"class_list":{"0":"post-64335","1":"product","2":"type-product","3":"status-publish","4":"has-post-thumbnail","6":"product_cat-plats","7":"product_cat-table-fr-2","8":"product_cat-tavola","10":"first","11":"instock","12":"sale","13":"taxable","14":"shipping-taxable","15":"purchasable","16":"product-type-simple","swatches":"rey-swatches","show_selected":"","stretch_labels":"rey-swatches--stretch-labels"},"acf":[],"yoast_head":"<!-- This site is optimized with the Yoast SEO plugin v25.4 - https:\/\/yoast.com\/wordpress\/plugins\/seo\/ -->\n<title>PORTMEIRION Botanic Garden Meadows Set de 6 assiettes - dev6 Erresse<\/title>\n<meta name=\"description\" content=\"Le design classique de Botanic Garden revisit\u00e9 avec une touche de couleur : Botanic Garden Meadow apporte une touche d\u2019\u00e9clat \u00e0 la table. Fabriqu\u00e9s au\" \/>\n<meta name=\"robots\" content=\"noindex, follow, max-snippet:-1, max-image-preview:large, max-video-preview:-1\" \/>\n<meta property=\"og:locale\" content=\"fr_FR\" \/>\n<meta property=\"og:type\" content=\"article\" \/>\n<meta property=\"og:title\" content=\"PORTMEIRION Botanic Garden Meadows Set de 6 assiettes - dev6 Erresse\" \/>\n<meta property=\"og:description\" content=\"Le design classique de Botanic Garden revisit\u00e9 avec une touche de couleur : Botanic Garden Meadow apporte une touche d\u2019\u00e9clat \u00e0 la table. Fabriqu\u00e9s au\" \/>\n<meta property=\"og:url\" content=\"https:\/\/dev6.erresse-shop.it\/fr\/shop\/table-fr-2\/plats\/portmeirion-botanic-garden-meadows-set-de-6-assiettes\/\" \/>\n<meta property=\"og:site_name\" content=\"dev6 Erresse\" \/>\n<meta property=\"og:image\" content=\"https:\/\/interpim.erresse-shop.it\/Import\/Prodotti\/portmeirion-botanic-garden-meadows-set-6-piatti-piani.jpg\" \/><meta property=\"og:image\" content=\"https:\/\/interpim.erresse-shop.it\/Import\/Prodotti\/portmeirion-botanic-garden-meadows-set-6-piatti-piani.jpg\" \/>\n\t<meta property=\"og:image:width\" content=\"1024\" \/>\n\t<meta property=\"og:image:height\" content=\"1024\" \/>\n\t<meta property=\"og:image:type\" content=\"image\/jpeg\" \/>\n<meta name=\"twitter:card\" content=\"summary_large_image\" \/>\n<meta name=\"twitter:image\" content=\"https:\/\/interpim.erresse-shop.it\/Import\/Prodotti\/portmeirion-botanic-garden-meadows-set-6-piatti-piani.jpg\" \/>\n<script type=\"application\/ld+json\" class=\"yoast-schema-graph\">{\"@context\":\"https:\/\/schema.org\",\"@graph\":[{\"@type\":\"WebPage\",\"@id\":\"https:\/\/dev6.erresse-shop.it\/fr\/shop\/table-fr-2\/plats\/portmeirion-botanic-garden-meadows-set-de-6-assiettes\/\",\"url\":\"https:\/\/dev6.erresse-shop.it\/fr\/shop\/table-fr-2\/plats\/portmeirion-botanic-garden-meadows-set-de-6-assiettes\/\",\"name\":\"PORTMEIRION Botanic Garden Meadows Set de 6 assiettes - dev6 Erresse\",\"isPartOf\":{\"@id\":\"https:\/\/dev6.erresse-shop.it\/#website\"},\"primaryImageOfPage\":{\"@id\":\"https:\/\/dev6.erresse-shop.it\/fr\/shop\/table-fr-2\/plats\/portmeirion-botanic-garden-meadows-set-de-6-assiettes\/#primaryimage\"},\"image\":{\"@id\":\"https:\/\/dev6.erresse-shop.it\/fr\/shop\/table-fr-2\/plats\/portmeirion-botanic-garden-meadows-set-de-6-assiettes\/#primaryimage\"},\"thumbnailUrl\":\"https:\/\/i0.wp.com\/interpim.erresse-shop.it\/Import\/Prodotti\/portmeirion-botanic-garden-meadows-set-6-piatti-piani.jpg?ssl=1\",\"datePublished\":\"2026-04-04T09:14:32+00:00\",\"description\":\"Le design classique de Botanic Garden revisit\u00e9 avec une touche de couleur : Botanic Garden Meadow apporte une touche d\u2019\u00e9clat \u00e0 la table. Fabriqu\u00e9s au\",\"breadcrumb\":{\"@id\":\"https:\/\/dev6.erresse-shop.it\/fr\/shop\/table-fr-2\/plats\/portmeirion-botanic-garden-meadows-set-de-6-assiettes\/#breadcrumb\"},\"inLanguage\":\"fr-FR\",\"potentialAction\":[{\"@type\":\"ReadAction\",\"target\":[\"https:\/\/dev6.erresse-shop.it\/fr\/shop\/table-fr-2\/plats\/portmeirion-botanic-garden-meadows-set-de-6-assiettes\/\"]}]},{\"@type\":\"ImageObject\",\"inLanguage\":\"fr-FR\",\"@id\":\"https:\/\/dev6.erresse-shop.it\/fr\/shop\/table-fr-2\/plats\/portmeirion-botanic-garden-meadows-set-de-6-assiettes\/#primaryimage\",\"url\":\"https:\/\/i0.wp.com\/interpim.erresse-shop.it\/Import\/Prodotti\/portmeirion-botanic-garden-meadows-set-6-piatti-piani.jpg?ssl=1\",\"contentUrl\":\"https:\/\/i0.wp.com\/interpim.erresse-shop.it\/Import\/Prodotti\/portmeirion-botanic-garden-meadows-set-6-piatti-piani.jpg?ssl=1\"},{\"@type\":\"BreadcrumbList\",\"@id\":\"https:\/\/dev6.erresse-shop.it\/fr\/shop\/table-fr-2\/plats\/portmeirion-botanic-garden-meadows-set-de-6-assiettes\/#breadcrumb\",\"itemListElement\":[{\"@type\":\"ListItem\",\"position\":1,\"name\":\"Home\",\"item\":\"https:\/\/dev6.erresse-shop.it\/\"},{\"@type\":\"ListItem\",\"position\":2,\"name\":\"Boutique\",\"item\":\"https:\/\/dev6.erresse-shop.it\/shop\/\"},{\"@type\":\"ListItem\",\"position\":3,\"name\":\"PORTMEIRION Botanic Garden Meadows Set de 6 assiettes\"}]},{\"@type\":\"WebSite\",\"@id\":\"https:\/\/dev6.erresse-shop.it\/#website\",\"url\":\"https:\/\/dev6.erresse-shop.it\/\",\"name\":\"Erresse Shop\",\"description\":\"\",\"publisher\":{\"@id\":\"https:\/\/dev6.erresse-shop.it\/#organization\"},\"potentialAction\":[{\"@type\":\"SearchAction\",\"target\":{\"@type\":\"EntryPoint\",\"urlTemplate\":\"https:\/\/dev6.erresse-shop.it\/?s={search_term_string}\"},\"query-input\":{\"@type\":\"PropertyValueSpecification\",\"valueRequired\":true,\"valueName\":\"search_term_string\"}}],\"inLanguage\":\"fr-FR\"},{\"@type\":\"Organization\",\"@id\":\"https:\/\/dev6.erresse-shop.it\/#organization\",\"name\":\"Erresse Shop\",\"url\":\"https:\/\/dev6.erresse-shop.it\/\",\"logo\":{\"@type\":\"ImageObject\",\"inLanguage\":\"fr-FR\",\"@id\":\"https:\/\/dev6.erresse-shop.it\/#\/schema\/logo\/image\/\",\"url\":\"https:\/\/dev6.erresse-shop.it\/wp-content\/uploads\/2025\/01\/LOGO-ERRESSE-CLASSICO.svg\",\"contentUrl\":\"https:\/\/dev6.erresse-shop.it\/wp-content\/uploads\/2025\/01\/LOGO-ERRESSE-CLASSICO.svg\",\"caption\":\"Erresse Shop\"},\"image\":{\"@id\":\"https:\/\/dev6.erresse-shop.it\/#\/schema\/logo\/image\/\"}}]}<\/script>\n<!-- \/ Yoast SEO plugin. -->","yoast_head_json":{"title":"PORTMEIRION Botanic Garden Meadows Set de 6 assiettes - dev6 Erresse","description":"Le design classique de Botanic Garden revisit\u00e9 avec une touche de couleur : Botanic Garden Meadow apporte une touche d\u2019\u00e9clat \u00e0 la table. Fabriqu\u00e9s au","robots":{"index":"noindex","follow":"follow","max-snippet":"max-snippet:-1","max-image-preview":"max-image-preview:large","max-video-preview":"max-video-preview:-1"},"og_locale":"fr_FR","og_type":"article","og_title":"PORTMEIRION Botanic Garden Meadows Set de 6 assiettes - dev6 Erresse","og_description":"Le design classique de Botanic Garden revisit\u00e9 avec une touche de couleur : Botanic Garden Meadow apporte une touche d\u2019\u00e9clat \u00e0 la table. Fabriqu\u00e9s au","og_url":"https:\/\/dev6.erresse-shop.it\/fr\/shop\/table-fr-2\/plats\/portmeirion-botanic-garden-meadows-set-de-6-assiettes\/","og_site_name":"dev6 Erresse","og_image":[{"url":"https:\/\/interpim.erresse-shop.it\/Import\/Prodotti\/portmeirion-botanic-garden-meadows-set-6-piatti-piani.jpg","type":"","width":"","height":""},{"url":"https:\/\/interpim.erresse-shop.it\/Import\/Prodotti\/portmeirion-botanic-garden-meadows-set-6-piatti-piani.jpg","width":1024,"height":1024,"type":"image\/jpeg"}],"twitter_card":"summary_large_image","twitter_image":"https:\/\/interpim.erresse-shop.it\/Import\/Prodotti\/portmeirion-botanic-garden-meadows-set-6-piatti-piani.jpg","schema":{"@context":"https:\/\/schema.org","@graph":[{"@type":"WebPage","@id":"https:\/\/dev6.erresse-shop.it\/fr\/shop\/table-fr-2\/plats\/portmeirion-botanic-garden-meadows-set-de-6-assiettes\/","url":"https:\/\/dev6.erresse-shop.it\/fr\/shop\/table-fr-2\/plats\/portmeirion-botanic-garden-meadows-set-de-6-assiettes\/","name":"PORTMEIRION Botanic Garden Meadows Set de 6 assiettes - dev6 Erresse","isPartOf":{"@id":"https:\/\/dev6.erresse-shop.it\/#website"},"primaryImageOfPage":{"@id":"https:\/\/dev6.erresse-shop.it\/fr\/shop\/table-fr-2\/plats\/portmeirion-botanic-garden-meadows-set-de-6-assiettes\/#primaryimage"},"image":{"@id":"https:\/\/dev6.erresse-shop.it\/fr\/shop\/table-fr-2\/plats\/portmeirion-botanic-garden-meadows-set-de-6-assiettes\/#primaryimage"},"thumbnailUrl":"https:\/\/i0.wp.com\/interpim.erresse-shop.it\/Import\/Prodotti\/portmeirion-botanic-garden-meadows-set-6-piatti-piani.jpg?ssl=1","datePublished":"2026-04-04T09:14:32+00:00","description":"Le design classique de Botanic Garden revisit\u00e9 avec une touche de couleur : Botanic Garden Meadow apporte une touche d\u2019\u00e9clat \u00e0 la table. Fabriqu\u00e9s au","breadcrumb":{"@id":"https:\/\/dev6.erresse-shop.it\/fr\/shop\/table-fr-2\/plats\/portmeirion-botanic-garden-meadows-set-de-6-assiettes\/#breadcrumb"},"inLanguage":"fr-FR","potentialAction":[{"@type":"ReadAction","target":["https:\/\/dev6.erresse-shop.it\/fr\/shop\/table-fr-2\/plats\/portmeirion-botanic-garden-meadows-set-de-6-assiettes\/"]}]},{"@type":"ImageObject","inLanguage":"fr-FR","@id":"https:\/\/dev6.erresse-shop.it\/fr\/shop\/table-fr-2\/plats\/portmeirion-botanic-garden-meadows-set-de-6-assiettes\/#primaryimage","url":"https:\/\/i0.wp.com\/interpim.erresse-shop.it\/Import\/Prodotti\/portmeirion-botanic-garden-meadows-set-6-piatti-piani.jpg?ssl=1","contentUrl":"https:\/\/i0.wp.com\/interpim.erresse-shop.it\/Import\/Prodotti\/portmeirion-botanic-garden-meadows-set-6-piatti-piani.jpg?ssl=1"},{"@type":"BreadcrumbList","@id":"https:\/\/dev6.erresse-shop.it\/fr\/shop\/table-fr-2\/plats\/portmeirion-botanic-garden-meadows-set-de-6-assiettes\/#breadcrumb","itemListElement":[{"@type":"ListItem","position":1,"name":"Home","item":"https:\/\/dev6.erresse-shop.it\/"},{"@type":"ListItem","position":2,"name":"Boutique","item":"https:\/\/dev6.erresse-shop.it\/shop\/"},{"@type":"ListItem","position":3,"name":"PORTMEIRION Botanic Garden Meadows Set de 6 assiettes"}]},{"@type":"WebSite","@id":"https:\/\/dev6.erresse-shop.it\/#website","url":"https:\/\/dev6.erresse-shop.it\/","name":"Erresse Shop","description":"","publisher":{"@id":"https:\/\/dev6.erresse-shop.it\/#organization"},"potentialAction":[{"@type":"SearchAction","target":{"@type":"EntryPoint","urlTemplate":"https:\/\/dev6.erresse-shop.it\/?s={search_term_string}"},"query-input":{"@type":"PropertyValueSpecification","valueRequired":true,"valueName":"search_term_string"}}],"inLanguage":"fr-FR"},{"@type":"Organization","@id":"https:\/\/dev6.erresse-shop.it\/#organization","name":"Erresse Shop","url":"https:\/\/dev6.erresse-shop.it\/","logo":{"@type":"ImageObject","inLanguage":"fr-FR","@id":"https:\/\/dev6.erresse-shop.it\/#\/schema\/logo\/image\/","url":"https:\/\/dev6.erresse-shop.it\/wp-content\/uploads\/2025\/01\/LOGO-ERRESSE-CLASSICO.svg","contentUrl":"https:\/\/dev6.erresse-shop.it\/wp-content\/uploads\/2025\/01\/LOGO-ERRESSE-CLASSICO.svg","caption":"Erresse Shop"},"image":{"@id":"https:\/\/dev6.erresse-shop.it\/#\/schema\/logo\/image\/"}}]}},"df_price":109.95,"df_sale_price":109.95,"df_regular_price":183.2,"df_image_link":"https:\/\/i0.wp.com\/interpim.erresse-shop.it\/Import\/Prodotti\/portmeirion-botanic-garden-meadows-set-6-piatti-piani.jpg?resize=300,300&ssl=1","fifu_image_url":"https:\/\/interpim.erresse-shop.it\/Import\/Prodotti\/portmeirion-botanic-garden-meadows-set-6-piatti-piani.jpg","_links":{"self":[{"href":"https:\/\/dev6.erresse-shop.it\/fr\/wp-json\/wp\/v2\/product\/64335","targetHints":{"allow":["GET"]}}],"collection":[{"href":"https:\/\/dev6.erresse-shop.it\/fr\/wp-json\/wp\/v2\/product"}],"about":[{"href":"https:\/\/dev6.erresse-shop.it\/fr\/wp-json\/wp\/v2\/types\/product"}],"wp:featuredmedia":[{"embeddable":true,"href":"https:\/\/dev6.erresse-shop.it\/fr\/wp-json\/wp\/v2\/media\/6285109"}],"wp:attachment":[{"href":"https:\/\/dev6.erresse-shop.it\/fr\/wp-json\/wp\/v2\/media?parent=64335"}],"wp:term":[{"taxonomy":"product_cat","embeddable":true,"href":"https:\/\/dev6.erresse-shop.it\/fr\/wp-json\/wp\/v2\/product_cat?post=64335"},{"taxonomy":"product_tag","embeddable":true,"href":"https:\/\/dev6.erresse-shop.it\/fr\/wp-json\/wp\/v2\/product_tag?post=64335"}],"curies":[{"name":"wp","href":"https:\/\/api.w.org\/{rel}","templated":true}]}}