{"id":64331,"date":"2026-04-04T11:14:32","date_gmt":"2026-04-04T09:14:32","guid":{"rendered":"https:\/\/dev6.erresse-shop.it\/shop\/non%20class\u00e9\/smeg-table-de-cuisson-a-induction-portable-noir\/"},"modified":"2025-07-04T18:12:17","modified_gmt":"2025-07-04T16:12:17","slug":"smeg-table-de-cuisson-a-induction-portable-noir","status":"publish","type":"product","link":"https:\/\/dev6.erresse-shop.it\/fr\/shop\/petits-electromenagers\/grilles-et-barbecues\/smeg-table-de-cuisson-a-induction-portable-noir\/","title":{"rendered":"SMEG Table de cuisson \u00e0 induction portable Noir"},"content":{"rendered":"<p>Plaque \u00e0 induction portable avec sonde de temp\u00e9rature externe, pour contr\u00f4ler pr\u00e9cis\u00e9ment les r\u00e9sultats de cuisson et exp\u00e9rimenter des pr\u00e9parations de niveau professionnel. Cr\u00e9ez toujours de nouveaux plats gr\u00e2ce aux programmes pr\u00e9d\u00e9finis Barbecue et Frire.<\/p>\n<p>ESTH\u00c9TIQUE<br \/>\nCouleur : Noir<br \/>\nFinition\u00a0: Mat<br \/>\nEsth\u00e9tique\u00a0: Collection<br \/>\nMat\u00e9riau du corps\u00a0: Plastique<br \/>\nMat\u00e9riau du panneau avant\u00a0: Aluminium<br \/>\nCouleur du panneau avant\u00a0: Aluminium<br \/>\nFinition du panneau avant\u00a0: Bross\u00e9 avec bord poli<br \/>\nFinition du corps\u00a0: Mat<br \/>\nMat\u00e9riau des pieds antid\u00e9rapants\u00a0: Caoutchouc<br \/>\nType de verre\u00a0: C\u00e9ramique<br \/>\nPosition de contr\u00f4le\u00a0: Avant<br \/>\nCurseur\u00a0: Oui<br \/>\nCouleur LED de contr\u00f4le\u00a0: Rouge<br \/>\nBord du verre\u00a0: biseaut\u00e9<br \/>\nCouleur de s\u00e9rigraphie\u00a0: Gris<\/p>\n<p>PROGRAMMES \/ FONCTIONS<br \/>\nFonction pause\u00a0: Oui<br \/>\nSignaux sonores\u00a0:\u00a0facultatif<br \/>\nArr\u00eat automatique\u00a0: Oui<br \/>\nNombre de zones de cuisson \u00e0 induction\u00a0: 1<br \/>\nNiveaux de puissance\u00a0: 9<\/p>\n<p>COMMANDES<br \/>\nAffichage\u00a0: Oui<br \/>\nType de commandes\u00a0: Toucher<br \/>\nBouton ON\/OFF\u00a0: Oui<\/p>\n<p>CARACT\u00c9RISTIQUES TECHNIQUES<br \/>\nTechnologie d\u2019affichage\u00a0: LED<br \/>\nD\u00e9tection de pr\u00e9sence de pot\u00a0: Oui<br \/>\nArr\u00eat automatique en cas de surchauffe\u00a0: Oui<br \/>\nAuto-arr\u00eat en cas de d\u00e9bordement\u00a0: Oui<br \/>\nIndicateur de chaleur r\u00e9siduelle\u00a0: Oui<\/p>\n<p>RACCORDEMENT \u00c9LECTRIQUE<br \/>\nTension (V)\u00a0: 220-240\u00a0V<br \/>\nFr\u00e9quence Hz\u00a0: 50\/60 Hz<br \/>\nLongueur du c\u00e2ble d\u2019alimentation\u00a0: 1 m<\/p>\n<p>Pas \u00e0 vendre en dehors de l\u2019Europe<\/p>\n","protected":false},"excerpt":{"rendered":"<p>Plaque \u00e0 induction portable avec sonde de temp\u00e9rature externe, pour contr\u00f4ler pr\u00e9cis\u00e9ment les r\u00e9sultats de cuisson et exp\u00e9rimenter des pr\u00e9parations de niveau professionnel. Cr\u00e9ez toujours de nouveaux plats gr\u00e2ce aux programmes pr\u00e9d\u00e9finis Barbecue et Frire. ESTH\u00c9TIQUE Couleur : Noir Finition\u00a0: Mat Esth\u00e9tique\u00a0: Collection Mat\u00e9riau du corps\u00a0: Plastique Mat\u00e9riau du panneau avant\u00a0: Aluminium Couleur du panneau [&hellip;]<\/p>\n","protected":false},"featured_media":6285095,"template":"","meta":{"_acf_changed":false},"product_cat":[12087,12055],"product_tag":[],"class_list":{"0":"post-64331","1":"product","2":"type-product","3":"status-publish","4":"has-post-thumbnail","6":"product_cat-grilles-et-barbecues","7":"product_cat-petits-electromenagers","9":"first","10":"instock","11":"sale","12":"taxable","13":"shipping-taxable","14":"purchasable","15":"product-type-simple","swatches":"rey-swatches","show_selected":"","stretch_labels":"rey-swatches--stretch-labels"},"acf":[],"yoast_head":"<!-- This site is optimized with the Yoast SEO plugin v25.4 - https:\/\/yoast.com\/wordpress\/plugins\/seo\/ -->\n<title>SMEG Table de cuisson \u00e0 induction portable Noir - dev6 Erresse<\/title>\n<meta name=\"description\" content=\"Plaque \u00e0 induction portable avec sonde de temp\u00e9rature externe, pour contr\u00f4ler pr\u00e9cis\u00e9ment les r\u00e9sultats de cuisson et exp\u00e9rimenter des pr\u00e9parations de\" \/>\n<meta name=\"robots\" content=\"noindex, follow, max-snippet:-1, max-image-preview:large, max-video-preview:-1\" \/>\n<meta property=\"og:locale\" content=\"fr_FR\" \/>\n<meta property=\"og:type\" content=\"article\" \/>\n<meta property=\"og:title\" content=\"SMEG Table de cuisson \u00e0 induction portable Noir - dev6 Erresse\" \/>\n<meta property=\"og:description\" content=\"Plaque \u00e0 induction portable avec sonde de temp\u00e9rature externe, pour contr\u00f4ler pr\u00e9cis\u00e9ment les r\u00e9sultats de cuisson et exp\u00e9rimenter des pr\u00e9parations de\" \/>\n<meta property=\"og:url\" content=\"https:\/\/dev6.erresse-shop.it\/fr\/shop\/petits-electromenagers\/grilles-et-barbecues\/smeg-table-de-cuisson-a-induction-portable-noir\/\" \/>\n<meta property=\"og:site_name\" content=\"dev6 Erresse\" \/>\n<meta property=\"og:image\" content=\"https:\/\/interpim.erresse-shop.it\/wp-content\/uploads\/2024\/06\/SMEG-Piastra-a-Induzione-Portatile-Nero.jpg\/smeg-piastra-a-induzione-portatile-nero.jpg\" \/><meta property=\"og:image\" content=\"https:\/\/interpim.erresse-shop.it\/wp-content\/uploads\/2024\/06\/SMEG-Piastra-a-Induzione-Portatile-Nero.jpg\/smeg-piastra-a-induzione-portatile-nero.jpg\" \/>\n\t<meta property=\"og:image:width\" content=\"1024\" \/>\n\t<meta property=\"og:image:height\" content=\"1024\" \/>\n\t<meta property=\"og:image:type\" content=\"image\/jpeg\" \/>\n<meta name=\"twitter:card\" content=\"summary_large_image\" \/>\n<meta name=\"twitter:image\" content=\"https:\/\/interpim.erresse-shop.it\/wp-content\/uploads\/2024\/06\/SMEG-Piastra-a-Induzione-Portatile-Nero.jpg\/smeg-piastra-a-induzione-portatile-nero.jpg\" \/>\n<script type=\"application\/ld+json\" class=\"yoast-schema-graph\">{\"@context\":\"https:\/\/schema.org\",\"@graph\":[{\"@type\":\"WebPage\",\"@id\":\"https:\/\/dev6.erresse-shop.it\/fr\/shop\/petits-electromenagers\/grilles-et-barbecues\/smeg-table-de-cuisson-a-induction-portable-noir\/\",\"url\":\"https:\/\/dev6.erresse-shop.it\/fr\/shop\/petits-electromenagers\/grilles-et-barbecues\/smeg-table-de-cuisson-a-induction-portable-noir\/\",\"name\":\"SMEG Table de cuisson \u00e0 induction portable Noir - dev6 Erresse\",\"isPartOf\":{\"@id\":\"https:\/\/dev6.erresse-shop.it\/#website\"},\"primaryImageOfPage\":{\"@id\":\"https:\/\/dev6.erresse-shop.it\/fr\/shop\/petits-electromenagers\/grilles-et-barbecues\/smeg-table-de-cuisson-a-induction-portable-noir\/#primaryimage\"},\"image\":{\"@id\":\"https:\/\/dev6.erresse-shop.it\/fr\/shop\/petits-electromenagers\/grilles-et-barbecues\/smeg-table-de-cuisson-a-induction-portable-noir\/#primaryimage\"},\"thumbnailUrl\":\"https:\/\/i3.wp.com\/interpim.erresse-shop.it\/wp-content\/uploads\/2024\/06\/SMEG-Piastra-a-Induzione-Portatile-Nero.jpg\/smeg-piastra-a-induzione-portatile-nero.jpg?ssl=1\",\"datePublished\":\"2026-04-04T09:14:32+00:00\",\"description\":\"Plaque \u00e0 induction portable avec sonde de temp\u00e9rature externe, pour contr\u00f4ler pr\u00e9cis\u00e9ment les r\u00e9sultats de cuisson et exp\u00e9rimenter des pr\u00e9parations de\",\"breadcrumb\":{\"@id\":\"https:\/\/dev6.erresse-shop.it\/fr\/shop\/petits-electromenagers\/grilles-et-barbecues\/smeg-table-de-cuisson-a-induction-portable-noir\/#breadcrumb\"},\"inLanguage\":\"fr-FR\",\"potentialAction\":[{\"@type\":\"ReadAction\",\"target\":[\"https:\/\/dev6.erresse-shop.it\/fr\/shop\/petits-electromenagers\/grilles-et-barbecues\/smeg-table-de-cuisson-a-induction-portable-noir\/\"]}]},{\"@type\":\"ImageObject\",\"inLanguage\":\"fr-FR\",\"@id\":\"https:\/\/dev6.erresse-shop.it\/fr\/shop\/petits-electromenagers\/grilles-et-barbecues\/smeg-table-de-cuisson-a-induction-portable-noir\/#primaryimage\",\"url\":\"https:\/\/i3.wp.com\/interpim.erresse-shop.it\/wp-content\/uploads\/2024\/06\/SMEG-Piastra-a-Induzione-Portatile-Nero.jpg\/smeg-piastra-a-induzione-portatile-nero.jpg?ssl=1\",\"contentUrl\":\"https:\/\/i3.wp.com\/interpim.erresse-shop.it\/wp-content\/uploads\/2024\/06\/SMEG-Piastra-a-Induzione-Portatile-Nero.jpg\/smeg-piastra-a-induzione-portatile-nero.jpg?ssl=1\"},{\"@type\":\"BreadcrumbList\",\"@id\":\"https:\/\/dev6.erresse-shop.it\/fr\/shop\/petits-electromenagers\/grilles-et-barbecues\/smeg-table-de-cuisson-a-induction-portable-noir\/#breadcrumb\",\"itemListElement\":[{\"@type\":\"ListItem\",\"position\":1,\"name\":\"Home\",\"item\":\"https:\/\/dev6.erresse-shop.it\/\"},{\"@type\":\"ListItem\",\"position\":2,\"name\":\"Boutique\",\"item\":\"https:\/\/dev6.erresse-shop.it\/shop\/\"},{\"@type\":\"ListItem\",\"position\":3,\"name\":\"SMEG Table de cuisson \u00e0 induction portable Noir\"}]},{\"@type\":\"WebSite\",\"@id\":\"https:\/\/dev6.erresse-shop.it\/#website\",\"url\":\"https:\/\/dev6.erresse-shop.it\/\",\"name\":\"Erresse Shop\",\"description\":\"\",\"publisher\":{\"@id\":\"https:\/\/dev6.erresse-shop.it\/#organization\"},\"potentialAction\":[{\"@type\":\"SearchAction\",\"target\":{\"@type\":\"EntryPoint\",\"urlTemplate\":\"https:\/\/dev6.erresse-shop.it\/?s={search_term_string}\"},\"query-input\":{\"@type\":\"PropertyValueSpecification\",\"valueRequired\":true,\"valueName\":\"search_term_string\"}}],\"inLanguage\":\"fr-FR\"},{\"@type\":\"Organization\",\"@id\":\"https:\/\/dev6.erresse-shop.it\/#organization\",\"name\":\"Erresse Shop\",\"url\":\"https:\/\/dev6.erresse-shop.it\/\",\"logo\":{\"@type\":\"ImageObject\",\"inLanguage\":\"fr-FR\",\"@id\":\"https:\/\/dev6.erresse-shop.it\/#\/schema\/logo\/image\/\",\"url\":\"https:\/\/dev6.erresse-shop.it\/wp-content\/uploads\/2025\/01\/LOGO-ERRESSE-CLASSICO.svg\",\"contentUrl\":\"https:\/\/dev6.erresse-shop.it\/wp-content\/uploads\/2025\/01\/LOGO-ERRESSE-CLASSICO.svg\",\"caption\":\"Erresse Shop\"},\"image\":{\"@id\":\"https:\/\/dev6.erresse-shop.it\/#\/schema\/logo\/image\/\"}}]}<\/script>\n<!-- \/ Yoast SEO plugin. -->","yoast_head_json":{"title":"SMEG Table de cuisson \u00e0 induction portable Noir - dev6 Erresse","description":"Plaque \u00e0 induction portable avec sonde de temp\u00e9rature externe, pour contr\u00f4ler pr\u00e9cis\u00e9ment les r\u00e9sultats de cuisson et exp\u00e9rimenter des pr\u00e9parations de","robots":{"index":"noindex","follow":"follow","max-snippet":"max-snippet:-1","max-image-preview":"max-image-preview:large","max-video-preview":"max-video-preview:-1"},"og_locale":"fr_FR","og_type":"article","og_title":"SMEG Table de cuisson \u00e0 induction portable Noir - dev6 Erresse","og_description":"Plaque \u00e0 induction portable avec sonde de temp\u00e9rature externe, pour contr\u00f4ler pr\u00e9cis\u00e9ment les r\u00e9sultats de cuisson et exp\u00e9rimenter des pr\u00e9parations de","og_url":"https:\/\/dev6.erresse-shop.it\/fr\/shop\/petits-electromenagers\/grilles-et-barbecues\/smeg-table-de-cuisson-a-induction-portable-noir\/","og_site_name":"dev6 Erresse","og_image":[{"url":"https:\/\/interpim.erresse-shop.it\/wp-content\/uploads\/2024\/06\/SMEG-Piastra-a-Induzione-Portatile-Nero.jpg\/smeg-piastra-a-induzione-portatile-nero.jpg","type":"","width":"","height":""},{"url":"https:\/\/interpim.erresse-shop.it\/wp-content\/uploads\/2024\/06\/SMEG-Piastra-a-Induzione-Portatile-Nero.jpg\/smeg-piastra-a-induzione-portatile-nero.jpg","width":1024,"height":1024,"type":"image\/jpeg"}],"twitter_card":"summary_large_image","twitter_image":"https:\/\/interpim.erresse-shop.it\/wp-content\/uploads\/2024\/06\/SMEG-Piastra-a-Induzione-Portatile-Nero.jpg\/smeg-piastra-a-induzione-portatile-nero.jpg","schema":{"@context":"https:\/\/schema.org","@graph":[{"@type":"WebPage","@id":"https:\/\/dev6.erresse-shop.it\/fr\/shop\/petits-electromenagers\/grilles-et-barbecues\/smeg-table-de-cuisson-a-induction-portable-noir\/","url":"https:\/\/dev6.erresse-shop.it\/fr\/shop\/petits-electromenagers\/grilles-et-barbecues\/smeg-table-de-cuisson-a-induction-portable-noir\/","name":"SMEG Table de cuisson \u00e0 induction portable Noir - dev6 Erresse","isPartOf":{"@id":"https:\/\/dev6.erresse-shop.it\/#website"},"primaryImageOfPage":{"@id":"https:\/\/dev6.erresse-shop.it\/fr\/shop\/petits-electromenagers\/grilles-et-barbecues\/smeg-table-de-cuisson-a-induction-portable-noir\/#primaryimage"},"image":{"@id":"https:\/\/dev6.erresse-shop.it\/fr\/shop\/petits-electromenagers\/grilles-et-barbecues\/smeg-table-de-cuisson-a-induction-portable-noir\/#primaryimage"},"thumbnailUrl":"https:\/\/i3.wp.com\/interpim.erresse-shop.it\/wp-content\/uploads\/2024\/06\/SMEG-Piastra-a-Induzione-Portatile-Nero.jpg\/smeg-piastra-a-induzione-portatile-nero.jpg?ssl=1","datePublished":"2026-04-04T09:14:32+00:00","description":"Plaque \u00e0 induction portable avec sonde de temp\u00e9rature externe, pour contr\u00f4ler pr\u00e9cis\u00e9ment les r\u00e9sultats de cuisson et exp\u00e9rimenter des pr\u00e9parations de","breadcrumb":{"@id":"https:\/\/dev6.erresse-shop.it\/fr\/shop\/petits-electromenagers\/grilles-et-barbecues\/smeg-table-de-cuisson-a-induction-portable-noir\/#breadcrumb"},"inLanguage":"fr-FR","potentialAction":[{"@type":"ReadAction","target":["https:\/\/dev6.erresse-shop.it\/fr\/shop\/petits-electromenagers\/grilles-et-barbecues\/smeg-table-de-cuisson-a-induction-portable-noir\/"]}]},{"@type":"ImageObject","inLanguage":"fr-FR","@id":"https:\/\/dev6.erresse-shop.it\/fr\/shop\/petits-electromenagers\/grilles-et-barbecues\/smeg-table-de-cuisson-a-induction-portable-noir\/#primaryimage","url":"https:\/\/i3.wp.com\/interpim.erresse-shop.it\/wp-content\/uploads\/2024\/06\/SMEG-Piastra-a-Induzione-Portatile-Nero.jpg\/smeg-piastra-a-induzione-portatile-nero.jpg?ssl=1","contentUrl":"https:\/\/i3.wp.com\/interpim.erresse-shop.it\/wp-content\/uploads\/2024\/06\/SMEG-Piastra-a-Induzione-Portatile-Nero.jpg\/smeg-piastra-a-induzione-portatile-nero.jpg?ssl=1"},{"@type":"BreadcrumbList","@id":"https:\/\/dev6.erresse-shop.it\/fr\/shop\/petits-electromenagers\/grilles-et-barbecues\/smeg-table-de-cuisson-a-induction-portable-noir\/#breadcrumb","itemListElement":[{"@type":"ListItem","position":1,"name":"Home","item":"https:\/\/dev6.erresse-shop.it\/"},{"@type":"ListItem","position":2,"name":"Boutique","item":"https:\/\/dev6.erresse-shop.it\/shop\/"},{"@type":"ListItem","position":3,"name":"SMEG Table de cuisson \u00e0 induction portable Noir"}]},{"@type":"WebSite","@id":"https:\/\/dev6.erresse-shop.it\/#website","url":"https:\/\/dev6.erresse-shop.it\/","name":"Erresse Shop","description":"","publisher":{"@id":"https:\/\/dev6.erresse-shop.it\/#organization"},"potentialAction":[{"@type":"SearchAction","target":{"@type":"EntryPoint","urlTemplate":"https:\/\/dev6.erresse-shop.it\/?s={search_term_string}"},"query-input":{"@type":"PropertyValueSpecification","valueRequired":true,"valueName":"search_term_string"}}],"inLanguage":"fr-FR"},{"@type":"Organization","@id":"https:\/\/dev6.erresse-shop.it\/#organization","name":"Erresse Shop","url":"https:\/\/dev6.erresse-shop.it\/","logo":{"@type":"ImageObject","inLanguage":"fr-FR","@id":"https:\/\/dev6.erresse-shop.it\/#\/schema\/logo\/image\/","url":"https:\/\/dev6.erresse-shop.it\/wp-content\/uploads\/2025\/01\/LOGO-ERRESSE-CLASSICO.svg","contentUrl":"https:\/\/dev6.erresse-shop.it\/wp-content\/uploads\/2025\/01\/LOGO-ERRESSE-CLASSICO.svg","caption":"Erresse Shop"},"image":{"@id":"https:\/\/dev6.erresse-shop.it\/#\/schema\/logo\/image\/"}}]}},"df_price":329,"df_sale_price":329,"df_regular_price":349,"df_image_link":"https:\/\/i3.wp.com\/interpim.erresse-shop.it\/wp-content\/uploads\/2024\/06\/SMEG-Piastra-a-Induzione-Portatile-Nero.jpg\/smeg-piastra-a-induzione-portatile-nero.jpg?resize=300,300&ssl=1","fifu_image_url":"https:\/\/interpim.erresse-shop.it\/wp-content\/uploads\/2024\/06\/SMEG-Piastra-a-Induzione-Portatile-Nero.jpg\/smeg-piastra-a-induzione-portatile-nero.jpg","_links":{"self":[{"href":"https:\/\/dev6.erresse-shop.it\/fr\/wp-json\/wp\/v2\/product\/64331","targetHints":{"allow":["GET"]}}],"collection":[{"href":"https:\/\/dev6.erresse-shop.it\/fr\/wp-json\/wp\/v2\/product"}],"about":[{"href":"https:\/\/dev6.erresse-shop.it\/fr\/wp-json\/wp\/v2\/types\/product"}],"wp:featuredmedia":[{"embeddable":true,"href":"https:\/\/dev6.erresse-shop.it\/fr\/wp-json\/wp\/v2\/media\/6285095"}],"wp:attachment":[{"href":"https:\/\/dev6.erresse-shop.it\/fr\/wp-json\/wp\/v2\/media?parent=64331"}],"wp:term":[{"taxonomy":"product_cat","embeddable":true,"href":"https:\/\/dev6.erresse-shop.it\/fr\/wp-json\/wp\/v2\/product_cat?post=64331"},{"taxonomy":"product_tag","embeddable":true,"href":"https:\/\/dev6.erresse-shop.it\/fr\/wp-json\/wp\/v2\/product_tag?post=64331"}],"curies":[{"name":"wp","href":"https:\/\/api.w.org\/{rel}","templated":true}]}}