{"id":64321,"date":"2026-04-04T11:12:29","date_gmt":"2026-04-04T09:12:29","guid":{"rendered":"https:\/\/dev6.erresse-shop.it\/shop\/non%20class\u00e9\/wd-lifestyle-panier-de-pique-nique-en-osier-pour-4-personnes-miel\/"},"modified":"2025-07-04T18:11:56","modified_gmt":"2025-07-04T16:11:56","slug":"wd-lifestyle-panier-de-pique-nique-en-osier-pour-4-personnes-miel","status":"publish","type":"product","link":"https:\/\/dev6.erresse-shop.it\/fr\/shop\/table-fr-2\/paniers-pique-nique\/wd-lifestyle-panier-de-pique-nique-en-osier-pour-4-personnes-miel\/","title":{"rendered":"WD LIFESTYLE Panier de pique-nique en osier pour 4 personnes Miel"},"content":{"rendered":"<p>Panier de pique-nique en osier de couleur miel pour 4 personnes. D\u00e9cor\u00e9 d\u2019un tissu ray\u00e9 multicolore, il est pratique. Contient 4 assiettes en c\u00e9ramique ; 4 fourchettes, 4 couteaux, 4 cuill\u00e8res, 1 tire-bouchon en acier inoxydable ; 4 gobelets en verre.<\/p>\n<p>Dimensions : 41 x 31 x 23 cm<\/p>\n","protected":false},"excerpt":{"rendered":"<p>Panier de pique-nique en osier de couleur miel pour 4 personnes. D\u00e9cor\u00e9 d\u2019un tissu ray\u00e9 multicolore, il est pratique. Contient 4 assiettes en c\u00e9ramique ; 4 fourchettes, 4 couteaux, 4 cuill\u00e8res, 1 tire-bouchon en acier inoxydable ; 4 gobelets en verre. Dimensions : 41 x 31 x 23 cm<\/p>\n","protected":false},"featured_media":6285085,"template":"","meta":{"_acf_changed":false},"product_cat":[12032],"product_tag":[],"class_list":{"0":"post-64321","1":"product","2":"type-product","3":"status-publish","4":"has-post-thumbnail","6":"product_cat-paniers-pique-nique","8":"first","9":"instock","10":"sale","11":"taxable","12":"shipping-taxable","13":"purchasable","14":"product-type-simple","swatches":"rey-swatches","show_selected":"","stretch_labels":"rey-swatches--stretch-labels"},"acf":[],"yoast_head":"<!-- This site is optimized with the Yoast SEO plugin v25.4 - https:\/\/yoast.com\/wordpress\/plugins\/seo\/ -->\n<title>WD LIFESTYLE Panier de pique-nique en osier pour 4 personnes Miel - dev6 Erresse<\/title>\n<meta name=\"description\" content=\"Panier de pique-nique en osier de couleur miel pour 4 personnes. D\u00e9cor\u00e9 d\u2019un tissu ray\u00e9 multicolore, il est pratique. Contient 4 assiettes en c\u00e9ramique ;\" \/>\n<meta name=\"robots\" content=\"noindex, follow, max-snippet:-1, max-image-preview:large, max-video-preview:-1\" \/>\n<meta property=\"og:locale\" content=\"fr_FR\" \/>\n<meta property=\"og:type\" content=\"article\" \/>\n<meta property=\"og:title\" content=\"WD LIFESTYLE Panier de pique-nique en osier pour 4 personnes Miel - dev6 Erresse\" \/>\n<meta property=\"og:description\" content=\"Panier de pique-nique en osier de couleur miel pour 4 personnes. D\u00e9cor\u00e9 d\u2019un tissu ray\u00e9 multicolore, il est pratique. Contient 4 assiettes en c\u00e9ramique ;\" \/>\n<meta property=\"og:url\" content=\"https:\/\/dev6.erresse-shop.it\/fr\/shop\/table-fr-2\/paniers-pique-nique\/wd-lifestyle-panier-de-pique-nique-en-osier-pour-4-personnes-miel\/\" \/>\n<meta property=\"og:site_name\" content=\"dev6 Erresse\" \/>\n<meta property=\"og:image\" content=\"https:\/\/interpim.erresse-shop.it\/Import\/Prodotti\/wd-lifestyle-cestino-picnic-in-vimini-per-4-persone-miele.jpg\" \/><meta property=\"og:image\" content=\"https:\/\/interpim.erresse-shop.it\/Import\/Prodotti\/wd-lifestyle-cestino-picnic-in-vimini-per-4-persone-miele.jpg\" \/>\n\t<meta property=\"og:image:width\" content=\"1024\" \/>\n\t<meta property=\"og:image:height\" content=\"1024\" \/>\n\t<meta property=\"og:image:type\" content=\"image\/jpeg\" \/>\n<meta name=\"twitter:card\" content=\"summary_large_image\" \/>\n<meta name=\"twitter:image\" content=\"https:\/\/interpim.erresse-shop.it\/Import\/Prodotti\/wd-lifestyle-cestino-picnic-in-vimini-per-4-persone-miele.jpg\" \/>\n<script type=\"application\/ld+json\" class=\"yoast-schema-graph\">{\"@context\":\"https:\/\/schema.org\",\"@graph\":[{\"@type\":\"WebPage\",\"@id\":\"https:\/\/dev6.erresse-shop.it\/fr\/shop\/table-fr-2\/paniers-pique-nique\/wd-lifestyle-panier-de-pique-nique-en-osier-pour-4-personnes-miel\/\",\"url\":\"https:\/\/dev6.erresse-shop.it\/fr\/shop\/table-fr-2\/paniers-pique-nique\/wd-lifestyle-panier-de-pique-nique-en-osier-pour-4-personnes-miel\/\",\"name\":\"WD LIFESTYLE Panier de pique-nique en osier pour 4 personnes Miel - dev6 Erresse\",\"isPartOf\":{\"@id\":\"https:\/\/dev6.erresse-shop.it\/#website\"},\"primaryImageOfPage\":{\"@id\":\"https:\/\/dev6.erresse-shop.it\/fr\/shop\/table-fr-2\/paniers-pique-nique\/wd-lifestyle-panier-de-pique-nique-en-osier-pour-4-personnes-miel\/#primaryimage\"},\"image\":{\"@id\":\"https:\/\/dev6.erresse-shop.it\/fr\/shop\/table-fr-2\/paniers-pique-nique\/wd-lifestyle-panier-de-pique-nique-en-osier-pour-4-personnes-miel\/#primaryimage\"},\"thumbnailUrl\":\"https:\/\/i2.wp.com\/interpim.erresse-shop.it\/Import\/Prodotti\/wd-lifestyle-cestino-picnic-in-vimini-per-4-persone-miele.jpg?ssl=1\",\"datePublished\":\"2026-04-04T09:12:29+00:00\",\"description\":\"Panier de pique-nique en osier de couleur miel pour 4 personnes. D\u00e9cor\u00e9 d\u2019un tissu ray\u00e9 multicolore, il est pratique. Contient 4 assiettes en c\u00e9ramique ;\",\"breadcrumb\":{\"@id\":\"https:\/\/dev6.erresse-shop.it\/fr\/shop\/table-fr-2\/paniers-pique-nique\/wd-lifestyle-panier-de-pique-nique-en-osier-pour-4-personnes-miel\/#breadcrumb\"},\"inLanguage\":\"fr-FR\",\"potentialAction\":[{\"@type\":\"ReadAction\",\"target\":[\"https:\/\/dev6.erresse-shop.it\/fr\/shop\/table-fr-2\/paniers-pique-nique\/wd-lifestyle-panier-de-pique-nique-en-osier-pour-4-personnes-miel\/\"]}]},{\"@type\":\"ImageObject\",\"inLanguage\":\"fr-FR\",\"@id\":\"https:\/\/dev6.erresse-shop.it\/fr\/shop\/table-fr-2\/paniers-pique-nique\/wd-lifestyle-panier-de-pique-nique-en-osier-pour-4-personnes-miel\/#primaryimage\",\"url\":\"https:\/\/i2.wp.com\/interpim.erresse-shop.it\/Import\/Prodotti\/wd-lifestyle-cestino-picnic-in-vimini-per-4-persone-miele.jpg?ssl=1\",\"contentUrl\":\"https:\/\/i2.wp.com\/interpim.erresse-shop.it\/Import\/Prodotti\/wd-lifestyle-cestino-picnic-in-vimini-per-4-persone-miele.jpg?ssl=1\"},{\"@type\":\"BreadcrumbList\",\"@id\":\"https:\/\/dev6.erresse-shop.it\/fr\/shop\/table-fr-2\/paniers-pique-nique\/wd-lifestyle-panier-de-pique-nique-en-osier-pour-4-personnes-miel\/#breadcrumb\",\"itemListElement\":[{\"@type\":\"ListItem\",\"position\":1,\"name\":\"Home\",\"item\":\"https:\/\/dev6.erresse-shop.it\/\"},{\"@type\":\"ListItem\",\"position\":2,\"name\":\"Boutique\",\"item\":\"https:\/\/dev6.erresse-shop.it\/shop\/\"},{\"@type\":\"ListItem\",\"position\":3,\"name\":\"WD LIFESTYLE Panier de pique-nique en osier pour 4 personnes Miel\"}]},{\"@type\":\"WebSite\",\"@id\":\"https:\/\/dev6.erresse-shop.it\/#website\",\"url\":\"https:\/\/dev6.erresse-shop.it\/\",\"name\":\"Erresse Shop\",\"description\":\"\",\"publisher\":{\"@id\":\"https:\/\/dev6.erresse-shop.it\/#organization\"},\"potentialAction\":[{\"@type\":\"SearchAction\",\"target\":{\"@type\":\"EntryPoint\",\"urlTemplate\":\"https:\/\/dev6.erresse-shop.it\/?s={search_term_string}\"},\"query-input\":{\"@type\":\"PropertyValueSpecification\",\"valueRequired\":true,\"valueName\":\"search_term_string\"}}],\"inLanguage\":\"fr-FR\"},{\"@type\":\"Organization\",\"@id\":\"https:\/\/dev6.erresse-shop.it\/#organization\",\"name\":\"Erresse Shop\",\"url\":\"https:\/\/dev6.erresse-shop.it\/\",\"logo\":{\"@type\":\"ImageObject\",\"inLanguage\":\"fr-FR\",\"@id\":\"https:\/\/dev6.erresse-shop.it\/#\/schema\/logo\/image\/\",\"url\":\"https:\/\/dev6.erresse-shop.it\/wp-content\/uploads\/2025\/01\/LOGO-ERRESSE-CLASSICO.svg\",\"contentUrl\":\"https:\/\/dev6.erresse-shop.it\/wp-content\/uploads\/2025\/01\/LOGO-ERRESSE-CLASSICO.svg\",\"caption\":\"Erresse Shop\"},\"image\":{\"@id\":\"https:\/\/dev6.erresse-shop.it\/#\/schema\/logo\/image\/\"}}]}<\/script>\n<!-- \/ Yoast SEO plugin. -->","yoast_head_json":{"title":"WD LIFESTYLE Panier de pique-nique en osier pour 4 personnes Miel - dev6 Erresse","description":"Panier de pique-nique en osier de couleur miel pour 4 personnes. D\u00e9cor\u00e9 d\u2019un tissu ray\u00e9 multicolore, il est pratique. Contient 4 assiettes en c\u00e9ramique ;","robots":{"index":"noindex","follow":"follow","max-snippet":"max-snippet:-1","max-image-preview":"max-image-preview:large","max-video-preview":"max-video-preview:-1"},"og_locale":"fr_FR","og_type":"article","og_title":"WD LIFESTYLE Panier de pique-nique en osier pour 4 personnes Miel - dev6 Erresse","og_description":"Panier de pique-nique en osier de couleur miel pour 4 personnes. D\u00e9cor\u00e9 d\u2019un tissu ray\u00e9 multicolore, il est pratique. Contient 4 assiettes en c\u00e9ramique ;","og_url":"https:\/\/dev6.erresse-shop.it\/fr\/shop\/table-fr-2\/paniers-pique-nique\/wd-lifestyle-panier-de-pique-nique-en-osier-pour-4-personnes-miel\/","og_site_name":"dev6 Erresse","og_image":[{"url":"https:\/\/interpim.erresse-shop.it\/Import\/Prodotti\/wd-lifestyle-cestino-picnic-in-vimini-per-4-persone-miele.jpg","type":"","width":"","height":""},{"url":"https:\/\/interpim.erresse-shop.it\/Import\/Prodotti\/wd-lifestyle-cestino-picnic-in-vimini-per-4-persone-miele.jpg","width":1024,"height":1024,"type":"image\/jpeg"}],"twitter_card":"summary_large_image","twitter_image":"https:\/\/interpim.erresse-shop.it\/Import\/Prodotti\/wd-lifestyle-cestino-picnic-in-vimini-per-4-persone-miele.jpg","schema":{"@context":"https:\/\/schema.org","@graph":[{"@type":"WebPage","@id":"https:\/\/dev6.erresse-shop.it\/fr\/shop\/table-fr-2\/paniers-pique-nique\/wd-lifestyle-panier-de-pique-nique-en-osier-pour-4-personnes-miel\/","url":"https:\/\/dev6.erresse-shop.it\/fr\/shop\/table-fr-2\/paniers-pique-nique\/wd-lifestyle-panier-de-pique-nique-en-osier-pour-4-personnes-miel\/","name":"WD LIFESTYLE Panier de pique-nique en osier pour 4 personnes Miel - dev6 Erresse","isPartOf":{"@id":"https:\/\/dev6.erresse-shop.it\/#website"},"primaryImageOfPage":{"@id":"https:\/\/dev6.erresse-shop.it\/fr\/shop\/table-fr-2\/paniers-pique-nique\/wd-lifestyle-panier-de-pique-nique-en-osier-pour-4-personnes-miel\/#primaryimage"},"image":{"@id":"https:\/\/dev6.erresse-shop.it\/fr\/shop\/table-fr-2\/paniers-pique-nique\/wd-lifestyle-panier-de-pique-nique-en-osier-pour-4-personnes-miel\/#primaryimage"},"thumbnailUrl":"https:\/\/i2.wp.com\/interpim.erresse-shop.it\/Import\/Prodotti\/wd-lifestyle-cestino-picnic-in-vimini-per-4-persone-miele.jpg?ssl=1","datePublished":"2026-04-04T09:12:29+00:00","description":"Panier de pique-nique en osier de couleur miel pour 4 personnes. D\u00e9cor\u00e9 d\u2019un tissu ray\u00e9 multicolore, il est pratique. Contient 4 assiettes en c\u00e9ramique ;","breadcrumb":{"@id":"https:\/\/dev6.erresse-shop.it\/fr\/shop\/table-fr-2\/paniers-pique-nique\/wd-lifestyle-panier-de-pique-nique-en-osier-pour-4-personnes-miel\/#breadcrumb"},"inLanguage":"fr-FR","potentialAction":[{"@type":"ReadAction","target":["https:\/\/dev6.erresse-shop.it\/fr\/shop\/table-fr-2\/paniers-pique-nique\/wd-lifestyle-panier-de-pique-nique-en-osier-pour-4-personnes-miel\/"]}]},{"@type":"ImageObject","inLanguage":"fr-FR","@id":"https:\/\/dev6.erresse-shop.it\/fr\/shop\/table-fr-2\/paniers-pique-nique\/wd-lifestyle-panier-de-pique-nique-en-osier-pour-4-personnes-miel\/#primaryimage","url":"https:\/\/i2.wp.com\/interpim.erresse-shop.it\/Import\/Prodotti\/wd-lifestyle-cestino-picnic-in-vimini-per-4-persone-miele.jpg?ssl=1","contentUrl":"https:\/\/i2.wp.com\/interpim.erresse-shop.it\/Import\/Prodotti\/wd-lifestyle-cestino-picnic-in-vimini-per-4-persone-miele.jpg?ssl=1"},{"@type":"BreadcrumbList","@id":"https:\/\/dev6.erresse-shop.it\/fr\/shop\/table-fr-2\/paniers-pique-nique\/wd-lifestyle-panier-de-pique-nique-en-osier-pour-4-personnes-miel\/#breadcrumb","itemListElement":[{"@type":"ListItem","position":1,"name":"Home","item":"https:\/\/dev6.erresse-shop.it\/"},{"@type":"ListItem","position":2,"name":"Boutique","item":"https:\/\/dev6.erresse-shop.it\/shop\/"},{"@type":"ListItem","position":3,"name":"WD LIFESTYLE Panier de pique-nique en osier pour 4 personnes Miel"}]},{"@type":"WebSite","@id":"https:\/\/dev6.erresse-shop.it\/#website","url":"https:\/\/dev6.erresse-shop.it\/","name":"Erresse Shop","description":"","publisher":{"@id":"https:\/\/dev6.erresse-shop.it\/#organization"},"potentialAction":[{"@type":"SearchAction","target":{"@type":"EntryPoint","urlTemplate":"https:\/\/dev6.erresse-shop.it\/?s={search_term_string}"},"query-input":{"@type":"PropertyValueSpecification","valueRequired":true,"valueName":"search_term_string"}}],"inLanguage":"fr-FR"},{"@type":"Organization","@id":"https:\/\/dev6.erresse-shop.it\/#organization","name":"Erresse Shop","url":"https:\/\/dev6.erresse-shop.it\/","logo":{"@type":"ImageObject","inLanguage":"fr-FR","@id":"https:\/\/dev6.erresse-shop.it\/#\/schema\/logo\/image\/","url":"https:\/\/dev6.erresse-shop.it\/wp-content\/uploads\/2025\/01\/LOGO-ERRESSE-CLASSICO.svg","contentUrl":"https:\/\/dev6.erresse-shop.it\/wp-content\/uploads\/2025\/01\/LOGO-ERRESSE-CLASSICO.svg","caption":"Erresse Shop"},"image":{"@id":"https:\/\/dev6.erresse-shop.it\/#\/schema\/logo\/image\/"}}]}},"df_price":99,"df_sale_price":99,"df_regular_price":119.9,"df_image_link":"https:\/\/i2.wp.com\/interpim.erresse-shop.it\/Import\/Prodotti\/wd-lifestyle-cestino-picnic-in-vimini-per-4-persone-miele.jpg?resize=300,300&ssl=1","fifu_image_url":"https:\/\/interpim.erresse-shop.it\/Import\/Prodotti\/wd-lifestyle-cestino-picnic-in-vimini-per-4-persone-miele.jpg","_links":{"self":[{"href":"https:\/\/dev6.erresse-shop.it\/fr\/wp-json\/wp\/v2\/product\/64321","targetHints":{"allow":["GET"]}}],"collection":[{"href":"https:\/\/dev6.erresse-shop.it\/fr\/wp-json\/wp\/v2\/product"}],"about":[{"href":"https:\/\/dev6.erresse-shop.it\/fr\/wp-json\/wp\/v2\/types\/product"}],"wp:featuredmedia":[{"embeddable":true,"href":"https:\/\/dev6.erresse-shop.it\/fr\/wp-json\/wp\/v2\/media\/6285085"}],"wp:attachment":[{"href":"https:\/\/dev6.erresse-shop.it\/fr\/wp-json\/wp\/v2\/media?parent=64321"}],"wp:term":[{"taxonomy":"product_cat","embeddable":true,"href":"https:\/\/dev6.erresse-shop.it\/fr\/wp-json\/wp\/v2\/product_cat?post=64321"},{"taxonomy":"product_tag","embeddable":true,"href":"https:\/\/dev6.erresse-shop.it\/fr\/wp-json\/wp\/v2\/product_tag?post=64321"}],"curies":[{"name":"wp","href":"https:\/\/api.w.org\/{rel}","templated":true}]}}