{"id":64279,"date":"2026-04-12T11:13:04","date_gmt":"2026-04-12T09:13:04","guid":{"rendered":"https:\/\/dev6.erresse-shop.it\/shop\/non%20class\u00e9\/wd-lifestyle-seau-a-glace-enceinte-bluethooth-lampe-led-blanc\/"},"modified":"2025-09-14T05:36:17","modified_gmt":"2025-09-14T03:36:17","slug":"wd-lifestyle-seau-a-glace-enceinte-bluethooth-lampe-led-blanc","status":"publish","type":"product","link":"https:\/\/dev6.erresse-shop.it\/fr\/shop\/table-fr-2\/vin\/seaux-a-glace\/wd-lifestyle-seau-a-glace-enceinte-bluethooth-lampe-led-blanc\/","title":{"rendered":"WD LIFESTYLE Seau \u00e0 glace Enceinte Bluethooth Lampe Led Blanc"},"content":{"rendered":"<p>La technologie Bluetooth vous permet d\u2019\u00e9couter votre musique pr\u00e9f\u00e9r\u00e9e pendant que votre vin\/boisson reste frais et que la lumi\u00e8re LED cr\u00e9e une atmosph\u00e8re unique. Vous pouvez l\u2019utiliser partout gr\u00e2ce \u00e0 la batterie rechargeable qui le rend portable et \u00e0 la protection contre l\u2019eau et la poussi\u00e8re. Possibilit\u00e9 de connexion simultan\u00e9e \u00e0 un autre ROOFTOP.<\/p>\n<p>Dimensions : \u00d8 30 x 41 cm<\/p>\n","protected":false},"excerpt":{"rendered":"<p>La technologie Bluetooth vous permet d\u2019\u00e9couter votre musique pr\u00e9f\u00e9r\u00e9e pendant que votre vin\/boisson reste frais et que la lumi\u00e8re LED cr\u00e9e une atmosph\u00e8re unique. Vous pouvez l\u2019utiliser partout gr\u00e2ce \u00e0 la batterie rechargeable qui le rend portable et \u00e0 la protection contre l\u2019eau et la poussi\u00e8re. Possibilit\u00e9 de connexion simultan\u00e9e \u00e0 un autre ROOFTOP. Dimensions [&hellip;]<\/p>\n","protected":false},"featured_media":6368280,"template":"","meta":{"_acf_changed":false},"product_cat":[12094,11995,12069],"product_tag":[],"class_list":{"0":"post-64279","1":"product","2":"type-product","3":"status-publish","4":"has-post-thumbnail","6":"product_cat-seaux-a-glace","7":"product_cat-table-fr-2","8":"product_cat-vin","10":"first","11":"instock","12":"sale","13":"taxable","14":"shipping-taxable","15":"purchasable","16":"product-type-simple","swatches":"rey-swatches","show_selected":"","stretch_labels":"rey-swatches--stretch-labels"},"acf":[],"yoast_head":"<!-- This site is optimized with the Yoast SEO plugin v25.4 - https:\/\/yoast.com\/wordpress\/plugins\/seo\/ -->\n<title>WD LIFESTYLE Seau \u00e0 glace Enceinte Bluethooth Lampe Led Blanc - dev6 Erresse<\/title>\n<meta name=\"description\" content=\"La technologie Bluetooth vous permet d\u2019\u00e9couter votre musique pr\u00e9f\u00e9r\u00e9e pendant que votre vin\/boisson reste frais et que la lumi\u00e8re LED cr\u00e9e une atmosph\u00e8re\" \/>\n<meta name=\"robots\" content=\"noindex, follow, max-snippet:-1, max-image-preview:large, max-video-preview:-1\" \/>\n<meta property=\"og:locale\" content=\"fr_FR\" \/>\n<meta property=\"og:type\" content=\"article\" \/>\n<meta property=\"og:title\" content=\"WD LIFESTYLE Seau \u00e0 glace Enceinte Bluethooth Lampe Led Blanc - dev6 Erresse\" \/>\n<meta property=\"og:description\" content=\"La technologie Bluetooth vous permet d\u2019\u00e9couter votre musique pr\u00e9f\u00e9r\u00e9e pendant que votre vin\/boisson reste frais et que la lumi\u00e8re LED cr\u00e9e une atmosph\u00e8re\" \/>\n<meta property=\"og:url\" content=\"https:\/\/dev6.erresse-shop.it\/fr\/shop\/table-fr-2\/vin\/seaux-a-glace\/wd-lifestyle-seau-a-glace-enceinte-bluethooth-lampe-led-blanc\/\" \/>\n<meta property=\"og:site_name\" content=\"dev6 Erresse\" \/>\n<meta property=\"og:image\" content=\"https:\/\/interpim.erresse-shop.it\/wp-content\/uploads\/2024\/06\/WD-LIFESTYLE-Secchiello-Per-Ghiaccio-Altoparlante-Bluethooth-Lampada-Led-Bianco.jpg\/wd-lifestyle-secchiello-per-ghiaccio-altoparlante-bluethooth-lampada-led-bianco.jpg\" \/><meta property=\"og:image\" content=\"https:\/\/interpim.erresse-shop.it\/wp-content\/uploads\/2024\/06\/WD-LIFESTYLE-Secchiello-Per-Ghiaccio-Altoparlante-Bluethooth-Lampada-Led-Bianco.jpg\/wd-lifestyle-secchiello-per-ghiaccio-altoparlante-bluethooth-lampada-led-bianco.jpg\" \/>\n\t<meta property=\"og:image:width\" content=\"1024\" \/>\n\t<meta property=\"og:image:height\" content=\"1024\" \/>\n\t<meta property=\"og:image:type\" content=\"image\/jpeg\" \/>\n<meta name=\"twitter:card\" content=\"summary_large_image\" \/>\n<meta name=\"twitter:image\" content=\"https:\/\/interpim.erresse-shop.it\/wp-content\/uploads\/2024\/06\/WD-LIFESTYLE-Secchiello-Per-Ghiaccio-Altoparlante-Bluethooth-Lampada-Led-Bianco.jpg\/wd-lifestyle-secchiello-per-ghiaccio-altoparlante-bluethooth-lampada-led-bianco.jpg\" \/>\n<script type=\"application\/ld+json\" class=\"yoast-schema-graph\">{\"@context\":\"https:\/\/schema.org\",\"@graph\":[{\"@type\":\"WebPage\",\"@id\":\"https:\/\/dev6.erresse-shop.it\/fr\/shop\/table-fr-2\/vin\/seaux-a-glace\/wd-lifestyle-seau-a-glace-enceinte-bluethooth-lampe-led-blanc\/\",\"url\":\"https:\/\/dev6.erresse-shop.it\/fr\/shop\/table-fr-2\/vin\/seaux-a-glace\/wd-lifestyle-seau-a-glace-enceinte-bluethooth-lampe-led-blanc\/\",\"name\":\"WD LIFESTYLE Seau \u00e0 glace Enceinte Bluethooth Lampe Led Blanc - dev6 Erresse\",\"isPartOf\":{\"@id\":\"https:\/\/dev6.erresse-shop.it\/#website\"},\"primaryImageOfPage\":{\"@id\":\"https:\/\/dev6.erresse-shop.it\/fr\/shop\/table-fr-2\/vin\/seaux-a-glace\/wd-lifestyle-seau-a-glace-enceinte-bluethooth-lampe-led-blanc\/#primaryimage\"},\"image\":{\"@id\":\"https:\/\/dev6.erresse-shop.it\/fr\/shop\/table-fr-2\/vin\/seaux-a-glace\/wd-lifestyle-seau-a-glace-enceinte-bluethooth-lampe-led-blanc\/#primaryimage\"},\"thumbnailUrl\":\"https:\/\/i3.wp.com\/interpim.erresse-shop.it\/wp-content\/uploads\/2024\/06\/WD-LIFESTYLE-Secchiello-Per-Ghiaccio-Altoparlante-Bluethooth-Lampada-Led-Bianco.jpg\/wd-lifestyle-secchiello-per-ghiaccio-altoparlante-bluethooth-lampada-led-bianco.jpg?ssl=1\",\"datePublished\":\"2026-04-12T09:13:04+00:00\",\"description\":\"La technologie Bluetooth vous permet d\u2019\u00e9couter votre musique pr\u00e9f\u00e9r\u00e9e pendant que votre vin\/boisson reste frais et que la lumi\u00e8re LED cr\u00e9e une atmosph\u00e8re\",\"breadcrumb\":{\"@id\":\"https:\/\/dev6.erresse-shop.it\/fr\/shop\/table-fr-2\/vin\/seaux-a-glace\/wd-lifestyle-seau-a-glace-enceinte-bluethooth-lampe-led-blanc\/#breadcrumb\"},\"inLanguage\":\"fr-FR\",\"potentialAction\":[{\"@type\":\"ReadAction\",\"target\":[\"https:\/\/dev6.erresse-shop.it\/fr\/shop\/table-fr-2\/vin\/seaux-a-glace\/wd-lifestyle-seau-a-glace-enceinte-bluethooth-lampe-led-blanc\/\"]}]},{\"@type\":\"ImageObject\",\"inLanguage\":\"fr-FR\",\"@id\":\"https:\/\/dev6.erresse-shop.it\/fr\/shop\/table-fr-2\/vin\/seaux-a-glace\/wd-lifestyle-seau-a-glace-enceinte-bluethooth-lampe-led-blanc\/#primaryimage\",\"url\":\"https:\/\/i3.wp.com\/interpim.erresse-shop.it\/wp-content\/uploads\/2024\/06\/WD-LIFESTYLE-Secchiello-Per-Ghiaccio-Altoparlante-Bluethooth-Lampada-Led-Bianco.jpg\/wd-lifestyle-secchiello-per-ghiaccio-altoparlante-bluethooth-lampada-led-bianco.jpg?ssl=1\",\"contentUrl\":\"https:\/\/i3.wp.com\/interpim.erresse-shop.it\/wp-content\/uploads\/2024\/06\/WD-LIFESTYLE-Secchiello-Per-Ghiaccio-Altoparlante-Bluethooth-Lampada-Led-Bianco.jpg\/wd-lifestyle-secchiello-per-ghiaccio-altoparlante-bluethooth-lampada-led-bianco.jpg?ssl=1\"},{\"@type\":\"BreadcrumbList\",\"@id\":\"https:\/\/dev6.erresse-shop.it\/fr\/shop\/table-fr-2\/vin\/seaux-a-glace\/wd-lifestyle-seau-a-glace-enceinte-bluethooth-lampe-led-blanc\/#breadcrumb\",\"itemListElement\":[{\"@type\":\"ListItem\",\"position\":1,\"name\":\"Home\",\"item\":\"https:\/\/dev6.erresse-shop.it\/\"},{\"@type\":\"ListItem\",\"position\":2,\"name\":\"Boutique\",\"item\":\"https:\/\/dev6.erresse-shop.it\/shop\/\"},{\"@type\":\"ListItem\",\"position\":3,\"name\":\"WD LIFESTYLE Seau \u00e0 glace Enceinte Bluethooth Lampe Led Blanc\"}]},{\"@type\":\"WebSite\",\"@id\":\"https:\/\/dev6.erresse-shop.it\/#website\",\"url\":\"https:\/\/dev6.erresse-shop.it\/\",\"name\":\"Erresse Shop\",\"description\":\"\",\"publisher\":{\"@id\":\"https:\/\/dev6.erresse-shop.it\/#organization\"},\"potentialAction\":[{\"@type\":\"SearchAction\",\"target\":{\"@type\":\"EntryPoint\",\"urlTemplate\":\"https:\/\/dev6.erresse-shop.it\/?s={search_term_string}\"},\"query-input\":{\"@type\":\"PropertyValueSpecification\",\"valueRequired\":true,\"valueName\":\"search_term_string\"}}],\"inLanguage\":\"fr-FR\"},{\"@type\":\"Organization\",\"@id\":\"https:\/\/dev6.erresse-shop.it\/#organization\",\"name\":\"Erresse Shop\",\"url\":\"https:\/\/dev6.erresse-shop.it\/\",\"logo\":{\"@type\":\"ImageObject\",\"inLanguage\":\"fr-FR\",\"@id\":\"https:\/\/dev6.erresse-shop.it\/#\/schema\/logo\/image\/\",\"url\":\"https:\/\/dev6.erresse-shop.it\/wp-content\/uploads\/2025\/01\/LOGO-ERRESSE-CLASSICO.svg\",\"contentUrl\":\"https:\/\/dev6.erresse-shop.it\/wp-content\/uploads\/2025\/01\/LOGO-ERRESSE-CLASSICO.svg\",\"caption\":\"Erresse Shop\"},\"image\":{\"@id\":\"https:\/\/dev6.erresse-shop.it\/#\/schema\/logo\/image\/\"}}]}<\/script>\n<!-- \/ Yoast SEO plugin. -->","yoast_head_json":{"title":"WD LIFESTYLE Seau \u00e0 glace Enceinte Bluethooth Lampe Led Blanc - dev6 Erresse","description":"La technologie Bluetooth vous permet d\u2019\u00e9couter votre musique pr\u00e9f\u00e9r\u00e9e pendant que votre vin\/boisson reste frais et que la lumi\u00e8re LED cr\u00e9e une atmosph\u00e8re","robots":{"index":"noindex","follow":"follow","max-snippet":"max-snippet:-1","max-image-preview":"max-image-preview:large","max-video-preview":"max-video-preview:-1"},"og_locale":"fr_FR","og_type":"article","og_title":"WD LIFESTYLE Seau \u00e0 glace Enceinte Bluethooth Lampe Led Blanc - dev6 Erresse","og_description":"La technologie Bluetooth vous permet d\u2019\u00e9couter votre musique pr\u00e9f\u00e9r\u00e9e pendant que votre vin\/boisson reste frais et que la lumi\u00e8re LED cr\u00e9e une atmosph\u00e8re","og_url":"https:\/\/dev6.erresse-shop.it\/fr\/shop\/table-fr-2\/vin\/seaux-a-glace\/wd-lifestyle-seau-a-glace-enceinte-bluethooth-lampe-led-blanc\/","og_site_name":"dev6 Erresse","og_image":[{"url":"https:\/\/interpim.erresse-shop.it\/wp-content\/uploads\/2024\/06\/WD-LIFESTYLE-Secchiello-Per-Ghiaccio-Altoparlante-Bluethooth-Lampada-Led-Bianco.jpg\/wd-lifestyle-secchiello-per-ghiaccio-altoparlante-bluethooth-lampada-led-bianco.jpg","type":"","width":"","height":""},{"url":"https:\/\/interpim.erresse-shop.it\/wp-content\/uploads\/2024\/06\/WD-LIFESTYLE-Secchiello-Per-Ghiaccio-Altoparlante-Bluethooth-Lampada-Led-Bianco.jpg\/wd-lifestyle-secchiello-per-ghiaccio-altoparlante-bluethooth-lampada-led-bianco.jpg","width":1024,"height":1024,"type":"image\/jpeg"}],"twitter_card":"summary_large_image","twitter_image":"https:\/\/interpim.erresse-shop.it\/wp-content\/uploads\/2024\/06\/WD-LIFESTYLE-Secchiello-Per-Ghiaccio-Altoparlante-Bluethooth-Lampada-Led-Bianco.jpg\/wd-lifestyle-secchiello-per-ghiaccio-altoparlante-bluethooth-lampada-led-bianco.jpg","schema":{"@context":"https:\/\/schema.org","@graph":[{"@type":"WebPage","@id":"https:\/\/dev6.erresse-shop.it\/fr\/shop\/table-fr-2\/vin\/seaux-a-glace\/wd-lifestyle-seau-a-glace-enceinte-bluethooth-lampe-led-blanc\/","url":"https:\/\/dev6.erresse-shop.it\/fr\/shop\/table-fr-2\/vin\/seaux-a-glace\/wd-lifestyle-seau-a-glace-enceinte-bluethooth-lampe-led-blanc\/","name":"WD LIFESTYLE Seau \u00e0 glace Enceinte Bluethooth Lampe Led Blanc - dev6 Erresse","isPartOf":{"@id":"https:\/\/dev6.erresse-shop.it\/#website"},"primaryImageOfPage":{"@id":"https:\/\/dev6.erresse-shop.it\/fr\/shop\/table-fr-2\/vin\/seaux-a-glace\/wd-lifestyle-seau-a-glace-enceinte-bluethooth-lampe-led-blanc\/#primaryimage"},"image":{"@id":"https:\/\/dev6.erresse-shop.it\/fr\/shop\/table-fr-2\/vin\/seaux-a-glace\/wd-lifestyle-seau-a-glace-enceinte-bluethooth-lampe-led-blanc\/#primaryimage"},"thumbnailUrl":"https:\/\/i3.wp.com\/interpim.erresse-shop.it\/wp-content\/uploads\/2024\/06\/WD-LIFESTYLE-Secchiello-Per-Ghiaccio-Altoparlante-Bluethooth-Lampada-Led-Bianco.jpg\/wd-lifestyle-secchiello-per-ghiaccio-altoparlante-bluethooth-lampada-led-bianco.jpg?ssl=1","datePublished":"2026-04-12T09:13:04+00:00","description":"La technologie Bluetooth vous permet d\u2019\u00e9couter votre musique pr\u00e9f\u00e9r\u00e9e pendant que votre vin\/boisson reste frais et que la lumi\u00e8re LED cr\u00e9e une atmosph\u00e8re","breadcrumb":{"@id":"https:\/\/dev6.erresse-shop.it\/fr\/shop\/table-fr-2\/vin\/seaux-a-glace\/wd-lifestyle-seau-a-glace-enceinte-bluethooth-lampe-led-blanc\/#breadcrumb"},"inLanguage":"fr-FR","potentialAction":[{"@type":"ReadAction","target":["https:\/\/dev6.erresse-shop.it\/fr\/shop\/table-fr-2\/vin\/seaux-a-glace\/wd-lifestyle-seau-a-glace-enceinte-bluethooth-lampe-led-blanc\/"]}]},{"@type":"ImageObject","inLanguage":"fr-FR","@id":"https:\/\/dev6.erresse-shop.it\/fr\/shop\/table-fr-2\/vin\/seaux-a-glace\/wd-lifestyle-seau-a-glace-enceinte-bluethooth-lampe-led-blanc\/#primaryimage","url":"https:\/\/i3.wp.com\/interpim.erresse-shop.it\/wp-content\/uploads\/2024\/06\/WD-LIFESTYLE-Secchiello-Per-Ghiaccio-Altoparlante-Bluethooth-Lampada-Led-Bianco.jpg\/wd-lifestyle-secchiello-per-ghiaccio-altoparlante-bluethooth-lampada-led-bianco.jpg?ssl=1","contentUrl":"https:\/\/i3.wp.com\/interpim.erresse-shop.it\/wp-content\/uploads\/2024\/06\/WD-LIFESTYLE-Secchiello-Per-Ghiaccio-Altoparlante-Bluethooth-Lampada-Led-Bianco.jpg\/wd-lifestyle-secchiello-per-ghiaccio-altoparlante-bluethooth-lampada-led-bianco.jpg?ssl=1"},{"@type":"BreadcrumbList","@id":"https:\/\/dev6.erresse-shop.it\/fr\/shop\/table-fr-2\/vin\/seaux-a-glace\/wd-lifestyle-seau-a-glace-enceinte-bluethooth-lampe-led-blanc\/#breadcrumb","itemListElement":[{"@type":"ListItem","position":1,"name":"Home","item":"https:\/\/dev6.erresse-shop.it\/"},{"@type":"ListItem","position":2,"name":"Boutique","item":"https:\/\/dev6.erresse-shop.it\/shop\/"},{"@type":"ListItem","position":3,"name":"WD LIFESTYLE Seau \u00e0 glace Enceinte Bluethooth Lampe Led Blanc"}]},{"@type":"WebSite","@id":"https:\/\/dev6.erresse-shop.it\/#website","url":"https:\/\/dev6.erresse-shop.it\/","name":"Erresse Shop","description":"","publisher":{"@id":"https:\/\/dev6.erresse-shop.it\/#organization"},"potentialAction":[{"@type":"SearchAction","target":{"@type":"EntryPoint","urlTemplate":"https:\/\/dev6.erresse-shop.it\/?s={search_term_string}"},"query-input":{"@type":"PropertyValueSpecification","valueRequired":true,"valueName":"search_term_string"}}],"inLanguage":"fr-FR"},{"@type":"Organization","@id":"https:\/\/dev6.erresse-shop.it\/#organization","name":"Erresse Shop","url":"https:\/\/dev6.erresse-shop.it\/","logo":{"@type":"ImageObject","inLanguage":"fr-FR","@id":"https:\/\/dev6.erresse-shop.it\/#\/schema\/logo\/image\/","url":"https:\/\/dev6.erresse-shop.it\/wp-content\/uploads\/2025\/01\/LOGO-ERRESSE-CLASSICO.svg","contentUrl":"https:\/\/dev6.erresse-shop.it\/wp-content\/uploads\/2025\/01\/LOGO-ERRESSE-CLASSICO.svg","caption":"Erresse Shop"},"image":{"@id":"https:\/\/dev6.erresse-shop.it\/#\/schema\/logo\/image\/"}}]}},"df_price":129,"df_sale_price":129,"df_regular_price":169,"df_image_link":"https:\/\/i3.wp.com\/interpim.erresse-shop.it\/wp-content\/uploads\/2024\/06\/WD-LIFESTYLE-Secchiello-Per-Ghiaccio-Altoparlante-Bluethooth-Lampada-Led-Bianco.jpg\/wd-lifestyle-secchiello-per-ghiaccio-altoparlante-bluethooth-lampada-led-bianco.jpg?resize=300,300&ssl=1","fifu_image_url":"https:\/\/interpim.erresse-shop.it\/wp-content\/uploads\/2024\/06\/WD-LIFESTYLE-Secchiello-Per-Ghiaccio-Altoparlante-Bluethooth-Lampada-Led-Bianco.jpg\/wd-lifestyle-secchiello-per-ghiaccio-altoparlante-bluethooth-lampada-led-bianco.jpg","_links":{"self":[{"href":"https:\/\/dev6.erresse-shop.it\/fr\/wp-json\/wp\/v2\/product\/64279","targetHints":{"allow":["GET"]}}],"collection":[{"href":"https:\/\/dev6.erresse-shop.it\/fr\/wp-json\/wp\/v2\/product"}],"about":[{"href":"https:\/\/dev6.erresse-shop.it\/fr\/wp-json\/wp\/v2\/types\/product"}],"wp:featuredmedia":[{"embeddable":true,"href":"https:\/\/dev6.erresse-shop.it\/fr\/wp-json\/wp\/v2\/media\/6368280"}],"wp:attachment":[{"href":"https:\/\/dev6.erresse-shop.it\/fr\/wp-json\/wp\/v2\/media?parent=64279"}],"wp:term":[{"taxonomy":"product_cat","embeddable":true,"href":"https:\/\/dev6.erresse-shop.it\/fr\/wp-json\/wp\/v2\/product_cat?post=64279"},{"taxonomy":"product_tag","embeddable":true,"href":"https:\/\/dev6.erresse-shop.it\/fr\/wp-json\/wp\/v2\/product_tag?post=64279"}],"curies":[{"name":"wp","href":"https:\/\/api.w.org\/{rel}","templated":true}]}}