{"id":64267,"date":"2026-04-10T11:51:33","date_gmt":"2026-04-10T09:51:33","guid":{"rendered":"https:\/\/dev6.erresse-shop.it\/shop\/non%20class\u00e9\/villeroy-boch-service-mademoiselle-24-pieces\/"},"modified":"2025-09-14T05:36:13","modified_gmt":"2025-09-14T03:36:13","slug":"villeroy-boch-service-mademoiselle-24-pieces","status":"publish","type":"product","link":"https:\/\/dev6.erresse-shop.it\/fr\/shop\/table-fr-2\/couverts\/villeroy-boch-service-mademoiselle-24-pieces\/","title":{"rendered":"VILLEROY &#038; BOCH Service Mademoiselle 24 pi\u00e8ces"},"content":{"rendered":"<p>Des couverts pour tomber amoureux<br \/>\nLa collection de couverts Mademoiselle attire imm\u00e9diatement l\u2019attention par son design saisissant. Les jolies formes arrondies sont orn\u00e9es de perles et de petits boutons qui conf\u00e8rent \u00e0 chaque pi\u00e8ce une touche de f\u00e9minit\u00e9 et d\u2019\u00e9l\u00e9gance. Le design est jeune et frais, notamment gr\u00e2ce au ciselage d\u00e9licat, et embellit la table.<br \/>\nL\u2019ensemble se compose de :<\/p>\n<p>6x Couteau de table<br \/>\n6x Fourchettes de table<br \/>\n6x cuill\u00e8res \u00e0 soupe<br \/>\n6x cuill\u00e8res \u00e0 caf\u00e9<\/p>\n<p>Mat\u00e9riau : Acier inoxydable<br \/>\nCouleur : Argent\/Platine<br \/>\nLavable Au lave-vaisselle : Oui<br \/>\nConvient Pour Micro-ondes : Non<\/p>\n","protected":false},"excerpt":{"rendered":"<p>Des couverts pour tomber amoureux La collection de couverts Mademoiselle attire imm\u00e9diatement l\u2019attention par son design saisissant. Les jolies formes arrondies sont orn\u00e9es de perles et de petits boutons qui conf\u00e8rent \u00e0 chaque pi\u00e8ce une touche de f\u00e9minit\u00e9 et d\u2019\u00e9l\u00e9gance. Le design est jeune et frais, notamment gr\u00e2ce au ciselage d\u00e9licat, et embellit la table. [&hellip;]<\/p>\n","protected":false},"featured_media":6326599,"template":"","meta":{"_acf_changed":false},"product_cat":[11996,11995,11671],"product_tag":[],"class_list":{"0":"post-64267","1":"product","2":"type-product","3":"status-publish","4":"has-post-thumbnail","6":"product_cat-couverts","7":"product_cat-table-fr-2","8":"product_cat-tavola","10":"first","11":"instock","12":"sale","13":"taxable","14":"shipping-taxable","15":"purchasable","16":"product-type-simple","swatches":"rey-swatches","show_selected":"","stretch_labels":"rey-swatches--stretch-labels"},"acf":[],"yoast_head":"<!-- This site is optimized with the Yoast SEO plugin v25.4 - https:\/\/yoast.com\/wordpress\/plugins\/seo\/ -->\n<title>VILLEROY &#038; BOCH Service Mademoiselle 24 pi\u00e8ces - dev6 Erresse<\/title>\n<meta name=\"description\" content=\"Des couverts pour tomber amoureux La collection de couverts Mademoiselle attire imm\u00e9diatement l\u2019attention par son design saisissant. Les jolies formes\" \/>\n<meta name=\"robots\" content=\"noindex, follow, max-snippet:-1, max-image-preview:large, max-video-preview:-1\" \/>\n<meta property=\"og:locale\" content=\"fr_FR\" \/>\n<meta property=\"og:type\" content=\"article\" \/>\n<meta property=\"og:title\" content=\"VILLEROY &#038; BOCH Service Mademoiselle 24 pi\u00e8ces - dev6 Erresse\" \/>\n<meta property=\"og:description\" content=\"Des couverts pour tomber amoureux La collection de couverts Mademoiselle attire imm\u00e9diatement l\u2019attention par son design saisissant. Les jolies formes\" \/>\n<meta property=\"og:url\" content=\"https:\/\/dev6.erresse-shop.it\/fr\/shop\/table-fr-2\/couverts\/villeroy-boch-service-mademoiselle-24-pieces\/\" \/>\n<meta property=\"og:site_name\" content=\"dev6 Erresse\" \/>\n<meta property=\"og:image\" content=\"https:\/\/interpim.erresse-shop.it\/Import\/Prodotti\/villeroy-boch-mademoiselle-servizio-24-pezzi.jpg\" \/><meta property=\"og:image\" content=\"https:\/\/interpim.erresse-shop.it\/Import\/Prodotti\/villeroy-boch-mademoiselle-servizio-24-pezzi.jpg\" \/>\n\t<meta property=\"og:image:width\" content=\"1024\" \/>\n\t<meta property=\"og:image:height\" content=\"1024\" \/>\n\t<meta property=\"og:image:type\" content=\"image\/jpeg\" \/>\n<meta name=\"twitter:card\" content=\"summary_large_image\" \/>\n<meta name=\"twitter:image\" content=\"https:\/\/interpim.erresse-shop.it\/Import\/Prodotti\/villeroy-boch-mademoiselle-servizio-24-pezzi.jpg\" \/>\n<script type=\"application\/ld+json\" class=\"yoast-schema-graph\">{\"@context\":\"https:\/\/schema.org\",\"@graph\":[{\"@type\":\"WebPage\",\"@id\":\"https:\/\/dev6.erresse-shop.it\/fr\/shop\/table-fr-2\/couverts\/villeroy-boch-service-mademoiselle-24-pieces\/\",\"url\":\"https:\/\/dev6.erresse-shop.it\/fr\/shop\/table-fr-2\/couverts\/villeroy-boch-service-mademoiselle-24-pieces\/\",\"name\":\"VILLEROY &#038; BOCH Service Mademoiselle 24 pi\u00e8ces - dev6 Erresse\",\"isPartOf\":{\"@id\":\"https:\/\/dev6.erresse-shop.it\/#website\"},\"primaryImageOfPage\":{\"@id\":\"https:\/\/dev6.erresse-shop.it\/fr\/shop\/table-fr-2\/couverts\/villeroy-boch-service-mademoiselle-24-pieces\/#primaryimage\"},\"image\":{\"@id\":\"https:\/\/dev6.erresse-shop.it\/fr\/shop\/table-fr-2\/couverts\/villeroy-boch-service-mademoiselle-24-pieces\/#primaryimage\"},\"thumbnailUrl\":\"https:\/\/i3.wp.com\/interpim.erresse-shop.it\/Import\/Prodotti\/villeroy-boch-mademoiselle-servizio-24-pezzi.jpg?ssl=1\",\"datePublished\":\"2026-04-10T09:51:33+00:00\",\"description\":\"Des couverts pour tomber amoureux La collection de couverts Mademoiselle attire imm\u00e9diatement l\u2019attention par son design saisissant. Les jolies formes\",\"breadcrumb\":{\"@id\":\"https:\/\/dev6.erresse-shop.it\/fr\/shop\/table-fr-2\/couverts\/villeroy-boch-service-mademoiselle-24-pieces\/#breadcrumb\"},\"inLanguage\":\"fr-FR\",\"potentialAction\":[{\"@type\":\"ReadAction\",\"target\":[\"https:\/\/dev6.erresse-shop.it\/fr\/shop\/table-fr-2\/couverts\/villeroy-boch-service-mademoiselle-24-pieces\/\"]}]},{\"@type\":\"ImageObject\",\"inLanguage\":\"fr-FR\",\"@id\":\"https:\/\/dev6.erresse-shop.it\/fr\/shop\/table-fr-2\/couverts\/villeroy-boch-service-mademoiselle-24-pieces\/#primaryimage\",\"url\":\"https:\/\/i3.wp.com\/interpim.erresse-shop.it\/Import\/Prodotti\/villeroy-boch-mademoiselle-servizio-24-pezzi.jpg?ssl=1\",\"contentUrl\":\"https:\/\/i3.wp.com\/interpim.erresse-shop.it\/Import\/Prodotti\/villeroy-boch-mademoiselle-servizio-24-pezzi.jpg?ssl=1\"},{\"@type\":\"BreadcrumbList\",\"@id\":\"https:\/\/dev6.erresse-shop.it\/fr\/shop\/table-fr-2\/couverts\/villeroy-boch-service-mademoiselle-24-pieces\/#breadcrumb\",\"itemListElement\":[{\"@type\":\"ListItem\",\"position\":1,\"name\":\"Home\",\"item\":\"https:\/\/dev6.erresse-shop.it\/\"},{\"@type\":\"ListItem\",\"position\":2,\"name\":\"Boutique\",\"item\":\"https:\/\/dev6.erresse-shop.it\/shop\/\"},{\"@type\":\"ListItem\",\"position\":3,\"name\":\"VILLEROY &#038; BOCH Service Mademoiselle 24 pi\u00e8ces\"}]},{\"@type\":\"WebSite\",\"@id\":\"https:\/\/dev6.erresse-shop.it\/#website\",\"url\":\"https:\/\/dev6.erresse-shop.it\/\",\"name\":\"Erresse Shop\",\"description\":\"\",\"publisher\":{\"@id\":\"https:\/\/dev6.erresse-shop.it\/#organization\"},\"potentialAction\":[{\"@type\":\"SearchAction\",\"target\":{\"@type\":\"EntryPoint\",\"urlTemplate\":\"https:\/\/dev6.erresse-shop.it\/?s={search_term_string}\"},\"query-input\":{\"@type\":\"PropertyValueSpecification\",\"valueRequired\":true,\"valueName\":\"search_term_string\"}}],\"inLanguage\":\"fr-FR\"},{\"@type\":\"Organization\",\"@id\":\"https:\/\/dev6.erresse-shop.it\/#organization\",\"name\":\"Erresse Shop\",\"url\":\"https:\/\/dev6.erresse-shop.it\/\",\"logo\":{\"@type\":\"ImageObject\",\"inLanguage\":\"fr-FR\",\"@id\":\"https:\/\/dev6.erresse-shop.it\/#\/schema\/logo\/image\/\",\"url\":\"https:\/\/dev6.erresse-shop.it\/wp-content\/uploads\/2025\/01\/LOGO-ERRESSE-CLASSICO.svg\",\"contentUrl\":\"https:\/\/dev6.erresse-shop.it\/wp-content\/uploads\/2025\/01\/LOGO-ERRESSE-CLASSICO.svg\",\"caption\":\"Erresse Shop\"},\"image\":{\"@id\":\"https:\/\/dev6.erresse-shop.it\/#\/schema\/logo\/image\/\"}}]}<\/script>\n<!-- \/ Yoast SEO plugin. -->","yoast_head_json":{"title":"VILLEROY &#038; BOCH Service Mademoiselle 24 pi\u00e8ces - dev6 Erresse","description":"Des couverts pour tomber amoureux La collection de couverts Mademoiselle attire imm\u00e9diatement l\u2019attention par son design saisissant. Les jolies formes","robots":{"index":"noindex","follow":"follow","max-snippet":"max-snippet:-1","max-image-preview":"max-image-preview:large","max-video-preview":"max-video-preview:-1"},"og_locale":"fr_FR","og_type":"article","og_title":"VILLEROY &#038; BOCH Service Mademoiselle 24 pi\u00e8ces - dev6 Erresse","og_description":"Des couverts pour tomber amoureux La collection de couverts Mademoiselle attire imm\u00e9diatement l\u2019attention par son design saisissant. Les jolies formes","og_url":"https:\/\/dev6.erresse-shop.it\/fr\/shop\/table-fr-2\/couverts\/villeroy-boch-service-mademoiselle-24-pieces\/","og_site_name":"dev6 Erresse","og_image":[{"url":"https:\/\/interpim.erresse-shop.it\/Import\/Prodotti\/villeroy-boch-mademoiselle-servizio-24-pezzi.jpg","type":"","width":"","height":""},{"url":"https:\/\/interpim.erresse-shop.it\/Import\/Prodotti\/villeroy-boch-mademoiselle-servizio-24-pezzi.jpg","width":1024,"height":1024,"type":"image\/jpeg"}],"twitter_card":"summary_large_image","twitter_image":"https:\/\/interpim.erresse-shop.it\/Import\/Prodotti\/villeroy-boch-mademoiselle-servizio-24-pezzi.jpg","schema":{"@context":"https:\/\/schema.org","@graph":[{"@type":"WebPage","@id":"https:\/\/dev6.erresse-shop.it\/fr\/shop\/table-fr-2\/couverts\/villeroy-boch-service-mademoiselle-24-pieces\/","url":"https:\/\/dev6.erresse-shop.it\/fr\/shop\/table-fr-2\/couverts\/villeroy-boch-service-mademoiselle-24-pieces\/","name":"VILLEROY &#038; BOCH Service Mademoiselle 24 pi\u00e8ces - dev6 Erresse","isPartOf":{"@id":"https:\/\/dev6.erresse-shop.it\/#website"},"primaryImageOfPage":{"@id":"https:\/\/dev6.erresse-shop.it\/fr\/shop\/table-fr-2\/couverts\/villeroy-boch-service-mademoiselle-24-pieces\/#primaryimage"},"image":{"@id":"https:\/\/dev6.erresse-shop.it\/fr\/shop\/table-fr-2\/couverts\/villeroy-boch-service-mademoiselle-24-pieces\/#primaryimage"},"thumbnailUrl":"https:\/\/i3.wp.com\/interpim.erresse-shop.it\/Import\/Prodotti\/villeroy-boch-mademoiselle-servizio-24-pezzi.jpg?ssl=1","datePublished":"2026-04-10T09:51:33+00:00","description":"Des couverts pour tomber amoureux La collection de couverts Mademoiselle attire imm\u00e9diatement l\u2019attention par son design saisissant. Les jolies formes","breadcrumb":{"@id":"https:\/\/dev6.erresse-shop.it\/fr\/shop\/table-fr-2\/couverts\/villeroy-boch-service-mademoiselle-24-pieces\/#breadcrumb"},"inLanguage":"fr-FR","potentialAction":[{"@type":"ReadAction","target":["https:\/\/dev6.erresse-shop.it\/fr\/shop\/table-fr-2\/couverts\/villeroy-boch-service-mademoiselle-24-pieces\/"]}]},{"@type":"ImageObject","inLanguage":"fr-FR","@id":"https:\/\/dev6.erresse-shop.it\/fr\/shop\/table-fr-2\/couverts\/villeroy-boch-service-mademoiselle-24-pieces\/#primaryimage","url":"https:\/\/i3.wp.com\/interpim.erresse-shop.it\/Import\/Prodotti\/villeroy-boch-mademoiselle-servizio-24-pezzi.jpg?ssl=1","contentUrl":"https:\/\/i3.wp.com\/interpim.erresse-shop.it\/Import\/Prodotti\/villeroy-boch-mademoiselle-servizio-24-pezzi.jpg?ssl=1"},{"@type":"BreadcrumbList","@id":"https:\/\/dev6.erresse-shop.it\/fr\/shop\/table-fr-2\/couverts\/villeroy-boch-service-mademoiselle-24-pieces\/#breadcrumb","itemListElement":[{"@type":"ListItem","position":1,"name":"Home","item":"https:\/\/dev6.erresse-shop.it\/"},{"@type":"ListItem","position":2,"name":"Boutique","item":"https:\/\/dev6.erresse-shop.it\/shop\/"},{"@type":"ListItem","position":3,"name":"VILLEROY &#038; BOCH Service Mademoiselle 24 pi\u00e8ces"}]},{"@type":"WebSite","@id":"https:\/\/dev6.erresse-shop.it\/#website","url":"https:\/\/dev6.erresse-shop.it\/","name":"Erresse Shop","description":"","publisher":{"@id":"https:\/\/dev6.erresse-shop.it\/#organization"},"potentialAction":[{"@type":"SearchAction","target":{"@type":"EntryPoint","urlTemplate":"https:\/\/dev6.erresse-shop.it\/?s={search_term_string}"},"query-input":{"@type":"PropertyValueSpecification","valueRequired":true,"valueName":"search_term_string"}}],"inLanguage":"fr-FR"},{"@type":"Organization","@id":"https:\/\/dev6.erresse-shop.it\/#organization","name":"Erresse Shop","url":"https:\/\/dev6.erresse-shop.it\/","logo":{"@type":"ImageObject","inLanguage":"fr-FR","@id":"https:\/\/dev6.erresse-shop.it\/#\/schema\/logo\/image\/","url":"https:\/\/dev6.erresse-shop.it\/wp-content\/uploads\/2025\/01\/LOGO-ERRESSE-CLASSICO.svg","contentUrl":"https:\/\/dev6.erresse-shop.it\/wp-content\/uploads\/2025\/01\/LOGO-ERRESSE-CLASSICO.svg","caption":"Erresse Shop"},"image":{"@id":"https:\/\/dev6.erresse-shop.it\/#\/schema\/logo\/image\/"}}]}},"df_price":149.95,"df_sale_price":149.95,"df_regular_price":199,"df_image_link":"https:\/\/i3.wp.com\/interpim.erresse-shop.it\/Import\/Prodotti\/villeroy-boch-mademoiselle-servizio-24-pezzi.jpg?resize=300,300&ssl=1","fifu_image_url":"https:\/\/interpim.erresse-shop.it\/Import\/Prodotti\/villeroy-boch-mademoiselle-servizio-24-pezzi.jpg","_links":{"self":[{"href":"https:\/\/dev6.erresse-shop.it\/fr\/wp-json\/wp\/v2\/product\/64267","targetHints":{"allow":["GET"]}}],"collection":[{"href":"https:\/\/dev6.erresse-shop.it\/fr\/wp-json\/wp\/v2\/product"}],"about":[{"href":"https:\/\/dev6.erresse-shop.it\/fr\/wp-json\/wp\/v2\/types\/product"}],"wp:featuredmedia":[{"embeddable":true,"href":"https:\/\/dev6.erresse-shop.it\/fr\/wp-json\/wp\/v2\/media\/6326599"}],"wp:attachment":[{"href":"https:\/\/dev6.erresse-shop.it\/fr\/wp-json\/wp\/v2\/media?parent=64267"}],"wp:term":[{"taxonomy":"product_cat","embeddable":true,"href":"https:\/\/dev6.erresse-shop.it\/fr\/wp-json\/wp\/v2\/product_cat?post=64267"},{"taxonomy":"product_tag","embeddable":true,"href":"https:\/\/dev6.erresse-shop.it\/fr\/wp-json\/wp\/v2\/product_tag?post=64267"}],"curies":[{"name":"wp","href":"https:\/\/api.w.org\/{rel}","templated":true}]}}