{"id":64257,"date":"2026-04-12T11:13:04","date_gmt":"2026-04-12T09:13:04","guid":{"rendered":"https:\/\/dev6.erresse-shop.it\/shop\/non%20class\u00e9\/riedel-performance-pinot-noir-set-de-4\/"},"modified":"2025-07-04T18:09:28","modified_gmt":"2025-07-04T16:09:28","slug":"riedel-performance-pinot-noir-set-de-4","status":"publish","type":"product","link":"https:\/\/dev6.erresse-shop.it\/fr\/shop\/table-fr-2\/verres\/riedel-performance-pinot-noir-set-de-4\/","title":{"rendered":"RIEDEL Performance Pinot Noir Set de 4"},"content":{"rendered":"<p>Le verre \u00e0 Pinot Noir harmonise la fragilit\u00e9 et le fruit\u00e9 frais des vins l\u00e9gers du Nouveau Monde.<br \/>\nR\u00e9alis\u00e9 dans plusieurs ateliers, ce verre tulipe au bord l\u00e9g\u00e8rement \u00e9largi met en valeur la douceur du vin, \u00e9quilibre id\u00e9alement l\u2019acidit\u00e9 et mod\u00e8re la pointe d\u2019alcool, lui donnant ainsi une image parfaite.<br \/>\nEn plus de caract\u00e9riser le design, l\u2019impact optique de la s\u00e9rie RIEDEL Performance a un effet surprenant sur les caract\u00e9ristiques aromatiques du vin. RIEDEL Performance est la premi\u00e8re s\u00e9rie de verres \u00e0 vin \u00e0 pr\u00e9senter des buveurs avec un l\u00e9ger impact optique pour am\u00e9liorer les performances aromatiques. N\u00e9e de la collaboration entre Georg et Maximilian Riedel, RIEDEL Performance est une collection pratique et technologiquement avanc\u00e9e de verres sp\u00e9cifiques au raisin.<\/p>\n<p>Cet article est un produit haut de gamme fabriqu\u00e9 \u00e0 la machine.<\/p>\n<p>PREMIUM d\u00e9signe l\u2019avantage d\u2019un verre RIEDEL souffl\u00e9 \u00e0 la machine par rapport \u00e0 un verre souffl\u00e9 \u00e0 la main. La diff\u00e9rence r\u00e9side dans la pr\u00e9cision.<\/p>\n<p>L\u2019emballage contient un ensemble de 4 verres.<\/p>\n<p>Caract\u00e9ristiques techniques<\/p>\n<p>Mat\u00e9riau : Cristal<\/p>\n<p>Capacit\u00e9 834.0 ccm<\/p>\n<p>Hauteur 245,0 mm<\/p>\n<p>Lavable au lave-vaisselle<\/p>\n","protected":false},"excerpt":{"rendered":"<p>Le verre \u00e0 Pinot Noir harmonise la fragilit\u00e9 et le fruit\u00e9 frais des vins l\u00e9gers du Nouveau Monde. R\u00e9alis\u00e9 dans plusieurs ateliers, ce verre tulipe au bord l\u00e9g\u00e8rement \u00e9largi met en valeur la douceur du vin, \u00e9quilibre id\u00e9alement l\u2019acidit\u00e9 et mod\u00e8re la pointe d\u2019alcool, lui donnant ainsi une image parfaite. En plus de caract\u00e9riser le [&hellip;]<\/p>\n","protected":false},"featured_media":6368211,"template":"","meta":{"_acf_changed":false},"product_cat":[11995,11671,12009],"product_tag":[],"class_list":{"0":"post-64257","1":"product","2":"type-product","3":"status-publish","4":"has-post-thumbnail","6":"product_cat-table-fr-2","7":"product_cat-tavola","8":"product_cat-verres","10":"first","11":"instock","12":"sale","13":"taxable","14":"shipping-taxable","15":"purchasable","16":"product-type-simple","swatches":"rey-swatches","show_selected":"","stretch_labels":"rey-swatches--stretch-labels"},"acf":[],"yoast_head":"<!-- This site is optimized with the Yoast SEO plugin v25.4 - https:\/\/yoast.com\/wordpress\/plugins\/seo\/ -->\n<title>RIEDEL Performance Pinot Noir Set de 4 - dev6 Erresse<\/title>\n<meta name=\"description\" content=\"Le verre \u00e0 Pinot Noir harmonise la fragilit\u00e9 et le fruit\u00e9 frais des vins l\u00e9gers du Nouveau Monde. R\u00e9alis\u00e9 dans plusieurs ateliers, ce verre tulipe au bord\" \/>\n<meta name=\"robots\" content=\"noindex, follow, max-snippet:-1, max-image-preview:large, max-video-preview:-1\" \/>\n<meta property=\"og:locale\" content=\"fr_FR\" \/>\n<meta property=\"og:type\" content=\"article\" \/>\n<meta property=\"og:title\" content=\"RIEDEL Performance Pinot Noir Set de 4 - dev6 Erresse\" \/>\n<meta property=\"og:description\" content=\"Le verre \u00e0 Pinot Noir harmonise la fragilit\u00e9 et le fruit\u00e9 frais des vins l\u00e9gers du Nouveau Monde. R\u00e9alis\u00e9 dans plusieurs ateliers, ce verre tulipe au bord\" \/>\n<meta property=\"og:url\" content=\"https:\/\/dev6.erresse-shop.it\/fr\/shop\/table-fr-2\/verres\/riedel-performance-pinot-noir-set-de-4\/\" \/>\n<meta property=\"og:site_name\" content=\"dev6 Erresse\" \/>\n<meta property=\"og:image\" content=\"https:\/\/interpim.erresse-shop.it\/img-catalogo\/riedel\/riedel-pinot-nero.jpg\" \/><meta property=\"og:image\" content=\"https:\/\/interpim.erresse-shop.it\/img-catalogo\/riedel\/riedel-pinot-nero.jpg\" \/>\n\t<meta property=\"og:image:width\" content=\"1024\" \/>\n\t<meta property=\"og:image:height\" content=\"1024\" \/>\n\t<meta property=\"og:image:type\" content=\"image\/jpeg\" \/>\n<meta name=\"twitter:card\" content=\"summary_large_image\" \/>\n<meta name=\"twitter:image\" content=\"https:\/\/interpim.erresse-shop.it\/img-catalogo\/riedel\/riedel-pinot-nero.jpg\" \/>\n<script type=\"application\/ld+json\" class=\"yoast-schema-graph\">{\"@context\":\"https:\/\/schema.org\",\"@graph\":[{\"@type\":\"WebPage\",\"@id\":\"https:\/\/dev6.erresse-shop.it\/fr\/shop\/table-fr-2\/verres\/riedel-performance-pinot-noir-set-de-4\/\",\"url\":\"https:\/\/dev6.erresse-shop.it\/fr\/shop\/table-fr-2\/verres\/riedel-performance-pinot-noir-set-de-4\/\",\"name\":\"RIEDEL Performance Pinot Noir Set de 4 - dev6 Erresse\",\"isPartOf\":{\"@id\":\"https:\/\/dev6.erresse-shop.it\/#website\"},\"primaryImageOfPage\":{\"@id\":\"https:\/\/dev6.erresse-shop.it\/fr\/shop\/table-fr-2\/verres\/riedel-performance-pinot-noir-set-de-4\/#primaryimage\"},\"image\":{\"@id\":\"https:\/\/dev6.erresse-shop.it\/fr\/shop\/table-fr-2\/verres\/riedel-performance-pinot-noir-set-de-4\/#primaryimage\"},\"thumbnailUrl\":\"https:\/\/i2.wp.com\/interpim.erresse-shop.it\/img-catalogo\/riedel\/riedel-pinot-nero.jpg?ssl=1\",\"datePublished\":\"2026-04-12T09:13:04+00:00\",\"description\":\"Le verre \u00e0 Pinot Noir harmonise la fragilit\u00e9 et le fruit\u00e9 frais des vins l\u00e9gers du Nouveau Monde. R\u00e9alis\u00e9 dans plusieurs ateliers, ce verre tulipe au bord\",\"breadcrumb\":{\"@id\":\"https:\/\/dev6.erresse-shop.it\/fr\/shop\/table-fr-2\/verres\/riedel-performance-pinot-noir-set-de-4\/#breadcrumb\"},\"inLanguage\":\"fr-FR\",\"potentialAction\":[{\"@type\":\"ReadAction\",\"target\":[\"https:\/\/dev6.erresse-shop.it\/fr\/shop\/table-fr-2\/verres\/riedel-performance-pinot-noir-set-de-4\/\"]}]},{\"@type\":\"ImageObject\",\"inLanguage\":\"fr-FR\",\"@id\":\"https:\/\/dev6.erresse-shop.it\/fr\/shop\/table-fr-2\/verres\/riedel-performance-pinot-noir-set-de-4\/#primaryimage\",\"url\":\"https:\/\/i2.wp.com\/interpim.erresse-shop.it\/img-catalogo\/riedel\/riedel-pinot-nero.jpg?ssl=1\",\"contentUrl\":\"https:\/\/i2.wp.com\/interpim.erresse-shop.it\/img-catalogo\/riedel\/riedel-pinot-nero.jpg?ssl=1\"},{\"@type\":\"BreadcrumbList\",\"@id\":\"https:\/\/dev6.erresse-shop.it\/fr\/shop\/table-fr-2\/verres\/riedel-performance-pinot-noir-set-de-4\/#breadcrumb\",\"itemListElement\":[{\"@type\":\"ListItem\",\"position\":1,\"name\":\"Home\",\"item\":\"https:\/\/dev6.erresse-shop.it\/\"},{\"@type\":\"ListItem\",\"position\":2,\"name\":\"Boutique\",\"item\":\"https:\/\/dev6.erresse-shop.it\/shop\/\"},{\"@type\":\"ListItem\",\"position\":3,\"name\":\"RIEDEL Performance Pinot Noir Set de 4\"}]},{\"@type\":\"WebSite\",\"@id\":\"https:\/\/dev6.erresse-shop.it\/#website\",\"url\":\"https:\/\/dev6.erresse-shop.it\/\",\"name\":\"Erresse Shop\",\"description\":\"\",\"publisher\":{\"@id\":\"https:\/\/dev6.erresse-shop.it\/#organization\"},\"potentialAction\":[{\"@type\":\"SearchAction\",\"target\":{\"@type\":\"EntryPoint\",\"urlTemplate\":\"https:\/\/dev6.erresse-shop.it\/?s={search_term_string}\"},\"query-input\":{\"@type\":\"PropertyValueSpecification\",\"valueRequired\":true,\"valueName\":\"search_term_string\"}}],\"inLanguage\":\"fr-FR\"},{\"@type\":\"Organization\",\"@id\":\"https:\/\/dev6.erresse-shop.it\/#organization\",\"name\":\"Erresse Shop\",\"url\":\"https:\/\/dev6.erresse-shop.it\/\",\"logo\":{\"@type\":\"ImageObject\",\"inLanguage\":\"fr-FR\",\"@id\":\"https:\/\/dev6.erresse-shop.it\/#\/schema\/logo\/image\/\",\"url\":\"https:\/\/dev6.erresse-shop.it\/wp-content\/uploads\/2025\/01\/LOGO-ERRESSE-CLASSICO.svg\",\"contentUrl\":\"https:\/\/dev6.erresse-shop.it\/wp-content\/uploads\/2025\/01\/LOGO-ERRESSE-CLASSICO.svg\",\"caption\":\"Erresse Shop\"},\"image\":{\"@id\":\"https:\/\/dev6.erresse-shop.it\/#\/schema\/logo\/image\/\"}}]}<\/script>\n<!-- \/ Yoast SEO plugin. -->","yoast_head_json":{"title":"RIEDEL Performance Pinot Noir Set de 4 - dev6 Erresse","description":"Le verre \u00e0 Pinot Noir harmonise la fragilit\u00e9 et le fruit\u00e9 frais des vins l\u00e9gers du Nouveau Monde. R\u00e9alis\u00e9 dans plusieurs ateliers, ce verre tulipe au bord","robots":{"index":"noindex","follow":"follow","max-snippet":"max-snippet:-1","max-image-preview":"max-image-preview:large","max-video-preview":"max-video-preview:-1"},"og_locale":"fr_FR","og_type":"article","og_title":"RIEDEL Performance Pinot Noir Set de 4 - dev6 Erresse","og_description":"Le verre \u00e0 Pinot Noir harmonise la fragilit\u00e9 et le fruit\u00e9 frais des vins l\u00e9gers du Nouveau Monde. R\u00e9alis\u00e9 dans plusieurs ateliers, ce verre tulipe au bord","og_url":"https:\/\/dev6.erresse-shop.it\/fr\/shop\/table-fr-2\/verres\/riedel-performance-pinot-noir-set-de-4\/","og_site_name":"dev6 Erresse","og_image":[{"url":"https:\/\/interpim.erresse-shop.it\/img-catalogo\/riedel\/riedel-pinot-nero.jpg","type":"","width":"","height":""},{"url":"https:\/\/interpim.erresse-shop.it\/img-catalogo\/riedel\/riedel-pinot-nero.jpg","width":1024,"height":1024,"type":"image\/jpeg"}],"twitter_card":"summary_large_image","twitter_image":"https:\/\/interpim.erresse-shop.it\/img-catalogo\/riedel\/riedel-pinot-nero.jpg","schema":{"@context":"https:\/\/schema.org","@graph":[{"@type":"WebPage","@id":"https:\/\/dev6.erresse-shop.it\/fr\/shop\/table-fr-2\/verres\/riedel-performance-pinot-noir-set-de-4\/","url":"https:\/\/dev6.erresse-shop.it\/fr\/shop\/table-fr-2\/verres\/riedel-performance-pinot-noir-set-de-4\/","name":"RIEDEL Performance Pinot Noir Set de 4 - dev6 Erresse","isPartOf":{"@id":"https:\/\/dev6.erresse-shop.it\/#website"},"primaryImageOfPage":{"@id":"https:\/\/dev6.erresse-shop.it\/fr\/shop\/table-fr-2\/verres\/riedel-performance-pinot-noir-set-de-4\/#primaryimage"},"image":{"@id":"https:\/\/dev6.erresse-shop.it\/fr\/shop\/table-fr-2\/verres\/riedel-performance-pinot-noir-set-de-4\/#primaryimage"},"thumbnailUrl":"https:\/\/i2.wp.com\/interpim.erresse-shop.it\/img-catalogo\/riedel\/riedel-pinot-nero.jpg?ssl=1","datePublished":"2026-04-12T09:13:04+00:00","description":"Le verre \u00e0 Pinot Noir harmonise la fragilit\u00e9 et le fruit\u00e9 frais des vins l\u00e9gers du Nouveau Monde. R\u00e9alis\u00e9 dans plusieurs ateliers, ce verre tulipe au bord","breadcrumb":{"@id":"https:\/\/dev6.erresse-shop.it\/fr\/shop\/table-fr-2\/verres\/riedel-performance-pinot-noir-set-de-4\/#breadcrumb"},"inLanguage":"fr-FR","potentialAction":[{"@type":"ReadAction","target":["https:\/\/dev6.erresse-shop.it\/fr\/shop\/table-fr-2\/verres\/riedel-performance-pinot-noir-set-de-4\/"]}]},{"@type":"ImageObject","inLanguage":"fr-FR","@id":"https:\/\/dev6.erresse-shop.it\/fr\/shop\/table-fr-2\/verres\/riedel-performance-pinot-noir-set-de-4\/#primaryimage","url":"https:\/\/i2.wp.com\/interpim.erresse-shop.it\/img-catalogo\/riedel\/riedel-pinot-nero.jpg?ssl=1","contentUrl":"https:\/\/i2.wp.com\/interpim.erresse-shop.it\/img-catalogo\/riedel\/riedel-pinot-nero.jpg?ssl=1"},{"@type":"BreadcrumbList","@id":"https:\/\/dev6.erresse-shop.it\/fr\/shop\/table-fr-2\/verres\/riedel-performance-pinot-noir-set-de-4\/#breadcrumb","itemListElement":[{"@type":"ListItem","position":1,"name":"Home","item":"https:\/\/dev6.erresse-shop.it\/"},{"@type":"ListItem","position":2,"name":"Boutique","item":"https:\/\/dev6.erresse-shop.it\/shop\/"},{"@type":"ListItem","position":3,"name":"RIEDEL Performance Pinot Noir Set de 4"}]},{"@type":"WebSite","@id":"https:\/\/dev6.erresse-shop.it\/#website","url":"https:\/\/dev6.erresse-shop.it\/","name":"Erresse Shop","description":"","publisher":{"@id":"https:\/\/dev6.erresse-shop.it\/#organization"},"potentialAction":[{"@type":"SearchAction","target":{"@type":"EntryPoint","urlTemplate":"https:\/\/dev6.erresse-shop.it\/?s={search_term_string}"},"query-input":{"@type":"PropertyValueSpecification","valueRequired":true,"valueName":"search_term_string"}}],"inLanguage":"fr-FR"},{"@type":"Organization","@id":"https:\/\/dev6.erresse-shop.it\/#organization","name":"Erresse Shop","url":"https:\/\/dev6.erresse-shop.it\/","logo":{"@type":"ImageObject","inLanguage":"fr-FR","@id":"https:\/\/dev6.erresse-shop.it\/#\/schema\/logo\/image\/","url":"https:\/\/dev6.erresse-shop.it\/wp-content\/uploads\/2025\/01\/LOGO-ERRESSE-CLASSICO.svg","contentUrl":"https:\/\/dev6.erresse-shop.it\/wp-content\/uploads\/2025\/01\/LOGO-ERRESSE-CLASSICO.svg","caption":"Erresse Shop"},"image":{"@id":"https:\/\/dev6.erresse-shop.it\/#\/schema\/logo\/image\/"}}]}},"df_price":92.95,"df_sale_price":92.95,"df_regular_price":118,"df_image_link":"https:\/\/i2.wp.com\/interpim.erresse-shop.it\/img-catalogo\/riedel\/riedel-pinot-nero.jpg?resize=300,300&ssl=1","fifu_image_url":"https:\/\/interpim.erresse-shop.it\/img-catalogo\/riedel\/riedel-pinot-nero.jpg","_links":{"self":[{"href":"https:\/\/dev6.erresse-shop.it\/fr\/wp-json\/wp\/v2\/product\/64257","targetHints":{"allow":["GET"]}}],"collection":[{"href":"https:\/\/dev6.erresse-shop.it\/fr\/wp-json\/wp\/v2\/product"}],"about":[{"href":"https:\/\/dev6.erresse-shop.it\/fr\/wp-json\/wp\/v2\/types\/product"}],"wp:featuredmedia":[{"embeddable":true,"href":"https:\/\/dev6.erresse-shop.it\/fr\/wp-json\/wp\/v2\/media\/6368211"}],"wp:attachment":[{"href":"https:\/\/dev6.erresse-shop.it\/fr\/wp-json\/wp\/v2\/media?parent=64257"}],"wp:term":[{"taxonomy":"product_cat","embeddable":true,"href":"https:\/\/dev6.erresse-shop.it\/fr\/wp-json\/wp\/v2\/product_cat?post=64257"},{"taxonomy":"product_tag","embeddable":true,"href":"https:\/\/dev6.erresse-shop.it\/fr\/wp-json\/wp\/v2\/product_tag?post=64257"}],"curies":[{"name":"wp","href":"https:\/\/api.w.org\/{rel}","templated":true}]}}