{"id":64255,"date":"2026-04-12T11:13:04","date_gmt":"2026-04-12T09:13:04","guid":{"rendered":"https:\/\/dev6.erresse-shop.it\/shop\/non%20class\u00e9\/riedel-performance-cabernet-merlot-set-de-4\/"},"modified":"2025-07-04T18:09:23","modified_gmt":"2025-07-04T16:09:23","slug":"riedel-performance-cabernet-merlot-set-de-4","status":"publish","type":"product","link":"https:\/\/dev6.erresse-shop.it\/fr\/shop\/table-fr-2\/verres\/riedel-performance-cabernet-merlot-set-de-4\/","title":{"rendered":"RIEDEL Performance Cabernet\/Merlot Set de 4"},"content":{"rendered":"<p>Le verre Cabernet est parfait pour les vins rouges complexes, cors\u00e9s et riches en tanins.<\/p>\n<p>La forme en diamant est parfaite pour les grands vins audacieux du Nouveau Monde, gr\u00e2ce \u00e0 ses angles extr\u00eames qui donnent au vin plus d\u2019espace pour d\u00e9velopper ses ar\u00f4mes.<\/p>\n<p>La taille g\u00e9n\u00e9reuse de ce verre met en valeur les notes fruit\u00e9es et att\u00e9nue les asp\u00e9rit\u00e9s et le caract\u00e8re amer des tannins, permettant aux vins d\u2019atteindre un \u00e9quilibre id\u00e9al. RIEDEL Veloce est une grande r\u00e9ussite bas\u00e9e sur la technologie de pointe de l\u2019usine RIEDEL.<\/p>\n<p>Les derni\u00e8res technologies de production permettent d\u2019obtenir des objets qui semblent faits \u00e0 la main mais qui offrent la pr\u00e9cision d\u2019une production m\u00e9canique. Plus l\u00e9gers et plus minces, ils conviennent parfaitement aux vins du Nouveau Monde et pr\u00e9sentent une base grav\u00e9e du nom du c\u00e9page pour lequel le verre est recommand\u00e9. Cet article est un produit premium fabriqu\u00e9 \u00e0 la machine.<br \/>\nPREMIUM indique l\u2019avantage d\u2019un verre RIEDEL souffl\u00e9 \u00e0 la machine par rapport \u00e0 un verre souffl\u00e9 \u00e0 la main. La diff\u00e9rence r\u00e9side dans la pr\u00e9cision.<\/p>\n<p>Cet article peut \u00eatre lav\u00e9 au lave-vaisselle.<\/p>\n<p>L\u2019emballage contient 6 pi\u00e8ces.<\/p>\n<p>Caract\u00e9ristiques techniques<\/p>\n<p>Mat\u00e9riau : Cristal<\/p>\n<p>Capacit\u00e9 : 834,0 cm<\/p>\n<p>Hauteur 245,0 mm<\/p>\n<p>Lavable au lave-vaisselle<\/p>\n","protected":false},"excerpt":{"rendered":"<p>Le verre Cabernet est parfait pour les vins rouges complexes, cors\u00e9s et riches en tanins. La forme en diamant est parfaite pour les grands vins audacieux du Nouveau Monde, gr\u00e2ce \u00e0 ses angles extr\u00eames qui donnent au vin plus d\u2019espace pour d\u00e9velopper ses ar\u00f4mes. La taille g\u00e9n\u00e9reuse de ce verre met en valeur les notes [&hellip;]<\/p>\n","protected":false},"featured_media":6368210,"template":"","meta":{"_acf_changed":false},"product_cat":[11995,11671,12009],"product_tag":[],"class_list":{"0":"post-64255","1":"product","2":"type-product","3":"status-publish","4":"has-post-thumbnail","6":"product_cat-table-fr-2","7":"product_cat-tavola","8":"product_cat-verres","10":"first","11":"instock","12":"sale","13":"taxable","14":"shipping-taxable","15":"purchasable","16":"product-type-simple","swatches":"rey-swatches","show_selected":"","stretch_labels":"rey-swatches--stretch-labels"},"acf":[],"yoast_head":"<!-- This site is optimized with the Yoast SEO plugin v25.4 - https:\/\/yoast.com\/wordpress\/plugins\/seo\/ -->\n<title>RIEDEL Performance Cabernet\/Merlot Set de 4 - dev6 Erresse<\/title>\n<meta name=\"description\" content=\"Le verre Cabernet est parfait pour les vins rouges complexes, cors\u00e9s et riches en tanins. La forme en diamant est parfaite pour les grands vins audacieux\" \/>\n<meta name=\"robots\" content=\"noindex, follow, max-snippet:-1, max-image-preview:large, max-video-preview:-1\" \/>\n<meta property=\"og:locale\" content=\"fr_FR\" \/>\n<meta property=\"og:type\" content=\"article\" \/>\n<meta property=\"og:title\" content=\"RIEDEL Performance Cabernet\/Merlot Set de 4 - dev6 Erresse\" \/>\n<meta property=\"og:description\" content=\"Le verre Cabernet est parfait pour les vins rouges complexes, cors\u00e9s et riches en tanins. La forme en diamant est parfaite pour les grands vins audacieux\" \/>\n<meta property=\"og:url\" content=\"https:\/\/dev6.erresse-shop.it\/fr\/shop\/table-fr-2\/verres\/riedel-performance-cabernet-merlot-set-de-4\/\" \/>\n<meta property=\"og:site_name\" content=\"dev6 Erresse\" \/>\n<meta property=\"og:image\" content=\"https:\/\/interpim.erresse-shop.it\/Import\/Prodotti\/riedel-cabernet-merlot-4-pz.jpg\" \/><meta property=\"og:image\" content=\"https:\/\/interpim.erresse-shop.it\/Import\/Prodotti\/riedel-cabernet-merlot-4-pz.jpg\" \/>\n\t<meta property=\"og:image:width\" content=\"1024\" \/>\n\t<meta property=\"og:image:height\" content=\"1024\" \/>\n\t<meta property=\"og:image:type\" content=\"image\/jpeg\" \/>\n<meta name=\"twitter:card\" content=\"summary_large_image\" \/>\n<meta name=\"twitter:image\" content=\"https:\/\/interpim.erresse-shop.it\/Import\/Prodotti\/riedel-cabernet-merlot-4-pz.jpg\" \/>\n<script type=\"application\/ld+json\" class=\"yoast-schema-graph\">{\"@context\":\"https:\/\/schema.org\",\"@graph\":[{\"@type\":\"WebPage\",\"@id\":\"https:\/\/dev6.erresse-shop.it\/fr\/shop\/table-fr-2\/verres\/riedel-performance-cabernet-merlot-set-de-4\/\",\"url\":\"https:\/\/dev6.erresse-shop.it\/fr\/shop\/table-fr-2\/verres\/riedel-performance-cabernet-merlot-set-de-4\/\",\"name\":\"RIEDEL Performance Cabernet\/Merlot Set de 4 - dev6 Erresse\",\"isPartOf\":{\"@id\":\"https:\/\/dev6.erresse-shop.it\/#website\"},\"primaryImageOfPage\":{\"@id\":\"https:\/\/dev6.erresse-shop.it\/fr\/shop\/table-fr-2\/verres\/riedel-performance-cabernet-merlot-set-de-4\/#primaryimage\"},\"image\":{\"@id\":\"https:\/\/dev6.erresse-shop.it\/fr\/shop\/table-fr-2\/verres\/riedel-performance-cabernet-merlot-set-de-4\/#primaryimage\"},\"thumbnailUrl\":\"https:\/\/i2.wp.com\/interpim.erresse-shop.it\/Import\/Prodotti\/riedel-cabernet-merlot-4-pz.jpg?ssl=1\",\"datePublished\":\"2026-04-12T09:13:04+00:00\",\"description\":\"Le verre Cabernet est parfait pour les vins rouges complexes, cors\u00e9s et riches en tanins. La forme en diamant est parfaite pour les grands vins audacieux\",\"breadcrumb\":{\"@id\":\"https:\/\/dev6.erresse-shop.it\/fr\/shop\/table-fr-2\/verres\/riedel-performance-cabernet-merlot-set-de-4\/#breadcrumb\"},\"inLanguage\":\"fr-FR\",\"potentialAction\":[{\"@type\":\"ReadAction\",\"target\":[\"https:\/\/dev6.erresse-shop.it\/fr\/shop\/table-fr-2\/verres\/riedel-performance-cabernet-merlot-set-de-4\/\"]}]},{\"@type\":\"ImageObject\",\"inLanguage\":\"fr-FR\",\"@id\":\"https:\/\/dev6.erresse-shop.it\/fr\/shop\/table-fr-2\/verres\/riedel-performance-cabernet-merlot-set-de-4\/#primaryimage\",\"url\":\"https:\/\/i2.wp.com\/interpim.erresse-shop.it\/Import\/Prodotti\/riedel-cabernet-merlot-4-pz.jpg?ssl=1\",\"contentUrl\":\"https:\/\/i2.wp.com\/interpim.erresse-shop.it\/Import\/Prodotti\/riedel-cabernet-merlot-4-pz.jpg?ssl=1\"},{\"@type\":\"BreadcrumbList\",\"@id\":\"https:\/\/dev6.erresse-shop.it\/fr\/shop\/table-fr-2\/verres\/riedel-performance-cabernet-merlot-set-de-4\/#breadcrumb\",\"itemListElement\":[{\"@type\":\"ListItem\",\"position\":1,\"name\":\"Home\",\"item\":\"https:\/\/dev6.erresse-shop.it\/\"},{\"@type\":\"ListItem\",\"position\":2,\"name\":\"Boutique\",\"item\":\"https:\/\/dev6.erresse-shop.it\/shop\/\"},{\"@type\":\"ListItem\",\"position\":3,\"name\":\"RIEDEL Performance Cabernet\/Merlot Set de 4\"}]},{\"@type\":\"WebSite\",\"@id\":\"https:\/\/dev6.erresse-shop.it\/#website\",\"url\":\"https:\/\/dev6.erresse-shop.it\/\",\"name\":\"Erresse Shop\",\"description\":\"\",\"publisher\":{\"@id\":\"https:\/\/dev6.erresse-shop.it\/#organization\"},\"potentialAction\":[{\"@type\":\"SearchAction\",\"target\":{\"@type\":\"EntryPoint\",\"urlTemplate\":\"https:\/\/dev6.erresse-shop.it\/?s={search_term_string}\"},\"query-input\":{\"@type\":\"PropertyValueSpecification\",\"valueRequired\":true,\"valueName\":\"search_term_string\"}}],\"inLanguage\":\"fr-FR\"},{\"@type\":\"Organization\",\"@id\":\"https:\/\/dev6.erresse-shop.it\/#organization\",\"name\":\"Erresse Shop\",\"url\":\"https:\/\/dev6.erresse-shop.it\/\",\"logo\":{\"@type\":\"ImageObject\",\"inLanguage\":\"fr-FR\",\"@id\":\"https:\/\/dev6.erresse-shop.it\/#\/schema\/logo\/image\/\",\"url\":\"https:\/\/dev6.erresse-shop.it\/wp-content\/uploads\/2025\/01\/LOGO-ERRESSE-CLASSICO.svg\",\"contentUrl\":\"https:\/\/dev6.erresse-shop.it\/wp-content\/uploads\/2025\/01\/LOGO-ERRESSE-CLASSICO.svg\",\"caption\":\"Erresse Shop\"},\"image\":{\"@id\":\"https:\/\/dev6.erresse-shop.it\/#\/schema\/logo\/image\/\"}}]}<\/script>\n<!-- \/ Yoast SEO plugin. -->","yoast_head_json":{"title":"RIEDEL Performance Cabernet\/Merlot Set de 4 - dev6 Erresse","description":"Le verre Cabernet est parfait pour les vins rouges complexes, cors\u00e9s et riches en tanins. La forme en diamant est parfaite pour les grands vins audacieux","robots":{"index":"noindex","follow":"follow","max-snippet":"max-snippet:-1","max-image-preview":"max-image-preview:large","max-video-preview":"max-video-preview:-1"},"og_locale":"fr_FR","og_type":"article","og_title":"RIEDEL Performance Cabernet\/Merlot Set de 4 - dev6 Erresse","og_description":"Le verre Cabernet est parfait pour les vins rouges complexes, cors\u00e9s et riches en tanins. La forme en diamant est parfaite pour les grands vins audacieux","og_url":"https:\/\/dev6.erresse-shop.it\/fr\/shop\/table-fr-2\/verres\/riedel-performance-cabernet-merlot-set-de-4\/","og_site_name":"dev6 Erresse","og_image":[{"url":"https:\/\/interpim.erresse-shop.it\/Import\/Prodotti\/riedel-cabernet-merlot-4-pz.jpg","type":"","width":"","height":""},{"url":"https:\/\/interpim.erresse-shop.it\/Import\/Prodotti\/riedel-cabernet-merlot-4-pz.jpg","width":1024,"height":1024,"type":"image\/jpeg"}],"twitter_card":"summary_large_image","twitter_image":"https:\/\/interpim.erresse-shop.it\/Import\/Prodotti\/riedel-cabernet-merlot-4-pz.jpg","schema":{"@context":"https:\/\/schema.org","@graph":[{"@type":"WebPage","@id":"https:\/\/dev6.erresse-shop.it\/fr\/shop\/table-fr-2\/verres\/riedel-performance-cabernet-merlot-set-de-4\/","url":"https:\/\/dev6.erresse-shop.it\/fr\/shop\/table-fr-2\/verres\/riedel-performance-cabernet-merlot-set-de-4\/","name":"RIEDEL Performance Cabernet\/Merlot Set de 4 - dev6 Erresse","isPartOf":{"@id":"https:\/\/dev6.erresse-shop.it\/#website"},"primaryImageOfPage":{"@id":"https:\/\/dev6.erresse-shop.it\/fr\/shop\/table-fr-2\/verres\/riedel-performance-cabernet-merlot-set-de-4\/#primaryimage"},"image":{"@id":"https:\/\/dev6.erresse-shop.it\/fr\/shop\/table-fr-2\/verres\/riedel-performance-cabernet-merlot-set-de-4\/#primaryimage"},"thumbnailUrl":"https:\/\/i2.wp.com\/interpim.erresse-shop.it\/Import\/Prodotti\/riedel-cabernet-merlot-4-pz.jpg?ssl=1","datePublished":"2026-04-12T09:13:04+00:00","description":"Le verre Cabernet est parfait pour les vins rouges complexes, cors\u00e9s et riches en tanins. La forme en diamant est parfaite pour les grands vins audacieux","breadcrumb":{"@id":"https:\/\/dev6.erresse-shop.it\/fr\/shop\/table-fr-2\/verres\/riedel-performance-cabernet-merlot-set-de-4\/#breadcrumb"},"inLanguage":"fr-FR","potentialAction":[{"@type":"ReadAction","target":["https:\/\/dev6.erresse-shop.it\/fr\/shop\/table-fr-2\/verres\/riedel-performance-cabernet-merlot-set-de-4\/"]}]},{"@type":"ImageObject","inLanguage":"fr-FR","@id":"https:\/\/dev6.erresse-shop.it\/fr\/shop\/table-fr-2\/verres\/riedel-performance-cabernet-merlot-set-de-4\/#primaryimage","url":"https:\/\/i2.wp.com\/interpim.erresse-shop.it\/Import\/Prodotti\/riedel-cabernet-merlot-4-pz.jpg?ssl=1","contentUrl":"https:\/\/i2.wp.com\/interpim.erresse-shop.it\/Import\/Prodotti\/riedel-cabernet-merlot-4-pz.jpg?ssl=1"},{"@type":"BreadcrumbList","@id":"https:\/\/dev6.erresse-shop.it\/fr\/shop\/table-fr-2\/verres\/riedel-performance-cabernet-merlot-set-de-4\/#breadcrumb","itemListElement":[{"@type":"ListItem","position":1,"name":"Home","item":"https:\/\/dev6.erresse-shop.it\/"},{"@type":"ListItem","position":2,"name":"Boutique","item":"https:\/\/dev6.erresse-shop.it\/shop\/"},{"@type":"ListItem","position":3,"name":"RIEDEL Performance Cabernet\/Merlot Set de 4"}]},{"@type":"WebSite","@id":"https:\/\/dev6.erresse-shop.it\/#website","url":"https:\/\/dev6.erresse-shop.it\/","name":"Erresse Shop","description":"","publisher":{"@id":"https:\/\/dev6.erresse-shop.it\/#organization"},"potentialAction":[{"@type":"SearchAction","target":{"@type":"EntryPoint","urlTemplate":"https:\/\/dev6.erresse-shop.it\/?s={search_term_string}"},"query-input":{"@type":"PropertyValueSpecification","valueRequired":true,"valueName":"search_term_string"}}],"inLanguage":"fr-FR"},{"@type":"Organization","@id":"https:\/\/dev6.erresse-shop.it\/#organization","name":"Erresse Shop","url":"https:\/\/dev6.erresse-shop.it\/","logo":{"@type":"ImageObject","inLanguage":"fr-FR","@id":"https:\/\/dev6.erresse-shop.it\/#\/schema\/logo\/image\/","url":"https:\/\/dev6.erresse-shop.it\/wp-content\/uploads\/2025\/01\/LOGO-ERRESSE-CLASSICO.svg","contentUrl":"https:\/\/dev6.erresse-shop.it\/wp-content\/uploads\/2025\/01\/LOGO-ERRESSE-CLASSICO.svg","caption":"Erresse Shop"},"image":{"@id":"https:\/\/dev6.erresse-shop.it\/#\/schema\/logo\/image\/"}}]}},"df_price":92.95,"df_sale_price":92.95,"df_regular_price":118,"df_image_link":"https:\/\/i2.wp.com\/interpim.erresse-shop.it\/Import\/Prodotti\/riedel-cabernet-merlot-4-pz.jpg?resize=300,300&ssl=1","fifu_image_url":"https:\/\/interpim.erresse-shop.it\/Import\/Prodotti\/riedel-cabernet-merlot-4-pz.jpg","_links":{"self":[{"href":"https:\/\/dev6.erresse-shop.it\/fr\/wp-json\/wp\/v2\/product\/64255","targetHints":{"allow":["GET"]}}],"collection":[{"href":"https:\/\/dev6.erresse-shop.it\/fr\/wp-json\/wp\/v2\/product"}],"about":[{"href":"https:\/\/dev6.erresse-shop.it\/fr\/wp-json\/wp\/v2\/types\/product"}],"wp:featuredmedia":[{"embeddable":true,"href":"https:\/\/dev6.erresse-shop.it\/fr\/wp-json\/wp\/v2\/media\/6368210"}],"wp:attachment":[{"href":"https:\/\/dev6.erresse-shop.it\/fr\/wp-json\/wp\/v2\/media?parent=64255"}],"wp:term":[{"taxonomy":"product_cat","embeddable":true,"href":"https:\/\/dev6.erresse-shop.it\/fr\/wp-json\/wp\/v2\/product_cat?post=64255"},{"taxonomy":"product_tag","embeddable":true,"href":"https:\/\/dev6.erresse-shop.it\/fr\/wp-json\/wp\/v2\/product_tag?post=64255"}],"curies":[{"name":"wp","href":"https:\/\/api.w.org\/{rel}","templated":true}]}}