{"id":64247,"date":"2026-04-12T11:11:00","date_gmt":"2026-04-12T09:11:00","guid":{"rendered":"https:\/\/dev6.erresse-shop.it\/shop\/non%20class\u00e9\/riedel-set-de-4-gin\/"},"modified":"2025-09-14T05:35:46","modified_gmt":"2025-09-14T03:35:46","slug":"riedel-set-de-4-gin","status":"publish","type":"product","link":"https:\/\/dev6.erresse-shop.it\/fr\/shop\/table-fr-2\/verres\/riedel-set-de-4-gin\/","title":{"rendered":"RIEDEL Set de 4 Gin"},"content":{"rendered":"<p>Le verre \u00e0 gin est parfait pour exprimer pleinement le caract\u00e8re aromatique des plantes de votre gin pr\u00e9f\u00e9r\u00e9.<\/p>\n<p>Sa forme tulipe anguleuse capture les ar\u00f4mes, tandis que le buvant plus large aide \u00e0 mod\u00e9rer le soup\u00e7on d\u2019alcool.<\/p>\n<p>Les verres Extreme doivent leur nom \u00e0 leurs lignes extr\u00eames, avec des buveurs rappelant des diamants polis et laissant beaucoup d\u2019espace au vin pour s\u2019oxyg\u00e9ner gr\u00e2ce \u00e0 leurs angles larges. Ils sont sp\u00e9cialement con\u00e7us pour intensifier et sublimer la douceur agr\u00e9able et les ar\u00f4mes g\u00e9n\u00e9ralement fruit\u00e9s des vins du Nouveau Monde.<\/p>\n<p>Ce produit est fabriqu\u00e9 \u00e0 la machine.<br \/>\nCet article peut \u00eatre lav\u00e9 au lave-vaisselle.<\/p>\n<p>Le paquet contient 4 pi\u00e8ces.<\/p>\n<p>Caract\u00e9ristiques techniques<br \/>\nAnn\u00e9e de conception 2019<br \/>\nCapacit\u00e9 670,0 ccm<br \/>\nHauteur 227,0 mm<br \/>\nQuantit\u00e9 de bo\u00eetes 4<br \/>\nType de fabrication Fabriqu\u00e9 \u00e0 la machine<br \/>\nMat\u00e9riau Cristal<\/p>\n","protected":false},"excerpt":{"rendered":"<p>Le verre \u00e0 gin est parfait pour exprimer pleinement le caract\u00e8re aromatique des plantes de votre gin pr\u00e9f\u00e9r\u00e9. Sa forme tulipe anguleuse capture les ar\u00f4mes, tandis que le buvant plus large aide \u00e0 mod\u00e9rer le soup\u00e7on d\u2019alcool. Les verres Extreme doivent leur nom \u00e0 leurs lignes extr\u00eames, avec des buveurs rappelant des diamants polis et [&hellip;]<\/p>\n","protected":false},"featured_media":6368189,"template":"","meta":{"_acf_changed":false},"product_cat":[11995,11671,12009],"product_tag":[],"class_list":{"0":"post-64247","1":"product","2":"type-product","3":"status-publish","4":"has-post-thumbnail","6":"product_cat-table-fr-2","7":"product_cat-tavola","8":"product_cat-verres","10":"first","11":"instock","12":"taxable","13":"shipping-taxable","14":"purchasable","15":"product-type-simple","swatches":"rey-swatches","show_selected":"","stretch_labels":"rey-swatches--stretch-labels"},"acf":[],"yoast_head":"<!-- This site is optimized with the Yoast SEO plugin v25.4 - https:\/\/yoast.com\/wordpress\/plugins\/seo\/ -->\n<title>RIEDEL Set de 4 Gin - dev6 Erresse<\/title>\n<meta name=\"description\" content=\"Le verre \u00e0 gin est parfait pour exprimer pleinement le caract\u00e8re aromatique des plantes de votre gin pr\u00e9f\u00e9r\u00e9. Sa forme tulipe anguleuse capture les\" \/>\n<meta name=\"robots\" content=\"noindex, follow, max-snippet:-1, max-image-preview:large, max-video-preview:-1\" \/>\n<meta property=\"og:locale\" content=\"fr_FR\" \/>\n<meta property=\"og:type\" content=\"article\" \/>\n<meta property=\"og:title\" content=\"RIEDEL Set de 4 Gin - dev6 Erresse\" \/>\n<meta property=\"og:description\" content=\"Le verre \u00e0 gin est parfait pour exprimer pleinement le caract\u00e8re aromatique des plantes de votre gin pr\u00e9f\u00e9r\u00e9. Sa forme tulipe anguleuse capture les\" \/>\n<meta property=\"og:url\" content=\"https:\/\/dev6.erresse-shop.it\/fr\/shop\/table-fr-2\/verres\/riedel-set-de-4-gin\/\" \/>\n<meta property=\"og:site_name\" content=\"dev6 Erresse\" \/>\n<meta property=\"og:image\" content=\"https:\/\/interpim.erresse-shop.it\/img-catalogo\/riedel\/riedel-set-da-4-gin.jpg\" \/><meta property=\"og:image\" content=\"https:\/\/interpim.erresse-shop.it\/img-catalogo\/riedel\/riedel-set-da-4-gin.jpg\" \/>\n\t<meta property=\"og:image:width\" content=\"1024\" \/>\n\t<meta property=\"og:image:height\" content=\"1024\" \/>\n\t<meta property=\"og:image:type\" content=\"image\/jpeg\" \/>\n<meta name=\"twitter:card\" content=\"summary_large_image\" \/>\n<meta name=\"twitter:image\" content=\"https:\/\/interpim.erresse-shop.it\/img-catalogo\/riedel\/riedel-set-da-4-gin.jpg\" \/>\n<script type=\"application\/ld+json\" class=\"yoast-schema-graph\">{\"@context\":\"https:\/\/schema.org\",\"@graph\":[{\"@type\":\"WebPage\",\"@id\":\"https:\/\/dev6.erresse-shop.it\/fr\/shop\/table-fr-2\/verres\/riedel-set-de-4-gin\/\",\"url\":\"https:\/\/dev6.erresse-shop.it\/fr\/shop\/table-fr-2\/verres\/riedel-set-de-4-gin\/\",\"name\":\"RIEDEL Set de 4 Gin - dev6 Erresse\",\"isPartOf\":{\"@id\":\"https:\/\/dev6.erresse-shop.it\/#website\"},\"primaryImageOfPage\":{\"@id\":\"https:\/\/dev6.erresse-shop.it\/fr\/shop\/table-fr-2\/verres\/riedel-set-de-4-gin\/#primaryimage\"},\"image\":{\"@id\":\"https:\/\/dev6.erresse-shop.it\/fr\/shop\/table-fr-2\/verres\/riedel-set-de-4-gin\/#primaryimage\"},\"thumbnailUrl\":\"https:\/\/i3.wp.com\/interpim.erresse-shop.it\/img-catalogo\/riedel\/riedel-set-da-4-gin.jpg?ssl=1\",\"datePublished\":\"2026-04-12T09:11:00+00:00\",\"description\":\"Le verre \u00e0 gin est parfait pour exprimer pleinement le caract\u00e8re aromatique des plantes de votre gin pr\u00e9f\u00e9r\u00e9. Sa forme tulipe anguleuse capture les\",\"breadcrumb\":{\"@id\":\"https:\/\/dev6.erresse-shop.it\/fr\/shop\/table-fr-2\/verres\/riedel-set-de-4-gin\/#breadcrumb\"},\"inLanguage\":\"fr-FR\",\"potentialAction\":[{\"@type\":\"ReadAction\",\"target\":[\"https:\/\/dev6.erresse-shop.it\/fr\/shop\/table-fr-2\/verres\/riedel-set-de-4-gin\/\"]}]},{\"@type\":\"ImageObject\",\"inLanguage\":\"fr-FR\",\"@id\":\"https:\/\/dev6.erresse-shop.it\/fr\/shop\/table-fr-2\/verres\/riedel-set-de-4-gin\/#primaryimage\",\"url\":\"https:\/\/i3.wp.com\/interpim.erresse-shop.it\/img-catalogo\/riedel\/riedel-set-da-4-gin.jpg?ssl=1\",\"contentUrl\":\"https:\/\/i3.wp.com\/interpim.erresse-shop.it\/img-catalogo\/riedel\/riedel-set-da-4-gin.jpg?ssl=1\"},{\"@type\":\"BreadcrumbList\",\"@id\":\"https:\/\/dev6.erresse-shop.it\/fr\/shop\/table-fr-2\/verres\/riedel-set-de-4-gin\/#breadcrumb\",\"itemListElement\":[{\"@type\":\"ListItem\",\"position\":1,\"name\":\"Home\",\"item\":\"https:\/\/dev6.erresse-shop.it\/\"},{\"@type\":\"ListItem\",\"position\":2,\"name\":\"Boutique\",\"item\":\"https:\/\/dev6.erresse-shop.it\/shop\/\"},{\"@type\":\"ListItem\",\"position\":3,\"name\":\"RIEDEL Set de 4 Gin\"}]},{\"@type\":\"WebSite\",\"@id\":\"https:\/\/dev6.erresse-shop.it\/#website\",\"url\":\"https:\/\/dev6.erresse-shop.it\/\",\"name\":\"Erresse Shop\",\"description\":\"\",\"publisher\":{\"@id\":\"https:\/\/dev6.erresse-shop.it\/#organization\"},\"potentialAction\":[{\"@type\":\"SearchAction\",\"target\":{\"@type\":\"EntryPoint\",\"urlTemplate\":\"https:\/\/dev6.erresse-shop.it\/?s={search_term_string}\"},\"query-input\":{\"@type\":\"PropertyValueSpecification\",\"valueRequired\":true,\"valueName\":\"search_term_string\"}}],\"inLanguage\":\"fr-FR\"},{\"@type\":\"Organization\",\"@id\":\"https:\/\/dev6.erresse-shop.it\/#organization\",\"name\":\"Erresse Shop\",\"url\":\"https:\/\/dev6.erresse-shop.it\/\",\"logo\":{\"@type\":\"ImageObject\",\"inLanguage\":\"fr-FR\",\"@id\":\"https:\/\/dev6.erresse-shop.it\/#\/schema\/logo\/image\/\",\"url\":\"https:\/\/dev6.erresse-shop.it\/wp-content\/uploads\/2025\/01\/LOGO-ERRESSE-CLASSICO.svg\",\"contentUrl\":\"https:\/\/dev6.erresse-shop.it\/wp-content\/uploads\/2025\/01\/LOGO-ERRESSE-CLASSICO.svg\",\"caption\":\"Erresse Shop\"},\"image\":{\"@id\":\"https:\/\/dev6.erresse-shop.it\/#\/schema\/logo\/image\/\"}}]}<\/script>\n<!-- \/ Yoast SEO plugin. -->","yoast_head_json":{"title":"RIEDEL Set de 4 Gin - dev6 Erresse","description":"Le verre \u00e0 gin est parfait pour exprimer pleinement le caract\u00e8re aromatique des plantes de votre gin pr\u00e9f\u00e9r\u00e9. Sa forme tulipe anguleuse capture les","robots":{"index":"noindex","follow":"follow","max-snippet":"max-snippet:-1","max-image-preview":"max-image-preview:large","max-video-preview":"max-video-preview:-1"},"og_locale":"fr_FR","og_type":"article","og_title":"RIEDEL Set de 4 Gin - dev6 Erresse","og_description":"Le verre \u00e0 gin est parfait pour exprimer pleinement le caract\u00e8re aromatique des plantes de votre gin pr\u00e9f\u00e9r\u00e9. Sa forme tulipe anguleuse capture les","og_url":"https:\/\/dev6.erresse-shop.it\/fr\/shop\/table-fr-2\/verres\/riedel-set-de-4-gin\/","og_site_name":"dev6 Erresse","og_image":[{"url":"https:\/\/interpim.erresse-shop.it\/img-catalogo\/riedel\/riedel-set-da-4-gin.jpg","type":"","width":"","height":""},{"url":"https:\/\/interpim.erresse-shop.it\/img-catalogo\/riedel\/riedel-set-da-4-gin.jpg","width":1024,"height":1024,"type":"image\/jpeg"}],"twitter_card":"summary_large_image","twitter_image":"https:\/\/interpim.erresse-shop.it\/img-catalogo\/riedel\/riedel-set-da-4-gin.jpg","schema":{"@context":"https:\/\/schema.org","@graph":[{"@type":"WebPage","@id":"https:\/\/dev6.erresse-shop.it\/fr\/shop\/table-fr-2\/verres\/riedel-set-de-4-gin\/","url":"https:\/\/dev6.erresse-shop.it\/fr\/shop\/table-fr-2\/verres\/riedel-set-de-4-gin\/","name":"RIEDEL Set de 4 Gin - dev6 Erresse","isPartOf":{"@id":"https:\/\/dev6.erresse-shop.it\/#website"},"primaryImageOfPage":{"@id":"https:\/\/dev6.erresse-shop.it\/fr\/shop\/table-fr-2\/verres\/riedel-set-de-4-gin\/#primaryimage"},"image":{"@id":"https:\/\/dev6.erresse-shop.it\/fr\/shop\/table-fr-2\/verres\/riedel-set-de-4-gin\/#primaryimage"},"thumbnailUrl":"https:\/\/i3.wp.com\/interpim.erresse-shop.it\/img-catalogo\/riedel\/riedel-set-da-4-gin.jpg?ssl=1","datePublished":"2026-04-12T09:11:00+00:00","description":"Le verre \u00e0 gin est parfait pour exprimer pleinement le caract\u00e8re aromatique des plantes de votre gin pr\u00e9f\u00e9r\u00e9. Sa forme tulipe anguleuse capture les","breadcrumb":{"@id":"https:\/\/dev6.erresse-shop.it\/fr\/shop\/table-fr-2\/verres\/riedel-set-de-4-gin\/#breadcrumb"},"inLanguage":"fr-FR","potentialAction":[{"@type":"ReadAction","target":["https:\/\/dev6.erresse-shop.it\/fr\/shop\/table-fr-2\/verres\/riedel-set-de-4-gin\/"]}]},{"@type":"ImageObject","inLanguage":"fr-FR","@id":"https:\/\/dev6.erresse-shop.it\/fr\/shop\/table-fr-2\/verres\/riedel-set-de-4-gin\/#primaryimage","url":"https:\/\/i3.wp.com\/interpim.erresse-shop.it\/img-catalogo\/riedel\/riedel-set-da-4-gin.jpg?ssl=1","contentUrl":"https:\/\/i3.wp.com\/interpim.erresse-shop.it\/img-catalogo\/riedel\/riedel-set-da-4-gin.jpg?ssl=1"},{"@type":"BreadcrumbList","@id":"https:\/\/dev6.erresse-shop.it\/fr\/shop\/table-fr-2\/verres\/riedel-set-de-4-gin\/#breadcrumb","itemListElement":[{"@type":"ListItem","position":1,"name":"Home","item":"https:\/\/dev6.erresse-shop.it\/"},{"@type":"ListItem","position":2,"name":"Boutique","item":"https:\/\/dev6.erresse-shop.it\/shop\/"},{"@type":"ListItem","position":3,"name":"RIEDEL Set de 4 Gin"}]},{"@type":"WebSite","@id":"https:\/\/dev6.erresse-shop.it\/#website","url":"https:\/\/dev6.erresse-shop.it\/","name":"Erresse Shop","description":"","publisher":{"@id":"https:\/\/dev6.erresse-shop.it\/#organization"},"potentialAction":[{"@type":"SearchAction","target":{"@type":"EntryPoint","urlTemplate":"https:\/\/dev6.erresse-shop.it\/?s={search_term_string}"},"query-input":{"@type":"PropertyValueSpecification","valueRequired":true,"valueName":"search_term_string"}}],"inLanguage":"fr-FR"},{"@type":"Organization","@id":"https:\/\/dev6.erresse-shop.it\/#organization","name":"Erresse Shop","url":"https:\/\/dev6.erresse-shop.it\/","logo":{"@type":"ImageObject","inLanguage":"fr-FR","@id":"https:\/\/dev6.erresse-shop.it\/#\/schema\/logo\/image\/","url":"https:\/\/dev6.erresse-shop.it\/wp-content\/uploads\/2025\/01\/LOGO-ERRESSE-CLASSICO.svg","contentUrl":"https:\/\/dev6.erresse-shop.it\/wp-content\/uploads\/2025\/01\/LOGO-ERRESSE-CLASSICO.svg","caption":"Erresse Shop"},"image":{"@id":"https:\/\/dev6.erresse-shop.it\/#\/schema\/logo\/image\/"}}]}},"df_price":45,"df_sale_price":"","df_regular_price":45,"df_image_link":"https:\/\/i3.wp.com\/interpim.erresse-shop.it\/img-catalogo\/riedel\/riedel-set-da-4-gin.jpg?resize=300,300&ssl=1","fifu_image_url":"https:\/\/interpim.erresse-shop.it\/img-catalogo\/riedel\/riedel-set-da-4-gin.jpg","_links":{"self":[{"href":"https:\/\/dev6.erresse-shop.it\/fr\/wp-json\/wp\/v2\/product\/64247","targetHints":{"allow":["GET"]}}],"collection":[{"href":"https:\/\/dev6.erresse-shop.it\/fr\/wp-json\/wp\/v2\/product"}],"about":[{"href":"https:\/\/dev6.erresse-shop.it\/fr\/wp-json\/wp\/v2\/types\/product"}],"wp:featuredmedia":[{"embeddable":true,"href":"https:\/\/dev6.erresse-shop.it\/fr\/wp-json\/wp\/v2\/media\/6368189"}],"wp:attachment":[{"href":"https:\/\/dev6.erresse-shop.it\/fr\/wp-json\/wp\/v2\/media?parent=64247"}],"wp:term":[{"taxonomy":"product_cat","embeddable":true,"href":"https:\/\/dev6.erresse-shop.it\/fr\/wp-json\/wp\/v2\/product_cat?post=64247"},{"taxonomy":"product_tag","embeddable":true,"href":"https:\/\/dev6.erresse-shop.it\/fr\/wp-json\/wp\/v2\/product_tag?post=64247"}],"curies":[{"name":"wp","href":"https:\/\/api.w.org\/{rel}","templated":true}]}}