{"id":64051,"date":"2026-04-04T11:00:09","date_gmt":"2026-04-04T09:00:09","guid":{"rendered":"https:\/\/dev6.erresse-shop.it\/shop\/non%20class\u00e9\/joseph-joseph-glide-max-plus-table-a-repasser-bleu\/"},"modified":"2025-12-08T17:51:06","modified_gmt":"2025-12-08T16:51:06","slug":"joseph-joseph-glide-max-plus-table-a-repasser-bleu","status":"publish","type":"product","link":"https:\/\/dev6.erresse-shop.it\/fr\/shop\/ameublement-maison\/planches-a-repasser\/joseph-joseph-glide-max-plus-table-a-repasser-bleu\/","title":{"rendered":"JOSEPH JOSEPH Glide Max Plus Table \u00e0 repasser Bleu"},"content":{"rendered":"<p>Compact et mince lorsqu\u2019il est pli\u00e9<\/p>\n<p>Installation rapide et facile, r\u00e9glable en cinq positions de hauteur, de 79 cm (31 pouces) \u00e0 un maximum de 99 cm (39 pouces).<\/p>\n<p>Housse avanc\u00e9e, facile \u00e0 remplacer, avec technologie DripShield\u2122<\/p>\n<p>Tr\u00e8s grand repose-fer \u00e0 vapeur r\u00e9tractable<\/p>\n<p>Crochet de suspension s\u00e9par\u00e9 inclus pour un rangement facile<\/p>\n<p>Sp\u00e9cifications<\/p>\n<p>Entretien et utilisation :<\/p>\n<p>Doublure : nettoyer uniquement avec un chiffon, ne pas laver en machine.<\/p>\n<p>Cadre : nettoyer avec un chiffon humide, ne pas utiliser de chiffons abrasifs ou de nettoyants chimiques agressifs.<\/p>\n<p>Attention : ne laissez pas le fer \u00e0 repasser chaud sans surveillance sur le repose-fer en silicone.<\/p>\n<p>Tenir les enfants \u00e0 l\u2019\u00e9cart de la planche \u00e0 repasser pendant son utilisation et la ranger en toute s\u00e9curit\u00e9 apr\u00e8s usage.<\/p>\n<p>Le cadre est garanti 3 ans contre les d\u00e9fauts de fabrication, tous les d\u00e9tails peuvent \u00eatre trouv\u00e9s sur notre page de garantie ici, toutes les autres pi\u00e8ces sont garanties 2 ans.<\/p>\n<p>Retrouvez la vid\u00e9o compl\u00e8te sur le remplacement de la housse ici<\/p>\n<p>Le livret d\u2019instructions complet est disponible ici<\/p>\n<p>Dimensions de la table :<\/p>\n<p>Dimensions de la table : H 135 x L 45 cm (53.1 x 17.8 pouces)<\/p>\n<p>En position ferm\u00e9e (pieds inclus) : H150 x L47 x P13 cm (H59 x L18.5 x P5.1 pouces)<\/p>\n<p>Poids: 8,4 kg<\/p>\n","protected":false},"excerpt":{"rendered":"<p>Compact et mince lorsqu\u2019il est pli\u00e9 Installation rapide et facile, r\u00e9glable en cinq positions de hauteur, de 79 cm (31 pouces) \u00e0 un maximum de 99 cm (39 pouces). Housse avanc\u00e9e, facile \u00e0 remplacer, avec technologie DripShield\u2122 Tr\u00e8s grand repose-fer \u00e0 vapeur r\u00e9tractable Crochet de suspension s\u00e9par\u00e9 inclus pour un rangement facile Sp\u00e9cifications Entretien et [&hellip;]<\/p>\n","protected":false},"featured_media":6284783,"template":"","meta":{"_acf_changed":false},"product_cat":[11990,11666,12031],"product_tag":[],"class_list":{"0":"post-64051","1":"product","2":"type-product","3":"status-publish","4":"has-post-thumbnail","6":"product_cat-ameublement-maison","7":"product_cat-arredamento-casa","8":"product_cat-planches-a-repasser","10":"first","11":"instock","12":"sale","13":"taxable","14":"shipping-taxable","15":"purchasable","16":"product-type-simple","swatches":"rey-swatches","show_selected":"","stretch_labels":"rey-swatches--stretch-labels"},"acf":[],"yoast_head":"<!-- This site is optimized with the Yoast SEO plugin v25.4 - https:\/\/yoast.com\/wordpress\/plugins\/seo\/ -->\n<title>JOSEPH JOSEPH Glide Max Plus Table \u00e0 repasser Bleu - dev6 Erresse<\/title>\n<meta name=\"description\" content=\"Compact et mince lorsqu\u2019il est pli\u00e9 Installation rapide et facile, r\u00e9glable en cinq positions de hauteur, de 79 cm (31 pouces) \u00e0 un maximum de 99 cm (39\" \/>\n<meta name=\"robots\" content=\"noindex, follow, max-snippet:-1, max-image-preview:large, max-video-preview:-1\" \/>\n<meta property=\"og:locale\" content=\"fr_FR\" \/>\n<meta property=\"og:type\" content=\"article\" \/>\n<meta property=\"og:title\" content=\"JOSEPH JOSEPH Glide Max Plus Table \u00e0 repasser Bleu - dev6 Erresse\" \/>\n<meta property=\"og:description\" content=\"Compact et mince lorsqu\u2019il est pli\u00e9 Installation rapide et facile, r\u00e9glable en cinq positions de hauteur, de 79 cm (31 pouces) \u00e0 un maximum de 99 cm (39\" \/>\n<meta property=\"og:url\" content=\"https:\/\/dev6.erresse-shop.it\/fr\/shop\/ameublement-maison\/planches-a-repasser\/joseph-joseph-glide-max-plus-table-a-repasser-bleu\/\" \/>\n<meta property=\"og:site_name\" content=\"dev6 Erresse\" \/>\n<meta property=\"og:image\" content=\"https:\/\/interpim.erresse-shop.it\/Import\/Prodotti\/joseph-joseph-glide-max-plus-asse-da-stiro-blu.png\" \/><meta property=\"og:image\" content=\"https:\/\/interpim.erresse-shop.it\/Import\/Prodotti\/joseph-joseph-glide-max-plus-asse-da-stiro-blu.png\" \/>\n\t<meta property=\"og:image:width\" content=\"1024\" \/>\n\t<meta property=\"og:image:height\" content=\"1024\" \/>\n\t<meta property=\"og:image:type\" content=\"image\/jpeg\" \/>\n<meta name=\"twitter:card\" content=\"summary_large_image\" \/>\n<meta name=\"twitter:image\" content=\"https:\/\/interpim.erresse-shop.it\/Import\/Prodotti\/joseph-joseph-glide-max-plus-asse-da-stiro-blu.png\" \/>\n<script type=\"application\/ld+json\" class=\"yoast-schema-graph\">{\"@context\":\"https:\/\/schema.org\",\"@graph\":[{\"@type\":\"WebPage\",\"@id\":\"https:\/\/dev6.erresse-shop.it\/fr\/shop\/ameublement-maison\/planches-a-repasser\/joseph-joseph-glide-max-plus-table-a-repasser-bleu\/\",\"url\":\"https:\/\/dev6.erresse-shop.it\/fr\/shop\/ameublement-maison\/planches-a-repasser\/joseph-joseph-glide-max-plus-table-a-repasser-bleu\/\",\"name\":\"JOSEPH JOSEPH Glide Max Plus Table \u00e0 repasser Bleu - dev6 Erresse\",\"isPartOf\":{\"@id\":\"https:\/\/dev6.erresse-shop.it\/#website\"},\"primaryImageOfPage\":{\"@id\":\"https:\/\/dev6.erresse-shop.it\/fr\/shop\/ameublement-maison\/planches-a-repasser\/joseph-joseph-glide-max-plus-table-a-repasser-bleu\/#primaryimage\"},\"image\":{\"@id\":\"https:\/\/dev6.erresse-shop.it\/fr\/shop\/ameublement-maison\/planches-a-repasser\/joseph-joseph-glide-max-plus-table-a-repasser-bleu\/#primaryimage\"},\"thumbnailUrl\":\"https:\/\/i3.wp.com\/interpim.erresse-shop.it\/Import\/Prodotti\/joseph-joseph-glide-max-plus-asse-da-stiro-blu.png?ssl=1\",\"datePublished\":\"2026-04-04T09:00:09+00:00\",\"description\":\"Compact et mince lorsqu\u2019il est pli\u00e9 Installation rapide et facile, r\u00e9glable en cinq positions de hauteur, de 79 cm (31 pouces) \u00e0 un maximum de 99 cm (39\",\"breadcrumb\":{\"@id\":\"https:\/\/dev6.erresse-shop.it\/fr\/shop\/ameublement-maison\/planches-a-repasser\/joseph-joseph-glide-max-plus-table-a-repasser-bleu\/#breadcrumb\"},\"inLanguage\":\"fr-FR\",\"potentialAction\":[{\"@type\":\"ReadAction\",\"target\":[\"https:\/\/dev6.erresse-shop.it\/fr\/shop\/ameublement-maison\/planches-a-repasser\/joseph-joseph-glide-max-plus-table-a-repasser-bleu\/\"]}]},{\"@type\":\"ImageObject\",\"inLanguage\":\"fr-FR\",\"@id\":\"https:\/\/dev6.erresse-shop.it\/fr\/shop\/ameublement-maison\/planches-a-repasser\/joseph-joseph-glide-max-plus-table-a-repasser-bleu\/#primaryimage\",\"url\":\"https:\/\/i3.wp.com\/interpim.erresse-shop.it\/Import\/Prodotti\/joseph-joseph-glide-max-plus-asse-da-stiro-blu.png?ssl=1\",\"contentUrl\":\"https:\/\/i3.wp.com\/interpim.erresse-shop.it\/Import\/Prodotti\/joseph-joseph-glide-max-plus-asse-da-stiro-blu.png?ssl=1\"},{\"@type\":\"BreadcrumbList\",\"@id\":\"https:\/\/dev6.erresse-shop.it\/fr\/shop\/ameublement-maison\/planches-a-repasser\/joseph-joseph-glide-max-plus-table-a-repasser-bleu\/#breadcrumb\",\"itemListElement\":[{\"@type\":\"ListItem\",\"position\":1,\"name\":\"Home\",\"item\":\"https:\/\/dev6.erresse-shop.it\/\"},{\"@type\":\"ListItem\",\"position\":2,\"name\":\"Boutique\",\"item\":\"https:\/\/dev6.erresse-shop.it\/shop\/\"},{\"@type\":\"ListItem\",\"position\":3,\"name\":\"JOSEPH JOSEPH Glide Max Plus Table \u00e0 repasser Bleu\"}]},{\"@type\":\"WebSite\",\"@id\":\"https:\/\/dev6.erresse-shop.it\/#website\",\"url\":\"https:\/\/dev6.erresse-shop.it\/\",\"name\":\"Erresse Shop\",\"description\":\"\",\"publisher\":{\"@id\":\"https:\/\/dev6.erresse-shop.it\/#organization\"},\"potentialAction\":[{\"@type\":\"SearchAction\",\"target\":{\"@type\":\"EntryPoint\",\"urlTemplate\":\"https:\/\/dev6.erresse-shop.it\/?s={search_term_string}\"},\"query-input\":{\"@type\":\"PropertyValueSpecification\",\"valueRequired\":true,\"valueName\":\"search_term_string\"}}],\"inLanguage\":\"fr-FR\"},{\"@type\":\"Organization\",\"@id\":\"https:\/\/dev6.erresse-shop.it\/#organization\",\"name\":\"Erresse Shop\",\"url\":\"https:\/\/dev6.erresse-shop.it\/\",\"logo\":{\"@type\":\"ImageObject\",\"inLanguage\":\"fr-FR\",\"@id\":\"https:\/\/dev6.erresse-shop.it\/#\/schema\/logo\/image\/\",\"url\":\"https:\/\/dev6.erresse-shop.it\/wp-content\/uploads\/2025\/01\/LOGO-ERRESSE-CLASSICO.svg\",\"contentUrl\":\"https:\/\/dev6.erresse-shop.it\/wp-content\/uploads\/2025\/01\/LOGO-ERRESSE-CLASSICO.svg\",\"caption\":\"Erresse Shop\"},\"image\":{\"@id\":\"https:\/\/dev6.erresse-shop.it\/#\/schema\/logo\/image\/\"}}]}<\/script>\n<!-- \/ Yoast SEO plugin. -->","yoast_head_json":{"title":"JOSEPH JOSEPH Glide Max Plus Table \u00e0 repasser Bleu - dev6 Erresse","description":"Compact et mince lorsqu\u2019il est pli\u00e9 Installation rapide et facile, r\u00e9glable en cinq positions de hauteur, de 79 cm (31 pouces) \u00e0 un maximum de 99 cm (39","robots":{"index":"noindex","follow":"follow","max-snippet":"max-snippet:-1","max-image-preview":"max-image-preview:large","max-video-preview":"max-video-preview:-1"},"og_locale":"fr_FR","og_type":"article","og_title":"JOSEPH JOSEPH Glide Max Plus Table \u00e0 repasser Bleu - dev6 Erresse","og_description":"Compact et mince lorsqu\u2019il est pli\u00e9 Installation rapide et facile, r\u00e9glable en cinq positions de hauteur, de 79 cm (31 pouces) \u00e0 un maximum de 99 cm (39","og_url":"https:\/\/dev6.erresse-shop.it\/fr\/shop\/ameublement-maison\/planches-a-repasser\/joseph-joseph-glide-max-plus-table-a-repasser-bleu\/","og_site_name":"dev6 Erresse","og_image":[{"url":"https:\/\/interpim.erresse-shop.it\/Import\/Prodotti\/joseph-joseph-glide-max-plus-asse-da-stiro-blu.png","type":"","width":"","height":""},{"url":"https:\/\/interpim.erresse-shop.it\/Import\/Prodotti\/joseph-joseph-glide-max-plus-asse-da-stiro-blu.png","width":1024,"height":1024,"type":"image\/jpeg"}],"twitter_card":"summary_large_image","twitter_image":"https:\/\/interpim.erresse-shop.it\/Import\/Prodotti\/joseph-joseph-glide-max-plus-asse-da-stiro-blu.png","schema":{"@context":"https:\/\/schema.org","@graph":[{"@type":"WebPage","@id":"https:\/\/dev6.erresse-shop.it\/fr\/shop\/ameublement-maison\/planches-a-repasser\/joseph-joseph-glide-max-plus-table-a-repasser-bleu\/","url":"https:\/\/dev6.erresse-shop.it\/fr\/shop\/ameublement-maison\/planches-a-repasser\/joseph-joseph-glide-max-plus-table-a-repasser-bleu\/","name":"JOSEPH JOSEPH Glide Max Plus Table \u00e0 repasser Bleu - dev6 Erresse","isPartOf":{"@id":"https:\/\/dev6.erresse-shop.it\/#website"},"primaryImageOfPage":{"@id":"https:\/\/dev6.erresse-shop.it\/fr\/shop\/ameublement-maison\/planches-a-repasser\/joseph-joseph-glide-max-plus-table-a-repasser-bleu\/#primaryimage"},"image":{"@id":"https:\/\/dev6.erresse-shop.it\/fr\/shop\/ameublement-maison\/planches-a-repasser\/joseph-joseph-glide-max-plus-table-a-repasser-bleu\/#primaryimage"},"thumbnailUrl":"https:\/\/i3.wp.com\/interpim.erresse-shop.it\/Import\/Prodotti\/joseph-joseph-glide-max-plus-asse-da-stiro-blu.png?ssl=1","datePublished":"2026-04-04T09:00:09+00:00","description":"Compact et mince lorsqu\u2019il est pli\u00e9 Installation rapide et facile, r\u00e9glable en cinq positions de hauteur, de 79 cm (31 pouces) \u00e0 un maximum de 99 cm (39","breadcrumb":{"@id":"https:\/\/dev6.erresse-shop.it\/fr\/shop\/ameublement-maison\/planches-a-repasser\/joseph-joseph-glide-max-plus-table-a-repasser-bleu\/#breadcrumb"},"inLanguage":"fr-FR","potentialAction":[{"@type":"ReadAction","target":["https:\/\/dev6.erresse-shop.it\/fr\/shop\/ameublement-maison\/planches-a-repasser\/joseph-joseph-glide-max-plus-table-a-repasser-bleu\/"]}]},{"@type":"ImageObject","inLanguage":"fr-FR","@id":"https:\/\/dev6.erresse-shop.it\/fr\/shop\/ameublement-maison\/planches-a-repasser\/joseph-joseph-glide-max-plus-table-a-repasser-bleu\/#primaryimage","url":"https:\/\/i3.wp.com\/interpim.erresse-shop.it\/Import\/Prodotti\/joseph-joseph-glide-max-plus-asse-da-stiro-blu.png?ssl=1","contentUrl":"https:\/\/i3.wp.com\/interpim.erresse-shop.it\/Import\/Prodotti\/joseph-joseph-glide-max-plus-asse-da-stiro-blu.png?ssl=1"},{"@type":"BreadcrumbList","@id":"https:\/\/dev6.erresse-shop.it\/fr\/shop\/ameublement-maison\/planches-a-repasser\/joseph-joseph-glide-max-plus-table-a-repasser-bleu\/#breadcrumb","itemListElement":[{"@type":"ListItem","position":1,"name":"Home","item":"https:\/\/dev6.erresse-shop.it\/"},{"@type":"ListItem","position":2,"name":"Boutique","item":"https:\/\/dev6.erresse-shop.it\/shop\/"},{"@type":"ListItem","position":3,"name":"JOSEPH JOSEPH Glide Max Plus Table \u00e0 repasser Bleu"}]},{"@type":"WebSite","@id":"https:\/\/dev6.erresse-shop.it\/#website","url":"https:\/\/dev6.erresse-shop.it\/","name":"Erresse Shop","description":"","publisher":{"@id":"https:\/\/dev6.erresse-shop.it\/#organization"},"potentialAction":[{"@type":"SearchAction","target":{"@type":"EntryPoint","urlTemplate":"https:\/\/dev6.erresse-shop.it\/?s={search_term_string}"},"query-input":{"@type":"PropertyValueSpecification","valueRequired":true,"valueName":"search_term_string"}}],"inLanguage":"fr-FR"},{"@type":"Organization","@id":"https:\/\/dev6.erresse-shop.it\/#organization","name":"Erresse Shop","url":"https:\/\/dev6.erresse-shop.it\/","logo":{"@type":"ImageObject","inLanguage":"fr-FR","@id":"https:\/\/dev6.erresse-shop.it\/#\/schema\/logo\/image\/","url":"https:\/\/dev6.erresse-shop.it\/wp-content\/uploads\/2025\/01\/LOGO-ERRESSE-CLASSICO.svg","contentUrl":"https:\/\/dev6.erresse-shop.it\/wp-content\/uploads\/2025\/01\/LOGO-ERRESSE-CLASSICO.svg","caption":"Erresse Shop"},"image":{"@id":"https:\/\/dev6.erresse-shop.it\/#\/schema\/logo\/image\/"}}]}},"df_price":169.95,"df_sale_price":169.95,"df_regular_price":209.99,"df_image_link":"https:\/\/i3.wp.com\/interpim.erresse-shop.it\/Import\/Prodotti\/joseph-joseph-glide-max-plus-asse-da-stiro-blu.png?resize=300,300&ssl=1","fifu_image_url":"https:\/\/interpim.erresse-shop.it\/Import\/Prodotti\/joseph-joseph-glide-max-plus-asse-da-stiro-blu.png","_links":{"self":[{"href":"https:\/\/dev6.erresse-shop.it\/fr\/wp-json\/wp\/v2\/product\/64051","targetHints":{"allow":["GET"]}}],"collection":[{"href":"https:\/\/dev6.erresse-shop.it\/fr\/wp-json\/wp\/v2\/product"}],"about":[{"href":"https:\/\/dev6.erresse-shop.it\/fr\/wp-json\/wp\/v2\/types\/product"}],"wp:featuredmedia":[{"embeddable":true,"href":"https:\/\/dev6.erresse-shop.it\/fr\/wp-json\/wp\/v2\/media\/6284783"}],"wp:attachment":[{"href":"https:\/\/dev6.erresse-shop.it\/fr\/wp-json\/wp\/v2\/media?parent=64051"}],"wp:term":[{"taxonomy":"product_cat","embeddable":true,"href":"https:\/\/dev6.erresse-shop.it\/fr\/wp-json\/wp\/v2\/product_cat?post=64051"},{"taxonomy":"product_tag","embeddable":true,"href":"https:\/\/dev6.erresse-shop.it\/fr\/wp-json\/wp\/v2\/product_tag?post=64051"}],"curies":[{"name":"wp","href":"https:\/\/api.w.org\/{rel}","templated":true}]}}