{"id":64046,"date":"2026-04-12T11:00:48","date_gmt":"2026-04-12T09:00:48","guid":{"rendered":"https:\/\/dev6.erresse-shop.it\/shop\/non%20class\u00e9\/joseph-joseph-folio-jeu-de-4-planches-a-decouper-avec-etui-en-acier-3\/"},"modified":"2025-09-14T05:30:40","modified_gmt":"2025-09-14T03:30:40","slug":"joseph-joseph-folio-jeu-de-4-planches-a-decouper-avec-etui-en-acier-2","status":"publish","type":"product","link":"https:\/\/dev6.erresse-shop.it\/fr\/shop\/cuisine\/planches-a-decouper\/joseph-joseph-folio-jeu-de-4-planches-a-decouper-avec-etui-en-acier-2\/","title":{"rendered":"JOSEPH JOSEPH Folio\u2122 Jeu de 4 planches \u00e0 d\u00e9couper avec \u00e9tui en acier"},"content":{"rendered":"<p>Tout bon repas commence par une planche \u00e0 d\u00e9couper, c\u2019est pourquoi nous avons con\u00e7u Folio\u2122 pour rendre le processus de pr\u00e9paration des aliments plus efficace et plus agr\u00e9able. Notre ensemble de planches \u00e0 d\u00e9couper comprend quatre planches \u00e0 d\u00e9couper \u00e0 code couleur avec des surfaces textur\u00e9es adapt\u00e9es aux couteaux et des pieds antid\u00e9rapants pour trancher, hacher et d\u00e9couper en toute s\u00e9curit\u00e9. Des barres en acier inoxydable permettent de s\u00e9lectionner facilement la planche \u00e0 d\u00e9couper souhait\u00e9e dans la mallette \u00e9troite.<\/p>\n<p>Mallette fine pour un rangement organis\u00e9<br \/>\nConception \u00e0 plusieurs niveaux et barres en acier inoxydable sur les planches pour une s\u00e9lection facile<br \/>\nPlanches \u00e0 d\u00e9couper double face avec surfaces de coupe textur\u00e9es, adapt\u00e9es aux couteaux, et pieds antid\u00e9rapants<br \/>\nLe support permet de s\u00e9parer les planches les unes des autres pour favoriser la circulation de l\u2019air.<\/p>\n<p>Entretien et utilisation<\/p>\n<p>Planches \u00e0 d\u00e9couper : lavable au lave-vaisselle<br \/>\nBo\u00eetier : nettoyer avec un chiffon doux et humide.<br \/>\nLa surface des planches, qui se pr\u00eate au couteau, est con\u00e7ue pour se marquer l\u00e9g\u00e8rement pendant l\u2019utilisation.<\/p>\n<p>Dimensions :<\/p>\n<p>H22 x L31.8 x P7.5 cm (H8\u00be x L12\u00bd x D3 pouces)<\/p>\n<p>Poids :<\/p>\n<p>1,8 kg<\/p>\n","protected":false},"excerpt":{"rendered":"<p>Tout bon repas commence par une planche \u00e0 d\u00e9couper, c\u2019est pourquoi nous avons con\u00e7u Folio\u2122 pour rendre le processus de pr\u00e9paration des aliments plus efficace et plus agr\u00e9able. Notre ensemble de planches \u00e0 d\u00e9couper comprend quatre planches \u00e0 d\u00e9couper \u00e0 code couleur avec des surfaces textur\u00e9es adapt\u00e9es aux couteaux et des pieds antid\u00e9rapants pour trancher, [&hellip;]<\/p>\n","protected":false},"featured_media":6368030,"template":"","meta":{"_acf_changed":false},"product_cat":[11668,11992,12042],"product_tag":[],"class_list":{"0":"post-64046","1":"product","2":"type-product","3":"status-publish","4":"has-post-thumbnail","6":"product_cat-cucina","7":"product_cat-cuisine","8":"product_cat-planches-a-decouper","10":"first","11":"instock","12":"sale","13":"taxable","14":"shipping-taxable","15":"purchasable","16":"product-type-simple","swatches":"rey-swatches","show_selected":"","stretch_labels":"rey-swatches--stretch-labels"},"acf":[],"yoast_head":"<!-- This site is optimized with the Yoast SEO plugin v25.4 - https:\/\/yoast.com\/wordpress\/plugins\/seo\/ -->\n<title>JOSEPH JOSEPH Folio\u2122 Jeu de 4 planches \u00e0 d\u00e9couper avec \u00e9tui en acier - dev6 Erresse<\/title>\n<meta name=\"description\" content=\"Tout bon repas commence par une planche \u00e0 d\u00e9couper, c\u2019est pourquoi nous avons con\u00e7u Folio\u2122 pour rendre le processus de pr\u00e9paration des aliments plus\" \/>\n<meta name=\"robots\" content=\"noindex, follow, max-snippet:-1, max-image-preview:large, max-video-preview:-1\" \/>\n<meta property=\"og:locale\" content=\"fr_FR\" \/>\n<meta property=\"og:type\" content=\"article\" \/>\n<meta property=\"og:title\" content=\"JOSEPH JOSEPH Folio\u2122 Jeu de 4 planches \u00e0 d\u00e9couper avec \u00e9tui en acier - dev6 Erresse\" \/>\n<meta property=\"og:description\" content=\"Tout bon repas commence par une planche \u00e0 d\u00e9couper, c\u2019est pourquoi nous avons con\u00e7u Folio\u2122 pour rendre le processus de pr\u00e9paration des aliments plus\" \/>\n<meta property=\"og:url\" content=\"https:\/\/dev6.erresse-shop.it\/fr\/shop\/cuisine\/planches-a-decouper\/joseph-joseph-folio-jeu-de-4-planches-a-decouper-avec-etui-en-acier-2\/\" \/>\n<meta property=\"og:site_name\" content=\"dev6 Erresse\" \/>\n<meta property=\"og:image\" content=\"https:\/\/interpim.erresse-shop.it\/wp-content\/uploads\/2024\/05\/JOSEPH-JOSEPH-Folio\u2122-Set-di-4-Taglieri-Grandi-con-Custodia-in-Acciaio-Grigio.png\/joseph-joseph-folio-e2-84-a2-set-di-4-taglieri-grandi-con-custodia-in-acciaio-grigio.png\" \/><meta property=\"og:image\" content=\"https:\/\/interpim.erresse-shop.it\/wp-content\/uploads\/2024\/05\/JOSEPH-JOSEPH-Folio\u2122-Set-di-4-Taglieri-Grandi-con-Custodia-in-Acciaio-Grigio.png\/joseph-joseph-folio-e2-84-a2-set-di-4-taglieri-grandi-con-custodia-in-acciaio-grigio.png\" \/>\n\t<meta property=\"og:image:width\" content=\"1024\" \/>\n\t<meta property=\"og:image:height\" content=\"1024\" \/>\n\t<meta property=\"og:image:type\" content=\"image\/jpeg\" \/>\n<meta name=\"twitter:card\" content=\"summary_large_image\" \/>\n<meta name=\"twitter:image\" content=\"https:\/\/interpim.erresse-shop.it\/wp-content\/uploads\/2024\/05\/JOSEPH-JOSEPH-Folio\u2122-Set-di-4-Taglieri-Grandi-con-Custodia-in-Acciaio-Grigio.png\/joseph-joseph-folio-e2-84-a2-set-di-4-taglieri-grandi-con-custodia-in-acciaio-grigio.png\" \/>\n<script type=\"application\/ld+json\" class=\"yoast-schema-graph\">{\"@context\":\"https:\/\/schema.org\",\"@graph\":[{\"@type\":\"WebPage\",\"@id\":\"https:\/\/dev6.erresse-shop.it\/fr\/shop\/cuisine\/planches-a-decouper\/joseph-joseph-folio-jeu-de-4-planches-a-decouper-avec-etui-en-acier-2\/\",\"url\":\"https:\/\/dev6.erresse-shop.it\/fr\/shop\/cuisine\/planches-a-decouper\/joseph-joseph-folio-jeu-de-4-planches-a-decouper-avec-etui-en-acier-2\/\",\"name\":\"JOSEPH JOSEPH Folio\u2122 Jeu de 4 planches \u00e0 d\u00e9couper avec \u00e9tui en acier - dev6 Erresse\",\"isPartOf\":{\"@id\":\"https:\/\/dev6.erresse-shop.it\/#website\"},\"primaryImageOfPage\":{\"@id\":\"https:\/\/dev6.erresse-shop.it\/fr\/shop\/cuisine\/planches-a-decouper\/joseph-joseph-folio-jeu-de-4-planches-a-decouper-avec-etui-en-acier-2\/#primaryimage\"},\"image\":{\"@id\":\"https:\/\/dev6.erresse-shop.it\/fr\/shop\/cuisine\/planches-a-decouper\/joseph-joseph-folio-jeu-de-4-planches-a-decouper-avec-etui-en-acier-2\/#primaryimage\"},\"thumbnailUrl\":\"https:\/\/i3.wp.com\/interpim.erresse-shop.it\/wp-content\/uploads\/2024\/05\/JOSEPH-JOSEPH-Folio\u2122-Set-di-4-Taglieri-Grandi-con-Custodia-in-Acciaio-Grigio.png\/joseph-joseph-folio-e2-84-a2-set-di-4-taglieri-grandi-con-custodia-in-acciaio-grigio.png?ssl=1\",\"datePublished\":\"2026-04-12T09:00:48+00:00\",\"description\":\"Tout bon repas commence par une planche \u00e0 d\u00e9couper, c\u2019est pourquoi nous avons con\u00e7u Folio\u2122 pour rendre le processus de pr\u00e9paration des aliments plus\",\"breadcrumb\":{\"@id\":\"https:\/\/dev6.erresse-shop.it\/fr\/shop\/cuisine\/planches-a-decouper\/joseph-joseph-folio-jeu-de-4-planches-a-decouper-avec-etui-en-acier-2\/#breadcrumb\"},\"inLanguage\":\"fr-FR\",\"potentialAction\":[{\"@type\":\"ReadAction\",\"target\":[\"https:\/\/dev6.erresse-shop.it\/fr\/shop\/cuisine\/planches-a-decouper\/joseph-joseph-folio-jeu-de-4-planches-a-decouper-avec-etui-en-acier-2\/\"]}]},{\"@type\":\"ImageObject\",\"inLanguage\":\"fr-FR\",\"@id\":\"https:\/\/dev6.erresse-shop.it\/fr\/shop\/cuisine\/planches-a-decouper\/joseph-joseph-folio-jeu-de-4-planches-a-decouper-avec-etui-en-acier-2\/#primaryimage\",\"url\":\"https:\/\/i3.wp.com\/interpim.erresse-shop.it\/wp-content\/uploads\/2024\/05\/JOSEPH-JOSEPH-Folio\u2122-Set-di-4-Taglieri-Grandi-con-Custodia-in-Acciaio-Grigio.png\/joseph-joseph-folio-e2-84-a2-set-di-4-taglieri-grandi-con-custodia-in-acciaio-grigio.png?ssl=1\",\"contentUrl\":\"https:\/\/i3.wp.com\/interpim.erresse-shop.it\/wp-content\/uploads\/2024\/05\/JOSEPH-JOSEPH-Folio\u2122-Set-di-4-Taglieri-Grandi-con-Custodia-in-Acciaio-Grigio.png\/joseph-joseph-folio-e2-84-a2-set-di-4-taglieri-grandi-con-custodia-in-acciaio-grigio.png?ssl=1\"},{\"@type\":\"BreadcrumbList\",\"@id\":\"https:\/\/dev6.erresse-shop.it\/fr\/shop\/cuisine\/planches-a-decouper\/joseph-joseph-folio-jeu-de-4-planches-a-decouper-avec-etui-en-acier-2\/#breadcrumb\",\"itemListElement\":[{\"@type\":\"ListItem\",\"position\":1,\"name\":\"Home\",\"item\":\"https:\/\/dev6.erresse-shop.it\/\"},{\"@type\":\"ListItem\",\"position\":2,\"name\":\"Boutique\",\"item\":\"https:\/\/dev6.erresse-shop.it\/shop\/\"},{\"@type\":\"ListItem\",\"position\":3,\"name\":\"JOSEPH JOSEPH Folio\u2122 Jeu de 4 planches \u00e0 d\u00e9couper avec \u00e9tui en acier\"}]},{\"@type\":\"WebSite\",\"@id\":\"https:\/\/dev6.erresse-shop.it\/#website\",\"url\":\"https:\/\/dev6.erresse-shop.it\/\",\"name\":\"Erresse Shop\",\"description\":\"\",\"publisher\":{\"@id\":\"https:\/\/dev6.erresse-shop.it\/#organization\"},\"potentialAction\":[{\"@type\":\"SearchAction\",\"target\":{\"@type\":\"EntryPoint\",\"urlTemplate\":\"https:\/\/dev6.erresse-shop.it\/?s={search_term_string}\"},\"query-input\":{\"@type\":\"PropertyValueSpecification\",\"valueRequired\":true,\"valueName\":\"search_term_string\"}}],\"inLanguage\":\"fr-FR\"},{\"@type\":\"Organization\",\"@id\":\"https:\/\/dev6.erresse-shop.it\/#organization\",\"name\":\"Erresse Shop\",\"url\":\"https:\/\/dev6.erresse-shop.it\/\",\"logo\":{\"@type\":\"ImageObject\",\"inLanguage\":\"fr-FR\",\"@id\":\"https:\/\/dev6.erresse-shop.it\/#\/schema\/logo\/image\/\",\"url\":\"https:\/\/dev6.erresse-shop.it\/wp-content\/uploads\/2025\/01\/LOGO-ERRESSE-CLASSICO.svg\",\"contentUrl\":\"https:\/\/dev6.erresse-shop.it\/wp-content\/uploads\/2025\/01\/LOGO-ERRESSE-CLASSICO.svg\",\"caption\":\"Erresse Shop\"},\"image\":{\"@id\":\"https:\/\/dev6.erresse-shop.it\/#\/schema\/logo\/image\/\"}}]}<\/script>\n<!-- \/ Yoast SEO plugin. -->","yoast_head_json":{"title":"JOSEPH JOSEPH Folio\u2122 Jeu de 4 planches \u00e0 d\u00e9couper avec \u00e9tui en acier - dev6 Erresse","description":"Tout bon repas commence par une planche \u00e0 d\u00e9couper, c\u2019est pourquoi nous avons con\u00e7u Folio\u2122 pour rendre le processus de pr\u00e9paration des aliments plus","robots":{"index":"noindex","follow":"follow","max-snippet":"max-snippet:-1","max-image-preview":"max-image-preview:large","max-video-preview":"max-video-preview:-1"},"og_locale":"fr_FR","og_type":"article","og_title":"JOSEPH JOSEPH Folio\u2122 Jeu de 4 planches \u00e0 d\u00e9couper avec \u00e9tui en acier - dev6 Erresse","og_description":"Tout bon repas commence par une planche \u00e0 d\u00e9couper, c\u2019est pourquoi nous avons con\u00e7u Folio\u2122 pour rendre le processus de pr\u00e9paration des aliments plus","og_url":"https:\/\/dev6.erresse-shop.it\/fr\/shop\/cuisine\/planches-a-decouper\/joseph-joseph-folio-jeu-de-4-planches-a-decouper-avec-etui-en-acier-2\/","og_site_name":"dev6 Erresse","og_image":[{"url":"https:\/\/interpim.erresse-shop.it\/wp-content\/uploads\/2024\/05\/JOSEPH-JOSEPH-Folio\u2122-Set-di-4-Taglieri-Grandi-con-Custodia-in-Acciaio-Grigio.png\/joseph-joseph-folio-e2-84-a2-set-di-4-taglieri-grandi-con-custodia-in-acciaio-grigio.png","type":"","width":"","height":""},{"url":"https:\/\/interpim.erresse-shop.it\/wp-content\/uploads\/2024\/05\/JOSEPH-JOSEPH-Folio\u2122-Set-di-4-Taglieri-Grandi-con-Custodia-in-Acciaio-Grigio.png\/joseph-joseph-folio-e2-84-a2-set-di-4-taglieri-grandi-con-custodia-in-acciaio-grigio.png","width":1024,"height":1024,"type":"image\/jpeg"}],"twitter_card":"summary_large_image","twitter_image":"https:\/\/interpim.erresse-shop.it\/wp-content\/uploads\/2024\/05\/JOSEPH-JOSEPH-Folio\u2122-Set-di-4-Taglieri-Grandi-con-Custodia-in-Acciaio-Grigio.png\/joseph-joseph-folio-e2-84-a2-set-di-4-taglieri-grandi-con-custodia-in-acciaio-grigio.png","schema":{"@context":"https:\/\/schema.org","@graph":[{"@type":"WebPage","@id":"https:\/\/dev6.erresse-shop.it\/fr\/shop\/cuisine\/planches-a-decouper\/joseph-joseph-folio-jeu-de-4-planches-a-decouper-avec-etui-en-acier-2\/","url":"https:\/\/dev6.erresse-shop.it\/fr\/shop\/cuisine\/planches-a-decouper\/joseph-joseph-folio-jeu-de-4-planches-a-decouper-avec-etui-en-acier-2\/","name":"JOSEPH JOSEPH Folio\u2122 Jeu de 4 planches \u00e0 d\u00e9couper avec \u00e9tui en acier - dev6 Erresse","isPartOf":{"@id":"https:\/\/dev6.erresse-shop.it\/#website"},"primaryImageOfPage":{"@id":"https:\/\/dev6.erresse-shop.it\/fr\/shop\/cuisine\/planches-a-decouper\/joseph-joseph-folio-jeu-de-4-planches-a-decouper-avec-etui-en-acier-2\/#primaryimage"},"image":{"@id":"https:\/\/dev6.erresse-shop.it\/fr\/shop\/cuisine\/planches-a-decouper\/joseph-joseph-folio-jeu-de-4-planches-a-decouper-avec-etui-en-acier-2\/#primaryimage"},"thumbnailUrl":"https:\/\/i3.wp.com\/interpim.erresse-shop.it\/wp-content\/uploads\/2024\/05\/JOSEPH-JOSEPH-Folio\u2122-Set-di-4-Taglieri-Grandi-con-Custodia-in-Acciaio-Grigio.png\/joseph-joseph-folio-e2-84-a2-set-di-4-taglieri-grandi-con-custodia-in-acciaio-grigio.png?ssl=1","datePublished":"2026-04-12T09:00:48+00:00","description":"Tout bon repas commence par une planche \u00e0 d\u00e9couper, c\u2019est pourquoi nous avons con\u00e7u Folio\u2122 pour rendre le processus de pr\u00e9paration des aliments plus","breadcrumb":{"@id":"https:\/\/dev6.erresse-shop.it\/fr\/shop\/cuisine\/planches-a-decouper\/joseph-joseph-folio-jeu-de-4-planches-a-decouper-avec-etui-en-acier-2\/#breadcrumb"},"inLanguage":"fr-FR","potentialAction":[{"@type":"ReadAction","target":["https:\/\/dev6.erresse-shop.it\/fr\/shop\/cuisine\/planches-a-decouper\/joseph-joseph-folio-jeu-de-4-planches-a-decouper-avec-etui-en-acier-2\/"]}]},{"@type":"ImageObject","inLanguage":"fr-FR","@id":"https:\/\/dev6.erresse-shop.it\/fr\/shop\/cuisine\/planches-a-decouper\/joseph-joseph-folio-jeu-de-4-planches-a-decouper-avec-etui-en-acier-2\/#primaryimage","url":"https:\/\/i3.wp.com\/interpim.erresse-shop.it\/wp-content\/uploads\/2024\/05\/JOSEPH-JOSEPH-Folio\u2122-Set-di-4-Taglieri-Grandi-con-Custodia-in-Acciaio-Grigio.png\/joseph-joseph-folio-e2-84-a2-set-di-4-taglieri-grandi-con-custodia-in-acciaio-grigio.png?ssl=1","contentUrl":"https:\/\/i3.wp.com\/interpim.erresse-shop.it\/wp-content\/uploads\/2024\/05\/JOSEPH-JOSEPH-Folio\u2122-Set-di-4-Taglieri-Grandi-con-Custodia-in-Acciaio-Grigio.png\/joseph-joseph-folio-e2-84-a2-set-di-4-taglieri-grandi-con-custodia-in-acciaio-grigio.png?ssl=1"},{"@type":"BreadcrumbList","@id":"https:\/\/dev6.erresse-shop.it\/fr\/shop\/cuisine\/planches-a-decouper\/joseph-joseph-folio-jeu-de-4-planches-a-decouper-avec-etui-en-acier-2\/#breadcrumb","itemListElement":[{"@type":"ListItem","position":1,"name":"Home","item":"https:\/\/dev6.erresse-shop.it\/"},{"@type":"ListItem","position":2,"name":"Boutique","item":"https:\/\/dev6.erresse-shop.it\/shop\/"},{"@type":"ListItem","position":3,"name":"JOSEPH JOSEPH Folio\u2122 Jeu de 4 planches \u00e0 d\u00e9couper avec \u00e9tui en acier"}]},{"@type":"WebSite","@id":"https:\/\/dev6.erresse-shop.it\/#website","url":"https:\/\/dev6.erresse-shop.it\/","name":"Erresse Shop","description":"","publisher":{"@id":"https:\/\/dev6.erresse-shop.it\/#organization"},"potentialAction":[{"@type":"SearchAction","target":{"@type":"EntryPoint","urlTemplate":"https:\/\/dev6.erresse-shop.it\/?s={search_term_string}"},"query-input":{"@type":"PropertyValueSpecification","valueRequired":true,"valueName":"search_term_string"}}],"inLanguage":"fr-FR"},{"@type":"Organization","@id":"https:\/\/dev6.erresse-shop.it\/#organization","name":"Erresse Shop","url":"https:\/\/dev6.erresse-shop.it\/","logo":{"@type":"ImageObject","inLanguage":"fr-FR","@id":"https:\/\/dev6.erresse-shop.it\/#\/schema\/logo\/image\/","url":"https:\/\/dev6.erresse-shop.it\/wp-content\/uploads\/2025\/01\/LOGO-ERRESSE-CLASSICO.svg","contentUrl":"https:\/\/dev6.erresse-shop.it\/wp-content\/uploads\/2025\/01\/LOGO-ERRESSE-CLASSICO.svg","caption":"Erresse Shop"},"image":{"@id":"https:\/\/dev6.erresse-shop.it\/#\/schema\/logo\/image\/"}}]}},"df_price":56.95,"df_sale_price":56.95,"df_regular_price":64.99,"df_image_link":"https:\/\/i3.wp.com\/interpim.erresse-shop.it\/wp-content\/uploads\/2024\/05\/JOSEPH-JOSEPH-Folio\u2122-Set-di-4-Taglieri-Grandi-con-Custodia-in-Acciaio-Grigio.png\/joseph-joseph-folio-e2-84-a2-set-di-4-taglieri-grandi-con-custodia-in-acciaio-grigio.png?resize=300,300&ssl=1","fifu_image_url":"https:\/\/interpim.erresse-shop.it\/wp-content\/uploads\/2024\/05\/JOSEPH-JOSEPH-Folio\u2122-Set-di-4-Taglieri-Grandi-con-Custodia-in-Acciaio-Grigio.png\/joseph-joseph-folio-e2-84-a2-set-di-4-taglieri-grandi-con-custodia-in-acciaio-grigio.png","_links":{"self":[{"href":"https:\/\/dev6.erresse-shop.it\/fr\/wp-json\/wp\/v2\/product\/64046","targetHints":{"allow":["GET"]}}],"collection":[{"href":"https:\/\/dev6.erresse-shop.it\/fr\/wp-json\/wp\/v2\/product"}],"about":[{"href":"https:\/\/dev6.erresse-shop.it\/fr\/wp-json\/wp\/v2\/types\/product"}],"wp:featuredmedia":[{"embeddable":true,"href":"https:\/\/dev6.erresse-shop.it\/fr\/wp-json\/wp\/v2\/media\/6368030"}],"wp:attachment":[{"href":"https:\/\/dev6.erresse-shop.it\/fr\/wp-json\/wp\/v2\/media?parent=64046"}],"wp:term":[{"taxonomy":"product_cat","embeddable":true,"href":"https:\/\/dev6.erresse-shop.it\/fr\/wp-json\/wp\/v2\/product_cat?post=64046"},{"taxonomy":"product_tag","embeddable":true,"href":"https:\/\/dev6.erresse-shop.it\/fr\/wp-json\/wp\/v2\/product_tag?post=64046"}],"curies":[{"name":"wp","href":"https:\/\/api.w.org\/{rel}","templated":true}]}}