{"id":64044,"date":"2026-04-04T10:58:08","date_gmt":"2026-04-04T08:58:08","guid":{"rendered":"https:\/\/dev6.erresse-shop.it\/shop\/non%20class\u00e9\/joseph-joseph-glide-compact-table-a-repasser-peche\/"},"modified":"2025-12-08T17:51:02","modified_gmt":"2025-12-08T16:51:02","slug":"joseph-joseph-glide-compact-table-a-repasser-peche","status":"publish","type":"product","link":"https:\/\/dev6.erresse-shop.it\/fr\/shop\/ameublement-maison\/planches-a-repasser\/joseph-joseph-glide-compact-table-a-repasser-peche\/","title":{"rendered":"JOSEPH JOSEPH Glide Compact Table \u00e0 Repasser P\u00eache"},"content":{"rendered":"<p>Cette planche \u00e0 repasser r\u00e9volutionnaire de taille normale est dot\u00e9e d\u2019un support unique qui la rend plus compacte que les autres planches \u00e0 repasser conventionnelles lorsqu\u2019elle est rang\u00e9e.<\/p>\n<p>Cette conception unique prend beaucoup moins de place que les autres planches \u00e0 repasser lorsqu\u2019elle est rang\u00e9e.<br \/>\nRapide et facile \u00e0 assembler, avec 7 positions de hauteur r\u00e9glables de 84 cm (33 pouces) \u00e0 99 cm (39 pouces).<br \/>\nUn crochet s\u00e9par\u00e9 est inclus pour faciliter le rangement de la planche ou pour la suspendre derri\u00e8re une porte.<br \/>\nLa housse facile \u00e0 changer comprend un anneau pour le c\u00e2ble et un repose-fer en silicone r\u00e9sistant \u00e0 la chaleur.<\/p>\n<p>Entretien et utilisation :<\/p>\n<p>Housse : nettoyer uniquement avec un chiffon, ne pas laver en machine<br \/>\nCadre : nettoyer avec un chiffon humide, ne pas utiliser de chiffons abrasifs ou de nettoyants chimiques agressifs.<br \/>\nAttention : ne pas laisser le fer \u00e0 repasser chaud sans surveillance sur le support en silicone.<br \/>\nTenir les enfants \u00e0 l\u2019\u00e9cart de la planche \u00e0 repasser pendant son utilisation et la ranger en toute s\u00e9curit\u00e9 apr\u00e8s usage.<br \/>\nLe cadre est garanti 3 ans contre les d\u00e9fauts de fabrication, toutes les autres pi\u00e8ces sont garanties 2 ans.<\/p>\n<p>Dimensions :<\/p>\n<p>Dimensions de l\u2019essieu : H 110 x L 33 cm (43.3 x 13 inches)<\/p>\n<p>Ferm\u00e9 (y compris les pieds) : H131 x L42 x P10 cm (H51.5 x L16.5 x P4 pouces)<\/p>\n<p>Poids : 6,4 kg<\/p>\n","protected":false},"excerpt":{"rendered":"<p>Cette planche \u00e0 repasser r\u00e9volutionnaire de taille normale est dot\u00e9e d\u2019un support unique qui la rend plus compacte que les autres planches \u00e0 repasser conventionnelles lorsqu\u2019elle est rang\u00e9e. Cette conception unique prend beaucoup moins de place que les autres planches \u00e0 repasser lorsqu\u2019elle est rang\u00e9e. Rapide et facile \u00e0 assembler, avec 7 positions de hauteur [&hellip;]<\/p>\n","protected":false},"featured_media":6284755,"template":"","meta":{"_acf_changed":false},"product_cat":[11990,11666,12031],"product_tag":[],"class_list":{"0":"post-64044","1":"product","2":"type-product","3":"status-publish","4":"has-post-thumbnail","6":"product_cat-ameublement-maison","7":"product_cat-arredamento-casa","8":"product_cat-planches-a-repasser","10":"first","11":"instock","12":"sale","13":"taxable","14":"shipping-taxable","15":"purchasable","16":"product-type-simple","swatches":"rey-swatches","show_selected":"","stretch_labels":"rey-swatches--stretch-labels"},"acf":[],"yoast_head":"<!-- This site is optimized with the Yoast SEO plugin v25.4 - https:\/\/yoast.com\/wordpress\/plugins\/seo\/ -->\n<title>JOSEPH JOSEPH Glide Compact Table \u00e0 Repasser P\u00eache - dev6 Erresse<\/title>\n<meta name=\"description\" content=\"Cette planche \u00e0 repasser r\u00e9volutionnaire de taille normale est dot\u00e9e d\u2019un support unique qui la rend plus compacte que les autres planches \u00e0 repasser\" \/>\n<meta name=\"robots\" content=\"noindex, follow, max-snippet:-1, max-image-preview:large, max-video-preview:-1\" \/>\n<meta property=\"og:locale\" content=\"fr_FR\" \/>\n<meta property=\"og:type\" content=\"article\" \/>\n<meta property=\"og:title\" content=\"JOSEPH JOSEPH Glide Compact Table \u00e0 Repasser P\u00eache - dev6 Erresse\" \/>\n<meta property=\"og:description\" content=\"Cette planche \u00e0 repasser r\u00e9volutionnaire de taille normale est dot\u00e9e d\u2019un support unique qui la rend plus compacte que les autres planches \u00e0 repasser\" \/>\n<meta property=\"og:url\" content=\"https:\/\/dev6.erresse-shop.it\/fr\/shop\/ameublement-maison\/planches-a-repasser\/joseph-joseph-glide-compact-table-a-repasser-peche\/\" \/>\n<meta property=\"og:site_name\" content=\"dev6 Erresse\" \/>\n<meta property=\"og:image\" content=\"https:\/\/interpim.erresse-shop.it\/wp-content\/uploads\/2024\/05\/JOSEPH-JOSEPH-Glide-Compact-Asse-da-Stiro-Pesca.jpg\/joseph-joseph-glide-compact-asse-da-stiro-pesca.jpg\" \/><meta property=\"og:image\" content=\"https:\/\/interpim.erresse-shop.it\/wp-content\/uploads\/2024\/05\/JOSEPH-JOSEPH-Glide-Compact-Asse-da-Stiro-Pesca.jpg\/joseph-joseph-glide-compact-asse-da-stiro-pesca.jpg\" \/>\n\t<meta property=\"og:image:width\" content=\"1024\" \/>\n\t<meta property=\"og:image:height\" content=\"1024\" \/>\n\t<meta property=\"og:image:type\" content=\"image\/jpeg\" \/>\n<meta name=\"twitter:card\" content=\"summary_large_image\" \/>\n<meta name=\"twitter:image\" content=\"https:\/\/interpim.erresse-shop.it\/wp-content\/uploads\/2024\/05\/JOSEPH-JOSEPH-Glide-Compact-Asse-da-Stiro-Pesca.jpg\/joseph-joseph-glide-compact-asse-da-stiro-pesca.jpg\" \/>\n<script type=\"application\/ld+json\" class=\"yoast-schema-graph\">{\"@context\":\"https:\/\/schema.org\",\"@graph\":[{\"@type\":\"WebPage\",\"@id\":\"https:\/\/dev6.erresse-shop.it\/fr\/shop\/ameublement-maison\/planches-a-repasser\/joseph-joseph-glide-compact-table-a-repasser-peche\/\",\"url\":\"https:\/\/dev6.erresse-shop.it\/fr\/shop\/ameublement-maison\/planches-a-repasser\/joseph-joseph-glide-compact-table-a-repasser-peche\/\",\"name\":\"JOSEPH JOSEPH Glide Compact Table \u00e0 Repasser P\u00eache - dev6 Erresse\",\"isPartOf\":{\"@id\":\"https:\/\/dev6.erresse-shop.it\/#website\"},\"primaryImageOfPage\":{\"@id\":\"https:\/\/dev6.erresse-shop.it\/fr\/shop\/ameublement-maison\/planches-a-repasser\/joseph-joseph-glide-compact-table-a-repasser-peche\/#primaryimage\"},\"image\":{\"@id\":\"https:\/\/dev6.erresse-shop.it\/fr\/shop\/ameublement-maison\/planches-a-repasser\/joseph-joseph-glide-compact-table-a-repasser-peche\/#primaryimage\"},\"thumbnailUrl\":\"https:\/\/i2.wp.com\/interpim.erresse-shop.it\/wp-content\/uploads\/2024\/05\/JOSEPH-JOSEPH-Glide-Compact-Asse-da-Stiro-Pesca.jpg\/joseph-joseph-glide-compact-asse-da-stiro-pesca.jpg?ssl=1\",\"datePublished\":\"2026-04-04T08:58:08+00:00\",\"description\":\"Cette planche \u00e0 repasser r\u00e9volutionnaire de taille normale est dot\u00e9e d\u2019un support unique qui la rend plus compacte que les autres planches \u00e0 repasser\",\"breadcrumb\":{\"@id\":\"https:\/\/dev6.erresse-shop.it\/fr\/shop\/ameublement-maison\/planches-a-repasser\/joseph-joseph-glide-compact-table-a-repasser-peche\/#breadcrumb\"},\"inLanguage\":\"fr-FR\",\"potentialAction\":[{\"@type\":\"ReadAction\",\"target\":[\"https:\/\/dev6.erresse-shop.it\/fr\/shop\/ameublement-maison\/planches-a-repasser\/joseph-joseph-glide-compact-table-a-repasser-peche\/\"]}]},{\"@type\":\"ImageObject\",\"inLanguage\":\"fr-FR\",\"@id\":\"https:\/\/dev6.erresse-shop.it\/fr\/shop\/ameublement-maison\/planches-a-repasser\/joseph-joseph-glide-compact-table-a-repasser-peche\/#primaryimage\",\"url\":\"https:\/\/i2.wp.com\/interpim.erresse-shop.it\/wp-content\/uploads\/2024\/05\/JOSEPH-JOSEPH-Glide-Compact-Asse-da-Stiro-Pesca.jpg\/joseph-joseph-glide-compact-asse-da-stiro-pesca.jpg?ssl=1\",\"contentUrl\":\"https:\/\/i2.wp.com\/interpim.erresse-shop.it\/wp-content\/uploads\/2024\/05\/JOSEPH-JOSEPH-Glide-Compact-Asse-da-Stiro-Pesca.jpg\/joseph-joseph-glide-compact-asse-da-stiro-pesca.jpg?ssl=1\"},{\"@type\":\"BreadcrumbList\",\"@id\":\"https:\/\/dev6.erresse-shop.it\/fr\/shop\/ameublement-maison\/planches-a-repasser\/joseph-joseph-glide-compact-table-a-repasser-peche\/#breadcrumb\",\"itemListElement\":[{\"@type\":\"ListItem\",\"position\":1,\"name\":\"Home\",\"item\":\"https:\/\/dev6.erresse-shop.it\/\"},{\"@type\":\"ListItem\",\"position\":2,\"name\":\"Boutique\",\"item\":\"https:\/\/dev6.erresse-shop.it\/shop\/\"},{\"@type\":\"ListItem\",\"position\":3,\"name\":\"JOSEPH JOSEPH Glide Compact Table \u00e0 Repasser P\u00eache\"}]},{\"@type\":\"WebSite\",\"@id\":\"https:\/\/dev6.erresse-shop.it\/#website\",\"url\":\"https:\/\/dev6.erresse-shop.it\/\",\"name\":\"Erresse Shop\",\"description\":\"\",\"publisher\":{\"@id\":\"https:\/\/dev6.erresse-shop.it\/#organization\"},\"potentialAction\":[{\"@type\":\"SearchAction\",\"target\":{\"@type\":\"EntryPoint\",\"urlTemplate\":\"https:\/\/dev6.erresse-shop.it\/?s={search_term_string}\"},\"query-input\":{\"@type\":\"PropertyValueSpecification\",\"valueRequired\":true,\"valueName\":\"search_term_string\"}}],\"inLanguage\":\"fr-FR\"},{\"@type\":\"Organization\",\"@id\":\"https:\/\/dev6.erresse-shop.it\/#organization\",\"name\":\"Erresse Shop\",\"url\":\"https:\/\/dev6.erresse-shop.it\/\",\"logo\":{\"@type\":\"ImageObject\",\"inLanguage\":\"fr-FR\",\"@id\":\"https:\/\/dev6.erresse-shop.it\/#\/schema\/logo\/image\/\",\"url\":\"https:\/\/dev6.erresse-shop.it\/wp-content\/uploads\/2025\/01\/LOGO-ERRESSE-CLASSICO.svg\",\"contentUrl\":\"https:\/\/dev6.erresse-shop.it\/wp-content\/uploads\/2025\/01\/LOGO-ERRESSE-CLASSICO.svg\",\"caption\":\"Erresse Shop\"},\"image\":{\"@id\":\"https:\/\/dev6.erresse-shop.it\/#\/schema\/logo\/image\/\"}}]}<\/script>\n<!-- \/ Yoast SEO plugin. -->","yoast_head_json":{"title":"JOSEPH JOSEPH Glide Compact Table \u00e0 Repasser P\u00eache - dev6 Erresse","description":"Cette planche \u00e0 repasser r\u00e9volutionnaire de taille normale est dot\u00e9e d\u2019un support unique qui la rend plus compacte que les autres planches \u00e0 repasser","robots":{"index":"noindex","follow":"follow","max-snippet":"max-snippet:-1","max-image-preview":"max-image-preview:large","max-video-preview":"max-video-preview:-1"},"og_locale":"fr_FR","og_type":"article","og_title":"JOSEPH JOSEPH Glide Compact Table \u00e0 Repasser P\u00eache - dev6 Erresse","og_description":"Cette planche \u00e0 repasser r\u00e9volutionnaire de taille normale est dot\u00e9e d\u2019un support unique qui la rend plus compacte que les autres planches \u00e0 repasser","og_url":"https:\/\/dev6.erresse-shop.it\/fr\/shop\/ameublement-maison\/planches-a-repasser\/joseph-joseph-glide-compact-table-a-repasser-peche\/","og_site_name":"dev6 Erresse","og_image":[{"url":"https:\/\/interpim.erresse-shop.it\/wp-content\/uploads\/2024\/05\/JOSEPH-JOSEPH-Glide-Compact-Asse-da-Stiro-Pesca.jpg\/joseph-joseph-glide-compact-asse-da-stiro-pesca.jpg","type":"","width":"","height":""},{"url":"https:\/\/interpim.erresse-shop.it\/wp-content\/uploads\/2024\/05\/JOSEPH-JOSEPH-Glide-Compact-Asse-da-Stiro-Pesca.jpg\/joseph-joseph-glide-compact-asse-da-stiro-pesca.jpg","width":1024,"height":1024,"type":"image\/jpeg"}],"twitter_card":"summary_large_image","twitter_image":"https:\/\/interpim.erresse-shop.it\/wp-content\/uploads\/2024\/05\/JOSEPH-JOSEPH-Glide-Compact-Asse-da-Stiro-Pesca.jpg\/joseph-joseph-glide-compact-asse-da-stiro-pesca.jpg","schema":{"@context":"https:\/\/schema.org","@graph":[{"@type":"WebPage","@id":"https:\/\/dev6.erresse-shop.it\/fr\/shop\/ameublement-maison\/planches-a-repasser\/joseph-joseph-glide-compact-table-a-repasser-peche\/","url":"https:\/\/dev6.erresse-shop.it\/fr\/shop\/ameublement-maison\/planches-a-repasser\/joseph-joseph-glide-compact-table-a-repasser-peche\/","name":"JOSEPH JOSEPH Glide Compact Table \u00e0 Repasser P\u00eache - dev6 Erresse","isPartOf":{"@id":"https:\/\/dev6.erresse-shop.it\/#website"},"primaryImageOfPage":{"@id":"https:\/\/dev6.erresse-shop.it\/fr\/shop\/ameublement-maison\/planches-a-repasser\/joseph-joseph-glide-compact-table-a-repasser-peche\/#primaryimage"},"image":{"@id":"https:\/\/dev6.erresse-shop.it\/fr\/shop\/ameublement-maison\/planches-a-repasser\/joseph-joseph-glide-compact-table-a-repasser-peche\/#primaryimage"},"thumbnailUrl":"https:\/\/i2.wp.com\/interpim.erresse-shop.it\/wp-content\/uploads\/2024\/05\/JOSEPH-JOSEPH-Glide-Compact-Asse-da-Stiro-Pesca.jpg\/joseph-joseph-glide-compact-asse-da-stiro-pesca.jpg?ssl=1","datePublished":"2026-04-04T08:58:08+00:00","description":"Cette planche \u00e0 repasser r\u00e9volutionnaire de taille normale est dot\u00e9e d\u2019un support unique qui la rend plus compacte que les autres planches \u00e0 repasser","breadcrumb":{"@id":"https:\/\/dev6.erresse-shop.it\/fr\/shop\/ameublement-maison\/planches-a-repasser\/joseph-joseph-glide-compact-table-a-repasser-peche\/#breadcrumb"},"inLanguage":"fr-FR","potentialAction":[{"@type":"ReadAction","target":["https:\/\/dev6.erresse-shop.it\/fr\/shop\/ameublement-maison\/planches-a-repasser\/joseph-joseph-glide-compact-table-a-repasser-peche\/"]}]},{"@type":"ImageObject","inLanguage":"fr-FR","@id":"https:\/\/dev6.erresse-shop.it\/fr\/shop\/ameublement-maison\/planches-a-repasser\/joseph-joseph-glide-compact-table-a-repasser-peche\/#primaryimage","url":"https:\/\/i2.wp.com\/interpim.erresse-shop.it\/wp-content\/uploads\/2024\/05\/JOSEPH-JOSEPH-Glide-Compact-Asse-da-Stiro-Pesca.jpg\/joseph-joseph-glide-compact-asse-da-stiro-pesca.jpg?ssl=1","contentUrl":"https:\/\/i2.wp.com\/interpim.erresse-shop.it\/wp-content\/uploads\/2024\/05\/JOSEPH-JOSEPH-Glide-Compact-Asse-da-Stiro-Pesca.jpg\/joseph-joseph-glide-compact-asse-da-stiro-pesca.jpg?ssl=1"},{"@type":"BreadcrumbList","@id":"https:\/\/dev6.erresse-shop.it\/fr\/shop\/ameublement-maison\/planches-a-repasser\/joseph-joseph-glide-compact-table-a-repasser-peche\/#breadcrumb","itemListElement":[{"@type":"ListItem","position":1,"name":"Home","item":"https:\/\/dev6.erresse-shop.it\/"},{"@type":"ListItem","position":2,"name":"Boutique","item":"https:\/\/dev6.erresse-shop.it\/shop\/"},{"@type":"ListItem","position":3,"name":"JOSEPH JOSEPH Glide Compact Table \u00e0 Repasser P\u00eache"}]},{"@type":"WebSite","@id":"https:\/\/dev6.erresse-shop.it\/#website","url":"https:\/\/dev6.erresse-shop.it\/","name":"Erresse Shop","description":"","publisher":{"@id":"https:\/\/dev6.erresse-shop.it\/#organization"},"potentialAction":[{"@type":"SearchAction","target":{"@type":"EntryPoint","urlTemplate":"https:\/\/dev6.erresse-shop.it\/?s={search_term_string}"},"query-input":{"@type":"PropertyValueSpecification","valueRequired":true,"valueName":"search_term_string"}}],"inLanguage":"fr-FR"},{"@type":"Organization","@id":"https:\/\/dev6.erresse-shop.it\/#organization","name":"Erresse Shop","url":"https:\/\/dev6.erresse-shop.it\/","logo":{"@type":"ImageObject","inLanguage":"fr-FR","@id":"https:\/\/dev6.erresse-shop.it\/#\/schema\/logo\/image\/","url":"https:\/\/dev6.erresse-shop.it\/wp-content\/uploads\/2025\/01\/LOGO-ERRESSE-CLASSICO.svg","contentUrl":"https:\/\/dev6.erresse-shop.it\/wp-content\/uploads\/2025\/01\/LOGO-ERRESSE-CLASSICO.svg","caption":"Erresse Shop"},"image":{"@id":"https:\/\/dev6.erresse-shop.it\/#\/schema\/logo\/image\/"}}]}},"df_price":97.95,"df_sale_price":97.95,"df_regular_price":109.99,"df_image_link":"https:\/\/i2.wp.com\/interpim.erresse-shop.it\/wp-content\/uploads\/2024\/05\/JOSEPH-JOSEPH-Glide-Compact-Asse-da-Stiro-Pesca.jpg\/joseph-joseph-glide-compact-asse-da-stiro-pesca.jpg?resize=300,300&ssl=1","fifu_image_url":"https:\/\/interpim.erresse-shop.it\/wp-content\/uploads\/2024\/05\/JOSEPH-JOSEPH-Glide-Compact-Asse-da-Stiro-Pesca.jpg\/joseph-joseph-glide-compact-asse-da-stiro-pesca.jpg","_links":{"self":[{"href":"https:\/\/dev6.erresse-shop.it\/fr\/wp-json\/wp\/v2\/product\/64044","targetHints":{"allow":["GET"]}}],"collection":[{"href":"https:\/\/dev6.erresse-shop.it\/fr\/wp-json\/wp\/v2\/product"}],"about":[{"href":"https:\/\/dev6.erresse-shop.it\/fr\/wp-json\/wp\/v2\/types\/product"}],"wp:featuredmedia":[{"embeddable":true,"href":"https:\/\/dev6.erresse-shop.it\/fr\/wp-json\/wp\/v2\/media\/6284755"}],"wp:attachment":[{"href":"https:\/\/dev6.erresse-shop.it\/fr\/wp-json\/wp\/v2\/media?parent=64044"}],"wp:term":[{"taxonomy":"product_cat","embeddable":true,"href":"https:\/\/dev6.erresse-shop.it\/fr\/wp-json\/wp\/v2\/product_cat?post=64044"},{"taxonomy":"product_tag","embeddable":true,"href":"https:\/\/dev6.erresse-shop.it\/fr\/wp-json\/wp\/v2\/product_tag?post=64044"}],"curies":[{"name":"wp","href":"https:\/\/api.w.org\/{rel}","templated":true}]}}