{"id":64042,"date":"2026-04-10T11:39:21","date_gmt":"2026-04-10T09:39:21","guid":{"rendered":"https:\/\/dev6.erresse-shop.it\/shop\/non%20class\u00e9\/joseph-joseph-glide-plus-table-a-repasser-ecru\/"},"modified":"2025-12-08T17:51:00","modified_gmt":"2025-12-08T16:51:00","slug":"joseph-joseph-glide-plus-table-a-repasser-ecru","status":"publish","type":"product","link":"https:\/\/dev6.erresse-shop.it\/fr\/shop\/ameublement-maison\/planches-a-repasser\/joseph-joseph-glide-plus-table-a-repasser-ecru\/","title":{"rendered":"JOSEPH  JOSEPH Glide Plus Table \u00e0 repasser Ecru"},"content":{"rendered":"<p>Cette planche \u00e0 repasser r\u00e9volutionnaire de taille normale est dot\u00e9e d\u2019un support unique qui la rend plus compacte une fois pli\u00e9e que les autres planches \u00e0 repasser conventionnelles.<\/p>\n<p>Compacte et fine lorsqu\u2019elle est pli\u00e9e<br \/>\nRapide et facile \u00e0 installer, elle est r\u00e9glable en sept positions de hauteur, de 84 cm (33 pouces) \u00e0 un maximum de 99 cm (39 pouces).<br \/>\nCouvercle avanc\u00e9, facile \u00e0 changer, avec technologie DripShield\u2122 et repose-fer en silicone r\u00e9sistant \u00e0 la chaleur.<br \/>\nCrochet de suspension s\u00e9par\u00e9 inclus pour un rangement facile.<br \/>\nCouvercle facilement interchangeable avec crochet de c\u00e2ble.<\/p>\n<p>Entretien et utilisation :<\/p>\n<p>Couvercle \u2013 nettoyer uniquement avec un chiffon, ne pas laver en machine.<\/p>\n<p>Cadre \u2013 nettoyer avec un chiffon humide, ne pas utiliser de chiffons abrasifs ou de nettoyants chimiques puissants.<br \/>\nAttention : Ne laissez pas le fer \u00e0 repasser chaud sans surveillance sur le repose-fer en silicone.<br \/>\nTenez les enfants \u00e9loign\u00e9s de la planche \u00e0 repasser lorsqu\u2019elle est utilis\u00e9e et rangez-la en toute s\u00e9curit\u00e9 apr\u00e8s usage.<br \/>\nLe cadre est garanti 5 ans contre les d\u00e9fauts de fabrication, toutes les autres pi\u00e8ces sont garanties 2 ans.<\/p>\n<p>Dimensions de la planche :<\/p>\n<p>Dimensions de la planche : H130 x W38cm (51\u00bc x 15 pouces)<\/p>\n<p>Dimensions du plateau : H130 x L38cm (51\u00bc x 15 pouces) : H136 x L38 x P8.5cm (H53\u00bd x L15 x D3\u00bd pouces)<\/p>\n<p>Poids : 6,4 kg<\/p>\n","protected":false},"excerpt":{"rendered":"<p>Cette planche \u00e0 repasser r\u00e9volutionnaire de taille normale est dot\u00e9e d\u2019un support unique qui la rend plus compacte une fois pli\u00e9e que les autres planches \u00e0 repasser conventionnelles. Compacte et fine lorsqu\u2019elle est pli\u00e9e Rapide et facile \u00e0 installer, elle est r\u00e9glable en sept positions de hauteur, de 84 cm (33 pouces) \u00e0 un maximum [&hellip;]<\/p>\n","protected":false},"featured_media":6326380,"template":"","meta":{"_acf_changed":false},"product_cat":[11990,11666,12031],"product_tag":[],"class_list":{"0":"post-64042","1":"product","2":"type-product","3":"status-publish","4":"has-post-thumbnail","6":"product_cat-ameublement-maison","7":"product_cat-arredamento-casa","8":"product_cat-planches-a-repasser","10":"first","11":"instock","12":"sale","13":"taxable","14":"shipping-taxable","15":"purchasable","16":"product-type-simple","swatches":"rey-swatches","show_selected":"","stretch_labels":"rey-swatches--stretch-labels"},"acf":[],"yoast_head":"<!-- This site is optimized with the Yoast SEO plugin v25.4 - https:\/\/yoast.com\/wordpress\/plugins\/seo\/ -->\n<title>JOSEPH JOSEPH Glide Plus Table \u00e0 repasser Ecru - dev6 Erresse<\/title>\n<meta name=\"description\" content=\"Cette planche \u00e0 repasser r\u00e9volutionnaire de taille normale est dot\u00e9e d\u2019un support unique qui la rend plus compacte une fois pli\u00e9e que les autres planches\" \/>\n<meta name=\"robots\" content=\"noindex, follow, max-snippet:-1, max-image-preview:large, max-video-preview:-1\" \/>\n<meta property=\"og:locale\" content=\"fr_FR\" \/>\n<meta property=\"og:type\" content=\"article\" \/>\n<meta property=\"og:title\" content=\"JOSEPH JOSEPH Glide Plus Table \u00e0 repasser Ecru - dev6 Erresse\" \/>\n<meta property=\"og:description\" content=\"Cette planche \u00e0 repasser r\u00e9volutionnaire de taille normale est dot\u00e9e d\u2019un support unique qui la rend plus compacte une fois pli\u00e9e que les autres planches\" \/>\n<meta property=\"og:url\" content=\"https:\/\/dev6.erresse-shop.it\/fr\/shop\/ameublement-maison\/planches-a-repasser\/joseph-joseph-glide-plus-table-a-repasser-ecru\/\" \/>\n<meta property=\"og:site_name\" content=\"dev6 Erresse\" \/>\n<meta property=\"og:image\" content=\"https:\/\/interpim.erresse-shop.it\/Import\/Prodotti\/joseph-joseph-glide-compact-asse-da-stiro-ecru.png\" \/><meta property=\"og:image\" content=\"https:\/\/interpim.erresse-shop.it\/Import\/Prodotti\/joseph-joseph-glide-compact-asse-da-stiro-ecru.png\" \/>\n\t<meta property=\"og:image:width\" content=\"1024\" \/>\n\t<meta property=\"og:image:height\" content=\"1024\" \/>\n\t<meta property=\"og:image:type\" content=\"image\/jpeg\" \/>\n<meta name=\"twitter:card\" content=\"summary_large_image\" \/>\n<meta name=\"twitter:image\" content=\"https:\/\/interpim.erresse-shop.it\/Import\/Prodotti\/joseph-joseph-glide-compact-asse-da-stiro-ecru.png\" \/>\n<script type=\"application\/ld+json\" class=\"yoast-schema-graph\">{\"@context\":\"https:\/\/schema.org\",\"@graph\":[{\"@type\":\"WebPage\",\"@id\":\"https:\/\/dev6.erresse-shop.it\/fr\/shop\/ameublement-maison\/planches-a-repasser\/joseph-joseph-glide-plus-table-a-repasser-ecru\/\",\"url\":\"https:\/\/dev6.erresse-shop.it\/fr\/shop\/ameublement-maison\/planches-a-repasser\/joseph-joseph-glide-plus-table-a-repasser-ecru\/\",\"name\":\"JOSEPH JOSEPH Glide Plus Table \u00e0 repasser Ecru - dev6 Erresse\",\"isPartOf\":{\"@id\":\"https:\/\/dev6.erresse-shop.it\/#website\"},\"primaryImageOfPage\":{\"@id\":\"https:\/\/dev6.erresse-shop.it\/fr\/shop\/ameublement-maison\/planches-a-repasser\/joseph-joseph-glide-plus-table-a-repasser-ecru\/#primaryimage\"},\"image\":{\"@id\":\"https:\/\/dev6.erresse-shop.it\/fr\/shop\/ameublement-maison\/planches-a-repasser\/joseph-joseph-glide-plus-table-a-repasser-ecru\/#primaryimage\"},\"thumbnailUrl\":\"https:\/\/i2.wp.com\/interpim.erresse-shop.it\/Import\/Prodotti\/joseph-joseph-glide-compact-asse-da-stiro-ecru.png?ssl=1\",\"datePublished\":\"2026-04-10T09:39:21+00:00\",\"description\":\"Cette planche \u00e0 repasser r\u00e9volutionnaire de taille normale est dot\u00e9e d\u2019un support unique qui la rend plus compacte une fois pli\u00e9e que les autres planches\",\"breadcrumb\":{\"@id\":\"https:\/\/dev6.erresse-shop.it\/fr\/shop\/ameublement-maison\/planches-a-repasser\/joseph-joseph-glide-plus-table-a-repasser-ecru\/#breadcrumb\"},\"inLanguage\":\"fr-FR\",\"potentialAction\":[{\"@type\":\"ReadAction\",\"target\":[\"https:\/\/dev6.erresse-shop.it\/fr\/shop\/ameublement-maison\/planches-a-repasser\/joseph-joseph-glide-plus-table-a-repasser-ecru\/\"]}]},{\"@type\":\"ImageObject\",\"inLanguage\":\"fr-FR\",\"@id\":\"https:\/\/dev6.erresse-shop.it\/fr\/shop\/ameublement-maison\/planches-a-repasser\/joseph-joseph-glide-plus-table-a-repasser-ecru\/#primaryimage\",\"url\":\"https:\/\/i2.wp.com\/interpim.erresse-shop.it\/Import\/Prodotti\/joseph-joseph-glide-compact-asse-da-stiro-ecru.png?ssl=1\",\"contentUrl\":\"https:\/\/i2.wp.com\/interpim.erresse-shop.it\/Import\/Prodotti\/joseph-joseph-glide-compact-asse-da-stiro-ecru.png?ssl=1\"},{\"@type\":\"BreadcrumbList\",\"@id\":\"https:\/\/dev6.erresse-shop.it\/fr\/shop\/ameublement-maison\/planches-a-repasser\/joseph-joseph-glide-plus-table-a-repasser-ecru\/#breadcrumb\",\"itemListElement\":[{\"@type\":\"ListItem\",\"position\":1,\"name\":\"Home\",\"item\":\"https:\/\/dev6.erresse-shop.it\/\"},{\"@type\":\"ListItem\",\"position\":2,\"name\":\"Boutique\",\"item\":\"https:\/\/dev6.erresse-shop.it\/shop\/\"},{\"@type\":\"ListItem\",\"position\":3,\"name\":\"JOSEPH JOSEPH Glide Plus Table \u00e0 repasser Ecru\"}]},{\"@type\":\"WebSite\",\"@id\":\"https:\/\/dev6.erresse-shop.it\/#website\",\"url\":\"https:\/\/dev6.erresse-shop.it\/\",\"name\":\"Erresse Shop\",\"description\":\"\",\"publisher\":{\"@id\":\"https:\/\/dev6.erresse-shop.it\/#organization\"},\"potentialAction\":[{\"@type\":\"SearchAction\",\"target\":{\"@type\":\"EntryPoint\",\"urlTemplate\":\"https:\/\/dev6.erresse-shop.it\/?s={search_term_string}\"},\"query-input\":{\"@type\":\"PropertyValueSpecification\",\"valueRequired\":true,\"valueName\":\"search_term_string\"}}],\"inLanguage\":\"fr-FR\"},{\"@type\":\"Organization\",\"@id\":\"https:\/\/dev6.erresse-shop.it\/#organization\",\"name\":\"Erresse Shop\",\"url\":\"https:\/\/dev6.erresse-shop.it\/\",\"logo\":{\"@type\":\"ImageObject\",\"inLanguage\":\"fr-FR\",\"@id\":\"https:\/\/dev6.erresse-shop.it\/#\/schema\/logo\/image\/\",\"url\":\"https:\/\/dev6.erresse-shop.it\/wp-content\/uploads\/2025\/01\/LOGO-ERRESSE-CLASSICO.svg\",\"contentUrl\":\"https:\/\/dev6.erresse-shop.it\/wp-content\/uploads\/2025\/01\/LOGO-ERRESSE-CLASSICO.svg\",\"caption\":\"Erresse Shop\"},\"image\":{\"@id\":\"https:\/\/dev6.erresse-shop.it\/#\/schema\/logo\/image\/\"}}]}<\/script>\n<!-- \/ Yoast SEO plugin. -->","yoast_head_json":{"title":"JOSEPH JOSEPH Glide Plus Table \u00e0 repasser Ecru - dev6 Erresse","description":"Cette planche \u00e0 repasser r\u00e9volutionnaire de taille normale est dot\u00e9e d\u2019un support unique qui la rend plus compacte une fois pli\u00e9e que les autres planches","robots":{"index":"noindex","follow":"follow","max-snippet":"max-snippet:-1","max-image-preview":"max-image-preview:large","max-video-preview":"max-video-preview:-1"},"og_locale":"fr_FR","og_type":"article","og_title":"JOSEPH JOSEPH Glide Plus Table \u00e0 repasser Ecru - dev6 Erresse","og_description":"Cette planche \u00e0 repasser r\u00e9volutionnaire de taille normale est dot\u00e9e d\u2019un support unique qui la rend plus compacte une fois pli\u00e9e que les autres planches","og_url":"https:\/\/dev6.erresse-shop.it\/fr\/shop\/ameublement-maison\/planches-a-repasser\/joseph-joseph-glide-plus-table-a-repasser-ecru\/","og_site_name":"dev6 Erresse","og_image":[{"url":"https:\/\/interpim.erresse-shop.it\/Import\/Prodotti\/joseph-joseph-glide-compact-asse-da-stiro-ecru.png","type":"","width":"","height":""},{"url":"https:\/\/interpim.erresse-shop.it\/Import\/Prodotti\/joseph-joseph-glide-compact-asse-da-stiro-ecru.png","width":1024,"height":1024,"type":"image\/jpeg"}],"twitter_card":"summary_large_image","twitter_image":"https:\/\/interpim.erresse-shop.it\/Import\/Prodotti\/joseph-joseph-glide-compact-asse-da-stiro-ecru.png","schema":{"@context":"https:\/\/schema.org","@graph":[{"@type":"WebPage","@id":"https:\/\/dev6.erresse-shop.it\/fr\/shop\/ameublement-maison\/planches-a-repasser\/joseph-joseph-glide-plus-table-a-repasser-ecru\/","url":"https:\/\/dev6.erresse-shop.it\/fr\/shop\/ameublement-maison\/planches-a-repasser\/joseph-joseph-glide-plus-table-a-repasser-ecru\/","name":"JOSEPH JOSEPH Glide Plus Table \u00e0 repasser Ecru - dev6 Erresse","isPartOf":{"@id":"https:\/\/dev6.erresse-shop.it\/#website"},"primaryImageOfPage":{"@id":"https:\/\/dev6.erresse-shop.it\/fr\/shop\/ameublement-maison\/planches-a-repasser\/joseph-joseph-glide-plus-table-a-repasser-ecru\/#primaryimage"},"image":{"@id":"https:\/\/dev6.erresse-shop.it\/fr\/shop\/ameublement-maison\/planches-a-repasser\/joseph-joseph-glide-plus-table-a-repasser-ecru\/#primaryimage"},"thumbnailUrl":"https:\/\/i2.wp.com\/interpim.erresse-shop.it\/Import\/Prodotti\/joseph-joseph-glide-compact-asse-da-stiro-ecru.png?ssl=1","datePublished":"2026-04-10T09:39:21+00:00","description":"Cette planche \u00e0 repasser r\u00e9volutionnaire de taille normale est dot\u00e9e d\u2019un support unique qui la rend plus compacte une fois pli\u00e9e que les autres planches","breadcrumb":{"@id":"https:\/\/dev6.erresse-shop.it\/fr\/shop\/ameublement-maison\/planches-a-repasser\/joseph-joseph-glide-plus-table-a-repasser-ecru\/#breadcrumb"},"inLanguage":"fr-FR","potentialAction":[{"@type":"ReadAction","target":["https:\/\/dev6.erresse-shop.it\/fr\/shop\/ameublement-maison\/planches-a-repasser\/joseph-joseph-glide-plus-table-a-repasser-ecru\/"]}]},{"@type":"ImageObject","inLanguage":"fr-FR","@id":"https:\/\/dev6.erresse-shop.it\/fr\/shop\/ameublement-maison\/planches-a-repasser\/joseph-joseph-glide-plus-table-a-repasser-ecru\/#primaryimage","url":"https:\/\/i2.wp.com\/interpim.erresse-shop.it\/Import\/Prodotti\/joseph-joseph-glide-compact-asse-da-stiro-ecru.png?ssl=1","contentUrl":"https:\/\/i2.wp.com\/interpim.erresse-shop.it\/Import\/Prodotti\/joseph-joseph-glide-compact-asse-da-stiro-ecru.png?ssl=1"},{"@type":"BreadcrumbList","@id":"https:\/\/dev6.erresse-shop.it\/fr\/shop\/ameublement-maison\/planches-a-repasser\/joseph-joseph-glide-plus-table-a-repasser-ecru\/#breadcrumb","itemListElement":[{"@type":"ListItem","position":1,"name":"Home","item":"https:\/\/dev6.erresse-shop.it\/"},{"@type":"ListItem","position":2,"name":"Boutique","item":"https:\/\/dev6.erresse-shop.it\/shop\/"},{"@type":"ListItem","position":3,"name":"JOSEPH JOSEPH Glide Plus Table \u00e0 repasser Ecru"}]},{"@type":"WebSite","@id":"https:\/\/dev6.erresse-shop.it\/#website","url":"https:\/\/dev6.erresse-shop.it\/","name":"Erresse Shop","description":"","publisher":{"@id":"https:\/\/dev6.erresse-shop.it\/#organization"},"potentialAction":[{"@type":"SearchAction","target":{"@type":"EntryPoint","urlTemplate":"https:\/\/dev6.erresse-shop.it\/?s={search_term_string}"},"query-input":{"@type":"PropertyValueSpecification","valueRequired":true,"valueName":"search_term_string"}}],"inLanguage":"fr-FR"},{"@type":"Organization","@id":"https:\/\/dev6.erresse-shop.it\/#organization","name":"Erresse Shop","url":"https:\/\/dev6.erresse-shop.it\/","logo":{"@type":"ImageObject","inLanguage":"fr-FR","@id":"https:\/\/dev6.erresse-shop.it\/#\/schema\/logo\/image\/","url":"https:\/\/dev6.erresse-shop.it\/wp-content\/uploads\/2025\/01\/LOGO-ERRESSE-CLASSICO.svg","contentUrl":"https:\/\/dev6.erresse-shop.it\/wp-content\/uploads\/2025\/01\/LOGO-ERRESSE-CLASSICO.svg","caption":"Erresse Shop"},"image":{"@id":"https:\/\/dev6.erresse-shop.it\/#\/schema\/logo\/image\/"}}]}},"df_price":149.95,"df_sale_price":149.95,"df_regular_price":179.99,"df_image_link":"https:\/\/i2.wp.com\/interpim.erresse-shop.it\/Import\/Prodotti\/joseph-joseph-glide-compact-asse-da-stiro-ecru.png?resize=300,300&ssl=1","fifu_image_url":"https:\/\/interpim.erresse-shop.it\/Import\/Prodotti\/joseph-joseph-glide-compact-asse-da-stiro-ecru.png","_links":{"self":[{"href":"https:\/\/dev6.erresse-shop.it\/fr\/wp-json\/wp\/v2\/product\/64042","targetHints":{"allow":["GET"]}}],"collection":[{"href":"https:\/\/dev6.erresse-shop.it\/fr\/wp-json\/wp\/v2\/product"}],"about":[{"href":"https:\/\/dev6.erresse-shop.it\/fr\/wp-json\/wp\/v2\/types\/product"}],"wp:featuredmedia":[{"embeddable":true,"href":"https:\/\/dev6.erresse-shop.it\/fr\/wp-json\/wp\/v2\/media\/6326380"}],"wp:attachment":[{"href":"https:\/\/dev6.erresse-shop.it\/fr\/wp-json\/wp\/v2\/media?parent=64042"}],"wp:term":[{"taxonomy":"product_cat","embeddable":true,"href":"https:\/\/dev6.erresse-shop.it\/fr\/wp-json\/wp\/v2\/product_cat?post=64042"},{"taxonomy":"product_tag","embeddable":true,"href":"https:\/\/dev6.erresse-shop.it\/fr\/wp-json\/wp\/v2\/product_tag?post=64042"}],"curies":[{"name":"wp","href":"https:\/\/api.w.org\/{rel}","templated":true}]}}