{"id":64033,"date":"2026-04-04T10:58:08","date_gmt":"2026-04-04T08:58:08","guid":{"rendered":"https:\/\/dev6.erresse-shop.it\/shop\/non%20class\u00e9\/joseph-joseph-flexa-housse-pour-table-a-repasser-easy-fit-bleu\/"},"modified":"2025-09-14T05:30:12","modified_gmt":"2025-09-14T03:30:12","slug":"joseph-joseph-flexa-housse-pour-table-a-repasser-easy-fit-bleu","status":"publish","type":"product","link":"https:\/\/dev6.erresse-shop.it\/fr\/shop\/ameublement-maison\/planches-a-repasser\/joseph-joseph-flexa-housse-pour-table-a-repasser-easy-fit-bleu\/","title":{"rendered":"JOSEPH JOSEPH Flexa\u2122 Housse pour table \u00e0 repasser Easy-fit bleu"},"content":{"rendered":"<p>Flexa\u2122 est la solution ing\u00e9nieuse aux housses de remplacement pour planches \u00e0 repasser de mauvaise qualit\u00e9 et mal ajust\u00e9es. Con\u00e7ue avec un nez StretchMesh\u2122 innovant qui s\u2019adapte \u00e0 la pointe de n\u2019importe quelle planche \u00e0 repasser, elle est \u00e9galement dot\u00e9e d\u2019une sangle \u00e9lastique qui peut \u00eatre serr\u00e9e au milieu et d\u2019un cordon de tension de la grenouille facile \u00e0 connecter. Une couche sup\u00e9rieure durable et r\u00e9sistante aux d\u00e9chirures et un support en mousse souple offrent une exp\u00e9rience de repassage super lisse et confortable.<\/p>\n<p>Le nez StretchMesh\u2122 s\u2019adapte rapidement et facilement \u00e0 la pointe de n\u2019importe quelle planche.<br \/>\nCouche sup\u00e9rieure en coton ripstop durable<br \/>\nSous-couche en mousse souple pour une exp\u00e9rience de repassage super douce.<br \/>\nSangle \u00e9lastique pour un ajustement parfait<br \/>\nCordon de tension avec grenouille facile \u00e0 attacher<\/p>\n<p>Entretien et utilisation :<\/p>\n<p>Laver avec un chiffon uniquement \u2013 ne pas laver en machine.<br \/>\nVeuillez vous r\u00e9f\u00e9rer \u00e0 l\u2019\u00e9tiquette d\u2019entretien.<\/p>\n<p>Dimensions :<\/p>\n<p>Convient aux planches L 135 cm (53.1 pouces) x L 45 cm (17.7 pouces)<\/p>\n","protected":false},"excerpt":{"rendered":"<p>Flexa\u2122 est la solution ing\u00e9nieuse aux housses de remplacement pour planches \u00e0 repasser de mauvaise qualit\u00e9 et mal ajust\u00e9es. Con\u00e7ue avec un nez StretchMesh\u2122 innovant qui s\u2019adapte \u00e0 la pointe de n\u2019importe quelle planche \u00e0 repasser, elle est \u00e9galement dot\u00e9e d\u2019une sangle \u00e9lastique qui peut \u00eatre serr\u00e9e au milieu et d\u2019un cordon de tension de [&hellip;]<\/p>\n","protected":false},"featured_media":6284704,"template":"","meta":{"_acf_changed":false},"product_cat":[11990,11666,12031],"product_tag":[],"class_list":{"0":"post-64033","1":"product","2":"type-product","3":"status-publish","4":"has-post-thumbnail","6":"product_cat-ameublement-maison","7":"product_cat-arredamento-casa","8":"product_cat-planches-a-repasser","10":"first","11":"instock","12":"taxable","13":"shipping-taxable","14":"purchasable","15":"product-type-simple","swatches":"rey-swatches","show_selected":"","stretch_labels":"rey-swatches--stretch-labels"},"acf":[],"yoast_head":"<!-- This site is optimized with the Yoast SEO plugin v25.4 - https:\/\/yoast.com\/wordpress\/plugins\/seo\/ -->\n<title>JOSEPH JOSEPH Flexa\u2122 Housse pour table \u00e0 repasser Easy-fit bleu - dev6 Erresse<\/title>\n<meta name=\"description\" content=\"Flexa\u2122 est la solution ing\u00e9nieuse aux housses de remplacement pour planches \u00e0 repasser de mauvaise qualit\u00e9 et mal ajust\u00e9es. Con\u00e7ue avec un nez\" \/>\n<meta name=\"robots\" content=\"noindex, follow, max-snippet:-1, max-image-preview:large, max-video-preview:-1\" \/>\n<meta property=\"og:locale\" content=\"fr_FR\" \/>\n<meta property=\"og:type\" content=\"article\" \/>\n<meta property=\"og:title\" content=\"JOSEPH JOSEPH Flexa\u2122 Housse pour table \u00e0 repasser Easy-fit bleu - dev6 Erresse\" \/>\n<meta property=\"og:description\" content=\"Flexa\u2122 est la solution ing\u00e9nieuse aux housses de remplacement pour planches \u00e0 repasser de mauvaise qualit\u00e9 et mal ajust\u00e9es. Con\u00e7ue avec un nez\" \/>\n<meta property=\"og:url\" content=\"https:\/\/dev6.erresse-shop.it\/fr\/shop\/ameublement-maison\/planches-a-repasser\/joseph-joseph-flexa-housse-pour-table-a-repasser-easy-fit-bleu\/\" \/>\n<meta property=\"og:site_name\" content=\"dev6 Erresse\" \/>\n<meta property=\"og:image\" content=\"https:\/\/interpim.erresse-shop.it\/wp-content\/uploads\/2024\/05\/JOSEPH-JOSEPH-Flexa\u2122-Copri-asse-da-stiro-Easy-fit-blu.jpg\/joseph-joseph-flexa-e2-84-a2-copri-asse-da-stiro-easy-fit-blu.jpg\" \/><meta property=\"og:image\" content=\"https:\/\/interpim.erresse-shop.it\/wp-content\/uploads\/2024\/05\/JOSEPH-JOSEPH-Flexa\u2122-Copri-asse-da-stiro-Easy-fit-blu.jpg\/joseph-joseph-flexa-e2-84-a2-copri-asse-da-stiro-easy-fit-blu.jpg\" \/>\n\t<meta property=\"og:image:width\" content=\"1024\" \/>\n\t<meta property=\"og:image:height\" content=\"1024\" \/>\n\t<meta property=\"og:image:type\" content=\"image\/jpeg\" \/>\n<meta name=\"twitter:card\" content=\"summary_large_image\" \/>\n<meta name=\"twitter:image\" content=\"https:\/\/interpim.erresse-shop.it\/wp-content\/uploads\/2024\/05\/JOSEPH-JOSEPH-Flexa\u2122-Copri-asse-da-stiro-Easy-fit-blu.jpg\/joseph-joseph-flexa-e2-84-a2-copri-asse-da-stiro-easy-fit-blu.jpg\" \/>\n<script type=\"application\/ld+json\" class=\"yoast-schema-graph\">{\"@context\":\"https:\/\/schema.org\",\"@graph\":[{\"@type\":\"WebPage\",\"@id\":\"https:\/\/dev6.erresse-shop.it\/fr\/shop\/ameublement-maison\/planches-a-repasser\/joseph-joseph-flexa-housse-pour-table-a-repasser-easy-fit-bleu\/\",\"url\":\"https:\/\/dev6.erresse-shop.it\/fr\/shop\/ameublement-maison\/planches-a-repasser\/joseph-joseph-flexa-housse-pour-table-a-repasser-easy-fit-bleu\/\",\"name\":\"JOSEPH JOSEPH Flexa\u2122 Housse pour table \u00e0 repasser Easy-fit bleu - dev6 Erresse\",\"isPartOf\":{\"@id\":\"https:\/\/dev6.erresse-shop.it\/#website\"},\"primaryImageOfPage\":{\"@id\":\"https:\/\/dev6.erresse-shop.it\/fr\/shop\/ameublement-maison\/planches-a-repasser\/joseph-joseph-flexa-housse-pour-table-a-repasser-easy-fit-bleu\/#primaryimage\"},\"image\":{\"@id\":\"https:\/\/dev6.erresse-shop.it\/fr\/shop\/ameublement-maison\/planches-a-repasser\/joseph-joseph-flexa-housse-pour-table-a-repasser-easy-fit-bleu\/#primaryimage\"},\"thumbnailUrl\":\"https:\/\/i2.wp.com\/interpim.erresse-shop.it\/wp-content\/uploads\/2024\/05\/JOSEPH-JOSEPH-Flexa\u2122-Copri-asse-da-stiro-Easy-fit-blu.jpg\/joseph-joseph-flexa-e2-84-a2-copri-asse-da-stiro-easy-fit-blu.jpg?ssl=1\",\"datePublished\":\"2026-04-04T08:58:08+00:00\",\"description\":\"Flexa\u2122 est la solution ing\u00e9nieuse aux housses de remplacement pour planches \u00e0 repasser de mauvaise qualit\u00e9 et mal ajust\u00e9es. Con\u00e7ue avec un nez\",\"breadcrumb\":{\"@id\":\"https:\/\/dev6.erresse-shop.it\/fr\/shop\/ameublement-maison\/planches-a-repasser\/joseph-joseph-flexa-housse-pour-table-a-repasser-easy-fit-bleu\/#breadcrumb\"},\"inLanguage\":\"fr-FR\",\"potentialAction\":[{\"@type\":\"ReadAction\",\"target\":[\"https:\/\/dev6.erresse-shop.it\/fr\/shop\/ameublement-maison\/planches-a-repasser\/joseph-joseph-flexa-housse-pour-table-a-repasser-easy-fit-bleu\/\"]}]},{\"@type\":\"ImageObject\",\"inLanguage\":\"fr-FR\",\"@id\":\"https:\/\/dev6.erresse-shop.it\/fr\/shop\/ameublement-maison\/planches-a-repasser\/joseph-joseph-flexa-housse-pour-table-a-repasser-easy-fit-bleu\/#primaryimage\",\"url\":\"https:\/\/i2.wp.com\/interpim.erresse-shop.it\/wp-content\/uploads\/2024\/05\/JOSEPH-JOSEPH-Flexa\u2122-Copri-asse-da-stiro-Easy-fit-blu.jpg\/joseph-joseph-flexa-e2-84-a2-copri-asse-da-stiro-easy-fit-blu.jpg?ssl=1\",\"contentUrl\":\"https:\/\/i2.wp.com\/interpim.erresse-shop.it\/wp-content\/uploads\/2024\/05\/JOSEPH-JOSEPH-Flexa\u2122-Copri-asse-da-stiro-Easy-fit-blu.jpg\/joseph-joseph-flexa-e2-84-a2-copri-asse-da-stiro-easy-fit-blu.jpg?ssl=1\"},{\"@type\":\"BreadcrumbList\",\"@id\":\"https:\/\/dev6.erresse-shop.it\/fr\/shop\/ameublement-maison\/planches-a-repasser\/joseph-joseph-flexa-housse-pour-table-a-repasser-easy-fit-bleu\/#breadcrumb\",\"itemListElement\":[{\"@type\":\"ListItem\",\"position\":1,\"name\":\"Home\",\"item\":\"https:\/\/dev6.erresse-shop.it\/\"},{\"@type\":\"ListItem\",\"position\":2,\"name\":\"Boutique\",\"item\":\"https:\/\/dev6.erresse-shop.it\/shop\/\"},{\"@type\":\"ListItem\",\"position\":3,\"name\":\"JOSEPH JOSEPH Flexa\u2122 Housse pour table \u00e0 repasser Easy-fit bleu\"}]},{\"@type\":\"WebSite\",\"@id\":\"https:\/\/dev6.erresse-shop.it\/#website\",\"url\":\"https:\/\/dev6.erresse-shop.it\/\",\"name\":\"Erresse Shop\",\"description\":\"\",\"publisher\":{\"@id\":\"https:\/\/dev6.erresse-shop.it\/#organization\"},\"potentialAction\":[{\"@type\":\"SearchAction\",\"target\":{\"@type\":\"EntryPoint\",\"urlTemplate\":\"https:\/\/dev6.erresse-shop.it\/?s={search_term_string}\"},\"query-input\":{\"@type\":\"PropertyValueSpecification\",\"valueRequired\":true,\"valueName\":\"search_term_string\"}}],\"inLanguage\":\"fr-FR\"},{\"@type\":\"Organization\",\"@id\":\"https:\/\/dev6.erresse-shop.it\/#organization\",\"name\":\"Erresse Shop\",\"url\":\"https:\/\/dev6.erresse-shop.it\/\",\"logo\":{\"@type\":\"ImageObject\",\"inLanguage\":\"fr-FR\",\"@id\":\"https:\/\/dev6.erresse-shop.it\/#\/schema\/logo\/image\/\",\"url\":\"https:\/\/dev6.erresse-shop.it\/wp-content\/uploads\/2025\/01\/LOGO-ERRESSE-CLASSICO.svg\",\"contentUrl\":\"https:\/\/dev6.erresse-shop.it\/wp-content\/uploads\/2025\/01\/LOGO-ERRESSE-CLASSICO.svg\",\"caption\":\"Erresse Shop\"},\"image\":{\"@id\":\"https:\/\/dev6.erresse-shop.it\/#\/schema\/logo\/image\/\"}}]}<\/script>\n<!-- \/ Yoast SEO plugin. -->","yoast_head_json":{"title":"JOSEPH JOSEPH Flexa\u2122 Housse pour table \u00e0 repasser Easy-fit bleu - dev6 Erresse","description":"Flexa\u2122 est la solution ing\u00e9nieuse aux housses de remplacement pour planches \u00e0 repasser de mauvaise qualit\u00e9 et mal ajust\u00e9es. Con\u00e7ue avec un nez","robots":{"index":"noindex","follow":"follow","max-snippet":"max-snippet:-1","max-image-preview":"max-image-preview:large","max-video-preview":"max-video-preview:-1"},"og_locale":"fr_FR","og_type":"article","og_title":"JOSEPH JOSEPH Flexa\u2122 Housse pour table \u00e0 repasser Easy-fit bleu - dev6 Erresse","og_description":"Flexa\u2122 est la solution ing\u00e9nieuse aux housses de remplacement pour planches \u00e0 repasser de mauvaise qualit\u00e9 et mal ajust\u00e9es. Con\u00e7ue avec un nez","og_url":"https:\/\/dev6.erresse-shop.it\/fr\/shop\/ameublement-maison\/planches-a-repasser\/joseph-joseph-flexa-housse-pour-table-a-repasser-easy-fit-bleu\/","og_site_name":"dev6 Erresse","og_image":[{"url":"https:\/\/interpim.erresse-shop.it\/wp-content\/uploads\/2024\/05\/JOSEPH-JOSEPH-Flexa\u2122-Copri-asse-da-stiro-Easy-fit-blu.jpg\/joseph-joseph-flexa-e2-84-a2-copri-asse-da-stiro-easy-fit-blu.jpg","type":"","width":"","height":""},{"url":"https:\/\/interpim.erresse-shop.it\/wp-content\/uploads\/2024\/05\/JOSEPH-JOSEPH-Flexa\u2122-Copri-asse-da-stiro-Easy-fit-blu.jpg\/joseph-joseph-flexa-e2-84-a2-copri-asse-da-stiro-easy-fit-blu.jpg","width":1024,"height":1024,"type":"image\/jpeg"}],"twitter_card":"summary_large_image","twitter_image":"https:\/\/interpim.erresse-shop.it\/wp-content\/uploads\/2024\/05\/JOSEPH-JOSEPH-Flexa\u2122-Copri-asse-da-stiro-Easy-fit-blu.jpg\/joseph-joseph-flexa-e2-84-a2-copri-asse-da-stiro-easy-fit-blu.jpg","schema":{"@context":"https:\/\/schema.org","@graph":[{"@type":"WebPage","@id":"https:\/\/dev6.erresse-shop.it\/fr\/shop\/ameublement-maison\/planches-a-repasser\/joseph-joseph-flexa-housse-pour-table-a-repasser-easy-fit-bleu\/","url":"https:\/\/dev6.erresse-shop.it\/fr\/shop\/ameublement-maison\/planches-a-repasser\/joseph-joseph-flexa-housse-pour-table-a-repasser-easy-fit-bleu\/","name":"JOSEPH JOSEPH Flexa\u2122 Housse pour table \u00e0 repasser Easy-fit bleu - dev6 Erresse","isPartOf":{"@id":"https:\/\/dev6.erresse-shop.it\/#website"},"primaryImageOfPage":{"@id":"https:\/\/dev6.erresse-shop.it\/fr\/shop\/ameublement-maison\/planches-a-repasser\/joseph-joseph-flexa-housse-pour-table-a-repasser-easy-fit-bleu\/#primaryimage"},"image":{"@id":"https:\/\/dev6.erresse-shop.it\/fr\/shop\/ameublement-maison\/planches-a-repasser\/joseph-joseph-flexa-housse-pour-table-a-repasser-easy-fit-bleu\/#primaryimage"},"thumbnailUrl":"https:\/\/i2.wp.com\/interpim.erresse-shop.it\/wp-content\/uploads\/2024\/05\/JOSEPH-JOSEPH-Flexa\u2122-Copri-asse-da-stiro-Easy-fit-blu.jpg\/joseph-joseph-flexa-e2-84-a2-copri-asse-da-stiro-easy-fit-blu.jpg?ssl=1","datePublished":"2026-04-04T08:58:08+00:00","description":"Flexa\u2122 est la solution ing\u00e9nieuse aux housses de remplacement pour planches \u00e0 repasser de mauvaise qualit\u00e9 et mal ajust\u00e9es. Con\u00e7ue avec un nez","breadcrumb":{"@id":"https:\/\/dev6.erresse-shop.it\/fr\/shop\/ameublement-maison\/planches-a-repasser\/joseph-joseph-flexa-housse-pour-table-a-repasser-easy-fit-bleu\/#breadcrumb"},"inLanguage":"fr-FR","potentialAction":[{"@type":"ReadAction","target":["https:\/\/dev6.erresse-shop.it\/fr\/shop\/ameublement-maison\/planches-a-repasser\/joseph-joseph-flexa-housse-pour-table-a-repasser-easy-fit-bleu\/"]}]},{"@type":"ImageObject","inLanguage":"fr-FR","@id":"https:\/\/dev6.erresse-shop.it\/fr\/shop\/ameublement-maison\/planches-a-repasser\/joseph-joseph-flexa-housse-pour-table-a-repasser-easy-fit-bleu\/#primaryimage","url":"https:\/\/i2.wp.com\/interpim.erresse-shop.it\/wp-content\/uploads\/2024\/05\/JOSEPH-JOSEPH-Flexa\u2122-Copri-asse-da-stiro-Easy-fit-blu.jpg\/joseph-joseph-flexa-e2-84-a2-copri-asse-da-stiro-easy-fit-blu.jpg?ssl=1","contentUrl":"https:\/\/i2.wp.com\/interpim.erresse-shop.it\/wp-content\/uploads\/2024\/05\/JOSEPH-JOSEPH-Flexa\u2122-Copri-asse-da-stiro-Easy-fit-blu.jpg\/joseph-joseph-flexa-e2-84-a2-copri-asse-da-stiro-easy-fit-blu.jpg?ssl=1"},{"@type":"BreadcrumbList","@id":"https:\/\/dev6.erresse-shop.it\/fr\/shop\/ameublement-maison\/planches-a-repasser\/joseph-joseph-flexa-housse-pour-table-a-repasser-easy-fit-bleu\/#breadcrumb","itemListElement":[{"@type":"ListItem","position":1,"name":"Home","item":"https:\/\/dev6.erresse-shop.it\/"},{"@type":"ListItem","position":2,"name":"Boutique","item":"https:\/\/dev6.erresse-shop.it\/shop\/"},{"@type":"ListItem","position":3,"name":"JOSEPH JOSEPH Flexa\u2122 Housse pour table \u00e0 repasser Easy-fit bleu"}]},{"@type":"WebSite","@id":"https:\/\/dev6.erresse-shop.it\/#website","url":"https:\/\/dev6.erresse-shop.it\/","name":"Erresse Shop","description":"","publisher":{"@id":"https:\/\/dev6.erresse-shop.it\/#organization"},"potentialAction":[{"@type":"SearchAction","target":{"@type":"EntryPoint","urlTemplate":"https:\/\/dev6.erresse-shop.it\/?s={search_term_string}"},"query-input":{"@type":"PropertyValueSpecification","valueRequired":true,"valueName":"search_term_string"}}],"inLanguage":"fr-FR"},{"@type":"Organization","@id":"https:\/\/dev6.erresse-shop.it\/#organization","name":"Erresse Shop","url":"https:\/\/dev6.erresse-shop.it\/","logo":{"@type":"ImageObject","inLanguage":"fr-FR","@id":"https:\/\/dev6.erresse-shop.it\/#\/schema\/logo\/image\/","url":"https:\/\/dev6.erresse-shop.it\/wp-content\/uploads\/2025\/01\/LOGO-ERRESSE-CLASSICO.svg","contentUrl":"https:\/\/dev6.erresse-shop.it\/wp-content\/uploads\/2025\/01\/LOGO-ERRESSE-CLASSICO.svg","caption":"Erresse Shop"},"image":{"@id":"https:\/\/dev6.erresse-shop.it\/#\/schema\/logo\/image\/"}}]}},"df_price":34.9,"df_sale_price":"","df_regular_price":34.9,"df_image_link":"https:\/\/i2.wp.com\/interpim.erresse-shop.it\/wp-content\/uploads\/2024\/05\/JOSEPH-JOSEPH-Flexa\u2122-Copri-asse-da-stiro-Easy-fit-blu.jpg\/joseph-joseph-flexa-e2-84-a2-copri-asse-da-stiro-easy-fit-blu.jpg?resize=300,300&ssl=1","fifu_image_url":"https:\/\/interpim.erresse-shop.it\/wp-content\/uploads\/2024\/05\/JOSEPH-JOSEPH-Flexa\u2122-Copri-asse-da-stiro-Easy-fit-blu.jpg\/joseph-joseph-flexa-e2-84-a2-copri-asse-da-stiro-easy-fit-blu.jpg","_links":{"self":[{"href":"https:\/\/dev6.erresse-shop.it\/fr\/wp-json\/wp\/v2\/product\/64033","targetHints":{"allow":["GET"]}}],"collection":[{"href":"https:\/\/dev6.erresse-shop.it\/fr\/wp-json\/wp\/v2\/product"}],"about":[{"href":"https:\/\/dev6.erresse-shop.it\/fr\/wp-json\/wp\/v2\/types\/product"}],"wp:featuredmedia":[{"embeddable":true,"href":"https:\/\/dev6.erresse-shop.it\/fr\/wp-json\/wp\/v2\/media\/6284704"}],"wp:attachment":[{"href":"https:\/\/dev6.erresse-shop.it\/fr\/wp-json\/wp\/v2\/media?parent=64033"}],"wp:term":[{"taxonomy":"product_cat","embeddable":true,"href":"https:\/\/dev6.erresse-shop.it\/fr\/wp-json\/wp\/v2\/product_cat?post=64033"},{"taxonomy":"product_tag","embeddable":true,"href":"https:\/\/dev6.erresse-shop.it\/fr\/wp-json\/wp\/v2\/product_tag?post=64033"}],"curies":[{"name":"wp","href":"https:\/\/api.w.org\/{rel}","templated":true}]}}