{"id":64032,"date":"2026-04-12T11:00:48","date_gmt":"2026-04-12T09:00:48","guid":{"rendered":"https:\/\/dev6.erresse-shop.it\/shop\/non%20class\u00e9\/joseph-elevate-set-6-ustensiles-de-cuisine-multicolor-avec-support-de-rangement\/"},"modified":"2026-01-21T20:16:32","modified_gmt":"2026-01-21T19:16:32","slug":"joseph-elevate-set-6-ustensiles-de-cuisine-multicolor-avec-support-de-rangement","status":"publish","type":"product","link":"https:\/\/dev6.erresse-shop.it\/fr\/shop\/cuisine\/outils\/joseph-elevate-set-6-ustensiles-de-cuisine-multicolor-avec-support-de-rangement\/","title":{"rendered":"JOSEPH Elevate\u2122 Set 6 ustensiles de cuisine Multicolor avec support de rangement"},"content":{"rendered":"<p>Con\u00e7us avec des poign\u00e9es lest\u00e9es et des repose-ustensiles int\u00e9gr\u00e9s, nos ustensiles Elevate\u2122 minimisent l\u2019encombrement dans la cuisine en maintenant la t\u00eate de l\u2019ustensile sur\u00e9lev\u00e9e lorsqu\u2019il est pos\u00e9. Elevate\u2122 Carousel comprend une cuill\u00e8re \u00e0 fente, une cuill\u00e8re \u00e0 spaghetti, une cuill\u00e8re solide, un plateau tournant \u00e0 fente, un plateau tournant flexible et une louche, tous avec des t\u00eates en nylon et des poign\u00e9es ergonomiques r\u00e9sistantes \u00e0 la chaleur. Le carrousel rotatif garantit que chaque ustensile est facile \u00e0 saisir en cas de besoin.<\/p>\n<p>Technologie Elevate\u2122 con\u00e7ue pour am\u00e9liorer l\u2019hygi\u00e8ne et r\u00e9duire le d\u00e9sordre.<br \/>\nLes poign\u00e9es lest\u00e9es et les repose-outils int\u00e9gr\u00e9s emp\u00eachent les t\u00eates d\u2019outils de toucher la surface de travail lorsqu\u2019elles sont au repos.<br \/>\nLes t\u00eates d\u2019outils r\u00e9sistent \u00e0 la chaleur jusqu\u2019\u00e0 200\u00b0C\/392\u00b0F et conviennent aux po\u00eales antiadh\u00e9sives.<br \/>\nPoign\u00e9es en silicone r\u00e9sistant \u00e0 la chaleur jusqu\u2019\u00e0 270\u00b0C\/520\u00b0F<br \/>\nSupport pivotant pour faciliter la s\u00e9lection des outils<br \/>\nL\u2019ensemble comprend une cuill\u00e8re solide, une cuill\u00e8re \u00e0 fente, une cuill\u00e8re rotative, une cuill\u00e8re rotative flexible, une pince \u00e0 spaghetti et une louche.<\/p>\n<p>Entretien et utilisation :<\/p>\n<p>Ustensiles : Lavable au lave-vaisselle.<br \/>\nStockage : Nettoyer avec un chiffon humide.<br \/>\nAttention : Ne pas laisser les ustensiles dans les casseroles pendant la cuisson. Pour \u00e9viter les taches, ne pas utiliser de colorants puissants tels que le curcuma.<\/p>\n<p>Dimensions :<\/p>\n<p>H35.5 x L22 x P22cm (H14 x L8\u00be x D8\u00be pouces)<\/p>\n","protected":false},"excerpt":{"rendered":"<p>Con\u00e7us avec des poign\u00e9es lest\u00e9es et des repose-ustensiles int\u00e9gr\u00e9s, nos ustensiles Elevate\u2122 minimisent l\u2019encombrement dans la cuisine en maintenant la t\u00eate de l\u2019ustensile sur\u00e9lev\u00e9e lorsqu\u2019il est pos\u00e9. Elevate\u2122 Carousel comprend une cuill\u00e8re \u00e0 fente, une cuill\u00e8re \u00e0 spaghetti, une cuill\u00e8re solide, un plateau tournant \u00e0 fente, un plateau tournant flexible et une louche, tous avec [&hellip;]<\/p>\n","protected":false},"featured_media":6367965,"template":"","meta":{"_acf_changed":false},"product_cat":[11668,11992,12008],"product_tag":[],"class_list":{"0":"post-64032","1":"product","2":"type-product","3":"status-publish","4":"has-post-thumbnail","6":"product_cat-cucina","7":"product_cat-cuisine","8":"product_cat-outils","10":"first","11":"instock","12":"sale","13":"taxable","14":"shipping-taxable","15":"purchasable","16":"product-type-simple","swatches":"rey-swatches","show_selected":"","stretch_labels":"rey-swatches--stretch-labels"},"acf":[],"yoast_head":"<!-- This site is optimized with the Yoast SEO plugin v25.4 - https:\/\/yoast.com\/wordpress\/plugins\/seo\/ -->\n<title>JOSEPH Elevate\u2122 Set 6 ustensiles de cuisine Multicolor avec support de rangement - dev6 Erresse<\/title>\n<meta name=\"description\" content=\"Con\u00e7us avec des poign\u00e9es lest\u00e9es et des repose-ustensiles int\u00e9gr\u00e9s, nos ustensiles Elevate\u2122 minimisent l\u2019encombrement dans la cuisine en maintenant la\" \/>\n<meta name=\"robots\" content=\"noindex, follow, max-snippet:-1, max-image-preview:large, max-video-preview:-1\" \/>\n<meta property=\"og:locale\" content=\"fr_FR\" \/>\n<meta property=\"og:type\" content=\"article\" \/>\n<meta property=\"og:title\" content=\"JOSEPH Elevate\u2122 Set 6 ustensiles de cuisine Multicolor avec support de rangement - dev6 Erresse\" \/>\n<meta property=\"og:description\" content=\"Con\u00e7us avec des poign\u00e9es lest\u00e9es et des repose-ustensiles int\u00e9gr\u00e9s, nos ustensiles Elevate\u2122 minimisent l\u2019encombrement dans la cuisine en maintenant la\" \/>\n<meta property=\"og:url\" content=\"https:\/\/dev6.erresse-shop.it\/fr\/shop\/cuisine\/outils\/joseph-elevate-set-6-ustensiles-de-cuisine-multicolor-avec-support-de-rangement\/\" \/>\n<meta property=\"og:site_name\" content=\"dev6 Erresse\" \/>\n<meta property=\"og:image\" content=\"https:\/\/interpim.erresse-shop.it\/wp-content\/uploads\/2024\/05\/JOSEPH-JOSEPH-Elevate\u2122-Set-6-Utensili-da-Cucina-Multicolore-con-Supporto-Conservazione.jpg\/joseph-joseph-elevate-e2-84-a2-set-6-utensili-da-cucina-multicolore-con-supporto-conservazione.jpg\" \/><meta property=\"og:image\" content=\"https:\/\/interpim.erresse-shop.it\/wp-content\/uploads\/2024\/05\/JOSEPH-JOSEPH-Elevate\u2122-Set-6-Utensili-da-Cucina-Multicolore-con-Supporto-Conservazione.jpg\/joseph-joseph-elevate-e2-84-a2-set-6-utensili-da-cucina-multicolore-con-supporto-conservazione.jpg\" \/>\n\t<meta property=\"og:image:width\" content=\"1024\" \/>\n\t<meta property=\"og:image:height\" content=\"1024\" \/>\n\t<meta property=\"og:image:type\" content=\"image\/jpeg\" \/>\n<meta name=\"twitter:card\" content=\"summary_large_image\" \/>\n<meta name=\"twitter:image\" content=\"https:\/\/interpim.erresse-shop.it\/wp-content\/uploads\/2024\/05\/JOSEPH-JOSEPH-Elevate\u2122-Set-6-Utensili-da-Cucina-Multicolore-con-Supporto-Conservazione.jpg\/joseph-joseph-elevate-e2-84-a2-set-6-utensili-da-cucina-multicolore-con-supporto-conservazione.jpg\" \/>\n<script type=\"application\/ld+json\" class=\"yoast-schema-graph\">{\"@context\":\"https:\/\/schema.org\",\"@graph\":[{\"@type\":\"WebPage\",\"@id\":\"https:\/\/dev6.erresse-shop.it\/fr\/shop\/cuisine\/outils\/joseph-elevate-set-6-ustensiles-de-cuisine-multicolor-avec-support-de-rangement\/\",\"url\":\"https:\/\/dev6.erresse-shop.it\/fr\/shop\/cuisine\/outils\/joseph-elevate-set-6-ustensiles-de-cuisine-multicolor-avec-support-de-rangement\/\",\"name\":\"JOSEPH Elevate\u2122 Set 6 ustensiles de cuisine Multicolor avec support de rangement - dev6 Erresse\",\"isPartOf\":{\"@id\":\"https:\/\/dev6.erresse-shop.it\/#website\"},\"primaryImageOfPage\":{\"@id\":\"https:\/\/dev6.erresse-shop.it\/fr\/shop\/cuisine\/outils\/joseph-elevate-set-6-ustensiles-de-cuisine-multicolor-avec-support-de-rangement\/#primaryimage\"},\"image\":{\"@id\":\"https:\/\/dev6.erresse-shop.it\/fr\/shop\/cuisine\/outils\/joseph-elevate-set-6-ustensiles-de-cuisine-multicolor-avec-support-de-rangement\/#primaryimage\"},\"thumbnailUrl\":\"https:\/\/i1.wp.com\/interpim.erresse-shop.it\/wp-content\/uploads\/2024\/05\/JOSEPH-JOSEPH-Elevate\u2122-Set-6-Utensili-da-Cucina-Multicolore-con-Supporto-Conservazione.jpg\/joseph-joseph-elevate-e2-84-a2-set-6-utensili-da-cucina-multicolore-con-supporto-conservazione.jpg?ssl=1\",\"datePublished\":\"2026-04-12T09:00:48+00:00\",\"description\":\"Con\u00e7us avec des poign\u00e9es lest\u00e9es et des repose-ustensiles int\u00e9gr\u00e9s, nos ustensiles Elevate\u2122 minimisent l\u2019encombrement dans la cuisine en maintenant la\",\"breadcrumb\":{\"@id\":\"https:\/\/dev6.erresse-shop.it\/fr\/shop\/cuisine\/outils\/joseph-elevate-set-6-ustensiles-de-cuisine-multicolor-avec-support-de-rangement\/#breadcrumb\"},\"inLanguage\":\"fr-FR\",\"potentialAction\":[{\"@type\":\"ReadAction\",\"target\":[\"https:\/\/dev6.erresse-shop.it\/fr\/shop\/cuisine\/outils\/joseph-elevate-set-6-ustensiles-de-cuisine-multicolor-avec-support-de-rangement\/\"]}]},{\"@type\":\"ImageObject\",\"inLanguage\":\"fr-FR\",\"@id\":\"https:\/\/dev6.erresse-shop.it\/fr\/shop\/cuisine\/outils\/joseph-elevate-set-6-ustensiles-de-cuisine-multicolor-avec-support-de-rangement\/#primaryimage\",\"url\":\"https:\/\/i1.wp.com\/interpim.erresse-shop.it\/wp-content\/uploads\/2024\/05\/JOSEPH-JOSEPH-Elevate\u2122-Set-6-Utensili-da-Cucina-Multicolore-con-Supporto-Conservazione.jpg\/joseph-joseph-elevate-e2-84-a2-set-6-utensili-da-cucina-multicolore-con-supporto-conservazione.jpg?ssl=1\",\"contentUrl\":\"https:\/\/i1.wp.com\/interpim.erresse-shop.it\/wp-content\/uploads\/2024\/05\/JOSEPH-JOSEPH-Elevate\u2122-Set-6-Utensili-da-Cucina-Multicolore-con-Supporto-Conservazione.jpg\/joseph-joseph-elevate-e2-84-a2-set-6-utensili-da-cucina-multicolore-con-supporto-conservazione.jpg?ssl=1\"},{\"@type\":\"BreadcrumbList\",\"@id\":\"https:\/\/dev6.erresse-shop.it\/fr\/shop\/cuisine\/outils\/joseph-elevate-set-6-ustensiles-de-cuisine-multicolor-avec-support-de-rangement\/#breadcrumb\",\"itemListElement\":[{\"@type\":\"ListItem\",\"position\":1,\"name\":\"Home\",\"item\":\"https:\/\/dev6.erresse-shop.it\/\"},{\"@type\":\"ListItem\",\"position\":2,\"name\":\"Boutique\",\"item\":\"https:\/\/dev6.erresse-shop.it\/shop\/\"},{\"@type\":\"ListItem\",\"position\":3,\"name\":\"JOSEPH Elevate\u2122 Set 6 ustensiles de cuisine Multicolor avec support de rangement\"}]},{\"@type\":\"WebSite\",\"@id\":\"https:\/\/dev6.erresse-shop.it\/#website\",\"url\":\"https:\/\/dev6.erresse-shop.it\/\",\"name\":\"Erresse Shop\",\"description\":\"\",\"publisher\":{\"@id\":\"https:\/\/dev6.erresse-shop.it\/#organization\"},\"potentialAction\":[{\"@type\":\"SearchAction\",\"target\":{\"@type\":\"EntryPoint\",\"urlTemplate\":\"https:\/\/dev6.erresse-shop.it\/?s={search_term_string}\"},\"query-input\":{\"@type\":\"PropertyValueSpecification\",\"valueRequired\":true,\"valueName\":\"search_term_string\"}}],\"inLanguage\":\"fr-FR\"},{\"@type\":\"Organization\",\"@id\":\"https:\/\/dev6.erresse-shop.it\/#organization\",\"name\":\"Erresse Shop\",\"url\":\"https:\/\/dev6.erresse-shop.it\/\",\"logo\":{\"@type\":\"ImageObject\",\"inLanguage\":\"fr-FR\",\"@id\":\"https:\/\/dev6.erresse-shop.it\/#\/schema\/logo\/image\/\",\"url\":\"https:\/\/dev6.erresse-shop.it\/wp-content\/uploads\/2025\/01\/LOGO-ERRESSE-CLASSICO.svg\",\"contentUrl\":\"https:\/\/dev6.erresse-shop.it\/wp-content\/uploads\/2025\/01\/LOGO-ERRESSE-CLASSICO.svg\",\"caption\":\"Erresse Shop\"},\"image\":{\"@id\":\"https:\/\/dev6.erresse-shop.it\/#\/schema\/logo\/image\/\"}}]}<\/script>\n<!-- \/ Yoast SEO plugin. -->","yoast_head_json":{"title":"JOSEPH Elevate\u2122 Set 6 ustensiles de cuisine Multicolor avec support de rangement - dev6 Erresse","description":"Con\u00e7us avec des poign\u00e9es lest\u00e9es et des repose-ustensiles int\u00e9gr\u00e9s, nos ustensiles Elevate\u2122 minimisent l\u2019encombrement dans la cuisine en maintenant la","robots":{"index":"noindex","follow":"follow","max-snippet":"max-snippet:-1","max-image-preview":"max-image-preview:large","max-video-preview":"max-video-preview:-1"},"og_locale":"fr_FR","og_type":"article","og_title":"JOSEPH Elevate\u2122 Set 6 ustensiles de cuisine Multicolor avec support de rangement - dev6 Erresse","og_description":"Con\u00e7us avec des poign\u00e9es lest\u00e9es et des repose-ustensiles int\u00e9gr\u00e9s, nos ustensiles Elevate\u2122 minimisent l\u2019encombrement dans la cuisine en maintenant la","og_url":"https:\/\/dev6.erresse-shop.it\/fr\/shop\/cuisine\/outils\/joseph-elevate-set-6-ustensiles-de-cuisine-multicolor-avec-support-de-rangement\/","og_site_name":"dev6 Erresse","og_image":[{"url":"https:\/\/interpim.erresse-shop.it\/wp-content\/uploads\/2024\/05\/JOSEPH-JOSEPH-Elevate\u2122-Set-6-Utensili-da-Cucina-Multicolore-con-Supporto-Conservazione.jpg\/joseph-joseph-elevate-e2-84-a2-set-6-utensili-da-cucina-multicolore-con-supporto-conservazione.jpg","type":"","width":"","height":""},{"url":"https:\/\/interpim.erresse-shop.it\/wp-content\/uploads\/2024\/05\/JOSEPH-JOSEPH-Elevate\u2122-Set-6-Utensili-da-Cucina-Multicolore-con-Supporto-Conservazione.jpg\/joseph-joseph-elevate-e2-84-a2-set-6-utensili-da-cucina-multicolore-con-supporto-conservazione.jpg","width":1024,"height":1024,"type":"image\/jpeg"}],"twitter_card":"summary_large_image","twitter_image":"https:\/\/interpim.erresse-shop.it\/wp-content\/uploads\/2024\/05\/JOSEPH-JOSEPH-Elevate\u2122-Set-6-Utensili-da-Cucina-Multicolore-con-Supporto-Conservazione.jpg\/joseph-joseph-elevate-e2-84-a2-set-6-utensili-da-cucina-multicolore-con-supporto-conservazione.jpg","schema":{"@context":"https:\/\/schema.org","@graph":[{"@type":"WebPage","@id":"https:\/\/dev6.erresse-shop.it\/fr\/shop\/cuisine\/outils\/joseph-elevate-set-6-ustensiles-de-cuisine-multicolor-avec-support-de-rangement\/","url":"https:\/\/dev6.erresse-shop.it\/fr\/shop\/cuisine\/outils\/joseph-elevate-set-6-ustensiles-de-cuisine-multicolor-avec-support-de-rangement\/","name":"JOSEPH Elevate\u2122 Set 6 ustensiles de cuisine Multicolor avec support de rangement - dev6 Erresse","isPartOf":{"@id":"https:\/\/dev6.erresse-shop.it\/#website"},"primaryImageOfPage":{"@id":"https:\/\/dev6.erresse-shop.it\/fr\/shop\/cuisine\/outils\/joseph-elevate-set-6-ustensiles-de-cuisine-multicolor-avec-support-de-rangement\/#primaryimage"},"image":{"@id":"https:\/\/dev6.erresse-shop.it\/fr\/shop\/cuisine\/outils\/joseph-elevate-set-6-ustensiles-de-cuisine-multicolor-avec-support-de-rangement\/#primaryimage"},"thumbnailUrl":"https:\/\/i1.wp.com\/interpim.erresse-shop.it\/wp-content\/uploads\/2024\/05\/JOSEPH-JOSEPH-Elevate\u2122-Set-6-Utensili-da-Cucina-Multicolore-con-Supporto-Conservazione.jpg\/joseph-joseph-elevate-e2-84-a2-set-6-utensili-da-cucina-multicolore-con-supporto-conservazione.jpg?ssl=1","datePublished":"2026-04-12T09:00:48+00:00","description":"Con\u00e7us avec des poign\u00e9es lest\u00e9es et des repose-ustensiles int\u00e9gr\u00e9s, nos ustensiles Elevate\u2122 minimisent l\u2019encombrement dans la cuisine en maintenant la","breadcrumb":{"@id":"https:\/\/dev6.erresse-shop.it\/fr\/shop\/cuisine\/outils\/joseph-elevate-set-6-ustensiles-de-cuisine-multicolor-avec-support-de-rangement\/#breadcrumb"},"inLanguage":"fr-FR","potentialAction":[{"@type":"ReadAction","target":["https:\/\/dev6.erresse-shop.it\/fr\/shop\/cuisine\/outils\/joseph-elevate-set-6-ustensiles-de-cuisine-multicolor-avec-support-de-rangement\/"]}]},{"@type":"ImageObject","inLanguage":"fr-FR","@id":"https:\/\/dev6.erresse-shop.it\/fr\/shop\/cuisine\/outils\/joseph-elevate-set-6-ustensiles-de-cuisine-multicolor-avec-support-de-rangement\/#primaryimage","url":"https:\/\/i1.wp.com\/interpim.erresse-shop.it\/wp-content\/uploads\/2024\/05\/JOSEPH-JOSEPH-Elevate\u2122-Set-6-Utensili-da-Cucina-Multicolore-con-Supporto-Conservazione.jpg\/joseph-joseph-elevate-e2-84-a2-set-6-utensili-da-cucina-multicolore-con-supporto-conservazione.jpg?ssl=1","contentUrl":"https:\/\/i1.wp.com\/interpim.erresse-shop.it\/wp-content\/uploads\/2024\/05\/JOSEPH-JOSEPH-Elevate\u2122-Set-6-Utensili-da-Cucina-Multicolore-con-Supporto-Conservazione.jpg\/joseph-joseph-elevate-e2-84-a2-set-6-utensili-da-cucina-multicolore-con-supporto-conservazione.jpg?ssl=1"},{"@type":"BreadcrumbList","@id":"https:\/\/dev6.erresse-shop.it\/fr\/shop\/cuisine\/outils\/joseph-elevate-set-6-ustensiles-de-cuisine-multicolor-avec-support-de-rangement\/#breadcrumb","itemListElement":[{"@type":"ListItem","position":1,"name":"Home","item":"https:\/\/dev6.erresse-shop.it\/"},{"@type":"ListItem","position":2,"name":"Boutique","item":"https:\/\/dev6.erresse-shop.it\/shop\/"},{"@type":"ListItem","position":3,"name":"JOSEPH Elevate\u2122 Set 6 ustensiles de cuisine Multicolor avec support de rangement"}]},{"@type":"WebSite","@id":"https:\/\/dev6.erresse-shop.it\/#website","url":"https:\/\/dev6.erresse-shop.it\/","name":"Erresse Shop","description":"","publisher":{"@id":"https:\/\/dev6.erresse-shop.it\/#organization"},"potentialAction":[{"@type":"SearchAction","target":{"@type":"EntryPoint","urlTemplate":"https:\/\/dev6.erresse-shop.it\/?s={search_term_string}"},"query-input":{"@type":"PropertyValueSpecification","valueRequired":true,"valueName":"search_term_string"}}],"inLanguage":"fr-FR"},{"@type":"Organization","@id":"https:\/\/dev6.erresse-shop.it\/#organization","name":"Erresse Shop","url":"https:\/\/dev6.erresse-shop.it\/","logo":{"@type":"ImageObject","inLanguage":"fr-FR","@id":"https:\/\/dev6.erresse-shop.it\/#\/schema\/logo\/image\/","url":"https:\/\/dev6.erresse-shop.it\/wp-content\/uploads\/2025\/01\/LOGO-ERRESSE-CLASSICO.svg","contentUrl":"https:\/\/dev6.erresse-shop.it\/wp-content\/uploads\/2025\/01\/LOGO-ERRESSE-CLASSICO.svg","caption":"Erresse Shop"},"image":{"@id":"https:\/\/dev6.erresse-shop.it\/#\/schema\/logo\/image\/"}}]}},"df_price":59,"df_sale_price":59,"df_regular_price":79.99,"df_image_link":"https:\/\/i1.wp.com\/interpim.erresse-shop.it\/wp-content\/uploads\/2024\/05\/JOSEPH-JOSEPH-Elevate\u2122-Set-6-Utensili-da-Cucina-Multicolore-con-Supporto-Conservazione.jpg\/joseph-joseph-elevate-e2-84-a2-set-6-utensili-da-cucina-multicolore-con-supporto-conservazione.jpg?resize=300,300&ssl=1","fifu_image_url":"https:\/\/interpim.erresse-shop.it\/wp-content\/uploads\/2024\/05\/JOSEPH-JOSEPH-Elevate\u2122-Set-6-Utensili-da-Cucina-Multicolore-con-Supporto-Conservazione.jpg\/joseph-joseph-elevate-e2-84-a2-set-6-utensili-da-cucina-multicolore-con-supporto-conservazione.jpg","_links":{"self":[{"href":"https:\/\/dev6.erresse-shop.it\/fr\/wp-json\/wp\/v2\/product\/64032","targetHints":{"allow":["GET"]}}],"collection":[{"href":"https:\/\/dev6.erresse-shop.it\/fr\/wp-json\/wp\/v2\/product"}],"about":[{"href":"https:\/\/dev6.erresse-shop.it\/fr\/wp-json\/wp\/v2\/types\/product"}],"wp:featuredmedia":[{"embeddable":true,"href":"https:\/\/dev6.erresse-shop.it\/fr\/wp-json\/wp\/v2\/media\/6367965"}],"wp:attachment":[{"href":"https:\/\/dev6.erresse-shop.it\/fr\/wp-json\/wp\/v2\/media?parent=64032"}],"wp:term":[{"taxonomy":"product_cat","embeddable":true,"href":"https:\/\/dev6.erresse-shop.it\/fr\/wp-json\/wp\/v2\/product_cat?post=64032"},{"taxonomy":"product_tag","embeddable":true,"href":"https:\/\/dev6.erresse-shop.it\/fr\/wp-json\/wp\/v2\/product_tag?post=64032"}],"curies":[{"name":"wp","href":"https:\/\/api.w.org\/{rel}","templated":true}]}}