{"id":64000,"date":"2026-04-12T10:59:01","date_gmt":"2026-04-12T08:59:01","guid":{"rendered":"https:\/\/dev6.erresse-shop.it\/shop\/non%20class\u00e9\/smeg-dolce-gabbana-mousseur-a-lait-bleu\/"},"modified":"2025-07-04T18:00:01","modified_gmt":"2025-07-04T16:00:01","slug":"smeg-dolce-gabbana-mousseur-a-lait-bleu","status":"publish","type":"product","link":"https:\/\/dev6.erresse-shop.it\/fr\/shop\/petits-electromenagers\/mousseurs-a-lait\/smeg-dolce-gabbana-mousseur-a-lait-bleu\/","title":{"rendered":"SMEG Dolce &#038; Gabbana Mousseur \u00e0 lait bleu"},"content":{"rendered":"<p>S\u00e9rie SMEG 1950s<\/p>\n<p>Objets de rencontre symboliques, ic\u00f4nes qui transforment l\u2019espace, les nouveaux petits objets de la ligne Anni \u201950s, con\u00e7us en collaboration avec Matteo Bazzicalupo et Raffaella Mangiarotti de deepdesign, \u00e9voquent d\u2019autres temps et fa\u00e7onnent les lieux du quotidien, en investissant ce qui existe ou a exist\u00e9 d\u2019une nouvelle signification, comme cela se produit dans l\u2019art et la m\u00e9moire.<br \/>\nDes produits aux formes arrondies et compactes, protagonistes de la cuisine, con\u00e7us pour ceux qui souhaitent vivre l\u2019exp\u00e9rience d\u2019un chef, mais pas seulement. Pour ceux qui aiment s\u2019entourer d\u2019objets \u00e0 fort caract\u00e8re esth\u00e9tique sans perdre de vue la qualit\u00e9 des prestations.<\/p>\n<p>UN OBJET DESIGN BOURR\u00c9 DE TECHNOLOGIE<br \/>\nCon\u00e7u pour \u00eatre performant, facile, s\u00fbr et confortable \u00e0 utiliser. Le syst\u00e8me de chauffage par induction, s\u00fbr et rapide, n\u2019est activ\u00e9 qu\u2019apr\u00e8s la s\u00e9lection du type de pr\u00e9paration souhait\u00e9 et s\u2019\u00e9teint automatiquement \u00e0 la fin du programme.<\/p>\n<p>CAPPUCCINO, LAIT CHAUD OU CHOCOLAT CHAUD ? NE LIMITEZ PAS LE PLAISIR D\u2019UNE PAUSE<br \/>\nLe MFF01 n\u2019est pas seulement une machine \u00e0 cappuccino. Gr\u00e2ce \u00e0 6 programmes automatiques et \u00e0 une fonction manuelle, il peut pr\u00e9parer des boissons chaudes et froides avec ou sans mousse, satisfaisant ainsi pleinement les go\u00fbts personnels de chaque invit\u00e9. Il suffit de changer le fouet fourni pour utiliser le mousseur \u00e0 lait \u00e9galement pour la pr\u00e9paration de th\u00e9, de tisanes et d\u2019autres boissons chaudes solubles, comme le caf\u00e9 d\u2019orge.<\/p>\n<p>PROGRAMME CHOCOLAT<br \/>\nEn s\u00e9lectionnant la fonction chocolat et en utilisant les ingr\u00e9dients de la recette traditionnelle \u2013 lait et morceaux de chocolat \u2013 gr\u00e2ce au mouvement fluide du fouet et \u00e0 la temp\u00e9rature optimale pr\u00e9r\u00e9gl\u00e9e, on obtient sans effort un chocolat cors\u00e9, onctueux et authentique.<\/p>\n<p>AESTHETIQUE<br \/>\nCouleur : D\u00e9cor\u00e9 \/ Sp\u00e9cial<br \/>\nFinition : Brillant<br \/>\nS\u00e9rie : 50\u2019s Style<br \/>\nCollaborations : Smeg &amp; Dolce&amp;Gabbana<br \/>\nMat\u00e9riau du corps : acier inoxydable<br \/>\nMat\u00e9riau du couvercle : plastique sans BPA<br \/>\nMat\u00e9riau du bouchon doseur : plastique sans BPA<br \/>\nMat\u00e9riau de la carafe : acier inoxydable<br \/>\nCouleur de la poign\u00e9e : Gris \u00e0 l\u2019int\u00e9rieur \/ Chrome poli \u00e0 l\u2019ext\u00e9rieur<br \/>\nMat\u00e9riau de la poign\u00e9e : Plastique \u00e0 l\u2019int\u00e9rieur \/ Acier inoxydable \u00e0 l\u2019ext\u00e9rieur<br \/>\nMat\u00e9riau du col : Plastique<br \/>\nCouleur de la base : chrome poli<br \/>\nCouleur du col : Chrome poli<br \/>\nMat\u00e9riau de la plaque de base : Plastique<br \/>\nCouleur du c\u00e2ble d\u2019alimentation : Gris<\/p>\n<p>COMMANDES<br \/>\nType de commande : bouton, molette<br \/>\nMat\u00e9riau du bouton : plastique<br \/>\nMat\u00e9riau du bouton : plastique<\/p>\n<p>PROGRAMMES \/ FONCTIONS<br \/>\nFonction chocolat chaud : Oui<br \/>\nFonction lait chaud : Oui<br \/>\nFonction lait chaud avec mousse l\u00e9g\u00e8re : Oui<br \/>\nFonction lait chaud avec mousse \u00e9paisse : Oui<br \/>\nFonction lait glac\u00e9 avec mousse l\u00e9g\u00e8re : Oui<br \/>\nFonction lait glac\u00e9 avec mousse \u00e9paisse : Oui<br \/>\nFonction chaude manuelle : Oui<br \/>\nFonction lait froid manuel : Oui<\/p>\n<p>CARACT\u00c9RISTIQUES TECHNIQUES<br \/>\nSyst\u00e8me d\u2019induction avec arr\u00eat automatique : Oui<br \/>\nBouchon doseur amovible : Oui<br \/>\nCarafe amovible : Oui<br \/>\nCapacit\u00e9 de la carafe \u00e0 lait : 250 ml \/ 1 tasse<br \/>\nCapacit\u00e9 du pot \u00e0 lait et \u00e0 chocolat : 600 ml \/ 2,5 tasses<br \/>\nBase antid\u00e9rapante : Oui<br \/>\nEnrouleur de c\u00e2ble int\u00e9gr\u00e9 : Oui<\/p>\n<p>RACCORDEMENT \u00c9LECTRIQUE<br \/>\nTension : 220-240 V<br \/>\nFr\u00e9quence : 50\/60 Hz<br \/>\nPuissance : 500 W<br \/>\nLongueur du c\u00e2ble d\u2019alimentation : 1 m<\/p>\n<p>ACCESSOIRES INCLUS<br \/>\nFouet lisse pour le lait chaud et la fonction manuelle : Oui<br \/>\nFouet dentel\u00e9 pour le mousseur \u00e0 lait et la fonction manuelle : Oui<br \/>\nMat\u00e9riau du fouet : Plastique<br \/>\nCouleur du fouet : Gris<\/p>\n<p>Pas \u00e0 vendre en dehors de l\u2019Europe<\/p>\n","protected":false},"excerpt":{"rendered":"<p>S\u00e9rie SMEG 1950s Objets de rencontre symboliques, ic\u00f4nes qui transforment l\u2019espace, les nouveaux petits objets de la ligne Anni \u201950s, con\u00e7us en collaboration avec Matteo Bazzicalupo et Raffaella Mangiarotti de deepdesign, \u00e9voquent d\u2019autres temps et fa\u00e7onnent les lieux du quotidien, en investissant ce qui existe ou a exist\u00e9 d\u2019une nouvelle signification, comme cela se produit [&hellip;]<\/p>\n","protected":false},"featured_media":6367920,"template":"","meta":{"_acf_changed":false},"product_cat":[12091,12055],"product_tag":[],"class_list":{"0":"post-64000","1":"product","2":"type-product","3":"status-publish","4":"has-post-thumbnail","6":"product_cat-mousseurs-a-lait","7":"product_cat-petits-electromenagers","9":"first","10":"instock","11":"sale","12":"taxable","13":"shipping-taxable","14":"purchasable","15":"product-type-simple","swatches":"rey-swatches","show_selected":"","stretch_labels":"rey-swatches--stretch-labels"},"acf":[],"yoast_head":"<!-- This site is optimized with the Yoast SEO plugin v25.4 - https:\/\/yoast.com\/wordpress\/plugins\/seo\/ -->\n<title>SMEG Dolce &#038; Gabbana Mousseur \u00e0 lait bleu - dev6 Erresse<\/title>\n<meta name=\"description\" content=\"S\u00e9rie SMEG 1950s Objets de rencontre symboliques, ic\u00f4nes qui transforment l\u2019espace, les nouveaux petits objets de la ligne Anni \u201950s, con\u00e7us en\" \/>\n<meta name=\"robots\" content=\"noindex, follow, max-snippet:-1, max-image-preview:large, max-video-preview:-1\" \/>\n<meta property=\"og:locale\" content=\"fr_FR\" \/>\n<meta property=\"og:type\" content=\"article\" \/>\n<meta property=\"og:title\" content=\"SMEG Dolce &#038; Gabbana Mousseur \u00e0 lait bleu - dev6 Erresse\" \/>\n<meta property=\"og:description\" content=\"S\u00e9rie SMEG 1950s Objets de rencontre symboliques, ic\u00f4nes qui transforment l\u2019espace, les nouveaux petits objets de la ligne Anni \u201950s, con\u00e7us en\" \/>\n<meta property=\"og:url\" content=\"https:\/\/dev6.erresse-shop.it\/fr\/shop\/petits-electromenagers\/mousseurs-a-lait\/smeg-dolce-gabbana-mousseur-a-lait-bleu\/\" \/>\n<meta property=\"og:site_name\" content=\"dev6 Erresse\" \/>\n<meta property=\"og:image\" content=\"https:\/\/interpim.erresse-shop.it\/Import\/Prodotti\/smeg-dolce-gabbana-montalatte-blu.jpg\" \/><meta property=\"og:image\" content=\"https:\/\/interpim.erresse-shop.it\/Import\/Prodotti\/smeg-dolce-gabbana-montalatte-blu.jpg\" \/>\n\t<meta property=\"og:image:width\" content=\"1024\" \/>\n\t<meta property=\"og:image:height\" content=\"1024\" \/>\n\t<meta property=\"og:image:type\" content=\"image\/jpeg\" \/>\n<meta name=\"twitter:card\" content=\"summary_large_image\" \/>\n<meta name=\"twitter:image\" content=\"https:\/\/interpim.erresse-shop.it\/Import\/Prodotti\/smeg-dolce-gabbana-montalatte-blu.jpg\" \/>\n<script type=\"application\/ld+json\" class=\"yoast-schema-graph\">{\"@context\":\"https:\/\/schema.org\",\"@graph\":[{\"@type\":\"WebPage\",\"@id\":\"https:\/\/dev6.erresse-shop.it\/fr\/shop\/petits-electromenagers\/mousseurs-a-lait\/smeg-dolce-gabbana-mousseur-a-lait-bleu\/\",\"url\":\"https:\/\/dev6.erresse-shop.it\/fr\/shop\/petits-electromenagers\/mousseurs-a-lait\/smeg-dolce-gabbana-mousseur-a-lait-bleu\/\",\"name\":\"SMEG Dolce &#038; Gabbana Mousseur \u00e0 lait bleu - dev6 Erresse\",\"isPartOf\":{\"@id\":\"https:\/\/dev6.erresse-shop.it\/#website\"},\"primaryImageOfPage\":{\"@id\":\"https:\/\/dev6.erresse-shop.it\/fr\/shop\/petits-electromenagers\/mousseurs-a-lait\/smeg-dolce-gabbana-mousseur-a-lait-bleu\/#primaryimage\"},\"image\":{\"@id\":\"https:\/\/dev6.erresse-shop.it\/fr\/shop\/petits-electromenagers\/mousseurs-a-lait\/smeg-dolce-gabbana-mousseur-a-lait-bleu\/#primaryimage\"},\"thumbnailUrl\":\"https:\/\/i0.wp.com\/interpim.erresse-shop.it\/Import\/Prodotti\/smeg-dolce-gabbana-montalatte-blu.jpg?ssl=1\",\"datePublished\":\"2026-04-12T08:59:01+00:00\",\"description\":\"S\u00e9rie SMEG 1950s Objets de rencontre symboliques, ic\u00f4nes qui transforment l\u2019espace, les nouveaux petits objets de la ligne Anni \u201950s, con\u00e7us en\",\"breadcrumb\":{\"@id\":\"https:\/\/dev6.erresse-shop.it\/fr\/shop\/petits-electromenagers\/mousseurs-a-lait\/smeg-dolce-gabbana-mousseur-a-lait-bleu\/#breadcrumb\"},\"inLanguage\":\"fr-FR\",\"potentialAction\":[{\"@type\":\"ReadAction\",\"target\":[\"https:\/\/dev6.erresse-shop.it\/fr\/shop\/petits-electromenagers\/mousseurs-a-lait\/smeg-dolce-gabbana-mousseur-a-lait-bleu\/\"]}]},{\"@type\":\"ImageObject\",\"inLanguage\":\"fr-FR\",\"@id\":\"https:\/\/dev6.erresse-shop.it\/fr\/shop\/petits-electromenagers\/mousseurs-a-lait\/smeg-dolce-gabbana-mousseur-a-lait-bleu\/#primaryimage\",\"url\":\"https:\/\/i0.wp.com\/interpim.erresse-shop.it\/Import\/Prodotti\/smeg-dolce-gabbana-montalatte-blu.jpg?ssl=1\",\"contentUrl\":\"https:\/\/i0.wp.com\/interpim.erresse-shop.it\/Import\/Prodotti\/smeg-dolce-gabbana-montalatte-blu.jpg?ssl=1\"},{\"@type\":\"BreadcrumbList\",\"@id\":\"https:\/\/dev6.erresse-shop.it\/fr\/shop\/petits-electromenagers\/mousseurs-a-lait\/smeg-dolce-gabbana-mousseur-a-lait-bleu\/#breadcrumb\",\"itemListElement\":[{\"@type\":\"ListItem\",\"position\":1,\"name\":\"Home\",\"item\":\"https:\/\/dev6.erresse-shop.it\/\"},{\"@type\":\"ListItem\",\"position\":2,\"name\":\"Boutique\",\"item\":\"https:\/\/dev6.erresse-shop.it\/shop\/\"},{\"@type\":\"ListItem\",\"position\":3,\"name\":\"SMEG Dolce &#038; Gabbana Mousseur \u00e0 lait bleu\"}]},{\"@type\":\"WebSite\",\"@id\":\"https:\/\/dev6.erresse-shop.it\/#website\",\"url\":\"https:\/\/dev6.erresse-shop.it\/\",\"name\":\"Erresse Shop\",\"description\":\"\",\"publisher\":{\"@id\":\"https:\/\/dev6.erresse-shop.it\/#organization\"},\"potentialAction\":[{\"@type\":\"SearchAction\",\"target\":{\"@type\":\"EntryPoint\",\"urlTemplate\":\"https:\/\/dev6.erresse-shop.it\/?s={search_term_string}\"},\"query-input\":{\"@type\":\"PropertyValueSpecification\",\"valueRequired\":true,\"valueName\":\"search_term_string\"}}],\"inLanguage\":\"fr-FR\"},{\"@type\":\"Organization\",\"@id\":\"https:\/\/dev6.erresse-shop.it\/#organization\",\"name\":\"Erresse Shop\",\"url\":\"https:\/\/dev6.erresse-shop.it\/\",\"logo\":{\"@type\":\"ImageObject\",\"inLanguage\":\"fr-FR\",\"@id\":\"https:\/\/dev6.erresse-shop.it\/#\/schema\/logo\/image\/\",\"url\":\"https:\/\/dev6.erresse-shop.it\/wp-content\/uploads\/2025\/01\/LOGO-ERRESSE-CLASSICO.svg\",\"contentUrl\":\"https:\/\/dev6.erresse-shop.it\/wp-content\/uploads\/2025\/01\/LOGO-ERRESSE-CLASSICO.svg\",\"caption\":\"Erresse Shop\"},\"image\":{\"@id\":\"https:\/\/dev6.erresse-shop.it\/#\/schema\/logo\/image\/\"}}]}<\/script>\n<!-- \/ Yoast SEO plugin. -->","yoast_head_json":{"title":"SMEG Dolce &#038; Gabbana Mousseur \u00e0 lait bleu - dev6 Erresse","description":"S\u00e9rie SMEG 1950s Objets de rencontre symboliques, ic\u00f4nes qui transforment l\u2019espace, les nouveaux petits objets de la ligne Anni \u201950s, con\u00e7us en","robots":{"index":"noindex","follow":"follow","max-snippet":"max-snippet:-1","max-image-preview":"max-image-preview:large","max-video-preview":"max-video-preview:-1"},"og_locale":"fr_FR","og_type":"article","og_title":"SMEG Dolce &#038; Gabbana Mousseur \u00e0 lait bleu - dev6 Erresse","og_description":"S\u00e9rie SMEG 1950s Objets de rencontre symboliques, ic\u00f4nes qui transforment l\u2019espace, les nouveaux petits objets de la ligne Anni \u201950s, con\u00e7us en","og_url":"https:\/\/dev6.erresse-shop.it\/fr\/shop\/petits-electromenagers\/mousseurs-a-lait\/smeg-dolce-gabbana-mousseur-a-lait-bleu\/","og_site_name":"dev6 Erresse","og_image":[{"url":"https:\/\/interpim.erresse-shop.it\/Import\/Prodotti\/smeg-dolce-gabbana-montalatte-blu.jpg","type":"","width":"","height":""},{"url":"https:\/\/interpim.erresse-shop.it\/Import\/Prodotti\/smeg-dolce-gabbana-montalatte-blu.jpg","width":1024,"height":1024,"type":"image\/jpeg"}],"twitter_card":"summary_large_image","twitter_image":"https:\/\/interpim.erresse-shop.it\/Import\/Prodotti\/smeg-dolce-gabbana-montalatte-blu.jpg","schema":{"@context":"https:\/\/schema.org","@graph":[{"@type":"WebPage","@id":"https:\/\/dev6.erresse-shop.it\/fr\/shop\/petits-electromenagers\/mousseurs-a-lait\/smeg-dolce-gabbana-mousseur-a-lait-bleu\/","url":"https:\/\/dev6.erresse-shop.it\/fr\/shop\/petits-electromenagers\/mousseurs-a-lait\/smeg-dolce-gabbana-mousseur-a-lait-bleu\/","name":"SMEG Dolce &#038; Gabbana Mousseur \u00e0 lait bleu - dev6 Erresse","isPartOf":{"@id":"https:\/\/dev6.erresse-shop.it\/#website"},"primaryImageOfPage":{"@id":"https:\/\/dev6.erresse-shop.it\/fr\/shop\/petits-electromenagers\/mousseurs-a-lait\/smeg-dolce-gabbana-mousseur-a-lait-bleu\/#primaryimage"},"image":{"@id":"https:\/\/dev6.erresse-shop.it\/fr\/shop\/petits-electromenagers\/mousseurs-a-lait\/smeg-dolce-gabbana-mousseur-a-lait-bleu\/#primaryimage"},"thumbnailUrl":"https:\/\/i0.wp.com\/interpim.erresse-shop.it\/Import\/Prodotti\/smeg-dolce-gabbana-montalatte-blu.jpg?ssl=1","datePublished":"2026-04-12T08:59:01+00:00","description":"S\u00e9rie SMEG 1950s Objets de rencontre symboliques, ic\u00f4nes qui transforment l\u2019espace, les nouveaux petits objets de la ligne Anni \u201950s, con\u00e7us en","breadcrumb":{"@id":"https:\/\/dev6.erresse-shop.it\/fr\/shop\/petits-electromenagers\/mousseurs-a-lait\/smeg-dolce-gabbana-mousseur-a-lait-bleu\/#breadcrumb"},"inLanguage":"fr-FR","potentialAction":[{"@type":"ReadAction","target":["https:\/\/dev6.erresse-shop.it\/fr\/shop\/petits-electromenagers\/mousseurs-a-lait\/smeg-dolce-gabbana-mousseur-a-lait-bleu\/"]}]},{"@type":"ImageObject","inLanguage":"fr-FR","@id":"https:\/\/dev6.erresse-shop.it\/fr\/shop\/petits-electromenagers\/mousseurs-a-lait\/smeg-dolce-gabbana-mousseur-a-lait-bleu\/#primaryimage","url":"https:\/\/i0.wp.com\/interpim.erresse-shop.it\/Import\/Prodotti\/smeg-dolce-gabbana-montalatte-blu.jpg?ssl=1","contentUrl":"https:\/\/i0.wp.com\/interpim.erresse-shop.it\/Import\/Prodotti\/smeg-dolce-gabbana-montalatte-blu.jpg?ssl=1"},{"@type":"BreadcrumbList","@id":"https:\/\/dev6.erresse-shop.it\/fr\/shop\/petits-electromenagers\/mousseurs-a-lait\/smeg-dolce-gabbana-mousseur-a-lait-bleu\/#breadcrumb","itemListElement":[{"@type":"ListItem","position":1,"name":"Home","item":"https:\/\/dev6.erresse-shop.it\/"},{"@type":"ListItem","position":2,"name":"Boutique","item":"https:\/\/dev6.erresse-shop.it\/shop\/"},{"@type":"ListItem","position":3,"name":"SMEG Dolce &#038; Gabbana Mousseur \u00e0 lait bleu"}]},{"@type":"WebSite","@id":"https:\/\/dev6.erresse-shop.it\/#website","url":"https:\/\/dev6.erresse-shop.it\/","name":"Erresse Shop","description":"","publisher":{"@id":"https:\/\/dev6.erresse-shop.it\/#organization"},"potentialAction":[{"@type":"SearchAction","target":{"@type":"EntryPoint","urlTemplate":"https:\/\/dev6.erresse-shop.it\/?s={search_term_string}"},"query-input":{"@type":"PropertyValueSpecification","valueRequired":true,"valueName":"search_term_string"}}],"inLanguage":"fr-FR"},{"@type":"Organization","@id":"https:\/\/dev6.erresse-shop.it\/#organization","name":"Erresse Shop","url":"https:\/\/dev6.erresse-shop.it\/","logo":{"@type":"ImageObject","inLanguage":"fr-FR","@id":"https:\/\/dev6.erresse-shop.it\/#\/schema\/logo\/image\/","url":"https:\/\/dev6.erresse-shop.it\/wp-content\/uploads\/2025\/01\/LOGO-ERRESSE-CLASSICO.svg","contentUrl":"https:\/\/dev6.erresse-shop.it\/wp-content\/uploads\/2025\/01\/LOGO-ERRESSE-CLASSICO.svg","caption":"Erresse Shop"},"image":{"@id":"https:\/\/dev6.erresse-shop.it\/#\/schema\/logo\/image\/"}}]}},"df_price":549,"df_sale_price":549,"df_regular_price":599,"df_image_link":"https:\/\/i0.wp.com\/interpim.erresse-shop.it\/Import\/Prodotti\/smeg-dolce-gabbana-montalatte-blu.jpg?resize=300,300&ssl=1","fifu_image_url":"https:\/\/interpim.erresse-shop.it\/Import\/Prodotti\/smeg-dolce-gabbana-montalatte-blu.jpg","_links":{"self":[{"href":"https:\/\/dev6.erresse-shop.it\/fr\/wp-json\/wp\/v2\/product\/64000","targetHints":{"allow":["GET"]}}],"collection":[{"href":"https:\/\/dev6.erresse-shop.it\/fr\/wp-json\/wp\/v2\/product"}],"about":[{"href":"https:\/\/dev6.erresse-shop.it\/fr\/wp-json\/wp\/v2\/types\/product"}],"wp:featuredmedia":[{"embeddable":true,"href":"https:\/\/dev6.erresse-shop.it\/fr\/wp-json\/wp\/v2\/media\/6367920"}],"wp:attachment":[{"href":"https:\/\/dev6.erresse-shop.it\/fr\/wp-json\/wp\/v2\/media?parent=64000"}],"wp:term":[{"taxonomy":"product_cat","embeddable":true,"href":"https:\/\/dev6.erresse-shop.it\/fr\/wp-json\/wp\/v2\/product_cat?post=64000"},{"taxonomy":"product_tag","embeddable":true,"href":"https:\/\/dev6.erresse-shop.it\/fr\/wp-json\/wp\/v2\/product_tag?post=64000"}],"curies":[{"name":"wp","href":"https:\/\/api.w.org\/{rel}","templated":true}]}}