{"id":63996,"date":"2026-04-12T10:59:01","date_gmt":"2026-04-12T08:59:01","guid":{"rendered":"https:\/\/dev6.erresse-shop.it\/shop\/non%20class\u00e9\/smeg-dolce-gabbana-moulin-a-cafe-bleu\/"},"modified":"2026-01-16T22:15:56","modified_gmt":"2026-01-16T21:15:56","slug":"smeg-dolce-gabbana-moulin-a-cafe-bleu","status":"publish","type":"product","link":"https:\/\/dev6.erresse-shop.it\/fr\/shop\/petits-electromenagers\/moulins-a-cafe\/smeg-dolce-gabbana-moulin-a-cafe-bleu\/","title":{"rendered":"SMEG Dolce &#038; Gabbana Moulin \u00e0 caf\u00e9 bleu"},"content":{"rendered":"<p>S\u00e9rie SMEG 50s<\/p>\n<p>Objets de rencontre symboliques, ic\u00f4nes qui transforment l\u2019espace qu\u2019ils occupent, les nouveaux petits de la ligne Anni \u201950s, con\u00e7us en collaboration avec Matteo Bazzicalupo et Raffaella Mangiarotti de deepdesign, \u00e9voquent d\u2019autres temps et fa\u00e7onnent des lieux quotidiens, en investissant ce qui existe ou a exist\u00e9 d\u2019une nouvelle signification, comme cela se produit dans l\u2019art et la m\u00e9moire.<br \/>\nDes produits aux formes arrondies et compactes, protagonistes de la cuisine, con\u00e7us pour ceux qui souhaitent vivre l\u2019exp\u00e9rience d\u2019un chef, mais pas seulement. Pour ceux qui aiment s\u2019entourer d\u2019objets \u00e0 fort caract\u00e8re esth\u00e9tique sans perdre de vue la qualit\u00e9 des prestations.<\/p>\n<p>\u00c9TUDI\u00c9 DANS LES MOINDRES D\u00c9TAILS<br \/>\nSelon la fonction et l\u2019utilisation souhait\u00e9es, il est possible de moudre dans le r\u00e9cipient fourni ou directement dans le porte-filtre de votre machine \u00e0 espresso.<\/p>\n<p>LA QUALIT\u00c9 POUR LES VRAIS CONNAISSEURS<br \/>\nLa CGF01 est dot\u00e9e d\u2019un corps en aluminium moul\u00e9 sous pression et de broyeurs coniques en acier inoxydable pour une mouture lisse qui pr\u00e9serve tous les ar\u00f4mes du caf\u00e9 sans en alt\u00e9rer la saveur. Les moulins amovibles permettent un nettoyage pratique et pr\u00e9cis, et le syst\u00e8me de s\u00e9curit\u00e9 emp\u00eache tout allumage accidentel si le bac \u00e0 grains est retir\u00e9 de son logement.<\/p>\n<p>UNE MOUTURE PARFAITE POUR CHAQUE MACHINE ET CHAQUE GO\u00dbT<br \/>\nLe levier pratique vous permet de s\u00e9lectionner intuitivement et facilement le niveau de mouture en choisissant jusqu\u2019\u00e0 30 niveaux diff\u00e9rents pour obtenir la mouture parfaite pour chaque machine et chaque go\u00fbt. Le moulin \u00e0 caf\u00e9 Smeg permet d\u2019obtenir une poudre parfaite pour les machines \u00e0 expresso, les machines \u00e0 moka, les cafeti\u00e8res am\u00e9ricaines et les presses fran\u00e7aises.<\/p>\n<p>ESTH\u00c9TIQUE<\/p>\n<p>Dolce&amp;Gabbana et Smeg unissent leurs \u00e2mes artistiques, cr\u00e9ant des designs Made in Italy uniques et originaux tels que Blu Mediterraneo. La nouvelle collection de petits appareils \u00e9lectrom\u00e9nagers est cr\u00e9\u00e9e par Smeg, avec le design de Matteo Bazzicalupo et Raffaella Mangiarotti (deepdesign) et la cr\u00e9ativit\u00e9 inimitable de Dolce&amp;Gabbana.<\/p>\n<p>Couleur : D\u00e9cor\u00e9e \/ Sp\u00e9ciale<br \/>\nFinition : Polie<br \/>\nEsth\u00e9tique : Style ann\u00e9es 50<br \/>\nMat\u00e9riau du corps : Aluminium moul\u00e9 sous pression<br \/>\nCouleur de la base : chrome poli<br \/>\nMat\u00e9riau du haricot : Plastique sans PBA<br \/>\nMat\u00e9riau du couvercle du r\u00e9cipient \u00e0 grains : Plastique sans PBA<br \/>\nMat\u00e9riau du broyeur : Acier inoxydable<br \/>\nType de mouture : Conique<br \/>\nMat\u00e9riau du couvercle du r\u00e9cipient \u00e0 caf\u00e9 moulu : Plastique et silicone<br \/>\nMat\u00e9riau du r\u00e9cipient \u00e0 caf\u00e9 moulu : Plastique sans PBA<br \/>\nMat\u00e9riau du socle : Plastique<br \/>\nMat\u00e9riau du levier de r\u00e9glage de la mouture : SUS 304<\/p>\n<p>COMMANDES<br \/>\nType de commandes : Bouton, bouton, levier<br \/>\nMat\u00e9riau de la brosse de nettoyage : plastique<br \/>\nMat\u00e9riau du porte-filtre : plastique<br \/>\nMat\u00e9riau du bouton : plastique<br \/>\nMat\u00e9riau de la soucoupe : acier<br \/>\nMat\u00e9riau du bouton : plastique<\/p>\n<p>PROGRAMMES \/ FONCTIONS<br \/>\nPersonnalisation de la quantit\u00e9 de caf\u00e9 : Oui<br \/>\nBac \u00e0 grains avec syst\u00e8me Twist &amp; Lock : Oui<br \/>\nNiveau de mouture r\u00e9glable : Oui<br \/>\nNiveaux de mouture disponibles : 30<br \/>\nNiveaux de mouture disponibles : FIN, MOYEN, GROS<br \/>\nFonctions espresso : simple, double<br \/>\nFonctions pour le caf\u00e9 am\u00e9ricain\/ French Press : 6<br \/>\nFonction manuelle : Oui<\/p>\n<p>CARACT\u00c9RISTIQUES TECHNIQUES<br \/>\nBase antid\u00e9rapante : Oui<br \/>\nSyst\u00e8me antistatique : Oui<br \/>\nCapacit\u00e9 du r\u00e9servoir \u00e0 caf\u00e9 en grains : 350 gr<br \/>\nCapacit\u00e9 du r\u00e9servoir \u00e0 caf\u00e9 moulu : 130 gr<br \/>\nMoulin sup\u00e9rieur amovible : Oui<br \/>\nSoucoupe amovible : Oui<br \/>\nEnrouleur de c\u00e2ble int\u00e9gr\u00e9 : Oui<br \/>\nPuissance : 150 W<\/p>\n<p>CONNEXION \u00c9LECTRIQUE<br \/>\nType de fiche : Schuko<br \/>\nTension (V) : 220-240 V<br \/>\nFr\u00e9quence Hz : 50-60 Hz<br \/>\nLongueur du c\u00e2ble d\u2019alimentation : 1 m<\/p>\n<p>ACCESSOIRES INCLUS<br \/>\nBrosse de nettoyage : Oui<br \/>\nCentrage du porte-filtre : Oui<br \/>\nR\u00e9cipient pour le caf\u00e9 moulu : Oui<\/p>\n<p>Not for sale outside from Europe<\/p>\n","protected":false},"excerpt":{"rendered":"<p>S\u00e9rie SMEG 50s Objets de rencontre symboliques, ic\u00f4nes qui transforment l\u2019espace qu\u2019ils occupent, les nouveaux petits de la ligne Anni \u201950s, con\u00e7us en collaboration avec Matteo Bazzicalupo et Raffaella Mangiarotti de deepdesign, \u00e9voquent d\u2019autres temps et fa\u00e7onnent des lieux quotidiens, en investissant ce qui existe ou a exist\u00e9 d\u2019une nouvelle signification, comme cela se produit [&hellip;]<\/p>\n","protected":false},"featured_media":6367893,"template":"","meta":{"_acf_changed":false},"product_cat":[12089,12055],"product_tag":[],"class_list":{"0":"post-63996","1":"product","2":"type-product","3":"status-publish","4":"has-post-thumbnail","6":"product_cat-moulins-a-cafe","7":"product_cat-petits-electromenagers","9":"first","10":"instock","11":"sale","12":"taxable","13":"shipping-taxable","14":"purchasable","15":"product-type-simple","swatches":"rey-swatches","show_selected":"","stretch_labels":"rey-swatches--stretch-labels"},"acf":[],"yoast_head":"<!-- This site is optimized with the Yoast SEO plugin v25.4 - https:\/\/yoast.com\/wordpress\/plugins\/seo\/ -->\n<title>SMEG Dolce &#038; Gabbana Moulin \u00e0 caf\u00e9 bleu - dev6 Erresse<\/title>\n<meta name=\"description\" content=\"S\u00e9rie SMEG 50s Objets de rencontre symboliques, ic\u00f4nes qui transforment l\u2019espace qu\u2019ils occupent, les nouveaux petits de la ligne Anni \u201950s, con\u00e7us en\" \/>\n<meta name=\"robots\" content=\"noindex, follow, max-snippet:-1, max-image-preview:large, max-video-preview:-1\" \/>\n<meta property=\"og:locale\" content=\"fr_FR\" \/>\n<meta property=\"og:type\" content=\"article\" \/>\n<meta property=\"og:title\" content=\"SMEG Dolce &#038; Gabbana Moulin \u00e0 caf\u00e9 bleu - dev6 Erresse\" \/>\n<meta property=\"og:description\" content=\"S\u00e9rie SMEG 50s Objets de rencontre symboliques, ic\u00f4nes qui transforment l\u2019espace qu\u2019ils occupent, les nouveaux petits de la ligne Anni \u201950s, con\u00e7us en\" \/>\n<meta property=\"og:url\" content=\"https:\/\/dev6.erresse-shop.it\/fr\/shop\/petits-electromenagers\/moulins-a-cafe\/smeg-dolce-gabbana-moulin-a-cafe-bleu\/\" \/>\n<meta property=\"og:site_name\" content=\"dev6 Erresse\" \/>\n<meta property=\"og:image\" content=\"https:\/\/interpim.erresse-shop.it\/img-catalogo\/smeg\/smeg-dolce-gabbana-macinacaffe-blu.jpg\" \/><meta property=\"og:image\" content=\"https:\/\/interpim.erresse-shop.it\/img-catalogo\/smeg\/smeg-dolce-gabbana-macinacaffe-blu.jpg\" \/>\n\t<meta property=\"og:image:width\" content=\"1024\" \/>\n\t<meta property=\"og:image:height\" content=\"1024\" \/>\n\t<meta property=\"og:image:type\" content=\"image\/jpeg\" \/>\n<meta name=\"twitter:card\" content=\"summary_large_image\" \/>\n<meta name=\"twitter:image\" content=\"https:\/\/interpim.erresse-shop.it\/img-catalogo\/smeg\/smeg-dolce-gabbana-macinacaffe-blu.jpg\" \/>\n<script type=\"application\/ld+json\" class=\"yoast-schema-graph\">{\"@context\":\"https:\/\/schema.org\",\"@graph\":[{\"@type\":\"WebPage\",\"@id\":\"https:\/\/dev6.erresse-shop.it\/fr\/shop\/petits-electromenagers\/moulins-a-cafe\/smeg-dolce-gabbana-moulin-a-cafe-bleu\/\",\"url\":\"https:\/\/dev6.erresse-shop.it\/fr\/shop\/petits-electromenagers\/moulins-a-cafe\/smeg-dolce-gabbana-moulin-a-cafe-bleu\/\",\"name\":\"SMEG Dolce &#038; Gabbana Moulin \u00e0 caf\u00e9 bleu - dev6 Erresse\",\"isPartOf\":{\"@id\":\"https:\/\/dev6.erresse-shop.it\/#website\"},\"primaryImageOfPage\":{\"@id\":\"https:\/\/dev6.erresse-shop.it\/fr\/shop\/petits-electromenagers\/moulins-a-cafe\/smeg-dolce-gabbana-moulin-a-cafe-bleu\/#primaryimage\"},\"image\":{\"@id\":\"https:\/\/dev6.erresse-shop.it\/fr\/shop\/petits-electromenagers\/moulins-a-cafe\/smeg-dolce-gabbana-moulin-a-cafe-bleu\/#primaryimage\"},\"thumbnailUrl\":\"https:\/\/i0.wp.com\/interpim.erresse-shop.it\/img-catalogo\/smeg\/smeg-dolce-gabbana-macinacaffe-blu.jpg?ssl=1\",\"datePublished\":\"2026-04-12T08:59:01+00:00\",\"description\":\"S\u00e9rie SMEG 50s Objets de rencontre symboliques, ic\u00f4nes qui transforment l\u2019espace qu\u2019ils occupent, les nouveaux petits de la ligne Anni \u201950s, con\u00e7us en\",\"breadcrumb\":{\"@id\":\"https:\/\/dev6.erresse-shop.it\/fr\/shop\/petits-electromenagers\/moulins-a-cafe\/smeg-dolce-gabbana-moulin-a-cafe-bleu\/#breadcrumb\"},\"inLanguage\":\"fr-FR\",\"potentialAction\":[{\"@type\":\"ReadAction\",\"target\":[\"https:\/\/dev6.erresse-shop.it\/fr\/shop\/petits-electromenagers\/moulins-a-cafe\/smeg-dolce-gabbana-moulin-a-cafe-bleu\/\"]}]},{\"@type\":\"ImageObject\",\"inLanguage\":\"fr-FR\",\"@id\":\"https:\/\/dev6.erresse-shop.it\/fr\/shop\/petits-electromenagers\/moulins-a-cafe\/smeg-dolce-gabbana-moulin-a-cafe-bleu\/#primaryimage\",\"url\":\"https:\/\/i0.wp.com\/interpim.erresse-shop.it\/img-catalogo\/smeg\/smeg-dolce-gabbana-macinacaffe-blu.jpg?ssl=1\",\"contentUrl\":\"https:\/\/i0.wp.com\/interpim.erresse-shop.it\/img-catalogo\/smeg\/smeg-dolce-gabbana-macinacaffe-blu.jpg?ssl=1\"},{\"@type\":\"BreadcrumbList\",\"@id\":\"https:\/\/dev6.erresse-shop.it\/fr\/shop\/petits-electromenagers\/moulins-a-cafe\/smeg-dolce-gabbana-moulin-a-cafe-bleu\/#breadcrumb\",\"itemListElement\":[{\"@type\":\"ListItem\",\"position\":1,\"name\":\"Home\",\"item\":\"https:\/\/dev6.erresse-shop.it\/\"},{\"@type\":\"ListItem\",\"position\":2,\"name\":\"Boutique\",\"item\":\"https:\/\/dev6.erresse-shop.it\/shop\/\"},{\"@type\":\"ListItem\",\"position\":3,\"name\":\"SMEG Dolce &#038; Gabbana Moulin \u00e0 caf\u00e9 bleu\"}]},{\"@type\":\"WebSite\",\"@id\":\"https:\/\/dev6.erresse-shop.it\/#website\",\"url\":\"https:\/\/dev6.erresse-shop.it\/\",\"name\":\"Erresse Shop\",\"description\":\"\",\"publisher\":{\"@id\":\"https:\/\/dev6.erresse-shop.it\/#organization\"},\"potentialAction\":[{\"@type\":\"SearchAction\",\"target\":{\"@type\":\"EntryPoint\",\"urlTemplate\":\"https:\/\/dev6.erresse-shop.it\/?s={search_term_string}\"},\"query-input\":{\"@type\":\"PropertyValueSpecification\",\"valueRequired\":true,\"valueName\":\"search_term_string\"}}],\"inLanguage\":\"fr-FR\"},{\"@type\":\"Organization\",\"@id\":\"https:\/\/dev6.erresse-shop.it\/#organization\",\"name\":\"Erresse Shop\",\"url\":\"https:\/\/dev6.erresse-shop.it\/\",\"logo\":{\"@type\":\"ImageObject\",\"inLanguage\":\"fr-FR\",\"@id\":\"https:\/\/dev6.erresse-shop.it\/#\/schema\/logo\/image\/\",\"url\":\"https:\/\/dev6.erresse-shop.it\/wp-content\/uploads\/2025\/01\/LOGO-ERRESSE-CLASSICO.svg\",\"contentUrl\":\"https:\/\/dev6.erresse-shop.it\/wp-content\/uploads\/2025\/01\/LOGO-ERRESSE-CLASSICO.svg\",\"caption\":\"Erresse Shop\"},\"image\":{\"@id\":\"https:\/\/dev6.erresse-shop.it\/#\/schema\/logo\/image\/\"}}]}<\/script>\n<!-- \/ Yoast SEO plugin. -->","yoast_head_json":{"title":"SMEG Dolce &#038; Gabbana Moulin \u00e0 caf\u00e9 bleu - dev6 Erresse","description":"S\u00e9rie SMEG 50s Objets de rencontre symboliques, ic\u00f4nes qui transforment l\u2019espace qu\u2019ils occupent, les nouveaux petits de la ligne Anni \u201950s, con\u00e7us en","robots":{"index":"noindex","follow":"follow","max-snippet":"max-snippet:-1","max-image-preview":"max-image-preview:large","max-video-preview":"max-video-preview:-1"},"og_locale":"fr_FR","og_type":"article","og_title":"SMEG Dolce &#038; Gabbana Moulin \u00e0 caf\u00e9 bleu - dev6 Erresse","og_description":"S\u00e9rie SMEG 50s Objets de rencontre symboliques, ic\u00f4nes qui transforment l\u2019espace qu\u2019ils occupent, les nouveaux petits de la ligne Anni \u201950s, con\u00e7us en","og_url":"https:\/\/dev6.erresse-shop.it\/fr\/shop\/petits-electromenagers\/moulins-a-cafe\/smeg-dolce-gabbana-moulin-a-cafe-bleu\/","og_site_name":"dev6 Erresse","og_image":[{"url":"https:\/\/interpim.erresse-shop.it\/img-catalogo\/smeg\/smeg-dolce-gabbana-macinacaffe-blu.jpg","type":"","width":"","height":""},{"url":"https:\/\/interpim.erresse-shop.it\/img-catalogo\/smeg\/smeg-dolce-gabbana-macinacaffe-blu.jpg","width":1024,"height":1024,"type":"image\/jpeg"}],"twitter_card":"summary_large_image","twitter_image":"https:\/\/interpim.erresse-shop.it\/img-catalogo\/smeg\/smeg-dolce-gabbana-macinacaffe-blu.jpg","schema":{"@context":"https:\/\/schema.org","@graph":[{"@type":"WebPage","@id":"https:\/\/dev6.erresse-shop.it\/fr\/shop\/petits-electromenagers\/moulins-a-cafe\/smeg-dolce-gabbana-moulin-a-cafe-bleu\/","url":"https:\/\/dev6.erresse-shop.it\/fr\/shop\/petits-electromenagers\/moulins-a-cafe\/smeg-dolce-gabbana-moulin-a-cafe-bleu\/","name":"SMEG Dolce &#038; Gabbana Moulin \u00e0 caf\u00e9 bleu - dev6 Erresse","isPartOf":{"@id":"https:\/\/dev6.erresse-shop.it\/#website"},"primaryImageOfPage":{"@id":"https:\/\/dev6.erresse-shop.it\/fr\/shop\/petits-electromenagers\/moulins-a-cafe\/smeg-dolce-gabbana-moulin-a-cafe-bleu\/#primaryimage"},"image":{"@id":"https:\/\/dev6.erresse-shop.it\/fr\/shop\/petits-electromenagers\/moulins-a-cafe\/smeg-dolce-gabbana-moulin-a-cafe-bleu\/#primaryimage"},"thumbnailUrl":"https:\/\/i0.wp.com\/interpim.erresse-shop.it\/img-catalogo\/smeg\/smeg-dolce-gabbana-macinacaffe-blu.jpg?ssl=1","datePublished":"2026-04-12T08:59:01+00:00","description":"S\u00e9rie SMEG 50s Objets de rencontre symboliques, ic\u00f4nes qui transforment l\u2019espace qu\u2019ils occupent, les nouveaux petits de la ligne Anni \u201950s, con\u00e7us en","breadcrumb":{"@id":"https:\/\/dev6.erresse-shop.it\/fr\/shop\/petits-electromenagers\/moulins-a-cafe\/smeg-dolce-gabbana-moulin-a-cafe-bleu\/#breadcrumb"},"inLanguage":"fr-FR","potentialAction":[{"@type":"ReadAction","target":["https:\/\/dev6.erresse-shop.it\/fr\/shop\/petits-electromenagers\/moulins-a-cafe\/smeg-dolce-gabbana-moulin-a-cafe-bleu\/"]}]},{"@type":"ImageObject","inLanguage":"fr-FR","@id":"https:\/\/dev6.erresse-shop.it\/fr\/shop\/petits-electromenagers\/moulins-a-cafe\/smeg-dolce-gabbana-moulin-a-cafe-bleu\/#primaryimage","url":"https:\/\/i0.wp.com\/interpim.erresse-shop.it\/img-catalogo\/smeg\/smeg-dolce-gabbana-macinacaffe-blu.jpg?ssl=1","contentUrl":"https:\/\/i0.wp.com\/interpim.erresse-shop.it\/img-catalogo\/smeg\/smeg-dolce-gabbana-macinacaffe-blu.jpg?ssl=1"},{"@type":"BreadcrumbList","@id":"https:\/\/dev6.erresse-shop.it\/fr\/shop\/petits-electromenagers\/moulins-a-cafe\/smeg-dolce-gabbana-moulin-a-cafe-bleu\/#breadcrumb","itemListElement":[{"@type":"ListItem","position":1,"name":"Home","item":"https:\/\/dev6.erresse-shop.it\/"},{"@type":"ListItem","position":2,"name":"Boutique","item":"https:\/\/dev6.erresse-shop.it\/shop\/"},{"@type":"ListItem","position":3,"name":"SMEG Dolce &#038; Gabbana Moulin \u00e0 caf\u00e9 bleu"}]},{"@type":"WebSite","@id":"https:\/\/dev6.erresse-shop.it\/#website","url":"https:\/\/dev6.erresse-shop.it\/","name":"Erresse Shop","description":"","publisher":{"@id":"https:\/\/dev6.erresse-shop.it\/#organization"},"potentialAction":[{"@type":"SearchAction","target":{"@type":"EntryPoint","urlTemplate":"https:\/\/dev6.erresse-shop.it\/?s={search_term_string}"},"query-input":{"@type":"PropertyValueSpecification","valueRequired":true,"valueName":"search_term_string"}}],"inLanguage":"fr-FR"},{"@type":"Organization","@id":"https:\/\/dev6.erresse-shop.it\/#organization","name":"Erresse Shop","url":"https:\/\/dev6.erresse-shop.it\/","logo":{"@type":"ImageObject","inLanguage":"fr-FR","@id":"https:\/\/dev6.erresse-shop.it\/#\/schema\/logo\/image\/","url":"https:\/\/dev6.erresse-shop.it\/wp-content\/uploads\/2025\/01\/LOGO-ERRESSE-CLASSICO.svg","contentUrl":"https:\/\/dev6.erresse-shop.it\/wp-content\/uploads\/2025\/01\/LOGO-ERRESSE-CLASSICO.svg","caption":"Erresse Shop"},"image":{"@id":"https:\/\/dev6.erresse-shop.it\/#\/schema\/logo\/image\/"}}]}},"df_price":649,"df_sale_price":649,"df_regular_price":799,"df_image_link":"https:\/\/i0.wp.com\/interpim.erresse-shop.it\/img-catalogo\/smeg\/smeg-dolce-gabbana-macinacaffe-blu.jpg?resize=300,300&ssl=1","fifu_image_url":"https:\/\/interpim.erresse-shop.it\/img-catalogo\/smeg\/smeg-dolce-gabbana-macinacaffe-blu.jpg","_links":{"self":[{"href":"https:\/\/dev6.erresse-shop.it\/fr\/wp-json\/wp\/v2\/product\/63996","targetHints":{"allow":["GET"]}}],"collection":[{"href":"https:\/\/dev6.erresse-shop.it\/fr\/wp-json\/wp\/v2\/product"}],"about":[{"href":"https:\/\/dev6.erresse-shop.it\/fr\/wp-json\/wp\/v2\/types\/product"}],"wp:featuredmedia":[{"embeddable":true,"href":"https:\/\/dev6.erresse-shop.it\/fr\/wp-json\/wp\/v2\/media\/6367893"}],"wp:attachment":[{"href":"https:\/\/dev6.erresse-shop.it\/fr\/wp-json\/wp\/v2\/media?parent=63996"}],"wp:term":[{"taxonomy":"product_cat","embeddable":true,"href":"https:\/\/dev6.erresse-shop.it\/fr\/wp-json\/wp\/v2\/product_cat?post=63996"},{"taxonomy":"product_tag","embeddable":true,"href":"https:\/\/dev6.erresse-shop.it\/fr\/wp-json\/wp\/v2\/product_tag?post=63996"}],"curies":[{"name":"wp","href":"https:\/\/api.w.org\/{rel}","templated":true}]}}