{"id":63986,"date":"2026-04-04T10:56:22","date_gmt":"2026-04-04T08:56:22","guid":{"rendered":"https:\/\/dev6.erresse-shop.it\/shop\/non%20class\u00e9\/smeg-balance-de-cuisine-noire\/"},"modified":"2025-11-22T18:01:23","modified_gmt":"2025-11-22T17:01:23","slug":"smeg-balance-de-cuisine-noire","status":"publish","type":"product","link":"https:\/\/dev6.erresse-shop.it\/fr\/shop\/petits-electromenagers\/balances\/smeg-balance-de-cuisine-noire\/","title":{"rendered":"SMEG Balance de cuisine noire"},"content":{"rendered":"<p>Il y a de la place pour tout ce dont vous avez besoin et la balance de cuisine Smeg est l\u2019objet compact et polyvalent qui allie le plaisir du design \u00e0 la passion de la cuisine.<\/p>\n<p>Concevoir une balance num\u00e9rique<\/p>\n<p>La balance de cuisine num\u00e9rique Smeg est l\u2019accessoire id\u00e9al pour ceux qui recherchent pr\u00e9cision, style et praticit\u00e9 en cuisine. Sa structure l\u00e9g\u00e8re et son design raffin\u00e9, caract\u00e9ris\u00e9 par un panneau en aluminium bross\u00e9 et une surface color\u00e9e mate, en font un authentique objet de design.<\/p>\n<p>Le bol amovible en acier inoxydable de 1,8 litre donne non seulement de l\u2019\u00e9l\u00e9gance \u00e0 la balance, mais offre \u00e9galement une facilit\u00e9 de nettoyage et d\u2019entretien, \u00e9tant lavable au lave-vaisselle, hygi\u00e9nique et r\u00e9sistant aux odeurs. L\u2019\u00e9cran LED et les boutons en aluminium compl\u00e8tent son look moderne et sophistiqu\u00e9, rendant la cuisine encore plus accueillante et tendance.<\/p>\n<p>Pr\u00e9cis et polyvalent<\/p>\n<p>Avec une capacit\u00e9 maximale de 5 kg et une pr\u00e9cision de mesure de 1 gramme, la balance Smeg vous permet de peser tout type d\u2019ingr\u00e9dient avec une pr\u00e9cision absolue.<\/p>\n<p>La fonction tare permet de r\u00e9initialiser le poids du bol, vous permettant ainsi de peser les ingr\u00e9dients les uns apr\u00e8s les autres sans avoir \u00e0 repartir de z\u00e9ro. De plus, il est possible de s\u00e9lectionner jusqu\u2019\u00e0 4 unit\u00e9s de mesure et d\u2019effectuer des conversions, garantissant la flexibilit\u00e9 n\u00e9cessaire pour les recettes de tous types.<\/p>\n<p>Batterie rechargeable<\/p>\n<p>Gr\u00e2ce \u00e0 la batterie lithium-ion rechargeable, la balance num\u00e9rique Smeg est une excellente solution pour ceux qui recherchent praticit\u00e9 et fiabilit\u00e9. Le chargement par c\u00e2ble USB \u00e9limine le besoin de remplacer fr\u00e9quemment les piles, tandis que le mode veille automatique r\u00e9duit la consommation d\u2019\u00e9nergie en \u00e9teignant la balance lorsqu\u2019elle n\u2019est pas utilis\u00e9e.<br \/>\nCette fonctionnalit\u00e9 prolonge non seulement la dur\u00e9e de vie de la batterie, mais contribue \u00e9galement \u00e0 une approche plus \u00e9cologique de la cuisine.<\/p>\n<p>ESTH\u00c9TIQUE\n<\/p>\n<p class=\"p1\">Couleur\u00a0: Noir<br \/>\nFinition\u00a0: Mat<br \/>\nEsth\u00e9tique\u00a0: Collection<br \/>\nFinition du panneau sup\u00e9rieur\u00a0: Bross\u00e9 avec bord poli<br \/>\nMat\u00e9riau ext\u00e9rieur du bol\u00a0: Plastique<br \/>\nFinition externe de la cuve\u00a0: Polie<br \/>\nMat\u00e9riau boutons\u00a0: Aluminium<br \/>\nMat\u00e9riau panneau tige\u00a0: Aluminium<br \/>\nFinition de base\u00a0: Mat<br \/>\nFinition interne de la cuve\u00a0: Bross\u00e9<br \/>\nCouleur de base\u00a0: Blanc<br \/>\nMat\u00e9riau interne du bol\u00a0: Acier inoxydable<br \/>\nMat\u00e9riau de base\u00a0: Plastique<br \/>\nMat\u00e9riau des pieds antid\u00e9rapants\u00a0: Plastique<br \/>\nCouleur du c\u00e2ble USB\u00a0: Gris fonc\u00e9<\/p>\n<p>PROGRAMMES \/ FONCTIONS<\/p>\n<p class=\"p1\">Mode veille\u00a0: Oui<br \/>\nFonction d\u2019unit\u00e9 de mesure\u00a0: Oui<br \/>\nFonction Tare\u00a0: Oui<\/p>\n<p>COMMANDES<\/p>\n<p>Affichage LED\u00a0: Oui<br \/>\nCouleur LED allum\u00e9e\u00a0: Blanc<br \/>\nType de champs\u00a0: Boutons<br \/>\nInterrupteur ON\/OFF\u00a0: Oui<br \/>\nBouton d\u2019activation\/UNIT\u00a0: Oui<br \/>\nTouche TARE\u00a0: Oui<\/p>\n<p>CARACT\u00c9RISTIQUES TECHNIQUES<\/p>\n<p class=\"p2\">Capacit\u00e9 maximale\u00a0: 5 kg \/ 5 000 ml \/ 11 lb \/ 175 fl.oz<br \/>\nIncr\u00e9ments\u00a0: 1 g \/ 1 ml \/ 0,1 oz \/ 0,1 fl.oz<br \/>\nCapacit\u00e9 bol\u00a0: 1,8 Lt\/ 60 Oz\/ 7 tasses<br \/>\nCuve int\u00e9rieure lavable au lave-vaisselle\u00a0: Oui<br \/>\nAutonomie de la batterie\u00a0: 36\u00a0heures<br \/>\nUnit\u00e9s de mesure\u00a0: g, ml, lb.oz, fl.oz<br \/>\nBase antid\u00e9rapante\u00a0: Oui<\/p>\n<p>SP\u00c9CIFICATIONS \u00c9LECTRIQUES\n<\/p>\n<p class=\"p1\">Type de batterie\u00a0: Li-Ion 1\u00a0200 mAh<br \/>\nAlimentation\u00a0: Batterie rechargeable<br \/>\nLongueur du c\u00e2ble USB\u00a0: 60 cm<\/p>\n<p>\u00a0<\/p>\n<p>Pas \u00e0 vendre en dehors de l\u2019Europe<\/p>\n","protected":false},"excerpt":{"rendered":"<p>Il y a de la place pour tout ce dont vous avez besoin et la balance de cuisine Smeg est l\u2019objet compact et polyvalent qui allie le plaisir du design \u00e0 la passion de la cuisine. Concevoir une balance num\u00e9rique La balance de cuisine num\u00e9rique Smeg est l\u2019accessoire id\u00e9al pour ceux qui recherchent pr\u00e9cision, style [&hellip;]<\/p>\n","protected":false},"featured_media":6284577,"template":"","meta":{"_acf_changed":false},"product_cat":[12077,12055],"product_tag":[],"class_list":{"0":"post-63986","1":"product","2":"type-product","3":"status-publish","4":"has-post-thumbnail","6":"product_cat-balances","7":"product_cat-petits-electromenagers","9":"first","10":"instock","11":"sale","12":"taxable","13":"shipping-taxable","14":"purchasable","15":"product-type-simple","swatches":"rey-swatches","show_selected":"","stretch_labels":"rey-swatches--stretch-labels"},"acf":[],"yoast_head":"<!-- This site is optimized with the Yoast SEO plugin v25.4 - https:\/\/yoast.com\/wordpress\/plugins\/seo\/ -->\n<title>SMEG Balance de cuisine noire - dev6 Erresse<\/title>\n<meta name=\"description\" content=\"Il y a de la place pour tout ce dont vous avez besoin et la balance de cuisine Smeg est l\u2019objet compact et polyvalent qui allie le plaisir du design \u00e0 la\" \/>\n<meta name=\"robots\" content=\"noindex, follow, max-snippet:-1, max-image-preview:large, max-video-preview:-1\" \/>\n<meta property=\"og:locale\" content=\"fr_FR\" \/>\n<meta property=\"og:type\" content=\"article\" \/>\n<meta property=\"og:title\" content=\"SMEG Balance de cuisine noire - dev6 Erresse\" \/>\n<meta property=\"og:description\" content=\"Il y a de la place pour tout ce dont vous avez besoin et la balance de cuisine Smeg est l\u2019objet compact et polyvalent qui allie le plaisir du design \u00e0 la\" \/>\n<meta property=\"og:url\" content=\"https:\/\/dev6.erresse-shop.it\/fr\/shop\/petits-electromenagers\/balances\/smeg-balance-de-cuisine-noire\/\" \/>\n<meta property=\"og:site_name\" content=\"dev6 Erresse\" \/>\n<meta property=\"og:image\" content=\"https:\/\/interpim.erresse-shop.it\/Import\/Prodotti\/smeg-bilancia-da-cucina-nero.jpg\" \/><meta property=\"og:image\" content=\"https:\/\/interpim.erresse-shop.it\/Import\/Prodotti\/smeg-bilancia-da-cucina-nero.jpg\" \/>\n\t<meta property=\"og:image:width\" content=\"1024\" \/>\n\t<meta property=\"og:image:height\" content=\"1024\" \/>\n\t<meta property=\"og:image:type\" content=\"image\/jpeg\" \/>\n<meta name=\"twitter:card\" content=\"summary_large_image\" \/>\n<meta name=\"twitter:image\" content=\"https:\/\/interpim.erresse-shop.it\/Import\/Prodotti\/smeg-bilancia-da-cucina-nero.jpg\" \/>\n<script type=\"application\/ld+json\" class=\"yoast-schema-graph\">{\"@context\":\"https:\/\/schema.org\",\"@graph\":[{\"@type\":\"WebPage\",\"@id\":\"https:\/\/dev6.erresse-shop.it\/fr\/shop\/petits-electromenagers\/balances\/smeg-balance-de-cuisine-noire\/\",\"url\":\"https:\/\/dev6.erresse-shop.it\/fr\/shop\/petits-electromenagers\/balances\/smeg-balance-de-cuisine-noire\/\",\"name\":\"SMEG Balance de cuisine noire - dev6 Erresse\",\"isPartOf\":{\"@id\":\"https:\/\/dev6.erresse-shop.it\/#website\"},\"primaryImageOfPage\":{\"@id\":\"https:\/\/dev6.erresse-shop.it\/fr\/shop\/petits-electromenagers\/balances\/smeg-balance-de-cuisine-noire\/#primaryimage\"},\"image\":{\"@id\":\"https:\/\/dev6.erresse-shop.it\/fr\/shop\/petits-electromenagers\/balances\/smeg-balance-de-cuisine-noire\/#primaryimage\"},\"thumbnailUrl\":\"https:\/\/i2.wp.com\/interpim.erresse-shop.it\/Import\/Prodotti\/smeg-bilancia-da-cucina-nero.jpg?ssl=1\",\"datePublished\":\"2026-04-04T08:56:22+00:00\",\"description\":\"Il y a de la place pour tout ce dont vous avez besoin et la balance de cuisine Smeg est l\u2019objet compact et polyvalent qui allie le plaisir du design \u00e0 la\",\"breadcrumb\":{\"@id\":\"https:\/\/dev6.erresse-shop.it\/fr\/shop\/petits-electromenagers\/balances\/smeg-balance-de-cuisine-noire\/#breadcrumb\"},\"inLanguage\":\"fr-FR\",\"potentialAction\":[{\"@type\":\"ReadAction\",\"target\":[\"https:\/\/dev6.erresse-shop.it\/fr\/shop\/petits-electromenagers\/balances\/smeg-balance-de-cuisine-noire\/\"]}]},{\"@type\":\"ImageObject\",\"inLanguage\":\"fr-FR\",\"@id\":\"https:\/\/dev6.erresse-shop.it\/fr\/shop\/petits-electromenagers\/balances\/smeg-balance-de-cuisine-noire\/#primaryimage\",\"url\":\"https:\/\/i2.wp.com\/interpim.erresse-shop.it\/Import\/Prodotti\/smeg-bilancia-da-cucina-nero.jpg?ssl=1\",\"contentUrl\":\"https:\/\/i2.wp.com\/interpim.erresse-shop.it\/Import\/Prodotti\/smeg-bilancia-da-cucina-nero.jpg?ssl=1\"},{\"@type\":\"BreadcrumbList\",\"@id\":\"https:\/\/dev6.erresse-shop.it\/fr\/shop\/petits-electromenagers\/balances\/smeg-balance-de-cuisine-noire\/#breadcrumb\",\"itemListElement\":[{\"@type\":\"ListItem\",\"position\":1,\"name\":\"Home\",\"item\":\"https:\/\/dev6.erresse-shop.it\/\"},{\"@type\":\"ListItem\",\"position\":2,\"name\":\"Boutique\",\"item\":\"https:\/\/dev6.erresse-shop.it\/shop\/\"},{\"@type\":\"ListItem\",\"position\":3,\"name\":\"SMEG Balance de cuisine noire\"}]},{\"@type\":\"WebSite\",\"@id\":\"https:\/\/dev6.erresse-shop.it\/#website\",\"url\":\"https:\/\/dev6.erresse-shop.it\/\",\"name\":\"Erresse Shop\",\"description\":\"\",\"publisher\":{\"@id\":\"https:\/\/dev6.erresse-shop.it\/#organization\"},\"potentialAction\":[{\"@type\":\"SearchAction\",\"target\":{\"@type\":\"EntryPoint\",\"urlTemplate\":\"https:\/\/dev6.erresse-shop.it\/?s={search_term_string}\"},\"query-input\":{\"@type\":\"PropertyValueSpecification\",\"valueRequired\":true,\"valueName\":\"search_term_string\"}}],\"inLanguage\":\"fr-FR\"},{\"@type\":\"Organization\",\"@id\":\"https:\/\/dev6.erresse-shop.it\/#organization\",\"name\":\"Erresse Shop\",\"url\":\"https:\/\/dev6.erresse-shop.it\/\",\"logo\":{\"@type\":\"ImageObject\",\"inLanguage\":\"fr-FR\",\"@id\":\"https:\/\/dev6.erresse-shop.it\/#\/schema\/logo\/image\/\",\"url\":\"https:\/\/dev6.erresse-shop.it\/wp-content\/uploads\/2025\/01\/LOGO-ERRESSE-CLASSICO.svg\",\"contentUrl\":\"https:\/\/dev6.erresse-shop.it\/wp-content\/uploads\/2025\/01\/LOGO-ERRESSE-CLASSICO.svg\",\"caption\":\"Erresse Shop\"},\"image\":{\"@id\":\"https:\/\/dev6.erresse-shop.it\/#\/schema\/logo\/image\/\"}}]}<\/script>\n<!-- \/ Yoast SEO plugin. -->","yoast_head_json":{"title":"SMEG Balance de cuisine noire - dev6 Erresse","description":"Il y a de la place pour tout ce dont vous avez besoin et la balance de cuisine Smeg est l\u2019objet compact et polyvalent qui allie le plaisir du design \u00e0 la","robots":{"index":"noindex","follow":"follow","max-snippet":"max-snippet:-1","max-image-preview":"max-image-preview:large","max-video-preview":"max-video-preview:-1"},"og_locale":"fr_FR","og_type":"article","og_title":"SMEG Balance de cuisine noire - dev6 Erresse","og_description":"Il y a de la place pour tout ce dont vous avez besoin et la balance de cuisine Smeg est l\u2019objet compact et polyvalent qui allie le plaisir du design \u00e0 la","og_url":"https:\/\/dev6.erresse-shop.it\/fr\/shop\/petits-electromenagers\/balances\/smeg-balance-de-cuisine-noire\/","og_site_name":"dev6 Erresse","og_image":[{"url":"https:\/\/interpim.erresse-shop.it\/Import\/Prodotti\/smeg-bilancia-da-cucina-nero.jpg","type":"","width":"","height":""},{"url":"https:\/\/interpim.erresse-shop.it\/Import\/Prodotti\/smeg-bilancia-da-cucina-nero.jpg","width":1024,"height":1024,"type":"image\/jpeg"}],"twitter_card":"summary_large_image","twitter_image":"https:\/\/interpim.erresse-shop.it\/Import\/Prodotti\/smeg-bilancia-da-cucina-nero.jpg","schema":{"@context":"https:\/\/schema.org","@graph":[{"@type":"WebPage","@id":"https:\/\/dev6.erresse-shop.it\/fr\/shop\/petits-electromenagers\/balances\/smeg-balance-de-cuisine-noire\/","url":"https:\/\/dev6.erresse-shop.it\/fr\/shop\/petits-electromenagers\/balances\/smeg-balance-de-cuisine-noire\/","name":"SMEG Balance de cuisine noire - dev6 Erresse","isPartOf":{"@id":"https:\/\/dev6.erresse-shop.it\/#website"},"primaryImageOfPage":{"@id":"https:\/\/dev6.erresse-shop.it\/fr\/shop\/petits-electromenagers\/balances\/smeg-balance-de-cuisine-noire\/#primaryimage"},"image":{"@id":"https:\/\/dev6.erresse-shop.it\/fr\/shop\/petits-electromenagers\/balances\/smeg-balance-de-cuisine-noire\/#primaryimage"},"thumbnailUrl":"https:\/\/i2.wp.com\/interpim.erresse-shop.it\/Import\/Prodotti\/smeg-bilancia-da-cucina-nero.jpg?ssl=1","datePublished":"2026-04-04T08:56:22+00:00","description":"Il y a de la place pour tout ce dont vous avez besoin et la balance de cuisine Smeg est l\u2019objet compact et polyvalent qui allie le plaisir du design \u00e0 la","breadcrumb":{"@id":"https:\/\/dev6.erresse-shop.it\/fr\/shop\/petits-electromenagers\/balances\/smeg-balance-de-cuisine-noire\/#breadcrumb"},"inLanguage":"fr-FR","potentialAction":[{"@type":"ReadAction","target":["https:\/\/dev6.erresse-shop.it\/fr\/shop\/petits-electromenagers\/balances\/smeg-balance-de-cuisine-noire\/"]}]},{"@type":"ImageObject","inLanguage":"fr-FR","@id":"https:\/\/dev6.erresse-shop.it\/fr\/shop\/petits-electromenagers\/balances\/smeg-balance-de-cuisine-noire\/#primaryimage","url":"https:\/\/i2.wp.com\/interpim.erresse-shop.it\/Import\/Prodotti\/smeg-bilancia-da-cucina-nero.jpg?ssl=1","contentUrl":"https:\/\/i2.wp.com\/interpim.erresse-shop.it\/Import\/Prodotti\/smeg-bilancia-da-cucina-nero.jpg?ssl=1"},{"@type":"BreadcrumbList","@id":"https:\/\/dev6.erresse-shop.it\/fr\/shop\/petits-electromenagers\/balances\/smeg-balance-de-cuisine-noire\/#breadcrumb","itemListElement":[{"@type":"ListItem","position":1,"name":"Home","item":"https:\/\/dev6.erresse-shop.it\/"},{"@type":"ListItem","position":2,"name":"Boutique","item":"https:\/\/dev6.erresse-shop.it\/shop\/"},{"@type":"ListItem","position":3,"name":"SMEG Balance de cuisine noire"}]},{"@type":"WebSite","@id":"https:\/\/dev6.erresse-shop.it\/#website","url":"https:\/\/dev6.erresse-shop.it\/","name":"Erresse Shop","description":"","publisher":{"@id":"https:\/\/dev6.erresse-shop.it\/#organization"},"potentialAction":[{"@type":"SearchAction","target":{"@type":"EntryPoint","urlTemplate":"https:\/\/dev6.erresse-shop.it\/?s={search_term_string}"},"query-input":{"@type":"PropertyValueSpecification","valueRequired":true,"valueName":"search_term_string"}}],"inLanguage":"fr-FR"},{"@type":"Organization","@id":"https:\/\/dev6.erresse-shop.it\/#organization","name":"Erresse Shop","url":"https:\/\/dev6.erresse-shop.it\/","logo":{"@type":"ImageObject","inLanguage":"fr-FR","@id":"https:\/\/dev6.erresse-shop.it\/#\/schema\/logo\/image\/","url":"https:\/\/dev6.erresse-shop.it\/wp-content\/uploads\/2025\/01\/LOGO-ERRESSE-CLASSICO.svg","contentUrl":"https:\/\/dev6.erresse-shop.it\/wp-content\/uploads\/2025\/01\/LOGO-ERRESSE-CLASSICO.svg","caption":"Erresse Shop"},"image":{"@id":"https:\/\/dev6.erresse-shop.it\/#\/schema\/logo\/image\/"}}]}},"df_price":142,"df_sale_price":142,"df_regular_price":149,"df_image_link":"https:\/\/i2.wp.com\/interpim.erresse-shop.it\/Import\/Prodotti\/smeg-bilancia-da-cucina-nero.jpg?resize=300,300&ssl=1","fifu_image_url":"https:\/\/interpim.erresse-shop.it\/Import\/Prodotti\/smeg-bilancia-da-cucina-nero.jpg","_links":{"self":[{"href":"https:\/\/dev6.erresse-shop.it\/fr\/wp-json\/wp\/v2\/product\/63986","targetHints":{"allow":["GET"]}}],"collection":[{"href":"https:\/\/dev6.erresse-shop.it\/fr\/wp-json\/wp\/v2\/product"}],"about":[{"href":"https:\/\/dev6.erresse-shop.it\/fr\/wp-json\/wp\/v2\/types\/product"}],"wp:featuredmedia":[{"embeddable":true,"href":"https:\/\/dev6.erresse-shop.it\/fr\/wp-json\/wp\/v2\/media\/6284577"}],"wp:attachment":[{"href":"https:\/\/dev6.erresse-shop.it\/fr\/wp-json\/wp\/v2\/media?parent=63986"}],"wp:term":[{"taxonomy":"product_cat","embeddable":true,"href":"https:\/\/dev6.erresse-shop.it\/fr\/wp-json\/wp\/v2\/product_cat?post=63986"},{"taxonomy":"product_tag","embeddable":true,"href":"https:\/\/dev6.erresse-shop.it\/fr\/wp-json\/wp\/v2\/product_tag?post=63986"}],"curies":[{"name":"wp","href":"https:\/\/api.w.org\/{rel}","templated":true}]}}