{"id":63926,"date":"2026-04-12T10:55:31","date_gmt":"2026-04-12T08:55:31","guid":{"rendered":"https:\/\/dev6.erresse-shop.it\/shop\/non%20class\u00e9\/smeg-aesthetic-50s-four-a-vapeur-combine-bleu-clair\/"},"modified":"2025-07-04T17:57:38","modified_gmt":"2025-07-04T15:57:38","slug":"smeg-aesthetic-50s-four-a-vapeur-combine-bleu-clair-8","status":"publish","type":"product","link":"https:\/\/dev6.erresse-shop.it\/fr\/shop\/petits-electromenagers\/fours\/smeg-aesthetic-50s-four-a-vapeur-combine-bleu-clair-8\/","title":{"rendered":"SMEG Aesthetic 50s Four \u00e0 vapeur combin\u00e9 Bleu clair"},"content":{"rendered":"<p>SMEG\u00a0serie anni 50<\/p>\n<p>Objets de rencontre symbolique, ic\u00f4nes qui transforment l\u2019espace qu\u2019ils occupent, les nouveaux petits de la ligne Anni \u201950s, con\u00e7us en collaboration avec Matteo Bazzicalupo et Raffaella Mangiarotti de deepdesign, \u00e9voquent d\u2019autres temps et fa\u00e7onnent des lieux quotidiens, en investissant ce qui existe ou a exist\u00e9 d\u2019une nouvelle signification, comme cela se produit dans l\u2019art et la m\u00e9moire.<br \/>\nDes produits aux formes arrondies et compactes, protagonistes de la cuisine, con\u00e7us pour ceux qui souhaitent vivre l\u2019exp\u00e9rience d\u2019un chef, mais pas seulement. Pour ceux qui aiment s\u2019entourer d\u2019objets \u00e0 fort caract\u00e8re esth\u00e9tique sans perdre de vue la qualit\u00e9 des prestations.<\/p>\n<p>Four mixte 10 en 1 Made in Italy : le meilleur de la technologie des fours domestiques Smeg, con\u00e7u pour le plan de travail de votre cuisine. Polyvalence et r\u00e9sultats professionnels gr\u00e2ce \u00e0 la cuisson traditionnelle, \u00e0 la vapeur et aux recettes du chef automatique.<\/p>\n<p>AESTHETICS<\/p>\n<p>Couleur : Bleu clair<br \/>\nFinition : Brillant<br \/>\nEsth\u00e9tique : Style ann\u00e9es 50<br \/>\nCouleur de la fen\u00eatre : Fum\u00e9e<br \/>\nCouleur de la base : Gris mat<br \/>\nMat\u00e9riau de la poign\u00e9e : Aluminium<br \/>\nMat\u00e9riau du r\u00e9servoir : Plastique<br \/>\nMat\u00e9riau des pieds antid\u00e9rapants : caoutchouc<br \/>\nCouleur du levier d\u2019ouverture du r\u00e9servoir : Bleu pastel<br \/>\nMat\u00e9riau de la fen\u00eatre : verre avec cadre en plastique poli<br \/>\nMat\u00e9riau du levier d\u2019ouverture du r\u00e9servoir : plastique<\/p>\n<p>PROGRAMMES \/ FONCTIONS<\/p>\n<p>Nombre de fonctions de cuisson : 10<br \/>\nAvertissement de d\u00e9tartrage : Oui<br \/>\nAvertissement de r\u00e9servoir d\u2019eau vide\/manquant : Oui<br \/>\nAvertissements sonores : En option<br \/>\nFonction gril : Oui<br \/>\nFonction de ventilation : Oui<br \/>\nFonction de base ventil\u00e9e : Oui<br \/>\nFonction Air Fry : Oui<br \/>\nFonction statique : Oui<br \/>\nMenu de cuisson traditionnel : Statique, Ventil\u00e9, Gril, Base ventil\u00e9e, Air fry, Maintien au chaud, D\u00e9cong\u00e9lation<br \/>\nNombre de recettes automatiques : 33<br \/>\nFonction combin\u00e9e vapeur &#43; gril ventil\u00e9 : Oui (20-70%)<br \/>\nFonction vapeur pure : Oui (100 %)<br \/>\nFonction d\u00e9cong\u00e9lation : Oui<br \/>\nMenu du chef : Viande et volaille, Poisson et crustac\u00e9s, L\u00e9gumes et accompagnements, G\u00e2teaux et desserts, Pain \/ pizza et flans<br \/>\nFonction maintien au chaud : Oui<br \/>\nFonction combin\u00e9e vapeur &#43; ventilation : Oui (20-70%)<br \/>\nMenu de cuisson \u00e0 la vapeur : Vapeur pure (100 %), Vapeur combin\u00e9e &#43; ventil\u00e9e, Vapeur combin\u00e9e &#43; gril ventil\u00e9<\/p>\n<p>COMMANDES<br \/>\nType de commande : Boutons<br \/>\nMat\u00e9riau des boutons : Plastique<br \/>\nCouleur des boutons : Blanc<br \/>\nNombre de boutons de boissons : 4<br \/>\nMarche\/arr\u00eat automatique<\/p>\n<p>CARACT\u00c9RISTIQUES TECHNIQUES<\/p>\n<p>Technologie d\u2019affichage : LCD couleur<br \/>\nR\u00e9servoir d\u2019eau amovible : Oui<br \/>\nR\u00e9glage de la temp\u00e9rature : \u00e9lectronique<br \/>\nTemp\u00e9rature minimale : 40 \u00b0C<br \/>\nTemp\u00e9rature maximale : 230 \u00b0C<br \/>\nMat\u00e9riau de la cavit\u00e9 : \u00c9maill\u00e9<br \/>\nNombre d\u2019\u00e9tag\u00e8res : 3<br \/>\nType d\u2019\u00e9tag\u00e8res : Cadres m\u00e9talliques<br \/>\nVentilateur : Simple<\/p>\n<p>RACCORDEMENT \u00c9LECTRIQUE<br \/>\nTension (V) : 220-240 V<br \/>\nFr\u00e9quence Hz : 50\/60 Hz<br \/>\nLongueur du c\u00e2ble d\u2019alimentation : 1 m<\/p>\n<p>Not for sale outside from Europe<\/p>\n","protected":false},"excerpt":{"rendered":"<p>SMEG\u00a0serie anni 50 Objets de rencontre symbolique, ic\u00f4nes qui transforment l\u2019espace qu\u2019ils occupent, les nouveaux petits de la ligne Anni \u201950s, con\u00e7us en collaboration avec Matteo Bazzicalupo et Raffaella Mangiarotti de deepdesign, \u00e9voquent d\u2019autres temps et fa\u00e7onnent des lieux quotidiens, en investissant ce qui existe ou a exist\u00e9 d\u2019une nouvelle signification, comme cela se produit [&hellip;]<\/p>\n","protected":false},"featured_media":6367794,"template":"","meta":{"_acf_changed":false},"product_cat":[12085,12055],"product_tag":[],"class_list":{"0":"post-63926","1":"product","2":"type-product","3":"status-publish","4":"has-post-thumbnail","6":"product_cat-fours","7":"product_cat-petits-electromenagers","9":"first","10":"instock","11":"sale","12":"taxable","13":"shipping-taxable","14":"purchasable","15":"product-type-simple","swatches":"rey-swatches","show_selected":"","stretch_labels":"rey-swatches--stretch-labels"},"acf":[],"yoast_head":"<!-- This site is optimized with the Yoast SEO plugin v25.4 - https:\/\/yoast.com\/wordpress\/plugins\/seo\/ -->\n<title>SMEG Aesthetic 50s Four \u00e0 vapeur combin\u00e9 Bleu clair - dev6 Erresse<\/title>\n<meta name=\"description\" content=\"SMEG\u00a0serie anni 50 Objets de rencontre symbolique, ic\u00f4nes qui transforment l\u2019espace qu\u2019ils occupent, les nouveaux petits de la ligne Anni \u201950s, con\u00e7us en\" \/>\n<meta name=\"robots\" content=\"noindex, follow, max-snippet:-1, max-image-preview:large, max-video-preview:-1\" \/>\n<meta property=\"og:locale\" content=\"fr_FR\" \/>\n<meta property=\"og:type\" content=\"article\" \/>\n<meta property=\"og:title\" content=\"SMEG Aesthetic 50s Four \u00e0 vapeur combin\u00e9 Bleu clair - dev6 Erresse\" \/>\n<meta property=\"og:description\" content=\"SMEG\u00a0serie anni 50 Objets de rencontre symbolique, ic\u00f4nes qui transforment l\u2019espace qu\u2019ils occupent, les nouveaux petits de la ligne Anni \u201950s, con\u00e7us en\" \/>\n<meta property=\"og:url\" content=\"https:\/\/dev6.erresse-shop.it\/fr\/shop\/petits-electromenagers\/fours\/smeg-aesthetic-50s-four-a-vapeur-combine-bleu-clair-8\/\" \/>\n<meta property=\"og:site_name\" content=\"dev6 Erresse\" \/>\n<meta property=\"og:image\" content=\"https:\/\/interpim.erresse-shop.it\/Import\/Prodotti\/smeg-estetica-anni-50-forno-combinato-a-vapore-azzurro.jpg\" \/><meta property=\"og:image\" content=\"https:\/\/interpim.erresse-shop.it\/Import\/Prodotti\/smeg-estetica-anni-50-forno-combinato-a-vapore-azzurro.jpg\" \/>\n\t<meta property=\"og:image:width\" content=\"1024\" \/>\n\t<meta property=\"og:image:height\" content=\"1024\" \/>\n\t<meta property=\"og:image:type\" content=\"image\/jpeg\" \/>\n<meta name=\"twitter:card\" content=\"summary_large_image\" \/>\n<meta name=\"twitter:image\" content=\"https:\/\/interpim.erresse-shop.it\/Import\/Prodotti\/smeg-estetica-anni-50-forno-combinato-a-vapore-azzurro.jpg\" \/>\n<script type=\"application\/ld+json\" class=\"yoast-schema-graph\">{\"@context\":\"https:\/\/schema.org\",\"@graph\":[{\"@type\":\"WebPage\",\"@id\":\"https:\/\/dev6.erresse-shop.it\/fr\/shop\/petits-electromenagers\/fours\/smeg-aesthetic-50s-four-a-vapeur-combine-bleu-clair-8\/\",\"url\":\"https:\/\/dev6.erresse-shop.it\/fr\/shop\/petits-electromenagers\/fours\/smeg-aesthetic-50s-four-a-vapeur-combine-bleu-clair-8\/\",\"name\":\"SMEG Aesthetic 50s Four \u00e0 vapeur combin\u00e9 Bleu clair - dev6 Erresse\",\"isPartOf\":{\"@id\":\"https:\/\/dev6.erresse-shop.it\/#website\"},\"primaryImageOfPage\":{\"@id\":\"https:\/\/dev6.erresse-shop.it\/fr\/shop\/petits-electromenagers\/fours\/smeg-aesthetic-50s-four-a-vapeur-combine-bleu-clair-8\/#primaryimage\"},\"image\":{\"@id\":\"https:\/\/dev6.erresse-shop.it\/fr\/shop\/petits-electromenagers\/fours\/smeg-aesthetic-50s-four-a-vapeur-combine-bleu-clair-8\/#primaryimage\"},\"thumbnailUrl\":\"https:\/\/i3.wp.com\/interpim.erresse-shop.it\/Import\/Prodotti\/smeg-estetica-anni-50-forno-combinato-a-vapore-azzurro.jpg?ssl=1\",\"datePublished\":\"2026-04-12T08:55:31+00:00\",\"description\":\"SMEG\u00a0serie anni 50 Objets de rencontre symbolique, ic\u00f4nes qui transforment l\u2019espace qu\u2019ils occupent, les nouveaux petits de la ligne Anni \u201950s, con\u00e7us en\",\"breadcrumb\":{\"@id\":\"https:\/\/dev6.erresse-shop.it\/fr\/shop\/petits-electromenagers\/fours\/smeg-aesthetic-50s-four-a-vapeur-combine-bleu-clair-8\/#breadcrumb\"},\"inLanguage\":\"fr-FR\",\"potentialAction\":[{\"@type\":\"ReadAction\",\"target\":[\"https:\/\/dev6.erresse-shop.it\/fr\/shop\/petits-electromenagers\/fours\/smeg-aesthetic-50s-four-a-vapeur-combine-bleu-clair-8\/\"]}]},{\"@type\":\"ImageObject\",\"inLanguage\":\"fr-FR\",\"@id\":\"https:\/\/dev6.erresse-shop.it\/fr\/shop\/petits-electromenagers\/fours\/smeg-aesthetic-50s-four-a-vapeur-combine-bleu-clair-8\/#primaryimage\",\"url\":\"https:\/\/i3.wp.com\/interpim.erresse-shop.it\/Import\/Prodotti\/smeg-estetica-anni-50-forno-combinato-a-vapore-azzurro.jpg?ssl=1\",\"contentUrl\":\"https:\/\/i3.wp.com\/interpim.erresse-shop.it\/Import\/Prodotti\/smeg-estetica-anni-50-forno-combinato-a-vapore-azzurro.jpg?ssl=1\"},{\"@type\":\"BreadcrumbList\",\"@id\":\"https:\/\/dev6.erresse-shop.it\/fr\/shop\/petits-electromenagers\/fours\/smeg-aesthetic-50s-four-a-vapeur-combine-bleu-clair-8\/#breadcrumb\",\"itemListElement\":[{\"@type\":\"ListItem\",\"position\":1,\"name\":\"Home\",\"item\":\"https:\/\/dev6.erresse-shop.it\/\"},{\"@type\":\"ListItem\",\"position\":2,\"name\":\"Boutique\",\"item\":\"https:\/\/dev6.erresse-shop.it\/shop\/\"},{\"@type\":\"ListItem\",\"position\":3,\"name\":\"SMEG Aesthetic 50s Four \u00e0 vapeur combin\u00e9 Bleu clair\"}]},{\"@type\":\"WebSite\",\"@id\":\"https:\/\/dev6.erresse-shop.it\/#website\",\"url\":\"https:\/\/dev6.erresse-shop.it\/\",\"name\":\"Erresse Shop\",\"description\":\"\",\"publisher\":{\"@id\":\"https:\/\/dev6.erresse-shop.it\/#organization\"},\"potentialAction\":[{\"@type\":\"SearchAction\",\"target\":{\"@type\":\"EntryPoint\",\"urlTemplate\":\"https:\/\/dev6.erresse-shop.it\/?s={search_term_string}\"},\"query-input\":{\"@type\":\"PropertyValueSpecification\",\"valueRequired\":true,\"valueName\":\"search_term_string\"}}],\"inLanguage\":\"fr-FR\"},{\"@type\":\"Organization\",\"@id\":\"https:\/\/dev6.erresse-shop.it\/#organization\",\"name\":\"Erresse Shop\",\"url\":\"https:\/\/dev6.erresse-shop.it\/\",\"logo\":{\"@type\":\"ImageObject\",\"inLanguage\":\"fr-FR\",\"@id\":\"https:\/\/dev6.erresse-shop.it\/#\/schema\/logo\/image\/\",\"url\":\"https:\/\/dev6.erresse-shop.it\/wp-content\/uploads\/2025\/01\/LOGO-ERRESSE-CLASSICO.svg\",\"contentUrl\":\"https:\/\/dev6.erresse-shop.it\/wp-content\/uploads\/2025\/01\/LOGO-ERRESSE-CLASSICO.svg\",\"caption\":\"Erresse Shop\"},\"image\":{\"@id\":\"https:\/\/dev6.erresse-shop.it\/#\/schema\/logo\/image\/\"}}]}<\/script>\n<!-- \/ Yoast SEO plugin. -->","yoast_head_json":{"title":"SMEG Aesthetic 50s Four \u00e0 vapeur combin\u00e9 Bleu clair - dev6 Erresse","description":"SMEG\u00a0serie anni 50 Objets de rencontre symbolique, ic\u00f4nes qui transforment l\u2019espace qu\u2019ils occupent, les nouveaux petits de la ligne Anni \u201950s, con\u00e7us en","robots":{"index":"noindex","follow":"follow","max-snippet":"max-snippet:-1","max-image-preview":"max-image-preview:large","max-video-preview":"max-video-preview:-1"},"og_locale":"fr_FR","og_type":"article","og_title":"SMEG Aesthetic 50s Four \u00e0 vapeur combin\u00e9 Bleu clair - dev6 Erresse","og_description":"SMEG\u00a0serie anni 50 Objets de rencontre symbolique, ic\u00f4nes qui transforment l\u2019espace qu\u2019ils occupent, les nouveaux petits de la ligne Anni \u201950s, con\u00e7us en","og_url":"https:\/\/dev6.erresse-shop.it\/fr\/shop\/petits-electromenagers\/fours\/smeg-aesthetic-50s-four-a-vapeur-combine-bleu-clair-8\/","og_site_name":"dev6 Erresse","og_image":[{"url":"https:\/\/interpim.erresse-shop.it\/Import\/Prodotti\/smeg-estetica-anni-50-forno-combinato-a-vapore-azzurro.jpg","type":"","width":"","height":""},{"url":"https:\/\/interpim.erresse-shop.it\/Import\/Prodotti\/smeg-estetica-anni-50-forno-combinato-a-vapore-azzurro.jpg","width":1024,"height":1024,"type":"image\/jpeg"}],"twitter_card":"summary_large_image","twitter_image":"https:\/\/interpim.erresse-shop.it\/Import\/Prodotti\/smeg-estetica-anni-50-forno-combinato-a-vapore-azzurro.jpg","schema":{"@context":"https:\/\/schema.org","@graph":[{"@type":"WebPage","@id":"https:\/\/dev6.erresse-shop.it\/fr\/shop\/petits-electromenagers\/fours\/smeg-aesthetic-50s-four-a-vapeur-combine-bleu-clair-8\/","url":"https:\/\/dev6.erresse-shop.it\/fr\/shop\/petits-electromenagers\/fours\/smeg-aesthetic-50s-four-a-vapeur-combine-bleu-clair-8\/","name":"SMEG Aesthetic 50s Four \u00e0 vapeur combin\u00e9 Bleu clair - dev6 Erresse","isPartOf":{"@id":"https:\/\/dev6.erresse-shop.it\/#website"},"primaryImageOfPage":{"@id":"https:\/\/dev6.erresse-shop.it\/fr\/shop\/petits-electromenagers\/fours\/smeg-aesthetic-50s-four-a-vapeur-combine-bleu-clair-8\/#primaryimage"},"image":{"@id":"https:\/\/dev6.erresse-shop.it\/fr\/shop\/petits-electromenagers\/fours\/smeg-aesthetic-50s-four-a-vapeur-combine-bleu-clair-8\/#primaryimage"},"thumbnailUrl":"https:\/\/i3.wp.com\/interpim.erresse-shop.it\/Import\/Prodotti\/smeg-estetica-anni-50-forno-combinato-a-vapore-azzurro.jpg?ssl=1","datePublished":"2026-04-12T08:55:31+00:00","description":"SMEG\u00a0serie anni 50 Objets de rencontre symbolique, ic\u00f4nes qui transforment l\u2019espace qu\u2019ils occupent, les nouveaux petits de la ligne Anni \u201950s, con\u00e7us en","breadcrumb":{"@id":"https:\/\/dev6.erresse-shop.it\/fr\/shop\/petits-electromenagers\/fours\/smeg-aesthetic-50s-four-a-vapeur-combine-bleu-clair-8\/#breadcrumb"},"inLanguage":"fr-FR","potentialAction":[{"@type":"ReadAction","target":["https:\/\/dev6.erresse-shop.it\/fr\/shop\/petits-electromenagers\/fours\/smeg-aesthetic-50s-four-a-vapeur-combine-bleu-clair-8\/"]}]},{"@type":"ImageObject","inLanguage":"fr-FR","@id":"https:\/\/dev6.erresse-shop.it\/fr\/shop\/petits-electromenagers\/fours\/smeg-aesthetic-50s-four-a-vapeur-combine-bleu-clair-8\/#primaryimage","url":"https:\/\/i3.wp.com\/interpim.erresse-shop.it\/Import\/Prodotti\/smeg-estetica-anni-50-forno-combinato-a-vapore-azzurro.jpg?ssl=1","contentUrl":"https:\/\/i3.wp.com\/interpim.erresse-shop.it\/Import\/Prodotti\/smeg-estetica-anni-50-forno-combinato-a-vapore-azzurro.jpg?ssl=1"},{"@type":"BreadcrumbList","@id":"https:\/\/dev6.erresse-shop.it\/fr\/shop\/petits-electromenagers\/fours\/smeg-aesthetic-50s-four-a-vapeur-combine-bleu-clair-8\/#breadcrumb","itemListElement":[{"@type":"ListItem","position":1,"name":"Home","item":"https:\/\/dev6.erresse-shop.it\/"},{"@type":"ListItem","position":2,"name":"Boutique","item":"https:\/\/dev6.erresse-shop.it\/shop\/"},{"@type":"ListItem","position":3,"name":"SMEG Aesthetic 50s Four \u00e0 vapeur combin\u00e9 Bleu clair"}]},{"@type":"WebSite","@id":"https:\/\/dev6.erresse-shop.it\/#website","url":"https:\/\/dev6.erresse-shop.it\/","name":"Erresse Shop","description":"","publisher":{"@id":"https:\/\/dev6.erresse-shop.it\/#organization"},"potentialAction":[{"@type":"SearchAction","target":{"@type":"EntryPoint","urlTemplate":"https:\/\/dev6.erresse-shop.it\/?s={search_term_string}"},"query-input":{"@type":"PropertyValueSpecification","valueRequired":true,"valueName":"search_term_string"}}],"inLanguage":"fr-FR"},{"@type":"Organization","@id":"https:\/\/dev6.erresse-shop.it\/#organization","name":"Erresse Shop","url":"https:\/\/dev6.erresse-shop.it\/","logo":{"@type":"ImageObject","inLanguage":"fr-FR","@id":"https:\/\/dev6.erresse-shop.it\/#\/schema\/logo\/image\/","url":"https:\/\/dev6.erresse-shop.it\/wp-content\/uploads\/2025\/01\/LOGO-ERRESSE-CLASSICO.svg","contentUrl":"https:\/\/dev6.erresse-shop.it\/wp-content\/uploads\/2025\/01\/LOGO-ERRESSE-CLASSICO.svg","caption":"Erresse Shop"},"image":{"@id":"https:\/\/dev6.erresse-shop.it\/#\/schema\/logo\/image\/"}}]}},"df_price":799,"df_sale_price":799,"df_regular_price":899,"df_image_link":"https:\/\/i3.wp.com\/interpim.erresse-shop.it\/Import\/Prodotti\/smeg-estetica-anni-50-forno-combinato-a-vapore-azzurro.jpg?resize=300,300&ssl=1","fifu_image_url":"https:\/\/interpim.erresse-shop.it\/Import\/Prodotti\/smeg-estetica-anni-50-forno-combinato-a-vapore-azzurro.jpg","_links":{"self":[{"href":"https:\/\/dev6.erresse-shop.it\/fr\/wp-json\/wp\/v2\/product\/63926","targetHints":{"allow":["GET"]}}],"collection":[{"href":"https:\/\/dev6.erresse-shop.it\/fr\/wp-json\/wp\/v2\/product"}],"about":[{"href":"https:\/\/dev6.erresse-shop.it\/fr\/wp-json\/wp\/v2\/types\/product"}],"wp:featuredmedia":[{"embeddable":true,"href":"https:\/\/dev6.erresse-shop.it\/fr\/wp-json\/wp\/v2\/media\/6367794"}],"wp:attachment":[{"href":"https:\/\/dev6.erresse-shop.it\/fr\/wp-json\/wp\/v2\/media?parent=63926"}],"wp:term":[{"taxonomy":"product_cat","embeddable":true,"href":"https:\/\/dev6.erresse-shop.it\/fr\/wp-json\/wp\/v2\/product_cat?post=63926"},{"taxonomy":"product_tag","embeddable":true,"href":"https:\/\/dev6.erresse-shop.it\/fr\/wp-json\/wp\/v2\/product_tag?post=63926"}],"curies":[{"name":"wp","href":"https:\/\/api.w.org\/{rel}","templated":true}]}}