{"id":63924,"date":"2026-04-12T10:55:31","date_gmt":"2026-04-12T08:55:31","guid":{"rendered":"https:\/\/dev6.erresse-shop.it\/shop\/non%20class\u00e9\/smeg-machine-a-cafe-automatique-avec-buse-vapeur-blanc\/"},"modified":"2025-07-04T17:57:33","modified_gmt":"2025-07-04T15:57:33","slug":"smeg-machine-a-cafe-automatique-avec-buse-vapeur-blanc","status":"publish","type":"product","link":"https:\/\/dev6.erresse-shop.it\/fr\/shop\/petits-electromenagers\/machines-cafe\/automatique\/smeg-machine-a-cafe-automatique-avec-buse-vapeur-blanc\/","title":{"rendered":"SMEG Machine \u00e0 caf\u00e9 automatique avec buse vapeur Blanc"},"content":{"rendered":"<p>LE VRAI GO\u00dbT DU CAF\u00c9 DANS UN FORMAT COMPACT<br \/>\nL\u2019ar\u00f4me du caf\u00e9 expresso fra\u00eechement moulu ne sera plus seulement appr\u00e9ci\u00e9 au bar.<br \/>\nLes machines \u00e0 caf\u00e9 avec broyeur int\u00e9gr\u00e9 offrent toute la fra\u00eecheur du caf\u00e9 fra\u00eechement moulu dans un format incroyablement compact.<\/p>\n<p>FACILIT\u00c9 D\u2019ENTRETIEN<br \/>\nLa machine \u00e0 caf\u00e9 avec broyeur int\u00e9gr\u00e9 est facile \u00e0 entretenir avec une unit\u00e9 de broyage et un r\u00e9servoir amovibles permettant de nettoyer la machine en toute simplicit\u00e9. Enfin, la mouture directe du caf\u00e9 vous permet d\u2019\u00e9viter l\u2019utilisation de capsules, minimisant ainsi les d\u00e9chets.<\/p>\n<p>ESTH\u00c9TIQUE<br \/>\nCouleur: Blanc<br \/>\nFinition: Mat<br \/>\nEsth\u00e9tique: Ann\u00e9es 50<br \/>\nMat\u00e9riau du corps: Plastique<br \/>\nMat\u00e9riau du panneau frontal: Aluminium<br \/>\nFinition du panneau frontal: Bross\u00e9e avec bord poli<br \/>\nMat\u00e9riau du support \u00e0 tasses: Aluminium<br \/>\nFinition du support \u00e0 tasses: Bross\u00e9e avec bord poli<br \/>\nMat\u00e9riau du r\u00e9servoir: SAN<br \/>\nCouleur du r\u00e9servoir: Gris fum\u00e9<br \/>\nMat\u00e9riau de la poign\u00e9e du r\u00e9servoir: Plastique<br \/>\nCouleur de la poign\u00e9e du r\u00e9servoir: Gris<br \/>\nMat\u00e9riau du distributeur de caf\u00e9: Plastique<br \/>\nMat\u00e9riau de la buse vapeur: Acier<\/p>\n<p>PROGRAMMES \/ FONCTIONS<br \/>\nFonctions menu standard: Oui<br \/>\nFonctions menu secondaire: Oui<br \/>\nFonction caf\u00e9 Ristretto: Oui<br \/>\nFonction caf\u00e9 Expresso: Oui<br \/>\nFonction caf\u00e9: Oui<br \/>\nFonction eau chaude pour th\u00e9 ou boissons chaudes: Oui<br \/>\nFonction caf\u00e9 Ristretto l\u00e9ger: Oui<br \/>\nFonction caf\u00e9 Expresso l\u00e9ger: Oui<br \/>\nFonction caf\u00e9 long: Oui<br \/>\nFonction vapeur: Oui<br \/>\nNiveau de broyage r\u00e9glable: Oui<br \/>\nLongueur de caf\u00e9 r\u00e9glable: Oui<br \/>\nDistributeur ajustable en hauteur: Oui<br \/>\nNiveau Min\/Max du distributeur de caf\u00e9: Oui<br \/>\nDuret\u00e9 de l\u2019eau r\u00e9glable: l\u00e9g\u00e8re\/moyenne\/dure<br \/>\nRin\u00e7age automatique: Oui<br \/>\nNettoyage manuel du distributeur de caf\u00e9: Oui<br \/>\nNettoyage manuel de la buse vapeur: Oui<br \/>\nAlarme de d\u00e9tartrage: Oui<br \/>\nAlarme du r\u00e9servoir plein de marc de caf\u00e9: Oui<br \/>\nAlarme absence de caf\u00e9: Oui<br \/>\nAlarme r\u00e9servoir d\u2019eau vide: Oui<br \/>\nAlarme unit\u00e9 de broyage manquante ou mal ins\u00e9r\u00e9e: Oui<br \/>\nAlarme sonore \u00e0 la fin de l\u2019\u00e9rogation: En option<br \/>\nDistributeur de caf\u00e9 lumineux: Oui<br \/>\nArr\u00eat automatique: Oui<\/p>\n<p>COMMANDES<br \/>\nType de commandes: Touches<br \/>\nMat\u00e9riau des touches: Plastique<br \/>\nCouleur des touches: Blanc<br \/>\nNombre de touches boisson: 4<br \/>\nTouche Menu: 1<br \/>\nTouche On-Off: Oui<\/p>\n<p>TECH<br \/>\nSyst\u00e8me de chauffe: Thermoblock<br \/>\nPression pompe: 19 bar<br \/>\nUnit\u00e9 de broyage amovible: Oui<br \/>\nCapacit\u00e9 du r\u00e9servoir de caf\u00e9 en grain: 150 g<br \/>\nCapacit\u00e9 du r\u00e9servoir de marc de caf\u00e9: 8<br \/>\nR\u00e9servoir d\u2019eau amovible: Oui<br \/>\nCapacit\u00e9 du r\u00e9servoir d\u2019eau: 1.4 l<br \/>\nTiroir recueille-goutte: Oui<br \/>\nBuse eau chaude\/ Vapeur: Oui<\/p>\n<p>RACCORDEMENT \u00c9LECTRIQUE<br \/>\nTension (V): 220-240 V<br \/>\nFr\u00e9quence (Hz): 50\/60 Hz<br \/>\nLongueur du c\u00e2ble: 1 m<\/p>\n<p>Non vendable en dehors de l\u2019Europe<\/p>\n","protected":false},"excerpt":{"rendered":"<p>LE VRAI GO\u00dbT DU CAF\u00c9 DANS UN FORMAT COMPACT L\u2019ar\u00f4me du caf\u00e9 expresso fra\u00eechement moulu ne sera plus seulement appr\u00e9ci\u00e9 au bar. Les machines \u00e0 caf\u00e9 avec broyeur int\u00e9gr\u00e9 offrent toute la fra\u00eecheur du caf\u00e9 fra\u00eechement moulu dans un format incroyablement compact. FACILIT\u00c9 D\u2019ENTRETIEN La machine \u00e0 caf\u00e9 avec broyeur int\u00e9gr\u00e9 est facile \u00e0 entretenir [&hellip;]<\/p>\n","protected":false},"featured_media":6367775,"template":"","meta":{"_acf_changed":false},"product_cat":[12076,12063,12055],"product_tag":[],"class_list":{"0":"post-63924","1":"product","2":"type-product","3":"status-publish","4":"has-post-thumbnail","6":"product_cat-automatique","7":"product_cat-machines-cafe","8":"product_cat-petits-electromenagers","10":"first","11":"instock","12":"sale","13":"taxable","14":"shipping-taxable","15":"purchasable","16":"product-type-simple","swatches":"rey-swatches","show_selected":"","stretch_labels":"rey-swatches--stretch-labels"},"acf":[],"yoast_head":"<!-- This site is optimized with the Yoast SEO plugin v25.4 - https:\/\/yoast.com\/wordpress\/plugins\/seo\/ -->\n<title>SMEG Machine \u00e0 caf\u00e9 automatique avec buse vapeur Blanc - dev6 Erresse<\/title>\n<meta name=\"description\" content=\"LE VRAI GO\u00dbT DU CAF\u00c9 DANS UN FORMAT COMPACT L\u2019ar\u00f4me du caf\u00e9 expresso fra\u00eechement moulu ne sera plus seulement appr\u00e9ci\u00e9 au bar. Les machines \u00e0 caf\u00e9 avec\" \/>\n<meta name=\"robots\" content=\"noindex, follow, max-snippet:-1, max-image-preview:large, max-video-preview:-1\" \/>\n<meta property=\"og:locale\" content=\"fr_FR\" \/>\n<meta property=\"og:type\" content=\"article\" \/>\n<meta property=\"og:title\" content=\"SMEG Machine \u00e0 caf\u00e9 automatique avec buse vapeur Blanc - dev6 Erresse\" \/>\n<meta property=\"og:description\" content=\"LE VRAI GO\u00dbT DU CAF\u00c9 DANS UN FORMAT COMPACT L\u2019ar\u00f4me du caf\u00e9 expresso fra\u00eechement moulu ne sera plus seulement appr\u00e9ci\u00e9 au bar. Les machines \u00e0 caf\u00e9 avec\" \/>\n<meta property=\"og:url\" content=\"https:\/\/dev6.erresse-shop.it\/fr\/shop\/petits-electromenagers\/machines-cafe\/automatique\/smeg-machine-a-cafe-automatique-avec-buse-vapeur-blanc\/\" \/>\n<meta property=\"og:site_name\" content=\"dev6 Erresse\" \/>\n<meta property=\"og:image\" content=\"https:\/\/interpim.erresse-shop.it\/img-catalogo\/smeg\/smeg-macchina-da-caffe-automatica-con-lancia-vapore-bianco.png\" \/><meta property=\"og:image\" content=\"https:\/\/interpim.erresse-shop.it\/img-catalogo\/smeg\/smeg-macchina-da-caffe-automatica-con-lancia-vapore-bianco.png\" \/>\n\t<meta property=\"og:image:width\" content=\"1024\" \/>\n\t<meta property=\"og:image:height\" content=\"1024\" \/>\n\t<meta property=\"og:image:type\" content=\"image\/jpeg\" \/>\n<meta name=\"twitter:card\" content=\"summary_large_image\" \/>\n<meta name=\"twitter:image\" content=\"https:\/\/interpim.erresse-shop.it\/img-catalogo\/smeg\/smeg-macchina-da-caffe-automatica-con-lancia-vapore-bianco.png\" \/>\n<script type=\"application\/ld+json\" class=\"yoast-schema-graph\">{\"@context\":\"https:\/\/schema.org\",\"@graph\":[{\"@type\":\"WebPage\",\"@id\":\"https:\/\/dev6.erresse-shop.it\/fr\/shop\/petits-electromenagers\/machines-cafe\/automatique\/smeg-machine-a-cafe-automatique-avec-buse-vapeur-blanc\/\",\"url\":\"https:\/\/dev6.erresse-shop.it\/fr\/shop\/petits-electromenagers\/machines-cafe\/automatique\/smeg-machine-a-cafe-automatique-avec-buse-vapeur-blanc\/\",\"name\":\"SMEG Machine \u00e0 caf\u00e9 automatique avec buse vapeur Blanc - dev6 Erresse\",\"isPartOf\":{\"@id\":\"https:\/\/dev6.erresse-shop.it\/#website\"},\"primaryImageOfPage\":{\"@id\":\"https:\/\/dev6.erresse-shop.it\/fr\/shop\/petits-electromenagers\/machines-cafe\/automatique\/smeg-machine-a-cafe-automatique-avec-buse-vapeur-blanc\/#primaryimage\"},\"image\":{\"@id\":\"https:\/\/dev6.erresse-shop.it\/fr\/shop\/petits-electromenagers\/machines-cafe\/automatique\/smeg-machine-a-cafe-automatique-avec-buse-vapeur-blanc\/#primaryimage\"},\"thumbnailUrl\":\"https:\/\/i0.wp.com\/interpim.erresse-shop.it\/img-catalogo\/smeg\/smeg-macchina-da-caffe-automatica-con-lancia-vapore-bianco.png?ssl=1\",\"datePublished\":\"2026-04-12T08:55:31+00:00\",\"description\":\"LE VRAI GO\u00dbT DU CAF\u00c9 DANS UN FORMAT COMPACT L\u2019ar\u00f4me du caf\u00e9 expresso fra\u00eechement moulu ne sera plus seulement appr\u00e9ci\u00e9 au bar. Les machines \u00e0 caf\u00e9 avec\",\"breadcrumb\":{\"@id\":\"https:\/\/dev6.erresse-shop.it\/fr\/shop\/petits-electromenagers\/machines-cafe\/automatique\/smeg-machine-a-cafe-automatique-avec-buse-vapeur-blanc\/#breadcrumb\"},\"inLanguage\":\"fr-FR\",\"potentialAction\":[{\"@type\":\"ReadAction\",\"target\":[\"https:\/\/dev6.erresse-shop.it\/fr\/shop\/petits-electromenagers\/machines-cafe\/automatique\/smeg-machine-a-cafe-automatique-avec-buse-vapeur-blanc\/\"]}]},{\"@type\":\"ImageObject\",\"inLanguage\":\"fr-FR\",\"@id\":\"https:\/\/dev6.erresse-shop.it\/fr\/shop\/petits-electromenagers\/machines-cafe\/automatique\/smeg-machine-a-cafe-automatique-avec-buse-vapeur-blanc\/#primaryimage\",\"url\":\"https:\/\/i0.wp.com\/interpim.erresse-shop.it\/img-catalogo\/smeg\/smeg-macchina-da-caffe-automatica-con-lancia-vapore-bianco.png?ssl=1\",\"contentUrl\":\"https:\/\/i0.wp.com\/interpim.erresse-shop.it\/img-catalogo\/smeg\/smeg-macchina-da-caffe-automatica-con-lancia-vapore-bianco.png?ssl=1\"},{\"@type\":\"BreadcrumbList\",\"@id\":\"https:\/\/dev6.erresse-shop.it\/fr\/shop\/petits-electromenagers\/machines-cafe\/automatique\/smeg-machine-a-cafe-automatique-avec-buse-vapeur-blanc\/#breadcrumb\",\"itemListElement\":[{\"@type\":\"ListItem\",\"position\":1,\"name\":\"Home\",\"item\":\"https:\/\/dev6.erresse-shop.it\/\"},{\"@type\":\"ListItem\",\"position\":2,\"name\":\"Boutique\",\"item\":\"https:\/\/dev6.erresse-shop.it\/shop\/\"},{\"@type\":\"ListItem\",\"position\":3,\"name\":\"SMEG Machine \u00e0 caf\u00e9 automatique avec buse vapeur Blanc\"}]},{\"@type\":\"WebSite\",\"@id\":\"https:\/\/dev6.erresse-shop.it\/#website\",\"url\":\"https:\/\/dev6.erresse-shop.it\/\",\"name\":\"Erresse Shop\",\"description\":\"\",\"publisher\":{\"@id\":\"https:\/\/dev6.erresse-shop.it\/#organization\"},\"potentialAction\":[{\"@type\":\"SearchAction\",\"target\":{\"@type\":\"EntryPoint\",\"urlTemplate\":\"https:\/\/dev6.erresse-shop.it\/?s={search_term_string}\"},\"query-input\":{\"@type\":\"PropertyValueSpecification\",\"valueRequired\":true,\"valueName\":\"search_term_string\"}}],\"inLanguage\":\"fr-FR\"},{\"@type\":\"Organization\",\"@id\":\"https:\/\/dev6.erresse-shop.it\/#organization\",\"name\":\"Erresse Shop\",\"url\":\"https:\/\/dev6.erresse-shop.it\/\",\"logo\":{\"@type\":\"ImageObject\",\"inLanguage\":\"fr-FR\",\"@id\":\"https:\/\/dev6.erresse-shop.it\/#\/schema\/logo\/image\/\",\"url\":\"https:\/\/dev6.erresse-shop.it\/wp-content\/uploads\/2025\/01\/LOGO-ERRESSE-CLASSICO.svg\",\"contentUrl\":\"https:\/\/dev6.erresse-shop.it\/wp-content\/uploads\/2025\/01\/LOGO-ERRESSE-CLASSICO.svg\",\"caption\":\"Erresse Shop\"},\"image\":{\"@id\":\"https:\/\/dev6.erresse-shop.it\/#\/schema\/logo\/image\/\"}}]}<\/script>\n<!-- \/ Yoast SEO plugin. -->","yoast_head_json":{"title":"SMEG Machine \u00e0 caf\u00e9 automatique avec buse vapeur Blanc - dev6 Erresse","description":"LE VRAI GO\u00dbT DU CAF\u00c9 DANS UN FORMAT COMPACT L\u2019ar\u00f4me du caf\u00e9 expresso fra\u00eechement moulu ne sera plus seulement appr\u00e9ci\u00e9 au bar. Les machines \u00e0 caf\u00e9 avec","robots":{"index":"noindex","follow":"follow","max-snippet":"max-snippet:-1","max-image-preview":"max-image-preview:large","max-video-preview":"max-video-preview:-1"},"og_locale":"fr_FR","og_type":"article","og_title":"SMEG Machine \u00e0 caf\u00e9 automatique avec buse vapeur Blanc - dev6 Erresse","og_description":"LE VRAI GO\u00dbT DU CAF\u00c9 DANS UN FORMAT COMPACT L\u2019ar\u00f4me du caf\u00e9 expresso fra\u00eechement moulu ne sera plus seulement appr\u00e9ci\u00e9 au bar. Les machines \u00e0 caf\u00e9 avec","og_url":"https:\/\/dev6.erresse-shop.it\/fr\/shop\/petits-electromenagers\/machines-cafe\/automatique\/smeg-machine-a-cafe-automatique-avec-buse-vapeur-blanc\/","og_site_name":"dev6 Erresse","og_image":[{"url":"https:\/\/interpim.erresse-shop.it\/img-catalogo\/smeg\/smeg-macchina-da-caffe-automatica-con-lancia-vapore-bianco.png","type":"","width":"","height":""},{"url":"https:\/\/interpim.erresse-shop.it\/img-catalogo\/smeg\/smeg-macchina-da-caffe-automatica-con-lancia-vapore-bianco.png","width":1024,"height":1024,"type":"image\/jpeg"}],"twitter_card":"summary_large_image","twitter_image":"https:\/\/interpim.erresse-shop.it\/img-catalogo\/smeg\/smeg-macchina-da-caffe-automatica-con-lancia-vapore-bianco.png","schema":{"@context":"https:\/\/schema.org","@graph":[{"@type":"WebPage","@id":"https:\/\/dev6.erresse-shop.it\/fr\/shop\/petits-electromenagers\/machines-cafe\/automatique\/smeg-machine-a-cafe-automatique-avec-buse-vapeur-blanc\/","url":"https:\/\/dev6.erresse-shop.it\/fr\/shop\/petits-electromenagers\/machines-cafe\/automatique\/smeg-machine-a-cafe-automatique-avec-buse-vapeur-blanc\/","name":"SMEG Machine \u00e0 caf\u00e9 automatique avec buse vapeur Blanc - dev6 Erresse","isPartOf":{"@id":"https:\/\/dev6.erresse-shop.it\/#website"},"primaryImageOfPage":{"@id":"https:\/\/dev6.erresse-shop.it\/fr\/shop\/petits-electromenagers\/machines-cafe\/automatique\/smeg-machine-a-cafe-automatique-avec-buse-vapeur-blanc\/#primaryimage"},"image":{"@id":"https:\/\/dev6.erresse-shop.it\/fr\/shop\/petits-electromenagers\/machines-cafe\/automatique\/smeg-machine-a-cafe-automatique-avec-buse-vapeur-blanc\/#primaryimage"},"thumbnailUrl":"https:\/\/i0.wp.com\/interpim.erresse-shop.it\/img-catalogo\/smeg\/smeg-macchina-da-caffe-automatica-con-lancia-vapore-bianco.png?ssl=1","datePublished":"2026-04-12T08:55:31+00:00","description":"LE VRAI GO\u00dbT DU CAF\u00c9 DANS UN FORMAT COMPACT L\u2019ar\u00f4me du caf\u00e9 expresso fra\u00eechement moulu ne sera plus seulement appr\u00e9ci\u00e9 au bar. Les machines \u00e0 caf\u00e9 avec","breadcrumb":{"@id":"https:\/\/dev6.erresse-shop.it\/fr\/shop\/petits-electromenagers\/machines-cafe\/automatique\/smeg-machine-a-cafe-automatique-avec-buse-vapeur-blanc\/#breadcrumb"},"inLanguage":"fr-FR","potentialAction":[{"@type":"ReadAction","target":["https:\/\/dev6.erresse-shop.it\/fr\/shop\/petits-electromenagers\/machines-cafe\/automatique\/smeg-machine-a-cafe-automatique-avec-buse-vapeur-blanc\/"]}]},{"@type":"ImageObject","inLanguage":"fr-FR","@id":"https:\/\/dev6.erresse-shop.it\/fr\/shop\/petits-electromenagers\/machines-cafe\/automatique\/smeg-machine-a-cafe-automatique-avec-buse-vapeur-blanc\/#primaryimage","url":"https:\/\/i0.wp.com\/interpim.erresse-shop.it\/img-catalogo\/smeg\/smeg-macchina-da-caffe-automatica-con-lancia-vapore-bianco.png?ssl=1","contentUrl":"https:\/\/i0.wp.com\/interpim.erresse-shop.it\/img-catalogo\/smeg\/smeg-macchina-da-caffe-automatica-con-lancia-vapore-bianco.png?ssl=1"},{"@type":"BreadcrumbList","@id":"https:\/\/dev6.erresse-shop.it\/fr\/shop\/petits-electromenagers\/machines-cafe\/automatique\/smeg-machine-a-cafe-automatique-avec-buse-vapeur-blanc\/#breadcrumb","itemListElement":[{"@type":"ListItem","position":1,"name":"Home","item":"https:\/\/dev6.erresse-shop.it\/"},{"@type":"ListItem","position":2,"name":"Boutique","item":"https:\/\/dev6.erresse-shop.it\/shop\/"},{"@type":"ListItem","position":3,"name":"SMEG Machine \u00e0 caf\u00e9 automatique avec buse vapeur Blanc"}]},{"@type":"WebSite","@id":"https:\/\/dev6.erresse-shop.it\/#website","url":"https:\/\/dev6.erresse-shop.it\/","name":"Erresse Shop","description":"","publisher":{"@id":"https:\/\/dev6.erresse-shop.it\/#organization"},"potentialAction":[{"@type":"SearchAction","target":{"@type":"EntryPoint","urlTemplate":"https:\/\/dev6.erresse-shop.it\/?s={search_term_string}"},"query-input":{"@type":"PropertyValueSpecification","valueRequired":true,"valueName":"search_term_string"}}],"inLanguage":"fr-FR"},{"@type":"Organization","@id":"https:\/\/dev6.erresse-shop.it\/#organization","name":"Erresse Shop","url":"https:\/\/dev6.erresse-shop.it\/","logo":{"@type":"ImageObject","inLanguage":"fr-FR","@id":"https:\/\/dev6.erresse-shop.it\/#\/schema\/logo\/image\/","url":"https:\/\/dev6.erresse-shop.it\/wp-content\/uploads\/2025\/01\/LOGO-ERRESSE-CLASSICO.svg","contentUrl":"https:\/\/dev6.erresse-shop.it\/wp-content\/uploads\/2025\/01\/LOGO-ERRESSE-CLASSICO.svg","caption":"Erresse Shop"},"image":{"@id":"https:\/\/dev6.erresse-shop.it\/#\/schema\/logo\/image\/"}}]}},"df_price":619,"df_sale_price":619,"df_regular_price":699,"df_image_link":"https:\/\/i0.wp.com\/interpim.erresse-shop.it\/img-catalogo\/smeg\/smeg-macchina-da-caffe-automatica-con-lancia-vapore-bianco.png?resize=300,300&ssl=1","fifu_image_url":"https:\/\/interpim.erresse-shop.it\/img-catalogo\/smeg\/smeg-macchina-da-caffe-automatica-con-lancia-vapore-bianco.png","_links":{"self":[{"href":"https:\/\/dev6.erresse-shop.it\/fr\/wp-json\/wp\/v2\/product\/63924","targetHints":{"allow":["GET"]}}],"collection":[{"href":"https:\/\/dev6.erresse-shop.it\/fr\/wp-json\/wp\/v2\/product"}],"about":[{"href":"https:\/\/dev6.erresse-shop.it\/fr\/wp-json\/wp\/v2\/types\/product"}],"wp:featuredmedia":[{"embeddable":true,"href":"https:\/\/dev6.erresse-shop.it\/fr\/wp-json\/wp\/v2\/media\/6367775"}],"wp:attachment":[{"href":"https:\/\/dev6.erresse-shop.it\/fr\/wp-json\/wp\/v2\/media?parent=63924"}],"wp:term":[{"taxonomy":"product_cat","embeddable":true,"href":"https:\/\/dev6.erresse-shop.it\/fr\/wp-json\/wp\/v2\/product_cat?post=63924"},{"taxonomy":"product_tag","embeddable":true,"href":"https:\/\/dev6.erresse-shop.it\/fr\/wp-json\/wp\/v2\/product_tag?post=63924"}],"curies":[{"name":"wp","href":"https:\/\/api.w.org\/{rel}","templated":true}]}}