{"id":63918,"date":"2026-04-12T10:55:31","date_gmt":"2026-04-12T08:55:31","guid":{"rendered":"https:\/\/dev6.erresse-shop.it\/shop\/non%20class\u00e9\/zwilling-enfinigy-grille-pain-2-slots-noir-avec-rechauffeur\/"},"modified":"2025-07-04T17:57:18","modified_gmt":"2025-07-04T15:57:18","slug":"zwilling-enfinigy-grille-pain-2-slots-noir-avec-rechauffeur","status":"publish","type":"product","link":"https:\/\/dev6.erresse-shop.it\/fr\/shop\/petits-electromenagers\/grille-pains\/zwilling-enfinigy-grille-pain-2-slots-noir-avec-rechauffeur\/","title":{"rendered":"ZWILLING Enfinigy Grille Pain 2 Slots Noir avec R\u00e9chauffeur"},"content":{"rendered":"<p>Savourez de d\u00e9licieux toasts comme vous les aimez. Toujours. Le grille-pain deux tranches ZWILLING ENFINIGY au design moderne assure un grillage uniforme du pain, m\u00eame apr\u00e8s plusieurs op\u00e9rations de grillage. Il raccourcit automatiquement le temps de grillage pour obtenir la coloration souhait\u00e9e. Les quatre \u00e9l\u00e9ments chauffants distincts du grille-pain de 1000 watts dorent uniform\u00e9ment les deux faces d\u2019une tranche de pain. Le r\u00e9sultat est un ext\u00e9rieur croustillant et un c\u0153ur moelleux : l\u2019authentique toast ZWILLING. Lorsque les toasts sont pr\u00eats, ils ne s\u2019envolent pas du grille-pain. La fonction soft-lift assure un glissement doux vers le haut et la fonction extra-lift int\u00e9gr\u00e9e permet de retirer facilement les plus petites tranches du grille-pain. Fini les toasts br\u00fbl\u00e9s : ce grille-pain s\u2019\u00e9teint automatiquement lorsque le temps de grillage pr\u00e9d\u00e9fini est atteint. M\u00eame avec les r\u00e9glages les plus \u00e9lev\u00e9s, vous n\u2019aurez jamais de toasts br\u00fbl\u00e9s. Le bouton d\u2019arr\u00eat vous permet d\u2019interrompre le grillage \u00e0 tout moment. Les miettes tombent dans le plateau de grillage facile \u00e0 retirer. Le grille-pain dispose de sept niveaux de brunissement et de trois programmes automatiques. La fonction de r\u00e9chauffage permet de r\u00e9chauffer un toast froid. La fonction de d\u00e9cong\u00e9lation permet de griller le pain d\u00e8s sa sortie du cong\u00e9lateur. La fonction bagel avec centrage des tranches vous permet d\u2019obtenir des r\u00e9sultats de toastage id\u00e9aux : croustillant \u00e0 l\u2019ext\u00e9rieur et grill\u00e9 \u00e0 l\u2019int\u00e9rieur. Le chauffe-sandwich amovible permet de r\u00e9chauffer ou de griller deux sandwiches suppl\u00e9mentaires. De plus, cet accessoire poss\u00e8de des grilles sym\u00e9triques qui le rendent id\u00e9al pour servir vos toasts.<\/p>\n<p>Grille-pain pour 2 tranches<br \/>\nAjuste automatiquement le temps de grillage pour un brunissement homog\u00e8ne, m\u00eame en cas de grillages r\u00e9p\u00e9t\u00e9s.<br \/>\nTrois programmes automatiques : d\u00e9cong\u00e9lation, r\u00e9chauffage, bagel<br \/>\nLevier souple pour retirer facilement les toasts<br \/>\nFonction de s\u00e9curit\u00e9 avec arr\u00eat automatique pour \u00e9viter les toasts br\u00fbl\u00e9s<br \/>\nBac \u00e0 miettes amovible<br \/>\nQuatre unit\u00e9s de chauffage ind\u00e9pendantes pour un brunissement uniforme<\/p>\n<p>Couleur : noir<br \/>\nMat\u00e9riau : acier inoxydable<br \/>\nTension : 220-240 V<br \/>\nFr\u00e9quence : 50\/60 Hz<br \/>\nEnrouleur de c\u00e2ble int\u00e9gr\u00e9 : Oui<br \/>\nPuissance absorb\u00e9e : 1 000 W<\/p>\n<p>CHAUFFE-BANCS INCLUS DANS L\u2019EMBALLAGE<\/p>\n<p>Non disponible \u00e0 la vente en dehors de l\u2019Europe<\/p>\n","protected":false},"excerpt":{"rendered":"<p>Savourez de d\u00e9licieux toasts comme vous les aimez. Toujours. Le grille-pain deux tranches ZWILLING ENFINIGY au design moderne assure un grillage uniforme du pain, m\u00eame apr\u00e8s plusieurs op\u00e9rations de grillage. Il raccourcit automatiquement le temps de grillage pour obtenir la coloration souhait\u00e9e. Les quatre \u00e9l\u00e9ments chauffants distincts du grille-pain de 1000 watts dorent uniform\u00e9ment les [&hellip;]<\/p>\n","protected":false},"featured_media":6367744,"template":"","meta":{"_acf_changed":false},"product_cat":[12068,12055],"product_tag":[],"class_list":{"0":"post-63918","1":"product","2":"type-product","3":"status-publish","4":"has-post-thumbnail","6":"product_cat-grille-pains","7":"product_cat-petits-electromenagers","9":"first","10":"instock","11":"sale","12":"taxable","13":"shipping-taxable","14":"purchasable","15":"product-type-simple","swatches":"rey-swatches","show_selected":"","stretch_labels":"rey-swatches--stretch-labels"},"acf":[],"yoast_head":"<!-- This site is optimized with the Yoast SEO plugin v25.4 - https:\/\/yoast.com\/wordpress\/plugins\/seo\/ -->\n<title>ZWILLING Enfinigy Grille Pain 2 Slots Noir avec R\u00e9chauffeur - dev6 Erresse<\/title>\n<meta name=\"description\" content=\"Savourez de d\u00e9licieux toasts comme vous les aimez. Toujours. Le grille-pain deux tranches ZWILLING ENFINIGY au design moderne assure un grillage uniforme\" \/>\n<meta name=\"robots\" content=\"noindex, follow, max-snippet:-1, max-image-preview:large, max-video-preview:-1\" \/>\n<meta property=\"og:locale\" content=\"fr_FR\" \/>\n<meta property=\"og:type\" content=\"article\" \/>\n<meta property=\"og:title\" content=\"ZWILLING Enfinigy Grille Pain 2 Slots Noir avec R\u00e9chauffeur - dev6 Erresse\" \/>\n<meta property=\"og:description\" content=\"Savourez de d\u00e9licieux toasts comme vous les aimez. Toujours. Le grille-pain deux tranches ZWILLING ENFINIGY au design moderne assure un grillage uniforme\" \/>\n<meta property=\"og:url\" content=\"https:\/\/dev6.erresse-shop.it\/fr\/shop\/petits-electromenagers\/grille-pains\/zwilling-enfinigy-grille-pain-2-slots-noir-avec-rechauffeur\/\" \/>\n<meta property=\"og:site_name\" content=\"dev6 Erresse\" \/>\n<meta property=\"og:image\" content=\"https:\/\/interpim.erresse-shop.it\/Import\/Prodotti\/zwilling-enfinigy-tostapane-2-fette-nero-con-scaldapanini.jpg\" \/><meta property=\"og:image\" content=\"https:\/\/interpim.erresse-shop.it\/Import\/Prodotti\/zwilling-enfinigy-tostapane-2-fette-nero-con-scaldapanini.jpg\" \/>\n\t<meta property=\"og:image:width\" content=\"1024\" \/>\n\t<meta property=\"og:image:height\" content=\"1024\" \/>\n\t<meta property=\"og:image:type\" content=\"image\/jpeg\" \/>\n<meta name=\"twitter:card\" content=\"summary_large_image\" \/>\n<meta name=\"twitter:image\" content=\"https:\/\/interpim.erresse-shop.it\/Import\/Prodotti\/zwilling-enfinigy-tostapane-2-fette-nero-con-scaldapanini.jpg\" \/>\n<script type=\"application\/ld+json\" class=\"yoast-schema-graph\">{\"@context\":\"https:\/\/schema.org\",\"@graph\":[{\"@type\":\"WebPage\",\"@id\":\"https:\/\/dev6.erresse-shop.it\/fr\/shop\/petits-electromenagers\/grille-pains\/zwilling-enfinigy-grille-pain-2-slots-noir-avec-rechauffeur\/\",\"url\":\"https:\/\/dev6.erresse-shop.it\/fr\/shop\/petits-electromenagers\/grille-pains\/zwilling-enfinigy-grille-pain-2-slots-noir-avec-rechauffeur\/\",\"name\":\"ZWILLING Enfinigy Grille Pain 2 Slots Noir avec R\u00e9chauffeur - dev6 Erresse\",\"isPartOf\":{\"@id\":\"https:\/\/dev6.erresse-shop.it\/#website\"},\"primaryImageOfPage\":{\"@id\":\"https:\/\/dev6.erresse-shop.it\/fr\/shop\/petits-electromenagers\/grille-pains\/zwilling-enfinigy-grille-pain-2-slots-noir-avec-rechauffeur\/#primaryimage\"},\"image\":{\"@id\":\"https:\/\/dev6.erresse-shop.it\/fr\/shop\/petits-electromenagers\/grille-pains\/zwilling-enfinigy-grille-pain-2-slots-noir-avec-rechauffeur\/#primaryimage\"},\"thumbnailUrl\":\"https:\/\/i2.wp.com\/interpim.erresse-shop.it\/Import\/Prodotti\/zwilling-enfinigy-tostapane-2-fette-nero-con-scaldapanini.jpg?ssl=1\",\"datePublished\":\"2026-04-12T08:55:31+00:00\",\"description\":\"Savourez de d\u00e9licieux toasts comme vous les aimez. Toujours. Le grille-pain deux tranches ZWILLING ENFINIGY au design moderne assure un grillage uniforme\",\"breadcrumb\":{\"@id\":\"https:\/\/dev6.erresse-shop.it\/fr\/shop\/petits-electromenagers\/grille-pains\/zwilling-enfinigy-grille-pain-2-slots-noir-avec-rechauffeur\/#breadcrumb\"},\"inLanguage\":\"fr-FR\",\"potentialAction\":[{\"@type\":\"ReadAction\",\"target\":[\"https:\/\/dev6.erresse-shop.it\/fr\/shop\/petits-electromenagers\/grille-pains\/zwilling-enfinigy-grille-pain-2-slots-noir-avec-rechauffeur\/\"]}]},{\"@type\":\"ImageObject\",\"inLanguage\":\"fr-FR\",\"@id\":\"https:\/\/dev6.erresse-shop.it\/fr\/shop\/petits-electromenagers\/grille-pains\/zwilling-enfinigy-grille-pain-2-slots-noir-avec-rechauffeur\/#primaryimage\",\"url\":\"https:\/\/i2.wp.com\/interpim.erresse-shop.it\/Import\/Prodotti\/zwilling-enfinigy-tostapane-2-fette-nero-con-scaldapanini.jpg?ssl=1\",\"contentUrl\":\"https:\/\/i2.wp.com\/interpim.erresse-shop.it\/Import\/Prodotti\/zwilling-enfinigy-tostapane-2-fette-nero-con-scaldapanini.jpg?ssl=1\"},{\"@type\":\"BreadcrumbList\",\"@id\":\"https:\/\/dev6.erresse-shop.it\/fr\/shop\/petits-electromenagers\/grille-pains\/zwilling-enfinigy-grille-pain-2-slots-noir-avec-rechauffeur\/#breadcrumb\",\"itemListElement\":[{\"@type\":\"ListItem\",\"position\":1,\"name\":\"Home\",\"item\":\"https:\/\/dev6.erresse-shop.it\/\"},{\"@type\":\"ListItem\",\"position\":2,\"name\":\"Boutique\",\"item\":\"https:\/\/dev6.erresse-shop.it\/shop\/\"},{\"@type\":\"ListItem\",\"position\":3,\"name\":\"ZWILLING Enfinigy Grille Pain 2 Slots Noir avec R\u00e9chauffeur\"}]},{\"@type\":\"WebSite\",\"@id\":\"https:\/\/dev6.erresse-shop.it\/#website\",\"url\":\"https:\/\/dev6.erresse-shop.it\/\",\"name\":\"Erresse Shop\",\"description\":\"\",\"publisher\":{\"@id\":\"https:\/\/dev6.erresse-shop.it\/#organization\"},\"potentialAction\":[{\"@type\":\"SearchAction\",\"target\":{\"@type\":\"EntryPoint\",\"urlTemplate\":\"https:\/\/dev6.erresse-shop.it\/?s={search_term_string}\"},\"query-input\":{\"@type\":\"PropertyValueSpecification\",\"valueRequired\":true,\"valueName\":\"search_term_string\"}}],\"inLanguage\":\"fr-FR\"},{\"@type\":\"Organization\",\"@id\":\"https:\/\/dev6.erresse-shop.it\/#organization\",\"name\":\"Erresse Shop\",\"url\":\"https:\/\/dev6.erresse-shop.it\/\",\"logo\":{\"@type\":\"ImageObject\",\"inLanguage\":\"fr-FR\",\"@id\":\"https:\/\/dev6.erresse-shop.it\/#\/schema\/logo\/image\/\",\"url\":\"https:\/\/dev6.erresse-shop.it\/wp-content\/uploads\/2025\/01\/LOGO-ERRESSE-CLASSICO.svg\",\"contentUrl\":\"https:\/\/dev6.erresse-shop.it\/wp-content\/uploads\/2025\/01\/LOGO-ERRESSE-CLASSICO.svg\",\"caption\":\"Erresse Shop\"},\"image\":{\"@id\":\"https:\/\/dev6.erresse-shop.it\/#\/schema\/logo\/image\/\"}}]}<\/script>\n<!-- \/ Yoast SEO plugin. -->","yoast_head_json":{"title":"ZWILLING Enfinigy Grille Pain 2 Slots Noir avec R\u00e9chauffeur - dev6 Erresse","description":"Savourez de d\u00e9licieux toasts comme vous les aimez. Toujours. Le grille-pain deux tranches ZWILLING ENFINIGY au design moderne assure un grillage uniforme","robots":{"index":"noindex","follow":"follow","max-snippet":"max-snippet:-1","max-image-preview":"max-image-preview:large","max-video-preview":"max-video-preview:-1"},"og_locale":"fr_FR","og_type":"article","og_title":"ZWILLING Enfinigy Grille Pain 2 Slots Noir avec R\u00e9chauffeur - dev6 Erresse","og_description":"Savourez de d\u00e9licieux toasts comme vous les aimez. Toujours. Le grille-pain deux tranches ZWILLING ENFINIGY au design moderne assure un grillage uniforme","og_url":"https:\/\/dev6.erresse-shop.it\/fr\/shop\/petits-electromenagers\/grille-pains\/zwilling-enfinigy-grille-pain-2-slots-noir-avec-rechauffeur\/","og_site_name":"dev6 Erresse","og_image":[{"url":"https:\/\/interpim.erresse-shop.it\/Import\/Prodotti\/zwilling-enfinigy-tostapane-2-fette-nero-con-scaldapanini.jpg","type":"","width":"","height":""},{"url":"https:\/\/interpim.erresse-shop.it\/Import\/Prodotti\/zwilling-enfinigy-tostapane-2-fette-nero-con-scaldapanini.jpg","width":1024,"height":1024,"type":"image\/jpeg"}],"twitter_card":"summary_large_image","twitter_image":"https:\/\/interpim.erresse-shop.it\/Import\/Prodotti\/zwilling-enfinigy-tostapane-2-fette-nero-con-scaldapanini.jpg","schema":{"@context":"https:\/\/schema.org","@graph":[{"@type":"WebPage","@id":"https:\/\/dev6.erresse-shop.it\/fr\/shop\/petits-electromenagers\/grille-pains\/zwilling-enfinigy-grille-pain-2-slots-noir-avec-rechauffeur\/","url":"https:\/\/dev6.erresse-shop.it\/fr\/shop\/petits-electromenagers\/grille-pains\/zwilling-enfinigy-grille-pain-2-slots-noir-avec-rechauffeur\/","name":"ZWILLING Enfinigy Grille Pain 2 Slots Noir avec R\u00e9chauffeur - dev6 Erresse","isPartOf":{"@id":"https:\/\/dev6.erresse-shop.it\/#website"},"primaryImageOfPage":{"@id":"https:\/\/dev6.erresse-shop.it\/fr\/shop\/petits-electromenagers\/grille-pains\/zwilling-enfinigy-grille-pain-2-slots-noir-avec-rechauffeur\/#primaryimage"},"image":{"@id":"https:\/\/dev6.erresse-shop.it\/fr\/shop\/petits-electromenagers\/grille-pains\/zwilling-enfinigy-grille-pain-2-slots-noir-avec-rechauffeur\/#primaryimage"},"thumbnailUrl":"https:\/\/i2.wp.com\/interpim.erresse-shop.it\/Import\/Prodotti\/zwilling-enfinigy-tostapane-2-fette-nero-con-scaldapanini.jpg?ssl=1","datePublished":"2026-04-12T08:55:31+00:00","description":"Savourez de d\u00e9licieux toasts comme vous les aimez. Toujours. Le grille-pain deux tranches ZWILLING ENFINIGY au design moderne assure un grillage uniforme","breadcrumb":{"@id":"https:\/\/dev6.erresse-shop.it\/fr\/shop\/petits-electromenagers\/grille-pains\/zwilling-enfinigy-grille-pain-2-slots-noir-avec-rechauffeur\/#breadcrumb"},"inLanguage":"fr-FR","potentialAction":[{"@type":"ReadAction","target":["https:\/\/dev6.erresse-shop.it\/fr\/shop\/petits-electromenagers\/grille-pains\/zwilling-enfinigy-grille-pain-2-slots-noir-avec-rechauffeur\/"]}]},{"@type":"ImageObject","inLanguage":"fr-FR","@id":"https:\/\/dev6.erresse-shop.it\/fr\/shop\/petits-electromenagers\/grille-pains\/zwilling-enfinigy-grille-pain-2-slots-noir-avec-rechauffeur\/#primaryimage","url":"https:\/\/i2.wp.com\/interpim.erresse-shop.it\/Import\/Prodotti\/zwilling-enfinigy-tostapane-2-fette-nero-con-scaldapanini.jpg?ssl=1","contentUrl":"https:\/\/i2.wp.com\/interpim.erresse-shop.it\/Import\/Prodotti\/zwilling-enfinigy-tostapane-2-fette-nero-con-scaldapanini.jpg?ssl=1"},{"@type":"BreadcrumbList","@id":"https:\/\/dev6.erresse-shop.it\/fr\/shop\/petits-electromenagers\/grille-pains\/zwilling-enfinigy-grille-pain-2-slots-noir-avec-rechauffeur\/#breadcrumb","itemListElement":[{"@type":"ListItem","position":1,"name":"Home","item":"https:\/\/dev6.erresse-shop.it\/"},{"@type":"ListItem","position":2,"name":"Boutique","item":"https:\/\/dev6.erresse-shop.it\/shop\/"},{"@type":"ListItem","position":3,"name":"ZWILLING Enfinigy Grille Pain 2 Slots Noir avec R\u00e9chauffeur"}]},{"@type":"WebSite","@id":"https:\/\/dev6.erresse-shop.it\/#website","url":"https:\/\/dev6.erresse-shop.it\/","name":"Erresse Shop","description":"","publisher":{"@id":"https:\/\/dev6.erresse-shop.it\/#organization"},"potentialAction":[{"@type":"SearchAction","target":{"@type":"EntryPoint","urlTemplate":"https:\/\/dev6.erresse-shop.it\/?s={search_term_string}"},"query-input":{"@type":"PropertyValueSpecification","valueRequired":true,"valueName":"search_term_string"}}],"inLanguage":"fr-FR"},{"@type":"Organization","@id":"https:\/\/dev6.erresse-shop.it\/#organization","name":"Erresse Shop","url":"https:\/\/dev6.erresse-shop.it\/","logo":{"@type":"ImageObject","inLanguage":"fr-FR","@id":"https:\/\/dev6.erresse-shop.it\/#\/schema\/logo\/image\/","url":"https:\/\/dev6.erresse-shop.it\/wp-content\/uploads\/2025\/01\/LOGO-ERRESSE-CLASSICO.svg","contentUrl":"https:\/\/dev6.erresse-shop.it\/wp-content\/uploads\/2025\/01\/LOGO-ERRESSE-CLASSICO.svg","caption":"Erresse Shop"},"image":{"@id":"https:\/\/dev6.erresse-shop.it\/#\/schema\/logo\/image\/"}}]}},"df_price":89,"df_sale_price":89,"df_regular_price":99.95,"df_image_link":"https:\/\/i2.wp.com\/interpim.erresse-shop.it\/Import\/Prodotti\/zwilling-enfinigy-tostapane-2-fette-nero-con-scaldapanini.jpg?resize=300,300&ssl=1","fifu_image_url":"https:\/\/interpim.erresse-shop.it\/Import\/Prodotti\/zwilling-enfinigy-tostapane-2-fette-nero-con-scaldapanini.jpg","_links":{"self":[{"href":"https:\/\/dev6.erresse-shop.it\/fr\/wp-json\/wp\/v2\/product\/63918","targetHints":{"allow":["GET"]}}],"collection":[{"href":"https:\/\/dev6.erresse-shop.it\/fr\/wp-json\/wp\/v2\/product"}],"about":[{"href":"https:\/\/dev6.erresse-shop.it\/fr\/wp-json\/wp\/v2\/types\/product"}],"wp:featuredmedia":[{"embeddable":true,"href":"https:\/\/dev6.erresse-shop.it\/fr\/wp-json\/wp\/v2\/media\/6367744"}],"wp:attachment":[{"href":"https:\/\/dev6.erresse-shop.it\/fr\/wp-json\/wp\/v2\/media?parent=63918"}],"wp:term":[{"taxonomy":"product_cat","embeddable":true,"href":"https:\/\/dev6.erresse-shop.it\/fr\/wp-json\/wp\/v2\/product_cat?post=63918"},{"taxonomy":"product_tag","embeddable":true,"href":"https:\/\/dev6.erresse-shop.it\/fr\/wp-json\/wp\/v2\/product_tag?post=63918"}],"curies":[{"name":"wp","href":"https:\/\/api.w.org\/{rel}","templated":true}]}}