{"id":63912,"date":"2026-04-12T10:55:31","date_gmt":"2026-04-12T08:55:31","guid":{"rendered":"https:\/\/dev6.erresse-shop.it\/shop\/non%20class\u00e9\/weber-barbecue-au-charbon-de-bois-original-kettle-e-4710-47-cm\/"},"modified":"2025-07-04T17:57:02","modified_gmt":"2025-07-04T15:57:02","slug":"weber-barbecue-au-charbon-de-bois-original-kettle-e-4710-47-cm","status":"publish","type":"product","link":"https:\/\/dev6.erresse-shop.it\/fr\/shop\/petits-electromenagers\/grilles-et-barbecues\/weber-barbecue-au-charbon-de-bois-original-kettle-e-4710-47-cm\/","title":{"rendered":"WEBER Barbecue au charbon de bois Original Kettle E-4710 47 cm"},"content":{"rendered":"<p>Levons nos verres et c\u00e9l\u00e9brons la version moderne de la bouilloire qui a tout d\u00e9clench\u00e9 : la bouilloire originale, invent\u00e9e par le fondateur de Weber et appr\u00e9ci\u00e9e dans le monde entier. Avec des caract\u00e9ristiques innovantes telles que le syst\u00e8me de nettoyage One-Touch, un grand bac \u00e0 cendres et des crochets \u00e0 ustensiles int\u00e9gr\u00e9s pour un acc\u00e8s facile lors de la cuisson, la bouilloire embl\u00e9matique continue d\u2019\u00eatre le barbecue cr\u00e9\u00e9 pour tout le monde.<\/p>\n<p>CARACT\u00c9RISTIQUES TECHNIQUES<\/p>\n<p>Dimensions \u2013 couvercle ouvert : 84cm H x 60cm L x 67cm P<br \/>\nDimensions \u2013 couvercle ferm\u00e9 : 97cm H x 60cm L x 57cm P<br \/>\nDiam\u00e8tre : 47 cm<br \/>\nSurface de cuisson totale : 1548 cm\u00b2.<br \/>\nType de combustible : charbon<\/p>\n","protected":false},"excerpt":{"rendered":"<p>Levons nos verres et c\u00e9l\u00e9brons la version moderne de la bouilloire qui a tout d\u00e9clench\u00e9 : la bouilloire originale, invent\u00e9e par le fondateur de Weber et appr\u00e9ci\u00e9e dans le monde entier. Avec des caract\u00e9ristiques innovantes telles que le syst\u00e8me de nettoyage One-Touch, un grand bac \u00e0 cendres et des crochets \u00e0 ustensiles int\u00e9gr\u00e9s pour un [&hellip;]<\/p>\n","protected":false},"featured_media":6367734,"template":"","meta":{"_acf_changed":false},"product_cat":[12087,12055],"product_tag":[],"class_list":{"0":"post-63912","1":"product","2":"type-product","3":"status-publish","4":"has-post-thumbnail","6":"product_cat-grilles-et-barbecues","7":"product_cat-petits-electromenagers","9":"first","10":"instock","11":"sale","12":"taxable","13":"shipping-taxable","14":"purchasable","15":"product-type-simple","swatches":"rey-swatches","show_selected":"","stretch_labels":"rey-swatches--stretch-labels"},"acf":[],"yoast_head":"<!-- This site is optimized with the Yoast SEO plugin v25.4 - https:\/\/yoast.com\/wordpress\/plugins\/seo\/ -->\n<title>WEBER Barbecue au charbon de bois Original Kettle E-4710 47 cm - dev6 Erresse<\/title>\n<meta name=\"description\" content=\"Levons nos verres et c\u00e9l\u00e9brons la version moderne de la bouilloire qui a tout d\u00e9clench\u00e9 : la bouilloire originale, invent\u00e9e par le fondateur de Weber et\" \/>\n<meta name=\"robots\" content=\"noindex, follow, max-snippet:-1, max-image-preview:large, max-video-preview:-1\" \/>\n<meta property=\"og:locale\" content=\"fr_FR\" \/>\n<meta property=\"og:type\" content=\"article\" \/>\n<meta property=\"og:title\" content=\"WEBER Barbecue au charbon de bois Original Kettle E-4710 47 cm - dev6 Erresse\" \/>\n<meta property=\"og:description\" content=\"Levons nos verres et c\u00e9l\u00e9brons la version moderne de la bouilloire qui a tout d\u00e9clench\u00e9 : la bouilloire originale, invent\u00e9e par le fondateur de Weber et\" \/>\n<meta property=\"og:url\" content=\"https:\/\/dev6.erresse-shop.it\/fr\/shop\/petits-electromenagers\/grilles-et-barbecues\/weber-barbecue-au-charbon-de-bois-original-kettle-e-4710-47-cm\/\" \/>\n<meta property=\"og:site_name\" content=\"dev6 Erresse\" \/>\n<meta property=\"og:image\" content=\"https:\/\/interpim.erresse-shop.it\/img-catalogo\/weber\/weber-barbecue-a-carbone-original-kettle-e-4710-47-cm.png\" \/><meta property=\"og:image\" content=\"https:\/\/interpim.erresse-shop.it\/img-catalogo\/weber\/weber-barbecue-a-carbone-original-kettle-e-4710-47-cm.png\" \/>\n\t<meta property=\"og:image:width\" content=\"1024\" \/>\n\t<meta property=\"og:image:height\" content=\"1024\" \/>\n\t<meta property=\"og:image:type\" content=\"image\/jpeg\" \/>\n<meta name=\"twitter:card\" content=\"summary_large_image\" \/>\n<meta name=\"twitter:image\" content=\"https:\/\/interpim.erresse-shop.it\/img-catalogo\/weber\/weber-barbecue-a-carbone-original-kettle-e-4710-47-cm.png\" \/>\n<script type=\"application\/ld+json\" class=\"yoast-schema-graph\">{\"@context\":\"https:\/\/schema.org\",\"@graph\":[{\"@type\":\"WebPage\",\"@id\":\"https:\/\/dev6.erresse-shop.it\/fr\/shop\/petits-electromenagers\/grilles-et-barbecues\/weber-barbecue-au-charbon-de-bois-original-kettle-e-4710-47-cm\/\",\"url\":\"https:\/\/dev6.erresse-shop.it\/fr\/shop\/petits-electromenagers\/grilles-et-barbecues\/weber-barbecue-au-charbon-de-bois-original-kettle-e-4710-47-cm\/\",\"name\":\"WEBER Barbecue au charbon de bois Original Kettle E-4710 47 cm - dev6 Erresse\",\"isPartOf\":{\"@id\":\"https:\/\/dev6.erresse-shop.it\/#website\"},\"primaryImageOfPage\":{\"@id\":\"https:\/\/dev6.erresse-shop.it\/fr\/shop\/petits-electromenagers\/grilles-et-barbecues\/weber-barbecue-au-charbon-de-bois-original-kettle-e-4710-47-cm\/#primaryimage\"},\"image\":{\"@id\":\"https:\/\/dev6.erresse-shop.it\/fr\/shop\/petits-electromenagers\/grilles-et-barbecues\/weber-barbecue-au-charbon-de-bois-original-kettle-e-4710-47-cm\/#primaryimage\"},\"thumbnailUrl\":\"https:\/\/i2.wp.com\/interpim.erresse-shop.it\/img-catalogo\/weber\/weber-barbecue-a-carbone-original-kettle-e-4710-47-cm.png?ssl=1\",\"datePublished\":\"2026-04-12T08:55:31+00:00\",\"description\":\"Levons nos verres et c\u00e9l\u00e9brons la version moderne de la bouilloire qui a tout d\u00e9clench\u00e9 : la bouilloire originale, invent\u00e9e par le fondateur de Weber et\",\"breadcrumb\":{\"@id\":\"https:\/\/dev6.erresse-shop.it\/fr\/shop\/petits-electromenagers\/grilles-et-barbecues\/weber-barbecue-au-charbon-de-bois-original-kettle-e-4710-47-cm\/#breadcrumb\"},\"inLanguage\":\"fr-FR\",\"potentialAction\":[{\"@type\":\"ReadAction\",\"target\":[\"https:\/\/dev6.erresse-shop.it\/fr\/shop\/petits-electromenagers\/grilles-et-barbecues\/weber-barbecue-au-charbon-de-bois-original-kettle-e-4710-47-cm\/\"]}]},{\"@type\":\"ImageObject\",\"inLanguage\":\"fr-FR\",\"@id\":\"https:\/\/dev6.erresse-shop.it\/fr\/shop\/petits-electromenagers\/grilles-et-barbecues\/weber-barbecue-au-charbon-de-bois-original-kettle-e-4710-47-cm\/#primaryimage\",\"url\":\"https:\/\/i2.wp.com\/interpim.erresse-shop.it\/img-catalogo\/weber\/weber-barbecue-a-carbone-original-kettle-e-4710-47-cm.png?ssl=1\",\"contentUrl\":\"https:\/\/i2.wp.com\/interpim.erresse-shop.it\/img-catalogo\/weber\/weber-barbecue-a-carbone-original-kettle-e-4710-47-cm.png?ssl=1\"},{\"@type\":\"BreadcrumbList\",\"@id\":\"https:\/\/dev6.erresse-shop.it\/fr\/shop\/petits-electromenagers\/grilles-et-barbecues\/weber-barbecue-au-charbon-de-bois-original-kettle-e-4710-47-cm\/#breadcrumb\",\"itemListElement\":[{\"@type\":\"ListItem\",\"position\":1,\"name\":\"Home\",\"item\":\"https:\/\/dev6.erresse-shop.it\/\"},{\"@type\":\"ListItem\",\"position\":2,\"name\":\"Boutique\",\"item\":\"https:\/\/dev6.erresse-shop.it\/shop\/\"},{\"@type\":\"ListItem\",\"position\":3,\"name\":\"WEBER Barbecue au charbon de bois Original Kettle E-4710 47 cm\"}]},{\"@type\":\"WebSite\",\"@id\":\"https:\/\/dev6.erresse-shop.it\/#website\",\"url\":\"https:\/\/dev6.erresse-shop.it\/\",\"name\":\"Erresse Shop\",\"description\":\"\",\"publisher\":{\"@id\":\"https:\/\/dev6.erresse-shop.it\/#organization\"},\"potentialAction\":[{\"@type\":\"SearchAction\",\"target\":{\"@type\":\"EntryPoint\",\"urlTemplate\":\"https:\/\/dev6.erresse-shop.it\/?s={search_term_string}\"},\"query-input\":{\"@type\":\"PropertyValueSpecification\",\"valueRequired\":true,\"valueName\":\"search_term_string\"}}],\"inLanguage\":\"fr-FR\"},{\"@type\":\"Organization\",\"@id\":\"https:\/\/dev6.erresse-shop.it\/#organization\",\"name\":\"Erresse Shop\",\"url\":\"https:\/\/dev6.erresse-shop.it\/\",\"logo\":{\"@type\":\"ImageObject\",\"inLanguage\":\"fr-FR\",\"@id\":\"https:\/\/dev6.erresse-shop.it\/#\/schema\/logo\/image\/\",\"url\":\"https:\/\/dev6.erresse-shop.it\/wp-content\/uploads\/2025\/01\/LOGO-ERRESSE-CLASSICO.svg\",\"contentUrl\":\"https:\/\/dev6.erresse-shop.it\/wp-content\/uploads\/2025\/01\/LOGO-ERRESSE-CLASSICO.svg\",\"caption\":\"Erresse Shop\"},\"image\":{\"@id\":\"https:\/\/dev6.erresse-shop.it\/#\/schema\/logo\/image\/\"}}]}<\/script>\n<!-- \/ Yoast SEO plugin. -->","yoast_head_json":{"title":"WEBER Barbecue au charbon de bois Original Kettle E-4710 47 cm - dev6 Erresse","description":"Levons nos verres et c\u00e9l\u00e9brons la version moderne de la bouilloire qui a tout d\u00e9clench\u00e9 : la bouilloire originale, invent\u00e9e par le fondateur de Weber et","robots":{"index":"noindex","follow":"follow","max-snippet":"max-snippet:-1","max-image-preview":"max-image-preview:large","max-video-preview":"max-video-preview:-1"},"og_locale":"fr_FR","og_type":"article","og_title":"WEBER Barbecue au charbon de bois Original Kettle E-4710 47 cm - dev6 Erresse","og_description":"Levons nos verres et c\u00e9l\u00e9brons la version moderne de la bouilloire qui a tout d\u00e9clench\u00e9 : la bouilloire originale, invent\u00e9e par le fondateur de Weber et","og_url":"https:\/\/dev6.erresse-shop.it\/fr\/shop\/petits-electromenagers\/grilles-et-barbecues\/weber-barbecue-au-charbon-de-bois-original-kettle-e-4710-47-cm\/","og_site_name":"dev6 Erresse","og_image":[{"url":"https:\/\/interpim.erresse-shop.it\/img-catalogo\/weber\/weber-barbecue-a-carbone-original-kettle-e-4710-47-cm.png","type":"","width":"","height":""},{"url":"https:\/\/interpim.erresse-shop.it\/img-catalogo\/weber\/weber-barbecue-a-carbone-original-kettle-e-4710-47-cm.png","width":1024,"height":1024,"type":"image\/jpeg"}],"twitter_card":"summary_large_image","twitter_image":"https:\/\/interpim.erresse-shop.it\/img-catalogo\/weber\/weber-barbecue-a-carbone-original-kettle-e-4710-47-cm.png","schema":{"@context":"https:\/\/schema.org","@graph":[{"@type":"WebPage","@id":"https:\/\/dev6.erresse-shop.it\/fr\/shop\/petits-electromenagers\/grilles-et-barbecues\/weber-barbecue-au-charbon-de-bois-original-kettle-e-4710-47-cm\/","url":"https:\/\/dev6.erresse-shop.it\/fr\/shop\/petits-electromenagers\/grilles-et-barbecues\/weber-barbecue-au-charbon-de-bois-original-kettle-e-4710-47-cm\/","name":"WEBER Barbecue au charbon de bois Original Kettle E-4710 47 cm - dev6 Erresse","isPartOf":{"@id":"https:\/\/dev6.erresse-shop.it\/#website"},"primaryImageOfPage":{"@id":"https:\/\/dev6.erresse-shop.it\/fr\/shop\/petits-electromenagers\/grilles-et-barbecues\/weber-barbecue-au-charbon-de-bois-original-kettle-e-4710-47-cm\/#primaryimage"},"image":{"@id":"https:\/\/dev6.erresse-shop.it\/fr\/shop\/petits-electromenagers\/grilles-et-barbecues\/weber-barbecue-au-charbon-de-bois-original-kettle-e-4710-47-cm\/#primaryimage"},"thumbnailUrl":"https:\/\/i2.wp.com\/interpim.erresse-shop.it\/img-catalogo\/weber\/weber-barbecue-a-carbone-original-kettle-e-4710-47-cm.png?ssl=1","datePublished":"2026-04-12T08:55:31+00:00","description":"Levons nos verres et c\u00e9l\u00e9brons la version moderne de la bouilloire qui a tout d\u00e9clench\u00e9 : la bouilloire originale, invent\u00e9e par le fondateur de Weber et","breadcrumb":{"@id":"https:\/\/dev6.erresse-shop.it\/fr\/shop\/petits-electromenagers\/grilles-et-barbecues\/weber-barbecue-au-charbon-de-bois-original-kettle-e-4710-47-cm\/#breadcrumb"},"inLanguage":"fr-FR","potentialAction":[{"@type":"ReadAction","target":["https:\/\/dev6.erresse-shop.it\/fr\/shop\/petits-electromenagers\/grilles-et-barbecues\/weber-barbecue-au-charbon-de-bois-original-kettle-e-4710-47-cm\/"]}]},{"@type":"ImageObject","inLanguage":"fr-FR","@id":"https:\/\/dev6.erresse-shop.it\/fr\/shop\/petits-electromenagers\/grilles-et-barbecues\/weber-barbecue-au-charbon-de-bois-original-kettle-e-4710-47-cm\/#primaryimage","url":"https:\/\/i2.wp.com\/interpim.erresse-shop.it\/img-catalogo\/weber\/weber-barbecue-a-carbone-original-kettle-e-4710-47-cm.png?ssl=1","contentUrl":"https:\/\/i2.wp.com\/interpim.erresse-shop.it\/img-catalogo\/weber\/weber-barbecue-a-carbone-original-kettle-e-4710-47-cm.png?ssl=1"},{"@type":"BreadcrumbList","@id":"https:\/\/dev6.erresse-shop.it\/fr\/shop\/petits-electromenagers\/grilles-et-barbecues\/weber-barbecue-au-charbon-de-bois-original-kettle-e-4710-47-cm\/#breadcrumb","itemListElement":[{"@type":"ListItem","position":1,"name":"Home","item":"https:\/\/dev6.erresse-shop.it\/"},{"@type":"ListItem","position":2,"name":"Boutique","item":"https:\/\/dev6.erresse-shop.it\/shop\/"},{"@type":"ListItem","position":3,"name":"WEBER Barbecue au charbon de bois Original Kettle E-4710 47 cm"}]},{"@type":"WebSite","@id":"https:\/\/dev6.erresse-shop.it\/#website","url":"https:\/\/dev6.erresse-shop.it\/","name":"Erresse Shop","description":"","publisher":{"@id":"https:\/\/dev6.erresse-shop.it\/#organization"},"potentialAction":[{"@type":"SearchAction","target":{"@type":"EntryPoint","urlTemplate":"https:\/\/dev6.erresse-shop.it\/?s={search_term_string}"},"query-input":{"@type":"PropertyValueSpecification","valueRequired":true,"valueName":"search_term_string"}}],"inLanguage":"fr-FR"},{"@type":"Organization","@id":"https:\/\/dev6.erresse-shop.it\/#organization","name":"Erresse Shop","url":"https:\/\/dev6.erresse-shop.it\/","logo":{"@type":"ImageObject","inLanguage":"fr-FR","@id":"https:\/\/dev6.erresse-shop.it\/#\/schema\/logo\/image\/","url":"https:\/\/dev6.erresse-shop.it\/wp-content\/uploads\/2025\/01\/LOGO-ERRESSE-CLASSICO.svg","contentUrl":"https:\/\/dev6.erresse-shop.it\/wp-content\/uploads\/2025\/01\/LOGO-ERRESSE-CLASSICO.svg","caption":"Erresse Shop"},"image":{"@id":"https:\/\/dev6.erresse-shop.it\/#\/schema\/logo\/image\/"}}]}},"df_price":194.34,"df_sale_price":194.34,"df_regular_price":199.99,"df_image_link":"https:\/\/i2.wp.com\/interpim.erresse-shop.it\/img-catalogo\/weber\/weber-barbecue-a-carbone-original-kettle-e-4710-47-cm.png?resize=300,300&ssl=1","fifu_image_url":"https:\/\/interpim.erresse-shop.it\/img-catalogo\/weber\/weber-barbecue-a-carbone-original-kettle-e-4710-47-cm.png","_links":{"self":[{"href":"https:\/\/dev6.erresse-shop.it\/fr\/wp-json\/wp\/v2\/product\/63912","targetHints":{"allow":["GET"]}}],"collection":[{"href":"https:\/\/dev6.erresse-shop.it\/fr\/wp-json\/wp\/v2\/product"}],"about":[{"href":"https:\/\/dev6.erresse-shop.it\/fr\/wp-json\/wp\/v2\/types\/product"}],"wp:featuredmedia":[{"embeddable":true,"href":"https:\/\/dev6.erresse-shop.it\/fr\/wp-json\/wp\/v2\/media\/6367734"}],"wp:attachment":[{"href":"https:\/\/dev6.erresse-shop.it\/fr\/wp-json\/wp\/v2\/media?parent=63912"}],"wp:term":[{"taxonomy":"product_cat","embeddable":true,"href":"https:\/\/dev6.erresse-shop.it\/fr\/wp-json\/wp\/v2\/product_cat?post=63912"},{"taxonomy":"product_tag","embeddable":true,"href":"https:\/\/dev6.erresse-shop.it\/fr\/wp-json\/wp\/v2\/product_tag?post=63912"}],"curies":[{"name":"wp","href":"https:\/\/api.w.org\/{rel}","templated":true}]}}