{"id":63902,"date":"2026-04-12T10:55:31","date_gmt":"2026-04-12T08:55:31","guid":{"rendered":"https:\/\/dev6.erresse-shop.it\/shop\/non%20class\u00e9\/berkel-superior-elegance-sabre-champagne-rouge\/"},"modified":"2025-09-14T05:29:03","modified_gmt":"2025-09-14T03:29:03","slug":"berkel-superior-elegance-sabre-champagne-rouge","status":"publish","type":"product","link":"https:\/\/dev6.erresse-shop.it\/fr\/shop\/cuisine\/couteaux\/couteaux-de-cuisine\/berkel-superior-elegance-sabre-champagne-rouge\/","title":{"rendered":"BERKEL Superior Elegance Sabre Champagne Rouge"},"content":{"rendered":"<p>SABRE POUR OUVRIR LES VINS MOUSSEUX<br \/>\nSabre \u00e9l\u00e9gant et design pour ouvrir le Champagne de qualit\u00e9, le Spumante ou d\u2019autres vins mousseux. Un petit sabre pour les sommeliers et les amateurs de vin qui permet une coupe nette pour une ouverture spectaculaire de la bouteille. Appliquez les proc\u00e9dures recommand\u00e9es pour une utilisation correcte de cet accessoire de luxe.<br \/>\nAccessoire de luxe pour une d\u00e9gustation de qualit\u00e9 du champagne, du spumante ou d\u2019autres vins mousseux. De petite taille et confi\u00e9 \u00e0 des mains exp\u00e9riment\u00e9es, ce sabre permet de r\u00e9aliser une coupe nette pour une ouverture spectaculaire de la bouteille.<\/p>\n<p>Appliquer les proc\u00e9dures recommand\u00e9es.<br \/>\nAff\u00fbtage : lisse, sans dents<br \/>\nEmballage : Bo\u00eete cadeau<\/p>\n<p>Fabriqu\u00e9 en Italie<\/p>\n","protected":false},"excerpt":{"rendered":"<p>SABRE POUR OUVRIR LES VINS MOUSSEUX Sabre \u00e9l\u00e9gant et design pour ouvrir le Champagne de qualit\u00e9, le Spumante ou d\u2019autres vins mousseux. Un petit sabre pour les sommeliers et les amateurs de vin qui permet une coupe nette pour une ouverture spectaculaire de la bouteille. Appliquez les proc\u00e9dures recommand\u00e9es pour une utilisation correcte de cet [&hellip;]<\/p>\n","protected":false},"featured_media":6367719,"template":"","meta":{"_acf_changed":false},"product_cat":[11997],"product_tag":[],"class_list":{"0":"post-63902","1":"product","2":"type-product","3":"status-publish","4":"has-post-thumbnail","6":"product_cat-couteaux-de-cuisine","8":"first","9":"instock","10":"sale","11":"taxable","12":"shipping-taxable","13":"purchasable","14":"product-type-simple","swatches":"rey-swatches","show_selected":"","stretch_labels":"rey-swatches--stretch-labels"},"acf":[],"yoast_head":"<!-- This site is optimized with the Yoast SEO plugin v25.4 - https:\/\/yoast.com\/wordpress\/plugins\/seo\/ -->\n<title>BERKEL Superior Elegance Sabre Champagne Rouge - dev6 Erresse<\/title>\n<meta name=\"description\" content=\"SABRE POUR OUVRIR LES VINS MOUSSEUX Sabre \u00e9l\u00e9gant et design pour ouvrir le Champagne de qualit\u00e9, le Spumante ou d\u2019autres vins mousseux. Un petit sabre\" \/>\n<meta name=\"robots\" content=\"noindex, follow, max-snippet:-1, max-image-preview:large, max-video-preview:-1\" \/>\n<meta property=\"og:locale\" content=\"fr_FR\" \/>\n<meta property=\"og:type\" content=\"article\" \/>\n<meta property=\"og:title\" content=\"BERKEL Superior Elegance Sabre Champagne Rouge - dev6 Erresse\" \/>\n<meta property=\"og:description\" content=\"SABRE POUR OUVRIR LES VINS MOUSSEUX Sabre \u00e9l\u00e9gant et design pour ouvrir le Champagne de qualit\u00e9, le Spumante ou d\u2019autres vins mousseux. Un petit sabre\" \/>\n<meta property=\"og:url\" content=\"https:\/\/dev6.erresse-shop.it\/fr\/shop\/cuisine\/couteaux\/couteaux-de-cuisine\/berkel-superior-elegance-sabre-champagne-rouge\/\" \/>\n<meta property=\"og:site_name\" content=\"dev6 Erresse\" \/>\n<meta property=\"og:image\" content=\"https:\/\/interpim.erresse-shop.it\/wp-content\/uploads\/2024\/05\/BERKEL-Superior-Elegance-Sciabola-Champagne-Rosso.jpg\/berkel-superior-elegance-sciabola-champagne-rosso.jpg\" \/><meta property=\"og:image\" content=\"https:\/\/interpim.erresse-shop.it\/wp-content\/uploads\/2024\/05\/BERKEL-Superior-Elegance-Sciabola-Champagne-Rosso.jpg\/berkel-superior-elegance-sciabola-champagne-rosso.jpg\" \/>\n\t<meta property=\"og:image:width\" content=\"1024\" \/>\n\t<meta property=\"og:image:height\" content=\"1024\" \/>\n\t<meta property=\"og:image:type\" content=\"image\/jpeg\" \/>\n<meta name=\"twitter:card\" content=\"summary_large_image\" \/>\n<meta name=\"twitter:image\" content=\"https:\/\/interpim.erresse-shop.it\/wp-content\/uploads\/2024\/05\/BERKEL-Superior-Elegance-Sciabola-Champagne-Rosso.jpg\/berkel-superior-elegance-sciabola-champagne-rosso.jpg\" \/>\n<script type=\"application\/ld+json\" class=\"yoast-schema-graph\">{\"@context\":\"https:\/\/schema.org\",\"@graph\":[{\"@type\":\"WebPage\",\"@id\":\"https:\/\/dev6.erresse-shop.it\/fr\/shop\/cuisine\/couteaux\/couteaux-de-cuisine\/berkel-superior-elegance-sabre-champagne-rouge\/\",\"url\":\"https:\/\/dev6.erresse-shop.it\/fr\/shop\/cuisine\/couteaux\/couteaux-de-cuisine\/berkel-superior-elegance-sabre-champagne-rouge\/\",\"name\":\"BERKEL Superior Elegance Sabre Champagne Rouge - dev6 Erresse\",\"isPartOf\":{\"@id\":\"https:\/\/dev6.erresse-shop.it\/#website\"},\"primaryImageOfPage\":{\"@id\":\"https:\/\/dev6.erresse-shop.it\/fr\/shop\/cuisine\/couteaux\/couteaux-de-cuisine\/berkel-superior-elegance-sabre-champagne-rouge\/#primaryimage\"},\"image\":{\"@id\":\"https:\/\/dev6.erresse-shop.it\/fr\/shop\/cuisine\/couteaux\/couteaux-de-cuisine\/berkel-superior-elegance-sabre-champagne-rouge\/#primaryimage\"},\"thumbnailUrl\":\"https:\/\/i0.wp.com\/interpim.erresse-shop.it\/wp-content\/uploads\/2024\/05\/BERKEL-Superior-Elegance-Sciabola-Champagne-Rosso.jpg\/berkel-superior-elegance-sciabola-champagne-rosso.jpg?ssl=1\",\"datePublished\":\"2026-04-12T08:55:31+00:00\",\"description\":\"SABRE POUR OUVRIR LES VINS MOUSSEUX Sabre \u00e9l\u00e9gant et design pour ouvrir le Champagne de qualit\u00e9, le Spumante ou d\u2019autres vins mousseux. Un petit sabre\",\"breadcrumb\":{\"@id\":\"https:\/\/dev6.erresse-shop.it\/fr\/shop\/cuisine\/couteaux\/couteaux-de-cuisine\/berkel-superior-elegance-sabre-champagne-rouge\/#breadcrumb\"},\"inLanguage\":\"fr-FR\",\"potentialAction\":[{\"@type\":\"ReadAction\",\"target\":[\"https:\/\/dev6.erresse-shop.it\/fr\/shop\/cuisine\/couteaux\/couteaux-de-cuisine\/berkel-superior-elegance-sabre-champagne-rouge\/\"]}]},{\"@type\":\"ImageObject\",\"inLanguage\":\"fr-FR\",\"@id\":\"https:\/\/dev6.erresse-shop.it\/fr\/shop\/cuisine\/couteaux\/couteaux-de-cuisine\/berkel-superior-elegance-sabre-champagne-rouge\/#primaryimage\",\"url\":\"https:\/\/i0.wp.com\/interpim.erresse-shop.it\/wp-content\/uploads\/2024\/05\/BERKEL-Superior-Elegance-Sciabola-Champagne-Rosso.jpg\/berkel-superior-elegance-sciabola-champagne-rosso.jpg?ssl=1\",\"contentUrl\":\"https:\/\/i0.wp.com\/interpim.erresse-shop.it\/wp-content\/uploads\/2024\/05\/BERKEL-Superior-Elegance-Sciabola-Champagne-Rosso.jpg\/berkel-superior-elegance-sciabola-champagne-rosso.jpg?ssl=1\"},{\"@type\":\"BreadcrumbList\",\"@id\":\"https:\/\/dev6.erresse-shop.it\/fr\/shop\/cuisine\/couteaux\/couteaux-de-cuisine\/berkel-superior-elegance-sabre-champagne-rouge\/#breadcrumb\",\"itemListElement\":[{\"@type\":\"ListItem\",\"position\":1,\"name\":\"Home\",\"item\":\"https:\/\/dev6.erresse-shop.it\/\"},{\"@type\":\"ListItem\",\"position\":2,\"name\":\"Boutique\",\"item\":\"https:\/\/dev6.erresse-shop.it\/shop\/\"},{\"@type\":\"ListItem\",\"position\":3,\"name\":\"BERKEL Superior Elegance Sabre Champagne Rouge\"}]},{\"@type\":\"WebSite\",\"@id\":\"https:\/\/dev6.erresse-shop.it\/#website\",\"url\":\"https:\/\/dev6.erresse-shop.it\/\",\"name\":\"Erresse Shop\",\"description\":\"\",\"publisher\":{\"@id\":\"https:\/\/dev6.erresse-shop.it\/#organization\"},\"potentialAction\":[{\"@type\":\"SearchAction\",\"target\":{\"@type\":\"EntryPoint\",\"urlTemplate\":\"https:\/\/dev6.erresse-shop.it\/?s={search_term_string}\"},\"query-input\":{\"@type\":\"PropertyValueSpecification\",\"valueRequired\":true,\"valueName\":\"search_term_string\"}}],\"inLanguage\":\"fr-FR\"},{\"@type\":\"Organization\",\"@id\":\"https:\/\/dev6.erresse-shop.it\/#organization\",\"name\":\"Erresse Shop\",\"url\":\"https:\/\/dev6.erresse-shop.it\/\",\"logo\":{\"@type\":\"ImageObject\",\"inLanguage\":\"fr-FR\",\"@id\":\"https:\/\/dev6.erresse-shop.it\/#\/schema\/logo\/image\/\",\"url\":\"https:\/\/dev6.erresse-shop.it\/wp-content\/uploads\/2025\/01\/LOGO-ERRESSE-CLASSICO.svg\",\"contentUrl\":\"https:\/\/dev6.erresse-shop.it\/wp-content\/uploads\/2025\/01\/LOGO-ERRESSE-CLASSICO.svg\",\"caption\":\"Erresse Shop\"},\"image\":{\"@id\":\"https:\/\/dev6.erresse-shop.it\/#\/schema\/logo\/image\/\"}}]}<\/script>\n<!-- \/ Yoast SEO plugin. -->","yoast_head_json":{"title":"BERKEL Superior Elegance Sabre Champagne Rouge - dev6 Erresse","description":"SABRE POUR OUVRIR LES VINS MOUSSEUX Sabre \u00e9l\u00e9gant et design pour ouvrir le Champagne de qualit\u00e9, le Spumante ou d\u2019autres vins mousseux. Un petit sabre","robots":{"index":"noindex","follow":"follow","max-snippet":"max-snippet:-1","max-image-preview":"max-image-preview:large","max-video-preview":"max-video-preview:-1"},"og_locale":"fr_FR","og_type":"article","og_title":"BERKEL Superior Elegance Sabre Champagne Rouge - dev6 Erresse","og_description":"SABRE POUR OUVRIR LES VINS MOUSSEUX Sabre \u00e9l\u00e9gant et design pour ouvrir le Champagne de qualit\u00e9, le Spumante ou d\u2019autres vins mousseux. Un petit sabre","og_url":"https:\/\/dev6.erresse-shop.it\/fr\/shop\/cuisine\/couteaux\/couteaux-de-cuisine\/berkel-superior-elegance-sabre-champagne-rouge\/","og_site_name":"dev6 Erresse","og_image":[{"url":"https:\/\/interpim.erresse-shop.it\/wp-content\/uploads\/2024\/05\/BERKEL-Superior-Elegance-Sciabola-Champagne-Rosso.jpg\/berkel-superior-elegance-sciabola-champagne-rosso.jpg","type":"","width":"","height":""},{"url":"https:\/\/interpim.erresse-shop.it\/wp-content\/uploads\/2024\/05\/BERKEL-Superior-Elegance-Sciabola-Champagne-Rosso.jpg\/berkel-superior-elegance-sciabola-champagne-rosso.jpg","width":1024,"height":1024,"type":"image\/jpeg"}],"twitter_card":"summary_large_image","twitter_image":"https:\/\/interpim.erresse-shop.it\/wp-content\/uploads\/2024\/05\/BERKEL-Superior-Elegance-Sciabola-Champagne-Rosso.jpg\/berkel-superior-elegance-sciabola-champagne-rosso.jpg","schema":{"@context":"https:\/\/schema.org","@graph":[{"@type":"WebPage","@id":"https:\/\/dev6.erresse-shop.it\/fr\/shop\/cuisine\/couteaux\/couteaux-de-cuisine\/berkel-superior-elegance-sabre-champagne-rouge\/","url":"https:\/\/dev6.erresse-shop.it\/fr\/shop\/cuisine\/couteaux\/couteaux-de-cuisine\/berkel-superior-elegance-sabre-champagne-rouge\/","name":"BERKEL Superior Elegance Sabre Champagne Rouge - dev6 Erresse","isPartOf":{"@id":"https:\/\/dev6.erresse-shop.it\/#website"},"primaryImageOfPage":{"@id":"https:\/\/dev6.erresse-shop.it\/fr\/shop\/cuisine\/couteaux\/couteaux-de-cuisine\/berkel-superior-elegance-sabre-champagne-rouge\/#primaryimage"},"image":{"@id":"https:\/\/dev6.erresse-shop.it\/fr\/shop\/cuisine\/couteaux\/couteaux-de-cuisine\/berkel-superior-elegance-sabre-champagne-rouge\/#primaryimage"},"thumbnailUrl":"https:\/\/i0.wp.com\/interpim.erresse-shop.it\/wp-content\/uploads\/2024\/05\/BERKEL-Superior-Elegance-Sciabola-Champagne-Rosso.jpg\/berkel-superior-elegance-sciabola-champagne-rosso.jpg?ssl=1","datePublished":"2026-04-12T08:55:31+00:00","description":"SABRE POUR OUVRIR LES VINS MOUSSEUX Sabre \u00e9l\u00e9gant et design pour ouvrir le Champagne de qualit\u00e9, le Spumante ou d\u2019autres vins mousseux. Un petit sabre","breadcrumb":{"@id":"https:\/\/dev6.erresse-shop.it\/fr\/shop\/cuisine\/couteaux\/couteaux-de-cuisine\/berkel-superior-elegance-sabre-champagne-rouge\/#breadcrumb"},"inLanguage":"fr-FR","potentialAction":[{"@type":"ReadAction","target":["https:\/\/dev6.erresse-shop.it\/fr\/shop\/cuisine\/couteaux\/couteaux-de-cuisine\/berkel-superior-elegance-sabre-champagne-rouge\/"]}]},{"@type":"ImageObject","inLanguage":"fr-FR","@id":"https:\/\/dev6.erresse-shop.it\/fr\/shop\/cuisine\/couteaux\/couteaux-de-cuisine\/berkel-superior-elegance-sabre-champagne-rouge\/#primaryimage","url":"https:\/\/i0.wp.com\/interpim.erresse-shop.it\/wp-content\/uploads\/2024\/05\/BERKEL-Superior-Elegance-Sciabola-Champagne-Rosso.jpg\/berkel-superior-elegance-sciabola-champagne-rosso.jpg?ssl=1","contentUrl":"https:\/\/i0.wp.com\/interpim.erresse-shop.it\/wp-content\/uploads\/2024\/05\/BERKEL-Superior-Elegance-Sciabola-Champagne-Rosso.jpg\/berkel-superior-elegance-sciabola-champagne-rosso.jpg?ssl=1"},{"@type":"BreadcrumbList","@id":"https:\/\/dev6.erresse-shop.it\/fr\/shop\/cuisine\/couteaux\/couteaux-de-cuisine\/berkel-superior-elegance-sabre-champagne-rouge\/#breadcrumb","itemListElement":[{"@type":"ListItem","position":1,"name":"Home","item":"https:\/\/dev6.erresse-shop.it\/"},{"@type":"ListItem","position":2,"name":"Boutique","item":"https:\/\/dev6.erresse-shop.it\/shop\/"},{"@type":"ListItem","position":3,"name":"BERKEL Superior Elegance Sabre Champagne Rouge"}]},{"@type":"WebSite","@id":"https:\/\/dev6.erresse-shop.it\/#website","url":"https:\/\/dev6.erresse-shop.it\/","name":"Erresse Shop","description":"","publisher":{"@id":"https:\/\/dev6.erresse-shop.it\/#organization"},"potentialAction":[{"@type":"SearchAction","target":{"@type":"EntryPoint","urlTemplate":"https:\/\/dev6.erresse-shop.it\/?s={search_term_string}"},"query-input":{"@type":"PropertyValueSpecification","valueRequired":true,"valueName":"search_term_string"}}],"inLanguage":"fr-FR"},{"@type":"Organization","@id":"https:\/\/dev6.erresse-shop.it\/#organization","name":"Erresse Shop","url":"https:\/\/dev6.erresse-shop.it\/","logo":{"@type":"ImageObject","inLanguage":"fr-FR","@id":"https:\/\/dev6.erresse-shop.it\/#\/schema\/logo\/image\/","url":"https:\/\/dev6.erresse-shop.it\/wp-content\/uploads\/2025\/01\/LOGO-ERRESSE-CLASSICO.svg","contentUrl":"https:\/\/dev6.erresse-shop.it\/wp-content\/uploads\/2025\/01\/LOGO-ERRESSE-CLASSICO.svg","caption":"Erresse Shop"},"image":{"@id":"https:\/\/dev6.erresse-shop.it\/#\/schema\/logo\/image\/"}}]}},"df_price":269,"df_sale_price":269,"df_regular_price":419,"df_image_link":"https:\/\/i0.wp.com\/interpim.erresse-shop.it\/wp-content\/uploads\/2024\/05\/BERKEL-Superior-Elegance-Sciabola-Champagne-Rosso.jpg\/berkel-superior-elegance-sciabola-champagne-rosso.jpg?resize=300,300&ssl=1","fifu_image_url":"https:\/\/interpim.erresse-shop.it\/wp-content\/uploads\/2024\/05\/BERKEL-Superior-Elegance-Sciabola-Champagne-Rosso.jpg\/berkel-superior-elegance-sciabola-champagne-rosso.jpg","_links":{"self":[{"href":"https:\/\/dev6.erresse-shop.it\/fr\/wp-json\/wp\/v2\/product\/63902","targetHints":{"allow":["GET"]}}],"collection":[{"href":"https:\/\/dev6.erresse-shop.it\/fr\/wp-json\/wp\/v2\/product"}],"about":[{"href":"https:\/\/dev6.erresse-shop.it\/fr\/wp-json\/wp\/v2\/types\/product"}],"wp:featuredmedia":[{"embeddable":true,"href":"https:\/\/dev6.erresse-shop.it\/fr\/wp-json\/wp\/v2\/media\/6367719"}],"wp:attachment":[{"href":"https:\/\/dev6.erresse-shop.it\/fr\/wp-json\/wp\/v2\/media?parent=63902"}],"wp:term":[{"taxonomy":"product_cat","embeddable":true,"href":"https:\/\/dev6.erresse-shop.it\/fr\/wp-json\/wp\/v2\/product_cat?post=63902"},{"taxonomy":"product_tag","embeddable":true,"href":"https:\/\/dev6.erresse-shop.it\/fr\/wp-json\/wp\/v2\/product_tag?post=63902"}],"curies":[{"name":"wp","href":"https:\/\/api.w.org\/{rel}","templated":true}]}}