{"id":63900,"date":"2026-04-04T10:52:53","date_gmt":"2026-04-04T08:52:53","guid":{"rendered":"https:\/\/dev6.erresse-shop.it\/shop\/non%20class\u00e9\/ga-ma-gp-phon-iq-lite-rouge\/"},"modified":"2025-09-14T05:28:59","modified_gmt":"2025-09-14T03:28:59","slug":"ga-ma-gp-phon-iq-lite-rouge","status":"publish","type":"product","link":"https:\/\/dev6.erresse-shop.it\/fr\/shop\/petits-electromenagers\/seche-cheveux-et-fers-a-lisser\/ga-ma-gp-phon-iq-lite-rouge\/","title":{"rendered":"GA.MA GP Phon IQ Lite Rouge"},"content":{"rendered":"<p>Le nouvel iQ Lite reprend les caract\u00e9ristiques essentielles d\u2019innovation et d\u2019excellence de la ligne iQ Perfetto prim\u00e9e. Dot\u00e9 d\u2019un design italien \u00e9l\u00e9gant et ultra-compact, il allie l\u00e9g\u00e8ret\u00e9 (316 grammes seulement) et puissance.<\/p>\n<p>S\u00c8CHE-CHEVEUX IQ LITE RED<\/p>\n<p>L\u2019iQ Lite Red se caract\u00e9rise par son design, son extr\u00eame l\u00e9g\u00e8ret\u00e9 et sa technologie innovante. Pesant seulement 316 grammes, le s\u00e8che-cheveux iQ Lite est \u00e9quip\u00e9 d\u2019un moteur brushless innovant \u00e0 longue dur\u00e9e de vie. La vitesse du moteur de 110 000 tr\/min, la puissance de 1500 W et la pression de 600 mmH20 garantissent des performances \u00e9lev\u00e9es.<\/p>\n<p>Il est \u00e9quip\u00e9 de la technologie Oxy-Active, qui renforce la durabilit\u00e9 et l\u2019\u00e9clat de la couleur : cette technologie garantit des cheveux d\u2019apparence saine, hydrat\u00e9s, sans frisottis, brillants et rehauss\u00e9s, et permet l\u2019effet Color Lock.<\/p>\n<p>Lorsqu\u2019il est utilis\u00e9 sans buse ni diffuseur, le design innovant de la sortie d\u2019air recr\u00e9e l\u2019effet Venturi, c\u2019est-\u00e0-dire qu\u2019il multiplie le flux d\u2019air d\u00e9livr\u00e9 par le moteur sans consommer d\u2019\u00e9nergie suppl\u00e9mentaire, r\u00e9duisant ainsi le temps de s\u00e9chage.<\/p>\n<p>Les 6 combinaisons diff\u00e9rentes de 3 temp\u00e9ratures et de 2 vitesses vous permettent de choisir celle qui convient le mieux \u00e0 vos besoins de coiffure et le bouton Cool Shot vous permet de fixer la coiffure pour une longue dur\u00e9e.<\/p>\n<p>L\u2019iQ Lite est \u00e9quip\u00e9 d\u2019un filtre externe magn\u00e9tis\u00e9 con\u00e7u pour emp\u00eacher la salet\u00e9 et les produits chimiques de p\u00e9n\u00e9trer dans le moteur et dans les cheveux, et d\u2019un filtre interne en tissu qui retient les plus petites particules de l\u2019environnement. Les deux filtres facilitent le nettoyage et l\u2019entretien du s\u00e8che-cheveux au fil du temps.<\/p>\n","protected":false},"excerpt":{"rendered":"<p>Le nouvel iQ Lite reprend les caract\u00e9ristiques essentielles d\u2019innovation et d\u2019excellence de la ligne iQ Perfetto prim\u00e9e. Dot\u00e9 d\u2019un design italien \u00e9l\u00e9gant et ultra-compact, il allie l\u00e9g\u00e8ret\u00e9 (316 grammes seulement) et puissance. S\u00c8CHE-CHEVEUX IQ LITE RED L\u2019iQ Lite Red se caract\u00e9rise par son design, son extr\u00eame l\u00e9g\u00e8ret\u00e9 et sa technologie innovante. Pesant seulement 316 grammes, [&hellip;]<\/p>\n","protected":false},"featured_media":6284450,"template":"","meta":{"_acf_changed":false},"product_cat":[12055,12092],"product_tag":[],"class_list":{"0":"post-63900","1":"product","2":"type-product","3":"status-publish","4":"has-post-thumbnail","6":"product_cat-petits-electromenagers","7":"product_cat-seche-cheveux-et-fers-a-lisser","9":"first","10":"instock","11":"sale","12":"taxable","13":"shipping-taxable","14":"purchasable","15":"product-type-simple","swatches":"rey-swatches","show_selected":"","stretch_labels":"rey-swatches--stretch-labels"},"acf":[],"yoast_head":"<!-- This site is optimized with the Yoast SEO plugin v25.4 - https:\/\/yoast.com\/wordpress\/plugins\/seo\/ -->\n<title>GA.MA GP Phon IQ Lite Rouge - dev6 Erresse<\/title>\n<meta name=\"description\" content=\"Le nouvel iQ Lite reprend les caract\u00e9ristiques essentielles d\u2019innovation et d\u2019excellence de la ligne iQ Perfetto prim\u00e9e. Dot\u00e9 d\u2019un design italien \u00e9l\u00e9gant\" \/>\n<meta name=\"robots\" content=\"noindex, follow, max-snippet:-1, max-image-preview:large, max-video-preview:-1\" \/>\n<meta property=\"og:locale\" content=\"fr_FR\" \/>\n<meta property=\"og:type\" content=\"article\" \/>\n<meta property=\"og:title\" content=\"GA.MA GP Phon IQ Lite Rouge - dev6 Erresse\" \/>\n<meta property=\"og:description\" content=\"Le nouvel iQ Lite reprend les caract\u00e9ristiques essentielles d\u2019innovation et d\u2019excellence de la ligne iQ Perfetto prim\u00e9e. Dot\u00e9 d\u2019un design italien \u00e9l\u00e9gant\" \/>\n<meta property=\"og:url\" content=\"https:\/\/dev6.erresse-shop.it\/fr\/shop\/petits-electromenagers\/seche-cheveux-et-fers-a-lisser\/ga-ma-gp-phon-iq-lite-rouge\/\" \/>\n<meta property=\"og:site_name\" content=\"dev6 Erresse\" \/>\n<meta property=\"og:image\" content=\"https:\/\/interpim.erresse-shop.it\/Import\/Prodotti\/ga.ma-gp-phon-iq-lite-rosso.jpg\" \/><meta property=\"og:image\" content=\"https:\/\/interpim.erresse-shop.it\/Import\/Prodotti\/ga.ma-gp-phon-iq-lite-rosso.jpg\" \/>\n\t<meta property=\"og:image:width\" content=\"1024\" \/>\n\t<meta property=\"og:image:height\" content=\"1024\" \/>\n\t<meta property=\"og:image:type\" content=\"image\/jpeg\" \/>\n<meta name=\"twitter:card\" content=\"summary_large_image\" \/>\n<meta name=\"twitter:image\" content=\"https:\/\/interpim.erresse-shop.it\/Import\/Prodotti\/ga.ma-gp-phon-iq-lite-rosso.jpg\" \/>\n<script type=\"application\/ld+json\" class=\"yoast-schema-graph\">{\"@context\":\"https:\/\/schema.org\",\"@graph\":[{\"@type\":\"WebPage\",\"@id\":\"https:\/\/dev6.erresse-shop.it\/fr\/shop\/petits-electromenagers\/seche-cheveux-et-fers-a-lisser\/ga-ma-gp-phon-iq-lite-rouge\/\",\"url\":\"https:\/\/dev6.erresse-shop.it\/fr\/shop\/petits-electromenagers\/seche-cheveux-et-fers-a-lisser\/ga-ma-gp-phon-iq-lite-rouge\/\",\"name\":\"GA.MA GP Phon IQ Lite Rouge - dev6 Erresse\",\"isPartOf\":{\"@id\":\"https:\/\/dev6.erresse-shop.it\/#website\"},\"primaryImageOfPage\":{\"@id\":\"https:\/\/dev6.erresse-shop.it\/fr\/shop\/petits-electromenagers\/seche-cheveux-et-fers-a-lisser\/ga-ma-gp-phon-iq-lite-rouge\/#primaryimage\"},\"image\":{\"@id\":\"https:\/\/dev6.erresse-shop.it\/fr\/shop\/petits-electromenagers\/seche-cheveux-et-fers-a-lisser\/ga-ma-gp-phon-iq-lite-rouge\/#primaryimage\"},\"thumbnailUrl\":\"https:\/\/i0.wp.com\/interpim.erresse-shop.it\/Import\/Prodotti\/ga.ma-gp-phon-iq-lite-rosso.jpg?ssl=1\",\"datePublished\":\"2026-04-04T08:52:53+00:00\",\"description\":\"Le nouvel iQ Lite reprend les caract\u00e9ristiques essentielles d\u2019innovation et d\u2019excellence de la ligne iQ Perfetto prim\u00e9e. Dot\u00e9 d\u2019un design italien \u00e9l\u00e9gant\",\"breadcrumb\":{\"@id\":\"https:\/\/dev6.erresse-shop.it\/fr\/shop\/petits-electromenagers\/seche-cheveux-et-fers-a-lisser\/ga-ma-gp-phon-iq-lite-rouge\/#breadcrumb\"},\"inLanguage\":\"fr-FR\",\"potentialAction\":[{\"@type\":\"ReadAction\",\"target\":[\"https:\/\/dev6.erresse-shop.it\/fr\/shop\/petits-electromenagers\/seche-cheveux-et-fers-a-lisser\/ga-ma-gp-phon-iq-lite-rouge\/\"]}]},{\"@type\":\"ImageObject\",\"inLanguage\":\"fr-FR\",\"@id\":\"https:\/\/dev6.erresse-shop.it\/fr\/shop\/petits-electromenagers\/seche-cheveux-et-fers-a-lisser\/ga-ma-gp-phon-iq-lite-rouge\/#primaryimage\",\"url\":\"https:\/\/i0.wp.com\/interpim.erresse-shop.it\/Import\/Prodotti\/ga.ma-gp-phon-iq-lite-rosso.jpg?ssl=1\",\"contentUrl\":\"https:\/\/i0.wp.com\/interpim.erresse-shop.it\/Import\/Prodotti\/ga.ma-gp-phon-iq-lite-rosso.jpg?ssl=1\"},{\"@type\":\"BreadcrumbList\",\"@id\":\"https:\/\/dev6.erresse-shop.it\/fr\/shop\/petits-electromenagers\/seche-cheveux-et-fers-a-lisser\/ga-ma-gp-phon-iq-lite-rouge\/#breadcrumb\",\"itemListElement\":[{\"@type\":\"ListItem\",\"position\":1,\"name\":\"Home\",\"item\":\"https:\/\/dev6.erresse-shop.it\/\"},{\"@type\":\"ListItem\",\"position\":2,\"name\":\"Boutique\",\"item\":\"https:\/\/dev6.erresse-shop.it\/shop\/\"},{\"@type\":\"ListItem\",\"position\":3,\"name\":\"GA.MA GP Phon IQ Lite Rouge\"}]},{\"@type\":\"WebSite\",\"@id\":\"https:\/\/dev6.erresse-shop.it\/#website\",\"url\":\"https:\/\/dev6.erresse-shop.it\/\",\"name\":\"Erresse Shop\",\"description\":\"\",\"publisher\":{\"@id\":\"https:\/\/dev6.erresse-shop.it\/#organization\"},\"potentialAction\":[{\"@type\":\"SearchAction\",\"target\":{\"@type\":\"EntryPoint\",\"urlTemplate\":\"https:\/\/dev6.erresse-shop.it\/?s={search_term_string}\"},\"query-input\":{\"@type\":\"PropertyValueSpecification\",\"valueRequired\":true,\"valueName\":\"search_term_string\"}}],\"inLanguage\":\"fr-FR\"},{\"@type\":\"Organization\",\"@id\":\"https:\/\/dev6.erresse-shop.it\/#organization\",\"name\":\"Erresse Shop\",\"url\":\"https:\/\/dev6.erresse-shop.it\/\",\"logo\":{\"@type\":\"ImageObject\",\"inLanguage\":\"fr-FR\",\"@id\":\"https:\/\/dev6.erresse-shop.it\/#\/schema\/logo\/image\/\",\"url\":\"https:\/\/dev6.erresse-shop.it\/wp-content\/uploads\/2025\/01\/LOGO-ERRESSE-CLASSICO.svg\",\"contentUrl\":\"https:\/\/dev6.erresse-shop.it\/wp-content\/uploads\/2025\/01\/LOGO-ERRESSE-CLASSICO.svg\",\"caption\":\"Erresse Shop\"},\"image\":{\"@id\":\"https:\/\/dev6.erresse-shop.it\/#\/schema\/logo\/image\/\"}}]}<\/script>\n<!-- \/ Yoast SEO plugin. -->","yoast_head_json":{"title":"GA.MA GP Phon IQ Lite Rouge - dev6 Erresse","description":"Le nouvel iQ Lite reprend les caract\u00e9ristiques essentielles d\u2019innovation et d\u2019excellence de la ligne iQ Perfetto prim\u00e9e. Dot\u00e9 d\u2019un design italien \u00e9l\u00e9gant","robots":{"index":"noindex","follow":"follow","max-snippet":"max-snippet:-1","max-image-preview":"max-image-preview:large","max-video-preview":"max-video-preview:-1"},"og_locale":"fr_FR","og_type":"article","og_title":"GA.MA GP Phon IQ Lite Rouge - dev6 Erresse","og_description":"Le nouvel iQ Lite reprend les caract\u00e9ristiques essentielles d\u2019innovation et d\u2019excellence de la ligne iQ Perfetto prim\u00e9e. Dot\u00e9 d\u2019un design italien \u00e9l\u00e9gant","og_url":"https:\/\/dev6.erresse-shop.it\/fr\/shop\/petits-electromenagers\/seche-cheveux-et-fers-a-lisser\/ga-ma-gp-phon-iq-lite-rouge\/","og_site_name":"dev6 Erresse","og_image":[{"url":"https:\/\/interpim.erresse-shop.it\/Import\/Prodotti\/ga.ma-gp-phon-iq-lite-rosso.jpg","type":"","width":"","height":""},{"url":"https:\/\/interpim.erresse-shop.it\/Import\/Prodotti\/ga.ma-gp-phon-iq-lite-rosso.jpg","width":1024,"height":1024,"type":"image\/jpeg"}],"twitter_card":"summary_large_image","twitter_image":"https:\/\/interpim.erresse-shop.it\/Import\/Prodotti\/ga.ma-gp-phon-iq-lite-rosso.jpg","schema":{"@context":"https:\/\/schema.org","@graph":[{"@type":"WebPage","@id":"https:\/\/dev6.erresse-shop.it\/fr\/shop\/petits-electromenagers\/seche-cheveux-et-fers-a-lisser\/ga-ma-gp-phon-iq-lite-rouge\/","url":"https:\/\/dev6.erresse-shop.it\/fr\/shop\/petits-electromenagers\/seche-cheveux-et-fers-a-lisser\/ga-ma-gp-phon-iq-lite-rouge\/","name":"GA.MA GP Phon IQ Lite Rouge - dev6 Erresse","isPartOf":{"@id":"https:\/\/dev6.erresse-shop.it\/#website"},"primaryImageOfPage":{"@id":"https:\/\/dev6.erresse-shop.it\/fr\/shop\/petits-electromenagers\/seche-cheveux-et-fers-a-lisser\/ga-ma-gp-phon-iq-lite-rouge\/#primaryimage"},"image":{"@id":"https:\/\/dev6.erresse-shop.it\/fr\/shop\/petits-electromenagers\/seche-cheveux-et-fers-a-lisser\/ga-ma-gp-phon-iq-lite-rouge\/#primaryimage"},"thumbnailUrl":"https:\/\/i0.wp.com\/interpim.erresse-shop.it\/Import\/Prodotti\/ga.ma-gp-phon-iq-lite-rosso.jpg?ssl=1","datePublished":"2026-04-04T08:52:53+00:00","description":"Le nouvel iQ Lite reprend les caract\u00e9ristiques essentielles d\u2019innovation et d\u2019excellence de la ligne iQ Perfetto prim\u00e9e. Dot\u00e9 d\u2019un design italien \u00e9l\u00e9gant","breadcrumb":{"@id":"https:\/\/dev6.erresse-shop.it\/fr\/shop\/petits-electromenagers\/seche-cheveux-et-fers-a-lisser\/ga-ma-gp-phon-iq-lite-rouge\/#breadcrumb"},"inLanguage":"fr-FR","potentialAction":[{"@type":"ReadAction","target":["https:\/\/dev6.erresse-shop.it\/fr\/shop\/petits-electromenagers\/seche-cheveux-et-fers-a-lisser\/ga-ma-gp-phon-iq-lite-rouge\/"]}]},{"@type":"ImageObject","inLanguage":"fr-FR","@id":"https:\/\/dev6.erresse-shop.it\/fr\/shop\/petits-electromenagers\/seche-cheveux-et-fers-a-lisser\/ga-ma-gp-phon-iq-lite-rouge\/#primaryimage","url":"https:\/\/i0.wp.com\/interpim.erresse-shop.it\/Import\/Prodotti\/ga.ma-gp-phon-iq-lite-rosso.jpg?ssl=1","contentUrl":"https:\/\/i0.wp.com\/interpim.erresse-shop.it\/Import\/Prodotti\/ga.ma-gp-phon-iq-lite-rosso.jpg?ssl=1"},{"@type":"BreadcrumbList","@id":"https:\/\/dev6.erresse-shop.it\/fr\/shop\/petits-electromenagers\/seche-cheveux-et-fers-a-lisser\/ga-ma-gp-phon-iq-lite-rouge\/#breadcrumb","itemListElement":[{"@type":"ListItem","position":1,"name":"Home","item":"https:\/\/dev6.erresse-shop.it\/"},{"@type":"ListItem","position":2,"name":"Boutique","item":"https:\/\/dev6.erresse-shop.it\/shop\/"},{"@type":"ListItem","position":3,"name":"GA.MA GP Phon IQ Lite Rouge"}]},{"@type":"WebSite","@id":"https:\/\/dev6.erresse-shop.it\/#website","url":"https:\/\/dev6.erresse-shop.it\/","name":"Erresse Shop","description":"","publisher":{"@id":"https:\/\/dev6.erresse-shop.it\/#organization"},"potentialAction":[{"@type":"SearchAction","target":{"@type":"EntryPoint","urlTemplate":"https:\/\/dev6.erresse-shop.it\/?s={search_term_string}"},"query-input":{"@type":"PropertyValueSpecification","valueRequired":true,"valueName":"search_term_string"}}],"inLanguage":"fr-FR"},{"@type":"Organization","@id":"https:\/\/dev6.erresse-shop.it\/#organization","name":"Erresse Shop","url":"https:\/\/dev6.erresse-shop.it\/","logo":{"@type":"ImageObject","inLanguage":"fr-FR","@id":"https:\/\/dev6.erresse-shop.it\/#\/schema\/logo\/image\/","url":"https:\/\/dev6.erresse-shop.it\/wp-content\/uploads\/2025\/01\/LOGO-ERRESSE-CLASSICO.svg","contentUrl":"https:\/\/dev6.erresse-shop.it\/wp-content\/uploads\/2025\/01\/LOGO-ERRESSE-CLASSICO.svg","caption":"Erresse Shop"},"image":{"@id":"https:\/\/dev6.erresse-shop.it\/#\/schema\/logo\/image\/"}}]}},"df_price":109,"df_sale_price":109,"df_regular_price":129,"df_image_link":"https:\/\/i0.wp.com\/interpim.erresse-shop.it\/Import\/Prodotti\/ga.ma-gp-phon-iq-lite-rosso.jpg?resize=300,300&ssl=1","fifu_image_url":"https:\/\/interpim.erresse-shop.it\/Import\/Prodotti\/ga.ma-gp-phon-iq-lite-rosso.jpg","_links":{"self":[{"href":"https:\/\/dev6.erresse-shop.it\/fr\/wp-json\/wp\/v2\/product\/63900","targetHints":{"allow":["GET"]}}],"collection":[{"href":"https:\/\/dev6.erresse-shop.it\/fr\/wp-json\/wp\/v2\/product"}],"about":[{"href":"https:\/\/dev6.erresse-shop.it\/fr\/wp-json\/wp\/v2\/types\/product"}],"wp:featuredmedia":[{"embeddable":true,"href":"https:\/\/dev6.erresse-shop.it\/fr\/wp-json\/wp\/v2\/media\/6284450"}],"wp:attachment":[{"href":"https:\/\/dev6.erresse-shop.it\/fr\/wp-json\/wp\/v2\/media?parent=63900"}],"wp:term":[{"taxonomy":"product_cat","embeddable":true,"href":"https:\/\/dev6.erresse-shop.it\/fr\/wp-json\/wp\/v2\/product_cat?post=63900"},{"taxonomy":"product_tag","embeddable":true,"href":"https:\/\/dev6.erresse-shop.it\/fr\/wp-json\/wp\/v2\/product_tag?post=63900"}],"curies":[{"name":"wp","href":"https:\/\/api.w.org\/{rel}","templated":true}]}}