{"id":63870,"date":"2026-04-12T10:53:39","date_gmt":"2026-04-12T08:53:39","guid":{"rendered":"https:\/\/dev6.erresse-shop.it\/shop\/non%20class\u00e9\/villeroy-boch-vieux-luxembourg-brindille-set-de-6-assiettes-a-dessert-22-cm-blanc\/"},"modified":"2025-09-14T05:28:06","modified_gmt":"2025-09-14T03:28:06","slug":"villeroy-boch-vieux-luxembourg-brindille-set-de-6-assiettes-a-dessert-22-cm-blanc","status":"publish","type":"product","link":"https:\/\/dev6.erresse-shop.it\/fr\/shop\/table-fr-2\/plats\/villeroy-boch-vieux-luxembourg-brindille-set-de-6-assiettes-a-dessert-22-cm-blanc\/","title":{"rendered":"VILLEROY &#038; BOCH Vieux Luxembourg Brindille Set de 6 assiettes \u00e0 dessert 22 cm Blanc"},"content":{"rendered":"<p>Petite assiette pour les friandises et les petits d\u00e9jeuners<br \/>\nVieux Luxembourg Brindille est une r\u00e9interpr\u00e9tation nouvelle et moderne de la collection Vieux Luxembourg. Les grands motifs en bleu et blanc sur une forme simple et sans fioritures rappellent les \u00e9l\u00e9ments de la d\u00e9coration classique et lui donnent un aspect jeune et moderne. Le design allie tradition et modernit\u00e9, apportant chaque jour une chaleur particuli\u00e8re \u00e0 votre int\u00e9rieur. L\u2019assiette \u00e0 d\u00e9jeuner polyvalente est id\u00e9ale pour le petit-d\u00e9jeuner, le brunch ou un g\u00e2teau \u00e0 grignoter. Commencez votre journ\u00e9e avec style.<\/p>\n<p>Mat\u00e9riau : Porcelaine de qualit\u00e9 sup\u00e9rieure<br \/>\nDiam\u00e8tre : environ 216 mm<br \/>\nPasse au lave-vaisselle : oui<br \/>\nConvient au micro-ondes : oui<\/p>\n","protected":false},"excerpt":{"rendered":"<p>Petite assiette pour les friandises et les petits d\u00e9jeuners Vieux Luxembourg Brindille est une r\u00e9interpr\u00e9tation nouvelle et moderne de la collection Vieux Luxembourg. Les grands motifs en bleu et blanc sur une forme simple et sans fioritures rappellent les \u00e9l\u00e9ments de la d\u00e9coration classique et lui donnent un aspect jeune et moderne. Le design allie [&hellip;]<\/p>\n","protected":false},"featured_media":6367659,"template":"","meta":{"_acf_changed":false},"product_cat":[12014,11995,11671],"product_tag":[],"class_list":{"0":"post-63870","1":"product","2":"type-product","3":"status-publish","4":"has-post-thumbnail","6":"product_cat-plats","7":"product_cat-table-fr-2","8":"product_cat-tavola","10":"first","11":"instock","12":"sale","13":"taxable","14":"shipping-taxable","15":"purchasable","16":"product-type-simple","swatches":"rey-swatches","show_selected":"","stretch_labels":"rey-swatches--stretch-labels"},"acf":[],"yoast_head":"<!-- This site is optimized with the Yoast SEO plugin v25.4 - https:\/\/yoast.com\/wordpress\/plugins\/seo\/ -->\n<title>VILLEROY &#038; BOCH Vieux Luxembourg Brindille Set de 6 assiettes \u00e0 dessert 22 cm Blanc - dev6 Erresse<\/title>\n<meta name=\"description\" content=\"Petite assiette pour les friandises et les petits d\u00e9jeuners Vieux Luxembourg Brindille est une r\u00e9interpr\u00e9tation nouvelle et moderne de la collection Vieux\" \/>\n<meta name=\"robots\" content=\"noindex, follow, max-snippet:-1, max-image-preview:large, max-video-preview:-1\" \/>\n<meta property=\"og:locale\" content=\"fr_FR\" \/>\n<meta property=\"og:type\" content=\"article\" \/>\n<meta property=\"og:title\" content=\"VILLEROY &#038; BOCH Vieux Luxembourg Brindille Set de 6 assiettes \u00e0 dessert 22 cm Blanc - dev6 Erresse\" \/>\n<meta property=\"og:description\" content=\"Petite assiette pour les friandises et les petits d\u00e9jeuners Vieux Luxembourg Brindille est une r\u00e9interpr\u00e9tation nouvelle et moderne de la collection Vieux\" \/>\n<meta property=\"og:url\" content=\"https:\/\/dev6.erresse-shop.it\/fr\/shop\/table-fr-2\/plats\/villeroy-boch-vieux-luxembourg-brindille-set-de-6-assiettes-a-dessert-22-cm-blanc\/\" \/>\n<meta property=\"og:site_name\" content=\"dev6 Erresse\" \/>\n<meta property=\"og:image\" content=\"https:\/\/interpim.erresse-shop.it\/wp-content\/uploads\/2024\/05\/VILLEROY-BOCH-Vieux-Luxembourg-Brindille-Set-6-Piatti-Dessert-22-cm-Bianco.jpg\/villeroy-boch-vieux-luxembourg-brindille-set-6-piatti-dessert-22-cm-bianco.jpg\" \/><meta property=\"og:image\" content=\"https:\/\/interpim.erresse-shop.it\/wp-content\/uploads\/2024\/05\/VILLEROY-BOCH-Vieux-Luxembourg-Brindille-Set-6-Piatti-Dessert-22-cm-Bianco.jpg\/villeroy-boch-vieux-luxembourg-brindille-set-6-piatti-dessert-22-cm-bianco.jpg\" \/>\n\t<meta property=\"og:image:width\" content=\"1024\" \/>\n\t<meta property=\"og:image:height\" content=\"1024\" \/>\n\t<meta property=\"og:image:type\" content=\"image\/jpeg\" \/>\n<meta name=\"twitter:card\" content=\"summary_large_image\" \/>\n<meta name=\"twitter:image\" content=\"https:\/\/interpim.erresse-shop.it\/wp-content\/uploads\/2024\/05\/VILLEROY-BOCH-Vieux-Luxembourg-Brindille-Set-6-Piatti-Dessert-22-cm-Bianco.jpg\/villeroy-boch-vieux-luxembourg-brindille-set-6-piatti-dessert-22-cm-bianco.jpg\" \/>\n<script type=\"application\/ld+json\" class=\"yoast-schema-graph\">{\"@context\":\"https:\/\/schema.org\",\"@graph\":[{\"@type\":\"WebPage\",\"@id\":\"https:\/\/dev6.erresse-shop.it\/fr\/shop\/table-fr-2\/plats\/villeroy-boch-vieux-luxembourg-brindille-set-de-6-assiettes-a-dessert-22-cm-blanc\/\",\"url\":\"https:\/\/dev6.erresse-shop.it\/fr\/shop\/table-fr-2\/plats\/villeroy-boch-vieux-luxembourg-brindille-set-de-6-assiettes-a-dessert-22-cm-blanc\/\",\"name\":\"VILLEROY &#038; BOCH Vieux Luxembourg Brindille Set de 6 assiettes \u00e0 dessert 22 cm Blanc - dev6 Erresse\",\"isPartOf\":{\"@id\":\"https:\/\/dev6.erresse-shop.it\/#website\"},\"primaryImageOfPage\":{\"@id\":\"https:\/\/dev6.erresse-shop.it\/fr\/shop\/table-fr-2\/plats\/villeroy-boch-vieux-luxembourg-brindille-set-de-6-assiettes-a-dessert-22-cm-blanc\/#primaryimage\"},\"image\":{\"@id\":\"https:\/\/dev6.erresse-shop.it\/fr\/shop\/table-fr-2\/plats\/villeroy-boch-vieux-luxembourg-brindille-set-de-6-assiettes-a-dessert-22-cm-blanc\/#primaryimage\"},\"thumbnailUrl\":\"https:\/\/i1.wp.com\/interpim.erresse-shop.it\/wp-content\/uploads\/2024\/05\/VILLEROY-BOCH-Vieux-Luxembourg-Brindille-Set-6-Piatti-Dessert-22-cm-Bianco.jpg\/villeroy-boch-vieux-luxembourg-brindille-set-6-piatti-dessert-22-cm-bianco.jpg?ssl=1\",\"datePublished\":\"2026-04-12T08:53:39+00:00\",\"description\":\"Petite assiette pour les friandises et les petits d\u00e9jeuners Vieux Luxembourg Brindille est une r\u00e9interpr\u00e9tation nouvelle et moderne de la collection Vieux\",\"breadcrumb\":{\"@id\":\"https:\/\/dev6.erresse-shop.it\/fr\/shop\/table-fr-2\/plats\/villeroy-boch-vieux-luxembourg-brindille-set-de-6-assiettes-a-dessert-22-cm-blanc\/#breadcrumb\"},\"inLanguage\":\"fr-FR\",\"potentialAction\":[{\"@type\":\"ReadAction\",\"target\":[\"https:\/\/dev6.erresse-shop.it\/fr\/shop\/table-fr-2\/plats\/villeroy-boch-vieux-luxembourg-brindille-set-de-6-assiettes-a-dessert-22-cm-blanc\/\"]}]},{\"@type\":\"ImageObject\",\"inLanguage\":\"fr-FR\",\"@id\":\"https:\/\/dev6.erresse-shop.it\/fr\/shop\/table-fr-2\/plats\/villeroy-boch-vieux-luxembourg-brindille-set-de-6-assiettes-a-dessert-22-cm-blanc\/#primaryimage\",\"url\":\"https:\/\/i1.wp.com\/interpim.erresse-shop.it\/wp-content\/uploads\/2024\/05\/VILLEROY-BOCH-Vieux-Luxembourg-Brindille-Set-6-Piatti-Dessert-22-cm-Bianco.jpg\/villeroy-boch-vieux-luxembourg-brindille-set-6-piatti-dessert-22-cm-bianco.jpg?ssl=1\",\"contentUrl\":\"https:\/\/i1.wp.com\/interpim.erresse-shop.it\/wp-content\/uploads\/2024\/05\/VILLEROY-BOCH-Vieux-Luxembourg-Brindille-Set-6-Piatti-Dessert-22-cm-Bianco.jpg\/villeroy-boch-vieux-luxembourg-brindille-set-6-piatti-dessert-22-cm-bianco.jpg?ssl=1\"},{\"@type\":\"BreadcrumbList\",\"@id\":\"https:\/\/dev6.erresse-shop.it\/fr\/shop\/table-fr-2\/plats\/villeroy-boch-vieux-luxembourg-brindille-set-de-6-assiettes-a-dessert-22-cm-blanc\/#breadcrumb\",\"itemListElement\":[{\"@type\":\"ListItem\",\"position\":1,\"name\":\"Home\",\"item\":\"https:\/\/dev6.erresse-shop.it\/\"},{\"@type\":\"ListItem\",\"position\":2,\"name\":\"Boutique\",\"item\":\"https:\/\/dev6.erresse-shop.it\/shop\/\"},{\"@type\":\"ListItem\",\"position\":3,\"name\":\"VILLEROY &#038; BOCH Vieux Luxembourg Brindille Set de 6 assiettes \u00e0 dessert 22 cm Blanc\"}]},{\"@type\":\"WebSite\",\"@id\":\"https:\/\/dev6.erresse-shop.it\/#website\",\"url\":\"https:\/\/dev6.erresse-shop.it\/\",\"name\":\"Erresse Shop\",\"description\":\"\",\"publisher\":{\"@id\":\"https:\/\/dev6.erresse-shop.it\/#organization\"},\"potentialAction\":[{\"@type\":\"SearchAction\",\"target\":{\"@type\":\"EntryPoint\",\"urlTemplate\":\"https:\/\/dev6.erresse-shop.it\/?s={search_term_string}\"},\"query-input\":{\"@type\":\"PropertyValueSpecification\",\"valueRequired\":true,\"valueName\":\"search_term_string\"}}],\"inLanguage\":\"fr-FR\"},{\"@type\":\"Organization\",\"@id\":\"https:\/\/dev6.erresse-shop.it\/#organization\",\"name\":\"Erresse Shop\",\"url\":\"https:\/\/dev6.erresse-shop.it\/\",\"logo\":{\"@type\":\"ImageObject\",\"inLanguage\":\"fr-FR\",\"@id\":\"https:\/\/dev6.erresse-shop.it\/#\/schema\/logo\/image\/\",\"url\":\"https:\/\/dev6.erresse-shop.it\/wp-content\/uploads\/2025\/01\/LOGO-ERRESSE-CLASSICO.svg\",\"contentUrl\":\"https:\/\/dev6.erresse-shop.it\/wp-content\/uploads\/2025\/01\/LOGO-ERRESSE-CLASSICO.svg\",\"caption\":\"Erresse Shop\"},\"image\":{\"@id\":\"https:\/\/dev6.erresse-shop.it\/#\/schema\/logo\/image\/\"}}]}<\/script>\n<!-- \/ Yoast SEO plugin. -->","yoast_head_json":{"title":"VILLEROY &#038; BOCH Vieux Luxembourg Brindille Set de 6 assiettes \u00e0 dessert 22 cm Blanc - dev6 Erresse","description":"Petite assiette pour les friandises et les petits d\u00e9jeuners Vieux Luxembourg Brindille est une r\u00e9interpr\u00e9tation nouvelle et moderne de la collection Vieux","robots":{"index":"noindex","follow":"follow","max-snippet":"max-snippet:-1","max-image-preview":"max-image-preview:large","max-video-preview":"max-video-preview:-1"},"og_locale":"fr_FR","og_type":"article","og_title":"VILLEROY &#038; BOCH Vieux Luxembourg Brindille Set de 6 assiettes \u00e0 dessert 22 cm Blanc - dev6 Erresse","og_description":"Petite assiette pour les friandises et les petits d\u00e9jeuners Vieux Luxembourg Brindille est une r\u00e9interpr\u00e9tation nouvelle et moderne de la collection Vieux","og_url":"https:\/\/dev6.erresse-shop.it\/fr\/shop\/table-fr-2\/plats\/villeroy-boch-vieux-luxembourg-brindille-set-de-6-assiettes-a-dessert-22-cm-blanc\/","og_site_name":"dev6 Erresse","og_image":[{"url":"https:\/\/interpim.erresse-shop.it\/wp-content\/uploads\/2024\/05\/VILLEROY-BOCH-Vieux-Luxembourg-Brindille-Set-6-Piatti-Dessert-22-cm-Bianco.jpg\/villeroy-boch-vieux-luxembourg-brindille-set-6-piatti-dessert-22-cm-bianco.jpg","type":"","width":"","height":""},{"url":"https:\/\/interpim.erresse-shop.it\/wp-content\/uploads\/2024\/05\/VILLEROY-BOCH-Vieux-Luxembourg-Brindille-Set-6-Piatti-Dessert-22-cm-Bianco.jpg\/villeroy-boch-vieux-luxembourg-brindille-set-6-piatti-dessert-22-cm-bianco.jpg","width":1024,"height":1024,"type":"image\/jpeg"}],"twitter_card":"summary_large_image","twitter_image":"https:\/\/interpim.erresse-shop.it\/wp-content\/uploads\/2024\/05\/VILLEROY-BOCH-Vieux-Luxembourg-Brindille-Set-6-Piatti-Dessert-22-cm-Bianco.jpg\/villeroy-boch-vieux-luxembourg-brindille-set-6-piatti-dessert-22-cm-bianco.jpg","schema":{"@context":"https:\/\/schema.org","@graph":[{"@type":"WebPage","@id":"https:\/\/dev6.erresse-shop.it\/fr\/shop\/table-fr-2\/plats\/villeroy-boch-vieux-luxembourg-brindille-set-de-6-assiettes-a-dessert-22-cm-blanc\/","url":"https:\/\/dev6.erresse-shop.it\/fr\/shop\/table-fr-2\/plats\/villeroy-boch-vieux-luxembourg-brindille-set-de-6-assiettes-a-dessert-22-cm-blanc\/","name":"VILLEROY &#038; BOCH Vieux Luxembourg Brindille Set de 6 assiettes \u00e0 dessert 22 cm Blanc - dev6 Erresse","isPartOf":{"@id":"https:\/\/dev6.erresse-shop.it\/#website"},"primaryImageOfPage":{"@id":"https:\/\/dev6.erresse-shop.it\/fr\/shop\/table-fr-2\/plats\/villeroy-boch-vieux-luxembourg-brindille-set-de-6-assiettes-a-dessert-22-cm-blanc\/#primaryimage"},"image":{"@id":"https:\/\/dev6.erresse-shop.it\/fr\/shop\/table-fr-2\/plats\/villeroy-boch-vieux-luxembourg-brindille-set-de-6-assiettes-a-dessert-22-cm-blanc\/#primaryimage"},"thumbnailUrl":"https:\/\/i1.wp.com\/interpim.erresse-shop.it\/wp-content\/uploads\/2024\/05\/VILLEROY-BOCH-Vieux-Luxembourg-Brindille-Set-6-Piatti-Dessert-22-cm-Bianco.jpg\/villeroy-boch-vieux-luxembourg-brindille-set-6-piatti-dessert-22-cm-bianco.jpg?ssl=1","datePublished":"2026-04-12T08:53:39+00:00","description":"Petite assiette pour les friandises et les petits d\u00e9jeuners Vieux Luxembourg Brindille est une r\u00e9interpr\u00e9tation nouvelle et moderne de la collection Vieux","breadcrumb":{"@id":"https:\/\/dev6.erresse-shop.it\/fr\/shop\/table-fr-2\/plats\/villeroy-boch-vieux-luxembourg-brindille-set-de-6-assiettes-a-dessert-22-cm-blanc\/#breadcrumb"},"inLanguage":"fr-FR","potentialAction":[{"@type":"ReadAction","target":["https:\/\/dev6.erresse-shop.it\/fr\/shop\/table-fr-2\/plats\/villeroy-boch-vieux-luxembourg-brindille-set-de-6-assiettes-a-dessert-22-cm-blanc\/"]}]},{"@type":"ImageObject","inLanguage":"fr-FR","@id":"https:\/\/dev6.erresse-shop.it\/fr\/shop\/table-fr-2\/plats\/villeroy-boch-vieux-luxembourg-brindille-set-de-6-assiettes-a-dessert-22-cm-blanc\/#primaryimage","url":"https:\/\/i1.wp.com\/interpim.erresse-shop.it\/wp-content\/uploads\/2024\/05\/VILLEROY-BOCH-Vieux-Luxembourg-Brindille-Set-6-Piatti-Dessert-22-cm-Bianco.jpg\/villeroy-boch-vieux-luxembourg-brindille-set-6-piatti-dessert-22-cm-bianco.jpg?ssl=1","contentUrl":"https:\/\/i1.wp.com\/interpim.erresse-shop.it\/wp-content\/uploads\/2024\/05\/VILLEROY-BOCH-Vieux-Luxembourg-Brindille-Set-6-Piatti-Dessert-22-cm-Bianco.jpg\/villeroy-boch-vieux-luxembourg-brindille-set-6-piatti-dessert-22-cm-bianco.jpg?ssl=1"},{"@type":"BreadcrumbList","@id":"https:\/\/dev6.erresse-shop.it\/fr\/shop\/table-fr-2\/plats\/villeroy-boch-vieux-luxembourg-brindille-set-de-6-assiettes-a-dessert-22-cm-blanc\/#breadcrumb","itemListElement":[{"@type":"ListItem","position":1,"name":"Home","item":"https:\/\/dev6.erresse-shop.it\/"},{"@type":"ListItem","position":2,"name":"Boutique","item":"https:\/\/dev6.erresse-shop.it\/shop\/"},{"@type":"ListItem","position":3,"name":"VILLEROY &#038; BOCH Vieux Luxembourg Brindille Set de 6 assiettes \u00e0 dessert 22 cm Blanc"}]},{"@type":"WebSite","@id":"https:\/\/dev6.erresse-shop.it\/#website","url":"https:\/\/dev6.erresse-shop.it\/","name":"Erresse Shop","description":"","publisher":{"@id":"https:\/\/dev6.erresse-shop.it\/#organization"},"potentialAction":[{"@type":"SearchAction","target":{"@type":"EntryPoint","urlTemplate":"https:\/\/dev6.erresse-shop.it\/?s={search_term_string}"},"query-input":{"@type":"PropertyValueSpecification","valueRequired":true,"valueName":"search_term_string"}}],"inLanguage":"fr-FR"},{"@type":"Organization","@id":"https:\/\/dev6.erresse-shop.it\/#organization","name":"Erresse Shop","url":"https:\/\/dev6.erresse-shop.it\/","logo":{"@type":"ImageObject","inLanguage":"fr-FR","@id":"https:\/\/dev6.erresse-shop.it\/#\/schema\/logo\/image\/","url":"https:\/\/dev6.erresse-shop.it\/wp-content\/uploads\/2025\/01\/LOGO-ERRESSE-CLASSICO.svg","contentUrl":"https:\/\/dev6.erresse-shop.it\/wp-content\/uploads\/2025\/01\/LOGO-ERRESSE-CLASSICO.svg","caption":"Erresse Shop"},"image":{"@id":"https:\/\/dev6.erresse-shop.it\/#\/schema\/logo\/image\/"}}]}},"df_price":129.95,"df_sale_price":129.95,"df_regular_price":167.4,"df_image_link":"https:\/\/i1.wp.com\/interpim.erresse-shop.it\/wp-content\/uploads\/2024\/05\/VILLEROY-BOCH-Vieux-Luxembourg-Brindille-Set-6-Piatti-Dessert-22-cm-Bianco.jpg\/villeroy-boch-vieux-luxembourg-brindille-set-6-piatti-dessert-22-cm-bianco.jpg?resize=300,300&ssl=1","fifu_image_url":"https:\/\/interpim.erresse-shop.it\/wp-content\/uploads\/2024\/05\/VILLEROY-BOCH-Vieux-Luxembourg-Brindille-Set-6-Piatti-Dessert-22-cm-Bianco.jpg\/villeroy-boch-vieux-luxembourg-brindille-set-6-piatti-dessert-22-cm-bianco.jpg","_links":{"self":[{"href":"https:\/\/dev6.erresse-shop.it\/fr\/wp-json\/wp\/v2\/product\/63870","targetHints":{"allow":["GET"]}}],"collection":[{"href":"https:\/\/dev6.erresse-shop.it\/fr\/wp-json\/wp\/v2\/product"}],"about":[{"href":"https:\/\/dev6.erresse-shop.it\/fr\/wp-json\/wp\/v2\/types\/product"}],"wp:featuredmedia":[{"embeddable":true,"href":"https:\/\/dev6.erresse-shop.it\/fr\/wp-json\/wp\/v2\/media\/6367659"}],"wp:attachment":[{"href":"https:\/\/dev6.erresse-shop.it\/fr\/wp-json\/wp\/v2\/media?parent=63870"}],"wp:term":[{"taxonomy":"product_cat","embeddable":true,"href":"https:\/\/dev6.erresse-shop.it\/fr\/wp-json\/wp\/v2\/product_cat?post=63870"},{"taxonomy":"product_tag","embeddable":true,"href":"https:\/\/dev6.erresse-shop.it\/fr\/wp-json\/wp\/v2\/product_tag?post=63870"}],"curies":[{"name":"wp","href":"https:\/\/api.w.org\/{rel}","templated":true}]}}