{"id":63854,"date":"2026-04-12T10:51:47","date_gmt":"2026-04-12T08:51:47","guid":{"rendered":"https:\/\/dev6.erresse-shop.it\/shop\/non%20class\u00e9\/villeroy-boch-mariefleur-basic-set-de-6-soucoupes-a-espresso\/"},"modified":"2025-07-04T17:54:58","modified_gmt":"2025-07-04T15:54:58","slug":"villeroy-boch-mariefleur-basic-set-de-6-soucoupes-a-espresso","status":"publish","type":"product","link":"https:\/\/dev6.erresse-shop.it\/fr\/shop\/table-fr-2\/tasses\/villeroy-boch-mariefleur-basic-set-de-6-soucoupes-a-espresso\/","title":{"rendered":"VILLEROY &#038; BOCH Mariefleur Basic Set de 6 soucoupes \u00e0 espresso"},"content":{"rendered":"<p>Petite assiette avec d\u00e9coration florale, pour servir des friandises en accompagnement d\u2019un caf\u00e9 expresso<br \/>\nLes tons frais et intenses de Mariefleur Basic cr\u00e9ent une \u00e9tendue color\u00e9e de fleurs sur votre table. Les formes \u00e9l\u00e9gantes et sinueuses de la porcelaine vous permettent de pr\u00e9parer et de servir vos plats avec une gr\u00e2ce encore in\u00e9gal\u00e9e aujourd\u2019hui. Pr\u00e9sentez sur cette soucoupe de petites gourmandises pour accompagner votre caf\u00e9 expresso apr\u00e8s le d\u00e9jeuner. Compl\u00e9tez votre service \u00e0 expresso.<\/p>\n<p>Mat\u00e9riau : Porcelaine de qualit\u00e9 sup\u00e9rieure<br \/>\nDiam\u00e8tre : environ 120 mm<br \/>\nPasse au lave-vaisselle : oui<br \/>\nConvient au micro-ondes : oui<\/p>\n","protected":false},"excerpt":{"rendered":"<p>Petite assiette avec d\u00e9coration florale, pour servir des friandises en accompagnement d\u2019un caf\u00e9 expresso Les tons frais et intenses de Mariefleur Basic cr\u00e9ent une \u00e9tendue color\u00e9e de fleurs sur votre table. Les formes \u00e9l\u00e9gantes et sinueuses de la porcelaine vous permettent de pr\u00e9parer et de servir vos plats avec une gr\u00e2ce encore in\u00e9gal\u00e9e aujourd\u2019hui. Pr\u00e9sentez [&hellip;]<\/p>\n","protected":false},"featured_media":6367599,"template":"","meta":{"_acf_changed":false},"product_cat":[11995,12013,11671],"product_tag":[],"class_list":{"0":"post-63854","1":"product","2":"type-product","3":"status-publish","4":"has-post-thumbnail","6":"product_cat-table-fr-2","7":"product_cat-tasses","8":"product_cat-tavola","10":"first","11":"instock","12":"sale","13":"taxable","14":"shipping-taxable","15":"purchasable","16":"product-type-simple","swatches":"rey-swatches","show_selected":"","stretch_labels":"rey-swatches--stretch-labels"},"acf":[],"yoast_head":"<!-- This site is optimized with the Yoast SEO plugin v25.4 - https:\/\/yoast.com\/wordpress\/plugins\/seo\/ -->\n<title>VILLEROY &#038; BOCH Mariefleur Basic Set de 6 soucoupes \u00e0 espresso - dev6 Erresse<\/title>\n<meta name=\"description\" content=\"Petite assiette avec d\u00e9coration florale, pour servir des friandises en accompagnement d\u2019un caf\u00e9 expresso Les tons frais et intenses de Mariefleur Basic\" \/>\n<meta name=\"robots\" content=\"noindex, follow, max-snippet:-1, max-image-preview:large, max-video-preview:-1\" \/>\n<meta property=\"og:locale\" content=\"fr_FR\" \/>\n<meta property=\"og:type\" content=\"article\" \/>\n<meta property=\"og:title\" content=\"VILLEROY &#038; BOCH Mariefleur Basic Set de 6 soucoupes \u00e0 espresso - dev6 Erresse\" \/>\n<meta property=\"og:description\" content=\"Petite assiette avec d\u00e9coration florale, pour servir des friandises en accompagnement d\u2019un caf\u00e9 expresso Les tons frais et intenses de Mariefleur Basic\" \/>\n<meta property=\"og:url\" content=\"https:\/\/dev6.erresse-shop.it\/fr\/shop\/table-fr-2\/tasses\/villeroy-boch-mariefleur-basic-set-de-6-soucoupes-a-espresso\/\" \/>\n<meta property=\"og:site_name\" content=\"dev6 Erresse\" \/>\n<meta property=\"og:image\" content=\"https:\/\/interpim.erresse-shop.it\/Import\/Prodotti\/villeroy-boch-mariefleur-basic-set-6-piattini-espresso-1.jpg\" \/><meta property=\"og:image\" content=\"https:\/\/interpim.erresse-shop.it\/Import\/Prodotti\/villeroy-boch-mariefleur-basic-set-6-piattini-espresso-1.jpg\" \/>\n\t<meta property=\"og:image:width\" content=\"1024\" \/>\n\t<meta property=\"og:image:height\" content=\"1024\" \/>\n\t<meta property=\"og:image:type\" content=\"image\/jpeg\" \/>\n<meta name=\"twitter:card\" content=\"summary_large_image\" \/>\n<meta name=\"twitter:image\" content=\"https:\/\/interpim.erresse-shop.it\/Import\/Prodotti\/villeroy-boch-mariefleur-basic-set-6-piattini-espresso-1.jpg\" \/>\n<script type=\"application\/ld+json\" class=\"yoast-schema-graph\">{\"@context\":\"https:\/\/schema.org\",\"@graph\":[{\"@type\":\"WebPage\",\"@id\":\"https:\/\/dev6.erresse-shop.it\/fr\/shop\/table-fr-2\/tasses\/villeroy-boch-mariefleur-basic-set-de-6-soucoupes-a-espresso\/\",\"url\":\"https:\/\/dev6.erresse-shop.it\/fr\/shop\/table-fr-2\/tasses\/villeroy-boch-mariefleur-basic-set-de-6-soucoupes-a-espresso\/\",\"name\":\"VILLEROY &#038; BOCH Mariefleur Basic Set de 6 soucoupes \u00e0 espresso - dev6 Erresse\",\"isPartOf\":{\"@id\":\"https:\/\/dev6.erresse-shop.it\/#website\"},\"primaryImageOfPage\":{\"@id\":\"https:\/\/dev6.erresse-shop.it\/fr\/shop\/table-fr-2\/tasses\/villeroy-boch-mariefleur-basic-set-de-6-soucoupes-a-espresso\/#primaryimage\"},\"image\":{\"@id\":\"https:\/\/dev6.erresse-shop.it\/fr\/shop\/table-fr-2\/tasses\/villeroy-boch-mariefleur-basic-set-de-6-soucoupes-a-espresso\/#primaryimage\"},\"thumbnailUrl\":\"https:\/\/i2.wp.com\/interpim.erresse-shop.it\/Import\/Prodotti\/villeroy-boch-mariefleur-basic-set-6-piattini-espresso-1.jpg?ssl=1\",\"datePublished\":\"2026-04-12T08:51:47+00:00\",\"description\":\"Petite assiette avec d\u00e9coration florale, pour servir des friandises en accompagnement d\u2019un caf\u00e9 expresso Les tons frais et intenses de Mariefleur Basic\",\"breadcrumb\":{\"@id\":\"https:\/\/dev6.erresse-shop.it\/fr\/shop\/table-fr-2\/tasses\/villeroy-boch-mariefleur-basic-set-de-6-soucoupes-a-espresso\/#breadcrumb\"},\"inLanguage\":\"fr-FR\",\"potentialAction\":[{\"@type\":\"ReadAction\",\"target\":[\"https:\/\/dev6.erresse-shop.it\/fr\/shop\/table-fr-2\/tasses\/villeroy-boch-mariefleur-basic-set-de-6-soucoupes-a-espresso\/\"]}]},{\"@type\":\"ImageObject\",\"inLanguage\":\"fr-FR\",\"@id\":\"https:\/\/dev6.erresse-shop.it\/fr\/shop\/table-fr-2\/tasses\/villeroy-boch-mariefleur-basic-set-de-6-soucoupes-a-espresso\/#primaryimage\",\"url\":\"https:\/\/i2.wp.com\/interpim.erresse-shop.it\/Import\/Prodotti\/villeroy-boch-mariefleur-basic-set-6-piattini-espresso-1.jpg?ssl=1\",\"contentUrl\":\"https:\/\/i2.wp.com\/interpim.erresse-shop.it\/Import\/Prodotti\/villeroy-boch-mariefleur-basic-set-6-piattini-espresso-1.jpg?ssl=1\"},{\"@type\":\"BreadcrumbList\",\"@id\":\"https:\/\/dev6.erresse-shop.it\/fr\/shop\/table-fr-2\/tasses\/villeroy-boch-mariefleur-basic-set-de-6-soucoupes-a-espresso\/#breadcrumb\",\"itemListElement\":[{\"@type\":\"ListItem\",\"position\":1,\"name\":\"Home\",\"item\":\"https:\/\/dev6.erresse-shop.it\/\"},{\"@type\":\"ListItem\",\"position\":2,\"name\":\"Boutique\",\"item\":\"https:\/\/dev6.erresse-shop.it\/shop\/\"},{\"@type\":\"ListItem\",\"position\":3,\"name\":\"VILLEROY &#038; BOCH Mariefleur Basic Set de 6 soucoupes \u00e0 espresso\"}]},{\"@type\":\"WebSite\",\"@id\":\"https:\/\/dev6.erresse-shop.it\/#website\",\"url\":\"https:\/\/dev6.erresse-shop.it\/\",\"name\":\"Erresse Shop\",\"description\":\"\",\"publisher\":{\"@id\":\"https:\/\/dev6.erresse-shop.it\/#organization\"},\"potentialAction\":[{\"@type\":\"SearchAction\",\"target\":{\"@type\":\"EntryPoint\",\"urlTemplate\":\"https:\/\/dev6.erresse-shop.it\/?s={search_term_string}\"},\"query-input\":{\"@type\":\"PropertyValueSpecification\",\"valueRequired\":true,\"valueName\":\"search_term_string\"}}],\"inLanguage\":\"fr-FR\"},{\"@type\":\"Organization\",\"@id\":\"https:\/\/dev6.erresse-shop.it\/#organization\",\"name\":\"Erresse Shop\",\"url\":\"https:\/\/dev6.erresse-shop.it\/\",\"logo\":{\"@type\":\"ImageObject\",\"inLanguage\":\"fr-FR\",\"@id\":\"https:\/\/dev6.erresse-shop.it\/#\/schema\/logo\/image\/\",\"url\":\"https:\/\/dev6.erresse-shop.it\/wp-content\/uploads\/2025\/01\/LOGO-ERRESSE-CLASSICO.svg\",\"contentUrl\":\"https:\/\/dev6.erresse-shop.it\/wp-content\/uploads\/2025\/01\/LOGO-ERRESSE-CLASSICO.svg\",\"caption\":\"Erresse Shop\"},\"image\":{\"@id\":\"https:\/\/dev6.erresse-shop.it\/#\/schema\/logo\/image\/\"}}]}<\/script>\n<!-- \/ Yoast SEO plugin. -->","yoast_head_json":{"title":"VILLEROY &#038; BOCH Mariefleur Basic Set de 6 soucoupes \u00e0 espresso - dev6 Erresse","description":"Petite assiette avec d\u00e9coration florale, pour servir des friandises en accompagnement d\u2019un caf\u00e9 expresso Les tons frais et intenses de Mariefleur Basic","robots":{"index":"noindex","follow":"follow","max-snippet":"max-snippet:-1","max-image-preview":"max-image-preview:large","max-video-preview":"max-video-preview:-1"},"og_locale":"fr_FR","og_type":"article","og_title":"VILLEROY &#038; BOCH Mariefleur Basic Set de 6 soucoupes \u00e0 espresso - dev6 Erresse","og_description":"Petite assiette avec d\u00e9coration florale, pour servir des friandises en accompagnement d\u2019un caf\u00e9 expresso Les tons frais et intenses de Mariefleur Basic","og_url":"https:\/\/dev6.erresse-shop.it\/fr\/shop\/table-fr-2\/tasses\/villeroy-boch-mariefleur-basic-set-de-6-soucoupes-a-espresso\/","og_site_name":"dev6 Erresse","og_image":[{"url":"https:\/\/interpim.erresse-shop.it\/Import\/Prodotti\/villeroy-boch-mariefleur-basic-set-6-piattini-espresso-1.jpg","type":"","width":"","height":""},{"url":"https:\/\/interpim.erresse-shop.it\/Import\/Prodotti\/villeroy-boch-mariefleur-basic-set-6-piattini-espresso-1.jpg","width":1024,"height":1024,"type":"image\/jpeg"}],"twitter_card":"summary_large_image","twitter_image":"https:\/\/interpim.erresse-shop.it\/Import\/Prodotti\/villeroy-boch-mariefleur-basic-set-6-piattini-espresso-1.jpg","schema":{"@context":"https:\/\/schema.org","@graph":[{"@type":"WebPage","@id":"https:\/\/dev6.erresse-shop.it\/fr\/shop\/table-fr-2\/tasses\/villeroy-boch-mariefleur-basic-set-de-6-soucoupes-a-espresso\/","url":"https:\/\/dev6.erresse-shop.it\/fr\/shop\/table-fr-2\/tasses\/villeroy-boch-mariefleur-basic-set-de-6-soucoupes-a-espresso\/","name":"VILLEROY &#038; BOCH Mariefleur Basic Set de 6 soucoupes \u00e0 espresso - dev6 Erresse","isPartOf":{"@id":"https:\/\/dev6.erresse-shop.it\/#website"},"primaryImageOfPage":{"@id":"https:\/\/dev6.erresse-shop.it\/fr\/shop\/table-fr-2\/tasses\/villeroy-boch-mariefleur-basic-set-de-6-soucoupes-a-espresso\/#primaryimage"},"image":{"@id":"https:\/\/dev6.erresse-shop.it\/fr\/shop\/table-fr-2\/tasses\/villeroy-boch-mariefleur-basic-set-de-6-soucoupes-a-espresso\/#primaryimage"},"thumbnailUrl":"https:\/\/i2.wp.com\/interpim.erresse-shop.it\/Import\/Prodotti\/villeroy-boch-mariefleur-basic-set-6-piattini-espresso-1.jpg?ssl=1","datePublished":"2026-04-12T08:51:47+00:00","description":"Petite assiette avec d\u00e9coration florale, pour servir des friandises en accompagnement d\u2019un caf\u00e9 expresso Les tons frais et intenses de Mariefleur Basic","breadcrumb":{"@id":"https:\/\/dev6.erresse-shop.it\/fr\/shop\/table-fr-2\/tasses\/villeroy-boch-mariefleur-basic-set-de-6-soucoupes-a-espresso\/#breadcrumb"},"inLanguage":"fr-FR","potentialAction":[{"@type":"ReadAction","target":["https:\/\/dev6.erresse-shop.it\/fr\/shop\/table-fr-2\/tasses\/villeroy-boch-mariefleur-basic-set-de-6-soucoupes-a-espresso\/"]}]},{"@type":"ImageObject","inLanguage":"fr-FR","@id":"https:\/\/dev6.erresse-shop.it\/fr\/shop\/table-fr-2\/tasses\/villeroy-boch-mariefleur-basic-set-de-6-soucoupes-a-espresso\/#primaryimage","url":"https:\/\/i2.wp.com\/interpim.erresse-shop.it\/Import\/Prodotti\/villeroy-boch-mariefleur-basic-set-6-piattini-espresso-1.jpg?ssl=1","contentUrl":"https:\/\/i2.wp.com\/interpim.erresse-shop.it\/Import\/Prodotti\/villeroy-boch-mariefleur-basic-set-6-piattini-espresso-1.jpg?ssl=1"},{"@type":"BreadcrumbList","@id":"https:\/\/dev6.erresse-shop.it\/fr\/shop\/table-fr-2\/tasses\/villeroy-boch-mariefleur-basic-set-de-6-soucoupes-a-espresso\/#breadcrumb","itemListElement":[{"@type":"ListItem","position":1,"name":"Home","item":"https:\/\/dev6.erresse-shop.it\/"},{"@type":"ListItem","position":2,"name":"Boutique","item":"https:\/\/dev6.erresse-shop.it\/shop\/"},{"@type":"ListItem","position":3,"name":"VILLEROY &#038; BOCH Mariefleur Basic Set de 6 soucoupes \u00e0 espresso"}]},{"@type":"WebSite","@id":"https:\/\/dev6.erresse-shop.it\/#website","url":"https:\/\/dev6.erresse-shop.it\/","name":"Erresse Shop","description":"","publisher":{"@id":"https:\/\/dev6.erresse-shop.it\/#organization"},"potentialAction":[{"@type":"SearchAction","target":{"@type":"EntryPoint","urlTemplate":"https:\/\/dev6.erresse-shop.it\/?s={search_term_string}"},"query-input":{"@type":"PropertyValueSpecification","valueRequired":true,"valueName":"search_term_string"}}],"inLanguage":"fr-FR"},{"@type":"Organization","@id":"https:\/\/dev6.erresse-shop.it\/#organization","name":"Erresse Shop","url":"https:\/\/dev6.erresse-shop.it\/","logo":{"@type":"ImageObject","inLanguage":"fr-FR","@id":"https:\/\/dev6.erresse-shop.it\/#\/schema\/logo\/image\/","url":"https:\/\/dev6.erresse-shop.it\/wp-content\/uploads\/2025\/01\/LOGO-ERRESSE-CLASSICO.svg","contentUrl":"https:\/\/dev6.erresse-shop.it\/wp-content\/uploads\/2025\/01\/LOGO-ERRESSE-CLASSICO.svg","caption":"Erresse Shop"},"image":{"@id":"https:\/\/dev6.erresse-shop.it\/#\/schema\/logo\/image\/"}}]}},"df_price":72.95,"df_sale_price":72.95,"df_regular_price":84,"df_image_link":"https:\/\/i2.wp.com\/interpim.erresse-shop.it\/Import\/Prodotti\/villeroy-boch-mariefleur-basic-set-6-piattini-espresso-1.jpg?resize=300,300&ssl=1","fifu_image_url":"https:\/\/interpim.erresse-shop.it\/Import\/Prodotti\/villeroy-boch-mariefleur-basic-set-6-piattini-espresso-1.jpg","_links":{"self":[{"href":"https:\/\/dev6.erresse-shop.it\/fr\/wp-json\/wp\/v2\/product\/63854","targetHints":{"allow":["GET"]}}],"collection":[{"href":"https:\/\/dev6.erresse-shop.it\/fr\/wp-json\/wp\/v2\/product"}],"about":[{"href":"https:\/\/dev6.erresse-shop.it\/fr\/wp-json\/wp\/v2\/types\/product"}],"wp:featuredmedia":[{"embeddable":true,"href":"https:\/\/dev6.erresse-shop.it\/fr\/wp-json\/wp\/v2\/media\/6367599"}],"wp:attachment":[{"href":"https:\/\/dev6.erresse-shop.it\/fr\/wp-json\/wp\/v2\/media?parent=63854"}],"wp:term":[{"taxonomy":"product_cat","embeddable":true,"href":"https:\/\/dev6.erresse-shop.it\/fr\/wp-json\/wp\/v2\/product_cat?post=63854"},{"taxonomy":"product_tag","embeddable":true,"href":"https:\/\/dev6.erresse-shop.it\/fr\/wp-json\/wp\/v2\/product_tag?post=63854"}],"curies":[{"name":"wp","href":"https:\/\/api.w.org\/{rel}","templated":true}]}}