{"id":63834,"date":"2026-04-12T10:51:47","date_gmt":"2026-04-12T08:51:47","guid":{"rendered":"https:\/\/dev6.erresse-shop.it\/shop\/non%20class\u00e9\/villeroy-boch-assiette-a-gateaux-avarua-33-cm-bleu\/"},"modified":"2025-07-04T17:54:16","modified_gmt":"2025-07-04T15:54:16","slug":"villeroy-boch-assiette-a-gateaux-avarua-33-cm-bleu","status":"publish","type":"product","link":"https:\/\/dev6.erresse-shop.it\/fr\/shop\/table-fr-2\/plateaux\/villeroy-boch-assiette-a-gateaux-avarua-33-cm-bleu\/","title":{"rendered":"VILLEROY &#038; BOCH Assiette \u00e0 g\u00e2teaux Avarua 33 cm Bleu"},"content":{"rendered":"<p>Une allure c\u00e9leste aux accents dor\u00e9s<br \/>\nInspir\u00e9 par la beaut\u00e9 d\u2019Avarua, le design de la collection Avarua interpr\u00e8te le voyage du navigateur et explorateur James Cook et raconte l\u2019histoire de sa d\u00e9couverte de mani\u00e8re artistique. Des lignes dor\u00e9es viennent parfaire l\u2019aspect paradisiaque et \u00e9voquent un fantastique effet tridimensionnel qui donne vie \u00e0 la collection. Le plat \u00e0 g\u00e2teau de la collection Avarua, avec ses motifs botaniques et ses couleurs sourdes, mettra parfaitement en valeur vos g\u00e2teaux et tartes et vous fera r\u00eaver d\u2019un lieu paradisiaque comme les \u00eeles Cook. Laissez-vous transporter dans un monde d\u2019oiseaux de paradis et de plantes exotiques.<\/p>\n<p>Mat\u00e9riau : Porcelaine Bone Premium<br \/>\nVolume : environ 330 mm<br \/>\nPasse au lave-vaisselle : oui<br \/>\nConvient au micro-ondes : Non<\/p>\n","protected":false},"excerpt":{"rendered":"<p>Une allure c\u00e9leste aux accents dor\u00e9s Inspir\u00e9 par la beaut\u00e9 d\u2019Avarua, le design de la collection Avarua interpr\u00e8te le voyage du navigateur et explorateur James Cook et raconte l\u2019histoire de sa d\u00e9couverte de mani\u00e8re artistique. Des lignes dor\u00e9es viennent parfaire l\u2019aspect paradisiaque et \u00e9voquent un fantastique effet tridimensionnel qui donne vie \u00e0 la collection. Le [&hellip;]<\/p>\n","protected":false},"featured_media":6367542,"template":"","meta":{"_acf_changed":false},"product_cat":[12004,11995,11671],"product_tag":[],"class_list":{"0":"post-63834","1":"product","2":"type-product","3":"status-publish","4":"has-post-thumbnail","6":"product_cat-plateaux","7":"product_cat-table-fr-2","8":"product_cat-tavola","10":"first","11":"instock","12":"sale","13":"taxable","14":"shipping-taxable","15":"purchasable","16":"product-type-simple","swatches":"rey-swatches","show_selected":"","stretch_labels":"rey-swatches--stretch-labels"},"acf":[],"yoast_head":"<!-- This site is optimized with the Yoast SEO plugin v25.4 - https:\/\/yoast.com\/wordpress\/plugins\/seo\/ -->\n<title>VILLEROY &#038; BOCH Assiette \u00e0 g\u00e2teaux Avarua 33 cm Bleu - dev6 Erresse<\/title>\n<meta name=\"description\" content=\"Une allure c\u00e9leste aux accents dor\u00e9s Inspir\u00e9 par la beaut\u00e9 d\u2019Avarua, le design de la collection Avarua interpr\u00e8te le voyage du navigateur et explorateur\" \/>\n<meta name=\"robots\" content=\"noindex, follow, max-snippet:-1, max-image-preview:large, max-video-preview:-1\" \/>\n<meta property=\"og:locale\" content=\"fr_FR\" \/>\n<meta property=\"og:type\" content=\"article\" \/>\n<meta property=\"og:title\" content=\"VILLEROY &#038; BOCH Assiette \u00e0 g\u00e2teaux Avarua 33 cm Bleu - dev6 Erresse\" \/>\n<meta property=\"og:description\" content=\"Une allure c\u00e9leste aux accents dor\u00e9s Inspir\u00e9 par la beaut\u00e9 d\u2019Avarua, le design de la collection Avarua interpr\u00e8te le voyage du navigateur et explorateur\" \/>\n<meta property=\"og:url\" content=\"https:\/\/dev6.erresse-shop.it\/fr\/shop\/table-fr-2\/plateaux\/villeroy-boch-assiette-a-gateaux-avarua-33-cm-bleu\/\" \/>\n<meta property=\"og:site_name\" content=\"dev6 Erresse\" \/>\n<meta property=\"og:image\" content=\"https:\/\/interpim.erresse-shop.it\/Import\/Prodotti\/villeroy-boch-avarua-piatto-torta-33-cm-blu.jpg\" \/><meta property=\"og:image\" content=\"https:\/\/interpim.erresse-shop.it\/Import\/Prodotti\/villeroy-boch-avarua-piatto-torta-33-cm-blu.jpg\" \/>\n\t<meta property=\"og:image:width\" content=\"1024\" \/>\n\t<meta property=\"og:image:height\" content=\"1024\" \/>\n\t<meta property=\"og:image:type\" content=\"image\/jpeg\" \/>\n<meta name=\"twitter:card\" content=\"summary_large_image\" \/>\n<meta name=\"twitter:image\" content=\"https:\/\/interpim.erresse-shop.it\/Import\/Prodotti\/villeroy-boch-avarua-piatto-torta-33-cm-blu.jpg\" \/>\n<script type=\"application\/ld+json\" class=\"yoast-schema-graph\">{\"@context\":\"https:\/\/schema.org\",\"@graph\":[{\"@type\":\"WebPage\",\"@id\":\"https:\/\/dev6.erresse-shop.it\/fr\/shop\/table-fr-2\/plateaux\/villeroy-boch-assiette-a-gateaux-avarua-33-cm-bleu\/\",\"url\":\"https:\/\/dev6.erresse-shop.it\/fr\/shop\/table-fr-2\/plateaux\/villeroy-boch-assiette-a-gateaux-avarua-33-cm-bleu\/\",\"name\":\"VILLEROY &#038; BOCH Assiette \u00e0 g\u00e2teaux Avarua 33 cm Bleu - dev6 Erresse\",\"isPartOf\":{\"@id\":\"https:\/\/dev6.erresse-shop.it\/#website\"},\"primaryImageOfPage\":{\"@id\":\"https:\/\/dev6.erresse-shop.it\/fr\/shop\/table-fr-2\/plateaux\/villeroy-boch-assiette-a-gateaux-avarua-33-cm-bleu\/#primaryimage\"},\"image\":{\"@id\":\"https:\/\/dev6.erresse-shop.it\/fr\/shop\/table-fr-2\/plateaux\/villeroy-boch-assiette-a-gateaux-avarua-33-cm-bleu\/#primaryimage\"},\"thumbnailUrl\":\"https:\/\/i0.wp.com\/interpim.erresse-shop.it\/Import\/Prodotti\/villeroy-boch-avarua-piatto-torta-33-cm-blu.jpg?ssl=1\",\"datePublished\":\"2026-04-12T08:51:47+00:00\",\"description\":\"Une allure c\u00e9leste aux accents dor\u00e9s Inspir\u00e9 par la beaut\u00e9 d\u2019Avarua, le design de la collection Avarua interpr\u00e8te le voyage du navigateur et explorateur\",\"breadcrumb\":{\"@id\":\"https:\/\/dev6.erresse-shop.it\/fr\/shop\/table-fr-2\/plateaux\/villeroy-boch-assiette-a-gateaux-avarua-33-cm-bleu\/#breadcrumb\"},\"inLanguage\":\"fr-FR\",\"potentialAction\":[{\"@type\":\"ReadAction\",\"target\":[\"https:\/\/dev6.erresse-shop.it\/fr\/shop\/table-fr-2\/plateaux\/villeroy-boch-assiette-a-gateaux-avarua-33-cm-bleu\/\"]}]},{\"@type\":\"ImageObject\",\"inLanguage\":\"fr-FR\",\"@id\":\"https:\/\/dev6.erresse-shop.it\/fr\/shop\/table-fr-2\/plateaux\/villeroy-boch-assiette-a-gateaux-avarua-33-cm-bleu\/#primaryimage\",\"url\":\"https:\/\/i0.wp.com\/interpim.erresse-shop.it\/Import\/Prodotti\/villeroy-boch-avarua-piatto-torta-33-cm-blu.jpg?ssl=1\",\"contentUrl\":\"https:\/\/i0.wp.com\/interpim.erresse-shop.it\/Import\/Prodotti\/villeroy-boch-avarua-piatto-torta-33-cm-blu.jpg?ssl=1\"},{\"@type\":\"BreadcrumbList\",\"@id\":\"https:\/\/dev6.erresse-shop.it\/fr\/shop\/table-fr-2\/plateaux\/villeroy-boch-assiette-a-gateaux-avarua-33-cm-bleu\/#breadcrumb\",\"itemListElement\":[{\"@type\":\"ListItem\",\"position\":1,\"name\":\"Home\",\"item\":\"https:\/\/dev6.erresse-shop.it\/\"},{\"@type\":\"ListItem\",\"position\":2,\"name\":\"Boutique\",\"item\":\"https:\/\/dev6.erresse-shop.it\/shop\/\"},{\"@type\":\"ListItem\",\"position\":3,\"name\":\"VILLEROY &#038; BOCH Assiette \u00e0 g\u00e2teaux Avarua 33 cm Bleu\"}]},{\"@type\":\"WebSite\",\"@id\":\"https:\/\/dev6.erresse-shop.it\/#website\",\"url\":\"https:\/\/dev6.erresse-shop.it\/\",\"name\":\"Erresse Shop\",\"description\":\"\",\"publisher\":{\"@id\":\"https:\/\/dev6.erresse-shop.it\/#organization\"},\"potentialAction\":[{\"@type\":\"SearchAction\",\"target\":{\"@type\":\"EntryPoint\",\"urlTemplate\":\"https:\/\/dev6.erresse-shop.it\/?s={search_term_string}\"},\"query-input\":{\"@type\":\"PropertyValueSpecification\",\"valueRequired\":true,\"valueName\":\"search_term_string\"}}],\"inLanguage\":\"fr-FR\"},{\"@type\":\"Organization\",\"@id\":\"https:\/\/dev6.erresse-shop.it\/#organization\",\"name\":\"Erresse Shop\",\"url\":\"https:\/\/dev6.erresse-shop.it\/\",\"logo\":{\"@type\":\"ImageObject\",\"inLanguage\":\"fr-FR\",\"@id\":\"https:\/\/dev6.erresse-shop.it\/#\/schema\/logo\/image\/\",\"url\":\"https:\/\/dev6.erresse-shop.it\/wp-content\/uploads\/2025\/01\/LOGO-ERRESSE-CLASSICO.svg\",\"contentUrl\":\"https:\/\/dev6.erresse-shop.it\/wp-content\/uploads\/2025\/01\/LOGO-ERRESSE-CLASSICO.svg\",\"caption\":\"Erresse Shop\"},\"image\":{\"@id\":\"https:\/\/dev6.erresse-shop.it\/#\/schema\/logo\/image\/\"}}]}<\/script>\n<!-- \/ Yoast SEO plugin. -->","yoast_head_json":{"title":"VILLEROY &#038; BOCH Assiette \u00e0 g\u00e2teaux Avarua 33 cm Bleu - dev6 Erresse","description":"Une allure c\u00e9leste aux accents dor\u00e9s Inspir\u00e9 par la beaut\u00e9 d\u2019Avarua, le design de la collection Avarua interpr\u00e8te le voyage du navigateur et explorateur","robots":{"index":"noindex","follow":"follow","max-snippet":"max-snippet:-1","max-image-preview":"max-image-preview:large","max-video-preview":"max-video-preview:-1"},"og_locale":"fr_FR","og_type":"article","og_title":"VILLEROY &#038; BOCH Assiette \u00e0 g\u00e2teaux Avarua 33 cm Bleu - dev6 Erresse","og_description":"Une allure c\u00e9leste aux accents dor\u00e9s Inspir\u00e9 par la beaut\u00e9 d\u2019Avarua, le design de la collection Avarua interpr\u00e8te le voyage du navigateur et explorateur","og_url":"https:\/\/dev6.erresse-shop.it\/fr\/shop\/table-fr-2\/plateaux\/villeroy-boch-assiette-a-gateaux-avarua-33-cm-bleu\/","og_site_name":"dev6 Erresse","og_image":[{"url":"https:\/\/interpim.erresse-shop.it\/Import\/Prodotti\/villeroy-boch-avarua-piatto-torta-33-cm-blu.jpg","type":"","width":"","height":""},{"url":"https:\/\/interpim.erresse-shop.it\/Import\/Prodotti\/villeroy-boch-avarua-piatto-torta-33-cm-blu.jpg","width":1024,"height":1024,"type":"image\/jpeg"}],"twitter_card":"summary_large_image","twitter_image":"https:\/\/interpim.erresse-shop.it\/Import\/Prodotti\/villeroy-boch-avarua-piatto-torta-33-cm-blu.jpg","schema":{"@context":"https:\/\/schema.org","@graph":[{"@type":"WebPage","@id":"https:\/\/dev6.erresse-shop.it\/fr\/shop\/table-fr-2\/plateaux\/villeroy-boch-assiette-a-gateaux-avarua-33-cm-bleu\/","url":"https:\/\/dev6.erresse-shop.it\/fr\/shop\/table-fr-2\/plateaux\/villeroy-boch-assiette-a-gateaux-avarua-33-cm-bleu\/","name":"VILLEROY &#038; BOCH Assiette \u00e0 g\u00e2teaux Avarua 33 cm Bleu - dev6 Erresse","isPartOf":{"@id":"https:\/\/dev6.erresse-shop.it\/#website"},"primaryImageOfPage":{"@id":"https:\/\/dev6.erresse-shop.it\/fr\/shop\/table-fr-2\/plateaux\/villeroy-boch-assiette-a-gateaux-avarua-33-cm-bleu\/#primaryimage"},"image":{"@id":"https:\/\/dev6.erresse-shop.it\/fr\/shop\/table-fr-2\/plateaux\/villeroy-boch-assiette-a-gateaux-avarua-33-cm-bleu\/#primaryimage"},"thumbnailUrl":"https:\/\/i0.wp.com\/interpim.erresse-shop.it\/Import\/Prodotti\/villeroy-boch-avarua-piatto-torta-33-cm-blu.jpg?ssl=1","datePublished":"2026-04-12T08:51:47+00:00","description":"Une allure c\u00e9leste aux accents dor\u00e9s Inspir\u00e9 par la beaut\u00e9 d\u2019Avarua, le design de la collection Avarua interpr\u00e8te le voyage du navigateur et explorateur","breadcrumb":{"@id":"https:\/\/dev6.erresse-shop.it\/fr\/shop\/table-fr-2\/plateaux\/villeroy-boch-assiette-a-gateaux-avarua-33-cm-bleu\/#breadcrumb"},"inLanguage":"fr-FR","potentialAction":[{"@type":"ReadAction","target":["https:\/\/dev6.erresse-shop.it\/fr\/shop\/table-fr-2\/plateaux\/villeroy-boch-assiette-a-gateaux-avarua-33-cm-bleu\/"]}]},{"@type":"ImageObject","inLanguage":"fr-FR","@id":"https:\/\/dev6.erresse-shop.it\/fr\/shop\/table-fr-2\/plateaux\/villeroy-boch-assiette-a-gateaux-avarua-33-cm-bleu\/#primaryimage","url":"https:\/\/i0.wp.com\/interpim.erresse-shop.it\/Import\/Prodotti\/villeroy-boch-avarua-piatto-torta-33-cm-blu.jpg?ssl=1","contentUrl":"https:\/\/i0.wp.com\/interpim.erresse-shop.it\/Import\/Prodotti\/villeroy-boch-avarua-piatto-torta-33-cm-blu.jpg?ssl=1"},{"@type":"BreadcrumbList","@id":"https:\/\/dev6.erresse-shop.it\/fr\/shop\/table-fr-2\/plateaux\/villeroy-boch-assiette-a-gateaux-avarua-33-cm-bleu\/#breadcrumb","itemListElement":[{"@type":"ListItem","position":1,"name":"Home","item":"https:\/\/dev6.erresse-shop.it\/"},{"@type":"ListItem","position":2,"name":"Boutique","item":"https:\/\/dev6.erresse-shop.it\/shop\/"},{"@type":"ListItem","position":3,"name":"VILLEROY &#038; BOCH Assiette \u00e0 g\u00e2teaux Avarua 33 cm Bleu"}]},{"@type":"WebSite","@id":"https:\/\/dev6.erresse-shop.it\/#website","url":"https:\/\/dev6.erresse-shop.it\/","name":"Erresse Shop","description":"","publisher":{"@id":"https:\/\/dev6.erresse-shop.it\/#organization"},"potentialAction":[{"@type":"SearchAction","target":{"@type":"EntryPoint","urlTemplate":"https:\/\/dev6.erresse-shop.it\/?s={search_term_string}"},"query-input":{"@type":"PropertyValueSpecification","valueRequired":true,"valueName":"search_term_string"}}],"inLanguage":"fr-FR"},{"@type":"Organization","@id":"https:\/\/dev6.erresse-shop.it\/#organization","name":"Erresse Shop","url":"https:\/\/dev6.erresse-shop.it\/","logo":{"@type":"ImageObject","inLanguage":"fr-FR","@id":"https:\/\/dev6.erresse-shop.it\/#\/schema\/logo\/image\/","url":"https:\/\/dev6.erresse-shop.it\/wp-content\/uploads\/2025\/01\/LOGO-ERRESSE-CLASSICO.svg","contentUrl":"https:\/\/dev6.erresse-shop.it\/wp-content\/uploads\/2025\/01\/LOGO-ERRESSE-CLASSICO.svg","caption":"Erresse Shop"},"image":{"@id":"https:\/\/dev6.erresse-shop.it\/#\/schema\/logo\/image\/"}}]}},"df_price":84,"df_sale_price":84,"df_regular_price":99.9,"df_image_link":"https:\/\/i0.wp.com\/interpim.erresse-shop.it\/Import\/Prodotti\/villeroy-boch-avarua-piatto-torta-33-cm-blu.jpg?resize=300,300&ssl=1","fifu_image_url":"https:\/\/interpim.erresse-shop.it\/Import\/Prodotti\/villeroy-boch-avarua-piatto-torta-33-cm-blu.jpg","_links":{"self":[{"href":"https:\/\/dev6.erresse-shop.it\/fr\/wp-json\/wp\/v2\/product\/63834","targetHints":{"allow":["GET"]}}],"collection":[{"href":"https:\/\/dev6.erresse-shop.it\/fr\/wp-json\/wp\/v2\/product"}],"about":[{"href":"https:\/\/dev6.erresse-shop.it\/fr\/wp-json\/wp\/v2\/types\/product"}],"wp:featuredmedia":[{"embeddable":true,"href":"https:\/\/dev6.erresse-shop.it\/fr\/wp-json\/wp\/v2\/media\/6367542"}],"wp:attachment":[{"href":"https:\/\/dev6.erresse-shop.it\/fr\/wp-json\/wp\/v2\/media?parent=63834"}],"wp:term":[{"taxonomy":"product_cat","embeddable":true,"href":"https:\/\/dev6.erresse-shop.it\/fr\/wp-json\/wp\/v2\/product_cat?post=63834"},{"taxonomy":"product_tag","embeddable":true,"href":"https:\/\/dev6.erresse-shop.it\/fr\/wp-json\/wp\/v2\/product_tag?post=63834"}],"curies":[{"name":"wp","href":"https:\/\/api.w.org\/{rel}","templated":true}]}}