{"id":63830,"date":"2026-04-04T10:49:10","date_gmt":"2026-04-04T08:49:10","guid":{"rendered":"https:\/\/dev6.erresse-shop.it\/shop\/non%20class\u00e9\/ninja-flexdrawer-friteuse-a-air-10-4-l\/"},"modified":"2025-07-04T17:54:08","modified_gmt":"2025-07-04T15:54:08","slug":"ninja-flexdrawer-friteuse-a-air-10-4-l","status":"publish","type":"product","link":"https:\/\/dev6.erresse-shop.it\/fr\/shop\/petits-electromenagers\/robots-de-cuisine\/ninja-flexdrawer-friteuse-a-air-10-4-l\/","title":{"rendered":"NINJA FlexDrawer Friteuse \u00e0 air 10.4 L"},"content":{"rendered":"<p>Le FlexDrawer de Ninja, la friteuse extra-large qui s\u2019adapte \u00e0 toutes les tailles, est arriv\u00e9.<\/p>\n<p>Cuisinez de gros aliments dans la MegaZone de 10,4 l ou utilisez le s\u00e9parateur pour cr\u00e9er 2 zones de cuisson ind\u00e9pendantes et combinez les fonctions de cuisson \u00e0 volont\u00e9 gr\u00e2ce \u00e0 la technologie Dual Zone de Ninja.<\/p>\n<p>\u00c9largissez vos menus<\/p>\n<p>Vous avez de nombreuses raisons de choisir une friteuse : de la friture plus saine \u00e0 la consommation d\u2019\u00e9nergie inf\u00e9rieure \u00e0 celle d\u2019un four. Lorsque vous devez cuisiner pour un grand nombre de personnes, il est difficile de tout faire tenir dans un seul appareil.<\/p>\n<p>Gr\u00e2ce \u00e0 la MegaZone extra-large de 10,4 litres, vous disposez d\u00e9sormais de tout l\u2019espace n\u00e9cessaire pour pr\u00e9parer les aliments plus volumineux que vous cuisinez habituellement au four. Elle peut facilement contenir un gigot d\u2019agneau entier de 2 kg avec des l\u00e9gumes r\u00f4tis, une \u00e9paule de porc roul\u00e9e de 2,3 kg avec des pommes de terre croustillantes, des plats familiaux en une seule fois comme le halloumi et la courge butternut, vos koftas et brochettes de kebab pr\u00e9f\u00e9r\u00e9s, et bien d\u2019autres choses encore.<\/p>\n<p>Vous souhaitez pr\u00e9parer deux plats diff\u00e9rents en m\u00eame temps ?<\/p>\n<p>Il suffit d\u2019ajouter le s\u00e9parateur pour transformer le grand compartiment en deux zones de cuisson ind\u00e9pendantes.<\/p>\n<p>La technologie Dual Zone de Ninja vous permet de cuisiner avec 2 fonctions, dur\u00e9es et temp\u00e9ratures diff\u00e9rentes par zone et de tout pr\u00e9parer en m\u00eame temps !<\/p>\n<p>Du poulet r\u00f4ti avec des frites au saumon cuit au four avec des l\u00e9gumes r\u00f4tis, vous pouvez d\u00e9guster les plats principaux en m\u00eame temps que le plat d\u2019accompagnement gr\u00e2ce \u00e0 la fonction SYNC : plus besoin d\u2019utiliser diff\u00e9rents appareils ou de laisser refroidir le plat d\u2019accompagnement en attendant la fin de la cuisson du plat principal ! Il est \u00e9galement parfait pour cr\u00e9er des plats di\u00e9t\u00e9tiques et des plats pour diff\u00e9rents go\u00fbts, afin que vous puissiez profiter de votre repas ensemble.<\/p>\n<p>Vous pouvez \u00e9galement utiliser la fonction MATCH pour copier les m\u00eames r\u00e9glages dans les deux zones.<\/p>\n<p>Chaque zone de 5,2 litres peut contenir jusqu\u2019\u00e0 2 kg de poulet ou 1,5 kg de frites.<\/p>\n<p>Cr\u00e9ez de d\u00e9licieux repas pour plus de 8 personnes<\/p>\n<p>Jusqu\u2019\u00e0 65 % plus rapide que les fours ventil\u00e9s* pour pr\u00e9parer des menus complets en moins de la moiti\u00e9 du temps.<\/p>\n<p>Pouvant contenir suffisamment de nourriture pour plus de 8 personnes, elle est parfaite pour les familles nombreuses, mais c\u2019est aussi la meilleure friteuse Ninja pour recevoir des amis et de la famille ou pour pr\u00e9parer votre propre quantit\u00e9 de nourriture !<\/p>\n<p>Bien plus qu\u2019une friteuse, avec 7 modes de cuisson :<\/p>\n<p>FRITURE \u00c0 L\u2019AIR : super croustillant en ajoutant peu ou pas d\u2019huile : jusqu\u2019\u00e0 75 % de mati\u00e8res grasses en moins par rapport aux m\u00e9thodes de friture traditionnelles**. Parfait pour tout pr\u00e9parer : zeppoles maison, lamelles de bacon croustillantes, saumon teriyaki avec des fleurons de brocoli frais, samosas, omelettes et sandwichs grill\u00e9s et dor\u00e9s.<br \/>\nMAX CRISP : fait circuler l\u2019air \u00e0 une temp\u00e9rature de 240 \u00b0C pour cuire les aliments surgel\u00e9s de mani\u00e8re uniforme et croustillante en quelques minutes. Parfait pour les frites, les ailes de poulet et vos plats surgel\u00e9s pr\u00e9f\u00e9r\u00e9s.<br \/>\nROAST : pour r\u00f4tir un poulet entier, un gigot d\u2019agneau, des steaks de b\u0153uf ou un chou-fleur entier accompagn\u00e9 de l\u00e9gumes racines pour un d\u00eener r\u00f4ti pour toute la famille. De plus, vous pouvez facilement cr\u00e9er votre plat au four parfait : choisissez un plat principal, des l\u00e9gumes et votre marinade ou assaisonnement pr\u00e9f\u00e9r\u00e9 et donnez vie \u00e0 votre chef-d\u2019\u0153uvre dans la MegaZone.<br \/>\nBAKE : pour pr\u00e9parer des pains, des g\u00e2teaux et des tartes \u00e0 la maison, tels que des g\u00e2teaux aux amandes et au miel, des brownies, des blondis, des crumbles aux fruits et bien plus encore.<br \/>\nR\u00c9CHAUFFER : pour r\u00e9chauffer les restes et leur redonner leur fra\u00eecheur et leur go\u00fbt, comme s\u2019ils venaient d\u2019\u00eatre pr\u00e9par\u00e9s. Parfait pour les pizzas, les rouleaux de printemps et bien plus encore.<br \/>\nDEHYDRATE : s\u00e8che doucement les ingr\u00e9dients \u00e0 basse temp\u00e9rature pour cr\u00e9er des snacks de fruits secs, des chips de l\u00e9gumes, de la viande s\u00e9ch\u00e9e, des herbes s\u00e9ch\u00e9es maison et des plats d\u2019accompagnement.<br \/>\nDEHYDRATE : rend vos cr\u00e9ations parfaites en laissant la p\u00e2te lever dans un environnement id\u00e9al.<\/p>\n","protected":false},"excerpt":{"rendered":"<p>Le FlexDrawer de Ninja, la friteuse extra-large qui s\u2019adapte \u00e0 toutes les tailles, est arriv\u00e9. Cuisinez de gros aliments dans la MegaZone de 10,4 l ou utilisez le s\u00e9parateur pour cr\u00e9er 2 zones de cuisson ind\u00e9pendantes et combinez les fonctions de cuisson \u00e0 volont\u00e9 gr\u00e2ce \u00e0 la technologie Dual Zone de Ninja. \u00c9largissez vos menus [&hellip;]<\/p>\n","protected":false},"featured_media":6284258,"template":"","meta":{"_acf_changed":false},"product_cat":[12086,12055,12066],"product_tag":[],"class_list":{"0":"post-63830","1":"product","2":"type-product","3":"status-publish","4":"has-post-thumbnail","6":"product_cat-friteuses-a-air","7":"product_cat-petits-electromenagers","8":"product_cat-robots-de-cuisine","10":"first","11":"instock","12":"taxable","13":"shipping-taxable","14":"purchasable","15":"product-type-simple","swatches":"rey-swatches","show_selected":"","stretch_labels":"rey-swatches--stretch-labels"},"acf":[],"yoast_head":"<!-- This site is optimized with the Yoast SEO plugin v25.4 - https:\/\/yoast.com\/wordpress\/plugins\/seo\/ -->\n<title>NINJA FlexDrawer Friteuse \u00e0 air 10.4 L - dev6 Erresse<\/title>\n<meta name=\"description\" content=\"Le FlexDrawer de Ninja, la friteuse extra-large qui s\u2019adapte \u00e0 toutes les tailles, est arriv\u00e9. Cuisinez de gros aliments dans la MegaZone de 10,4 l ou\" \/>\n<meta name=\"robots\" content=\"noindex, follow, max-snippet:-1, max-image-preview:large, max-video-preview:-1\" \/>\n<meta property=\"og:locale\" content=\"fr_FR\" \/>\n<meta property=\"og:type\" content=\"article\" \/>\n<meta property=\"og:title\" content=\"NINJA FlexDrawer Friteuse \u00e0 air 10.4 L - dev6 Erresse\" \/>\n<meta property=\"og:description\" content=\"Le FlexDrawer de Ninja, la friteuse extra-large qui s\u2019adapte \u00e0 toutes les tailles, est arriv\u00e9. Cuisinez de gros aliments dans la MegaZone de 10,4 l ou\" \/>\n<meta property=\"og:url\" content=\"https:\/\/dev6.erresse-shop.it\/fr\/shop\/petits-electromenagers\/robots-de-cuisine\/ninja-flexdrawer-friteuse-a-air-10-4-l\/\" \/>\n<meta property=\"og:site_name\" content=\"dev6 Erresse\" \/>\n<meta property=\"og:image\" content=\"https:\/\/interpim.erresse-shop.it\/Import\/Prodotti\/friggitrice-ad-aria-ninja-flexdrawer-da-104-l.png\" \/><meta property=\"og:image\" content=\"https:\/\/interpim.erresse-shop.it\/Import\/Prodotti\/friggitrice-ad-aria-ninja-flexdrawer-da-104-l.png\" \/>\n\t<meta property=\"og:image:width\" content=\"1024\" \/>\n\t<meta property=\"og:image:height\" content=\"1024\" \/>\n\t<meta property=\"og:image:type\" content=\"image\/jpeg\" \/>\n<meta name=\"twitter:card\" content=\"summary_large_image\" \/>\n<meta name=\"twitter:image\" content=\"https:\/\/interpim.erresse-shop.it\/Import\/Prodotti\/friggitrice-ad-aria-ninja-flexdrawer-da-104-l.png\" \/>\n<script type=\"application\/ld+json\" class=\"yoast-schema-graph\">{\"@context\":\"https:\/\/schema.org\",\"@graph\":[{\"@type\":\"WebPage\",\"@id\":\"https:\/\/dev6.erresse-shop.it\/fr\/shop\/petits-electromenagers\/robots-de-cuisine\/ninja-flexdrawer-friteuse-a-air-10-4-l\/\",\"url\":\"https:\/\/dev6.erresse-shop.it\/fr\/shop\/petits-electromenagers\/robots-de-cuisine\/ninja-flexdrawer-friteuse-a-air-10-4-l\/\",\"name\":\"NINJA FlexDrawer Friteuse \u00e0 air 10.4 L - dev6 Erresse\",\"isPartOf\":{\"@id\":\"https:\/\/dev6.erresse-shop.it\/#website\"},\"primaryImageOfPage\":{\"@id\":\"https:\/\/dev6.erresse-shop.it\/fr\/shop\/petits-electromenagers\/robots-de-cuisine\/ninja-flexdrawer-friteuse-a-air-10-4-l\/#primaryimage\"},\"image\":{\"@id\":\"https:\/\/dev6.erresse-shop.it\/fr\/shop\/petits-electromenagers\/robots-de-cuisine\/ninja-flexdrawer-friteuse-a-air-10-4-l\/#primaryimage\"},\"thumbnailUrl\":\"https:\/\/i1.wp.com\/interpim.erresse-shop.it\/Import\/Prodotti\/friggitrice-ad-aria-ninja-flexdrawer-da-104-l.png?ssl=1\",\"datePublished\":\"2026-04-04T08:49:10+00:00\",\"description\":\"Le FlexDrawer de Ninja, la friteuse extra-large qui s\u2019adapte \u00e0 toutes les tailles, est arriv\u00e9. Cuisinez de gros aliments dans la MegaZone de 10,4 l ou\",\"breadcrumb\":{\"@id\":\"https:\/\/dev6.erresse-shop.it\/fr\/shop\/petits-electromenagers\/robots-de-cuisine\/ninja-flexdrawer-friteuse-a-air-10-4-l\/#breadcrumb\"},\"inLanguage\":\"fr-FR\",\"potentialAction\":[{\"@type\":\"ReadAction\",\"target\":[\"https:\/\/dev6.erresse-shop.it\/fr\/shop\/petits-electromenagers\/robots-de-cuisine\/ninja-flexdrawer-friteuse-a-air-10-4-l\/\"]}]},{\"@type\":\"ImageObject\",\"inLanguage\":\"fr-FR\",\"@id\":\"https:\/\/dev6.erresse-shop.it\/fr\/shop\/petits-electromenagers\/robots-de-cuisine\/ninja-flexdrawer-friteuse-a-air-10-4-l\/#primaryimage\",\"url\":\"https:\/\/i1.wp.com\/interpim.erresse-shop.it\/Import\/Prodotti\/friggitrice-ad-aria-ninja-flexdrawer-da-104-l.png?ssl=1\",\"contentUrl\":\"https:\/\/i1.wp.com\/interpim.erresse-shop.it\/Import\/Prodotti\/friggitrice-ad-aria-ninja-flexdrawer-da-104-l.png?ssl=1\"},{\"@type\":\"BreadcrumbList\",\"@id\":\"https:\/\/dev6.erresse-shop.it\/fr\/shop\/petits-electromenagers\/robots-de-cuisine\/ninja-flexdrawer-friteuse-a-air-10-4-l\/#breadcrumb\",\"itemListElement\":[{\"@type\":\"ListItem\",\"position\":1,\"name\":\"Home\",\"item\":\"https:\/\/dev6.erresse-shop.it\/\"},{\"@type\":\"ListItem\",\"position\":2,\"name\":\"Boutique\",\"item\":\"https:\/\/dev6.erresse-shop.it\/shop\/\"},{\"@type\":\"ListItem\",\"position\":3,\"name\":\"NINJA FlexDrawer Friteuse \u00e0 air 10.4 L\"}]},{\"@type\":\"WebSite\",\"@id\":\"https:\/\/dev6.erresse-shop.it\/#website\",\"url\":\"https:\/\/dev6.erresse-shop.it\/\",\"name\":\"Erresse Shop\",\"description\":\"\",\"publisher\":{\"@id\":\"https:\/\/dev6.erresse-shop.it\/#organization\"},\"potentialAction\":[{\"@type\":\"SearchAction\",\"target\":{\"@type\":\"EntryPoint\",\"urlTemplate\":\"https:\/\/dev6.erresse-shop.it\/?s={search_term_string}\"},\"query-input\":{\"@type\":\"PropertyValueSpecification\",\"valueRequired\":true,\"valueName\":\"search_term_string\"}}],\"inLanguage\":\"fr-FR\"},{\"@type\":\"Organization\",\"@id\":\"https:\/\/dev6.erresse-shop.it\/#organization\",\"name\":\"Erresse Shop\",\"url\":\"https:\/\/dev6.erresse-shop.it\/\",\"logo\":{\"@type\":\"ImageObject\",\"inLanguage\":\"fr-FR\",\"@id\":\"https:\/\/dev6.erresse-shop.it\/#\/schema\/logo\/image\/\",\"url\":\"https:\/\/dev6.erresse-shop.it\/wp-content\/uploads\/2025\/01\/LOGO-ERRESSE-CLASSICO.svg\",\"contentUrl\":\"https:\/\/dev6.erresse-shop.it\/wp-content\/uploads\/2025\/01\/LOGO-ERRESSE-CLASSICO.svg\",\"caption\":\"Erresse Shop\"},\"image\":{\"@id\":\"https:\/\/dev6.erresse-shop.it\/#\/schema\/logo\/image\/\"}}]}<\/script>\n<!-- \/ Yoast SEO plugin. -->","yoast_head_json":{"title":"NINJA FlexDrawer Friteuse \u00e0 air 10.4 L - dev6 Erresse","description":"Le FlexDrawer de Ninja, la friteuse extra-large qui s\u2019adapte \u00e0 toutes les tailles, est arriv\u00e9. Cuisinez de gros aliments dans la MegaZone de 10,4 l ou","robots":{"index":"noindex","follow":"follow","max-snippet":"max-snippet:-1","max-image-preview":"max-image-preview:large","max-video-preview":"max-video-preview:-1"},"og_locale":"fr_FR","og_type":"article","og_title":"NINJA FlexDrawer Friteuse \u00e0 air 10.4 L - dev6 Erresse","og_description":"Le FlexDrawer de Ninja, la friteuse extra-large qui s\u2019adapte \u00e0 toutes les tailles, est arriv\u00e9. Cuisinez de gros aliments dans la MegaZone de 10,4 l ou","og_url":"https:\/\/dev6.erresse-shop.it\/fr\/shop\/petits-electromenagers\/robots-de-cuisine\/ninja-flexdrawer-friteuse-a-air-10-4-l\/","og_site_name":"dev6 Erresse","og_image":[{"url":"https:\/\/interpim.erresse-shop.it\/Import\/Prodotti\/friggitrice-ad-aria-ninja-flexdrawer-da-104-l.png","type":"","width":"","height":""},{"url":"https:\/\/interpim.erresse-shop.it\/Import\/Prodotti\/friggitrice-ad-aria-ninja-flexdrawer-da-104-l.png","width":1024,"height":1024,"type":"image\/jpeg"}],"twitter_card":"summary_large_image","twitter_image":"https:\/\/interpim.erresse-shop.it\/Import\/Prodotti\/friggitrice-ad-aria-ninja-flexdrawer-da-104-l.png","schema":{"@context":"https:\/\/schema.org","@graph":[{"@type":"WebPage","@id":"https:\/\/dev6.erresse-shop.it\/fr\/shop\/petits-electromenagers\/robots-de-cuisine\/ninja-flexdrawer-friteuse-a-air-10-4-l\/","url":"https:\/\/dev6.erresse-shop.it\/fr\/shop\/petits-electromenagers\/robots-de-cuisine\/ninja-flexdrawer-friteuse-a-air-10-4-l\/","name":"NINJA FlexDrawer Friteuse \u00e0 air 10.4 L - dev6 Erresse","isPartOf":{"@id":"https:\/\/dev6.erresse-shop.it\/#website"},"primaryImageOfPage":{"@id":"https:\/\/dev6.erresse-shop.it\/fr\/shop\/petits-electromenagers\/robots-de-cuisine\/ninja-flexdrawer-friteuse-a-air-10-4-l\/#primaryimage"},"image":{"@id":"https:\/\/dev6.erresse-shop.it\/fr\/shop\/petits-electromenagers\/robots-de-cuisine\/ninja-flexdrawer-friteuse-a-air-10-4-l\/#primaryimage"},"thumbnailUrl":"https:\/\/i1.wp.com\/interpim.erresse-shop.it\/Import\/Prodotti\/friggitrice-ad-aria-ninja-flexdrawer-da-104-l.png?ssl=1","datePublished":"2026-04-04T08:49:10+00:00","description":"Le FlexDrawer de Ninja, la friteuse extra-large qui s\u2019adapte \u00e0 toutes les tailles, est arriv\u00e9. Cuisinez de gros aliments dans la MegaZone de 10,4 l ou","breadcrumb":{"@id":"https:\/\/dev6.erresse-shop.it\/fr\/shop\/petits-electromenagers\/robots-de-cuisine\/ninja-flexdrawer-friteuse-a-air-10-4-l\/#breadcrumb"},"inLanguage":"fr-FR","potentialAction":[{"@type":"ReadAction","target":["https:\/\/dev6.erresse-shop.it\/fr\/shop\/petits-electromenagers\/robots-de-cuisine\/ninja-flexdrawer-friteuse-a-air-10-4-l\/"]}]},{"@type":"ImageObject","inLanguage":"fr-FR","@id":"https:\/\/dev6.erresse-shop.it\/fr\/shop\/petits-electromenagers\/robots-de-cuisine\/ninja-flexdrawer-friteuse-a-air-10-4-l\/#primaryimage","url":"https:\/\/i1.wp.com\/interpim.erresse-shop.it\/Import\/Prodotti\/friggitrice-ad-aria-ninja-flexdrawer-da-104-l.png?ssl=1","contentUrl":"https:\/\/i1.wp.com\/interpim.erresse-shop.it\/Import\/Prodotti\/friggitrice-ad-aria-ninja-flexdrawer-da-104-l.png?ssl=1"},{"@type":"BreadcrumbList","@id":"https:\/\/dev6.erresse-shop.it\/fr\/shop\/petits-electromenagers\/robots-de-cuisine\/ninja-flexdrawer-friteuse-a-air-10-4-l\/#breadcrumb","itemListElement":[{"@type":"ListItem","position":1,"name":"Home","item":"https:\/\/dev6.erresse-shop.it\/"},{"@type":"ListItem","position":2,"name":"Boutique","item":"https:\/\/dev6.erresse-shop.it\/shop\/"},{"@type":"ListItem","position":3,"name":"NINJA FlexDrawer Friteuse \u00e0 air 10.4 L"}]},{"@type":"WebSite","@id":"https:\/\/dev6.erresse-shop.it\/#website","url":"https:\/\/dev6.erresse-shop.it\/","name":"Erresse Shop","description":"","publisher":{"@id":"https:\/\/dev6.erresse-shop.it\/#organization"},"potentialAction":[{"@type":"SearchAction","target":{"@type":"EntryPoint","urlTemplate":"https:\/\/dev6.erresse-shop.it\/?s={search_term_string}"},"query-input":{"@type":"PropertyValueSpecification","valueRequired":true,"valueName":"search_term_string"}}],"inLanguage":"fr-FR"},{"@type":"Organization","@id":"https:\/\/dev6.erresse-shop.it\/#organization","name":"Erresse Shop","url":"https:\/\/dev6.erresse-shop.it\/","logo":{"@type":"ImageObject","inLanguage":"fr-FR","@id":"https:\/\/dev6.erresse-shop.it\/#\/schema\/logo\/image\/","url":"https:\/\/dev6.erresse-shop.it\/wp-content\/uploads\/2025\/01\/LOGO-ERRESSE-CLASSICO.svg","contentUrl":"https:\/\/dev6.erresse-shop.it\/wp-content\/uploads\/2025\/01\/LOGO-ERRESSE-CLASSICO.svg","caption":"Erresse Shop"},"image":{"@id":"https:\/\/dev6.erresse-shop.it\/#\/schema\/logo\/image\/"}}]}},"df_price":269.99,"df_sale_price":"","df_regular_price":269.99,"df_image_link":"https:\/\/i1.wp.com\/interpim.erresse-shop.it\/Import\/Prodotti\/friggitrice-ad-aria-ninja-flexdrawer-da-104-l.png?resize=300,300&ssl=1","fifu_image_url":"https:\/\/interpim.erresse-shop.it\/Import\/Prodotti\/friggitrice-ad-aria-ninja-flexdrawer-da-104-l.png","_links":{"self":[{"href":"https:\/\/dev6.erresse-shop.it\/fr\/wp-json\/wp\/v2\/product\/63830","targetHints":{"allow":["GET"]}}],"collection":[{"href":"https:\/\/dev6.erresse-shop.it\/fr\/wp-json\/wp\/v2\/product"}],"about":[{"href":"https:\/\/dev6.erresse-shop.it\/fr\/wp-json\/wp\/v2\/types\/product"}],"wp:featuredmedia":[{"embeddable":true,"href":"https:\/\/dev6.erresse-shop.it\/fr\/wp-json\/wp\/v2\/media\/6284258"}],"wp:attachment":[{"href":"https:\/\/dev6.erresse-shop.it\/fr\/wp-json\/wp\/v2\/media?parent=63830"}],"wp:term":[{"taxonomy":"product_cat","embeddable":true,"href":"https:\/\/dev6.erresse-shop.it\/fr\/wp-json\/wp\/v2\/product_cat?post=63830"},{"taxonomy":"product_tag","embeddable":true,"href":"https:\/\/dev6.erresse-shop.it\/fr\/wp-json\/wp\/v2\/product_tag?post=63830"}],"curies":[{"name":"wp","href":"https:\/\/api.w.org\/{rel}","templated":true}]}}