{"id":63816,"date":"2026-04-04T10:47:19","date_gmt":"2026-04-04T08:47:19","guid":{"rendered":"https:\/\/dev6.erresse-shop.it\/shop\/non%20class\u00e9\/cookut-cocotte-28-cm-sauge\/"},"modified":"2026-01-15T23:38:12","modified_gmt":"2026-01-15T22:38:12","slug":"cookut-cocotte-28-cm-sauge","status":"publish","type":"product","link":"https:\/\/dev6.erresse-shop.it\/fr\/shop\/poeles-pots\/marmites-et-cocottes-poeles-pots\/cookut-cocotte-28-cm-sauge\/","title":{"rendered":"COOKUT Cocotte 28 cm Sauge"},"content":{"rendered":"<p>Le paquet comprend le bouton et deux maniques de couleur assortie (les accessoires sur la photo sont fournis \u00e0 titre d\u2019illustration, ils peuvent varier en fonction de la disponibilit\u00e9).<\/p>\n<p>La technologie pour une cuisson parfaite<br \/>\nGr\u00e2ce \u00e0 ses mat\u00e9riaux et \u00e0 son design exclusif, l\u2019Incroyable Cocotte offre une temp\u00e9rature homog\u00e8ne, id\u00e9ale pour la cuisson lente des rago\u00fbts. Il est \u00e9galement possible de faire revenir ou dorer les viandes.<\/p>\n<p>Antiadh\u00e9sif, sans mati\u00e8re grasse<br \/>\nLe rev\u00eatement antiadh\u00e9sif permet de cuisiner avec tr\u00e8s peu ou pas de mati\u00e8re grasse.<\/p>\n<p>Pas besoin de mouiller la viande<br \/>\nLes protub\u00e9rances sous le couvercle permettent une humidification automatique et continue de l\u2019int\u00e9rieur et favorisent la formation de condensation sous le couvercle. Cela permet d\u2019obtenir une viande tendre et des plats aux saveurs exceptionnelles.<\/p>\n<p>Facile \u00e0 laver, ne tache pas<br \/>\nBien que la cocotte passe au lave-vaisselle, son rev\u00eatement permet de la laver avec une simple \u00e9ponge, sans frotter.<br \/>\nSon rev\u00eatement vitrifi\u00e9 ne se tache pas, quelle que soit la sauce !<\/p>\n<p>Compatible avec tous les types de cuisini\u00e8res<\/p>\n<p>Dimensions :<br \/>\nVolume : 7 litres<br \/>\nDiam\u00e8tre du couvercle : 28 cm<br \/>\nLargeur totale : 39 cm<br \/>\nHauteur : 18 cm<br \/>\nPoids : 2,3 kg<\/p>\n","protected":false},"excerpt":{"rendered":"<p>Le paquet comprend le bouton et deux maniques de couleur assortie (les accessoires sur la photo sont fournis \u00e0 titre d\u2019illustration, ils peuvent varier en fonction de la disponibilit\u00e9). La technologie pour une cuisson parfaite Gr\u00e2ce \u00e0 ses mat\u00e9riaux et \u00e0 son design exclusif, l\u2019Incroyable Cocotte offre une temp\u00e9rature homog\u00e8ne, id\u00e9ale pour la cuisson lente [&hellip;]<\/p>\n","protected":false},"featured_media":6284217,"template":"","meta":{"_acf_changed":false},"product_cat":[12000,11667,11991],"product_tag":[],"class_list":{"0":"post-63816","1":"product","2":"type-product","3":"status-publish","4":"has-post-thumbnail","6":"product_cat-marmites-et-cocottes-poeles-pots","7":"product_cat-padelle-pentole","8":"product_cat-poeles-pots","10":"first","11":"instock","12":"sale","13":"taxable","14":"shipping-taxable","15":"purchasable","16":"product-type-simple","swatches":"rey-swatches","show_selected":"","stretch_labels":"rey-swatches--stretch-labels"},"acf":[],"yoast_head":"<!-- This site is optimized with the Yoast SEO plugin v25.4 - https:\/\/yoast.com\/wordpress\/plugins\/seo\/ -->\n<title>COOKUT Cocotte 28 cm Sauge - dev6 Erresse<\/title>\n<meta name=\"description\" content=\"Le paquet comprend le bouton et deux maniques de couleur assortie (les accessoires sur la photo sont fournis \u00e0 titre d\u2019illustration, ils peuvent varier en\" \/>\n<meta name=\"robots\" content=\"noindex, follow, max-snippet:-1, max-image-preview:large, max-video-preview:-1\" \/>\n<meta property=\"og:locale\" content=\"fr_FR\" \/>\n<meta property=\"og:type\" content=\"article\" \/>\n<meta property=\"og:title\" content=\"COOKUT Cocotte 28 cm Sauge - dev6 Erresse\" \/>\n<meta property=\"og:description\" content=\"Le paquet comprend le bouton et deux maniques de couleur assortie (les accessoires sur la photo sont fournis \u00e0 titre d\u2019illustration, ils peuvent varier en\" \/>\n<meta property=\"og:url\" content=\"https:\/\/dev6.erresse-shop.it\/fr\/shop\/poeles-pots\/marmites-et-cocottes-poeles-pots\/cookut-cocotte-28-cm-sauge\/\" \/>\n<meta property=\"og:site_name\" content=\"dev6 Erresse\" \/>\n<meta property=\"og:image\" content=\"https:\/\/interpim.erresse-shop.it\/Import\/Prodotti\/cookut-cocotte-28-cm-salvia-1.png\" \/><meta property=\"og:image\" content=\"https:\/\/interpim.erresse-shop.it\/Import\/Prodotti\/cookut-cocotte-28-cm-salvia-1.png\" \/>\n\t<meta property=\"og:image:width\" content=\"1024\" \/>\n\t<meta property=\"og:image:height\" content=\"1024\" \/>\n\t<meta property=\"og:image:type\" content=\"image\/jpeg\" \/>\n<meta name=\"twitter:card\" content=\"summary_large_image\" \/>\n<meta name=\"twitter:image\" content=\"https:\/\/interpim.erresse-shop.it\/Import\/Prodotti\/cookut-cocotte-28-cm-salvia-1.png\" \/>\n<script type=\"application\/ld+json\" class=\"yoast-schema-graph\">{\"@context\":\"https:\/\/schema.org\",\"@graph\":[{\"@type\":\"WebPage\",\"@id\":\"https:\/\/dev6.erresse-shop.it\/fr\/shop\/poeles-pots\/marmites-et-cocottes-poeles-pots\/cookut-cocotte-28-cm-sauge\/\",\"url\":\"https:\/\/dev6.erresse-shop.it\/fr\/shop\/poeles-pots\/marmites-et-cocottes-poeles-pots\/cookut-cocotte-28-cm-sauge\/\",\"name\":\"COOKUT Cocotte 28 cm Sauge - dev6 Erresse\",\"isPartOf\":{\"@id\":\"https:\/\/dev6.erresse-shop.it\/#website\"},\"primaryImageOfPage\":{\"@id\":\"https:\/\/dev6.erresse-shop.it\/fr\/shop\/poeles-pots\/marmites-et-cocottes-poeles-pots\/cookut-cocotte-28-cm-sauge\/#primaryimage\"},\"image\":{\"@id\":\"https:\/\/dev6.erresse-shop.it\/fr\/shop\/poeles-pots\/marmites-et-cocottes-poeles-pots\/cookut-cocotte-28-cm-sauge\/#primaryimage\"},\"thumbnailUrl\":\"https:\/\/i3.wp.com\/interpim.erresse-shop.it\/Import\/Prodotti\/cookut-cocotte-28-cm-salvia-1.png?ssl=1\",\"datePublished\":\"2026-04-04T08:47:19+00:00\",\"description\":\"Le paquet comprend le bouton et deux maniques de couleur assortie (les accessoires sur la photo sont fournis \u00e0 titre d\u2019illustration, ils peuvent varier en\",\"breadcrumb\":{\"@id\":\"https:\/\/dev6.erresse-shop.it\/fr\/shop\/poeles-pots\/marmites-et-cocottes-poeles-pots\/cookut-cocotte-28-cm-sauge\/#breadcrumb\"},\"inLanguage\":\"fr-FR\",\"potentialAction\":[{\"@type\":\"ReadAction\",\"target\":[\"https:\/\/dev6.erresse-shop.it\/fr\/shop\/poeles-pots\/marmites-et-cocottes-poeles-pots\/cookut-cocotte-28-cm-sauge\/\"]}]},{\"@type\":\"ImageObject\",\"inLanguage\":\"fr-FR\",\"@id\":\"https:\/\/dev6.erresse-shop.it\/fr\/shop\/poeles-pots\/marmites-et-cocottes-poeles-pots\/cookut-cocotte-28-cm-sauge\/#primaryimage\",\"url\":\"https:\/\/i3.wp.com\/interpim.erresse-shop.it\/Import\/Prodotti\/cookut-cocotte-28-cm-salvia-1.png?ssl=1\",\"contentUrl\":\"https:\/\/i3.wp.com\/interpim.erresse-shop.it\/Import\/Prodotti\/cookut-cocotte-28-cm-salvia-1.png?ssl=1\"},{\"@type\":\"BreadcrumbList\",\"@id\":\"https:\/\/dev6.erresse-shop.it\/fr\/shop\/poeles-pots\/marmites-et-cocottes-poeles-pots\/cookut-cocotte-28-cm-sauge\/#breadcrumb\",\"itemListElement\":[{\"@type\":\"ListItem\",\"position\":1,\"name\":\"Home\",\"item\":\"https:\/\/dev6.erresse-shop.it\/\"},{\"@type\":\"ListItem\",\"position\":2,\"name\":\"Boutique\",\"item\":\"https:\/\/dev6.erresse-shop.it\/shop\/\"},{\"@type\":\"ListItem\",\"position\":3,\"name\":\"COOKUT Cocotte 28 cm Sauge\"}]},{\"@type\":\"WebSite\",\"@id\":\"https:\/\/dev6.erresse-shop.it\/#website\",\"url\":\"https:\/\/dev6.erresse-shop.it\/\",\"name\":\"Erresse Shop\",\"description\":\"\",\"publisher\":{\"@id\":\"https:\/\/dev6.erresse-shop.it\/#organization\"},\"potentialAction\":[{\"@type\":\"SearchAction\",\"target\":{\"@type\":\"EntryPoint\",\"urlTemplate\":\"https:\/\/dev6.erresse-shop.it\/?s={search_term_string}\"},\"query-input\":{\"@type\":\"PropertyValueSpecification\",\"valueRequired\":true,\"valueName\":\"search_term_string\"}}],\"inLanguage\":\"fr-FR\"},{\"@type\":\"Organization\",\"@id\":\"https:\/\/dev6.erresse-shop.it\/#organization\",\"name\":\"Erresse Shop\",\"url\":\"https:\/\/dev6.erresse-shop.it\/\",\"logo\":{\"@type\":\"ImageObject\",\"inLanguage\":\"fr-FR\",\"@id\":\"https:\/\/dev6.erresse-shop.it\/#\/schema\/logo\/image\/\",\"url\":\"https:\/\/dev6.erresse-shop.it\/wp-content\/uploads\/2025\/01\/LOGO-ERRESSE-CLASSICO.svg\",\"contentUrl\":\"https:\/\/dev6.erresse-shop.it\/wp-content\/uploads\/2025\/01\/LOGO-ERRESSE-CLASSICO.svg\",\"caption\":\"Erresse Shop\"},\"image\":{\"@id\":\"https:\/\/dev6.erresse-shop.it\/#\/schema\/logo\/image\/\"}}]}<\/script>\n<!-- \/ Yoast SEO plugin. -->","yoast_head_json":{"title":"COOKUT Cocotte 28 cm Sauge - dev6 Erresse","description":"Le paquet comprend le bouton et deux maniques de couleur assortie (les accessoires sur la photo sont fournis \u00e0 titre d\u2019illustration, ils peuvent varier en","robots":{"index":"noindex","follow":"follow","max-snippet":"max-snippet:-1","max-image-preview":"max-image-preview:large","max-video-preview":"max-video-preview:-1"},"og_locale":"fr_FR","og_type":"article","og_title":"COOKUT Cocotte 28 cm Sauge - dev6 Erresse","og_description":"Le paquet comprend le bouton et deux maniques de couleur assortie (les accessoires sur la photo sont fournis \u00e0 titre d\u2019illustration, ils peuvent varier en","og_url":"https:\/\/dev6.erresse-shop.it\/fr\/shop\/poeles-pots\/marmites-et-cocottes-poeles-pots\/cookut-cocotte-28-cm-sauge\/","og_site_name":"dev6 Erresse","og_image":[{"url":"https:\/\/interpim.erresse-shop.it\/Import\/Prodotti\/cookut-cocotte-28-cm-salvia-1.png","type":"","width":"","height":""},{"url":"https:\/\/interpim.erresse-shop.it\/Import\/Prodotti\/cookut-cocotte-28-cm-salvia-1.png","width":1024,"height":1024,"type":"image\/jpeg"}],"twitter_card":"summary_large_image","twitter_image":"https:\/\/interpim.erresse-shop.it\/Import\/Prodotti\/cookut-cocotte-28-cm-salvia-1.png","schema":{"@context":"https:\/\/schema.org","@graph":[{"@type":"WebPage","@id":"https:\/\/dev6.erresse-shop.it\/fr\/shop\/poeles-pots\/marmites-et-cocottes-poeles-pots\/cookut-cocotte-28-cm-sauge\/","url":"https:\/\/dev6.erresse-shop.it\/fr\/shop\/poeles-pots\/marmites-et-cocottes-poeles-pots\/cookut-cocotte-28-cm-sauge\/","name":"COOKUT Cocotte 28 cm Sauge - dev6 Erresse","isPartOf":{"@id":"https:\/\/dev6.erresse-shop.it\/#website"},"primaryImageOfPage":{"@id":"https:\/\/dev6.erresse-shop.it\/fr\/shop\/poeles-pots\/marmites-et-cocottes-poeles-pots\/cookut-cocotte-28-cm-sauge\/#primaryimage"},"image":{"@id":"https:\/\/dev6.erresse-shop.it\/fr\/shop\/poeles-pots\/marmites-et-cocottes-poeles-pots\/cookut-cocotte-28-cm-sauge\/#primaryimage"},"thumbnailUrl":"https:\/\/i3.wp.com\/interpim.erresse-shop.it\/Import\/Prodotti\/cookut-cocotte-28-cm-salvia-1.png?ssl=1","datePublished":"2026-04-04T08:47:19+00:00","description":"Le paquet comprend le bouton et deux maniques de couleur assortie (les accessoires sur la photo sont fournis \u00e0 titre d\u2019illustration, ils peuvent varier en","breadcrumb":{"@id":"https:\/\/dev6.erresse-shop.it\/fr\/shop\/poeles-pots\/marmites-et-cocottes-poeles-pots\/cookut-cocotte-28-cm-sauge\/#breadcrumb"},"inLanguage":"fr-FR","potentialAction":[{"@type":"ReadAction","target":["https:\/\/dev6.erresse-shop.it\/fr\/shop\/poeles-pots\/marmites-et-cocottes-poeles-pots\/cookut-cocotte-28-cm-sauge\/"]}]},{"@type":"ImageObject","inLanguage":"fr-FR","@id":"https:\/\/dev6.erresse-shop.it\/fr\/shop\/poeles-pots\/marmites-et-cocottes-poeles-pots\/cookut-cocotte-28-cm-sauge\/#primaryimage","url":"https:\/\/i3.wp.com\/interpim.erresse-shop.it\/Import\/Prodotti\/cookut-cocotte-28-cm-salvia-1.png?ssl=1","contentUrl":"https:\/\/i3.wp.com\/interpim.erresse-shop.it\/Import\/Prodotti\/cookut-cocotte-28-cm-salvia-1.png?ssl=1"},{"@type":"BreadcrumbList","@id":"https:\/\/dev6.erresse-shop.it\/fr\/shop\/poeles-pots\/marmites-et-cocottes-poeles-pots\/cookut-cocotte-28-cm-sauge\/#breadcrumb","itemListElement":[{"@type":"ListItem","position":1,"name":"Home","item":"https:\/\/dev6.erresse-shop.it\/"},{"@type":"ListItem","position":2,"name":"Boutique","item":"https:\/\/dev6.erresse-shop.it\/shop\/"},{"@type":"ListItem","position":3,"name":"COOKUT Cocotte 28 cm Sauge"}]},{"@type":"WebSite","@id":"https:\/\/dev6.erresse-shop.it\/#website","url":"https:\/\/dev6.erresse-shop.it\/","name":"Erresse Shop","description":"","publisher":{"@id":"https:\/\/dev6.erresse-shop.it\/#organization"},"potentialAction":[{"@type":"SearchAction","target":{"@type":"EntryPoint","urlTemplate":"https:\/\/dev6.erresse-shop.it\/?s={search_term_string}"},"query-input":{"@type":"PropertyValueSpecification","valueRequired":true,"valueName":"search_term_string"}}],"inLanguage":"fr-FR"},{"@type":"Organization","@id":"https:\/\/dev6.erresse-shop.it\/#organization","name":"Erresse Shop","url":"https:\/\/dev6.erresse-shop.it\/","logo":{"@type":"ImageObject","inLanguage":"fr-FR","@id":"https:\/\/dev6.erresse-shop.it\/#\/schema\/logo\/image\/","url":"https:\/\/dev6.erresse-shop.it\/wp-content\/uploads\/2025\/01\/LOGO-ERRESSE-CLASSICO.svg","contentUrl":"https:\/\/dev6.erresse-shop.it\/wp-content\/uploads\/2025\/01\/LOGO-ERRESSE-CLASSICO.svg","caption":"Erresse Shop"},"image":{"@id":"https:\/\/dev6.erresse-shop.it\/#\/schema\/logo\/image\/"}}]}},"df_price":129,"df_sale_price":129,"df_regular_price":159.9,"df_image_link":"https:\/\/i3.wp.com\/interpim.erresse-shop.it\/Import\/Prodotti\/cookut-cocotte-28-cm-salvia-1.png?resize=300,300&ssl=1","fifu_image_url":"https:\/\/interpim.erresse-shop.it\/Import\/Prodotti\/cookut-cocotte-28-cm-salvia-1.png","_links":{"self":[{"href":"https:\/\/dev6.erresse-shop.it\/fr\/wp-json\/wp\/v2\/product\/63816","targetHints":{"allow":["GET"]}}],"collection":[{"href":"https:\/\/dev6.erresse-shop.it\/fr\/wp-json\/wp\/v2\/product"}],"about":[{"href":"https:\/\/dev6.erresse-shop.it\/fr\/wp-json\/wp\/v2\/types\/product"}],"wp:featuredmedia":[{"embeddable":true,"href":"https:\/\/dev6.erresse-shop.it\/fr\/wp-json\/wp\/v2\/media\/6284217"}],"wp:attachment":[{"href":"https:\/\/dev6.erresse-shop.it\/fr\/wp-json\/wp\/v2\/media?parent=63816"}],"wp:term":[{"taxonomy":"product_cat","embeddable":true,"href":"https:\/\/dev6.erresse-shop.it\/fr\/wp-json\/wp\/v2\/product_cat?post=63816"},{"taxonomy":"product_tag","embeddable":true,"href":"https:\/\/dev6.erresse-shop.it\/fr\/wp-json\/wp\/v2\/product_tag?post=63816"}],"curies":[{"name":"wp","href":"https:\/\/api.w.org\/{rel}","templated":true}]}}