{"id":63778,"date":"2026-04-12T10:49:56","date_gmt":"2026-04-12T08:49:56","guid":{"rendered":"https:\/\/dev6.erresse-shop.it\/shop\/non%20class\u00e9\/victorinox-couteau-de-cuisine-swiss-classic-19-cm\/"},"modified":"2025-09-14T05:26:19","modified_gmt":"2025-09-14T03:26:19","slug":"victorinox-couteau-de-cuisine-swiss-classic-19-cm","status":"publish","type":"product","link":"https:\/\/dev6.erresse-shop.it\/fr\/shop\/cuisine\/couteaux\/couteaux-de-cuisine\/victorinox-couteau-de-cuisine-swiss-classic-19-cm\/","title":{"rendered":"VICTORINOX Couteau de cuisine Swiss Classic 19 cm"},"content":{"rendered":"<p>Couteau de cuisine Swiss Classic avec manche noir<\/p>\n<p>La collection de couteaux Swiss Classic de Victorinox est con\u00e7ue pour faire face \u00e0 tout ce que vous pouvez faire dans la cuisine, de la plus petite \u00e0 la plus exigeante des t\u00e2ches. Il s\u2019agit de couteaux l\u00e9gers avec des manches color\u00e9s, lavables au lave-vaisselle, 100 % Swiss Made. Dans une collection o\u00f9 la fonctionnalit\u00e9 c\u00f4toie la gaiet\u00e9, les blocs de couteaux utiles et les diff\u00e9rents coffrets cadeaux ne pouvaient pas manquer \u00e0 l\u2019appel.<br \/>\nRien ne manque dans cette collection. La fonctionnalit\u00e9 rencontre la couleur pour un usage quotidien dans la gaiet\u00e9.<\/p>\n<p>\u2013 Manche noir en mati\u00e8re synth\u00e9tique (TPE)<br \/>\n\u2013 Longueur de la lame : 19 cm<br \/>\n\u2013 Fabriqu\u00e9 en Suisse<\/p>\n<p>Longueur de la lame : 19 cm<br \/>\nGarantie \u00e0 vie contre les d\u00e9fauts de fabrication<br \/>\nDimensions 31,5 x 1,7 x 4,8 cm<br \/>\nPoids 92 g<\/p>\n","protected":false},"excerpt":{"rendered":"<p>Couteau de cuisine Swiss Classic avec manche noir La collection de couteaux Swiss Classic de Victorinox est con\u00e7ue pour faire face \u00e0 tout ce que vous pouvez faire dans la cuisine, de la plus petite \u00e0 la plus exigeante des t\u00e2ches. Il s\u2019agit de couteaux l\u00e9gers avec des manches color\u00e9s, lavables au lave-vaisselle, 100 % [&hellip;]<\/p>\n","protected":false},"featured_media":0,"template":"","meta":{"_acf_changed":false},"product_cat":[11997],"product_tag":[],"class_list":{"0":"post-63778","1":"product","2":"type-product","3":"status-publish","5":"product_cat-couteaux-de-cuisine","7":"first","8":"instock","9":"taxable","10":"shipping-taxable","11":"purchasable","12":"product-type-simple","swatches":"rey-swatches","show_selected":"","stretch_labels":"rey-swatches--stretch-labels"},"acf":[],"yoast_head":"<!-- This site is optimized with the Yoast SEO plugin v25.4 - https:\/\/yoast.com\/wordpress\/plugins\/seo\/ -->\n<title>VICTORINOX Couteau de cuisine Swiss Classic 19 cm - dev6 Erresse<\/title>\n<meta name=\"description\" content=\"Couteau de cuisine Swiss Classic avec manche noir La collection de couteaux Swiss Classic de Victorinox est con\u00e7ue pour faire face \u00e0 tout ce que vous\" \/>\n<meta name=\"robots\" content=\"noindex, follow, max-snippet:-1, max-image-preview:large, max-video-preview:-1\" \/>\n<meta property=\"og:locale\" content=\"fr_FR\" \/>\n<meta property=\"og:type\" content=\"article\" \/>\n<meta property=\"og:title\" content=\"VICTORINOX Couteau de cuisine Swiss Classic 19 cm - dev6 Erresse\" \/>\n<meta property=\"og:description\" content=\"Couteau de cuisine Swiss Classic avec manche noir La collection de couteaux Swiss Classic de Victorinox est con\u00e7ue pour faire face \u00e0 tout ce que vous\" \/>\n<meta property=\"og:url\" content=\"https:\/\/dev6.erresse-shop.it\/fr\/shop\/cuisine\/couteaux\/couteaux-de-cuisine\/victorinox-couteau-de-cuisine-swiss-classic-19-cm\/\" \/>\n<meta property=\"og:site_name\" content=\"dev6 Erresse\" \/>\n<meta name=\"twitter:card\" content=\"summary_large_image\" \/>\n<script type=\"application\/ld+json\" class=\"yoast-schema-graph\">{\"@context\":\"https:\/\/schema.org\",\"@graph\":[{\"@type\":\"WebPage\",\"@id\":\"https:\/\/dev6.erresse-shop.it\/fr\/shop\/cuisine\/couteaux\/couteaux-de-cuisine\/victorinox-couteau-de-cuisine-swiss-classic-19-cm\/\",\"url\":\"https:\/\/dev6.erresse-shop.it\/fr\/shop\/cuisine\/couteaux\/couteaux-de-cuisine\/victorinox-couteau-de-cuisine-swiss-classic-19-cm\/\",\"name\":\"VICTORINOX Couteau de cuisine Swiss Classic 19 cm - dev6 Erresse\",\"isPartOf\":{\"@id\":\"https:\/\/dev6.erresse-shop.it\/#website\"},\"datePublished\":\"2026-04-12T08:49:56+00:00\",\"description\":\"Couteau de cuisine Swiss Classic avec manche noir La collection de couteaux Swiss Classic de Victorinox est con\u00e7ue pour faire face \u00e0 tout ce que vous\",\"breadcrumb\":{\"@id\":\"https:\/\/dev6.erresse-shop.it\/fr\/shop\/cuisine\/couteaux\/couteaux-de-cuisine\/victorinox-couteau-de-cuisine-swiss-classic-19-cm\/#breadcrumb\"},\"inLanguage\":\"fr-FR\",\"potentialAction\":[{\"@type\":\"ReadAction\",\"target\":[\"https:\/\/dev6.erresse-shop.it\/fr\/shop\/cuisine\/couteaux\/couteaux-de-cuisine\/victorinox-couteau-de-cuisine-swiss-classic-19-cm\/\"]}]},{\"@type\":\"BreadcrumbList\",\"@id\":\"https:\/\/dev6.erresse-shop.it\/fr\/shop\/cuisine\/couteaux\/couteaux-de-cuisine\/victorinox-couteau-de-cuisine-swiss-classic-19-cm\/#breadcrumb\",\"itemListElement\":[{\"@type\":\"ListItem\",\"position\":1,\"name\":\"Home\",\"item\":\"https:\/\/dev6.erresse-shop.it\/\"},{\"@type\":\"ListItem\",\"position\":2,\"name\":\"Boutique\",\"item\":\"https:\/\/dev6.erresse-shop.it\/shop\/\"},{\"@type\":\"ListItem\",\"position\":3,\"name\":\"VICTORINOX Couteau de cuisine Swiss Classic 19 cm\"}]},{\"@type\":\"WebSite\",\"@id\":\"https:\/\/dev6.erresse-shop.it\/#website\",\"url\":\"https:\/\/dev6.erresse-shop.it\/\",\"name\":\"Erresse Shop\",\"description\":\"\",\"publisher\":{\"@id\":\"https:\/\/dev6.erresse-shop.it\/#organization\"},\"potentialAction\":[{\"@type\":\"SearchAction\",\"target\":{\"@type\":\"EntryPoint\",\"urlTemplate\":\"https:\/\/dev6.erresse-shop.it\/?s={search_term_string}\"},\"query-input\":{\"@type\":\"PropertyValueSpecification\",\"valueRequired\":true,\"valueName\":\"search_term_string\"}}],\"inLanguage\":\"fr-FR\"},{\"@type\":\"Organization\",\"@id\":\"https:\/\/dev6.erresse-shop.it\/#organization\",\"name\":\"Erresse Shop\",\"url\":\"https:\/\/dev6.erresse-shop.it\/\",\"logo\":{\"@type\":\"ImageObject\",\"inLanguage\":\"fr-FR\",\"@id\":\"https:\/\/dev6.erresse-shop.it\/#\/schema\/logo\/image\/\",\"url\":\"https:\/\/dev6.erresse-shop.it\/wp-content\/uploads\/2025\/01\/LOGO-ERRESSE-CLASSICO.svg\",\"contentUrl\":\"https:\/\/dev6.erresse-shop.it\/wp-content\/uploads\/2025\/01\/LOGO-ERRESSE-CLASSICO.svg\",\"caption\":\"Erresse Shop\"},\"image\":{\"@id\":\"https:\/\/dev6.erresse-shop.it\/#\/schema\/logo\/image\/\"}}]}<\/script>\n<!-- \/ Yoast SEO plugin. -->","yoast_head_json":{"title":"VICTORINOX Couteau de cuisine Swiss Classic 19 cm - dev6 Erresse","description":"Couteau de cuisine Swiss Classic avec manche noir La collection de couteaux Swiss Classic de Victorinox est con\u00e7ue pour faire face \u00e0 tout ce que vous","robots":{"index":"noindex","follow":"follow","max-snippet":"max-snippet:-1","max-image-preview":"max-image-preview:large","max-video-preview":"max-video-preview:-1"},"og_locale":"fr_FR","og_type":"article","og_title":"VICTORINOX Couteau de cuisine Swiss Classic 19 cm - dev6 Erresse","og_description":"Couteau de cuisine Swiss Classic avec manche noir La collection de couteaux Swiss Classic de Victorinox est con\u00e7ue pour faire face \u00e0 tout ce que vous","og_url":"https:\/\/dev6.erresse-shop.it\/fr\/shop\/cuisine\/couteaux\/couteaux-de-cuisine\/victorinox-couteau-de-cuisine-swiss-classic-19-cm\/","og_site_name":"dev6 Erresse","twitter_card":"summary_large_image","schema":{"@context":"https:\/\/schema.org","@graph":[{"@type":"WebPage","@id":"https:\/\/dev6.erresse-shop.it\/fr\/shop\/cuisine\/couteaux\/couteaux-de-cuisine\/victorinox-couteau-de-cuisine-swiss-classic-19-cm\/","url":"https:\/\/dev6.erresse-shop.it\/fr\/shop\/cuisine\/couteaux\/couteaux-de-cuisine\/victorinox-couteau-de-cuisine-swiss-classic-19-cm\/","name":"VICTORINOX Couteau de cuisine Swiss Classic 19 cm - dev6 Erresse","isPartOf":{"@id":"https:\/\/dev6.erresse-shop.it\/#website"},"datePublished":"2026-04-12T08:49:56+00:00","description":"Couteau de cuisine Swiss Classic avec manche noir La collection de couteaux Swiss Classic de Victorinox est con\u00e7ue pour faire face \u00e0 tout ce que vous","breadcrumb":{"@id":"https:\/\/dev6.erresse-shop.it\/fr\/shop\/cuisine\/couteaux\/couteaux-de-cuisine\/victorinox-couteau-de-cuisine-swiss-classic-19-cm\/#breadcrumb"},"inLanguage":"fr-FR","potentialAction":[{"@type":"ReadAction","target":["https:\/\/dev6.erresse-shop.it\/fr\/shop\/cuisine\/couteaux\/couteaux-de-cuisine\/victorinox-couteau-de-cuisine-swiss-classic-19-cm\/"]}]},{"@type":"BreadcrumbList","@id":"https:\/\/dev6.erresse-shop.it\/fr\/shop\/cuisine\/couteaux\/couteaux-de-cuisine\/victorinox-couteau-de-cuisine-swiss-classic-19-cm\/#breadcrumb","itemListElement":[{"@type":"ListItem","position":1,"name":"Home","item":"https:\/\/dev6.erresse-shop.it\/"},{"@type":"ListItem","position":2,"name":"Boutique","item":"https:\/\/dev6.erresse-shop.it\/shop\/"},{"@type":"ListItem","position":3,"name":"VICTORINOX Couteau de cuisine Swiss Classic 19 cm"}]},{"@type":"WebSite","@id":"https:\/\/dev6.erresse-shop.it\/#website","url":"https:\/\/dev6.erresse-shop.it\/","name":"Erresse Shop","description":"","publisher":{"@id":"https:\/\/dev6.erresse-shop.it\/#organization"},"potentialAction":[{"@type":"SearchAction","target":{"@type":"EntryPoint","urlTemplate":"https:\/\/dev6.erresse-shop.it\/?s={search_term_string}"},"query-input":{"@type":"PropertyValueSpecification","valueRequired":true,"valueName":"search_term_string"}}],"inLanguage":"fr-FR"},{"@type":"Organization","@id":"https:\/\/dev6.erresse-shop.it\/#organization","name":"Erresse Shop","url":"https:\/\/dev6.erresse-shop.it\/","logo":{"@type":"ImageObject","inLanguage":"fr-FR","@id":"https:\/\/dev6.erresse-shop.it\/#\/schema\/logo\/image\/","url":"https:\/\/dev6.erresse-shop.it\/wp-content\/uploads\/2025\/01\/LOGO-ERRESSE-CLASSICO.svg","contentUrl":"https:\/\/dev6.erresse-shop.it\/wp-content\/uploads\/2025\/01\/LOGO-ERRESSE-CLASSICO.svg","caption":"Erresse Shop"},"image":{"@id":"https:\/\/dev6.erresse-shop.it\/#\/schema\/logo\/image\/"}}]}},"df_price":34.9,"df_sale_price":"","df_regular_price":34.9,"df_image_link":"https:\/\/dev6.erresse-shop.it\/wp-content\/uploads\/woocommerce-placeholder-300x300.png","_links":{"self":[{"href":"https:\/\/dev6.erresse-shop.it\/fr\/wp-json\/wp\/v2\/product\/63778","targetHints":{"allow":["GET"]}}],"collection":[{"href":"https:\/\/dev6.erresse-shop.it\/fr\/wp-json\/wp\/v2\/product"}],"about":[{"href":"https:\/\/dev6.erresse-shop.it\/fr\/wp-json\/wp\/v2\/types\/product"}],"wp:attachment":[{"href":"https:\/\/dev6.erresse-shop.it\/fr\/wp-json\/wp\/v2\/media?parent=63778"}],"wp:term":[{"taxonomy":"product_cat","embeddable":true,"href":"https:\/\/dev6.erresse-shop.it\/fr\/wp-json\/wp\/v2\/product_cat?post=63778"},{"taxonomy":"product_tag","embeddable":true,"href":"https:\/\/dev6.erresse-shop.it\/fr\/wp-json\/wp\/v2\/product_tag?post=63778"}],"curies":[{"name":"wp","href":"https:\/\/api.w.org\/{rel}","templated":true}]}}