{"id":63776,"date":"2026-04-12T10:49:56","date_gmt":"2026-04-12T08:49:56","guid":{"rendered":"https:\/\/dev6.erresse-shop.it\/shop\/non%20class\u00e9\/bordallo-pinheiro-gudrun-piece-murale-feuille-derable-jaune\/"},"modified":"2026-01-09T02:11:23","modified_gmt":"2026-01-09T01:11:23","slug":"bordallo-pinheiro-gudrun-piece-murale-feuille-derable-jaune","status":"publish","type":"product","link":"https:\/\/dev6.erresse-shop.it\/fr\/shop\/table-fr-2\/plats\/bordallo-pinheiro-gudrun-piece-murale-feuille-derable-jaune\/","title":{"rendered":"BORDALLO PINHEIRO GUDRUN Pi\u00e8ce murale Feuille d&#8217;\u00e9rable Jaune"},"content":{"rendered":"<p>La collection Gudrun by Claudia Schiffer a \u00e9t\u00e9 inspir\u00e9e par l\u2019automne, avec ses feuilles qui tombent et ses glands, et occupe une place particuli\u00e8re dans son c\u0153ur. Dans son enfance, Claudia aimait observer la transformation des couleurs et sauter dans les piles de feuilles m\u00e9ticuleusement ramass\u00e9es par sa m\u00e8re dans leur jardin. En les s\u00e9chant ensuite, ces feuilles cr\u00e9aient de magnifiques \u0153uvres d\u2019art.<\/p>\n<p>\u201cLes c\u00e9ramiques que j\u2019ai fabriqu\u00e9es sont con\u00e7ues pour mes tables en bois du milieu du si\u00e8cle et contribuent \u00e0 impr\u00e9gner ma maison des tons chauds de l\u2019automne. Elles trouvent \u00e9galement leur place dans mes week-ends \u00e0 la campagne, o\u00f9 elles apportent des couleurs douces pr\u00e8s d\u2019un feu cr\u00e9pitant. Je me r\u00e9jouis de la fa\u00e7on dont ces c\u00e9ramiques apportent une touche subtile \u00e0 l\u2019espace de vie, en s\u2019associant magnifiquement aux hortensias verts, un classique de l\u2019automne\u201d. d\u00e9clare Claudia Schiffer \u00e0 propos de cette collection magnifique et originale.<\/p>\n<p>Dimensions : 21 cm x 17,5 cm x 4,8 cm<br \/>\nMat\u00e9riau : terre cuite<\/p>\n","protected":false},"excerpt":{"rendered":"<p>La collection Gudrun by Claudia Schiffer a \u00e9t\u00e9 inspir\u00e9e par l\u2019automne, avec ses feuilles qui tombent et ses glands, et occupe une place particuli\u00e8re dans son c\u0153ur. Dans son enfance, Claudia aimait observer la transformation des couleurs et sauter dans les piles de feuilles m\u00e9ticuleusement ramass\u00e9es par sa m\u00e8re dans leur jardin. En les s\u00e9chant [&hellip;]<\/p>\n","protected":false},"featured_media":6367441,"template":"","meta":{"_acf_changed":false},"product_cat":[11990,12021,11697,12014],"product_tag":[],"class_list":{"0":"post-63776","1":"product","2":"type-product","3":"status-publish","4":"has-post-thumbnail","6":"product_cat-ameublement-maison","7":"product_cat-objets-de-decoration","8":"product_cat-oggettistica","9":"product_cat-plats","11":"first","12":"instock","13":"sale","14":"taxable","15":"shipping-taxable","16":"purchasable","17":"product-type-simple","swatches":"rey-swatches","show_selected":"","stretch_labels":"rey-swatches--stretch-labels"},"acf":[],"yoast_head":"<!-- This site is optimized with the Yoast SEO plugin v25.4 - https:\/\/yoast.com\/wordpress\/plugins\/seo\/ -->\n<title>BORDALLO PINHEIRO GUDRUN Pi\u00e8ce murale Feuille d&#8217;\u00e9rable Jaune - dev6 Erresse<\/title>\n<meta name=\"description\" content=\"La collection Gudrun by Claudia Schiffer a \u00e9t\u00e9 inspir\u00e9e par l\u2019automne, avec ses feuilles qui tombent et ses glands, et occupe une place particuli\u00e8re dans\" \/>\n<meta name=\"robots\" content=\"noindex, follow, max-snippet:-1, max-image-preview:large, max-video-preview:-1\" \/>\n<meta property=\"og:locale\" content=\"fr_FR\" \/>\n<meta property=\"og:type\" content=\"article\" \/>\n<meta property=\"og:title\" content=\"BORDALLO PINHEIRO GUDRUN Pi\u00e8ce murale Feuille d&#8217;\u00e9rable Jaune - dev6 Erresse\" \/>\n<meta property=\"og:description\" content=\"La collection Gudrun by Claudia Schiffer a \u00e9t\u00e9 inspir\u00e9e par l\u2019automne, avec ses feuilles qui tombent et ses glands, et occupe une place particuli\u00e8re dans\" \/>\n<meta property=\"og:url\" content=\"https:\/\/dev6.erresse-shop.it\/fr\/shop\/table-fr-2\/plats\/bordallo-pinheiro-gudrun-piece-murale-feuille-derable-jaune\/\" \/>\n<meta property=\"og:site_name\" content=\"dev6 Erresse\" \/>\n<meta property=\"og:image\" content=\"https:\/\/interpim.erresse-shop.it\/Import\/Prodotti\/bordallo-pinheiro-gudrun-pezzo-da-parete-foglia-acero-giallo.jpg\" \/><meta property=\"og:image\" content=\"https:\/\/interpim.erresse-shop.it\/Import\/Prodotti\/bordallo-pinheiro-gudrun-pezzo-da-parete-foglia-acero-giallo.jpg\" \/>\n\t<meta property=\"og:image:width\" content=\"1024\" \/>\n\t<meta property=\"og:image:height\" content=\"1024\" \/>\n\t<meta property=\"og:image:type\" content=\"image\/jpeg\" \/>\n<meta name=\"twitter:card\" content=\"summary_large_image\" \/>\n<meta name=\"twitter:image\" content=\"https:\/\/interpim.erresse-shop.it\/Import\/Prodotti\/bordallo-pinheiro-gudrun-pezzo-da-parete-foglia-acero-giallo.jpg\" \/>\n<script type=\"application\/ld+json\" class=\"yoast-schema-graph\">{\"@context\":\"https:\/\/schema.org\",\"@graph\":[{\"@type\":\"WebPage\",\"@id\":\"https:\/\/dev6.erresse-shop.it\/fr\/shop\/table-fr-2\/plats\/bordallo-pinheiro-gudrun-piece-murale-feuille-derable-jaune\/\",\"url\":\"https:\/\/dev6.erresse-shop.it\/fr\/shop\/table-fr-2\/plats\/bordallo-pinheiro-gudrun-piece-murale-feuille-derable-jaune\/\",\"name\":\"BORDALLO PINHEIRO GUDRUN Pi\u00e8ce murale Feuille d&#8217;\u00e9rable Jaune - dev6 Erresse\",\"isPartOf\":{\"@id\":\"https:\/\/dev6.erresse-shop.it\/#website\"},\"primaryImageOfPage\":{\"@id\":\"https:\/\/dev6.erresse-shop.it\/fr\/shop\/table-fr-2\/plats\/bordallo-pinheiro-gudrun-piece-murale-feuille-derable-jaune\/#primaryimage\"},\"image\":{\"@id\":\"https:\/\/dev6.erresse-shop.it\/fr\/shop\/table-fr-2\/plats\/bordallo-pinheiro-gudrun-piece-murale-feuille-derable-jaune\/#primaryimage\"},\"thumbnailUrl\":\"https:\/\/i1.wp.com\/interpim.erresse-shop.it\/Import\/Prodotti\/bordallo-pinheiro-gudrun-pezzo-da-parete-foglia-acero-giallo.jpg?ssl=1\",\"datePublished\":\"2026-04-12T08:49:56+00:00\",\"description\":\"La collection Gudrun by Claudia Schiffer a \u00e9t\u00e9 inspir\u00e9e par l\u2019automne, avec ses feuilles qui tombent et ses glands, et occupe une place particuli\u00e8re dans\",\"breadcrumb\":{\"@id\":\"https:\/\/dev6.erresse-shop.it\/fr\/shop\/table-fr-2\/plats\/bordallo-pinheiro-gudrun-piece-murale-feuille-derable-jaune\/#breadcrumb\"},\"inLanguage\":\"fr-FR\",\"potentialAction\":[{\"@type\":\"ReadAction\",\"target\":[\"https:\/\/dev6.erresse-shop.it\/fr\/shop\/table-fr-2\/plats\/bordallo-pinheiro-gudrun-piece-murale-feuille-derable-jaune\/\"]}]},{\"@type\":\"ImageObject\",\"inLanguage\":\"fr-FR\",\"@id\":\"https:\/\/dev6.erresse-shop.it\/fr\/shop\/table-fr-2\/plats\/bordallo-pinheiro-gudrun-piece-murale-feuille-derable-jaune\/#primaryimage\",\"url\":\"https:\/\/i1.wp.com\/interpim.erresse-shop.it\/Import\/Prodotti\/bordallo-pinheiro-gudrun-pezzo-da-parete-foglia-acero-giallo.jpg?ssl=1\",\"contentUrl\":\"https:\/\/i1.wp.com\/interpim.erresse-shop.it\/Import\/Prodotti\/bordallo-pinheiro-gudrun-pezzo-da-parete-foglia-acero-giallo.jpg?ssl=1\"},{\"@type\":\"BreadcrumbList\",\"@id\":\"https:\/\/dev6.erresse-shop.it\/fr\/shop\/table-fr-2\/plats\/bordallo-pinheiro-gudrun-piece-murale-feuille-derable-jaune\/#breadcrumb\",\"itemListElement\":[{\"@type\":\"ListItem\",\"position\":1,\"name\":\"Home\",\"item\":\"https:\/\/dev6.erresse-shop.it\/\"},{\"@type\":\"ListItem\",\"position\":2,\"name\":\"Boutique\",\"item\":\"https:\/\/dev6.erresse-shop.it\/shop\/\"},{\"@type\":\"ListItem\",\"position\":3,\"name\":\"BORDALLO PINHEIRO GUDRUN Pi\u00e8ce murale Feuille d&#8217;\u00e9rable Jaune\"}]},{\"@type\":\"WebSite\",\"@id\":\"https:\/\/dev6.erresse-shop.it\/#website\",\"url\":\"https:\/\/dev6.erresse-shop.it\/\",\"name\":\"Erresse Shop\",\"description\":\"\",\"publisher\":{\"@id\":\"https:\/\/dev6.erresse-shop.it\/#organization\"},\"potentialAction\":[{\"@type\":\"SearchAction\",\"target\":{\"@type\":\"EntryPoint\",\"urlTemplate\":\"https:\/\/dev6.erresse-shop.it\/?s={search_term_string}\"},\"query-input\":{\"@type\":\"PropertyValueSpecification\",\"valueRequired\":true,\"valueName\":\"search_term_string\"}}],\"inLanguage\":\"fr-FR\"},{\"@type\":\"Organization\",\"@id\":\"https:\/\/dev6.erresse-shop.it\/#organization\",\"name\":\"Erresse Shop\",\"url\":\"https:\/\/dev6.erresse-shop.it\/\",\"logo\":{\"@type\":\"ImageObject\",\"inLanguage\":\"fr-FR\",\"@id\":\"https:\/\/dev6.erresse-shop.it\/#\/schema\/logo\/image\/\",\"url\":\"https:\/\/dev6.erresse-shop.it\/wp-content\/uploads\/2025\/01\/LOGO-ERRESSE-CLASSICO.svg\",\"contentUrl\":\"https:\/\/dev6.erresse-shop.it\/wp-content\/uploads\/2025\/01\/LOGO-ERRESSE-CLASSICO.svg\",\"caption\":\"Erresse Shop\"},\"image\":{\"@id\":\"https:\/\/dev6.erresse-shop.it\/#\/schema\/logo\/image\/\"}}]}<\/script>\n<!-- \/ Yoast SEO plugin. -->","yoast_head_json":{"title":"BORDALLO PINHEIRO GUDRUN Pi\u00e8ce murale Feuille d&#8217;\u00e9rable Jaune - dev6 Erresse","description":"La collection Gudrun by Claudia Schiffer a \u00e9t\u00e9 inspir\u00e9e par l\u2019automne, avec ses feuilles qui tombent et ses glands, et occupe une place particuli\u00e8re dans","robots":{"index":"noindex","follow":"follow","max-snippet":"max-snippet:-1","max-image-preview":"max-image-preview:large","max-video-preview":"max-video-preview:-1"},"og_locale":"fr_FR","og_type":"article","og_title":"BORDALLO PINHEIRO GUDRUN Pi\u00e8ce murale Feuille d&#8217;\u00e9rable Jaune - dev6 Erresse","og_description":"La collection Gudrun by Claudia Schiffer a \u00e9t\u00e9 inspir\u00e9e par l\u2019automne, avec ses feuilles qui tombent et ses glands, et occupe une place particuli\u00e8re dans","og_url":"https:\/\/dev6.erresse-shop.it\/fr\/shop\/table-fr-2\/plats\/bordallo-pinheiro-gudrun-piece-murale-feuille-derable-jaune\/","og_site_name":"dev6 Erresse","og_image":[{"url":"https:\/\/interpim.erresse-shop.it\/Import\/Prodotti\/bordallo-pinheiro-gudrun-pezzo-da-parete-foglia-acero-giallo.jpg","type":"","width":"","height":""},{"url":"https:\/\/interpim.erresse-shop.it\/Import\/Prodotti\/bordallo-pinheiro-gudrun-pezzo-da-parete-foglia-acero-giallo.jpg","width":1024,"height":1024,"type":"image\/jpeg"}],"twitter_card":"summary_large_image","twitter_image":"https:\/\/interpim.erresse-shop.it\/Import\/Prodotti\/bordallo-pinheiro-gudrun-pezzo-da-parete-foglia-acero-giallo.jpg","schema":{"@context":"https:\/\/schema.org","@graph":[{"@type":"WebPage","@id":"https:\/\/dev6.erresse-shop.it\/fr\/shop\/table-fr-2\/plats\/bordallo-pinheiro-gudrun-piece-murale-feuille-derable-jaune\/","url":"https:\/\/dev6.erresse-shop.it\/fr\/shop\/table-fr-2\/plats\/bordallo-pinheiro-gudrun-piece-murale-feuille-derable-jaune\/","name":"BORDALLO PINHEIRO GUDRUN Pi\u00e8ce murale Feuille d&#8217;\u00e9rable Jaune - dev6 Erresse","isPartOf":{"@id":"https:\/\/dev6.erresse-shop.it\/#website"},"primaryImageOfPage":{"@id":"https:\/\/dev6.erresse-shop.it\/fr\/shop\/table-fr-2\/plats\/bordallo-pinheiro-gudrun-piece-murale-feuille-derable-jaune\/#primaryimage"},"image":{"@id":"https:\/\/dev6.erresse-shop.it\/fr\/shop\/table-fr-2\/plats\/bordallo-pinheiro-gudrun-piece-murale-feuille-derable-jaune\/#primaryimage"},"thumbnailUrl":"https:\/\/i1.wp.com\/interpim.erresse-shop.it\/Import\/Prodotti\/bordallo-pinheiro-gudrun-pezzo-da-parete-foglia-acero-giallo.jpg?ssl=1","datePublished":"2026-04-12T08:49:56+00:00","description":"La collection Gudrun by Claudia Schiffer a \u00e9t\u00e9 inspir\u00e9e par l\u2019automne, avec ses feuilles qui tombent et ses glands, et occupe une place particuli\u00e8re dans","breadcrumb":{"@id":"https:\/\/dev6.erresse-shop.it\/fr\/shop\/table-fr-2\/plats\/bordallo-pinheiro-gudrun-piece-murale-feuille-derable-jaune\/#breadcrumb"},"inLanguage":"fr-FR","potentialAction":[{"@type":"ReadAction","target":["https:\/\/dev6.erresse-shop.it\/fr\/shop\/table-fr-2\/plats\/bordallo-pinheiro-gudrun-piece-murale-feuille-derable-jaune\/"]}]},{"@type":"ImageObject","inLanguage":"fr-FR","@id":"https:\/\/dev6.erresse-shop.it\/fr\/shop\/table-fr-2\/plats\/bordallo-pinheiro-gudrun-piece-murale-feuille-derable-jaune\/#primaryimage","url":"https:\/\/i1.wp.com\/interpim.erresse-shop.it\/Import\/Prodotti\/bordallo-pinheiro-gudrun-pezzo-da-parete-foglia-acero-giallo.jpg?ssl=1","contentUrl":"https:\/\/i1.wp.com\/interpim.erresse-shop.it\/Import\/Prodotti\/bordallo-pinheiro-gudrun-pezzo-da-parete-foglia-acero-giallo.jpg?ssl=1"},{"@type":"BreadcrumbList","@id":"https:\/\/dev6.erresse-shop.it\/fr\/shop\/table-fr-2\/plats\/bordallo-pinheiro-gudrun-piece-murale-feuille-derable-jaune\/#breadcrumb","itemListElement":[{"@type":"ListItem","position":1,"name":"Home","item":"https:\/\/dev6.erresse-shop.it\/"},{"@type":"ListItem","position":2,"name":"Boutique","item":"https:\/\/dev6.erresse-shop.it\/shop\/"},{"@type":"ListItem","position":3,"name":"BORDALLO PINHEIRO GUDRUN Pi\u00e8ce murale Feuille d&#8217;\u00e9rable Jaune"}]},{"@type":"WebSite","@id":"https:\/\/dev6.erresse-shop.it\/#website","url":"https:\/\/dev6.erresse-shop.it\/","name":"Erresse Shop","description":"","publisher":{"@id":"https:\/\/dev6.erresse-shop.it\/#organization"},"potentialAction":[{"@type":"SearchAction","target":{"@type":"EntryPoint","urlTemplate":"https:\/\/dev6.erresse-shop.it\/?s={search_term_string}"},"query-input":{"@type":"PropertyValueSpecification","valueRequired":true,"valueName":"search_term_string"}}],"inLanguage":"fr-FR"},{"@type":"Organization","@id":"https:\/\/dev6.erresse-shop.it\/#organization","name":"Erresse Shop","url":"https:\/\/dev6.erresse-shop.it\/","logo":{"@type":"ImageObject","inLanguage":"fr-FR","@id":"https:\/\/dev6.erresse-shop.it\/#\/schema\/logo\/image\/","url":"https:\/\/dev6.erresse-shop.it\/wp-content\/uploads\/2025\/01\/LOGO-ERRESSE-CLASSICO.svg","contentUrl":"https:\/\/dev6.erresse-shop.it\/wp-content\/uploads\/2025\/01\/LOGO-ERRESSE-CLASSICO.svg","caption":"Erresse Shop"},"image":{"@id":"https:\/\/dev6.erresse-shop.it\/#\/schema\/logo\/image\/"}}]}},"df_price":46,"df_sale_price":46,"df_regular_price":48,"df_image_link":"https:\/\/i1.wp.com\/interpim.erresse-shop.it\/Import\/Prodotti\/bordallo-pinheiro-gudrun-pezzo-da-parete-foglia-acero-giallo.jpg?resize=300,300&ssl=1","fifu_image_url":"https:\/\/interpim.erresse-shop.it\/Import\/Prodotti\/bordallo-pinheiro-gudrun-pezzo-da-parete-foglia-acero-giallo.jpg","_links":{"self":[{"href":"https:\/\/dev6.erresse-shop.it\/fr\/wp-json\/wp\/v2\/product\/63776","targetHints":{"allow":["GET"]}}],"collection":[{"href":"https:\/\/dev6.erresse-shop.it\/fr\/wp-json\/wp\/v2\/product"}],"about":[{"href":"https:\/\/dev6.erresse-shop.it\/fr\/wp-json\/wp\/v2\/types\/product"}],"wp:featuredmedia":[{"embeddable":true,"href":"https:\/\/dev6.erresse-shop.it\/fr\/wp-json\/wp\/v2\/media\/6367441"}],"wp:attachment":[{"href":"https:\/\/dev6.erresse-shop.it\/fr\/wp-json\/wp\/v2\/media?parent=63776"}],"wp:term":[{"taxonomy":"product_cat","embeddable":true,"href":"https:\/\/dev6.erresse-shop.it\/fr\/wp-json\/wp\/v2\/product_cat?post=63776"},{"taxonomy":"product_tag","embeddable":true,"href":"https:\/\/dev6.erresse-shop.it\/fr\/wp-json\/wp\/v2\/product_tag?post=63776"}],"curies":[{"name":"wp","href":"https:\/\/api.w.org\/{rel}","templated":true}]}}