{"id":63744,"date":"2026-04-10T11:26:28","date_gmt":"2026-04-10T09:26:28","guid":{"rendered":"https:\/\/dev6.erresse-shop.it\/shop\/non%20class\u00e9\/ninja-multicooker-12-en-1-smartlid-7-5-l\/"},"modified":"2025-07-04T17:51:46","modified_gmt":"2025-07-04T15:51:46","slug":"ninja-multicooker-12-en-1-smartlid-7-5-l","status":"publish","type":"product","link":"https:\/\/dev6.erresse-shop.it\/fr\/shop\/petits-electromenagers\/robots-de-cuisine\/ninja-multicooker-12-en-1-smartlid-7-5-l\/","title":{"rendered":"NINJA Multicooker 12 en 1 SmartLid 7.5 L"},"content":{"rendered":"<p>Pr\u00e9sentation de la nouvelle g\u00e9n\u00e9ration de multicuiseurs Ninja, offrant des fa\u00e7ons encore plus excitantes de cuisiner vos plats pr\u00e9f\u00e9r\u00e9s.<\/p>\n<p>12 fonctions de cuisson sous un seul SmartLid. Basculez entre 3 modes : cuisson sous pression, friture \u00e0 air et mode Combi-Steam, combinant la cuisson vapeur et la cuisson par convection pour pr\u00e9parer rapidement des plats avec une d\u00e9licieuse cro\u00fbte. Pr\u00e9parez les repas de famille en moins d\u2019une demi-heure.<\/p>\n<p>Cuisson sous pression jusqu\u2019\u00e0 70 % plus rapide que les m\u00e9thodes de cuisson traditionnelles*.<\/p>\n<p>Aliments frits \u00e0 l\u2019air en utilisant peu ou pas d\u2019huile pour ne pas vous sentir coupable !<\/p>\n<p>La taille est id\u00e9ale pour 8 personnes : vous pourrez cuire et faire dorer un poulet entier de 3 kg.<\/p>\n","protected":false},"excerpt":{"rendered":"<p>Pr\u00e9sentation de la nouvelle g\u00e9n\u00e9ration de multicuiseurs Ninja, offrant des fa\u00e7ons encore plus excitantes de cuisiner vos plats pr\u00e9f\u00e9r\u00e9s. 12 fonctions de cuisson sous un seul SmartLid. Basculez entre 3 modes : cuisson sous pression, friture \u00e0 air et mode Combi-Steam, combinant la cuisson vapeur et la cuisson par convection pour pr\u00e9parer rapidement des plats [&hellip;]<\/p>\n","protected":false},"featured_media":6325732,"template":"","meta":{"_acf_changed":false},"product_cat":[12086,12055,12066],"product_tag":[],"class_list":{"0":"post-63744","1":"product","2":"type-product","3":"status-publish","4":"has-post-thumbnail","6":"product_cat-friteuses-a-air","7":"product_cat-petits-electromenagers","8":"product_cat-robots-de-cuisine","10":"first","11":"instock","12":"taxable","13":"shipping-taxable","14":"purchasable","15":"product-type-simple","swatches":"rey-swatches","show_selected":"","stretch_labels":"rey-swatches--stretch-labels"},"acf":[],"yoast_head":"<!-- This site is optimized with the Yoast SEO plugin v25.4 - https:\/\/yoast.com\/wordpress\/plugins\/seo\/ -->\n<title>NINJA Multicooker 12 en 1 SmartLid 7.5 L - dev6 Erresse<\/title>\n<meta name=\"description\" content=\"Pr\u00e9sentation de la nouvelle g\u00e9n\u00e9ration de multicuiseurs Ninja, offrant des fa\u00e7ons encore plus excitantes de cuisiner vos plats pr\u00e9f\u00e9r\u00e9s. 12 fonctions de\" \/>\n<meta name=\"robots\" content=\"noindex, follow, max-snippet:-1, max-image-preview:large, max-video-preview:-1\" \/>\n<meta property=\"og:locale\" content=\"fr_FR\" \/>\n<meta property=\"og:type\" content=\"article\" \/>\n<meta property=\"og:title\" content=\"NINJA Multicooker 12 en 1 SmartLid 7.5 L - dev6 Erresse\" \/>\n<meta property=\"og:description\" content=\"Pr\u00e9sentation de la nouvelle g\u00e9n\u00e9ration de multicuiseurs Ninja, offrant des fa\u00e7ons encore plus excitantes de cuisiner vos plats pr\u00e9f\u00e9r\u00e9s. 12 fonctions de\" \/>\n<meta property=\"og:url\" content=\"https:\/\/dev6.erresse-shop.it\/fr\/shop\/petits-electromenagers\/robots-de-cuisine\/ninja-multicooker-12-en-1-smartlid-7-5-l\/\" \/>\n<meta property=\"og:site_name\" content=\"dev6 Erresse\" \/>\n<meta property=\"og:image\" content=\"https:\/\/interpim.erresse-shop.it\/Import\/Prodotti\/ninja-multicooker-12-in-1-smartlid-75-l.jpg\" \/><meta property=\"og:image\" content=\"https:\/\/interpim.erresse-shop.it\/Import\/Prodotti\/ninja-multicooker-12-in-1-smartlid-75-l.jpg\" \/>\n\t<meta property=\"og:image:width\" content=\"1024\" \/>\n\t<meta property=\"og:image:height\" content=\"1024\" \/>\n\t<meta property=\"og:image:type\" content=\"image\/jpeg\" \/>\n<meta name=\"twitter:card\" content=\"summary_large_image\" \/>\n<meta name=\"twitter:image\" content=\"https:\/\/interpim.erresse-shop.it\/Import\/Prodotti\/ninja-multicooker-12-in-1-smartlid-75-l.jpg\" \/>\n<script type=\"application\/ld+json\" class=\"yoast-schema-graph\">{\"@context\":\"https:\/\/schema.org\",\"@graph\":[{\"@type\":\"WebPage\",\"@id\":\"https:\/\/dev6.erresse-shop.it\/fr\/shop\/petits-electromenagers\/robots-de-cuisine\/ninja-multicooker-12-en-1-smartlid-7-5-l\/\",\"url\":\"https:\/\/dev6.erresse-shop.it\/fr\/shop\/petits-electromenagers\/robots-de-cuisine\/ninja-multicooker-12-en-1-smartlid-7-5-l\/\",\"name\":\"NINJA Multicooker 12 en 1 SmartLid 7.5 L - dev6 Erresse\",\"isPartOf\":{\"@id\":\"https:\/\/dev6.erresse-shop.it\/#website\"},\"primaryImageOfPage\":{\"@id\":\"https:\/\/dev6.erresse-shop.it\/fr\/shop\/petits-electromenagers\/robots-de-cuisine\/ninja-multicooker-12-en-1-smartlid-7-5-l\/#primaryimage\"},\"image\":{\"@id\":\"https:\/\/dev6.erresse-shop.it\/fr\/shop\/petits-electromenagers\/robots-de-cuisine\/ninja-multicooker-12-en-1-smartlid-7-5-l\/#primaryimage\"},\"thumbnailUrl\":\"https:\/\/i3.wp.com\/interpim.erresse-shop.it\/Import\/Prodotti\/ninja-multicooker-12-in-1-smartlid-75-l.jpg?ssl=1\",\"datePublished\":\"2026-04-10T09:26:28+00:00\",\"description\":\"Pr\u00e9sentation de la nouvelle g\u00e9n\u00e9ration de multicuiseurs Ninja, offrant des fa\u00e7ons encore plus excitantes de cuisiner vos plats pr\u00e9f\u00e9r\u00e9s. 12 fonctions de\",\"breadcrumb\":{\"@id\":\"https:\/\/dev6.erresse-shop.it\/fr\/shop\/petits-electromenagers\/robots-de-cuisine\/ninja-multicooker-12-en-1-smartlid-7-5-l\/#breadcrumb\"},\"inLanguage\":\"fr-FR\",\"potentialAction\":[{\"@type\":\"ReadAction\",\"target\":[\"https:\/\/dev6.erresse-shop.it\/fr\/shop\/petits-electromenagers\/robots-de-cuisine\/ninja-multicooker-12-en-1-smartlid-7-5-l\/\"]}]},{\"@type\":\"ImageObject\",\"inLanguage\":\"fr-FR\",\"@id\":\"https:\/\/dev6.erresse-shop.it\/fr\/shop\/petits-electromenagers\/robots-de-cuisine\/ninja-multicooker-12-en-1-smartlid-7-5-l\/#primaryimage\",\"url\":\"https:\/\/i3.wp.com\/interpim.erresse-shop.it\/Import\/Prodotti\/ninja-multicooker-12-in-1-smartlid-75-l.jpg?ssl=1\",\"contentUrl\":\"https:\/\/i3.wp.com\/interpim.erresse-shop.it\/Import\/Prodotti\/ninja-multicooker-12-in-1-smartlid-75-l.jpg?ssl=1\"},{\"@type\":\"BreadcrumbList\",\"@id\":\"https:\/\/dev6.erresse-shop.it\/fr\/shop\/petits-electromenagers\/robots-de-cuisine\/ninja-multicooker-12-en-1-smartlid-7-5-l\/#breadcrumb\",\"itemListElement\":[{\"@type\":\"ListItem\",\"position\":1,\"name\":\"Home\",\"item\":\"https:\/\/dev6.erresse-shop.it\/\"},{\"@type\":\"ListItem\",\"position\":2,\"name\":\"Boutique\",\"item\":\"https:\/\/dev6.erresse-shop.it\/shop\/\"},{\"@type\":\"ListItem\",\"position\":3,\"name\":\"NINJA Multicooker 12 en 1 SmartLid 7.5 L\"}]},{\"@type\":\"WebSite\",\"@id\":\"https:\/\/dev6.erresse-shop.it\/#website\",\"url\":\"https:\/\/dev6.erresse-shop.it\/\",\"name\":\"Erresse Shop\",\"description\":\"\",\"publisher\":{\"@id\":\"https:\/\/dev6.erresse-shop.it\/#organization\"},\"potentialAction\":[{\"@type\":\"SearchAction\",\"target\":{\"@type\":\"EntryPoint\",\"urlTemplate\":\"https:\/\/dev6.erresse-shop.it\/?s={search_term_string}\"},\"query-input\":{\"@type\":\"PropertyValueSpecification\",\"valueRequired\":true,\"valueName\":\"search_term_string\"}}],\"inLanguage\":\"fr-FR\"},{\"@type\":\"Organization\",\"@id\":\"https:\/\/dev6.erresse-shop.it\/#organization\",\"name\":\"Erresse Shop\",\"url\":\"https:\/\/dev6.erresse-shop.it\/\",\"logo\":{\"@type\":\"ImageObject\",\"inLanguage\":\"fr-FR\",\"@id\":\"https:\/\/dev6.erresse-shop.it\/#\/schema\/logo\/image\/\",\"url\":\"https:\/\/dev6.erresse-shop.it\/wp-content\/uploads\/2025\/01\/LOGO-ERRESSE-CLASSICO.svg\",\"contentUrl\":\"https:\/\/dev6.erresse-shop.it\/wp-content\/uploads\/2025\/01\/LOGO-ERRESSE-CLASSICO.svg\",\"caption\":\"Erresse Shop\"},\"image\":{\"@id\":\"https:\/\/dev6.erresse-shop.it\/#\/schema\/logo\/image\/\"}}]}<\/script>\n<!-- \/ Yoast SEO plugin. -->","yoast_head_json":{"title":"NINJA Multicooker 12 en 1 SmartLid 7.5 L - dev6 Erresse","description":"Pr\u00e9sentation de la nouvelle g\u00e9n\u00e9ration de multicuiseurs Ninja, offrant des fa\u00e7ons encore plus excitantes de cuisiner vos plats pr\u00e9f\u00e9r\u00e9s. 12 fonctions de","robots":{"index":"noindex","follow":"follow","max-snippet":"max-snippet:-1","max-image-preview":"max-image-preview:large","max-video-preview":"max-video-preview:-1"},"og_locale":"fr_FR","og_type":"article","og_title":"NINJA Multicooker 12 en 1 SmartLid 7.5 L - dev6 Erresse","og_description":"Pr\u00e9sentation de la nouvelle g\u00e9n\u00e9ration de multicuiseurs Ninja, offrant des fa\u00e7ons encore plus excitantes de cuisiner vos plats pr\u00e9f\u00e9r\u00e9s. 12 fonctions de","og_url":"https:\/\/dev6.erresse-shop.it\/fr\/shop\/petits-electromenagers\/robots-de-cuisine\/ninja-multicooker-12-en-1-smartlid-7-5-l\/","og_site_name":"dev6 Erresse","og_image":[{"url":"https:\/\/interpim.erresse-shop.it\/Import\/Prodotti\/ninja-multicooker-12-in-1-smartlid-75-l.jpg","type":"","width":"","height":""},{"url":"https:\/\/interpim.erresse-shop.it\/Import\/Prodotti\/ninja-multicooker-12-in-1-smartlid-75-l.jpg","width":1024,"height":1024,"type":"image\/jpeg"}],"twitter_card":"summary_large_image","twitter_image":"https:\/\/interpim.erresse-shop.it\/Import\/Prodotti\/ninja-multicooker-12-in-1-smartlid-75-l.jpg","schema":{"@context":"https:\/\/schema.org","@graph":[{"@type":"WebPage","@id":"https:\/\/dev6.erresse-shop.it\/fr\/shop\/petits-electromenagers\/robots-de-cuisine\/ninja-multicooker-12-en-1-smartlid-7-5-l\/","url":"https:\/\/dev6.erresse-shop.it\/fr\/shop\/petits-electromenagers\/robots-de-cuisine\/ninja-multicooker-12-en-1-smartlid-7-5-l\/","name":"NINJA Multicooker 12 en 1 SmartLid 7.5 L - dev6 Erresse","isPartOf":{"@id":"https:\/\/dev6.erresse-shop.it\/#website"},"primaryImageOfPage":{"@id":"https:\/\/dev6.erresse-shop.it\/fr\/shop\/petits-electromenagers\/robots-de-cuisine\/ninja-multicooker-12-en-1-smartlid-7-5-l\/#primaryimage"},"image":{"@id":"https:\/\/dev6.erresse-shop.it\/fr\/shop\/petits-electromenagers\/robots-de-cuisine\/ninja-multicooker-12-en-1-smartlid-7-5-l\/#primaryimage"},"thumbnailUrl":"https:\/\/i3.wp.com\/interpim.erresse-shop.it\/Import\/Prodotti\/ninja-multicooker-12-in-1-smartlid-75-l.jpg?ssl=1","datePublished":"2026-04-10T09:26:28+00:00","description":"Pr\u00e9sentation de la nouvelle g\u00e9n\u00e9ration de multicuiseurs Ninja, offrant des fa\u00e7ons encore plus excitantes de cuisiner vos plats pr\u00e9f\u00e9r\u00e9s. 12 fonctions de","breadcrumb":{"@id":"https:\/\/dev6.erresse-shop.it\/fr\/shop\/petits-electromenagers\/robots-de-cuisine\/ninja-multicooker-12-en-1-smartlid-7-5-l\/#breadcrumb"},"inLanguage":"fr-FR","potentialAction":[{"@type":"ReadAction","target":["https:\/\/dev6.erresse-shop.it\/fr\/shop\/petits-electromenagers\/robots-de-cuisine\/ninja-multicooker-12-en-1-smartlid-7-5-l\/"]}]},{"@type":"ImageObject","inLanguage":"fr-FR","@id":"https:\/\/dev6.erresse-shop.it\/fr\/shop\/petits-electromenagers\/robots-de-cuisine\/ninja-multicooker-12-en-1-smartlid-7-5-l\/#primaryimage","url":"https:\/\/i3.wp.com\/interpim.erresse-shop.it\/Import\/Prodotti\/ninja-multicooker-12-in-1-smartlid-75-l.jpg?ssl=1","contentUrl":"https:\/\/i3.wp.com\/interpim.erresse-shop.it\/Import\/Prodotti\/ninja-multicooker-12-in-1-smartlid-75-l.jpg?ssl=1"},{"@type":"BreadcrumbList","@id":"https:\/\/dev6.erresse-shop.it\/fr\/shop\/petits-electromenagers\/robots-de-cuisine\/ninja-multicooker-12-en-1-smartlid-7-5-l\/#breadcrumb","itemListElement":[{"@type":"ListItem","position":1,"name":"Home","item":"https:\/\/dev6.erresse-shop.it\/"},{"@type":"ListItem","position":2,"name":"Boutique","item":"https:\/\/dev6.erresse-shop.it\/shop\/"},{"@type":"ListItem","position":3,"name":"NINJA Multicooker 12 en 1 SmartLid 7.5 L"}]},{"@type":"WebSite","@id":"https:\/\/dev6.erresse-shop.it\/#website","url":"https:\/\/dev6.erresse-shop.it\/","name":"Erresse Shop","description":"","publisher":{"@id":"https:\/\/dev6.erresse-shop.it\/#organization"},"potentialAction":[{"@type":"SearchAction","target":{"@type":"EntryPoint","urlTemplate":"https:\/\/dev6.erresse-shop.it\/?s={search_term_string}"},"query-input":{"@type":"PropertyValueSpecification","valueRequired":true,"valueName":"search_term_string"}}],"inLanguage":"fr-FR"},{"@type":"Organization","@id":"https:\/\/dev6.erresse-shop.it\/#organization","name":"Erresse Shop","url":"https:\/\/dev6.erresse-shop.it\/","logo":{"@type":"ImageObject","inLanguage":"fr-FR","@id":"https:\/\/dev6.erresse-shop.it\/#\/schema\/logo\/image\/","url":"https:\/\/dev6.erresse-shop.it\/wp-content\/uploads\/2025\/01\/LOGO-ERRESSE-CLASSICO.svg","contentUrl":"https:\/\/dev6.erresse-shop.it\/wp-content\/uploads\/2025\/01\/LOGO-ERRESSE-CLASSICO.svg","caption":"Erresse Shop"},"image":{"@id":"https:\/\/dev6.erresse-shop.it\/#\/schema\/logo\/image\/"}}]}},"df_price":329.99,"df_sale_price":"","df_regular_price":329.99,"df_image_link":"https:\/\/i3.wp.com\/interpim.erresse-shop.it\/Import\/Prodotti\/ninja-multicooker-12-in-1-smartlid-75-l.jpg?resize=300,300&ssl=1","fifu_image_url":"https:\/\/interpim.erresse-shop.it\/Import\/Prodotti\/ninja-multicooker-12-in-1-smartlid-75-l.jpg","_links":{"self":[{"href":"https:\/\/dev6.erresse-shop.it\/fr\/wp-json\/wp\/v2\/product\/63744","targetHints":{"allow":["GET"]}}],"collection":[{"href":"https:\/\/dev6.erresse-shop.it\/fr\/wp-json\/wp\/v2\/product"}],"about":[{"href":"https:\/\/dev6.erresse-shop.it\/fr\/wp-json\/wp\/v2\/types\/product"}],"wp:featuredmedia":[{"embeddable":true,"href":"https:\/\/dev6.erresse-shop.it\/fr\/wp-json\/wp\/v2\/media\/6325732"}],"wp:attachment":[{"href":"https:\/\/dev6.erresse-shop.it\/fr\/wp-json\/wp\/v2\/media?parent=63744"}],"wp:term":[{"taxonomy":"product_cat","embeddable":true,"href":"https:\/\/dev6.erresse-shop.it\/fr\/wp-json\/wp\/v2\/product_cat?post=63744"},{"taxonomy":"product_tag","embeddable":true,"href":"https:\/\/dev6.erresse-shop.it\/fr\/wp-json\/wp\/v2\/product_tag?post=63744"}],"curies":[{"name":"wp","href":"https:\/\/api.w.org\/{rel}","templated":true}]}}