{"id":63738,"date":"2026-04-12T10:47:59","date_gmt":"2026-04-12T08:47:59","guid":{"rendered":"https:\/\/dev6.erresse-shop.it\/shop\/non%20class\u00e9\/portmeirion-botanic-garden-service-18-pieces\/"},"modified":"2026-01-09T02:11:07","modified_gmt":"2026-01-09T01:11:07","slug":"portmeirion-botanic-garden-service-18-pieces","status":"publish","type":"product","link":"https:\/\/dev6.erresse-shop.it\/fr\/shop\/table-fr-2\/plats\/portmeirion-botanic-garden-service-18-pieces\/","title":{"rendered":"PORTMEIRION Botanic Garden Service 18 pi\u00e8ces"},"content":{"rendered":"<p>Botanic Garden, service de table 18 pi\u00e8ces \u2013 Portmeirion.<\/p>\n<p>Un magnifique service de table parfait pour ceux qui aiment recevoir. Apportez les fleurs d\u2019un jardin anglais \u00e0 votre table avec ce service Botanic Garden de 18 pi\u00e8ces, comprenant six assiettes, assiettes d\u2019accompagnement et bols \u00e0 p\u00e2tes. Chaque pi\u00e8ce de l\u2019ensemble est joliment d\u00e9cor\u00e9e de motifs floraux \u00e9clatants, dont le ch\u00e8vrefeuille, le cam\u00e9lia double et le crocus perle de neige, dans de d\u00e9licieuses nuances de rose, de jaune et de violet.<\/p>\n<p>Dressez votre table avec ce magnifique set et faites entrer l\u2019ext\u00e9rieur tout au long de l\u2019ann\u00e9e.<br \/>\nUne merveilleuse addition \u00e0 votre collection de jardins botaniques.<\/p>\n<p>Mat\u00e9riau : terre cuite<br \/>\nPlat : 754 g Assiette : 431 g Bol : 518 g<br \/>\nDimensions :<br \/>\nPlat : h3,4 cm x l26,7 cm x p26,7 cm<br \/>\nAssiette : h3 cm x l21,5 cm x p21,5 cm<br \/>\nBol : h5 cm x l22 cm x p22 cm<\/p>\n","protected":false},"excerpt":{"rendered":"<p>Botanic Garden, service de table 18 pi\u00e8ces \u2013 Portmeirion. Un magnifique service de table parfait pour ceux qui aiment recevoir. Apportez les fleurs d\u2019un jardin anglais \u00e0 votre table avec ce service Botanic Garden de 18 pi\u00e8ces, comprenant six assiettes, assiettes d\u2019accompagnement et bols \u00e0 p\u00e2tes. Chaque pi\u00e8ce de l\u2019ensemble est joliment d\u00e9cor\u00e9e de motifs [&hellip;]<\/p>\n","protected":false},"featured_media":6367344,"template":"","meta":{"_acf_changed":false},"product_cat":[12014,11995,11671],"product_tag":[],"class_list":{"0":"post-63738","1":"product","2":"type-product","3":"status-publish","4":"has-post-thumbnail","6":"product_cat-plats","7":"product_cat-table-fr-2","8":"product_cat-tavola","10":"first","11":"instock","12":"sale","13":"taxable","14":"shipping-taxable","15":"purchasable","16":"product-type-simple","swatches":"rey-swatches","show_selected":"","stretch_labels":"rey-swatches--stretch-labels"},"acf":[],"yoast_head":"<!-- This site is optimized with the Yoast SEO plugin v25.4 - https:\/\/yoast.com\/wordpress\/plugins\/seo\/ -->\n<title>PORTMEIRION Botanic Garden Service 18 pi\u00e8ces - dev6 Erresse<\/title>\n<meta name=\"description\" content=\"Botanic Garden, service de table 18 pi\u00e8ces \u2013 Portmeirion. Un magnifique service de table parfait pour ceux qui aiment recevoir. Apportez les fleurs d\u2019un\" \/>\n<meta name=\"robots\" content=\"noindex, follow, max-snippet:-1, max-image-preview:large, max-video-preview:-1\" \/>\n<meta property=\"og:locale\" content=\"fr_FR\" \/>\n<meta property=\"og:type\" content=\"article\" \/>\n<meta property=\"og:title\" content=\"PORTMEIRION Botanic Garden Service 18 pi\u00e8ces - dev6 Erresse\" \/>\n<meta property=\"og:description\" content=\"Botanic Garden, service de table 18 pi\u00e8ces \u2013 Portmeirion. Un magnifique service de table parfait pour ceux qui aiment recevoir. Apportez les fleurs d\u2019un\" \/>\n<meta property=\"og:url\" content=\"https:\/\/dev6.erresse-shop.it\/fr\/shop\/table-fr-2\/plats\/portmeirion-botanic-garden-service-18-pieces\/\" \/>\n<meta property=\"og:site_name\" content=\"dev6 Erresse\" \/>\n<meta property=\"og:image\" content=\"https:\/\/interpim.erresse-shop.it\/Import\/Prodotti\/botanic-garden-servizio-18-piatti.jpg\" \/><meta property=\"og:image\" content=\"https:\/\/interpim.erresse-shop.it\/Import\/Prodotti\/botanic-garden-servizio-18-piatti.jpg\" \/>\n\t<meta property=\"og:image:width\" content=\"1024\" \/>\n\t<meta property=\"og:image:height\" content=\"1024\" \/>\n\t<meta property=\"og:image:type\" content=\"image\/jpeg\" \/>\n<meta name=\"twitter:card\" content=\"summary_large_image\" \/>\n<meta name=\"twitter:image\" content=\"https:\/\/interpim.erresse-shop.it\/Import\/Prodotti\/botanic-garden-servizio-18-piatti.jpg\" \/>\n<script type=\"application\/ld+json\" class=\"yoast-schema-graph\">{\"@context\":\"https:\/\/schema.org\",\"@graph\":[{\"@type\":\"WebPage\",\"@id\":\"https:\/\/dev6.erresse-shop.it\/fr\/shop\/table-fr-2\/plats\/portmeirion-botanic-garden-service-18-pieces\/\",\"url\":\"https:\/\/dev6.erresse-shop.it\/fr\/shop\/table-fr-2\/plats\/portmeirion-botanic-garden-service-18-pieces\/\",\"name\":\"PORTMEIRION Botanic Garden Service 18 pi\u00e8ces - dev6 Erresse\",\"isPartOf\":{\"@id\":\"https:\/\/dev6.erresse-shop.it\/#website\"},\"primaryImageOfPage\":{\"@id\":\"https:\/\/dev6.erresse-shop.it\/fr\/shop\/table-fr-2\/plats\/portmeirion-botanic-garden-service-18-pieces\/#primaryimage\"},\"image\":{\"@id\":\"https:\/\/dev6.erresse-shop.it\/fr\/shop\/table-fr-2\/plats\/portmeirion-botanic-garden-service-18-pieces\/#primaryimage\"},\"thumbnailUrl\":\"https:\/\/i3.wp.com\/interpim.erresse-shop.it\/Import\/Prodotti\/botanic-garden-servizio-18-piatti.jpg?ssl=1\",\"datePublished\":\"2026-04-12T08:47:59+00:00\",\"description\":\"Botanic Garden, service de table 18 pi\u00e8ces \u2013 Portmeirion. Un magnifique service de table parfait pour ceux qui aiment recevoir. Apportez les fleurs d\u2019un\",\"breadcrumb\":{\"@id\":\"https:\/\/dev6.erresse-shop.it\/fr\/shop\/table-fr-2\/plats\/portmeirion-botanic-garden-service-18-pieces\/#breadcrumb\"},\"inLanguage\":\"fr-FR\",\"potentialAction\":[{\"@type\":\"ReadAction\",\"target\":[\"https:\/\/dev6.erresse-shop.it\/fr\/shop\/table-fr-2\/plats\/portmeirion-botanic-garden-service-18-pieces\/\"]}]},{\"@type\":\"ImageObject\",\"inLanguage\":\"fr-FR\",\"@id\":\"https:\/\/dev6.erresse-shop.it\/fr\/shop\/table-fr-2\/plats\/portmeirion-botanic-garden-service-18-pieces\/#primaryimage\",\"url\":\"https:\/\/i3.wp.com\/interpim.erresse-shop.it\/Import\/Prodotti\/botanic-garden-servizio-18-piatti.jpg?ssl=1\",\"contentUrl\":\"https:\/\/i3.wp.com\/interpim.erresse-shop.it\/Import\/Prodotti\/botanic-garden-servizio-18-piatti.jpg?ssl=1\"},{\"@type\":\"BreadcrumbList\",\"@id\":\"https:\/\/dev6.erresse-shop.it\/fr\/shop\/table-fr-2\/plats\/portmeirion-botanic-garden-service-18-pieces\/#breadcrumb\",\"itemListElement\":[{\"@type\":\"ListItem\",\"position\":1,\"name\":\"Home\",\"item\":\"https:\/\/dev6.erresse-shop.it\/\"},{\"@type\":\"ListItem\",\"position\":2,\"name\":\"Boutique\",\"item\":\"https:\/\/dev6.erresse-shop.it\/shop\/\"},{\"@type\":\"ListItem\",\"position\":3,\"name\":\"PORTMEIRION Botanic Garden Service 18 pi\u00e8ces\"}]},{\"@type\":\"WebSite\",\"@id\":\"https:\/\/dev6.erresse-shop.it\/#website\",\"url\":\"https:\/\/dev6.erresse-shop.it\/\",\"name\":\"Erresse Shop\",\"description\":\"\",\"publisher\":{\"@id\":\"https:\/\/dev6.erresse-shop.it\/#organization\"},\"potentialAction\":[{\"@type\":\"SearchAction\",\"target\":{\"@type\":\"EntryPoint\",\"urlTemplate\":\"https:\/\/dev6.erresse-shop.it\/?s={search_term_string}\"},\"query-input\":{\"@type\":\"PropertyValueSpecification\",\"valueRequired\":true,\"valueName\":\"search_term_string\"}}],\"inLanguage\":\"fr-FR\"},{\"@type\":\"Organization\",\"@id\":\"https:\/\/dev6.erresse-shop.it\/#organization\",\"name\":\"Erresse Shop\",\"url\":\"https:\/\/dev6.erresse-shop.it\/\",\"logo\":{\"@type\":\"ImageObject\",\"inLanguage\":\"fr-FR\",\"@id\":\"https:\/\/dev6.erresse-shop.it\/#\/schema\/logo\/image\/\",\"url\":\"https:\/\/dev6.erresse-shop.it\/wp-content\/uploads\/2025\/01\/LOGO-ERRESSE-CLASSICO.svg\",\"contentUrl\":\"https:\/\/dev6.erresse-shop.it\/wp-content\/uploads\/2025\/01\/LOGO-ERRESSE-CLASSICO.svg\",\"caption\":\"Erresse Shop\"},\"image\":{\"@id\":\"https:\/\/dev6.erresse-shop.it\/#\/schema\/logo\/image\/\"}}]}<\/script>\n<!-- \/ Yoast SEO plugin. -->","yoast_head_json":{"title":"PORTMEIRION Botanic Garden Service 18 pi\u00e8ces - dev6 Erresse","description":"Botanic Garden, service de table 18 pi\u00e8ces \u2013 Portmeirion. Un magnifique service de table parfait pour ceux qui aiment recevoir. Apportez les fleurs d\u2019un","robots":{"index":"noindex","follow":"follow","max-snippet":"max-snippet:-1","max-image-preview":"max-image-preview:large","max-video-preview":"max-video-preview:-1"},"og_locale":"fr_FR","og_type":"article","og_title":"PORTMEIRION Botanic Garden Service 18 pi\u00e8ces - dev6 Erresse","og_description":"Botanic Garden, service de table 18 pi\u00e8ces \u2013 Portmeirion. Un magnifique service de table parfait pour ceux qui aiment recevoir. Apportez les fleurs d\u2019un","og_url":"https:\/\/dev6.erresse-shop.it\/fr\/shop\/table-fr-2\/plats\/portmeirion-botanic-garden-service-18-pieces\/","og_site_name":"dev6 Erresse","og_image":[{"url":"https:\/\/interpim.erresse-shop.it\/Import\/Prodotti\/botanic-garden-servizio-18-piatti.jpg","type":"","width":"","height":""},{"url":"https:\/\/interpim.erresse-shop.it\/Import\/Prodotti\/botanic-garden-servizio-18-piatti.jpg","width":1024,"height":1024,"type":"image\/jpeg"}],"twitter_card":"summary_large_image","twitter_image":"https:\/\/interpim.erresse-shop.it\/Import\/Prodotti\/botanic-garden-servizio-18-piatti.jpg","schema":{"@context":"https:\/\/schema.org","@graph":[{"@type":"WebPage","@id":"https:\/\/dev6.erresse-shop.it\/fr\/shop\/table-fr-2\/plats\/portmeirion-botanic-garden-service-18-pieces\/","url":"https:\/\/dev6.erresse-shop.it\/fr\/shop\/table-fr-2\/plats\/portmeirion-botanic-garden-service-18-pieces\/","name":"PORTMEIRION Botanic Garden Service 18 pi\u00e8ces - dev6 Erresse","isPartOf":{"@id":"https:\/\/dev6.erresse-shop.it\/#website"},"primaryImageOfPage":{"@id":"https:\/\/dev6.erresse-shop.it\/fr\/shop\/table-fr-2\/plats\/portmeirion-botanic-garden-service-18-pieces\/#primaryimage"},"image":{"@id":"https:\/\/dev6.erresse-shop.it\/fr\/shop\/table-fr-2\/plats\/portmeirion-botanic-garden-service-18-pieces\/#primaryimage"},"thumbnailUrl":"https:\/\/i3.wp.com\/interpim.erresse-shop.it\/Import\/Prodotti\/botanic-garden-servizio-18-piatti.jpg?ssl=1","datePublished":"2026-04-12T08:47:59+00:00","description":"Botanic Garden, service de table 18 pi\u00e8ces \u2013 Portmeirion. Un magnifique service de table parfait pour ceux qui aiment recevoir. Apportez les fleurs d\u2019un","breadcrumb":{"@id":"https:\/\/dev6.erresse-shop.it\/fr\/shop\/table-fr-2\/plats\/portmeirion-botanic-garden-service-18-pieces\/#breadcrumb"},"inLanguage":"fr-FR","potentialAction":[{"@type":"ReadAction","target":["https:\/\/dev6.erresse-shop.it\/fr\/shop\/table-fr-2\/plats\/portmeirion-botanic-garden-service-18-pieces\/"]}]},{"@type":"ImageObject","inLanguage":"fr-FR","@id":"https:\/\/dev6.erresse-shop.it\/fr\/shop\/table-fr-2\/plats\/portmeirion-botanic-garden-service-18-pieces\/#primaryimage","url":"https:\/\/i3.wp.com\/interpim.erresse-shop.it\/Import\/Prodotti\/botanic-garden-servizio-18-piatti.jpg?ssl=1","contentUrl":"https:\/\/i3.wp.com\/interpim.erresse-shop.it\/Import\/Prodotti\/botanic-garden-servizio-18-piatti.jpg?ssl=1"},{"@type":"BreadcrumbList","@id":"https:\/\/dev6.erresse-shop.it\/fr\/shop\/table-fr-2\/plats\/portmeirion-botanic-garden-service-18-pieces\/#breadcrumb","itemListElement":[{"@type":"ListItem","position":1,"name":"Home","item":"https:\/\/dev6.erresse-shop.it\/"},{"@type":"ListItem","position":2,"name":"Boutique","item":"https:\/\/dev6.erresse-shop.it\/shop\/"},{"@type":"ListItem","position":3,"name":"PORTMEIRION Botanic Garden Service 18 pi\u00e8ces"}]},{"@type":"WebSite","@id":"https:\/\/dev6.erresse-shop.it\/#website","url":"https:\/\/dev6.erresse-shop.it\/","name":"Erresse Shop","description":"","publisher":{"@id":"https:\/\/dev6.erresse-shop.it\/#organization"},"potentialAction":[{"@type":"SearchAction","target":{"@type":"EntryPoint","urlTemplate":"https:\/\/dev6.erresse-shop.it\/?s={search_term_string}"},"query-input":{"@type":"PropertyValueSpecification","valueRequired":true,"valueName":"search_term_string"}}],"inLanguage":"fr-FR"},{"@type":"Organization","@id":"https:\/\/dev6.erresse-shop.it\/#organization","name":"Erresse Shop","url":"https:\/\/dev6.erresse-shop.it\/","logo":{"@type":"ImageObject","inLanguage":"fr-FR","@id":"https:\/\/dev6.erresse-shop.it\/#\/schema\/logo\/image\/","url":"https:\/\/dev6.erresse-shop.it\/wp-content\/uploads\/2025\/01\/LOGO-ERRESSE-CLASSICO.svg","contentUrl":"https:\/\/dev6.erresse-shop.it\/wp-content\/uploads\/2025\/01\/LOGO-ERRESSE-CLASSICO.svg","caption":"Erresse Shop"},"image":{"@id":"https:\/\/dev6.erresse-shop.it\/#\/schema\/logo\/image\/"}}]}},"df_price":239,"df_sale_price":239,"df_regular_price":576.9,"df_image_link":"https:\/\/i3.wp.com\/interpim.erresse-shop.it\/Import\/Prodotti\/botanic-garden-servizio-18-piatti.jpg?resize=300,300&ssl=1","fifu_image_url":"https:\/\/interpim.erresse-shop.it\/Import\/Prodotti\/botanic-garden-servizio-18-piatti.jpg","_links":{"self":[{"href":"https:\/\/dev6.erresse-shop.it\/fr\/wp-json\/wp\/v2\/product\/63738","targetHints":{"allow":["GET"]}}],"collection":[{"href":"https:\/\/dev6.erresse-shop.it\/fr\/wp-json\/wp\/v2\/product"}],"about":[{"href":"https:\/\/dev6.erresse-shop.it\/fr\/wp-json\/wp\/v2\/types\/product"}],"wp:featuredmedia":[{"embeddable":true,"href":"https:\/\/dev6.erresse-shop.it\/fr\/wp-json\/wp\/v2\/media\/6367344"}],"wp:attachment":[{"href":"https:\/\/dev6.erresse-shop.it\/fr\/wp-json\/wp\/v2\/media?parent=63738"}],"wp:term":[{"taxonomy":"product_cat","embeddable":true,"href":"https:\/\/dev6.erresse-shop.it\/fr\/wp-json\/wp\/v2\/product_cat?post=63738"},{"taxonomy":"product_tag","embeddable":true,"href":"https:\/\/dev6.erresse-shop.it\/fr\/wp-json\/wp\/v2\/product_tag?post=63738"}],"curies":[{"name":"wp","href":"https:\/\/api.w.org\/{rel}","templated":true}]}}