{"id":63730,"date":"2026-04-10T11:26:28","date_gmt":"2026-04-10T09:26:28","guid":{"rendered":"https:\/\/dev6.erresse-shop.it\/shop\/non%20class\u00e9\/bordallo-pinheiro-set-de-4-assiettes-a-dessert-dahlia-maria-flor\/"},"modified":"2026-01-09T02:11:00","modified_gmt":"2026-01-09T01:11:00","slug":"bordallo-pinheiro-set-de-4-assiettes-a-dessert-dahlia-maria-flor","status":"publish","type":"product","link":"https:\/\/dev6.erresse-shop.it\/fr\/shop\/table-fr-2\/plats\/bordallo-pinheiro-set-de-4-assiettes-a-dessert-dahlia-maria-flor\/","title":{"rendered":"BORDALLO PINHEIRO Set de 4 Assiettes \u00e0 Dessert Dahlia Maria Flor"},"content":{"rendered":"<p>Avec la collection Maria Flor, les fleurs s\u2019invitent \u00e0 votre table. Dahlias, roses et marguerites, les pi\u00e8ces sont minutieusement travaill\u00e9es pour reproduire chaque d\u00e9tail, \u00e0 la mani\u00e8re de v\u00e9ritables compositions florales. Bordallo Pinheiro parvient \u00e0 allier couleur, nature et raffinement avec des pi\u00e8ces en terre cuite utiles au quotidien, mais qui sont aussi de v\u00e9ritables \u0153uvres d\u2019art. Cette collection contemporaine, inspir\u00e9e du printemps et de la campagne, comprend des assiettes, des saladiers mais aussi de grandes assiettes et bols.<\/p>\n<p>Dimensions : 22 cm x 22 cm x 2 cm<br \/>\nMat\u00e9riau : terre cuite<\/p>\n","protected":false},"excerpt":{"rendered":"<p>Avec la collection Maria Flor, les fleurs s\u2019invitent \u00e0 votre table. Dahlias, roses et marguerites, les pi\u00e8ces sont minutieusement travaill\u00e9es pour reproduire chaque d\u00e9tail, \u00e0 la mani\u00e8re de v\u00e9ritables compositions florales. Bordallo Pinheiro parvient \u00e0 allier couleur, nature et raffinement avec des pi\u00e8ces en terre cuite utiles au quotidien, mais qui sont aussi de v\u00e9ritables [&hellip;]<\/p>\n","protected":false},"featured_media":6325682,"template":"","meta":{"_acf_changed":false},"product_cat":[12014,11995,11671],"product_tag":[],"class_list":{"0":"post-63730","1":"product","2":"type-product","3":"status-publish","4":"has-post-thumbnail","6":"product_cat-plats","7":"product_cat-table-fr-2","8":"product_cat-tavola","10":"first","11":"instock","12":"sale","13":"taxable","14":"shipping-taxable","15":"purchasable","16":"product-type-simple","swatches":"rey-swatches","show_selected":"","stretch_labels":"rey-swatches--stretch-labels"},"acf":[],"yoast_head":"<!-- This site is optimized with the Yoast SEO plugin v25.4 - https:\/\/yoast.com\/wordpress\/plugins\/seo\/ -->\n<title>BORDALLO PINHEIRO Set de 4 Assiettes \u00e0 Dessert Dahlia Maria Flor - dev6 Erresse<\/title>\n<meta name=\"description\" content=\"Avec la collection Maria Flor, les fleurs s\u2019invitent \u00e0 votre table. Dahlias, roses et marguerites, les pi\u00e8ces sont minutieusement travaill\u00e9es pour\" \/>\n<meta name=\"robots\" content=\"noindex, follow, max-snippet:-1, max-image-preview:large, max-video-preview:-1\" \/>\n<meta property=\"og:locale\" content=\"fr_FR\" \/>\n<meta property=\"og:type\" content=\"article\" \/>\n<meta property=\"og:title\" content=\"BORDALLO PINHEIRO Set de 4 Assiettes \u00e0 Dessert Dahlia Maria Flor - dev6 Erresse\" \/>\n<meta property=\"og:description\" content=\"Avec la collection Maria Flor, les fleurs s\u2019invitent \u00e0 votre table. Dahlias, roses et marguerites, les pi\u00e8ces sont minutieusement travaill\u00e9es pour\" \/>\n<meta property=\"og:url\" content=\"https:\/\/dev6.erresse-shop.it\/fr\/shop\/table-fr-2\/plats\/bordallo-pinheiro-set-de-4-assiettes-a-dessert-dahlia-maria-flor\/\" \/>\n<meta property=\"og:site_name\" content=\"dev6 Erresse\" \/>\n<meta property=\"og:image\" content=\"https:\/\/interpim.erresse-shop.it\/Import\/Prodotti\/bordallo-pinheiro-set-4-piatti-dessert-dahlia-maria-flor.jpg\" \/><meta property=\"og:image\" content=\"https:\/\/interpim.erresse-shop.it\/Import\/Prodotti\/bordallo-pinheiro-set-4-piatti-dessert-dahlia-maria-flor.jpg\" \/>\n\t<meta property=\"og:image:width\" content=\"1024\" \/>\n\t<meta property=\"og:image:height\" content=\"1024\" \/>\n\t<meta property=\"og:image:type\" content=\"image\/jpeg\" \/>\n<meta name=\"twitter:card\" content=\"summary_large_image\" \/>\n<meta name=\"twitter:image\" content=\"https:\/\/interpim.erresse-shop.it\/Import\/Prodotti\/bordallo-pinheiro-set-4-piatti-dessert-dahlia-maria-flor.jpg\" \/>\n<script type=\"application\/ld+json\" class=\"yoast-schema-graph\">{\"@context\":\"https:\/\/schema.org\",\"@graph\":[{\"@type\":\"WebPage\",\"@id\":\"https:\/\/dev6.erresse-shop.it\/fr\/shop\/table-fr-2\/plats\/bordallo-pinheiro-set-de-4-assiettes-a-dessert-dahlia-maria-flor\/\",\"url\":\"https:\/\/dev6.erresse-shop.it\/fr\/shop\/table-fr-2\/plats\/bordallo-pinheiro-set-de-4-assiettes-a-dessert-dahlia-maria-flor\/\",\"name\":\"BORDALLO PINHEIRO Set de 4 Assiettes \u00e0 Dessert Dahlia Maria Flor - dev6 Erresse\",\"isPartOf\":{\"@id\":\"https:\/\/dev6.erresse-shop.it\/#website\"},\"primaryImageOfPage\":{\"@id\":\"https:\/\/dev6.erresse-shop.it\/fr\/shop\/table-fr-2\/plats\/bordallo-pinheiro-set-de-4-assiettes-a-dessert-dahlia-maria-flor\/#primaryimage\"},\"image\":{\"@id\":\"https:\/\/dev6.erresse-shop.it\/fr\/shop\/table-fr-2\/plats\/bordallo-pinheiro-set-de-4-assiettes-a-dessert-dahlia-maria-flor\/#primaryimage\"},\"thumbnailUrl\":\"https:\/\/i0.wp.com\/interpim.erresse-shop.it\/Import\/Prodotti\/bordallo-pinheiro-set-4-piatti-dessert-dahlia-maria-flor.jpg?ssl=1\",\"datePublished\":\"2026-04-10T09:26:28+00:00\",\"description\":\"Avec la collection Maria Flor, les fleurs s\u2019invitent \u00e0 votre table. Dahlias, roses et marguerites, les pi\u00e8ces sont minutieusement travaill\u00e9es pour\",\"breadcrumb\":{\"@id\":\"https:\/\/dev6.erresse-shop.it\/fr\/shop\/table-fr-2\/plats\/bordallo-pinheiro-set-de-4-assiettes-a-dessert-dahlia-maria-flor\/#breadcrumb\"},\"inLanguage\":\"fr-FR\",\"potentialAction\":[{\"@type\":\"ReadAction\",\"target\":[\"https:\/\/dev6.erresse-shop.it\/fr\/shop\/table-fr-2\/plats\/bordallo-pinheiro-set-de-4-assiettes-a-dessert-dahlia-maria-flor\/\"]}]},{\"@type\":\"ImageObject\",\"inLanguage\":\"fr-FR\",\"@id\":\"https:\/\/dev6.erresse-shop.it\/fr\/shop\/table-fr-2\/plats\/bordallo-pinheiro-set-de-4-assiettes-a-dessert-dahlia-maria-flor\/#primaryimage\",\"url\":\"https:\/\/i0.wp.com\/interpim.erresse-shop.it\/Import\/Prodotti\/bordallo-pinheiro-set-4-piatti-dessert-dahlia-maria-flor.jpg?ssl=1\",\"contentUrl\":\"https:\/\/i0.wp.com\/interpim.erresse-shop.it\/Import\/Prodotti\/bordallo-pinheiro-set-4-piatti-dessert-dahlia-maria-flor.jpg?ssl=1\"},{\"@type\":\"BreadcrumbList\",\"@id\":\"https:\/\/dev6.erresse-shop.it\/fr\/shop\/table-fr-2\/plats\/bordallo-pinheiro-set-de-4-assiettes-a-dessert-dahlia-maria-flor\/#breadcrumb\",\"itemListElement\":[{\"@type\":\"ListItem\",\"position\":1,\"name\":\"Home\",\"item\":\"https:\/\/dev6.erresse-shop.it\/\"},{\"@type\":\"ListItem\",\"position\":2,\"name\":\"Boutique\",\"item\":\"https:\/\/dev6.erresse-shop.it\/shop\/\"},{\"@type\":\"ListItem\",\"position\":3,\"name\":\"BORDALLO PINHEIRO Set de 4 Assiettes \u00e0 Dessert Dahlia Maria Flor\"}]},{\"@type\":\"WebSite\",\"@id\":\"https:\/\/dev6.erresse-shop.it\/#website\",\"url\":\"https:\/\/dev6.erresse-shop.it\/\",\"name\":\"Erresse Shop\",\"description\":\"\",\"publisher\":{\"@id\":\"https:\/\/dev6.erresse-shop.it\/#organization\"},\"potentialAction\":[{\"@type\":\"SearchAction\",\"target\":{\"@type\":\"EntryPoint\",\"urlTemplate\":\"https:\/\/dev6.erresse-shop.it\/?s={search_term_string}\"},\"query-input\":{\"@type\":\"PropertyValueSpecification\",\"valueRequired\":true,\"valueName\":\"search_term_string\"}}],\"inLanguage\":\"fr-FR\"},{\"@type\":\"Organization\",\"@id\":\"https:\/\/dev6.erresse-shop.it\/#organization\",\"name\":\"Erresse Shop\",\"url\":\"https:\/\/dev6.erresse-shop.it\/\",\"logo\":{\"@type\":\"ImageObject\",\"inLanguage\":\"fr-FR\",\"@id\":\"https:\/\/dev6.erresse-shop.it\/#\/schema\/logo\/image\/\",\"url\":\"https:\/\/dev6.erresse-shop.it\/wp-content\/uploads\/2025\/01\/LOGO-ERRESSE-CLASSICO.svg\",\"contentUrl\":\"https:\/\/dev6.erresse-shop.it\/wp-content\/uploads\/2025\/01\/LOGO-ERRESSE-CLASSICO.svg\",\"caption\":\"Erresse Shop\"},\"image\":{\"@id\":\"https:\/\/dev6.erresse-shop.it\/#\/schema\/logo\/image\/\"}}]}<\/script>\n<!-- \/ Yoast SEO plugin. -->","yoast_head_json":{"title":"BORDALLO PINHEIRO Set de 4 Assiettes \u00e0 Dessert Dahlia Maria Flor - dev6 Erresse","description":"Avec la collection Maria Flor, les fleurs s\u2019invitent \u00e0 votre table. Dahlias, roses et marguerites, les pi\u00e8ces sont minutieusement travaill\u00e9es pour","robots":{"index":"noindex","follow":"follow","max-snippet":"max-snippet:-1","max-image-preview":"max-image-preview:large","max-video-preview":"max-video-preview:-1"},"og_locale":"fr_FR","og_type":"article","og_title":"BORDALLO PINHEIRO Set de 4 Assiettes \u00e0 Dessert Dahlia Maria Flor - dev6 Erresse","og_description":"Avec la collection Maria Flor, les fleurs s\u2019invitent \u00e0 votre table. Dahlias, roses et marguerites, les pi\u00e8ces sont minutieusement travaill\u00e9es pour","og_url":"https:\/\/dev6.erresse-shop.it\/fr\/shop\/table-fr-2\/plats\/bordallo-pinheiro-set-de-4-assiettes-a-dessert-dahlia-maria-flor\/","og_site_name":"dev6 Erresse","og_image":[{"url":"https:\/\/interpim.erresse-shop.it\/Import\/Prodotti\/bordallo-pinheiro-set-4-piatti-dessert-dahlia-maria-flor.jpg","type":"","width":"","height":""},{"url":"https:\/\/interpim.erresse-shop.it\/Import\/Prodotti\/bordallo-pinheiro-set-4-piatti-dessert-dahlia-maria-flor.jpg","width":1024,"height":1024,"type":"image\/jpeg"}],"twitter_card":"summary_large_image","twitter_image":"https:\/\/interpim.erresse-shop.it\/Import\/Prodotti\/bordallo-pinheiro-set-4-piatti-dessert-dahlia-maria-flor.jpg","schema":{"@context":"https:\/\/schema.org","@graph":[{"@type":"WebPage","@id":"https:\/\/dev6.erresse-shop.it\/fr\/shop\/table-fr-2\/plats\/bordallo-pinheiro-set-de-4-assiettes-a-dessert-dahlia-maria-flor\/","url":"https:\/\/dev6.erresse-shop.it\/fr\/shop\/table-fr-2\/plats\/bordallo-pinheiro-set-de-4-assiettes-a-dessert-dahlia-maria-flor\/","name":"BORDALLO PINHEIRO Set de 4 Assiettes \u00e0 Dessert Dahlia Maria Flor - dev6 Erresse","isPartOf":{"@id":"https:\/\/dev6.erresse-shop.it\/#website"},"primaryImageOfPage":{"@id":"https:\/\/dev6.erresse-shop.it\/fr\/shop\/table-fr-2\/plats\/bordallo-pinheiro-set-de-4-assiettes-a-dessert-dahlia-maria-flor\/#primaryimage"},"image":{"@id":"https:\/\/dev6.erresse-shop.it\/fr\/shop\/table-fr-2\/plats\/bordallo-pinheiro-set-de-4-assiettes-a-dessert-dahlia-maria-flor\/#primaryimage"},"thumbnailUrl":"https:\/\/i0.wp.com\/interpim.erresse-shop.it\/Import\/Prodotti\/bordallo-pinheiro-set-4-piatti-dessert-dahlia-maria-flor.jpg?ssl=1","datePublished":"2026-04-10T09:26:28+00:00","description":"Avec la collection Maria Flor, les fleurs s\u2019invitent \u00e0 votre table. Dahlias, roses et marguerites, les pi\u00e8ces sont minutieusement travaill\u00e9es pour","breadcrumb":{"@id":"https:\/\/dev6.erresse-shop.it\/fr\/shop\/table-fr-2\/plats\/bordallo-pinheiro-set-de-4-assiettes-a-dessert-dahlia-maria-flor\/#breadcrumb"},"inLanguage":"fr-FR","potentialAction":[{"@type":"ReadAction","target":["https:\/\/dev6.erresse-shop.it\/fr\/shop\/table-fr-2\/plats\/bordallo-pinheiro-set-de-4-assiettes-a-dessert-dahlia-maria-flor\/"]}]},{"@type":"ImageObject","inLanguage":"fr-FR","@id":"https:\/\/dev6.erresse-shop.it\/fr\/shop\/table-fr-2\/plats\/bordallo-pinheiro-set-de-4-assiettes-a-dessert-dahlia-maria-flor\/#primaryimage","url":"https:\/\/i0.wp.com\/interpim.erresse-shop.it\/Import\/Prodotti\/bordallo-pinheiro-set-4-piatti-dessert-dahlia-maria-flor.jpg?ssl=1","contentUrl":"https:\/\/i0.wp.com\/interpim.erresse-shop.it\/Import\/Prodotti\/bordallo-pinheiro-set-4-piatti-dessert-dahlia-maria-flor.jpg?ssl=1"},{"@type":"BreadcrumbList","@id":"https:\/\/dev6.erresse-shop.it\/fr\/shop\/table-fr-2\/plats\/bordallo-pinheiro-set-de-4-assiettes-a-dessert-dahlia-maria-flor\/#breadcrumb","itemListElement":[{"@type":"ListItem","position":1,"name":"Home","item":"https:\/\/dev6.erresse-shop.it\/"},{"@type":"ListItem","position":2,"name":"Boutique","item":"https:\/\/dev6.erresse-shop.it\/shop\/"},{"@type":"ListItem","position":3,"name":"BORDALLO PINHEIRO Set de 4 Assiettes \u00e0 Dessert Dahlia Maria Flor"}]},{"@type":"WebSite","@id":"https:\/\/dev6.erresse-shop.it\/#website","url":"https:\/\/dev6.erresse-shop.it\/","name":"Erresse Shop","description":"","publisher":{"@id":"https:\/\/dev6.erresse-shop.it\/#organization"},"potentialAction":[{"@type":"SearchAction","target":{"@type":"EntryPoint","urlTemplate":"https:\/\/dev6.erresse-shop.it\/?s={search_term_string}"},"query-input":{"@type":"PropertyValueSpecification","valueRequired":true,"valueName":"search_term_string"}}],"inLanguage":"fr-FR"},{"@type":"Organization","@id":"https:\/\/dev6.erresse-shop.it\/#organization","name":"Erresse Shop","url":"https:\/\/dev6.erresse-shop.it\/","logo":{"@type":"ImageObject","inLanguage":"fr-FR","@id":"https:\/\/dev6.erresse-shop.it\/#\/schema\/logo\/image\/","url":"https:\/\/dev6.erresse-shop.it\/wp-content\/uploads\/2025\/01\/LOGO-ERRESSE-CLASSICO.svg","contentUrl":"https:\/\/dev6.erresse-shop.it\/wp-content\/uploads\/2025\/01\/LOGO-ERRESSE-CLASSICO.svg","caption":"Erresse Shop"},"image":{"@id":"https:\/\/dev6.erresse-shop.it\/#\/schema\/logo\/image\/"}}]}},"df_price":69.9,"df_sale_price":69.9,"df_regular_price":92,"df_image_link":"https:\/\/i0.wp.com\/interpim.erresse-shop.it\/Import\/Prodotti\/bordallo-pinheiro-set-4-piatti-dessert-dahlia-maria-flor.jpg?resize=300,300&ssl=1","fifu_image_url":"https:\/\/interpim.erresse-shop.it\/Import\/Prodotti\/bordallo-pinheiro-set-4-piatti-dessert-dahlia-maria-flor.jpg","_links":{"self":[{"href":"https:\/\/dev6.erresse-shop.it\/fr\/wp-json\/wp\/v2\/product\/63730","targetHints":{"allow":["GET"]}}],"collection":[{"href":"https:\/\/dev6.erresse-shop.it\/fr\/wp-json\/wp\/v2\/product"}],"about":[{"href":"https:\/\/dev6.erresse-shop.it\/fr\/wp-json\/wp\/v2\/types\/product"}],"wp:featuredmedia":[{"embeddable":true,"href":"https:\/\/dev6.erresse-shop.it\/fr\/wp-json\/wp\/v2\/media\/6325682"}],"wp:attachment":[{"href":"https:\/\/dev6.erresse-shop.it\/fr\/wp-json\/wp\/v2\/media?parent=63730"}],"wp:term":[{"taxonomy":"product_cat","embeddable":true,"href":"https:\/\/dev6.erresse-shop.it\/fr\/wp-json\/wp\/v2\/product_cat?post=63730"},{"taxonomy":"product_tag","embeddable":true,"href":"https:\/\/dev6.erresse-shop.it\/fr\/wp-json\/wp\/v2\/product_tag?post=63730"}],"curies":[{"name":"wp","href":"https:\/\/api.w.org\/{rel}","templated":true}]}}