{"id":63668,"date":"2026-04-04T10:43:30","date_gmt":"2026-04-04T08:43:30","guid":{"rendered":"https:\/\/dev6.erresse-shop.it\/shop\/non%20class\u00e9\/trucillo-boite-a-cafe-espress-speaks-italian\/"},"modified":"2025-07-04T17:49:06","modified_gmt":"2025-07-04T15:49:06","slug":"trucillo-boite-a-cafe-espress-speaks-italian","status":"publish","type":"product","link":"https:\/\/dev6.erresse-shop.it\/fr\/shop\/cafe\/grains-de-cafe\/trucillo-boite-a-cafe-espress-speaks-italian\/","title":{"rendered":"TRUCILLO Bo\u00eete \u00e0 caf\u00e9 Espress Speaks Italian"},"content":{"rendered":"<p>La collection Espresso Speaks Italian propose du caf\u00e9 fra\u00eechement moulu emball\u00e9 dans une bo\u00eete 100 % recyclable. La valve de protection de l\u2019ar\u00f4me emp\u00eache l\u2019oxyg\u00e8ne de p\u00e9n\u00e9trer et permet de conditionner le caf\u00e9 fra\u00eechement moulu. Le bord est r\u00e9sistant aux coupures et garantit une ouverture facile et s\u00fbre.<\/p>\n<p>Les caf\u00e9s Arabica d\u00e9licats combin\u00e9s au go\u00fbt chocolat\u00e9 du Robusta donnent une grande intensit\u00e9 aromatique et une saveur riche et cors\u00e9e.<\/p>\n<p>M\u00e9lange des meilleures qualit\u00e9s d\u2019Arabica et de Robusta. Les caf\u00e9s Arabica parfum\u00e9s combin\u00e9s au go\u00fbt cors\u00e9 des caf\u00e9s Robusta chocolat\u00e9s donnent un ar\u00f4me raffin\u00e9 et un plaisir doux et velout\u00e9. Un caf\u00e9 au go\u00fbt riche, vif et \u00e9quilibr\u00e9.<br \/>\nAussi bon qu\u2019au bar.<\/p>\n<p>Portion : 250g<\/p>\n","protected":false},"excerpt":{"rendered":"<p>La collection Espresso Speaks Italian propose du caf\u00e9 fra\u00eechement moulu emball\u00e9 dans une bo\u00eete 100 % recyclable. La valve de protection de l\u2019ar\u00f4me emp\u00eache l\u2019oxyg\u00e8ne de p\u00e9n\u00e9trer et permet de conditionner le caf\u00e9 fra\u00eechement moulu. Le bord est r\u00e9sistant aux coupures et garantit une ouverture facile et s\u00fbre. Les caf\u00e9s Arabica d\u00e9licats combin\u00e9s au go\u00fbt [&hellip;]<\/p>\n","protected":false},"featured_media":6283963,"template":"","meta":{"_acf_changed":false},"product_cat":[12047],"product_tag":[],"class_list":{"0":"post-63668","1":"product","2":"type-product","3":"status-publish","4":"has-post-thumbnail","6":"product_cat-grains-de-cafe","8":"first","9":"instock","10":"taxable","11":"shipping-taxable","12":"product-type-simple","swatches":"rey-swatches","show_selected":"","stretch_labels":"rey-swatches--stretch-labels"},"acf":[],"yoast_head":"<!-- This site is optimized with the Yoast SEO plugin v25.4 - https:\/\/yoast.com\/wordpress\/plugins\/seo\/ -->\n<title>TRUCILLO Bo\u00eete \u00e0 caf\u00e9 Espress Speaks Italian - dev6 Erresse<\/title>\n<meta name=\"description\" content=\"La collection Espresso Speaks Italian propose du caf\u00e9 fra\u00eechement moulu emball\u00e9 dans une bo\u00eete 100 % recyclable. La valve de protection de l\u2019ar\u00f4me emp\u00eache\" \/>\n<meta name=\"robots\" content=\"noindex, follow, max-snippet:-1, max-image-preview:large, max-video-preview:-1\" \/>\n<meta property=\"og:locale\" content=\"fr_FR\" \/>\n<meta property=\"og:type\" content=\"article\" \/>\n<meta property=\"og:title\" content=\"TRUCILLO Bo\u00eete \u00e0 caf\u00e9 Espress Speaks Italian - dev6 Erresse\" \/>\n<meta property=\"og:description\" content=\"La collection Espresso Speaks Italian propose du caf\u00e9 fra\u00eechement moulu emball\u00e9 dans une bo\u00eete 100 % recyclable. La valve de protection de l\u2019ar\u00f4me emp\u00eache\" \/>\n<meta property=\"og:url\" content=\"https:\/\/dev6.erresse-shop.it\/fr\/shop\/cafe\/grains-de-cafe\/trucillo-boite-a-cafe-espress-speaks-italian\/\" \/>\n<meta property=\"og:site_name\" content=\"dev6 Erresse\" \/>\n<meta property=\"og:image\" content=\"https:\/\/interpim.erresse-shop.it\/Import\/Prodotti\/trucillo-caffe.jpg\" \/><meta property=\"og:image\" content=\"https:\/\/interpim.erresse-shop.it\/Import\/Prodotti\/trucillo-caffe.jpg\" \/>\n\t<meta property=\"og:image:width\" content=\"1024\" \/>\n\t<meta property=\"og:image:height\" content=\"1024\" \/>\n\t<meta property=\"og:image:type\" content=\"image\/jpeg\" \/>\n<meta name=\"twitter:card\" content=\"summary_large_image\" \/>\n<meta name=\"twitter:image\" content=\"https:\/\/interpim.erresse-shop.it\/Import\/Prodotti\/trucillo-caffe.jpg\" \/>\n<script type=\"application\/ld+json\" class=\"yoast-schema-graph\">{\"@context\":\"https:\/\/schema.org\",\"@graph\":[{\"@type\":\"WebPage\",\"@id\":\"https:\/\/dev6.erresse-shop.it\/fr\/shop\/cafe\/grains-de-cafe\/trucillo-boite-a-cafe-espress-speaks-italian\/\",\"url\":\"https:\/\/dev6.erresse-shop.it\/fr\/shop\/cafe\/grains-de-cafe\/trucillo-boite-a-cafe-espress-speaks-italian\/\",\"name\":\"TRUCILLO Bo\u00eete \u00e0 caf\u00e9 Espress Speaks Italian - dev6 Erresse\",\"isPartOf\":{\"@id\":\"https:\/\/dev6.erresse-shop.it\/#website\"},\"primaryImageOfPage\":{\"@id\":\"https:\/\/dev6.erresse-shop.it\/fr\/shop\/cafe\/grains-de-cafe\/trucillo-boite-a-cafe-espress-speaks-italian\/#primaryimage\"},\"image\":{\"@id\":\"https:\/\/dev6.erresse-shop.it\/fr\/shop\/cafe\/grains-de-cafe\/trucillo-boite-a-cafe-espress-speaks-italian\/#primaryimage\"},\"thumbnailUrl\":\"https:\/\/i0.wp.com\/interpim.erresse-shop.it\/Import\/Prodotti\/trucillo-caffe.jpg?ssl=1\",\"datePublished\":\"2026-04-04T08:43:30+00:00\",\"description\":\"La collection Espresso Speaks Italian propose du caf\u00e9 fra\u00eechement moulu emball\u00e9 dans une bo\u00eete 100 % recyclable. La valve de protection de l\u2019ar\u00f4me emp\u00eache\",\"breadcrumb\":{\"@id\":\"https:\/\/dev6.erresse-shop.it\/fr\/shop\/cafe\/grains-de-cafe\/trucillo-boite-a-cafe-espress-speaks-italian\/#breadcrumb\"},\"inLanguage\":\"fr-FR\",\"potentialAction\":[{\"@type\":\"ReadAction\",\"target\":[\"https:\/\/dev6.erresse-shop.it\/fr\/shop\/cafe\/grains-de-cafe\/trucillo-boite-a-cafe-espress-speaks-italian\/\"]}]},{\"@type\":\"ImageObject\",\"inLanguage\":\"fr-FR\",\"@id\":\"https:\/\/dev6.erresse-shop.it\/fr\/shop\/cafe\/grains-de-cafe\/trucillo-boite-a-cafe-espress-speaks-italian\/#primaryimage\",\"url\":\"https:\/\/i0.wp.com\/interpim.erresse-shop.it\/Import\/Prodotti\/trucillo-caffe.jpg?ssl=1\",\"contentUrl\":\"https:\/\/i0.wp.com\/interpim.erresse-shop.it\/Import\/Prodotti\/trucillo-caffe.jpg?ssl=1\"},{\"@type\":\"BreadcrumbList\",\"@id\":\"https:\/\/dev6.erresse-shop.it\/fr\/shop\/cafe\/grains-de-cafe\/trucillo-boite-a-cafe-espress-speaks-italian\/#breadcrumb\",\"itemListElement\":[{\"@type\":\"ListItem\",\"position\":1,\"name\":\"Home\",\"item\":\"https:\/\/dev6.erresse-shop.it\/\"},{\"@type\":\"ListItem\",\"position\":2,\"name\":\"Boutique\",\"item\":\"https:\/\/dev6.erresse-shop.it\/shop\/\"},{\"@type\":\"ListItem\",\"position\":3,\"name\":\"TRUCILLO Bo\u00eete \u00e0 caf\u00e9 Espress Speaks Italian\"}]},{\"@type\":\"WebSite\",\"@id\":\"https:\/\/dev6.erresse-shop.it\/#website\",\"url\":\"https:\/\/dev6.erresse-shop.it\/\",\"name\":\"Erresse Shop\",\"description\":\"\",\"publisher\":{\"@id\":\"https:\/\/dev6.erresse-shop.it\/#organization\"},\"potentialAction\":[{\"@type\":\"SearchAction\",\"target\":{\"@type\":\"EntryPoint\",\"urlTemplate\":\"https:\/\/dev6.erresse-shop.it\/?s={search_term_string}\"},\"query-input\":{\"@type\":\"PropertyValueSpecification\",\"valueRequired\":true,\"valueName\":\"search_term_string\"}}],\"inLanguage\":\"fr-FR\"},{\"@type\":\"Organization\",\"@id\":\"https:\/\/dev6.erresse-shop.it\/#organization\",\"name\":\"Erresse Shop\",\"url\":\"https:\/\/dev6.erresse-shop.it\/\",\"logo\":{\"@type\":\"ImageObject\",\"inLanguage\":\"fr-FR\",\"@id\":\"https:\/\/dev6.erresse-shop.it\/#\/schema\/logo\/image\/\",\"url\":\"https:\/\/dev6.erresse-shop.it\/wp-content\/uploads\/2025\/01\/LOGO-ERRESSE-CLASSICO.svg\",\"contentUrl\":\"https:\/\/dev6.erresse-shop.it\/wp-content\/uploads\/2025\/01\/LOGO-ERRESSE-CLASSICO.svg\",\"caption\":\"Erresse Shop\"},\"image\":{\"@id\":\"https:\/\/dev6.erresse-shop.it\/#\/schema\/logo\/image\/\"}}]}<\/script>\n<!-- \/ Yoast SEO plugin. -->","yoast_head_json":{"title":"TRUCILLO Bo\u00eete \u00e0 caf\u00e9 Espress Speaks Italian - dev6 Erresse","description":"La collection Espresso Speaks Italian propose du caf\u00e9 fra\u00eechement moulu emball\u00e9 dans une bo\u00eete 100 % recyclable. La valve de protection de l\u2019ar\u00f4me emp\u00eache","robots":{"index":"noindex","follow":"follow","max-snippet":"max-snippet:-1","max-image-preview":"max-image-preview:large","max-video-preview":"max-video-preview:-1"},"og_locale":"fr_FR","og_type":"article","og_title":"TRUCILLO Bo\u00eete \u00e0 caf\u00e9 Espress Speaks Italian - dev6 Erresse","og_description":"La collection Espresso Speaks Italian propose du caf\u00e9 fra\u00eechement moulu emball\u00e9 dans une bo\u00eete 100 % recyclable. La valve de protection de l\u2019ar\u00f4me emp\u00eache","og_url":"https:\/\/dev6.erresse-shop.it\/fr\/shop\/cafe\/grains-de-cafe\/trucillo-boite-a-cafe-espress-speaks-italian\/","og_site_name":"dev6 Erresse","og_image":[{"url":"https:\/\/interpim.erresse-shop.it\/Import\/Prodotti\/trucillo-caffe.jpg","type":"","width":"","height":""},{"url":"https:\/\/interpim.erresse-shop.it\/Import\/Prodotti\/trucillo-caffe.jpg","width":1024,"height":1024,"type":"image\/jpeg"}],"twitter_card":"summary_large_image","twitter_image":"https:\/\/interpim.erresse-shop.it\/Import\/Prodotti\/trucillo-caffe.jpg","schema":{"@context":"https:\/\/schema.org","@graph":[{"@type":"WebPage","@id":"https:\/\/dev6.erresse-shop.it\/fr\/shop\/cafe\/grains-de-cafe\/trucillo-boite-a-cafe-espress-speaks-italian\/","url":"https:\/\/dev6.erresse-shop.it\/fr\/shop\/cafe\/grains-de-cafe\/trucillo-boite-a-cafe-espress-speaks-italian\/","name":"TRUCILLO Bo\u00eete \u00e0 caf\u00e9 Espress Speaks Italian - dev6 Erresse","isPartOf":{"@id":"https:\/\/dev6.erresse-shop.it\/#website"},"primaryImageOfPage":{"@id":"https:\/\/dev6.erresse-shop.it\/fr\/shop\/cafe\/grains-de-cafe\/trucillo-boite-a-cafe-espress-speaks-italian\/#primaryimage"},"image":{"@id":"https:\/\/dev6.erresse-shop.it\/fr\/shop\/cafe\/grains-de-cafe\/trucillo-boite-a-cafe-espress-speaks-italian\/#primaryimage"},"thumbnailUrl":"https:\/\/i0.wp.com\/interpim.erresse-shop.it\/Import\/Prodotti\/trucillo-caffe.jpg?ssl=1","datePublished":"2026-04-04T08:43:30+00:00","description":"La collection Espresso Speaks Italian propose du caf\u00e9 fra\u00eechement moulu emball\u00e9 dans une bo\u00eete 100 % recyclable. La valve de protection de l\u2019ar\u00f4me emp\u00eache","breadcrumb":{"@id":"https:\/\/dev6.erresse-shop.it\/fr\/shop\/cafe\/grains-de-cafe\/trucillo-boite-a-cafe-espress-speaks-italian\/#breadcrumb"},"inLanguage":"fr-FR","potentialAction":[{"@type":"ReadAction","target":["https:\/\/dev6.erresse-shop.it\/fr\/shop\/cafe\/grains-de-cafe\/trucillo-boite-a-cafe-espress-speaks-italian\/"]}]},{"@type":"ImageObject","inLanguage":"fr-FR","@id":"https:\/\/dev6.erresse-shop.it\/fr\/shop\/cafe\/grains-de-cafe\/trucillo-boite-a-cafe-espress-speaks-italian\/#primaryimage","url":"https:\/\/i0.wp.com\/interpim.erresse-shop.it\/Import\/Prodotti\/trucillo-caffe.jpg?ssl=1","contentUrl":"https:\/\/i0.wp.com\/interpim.erresse-shop.it\/Import\/Prodotti\/trucillo-caffe.jpg?ssl=1"},{"@type":"BreadcrumbList","@id":"https:\/\/dev6.erresse-shop.it\/fr\/shop\/cafe\/grains-de-cafe\/trucillo-boite-a-cafe-espress-speaks-italian\/#breadcrumb","itemListElement":[{"@type":"ListItem","position":1,"name":"Home","item":"https:\/\/dev6.erresse-shop.it\/"},{"@type":"ListItem","position":2,"name":"Boutique","item":"https:\/\/dev6.erresse-shop.it\/shop\/"},{"@type":"ListItem","position":3,"name":"TRUCILLO Bo\u00eete \u00e0 caf\u00e9 Espress Speaks Italian"}]},{"@type":"WebSite","@id":"https:\/\/dev6.erresse-shop.it\/#website","url":"https:\/\/dev6.erresse-shop.it\/","name":"Erresse Shop","description":"","publisher":{"@id":"https:\/\/dev6.erresse-shop.it\/#organization"},"potentialAction":[{"@type":"SearchAction","target":{"@type":"EntryPoint","urlTemplate":"https:\/\/dev6.erresse-shop.it\/?s={search_term_string}"},"query-input":{"@type":"PropertyValueSpecification","valueRequired":true,"valueName":"search_term_string"}}],"inLanguage":"fr-FR"},{"@type":"Organization","@id":"https:\/\/dev6.erresse-shop.it\/#organization","name":"Erresse Shop","url":"https:\/\/dev6.erresse-shop.it\/","logo":{"@type":"ImageObject","inLanguage":"fr-FR","@id":"https:\/\/dev6.erresse-shop.it\/#\/schema\/logo\/image\/","url":"https:\/\/dev6.erresse-shop.it\/wp-content\/uploads\/2025\/01\/LOGO-ERRESSE-CLASSICO.svg","contentUrl":"https:\/\/dev6.erresse-shop.it\/wp-content\/uploads\/2025\/01\/LOGO-ERRESSE-CLASSICO.svg","caption":"Erresse Shop"},"image":{"@id":"https:\/\/dev6.erresse-shop.it\/#\/schema\/logo\/image\/"}}]}},"df_price":"","df_sale_price":"","df_regular_price":"","df_image_link":"https:\/\/i0.wp.com\/interpim.erresse-shop.it\/Import\/Prodotti\/trucillo-caffe.jpg?resize=300,300&ssl=1","fifu_image_url":"https:\/\/interpim.erresse-shop.it\/Import\/Prodotti\/trucillo-caffe.jpg","_links":{"self":[{"href":"https:\/\/dev6.erresse-shop.it\/fr\/wp-json\/wp\/v2\/product\/63668","targetHints":{"allow":["GET"]}}],"collection":[{"href":"https:\/\/dev6.erresse-shop.it\/fr\/wp-json\/wp\/v2\/product"}],"about":[{"href":"https:\/\/dev6.erresse-shop.it\/fr\/wp-json\/wp\/v2\/types\/product"}],"wp:featuredmedia":[{"embeddable":true,"href":"https:\/\/dev6.erresse-shop.it\/fr\/wp-json\/wp\/v2\/media\/6283963"}],"wp:attachment":[{"href":"https:\/\/dev6.erresse-shop.it\/fr\/wp-json\/wp\/v2\/media?parent=63668"}],"wp:term":[{"taxonomy":"product_cat","embeddable":true,"href":"https:\/\/dev6.erresse-shop.it\/fr\/wp-json\/wp\/v2\/product_cat?post=63668"},{"taxonomy":"product_tag","embeddable":true,"href":"https:\/\/dev6.erresse-shop.it\/fr\/wp-json\/wp\/v2\/product_tag?post=63668"}],"curies":[{"name":"wp","href":"https:\/\/api.w.org\/{rel}","templated":true}]}}