{"id":63602,"date":"2026-04-12T10:42:34","date_gmt":"2026-04-12T08:42:34","guid":{"rendered":"https:\/\/dev6.erresse-shop.it\/shop\/non%20class\u00e9\/berkel-volant-dinertie-b3-tribute-b114-bs300-noir\/"},"modified":"2025-09-14T05:23:38","modified_gmt":"2025-09-14T03:23:38","slug":"berkel-volant-dinertie-b3-tribute-b114-bs300-noir","status":"publish","type":"product","link":"https:\/\/dev6.erresse-shop.it\/fr\/shop\/petits-electromenagers\/trancheuses\/berkel-volant-dinertie-b3-tribute-b114-bs300-noir\/","title":{"rendered":"BERKEL Volant d&#8217;inertie B3 \/ TRIBUTE \/ B114 \/ BS300 Noir"},"content":{"rendered":"<p>LA BEAUT\u00c9 M\u00c9RITE UN PI\u00c9DESTAL.<\/p>\n<p>Un \u00e9l\u00e9ment raffin\u00e9 qui met en valeur toute l\u2019\u00e9l\u00e9gance de l\u2019historique trancheuse \u00e0 volant.<\/p>\n<p>La couleur du pi\u00e9destal est assortie \u00e0 la couleur de la trancheuse choisie.\u00a0Certains d\u00e9tails peuvent diff\u00e9rer de ceux pr\u00e9sent\u00e9s sur la photo.\u00a0Dimensions et poids : 580x580x780h mm et 45 kg<\/p>\n<p>Avec ce pi\u00e9destal pour les trancheurs \u00e0 volant B3, Tribute et B114, vous pouvez agr\u00e9menter votre mod\u00e8le d\u2019un \u00e9l\u00e9ment raffin\u00e9. Le pi\u00e9destal, disponible en rouge, met en valeur toute l\u2019\u00e9l\u00e9gance de l\u2019historique trancheuse \u00e0 volant.<\/p>\n<p>FICHE TECHNIQUE<\/p>\n<p>Hauteur 780\u00a0mm<br \/>\nProfondeur 580\u00a0mm<br \/>\nLargeur 580\u00a0mm<br \/>\nPoids 45\u00a0kg<\/p>\n<p>Non compatible avec B3, B114, TRIBUTE dans les anciennes versions B300-0001, 01-9129-330, TRIBUTE115 hors production<\/p>\n<p>Ne peut \u00eatre vendu en dehors de l\u2019Europe<\/p>\n","protected":false},"excerpt":{"rendered":"<p>LA BEAUT\u00c9 M\u00c9RITE UN PI\u00c9DESTAL. Un \u00e9l\u00e9ment raffin\u00e9 qui met en valeur toute l\u2019\u00e9l\u00e9gance de l\u2019historique trancheuse \u00e0 volant. La couleur du pi\u00e9destal est assortie \u00e0 la couleur de la trancheuse choisie.\u00a0Certains d\u00e9tails peuvent diff\u00e9rer de ceux pr\u00e9sent\u00e9s sur la photo.\u00a0Dimensions et poids : 580x580x780h mm et 45 kg Avec ce pi\u00e9destal pour les trancheurs [&hellip;]<\/p>\n","protected":false},"featured_media":6367197,"template":"","meta":{"_acf_changed":false},"product_cat":[12055,12073],"product_tag":[],"class_list":{"0":"post-63602","1":"product","2":"type-product","3":"status-publish","4":"has-post-thumbnail","6":"product_cat-petits-electromenagers","7":"product_cat-trancheuses","9":"first","10":"instock","11":"sale","12":"taxable","13":"shipping-taxable","14":"purchasable","15":"product-type-simple","swatches":"rey-swatches","show_selected":"","stretch_labels":"rey-swatches--stretch-labels"},"acf":[],"yoast_head":"<!-- This site is optimized with the Yoast SEO plugin v25.4 - https:\/\/yoast.com\/wordpress\/plugins\/seo\/ -->\n<title>BERKEL Volant d&#8217;inertie B3 \/ TRIBUTE \/ B114 \/ BS300 Noir - dev6 Erresse<\/title>\n<meta name=\"description\" content=\"LA BEAUT\u00c9 M\u00c9RITE UN PI\u00c9DESTAL. Un \u00e9l\u00e9ment raffin\u00e9 qui met en valeur toute l\u2019\u00e9l\u00e9gance de l\u2019historique trancheuse \u00e0 volant. La couleur du pi\u00e9destal est\" \/>\n<meta name=\"robots\" content=\"noindex, follow, max-snippet:-1, max-image-preview:large, max-video-preview:-1\" \/>\n<meta property=\"og:locale\" content=\"fr_FR\" \/>\n<meta property=\"og:type\" content=\"article\" \/>\n<meta property=\"og:title\" content=\"BERKEL Volant d&#8217;inertie B3 \/ TRIBUTE \/ B114 \/ BS300 Noir - dev6 Erresse\" \/>\n<meta property=\"og:description\" content=\"LA BEAUT\u00c9 M\u00c9RITE UN PI\u00c9DESTAL. Un \u00e9l\u00e9ment raffin\u00e9 qui met en valeur toute l\u2019\u00e9l\u00e9gance de l\u2019historique trancheuse \u00e0 volant. La couleur du pi\u00e9destal est\" \/>\n<meta property=\"og:url\" content=\"https:\/\/dev6.erresse-shop.it\/fr\/shop\/petits-electromenagers\/trancheuses\/berkel-volant-dinertie-b3-tribute-b114-bs300-noir\/\" \/>\n<meta property=\"og:site_name\" content=\"dev6 Erresse\" \/>\n<meta property=\"og:image\" content=\"https:\/\/interpim.erresse-shop.it\/Import\/Prodotti\/berkel-piedistallo-nero.jpg\" \/><meta property=\"og:image\" content=\"https:\/\/interpim.erresse-shop.it\/Import\/Prodotti\/berkel-piedistallo-nero.jpg\" \/>\n\t<meta property=\"og:image:width\" content=\"1024\" \/>\n\t<meta property=\"og:image:height\" content=\"1024\" \/>\n\t<meta property=\"og:image:type\" content=\"image\/jpeg\" \/>\n<meta name=\"twitter:card\" content=\"summary_large_image\" \/>\n<meta name=\"twitter:image\" content=\"https:\/\/interpim.erresse-shop.it\/Import\/Prodotti\/berkel-piedistallo-nero.jpg\" \/>\n<script type=\"application\/ld+json\" class=\"yoast-schema-graph\">{\"@context\":\"https:\/\/schema.org\",\"@graph\":[{\"@type\":\"WebPage\",\"@id\":\"https:\/\/dev6.erresse-shop.it\/fr\/shop\/petits-electromenagers\/trancheuses\/berkel-volant-dinertie-b3-tribute-b114-bs300-noir\/\",\"url\":\"https:\/\/dev6.erresse-shop.it\/fr\/shop\/petits-electromenagers\/trancheuses\/berkel-volant-dinertie-b3-tribute-b114-bs300-noir\/\",\"name\":\"BERKEL Volant d&#8217;inertie B3 \/ TRIBUTE \/ B114 \/ BS300 Noir - dev6 Erresse\",\"isPartOf\":{\"@id\":\"https:\/\/dev6.erresse-shop.it\/#website\"},\"primaryImageOfPage\":{\"@id\":\"https:\/\/dev6.erresse-shop.it\/fr\/shop\/petits-electromenagers\/trancheuses\/berkel-volant-dinertie-b3-tribute-b114-bs300-noir\/#primaryimage\"},\"image\":{\"@id\":\"https:\/\/dev6.erresse-shop.it\/fr\/shop\/petits-electromenagers\/trancheuses\/berkel-volant-dinertie-b3-tribute-b114-bs300-noir\/#primaryimage\"},\"thumbnailUrl\":\"https:\/\/i3.wp.com\/interpim.erresse-shop.it\/Import\/Prodotti\/berkel-piedistallo-nero.jpg?ssl=1\",\"datePublished\":\"2026-04-12T08:42:34+00:00\",\"description\":\"LA BEAUT\u00c9 M\u00c9RITE UN PI\u00c9DESTAL. Un \u00e9l\u00e9ment raffin\u00e9 qui met en valeur toute l\u2019\u00e9l\u00e9gance de l\u2019historique trancheuse \u00e0 volant. La couleur du pi\u00e9destal est\",\"breadcrumb\":{\"@id\":\"https:\/\/dev6.erresse-shop.it\/fr\/shop\/petits-electromenagers\/trancheuses\/berkel-volant-dinertie-b3-tribute-b114-bs300-noir\/#breadcrumb\"},\"inLanguage\":\"fr-FR\",\"potentialAction\":[{\"@type\":\"ReadAction\",\"target\":[\"https:\/\/dev6.erresse-shop.it\/fr\/shop\/petits-electromenagers\/trancheuses\/berkel-volant-dinertie-b3-tribute-b114-bs300-noir\/\"]}]},{\"@type\":\"ImageObject\",\"inLanguage\":\"fr-FR\",\"@id\":\"https:\/\/dev6.erresse-shop.it\/fr\/shop\/petits-electromenagers\/trancheuses\/berkel-volant-dinertie-b3-tribute-b114-bs300-noir\/#primaryimage\",\"url\":\"https:\/\/i3.wp.com\/interpim.erresse-shop.it\/Import\/Prodotti\/berkel-piedistallo-nero.jpg?ssl=1\",\"contentUrl\":\"https:\/\/i3.wp.com\/interpim.erresse-shop.it\/Import\/Prodotti\/berkel-piedistallo-nero.jpg?ssl=1\"},{\"@type\":\"BreadcrumbList\",\"@id\":\"https:\/\/dev6.erresse-shop.it\/fr\/shop\/petits-electromenagers\/trancheuses\/berkel-volant-dinertie-b3-tribute-b114-bs300-noir\/#breadcrumb\",\"itemListElement\":[{\"@type\":\"ListItem\",\"position\":1,\"name\":\"Home\",\"item\":\"https:\/\/dev6.erresse-shop.it\/\"},{\"@type\":\"ListItem\",\"position\":2,\"name\":\"Boutique\",\"item\":\"https:\/\/dev6.erresse-shop.it\/shop\/\"},{\"@type\":\"ListItem\",\"position\":3,\"name\":\"BERKEL Volant d&#8217;inertie B3 \/ TRIBUTE \/ B114 \/ BS300 Noir\"}]},{\"@type\":\"WebSite\",\"@id\":\"https:\/\/dev6.erresse-shop.it\/#website\",\"url\":\"https:\/\/dev6.erresse-shop.it\/\",\"name\":\"Erresse Shop\",\"description\":\"\",\"publisher\":{\"@id\":\"https:\/\/dev6.erresse-shop.it\/#organization\"},\"potentialAction\":[{\"@type\":\"SearchAction\",\"target\":{\"@type\":\"EntryPoint\",\"urlTemplate\":\"https:\/\/dev6.erresse-shop.it\/?s={search_term_string}\"},\"query-input\":{\"@type\":\"PropertyValueSpecification\",\"valueRequired\":true,\"valueName\":\"search_term_string\"}}],\"inLanguage\":\"fr-FR\"},{\"@type\":\"Organization\",\"@id\":\"https:\/\/dev6.erresse-shop.it\/#organization\",\"name\":\"Erresse Shop\",\"url\":\"https:\/\/dev6.erresse-shop.it\/\",\"logo\":{\"@type\":\"ImageObject\",\"inLanguage\":\"fr-FR\",\"@id\":\"https:\/\/dev6.erresse-shop.it\/#\/schema\/logo\/image\/\",\"url\":\"https:\/\/dev6.erresse-shop.it\/wp-content\/uploads\/2025\/01\/LOGO-ERRESSE-CLASSICO.svg\",\"contentUrl\":\"https:\/\/dev6.erresse-shop.it\/wp-content\/uploads\/2025\/01\/LOGO-ERRESSE-CLASSICO.svg\",\"caption\":\"Erresse Shop\"},\"image\":{\"@id\":\"https:\/\/dev6.erresse-shop.it\/#\/schema\/logo\/image\/\"}}]}<\/script>\n<!-- \/ Yoast SEO plugin. -->","yoast_head_json":{"title":"BERKEL Volant d&#8217;inertie B3 \/ TRIBUTE \/ B114 \/ BS300 Noir - dev6 Erresse","description":"LA BEAUT\u00c9 M\u00c9RITE UN PI\u00c9DESTAL. Un \u00e9l\u00e9ment raffin\u00e9 qui met en valeur toute l\u2019\u00e9l\u00e9gance de l\u2019historique trancheuse \u00e0 volant. La couleur du pi\u00e9destal est","robots":{"index":"noindex","follow":"follow","max-snippet":"max-snippet:-1","max-image-preview":"max-image-preview:large","max-video-preview":"max-video-preview:-1"},"og_locale":"fr_FR","og_type":"article","og_title":"BERKEL Volant d&#8217;inertie B3 \/ TRIBUTE \/ B114 \/ BS300 Noir - dev6 Erresse","og_description":"LA BEAUT\u00c9 M\u00c9RITE UN PI\u00c9DESTAL. Un \u00e9l\u00e9ment raffin\u00e9 qui met en valeur toute l\u2019\u00e9l\u00e9gance de l\u2019historique trancheuse \u00e0 volant. La couleur du pi\u00e9destal est","og_url":"https:\/\/dev6.erresse-shop.it\/fr\/shop\/petits-electromenagers\/trancheuses\/berkel-volant-dinertie-b3-tribute-b114-bs300-noir\/","og_site_name":"dev6 Erresse","og_image":[{"url":"https:\/\/interpim.erresse-shop.it\/Import\/Prodotti\/berkel-piedistallo-nero.jpg","type":"","width":"","height":""},{"url":"https:\/\/interpim.erresse-shop.it\/Import\/Prodotti\/berkel-piedistallo-nero.jpg","width":1024,"height":1024,"type":"image\/jpeg"}],"twitter_card":"summary_large_image","twitter_image":"https:\/\/interpim.erresse-shop.it\/Import\/Prodotti\/berkel-piedistallo-nero.jpg","schema":{"@context":"https:\/\/schema.org","@graph":[{"@type":"WebPage","@id":"https:\/\/dev6.erresse-shop.it\/fr\/shop\/petits-electromenagers\/trancheuses\/berkel-volant-dinertie-b3-tribute-b114-bs300-noir\/","url":"https:\/\/dev6.erresse-shop.it\/fr\/shop\/petits-electromenagers\/trancheuses\/berkel-volant-dinertie-b3-tribute-b114-bs300-noir\/","name":"BERKEL Volant d&#8217;inertie B3 \/ TRIBUTE \/ B114 \/ BS300 Noir - dev6 Erresse","isPartOf":{"@id":"https:\/\/dev6.erresse-shop.it\/#website"},"primaryImageOfPage":{"@id":"https:\/\/dev6.erresse-shop.it\/fr\/shop\/petits-electromenagers\/trancheuses\/berkel-volant-dinertie-b3-tribute-b114-bs300-noir\/#primaryimage"},"image":{"@id":"https:\/\/dev6.erresse-shop.it\/fr\/shop\/petits-electromenagers\/trancheuses\/berkel-volant-dinertie-b3-tribute-b114-bs300-noir\/#primaryimage"},"thumbnailUrl":"https:\/\/i3.wp.com\/interpim.erresse-shop.it\/Import\/Prodotti\/berkel-piedistallo-nero.jpg?ssl=1","datePublished":"2026-04-12T08:42:34+00:00","description":"LA BEAUT\u00c9 M\u00c9RITE UN PI\u00c9DESTAL. Un \u00e9l\u00e9ment raffin\u00e9 qui met en valeur toute l\u2019\u00e9l\u00e9gance de l\u2019historique trancheuse \u00e0 volant. La couleur du pi\u00e9destal est","breadcrumb":{"@id":"https:\/\/dev6.erresse-shop.it\/fr\/shop\/petits-electromenagers\/trancheuses\/berkel-volant-dinertie-b3-tribute-b114-bs300-noir\/#breadcrumb"},"inLanguage":"fr-FR","potentialAction":[{"@type":"ReadAction","target":["https:\/\/dev6.erresse-shop.it\/fr\/shop\/petits-electromenagers\/trancheuses\/berkel-volant-dinertie-b3-tribute-b114-bs300-noir\/"]}]},{"@type":"ImageObject","inLanguage":"fr-FR","@id":"https:\/\/dev6.erresse-shop.it\/fr\/shop\/petits-electromenagers\/trancheuses\/berkel-volant-dinertie-b3-tribute-b114-bs300-noir\/#primaryimage","url":"https:\/\/i3.wp.com\/interpim.erresse-shop.it\/Import\/Prodotti\/berkel-piedistallo-nero.jpg?ssl=1","contentUrl":"https:\/\/i3.wp.com\/interpim.erresse-shop.it\/Import\/Prodotti\/berkel-piedistallo-nero.jpg?ssl=1"},{"@type":"BreadcrumbList","@id":"https:\/\/dev6.erresse-shop.it\/fr\/shop\/petits-electromenagers\/trancheuses\/berkel-volant-dinertie-b3-tribute-b114-bs300-noir\/#breadcrumb","itemListElement":[{"@type":"ListItem","position":1,"name":"Home","item":"https:\/\/dev6.erresse-shop.it\/"},{"@type":"ListItem","position":2,"name":"Boutique","item":"https:\/\/dev6.erresse-shop.it\/shop\/"},{"@type":"ListItem","position":3,"name":"BERKEL Volant d&#8217;inertie B3 \/ TRIBUTE \/ B114 \/ BS300 Noir"}]},{"@type":"WebSite","@id":"https:\/\/dev6.erresse-shop.it\/#website","url":"https:\/\/dev6.erresse-shop.it\/","name":"Erresse Shop","description":"","publisher":{"@id":"https:\/\/dev6.erresse-shop.it\/#organization"},"potentialAction":[{"@type":"SearchAction","target":{"@type":"EntryPoint","urlTemplate":"https:\/\/dev6.erresse-shop.it\/?s={search_term_string}"},"query-input":{"@type":"PropertyValueSpecification","valueRequired":true,"valueName":"search_term_string"}}],"inLanguage":"fr-FR"},{"@type":"Organization","@id":"https:\/\/dev6.erresse-shop.it\/#organization","name":"Erresse Shop","url":"https:\/\/dev6.erresse-shop.it\/","logo":{"@type":"ImageObject","inLanguage":"fr-FR","@id":"https:\/\/dev6.erresse-shop.it\/#\/schema\/logo\/image\/","url":"https:\/\/dev6.erresse-shop.it\/wp-content\/uploads\/2025\/01\/LOGO-ERRESSE-CLASSICO.svg","contentUrl":"https:\/\/dev6.erresse-shop.it\/wp-content\/uploads\/2025\/01\/LOGO-ERRESSE-CLASSICO.svg","caption":"Erresse Shop"},"image":{"@id":"https:\/\/dev6.erresse-shop.it\/#\/schema\/logo\/image\/"}}]}},"df_price":1199,"df_sale_price":1199,"df_regular_price":1759,"df_image_link":"https:\/\/i3.wp.com\/interpim.erresse-shop.it\/Import\/Prodotti\/berkel-piedistallo-nero.jpg?resize=300,300&ssl=1","fifu_image_url":"https:\/\/interpim.erresse-shop.it\/Import\/Prodotti\/berkel-piedistallo-nero.jpg","_links":{"self":[{"href":"https:\/\/dev6.erresse-shop.it\/fr\/wp-json\/wp\/v2\/product\/63602","targetHints":{"allow":["GET"]}}],"collection":[{"href":"https:\/\/dev6.erresse-shop.it\/fr\/wp-json\/wp\/v2\/product"}],"about":[{"href":"https:\/\/dev6.erresse-shop.it\/fr\/wp-json\/wp\/v2\/types\/product"}],"wp:featuredmedia":[{"embeddable":true,"href":"https:\/\/dev6.erresse-shop.it\/fr\/wp-json\/wp\/v2\/media\/6367197"}],"wp:attachment":[{"href":"https:\/\/dev6.erresse-shop.it\/fr\/wp-json\/wp\/v2\/media?parent=63602"}],"wp:term":[{"taxonomy":"product_cat","embeddable":true,"href":"https:\/\/dev6.erresse-shop.it\/fr\/wp-json\/wp\/v2\/product_cat?post=63602"},{"taxonomy":"product_tag","embeddable":true,"href":"https:\/\/dev6.erresse-shop.it\/fr\/wp-json\/wp\/v2\/product_tag?post=63602"}],"curies":[{"name":"wp","href":"https:\/\/api.w.org\/{rel}","templated":true}]}}