{"id":63596,"date":"2026-04-12T10:42:34","date_gmt":"2026-04-12T08:42:34","guid":{"rendered":"https:\/\/dev6.erresse-shop.it\/shop\/non%20class\u00e9\/berkel-trancheuse-de-volant-dinertie-domestique-b2-noir\/"},"modified":"2025-09-14T05:23:27","modified_gmt":"2025-09-14T03:23:27","slug":"berkel-trancheuse-de-volant-dinertie-domestique-b2-noir","status":"publish","type":"product","link":"https:\/\/dev6.erresse-shop.it\/fr\/shop\/petits-electromenagers\/trancheuses\/berkel-trancheuse-de-volant-dinertie-domestique-b2-noir\/","title":{"rendered":"BERKEL Trancheuse de volant d&#8217;inertie domestique B2 Noir"},"content":{"rendered":"<p>Derni\u00e8re n\u00e9e de la famille Volano de Berkel, elle est aussi la trancheuse la plus compacte de l\u2019\u00e8re moderne. Malgr\u00e9 une lame de 265 mm de diam\u00e8tre, clairement sup\u00e9rieure \u00e0 la cat\u00e9gorie, le nouveau Volano B2 a des dimensions super compactes qui permettent un positionnement facile dans la cuisine. Le volant d\u00e9passe de seulement 33 mm sous les pieds, ce qui permet d\u2019ouvrir les tiroirs situ\u00e9s sous le plan de travail ; l\u2019attention habituelle port\u00e9e aux d\u00e9tails des produits Berkel fait ici encore plus la diff\u00e9rence. Harmonieux et bien proportionn\u00e9, il conserve toute l\u2019\u00e9l\u00e9gance distinctive de nos volants tout en offrant la coupe parfaite, longtemps recherch\u00e9e par notre fondateur Wilhelmus van Berkel.<\/p>\n<p>PERFORMANCE<\/p>\n<p>\u2013 Construction du bo\u00eetier en alliage sp\u00e9cial d\u2019aluminium et acier inoxydable ABS et pieds en caoutchouc pour une stabilit\u00e9 maximale pendant l\u2019utilisation.<br \/>\n\u2013 Le volant d\u2019inertie ne d\u00e9passe que de 33 mm (le minimum sur le march\u00e9) de la surface d\u2019appui pour faciliter l\u2019ouverture des tiroirs situ\u00e9s en dessous.<br \/>\n\u2013 Kit de modification du pied pour sur\u00e9lever la machine de 22 mm suppl\u00e9mentaires si n\u00e9cessaire.<br \/>\n\u2013 Lame de 265 mm en acier chrom\u00e9 avec profil professionnel : r\u00e9duit les d\u00e9chets et assure des tranches r\u00e9guli\u00e8res.<br \/>\n\u2013 Syst\u00e8me d\u2019alimentation rapide et bouton de r\u00e9glage millim\u00e9trique de la plaque pour un positionnement parfait du produit<br \/>\n\u2013 Conception classique de la tour Berkel, construction solide et \u00e9l\u00e9gance combin\u00e9es.<br \/>\n\u2013 Des d\u00e9corations dor\u00e9es embellissent toutes les parties peintes<br \/>\n\u2013 Volant d\u2019inertie Berkel classique \u00e0 profil carr\u00e9 et \u00e9quilibr\u00e9 int\u00e9rieurement pour bloquer la rotation dans n\u2019importe quelle position.<br \/>\n\u2013 Aff\u00fbteur amovible d\u00e9j\u00e0 fourni avec un syst\u00e8me d\u2019aff\u00fbtage \u00e0 mouvement s\u00e9par\u00e9 pour une pr\u00e9cision maximale<br \/>\n\u2013 Bouton de r\u00e9glage de l\u2019\u00e9paisseur de la tranche avec 8 positions qui permettent de r\u00e9gler l\u2019\u00e9paisseur de la tranche entre 0,15 mm et 1,3 mm<br \/>\n\u2013 \u00c9paisseur minimale de la derni\u00e8re tranche pour minimiser le gaspillage de produit<br \/>\n\u2013 Rabat en acier avec accrochage magn\u00e9tique facile pour faciliter le d\u00e9tachement de la tranche<br \/>\n\u2013 TAG NFC int\u00e9gr\u00e9 dans le moulage du bo\u00eetier pour garantir l\u2019originalit\u00e9.<\/p>\n<p>LE NETTOYAGE ET L\u2019HYGI\u00c8NE<\/p>\n<p>\u2013 Plaque et sous-plaque professionnelles en acier inoxydable avec syst\u00e8me de d\u00e9verrouillage pour un nettoyage maximal et tampons de blocage en caoutchouc entre les deux pour minimiser les mouvements pendant la coupe.<br \/>\n\u2013 Poussoir assist\u00e9 en aluminium anodis\u00e9 avec pointes en acier pour un serrage optimal du produit.<br \/>\n\u2013 Grandes installations de nettoyage et r\u00e9ceptacle \u00e0 ferraille arri\u00e8re<br \/>\n\u2013 Syst\u00e8me de retrait rapide du corps de fixation du protecteur pour un nettoyage facile<br \/>\n\u2013 Gants en acier inoxydable amovibles et lavables au lave-vaisselle<\/p>\n<p>\u00a0<\/p>\n<p>S\u00c9CURIT\u00c9<\/p>\n<p>\u2013 Anneau de protection de la lame en acier avec syst\u00e8me de d\u00e9clenchement manuel pour une s\u00e9curit\u00e9 maximale<br \/>\n\u2013 Anneau de protection de la lame arri\u00e8re en aluminium de qualit\u00e9 alimentaire pour plus de s\u00e9curit\u00e9<br \/>\n\u2013 Commandes ergonomiques en aluminium anodis\u00e9 noir pour faciliter la prise en main et minimiser l\u2019effort de l\u2019op\u00e9rateur.<\/p>\n<p>SP\u00c9CIFICATIONS TECHNIQUES<\/p>\n<p>Poids 33 kg<br \/>\nHauteur [B] 570 mm<br \/>\nProfondeur [C] 675 mm<br \/>\nLargeur [A] 530 mm<br \/>\nDiam\u00e8tre de la lame 265 mm<br \/>\nMat\u00e9riau de la lame de tranchage 100Cr6<br \/>\n\u00c9paisseur de coupe 0 \u2013 1,35 mm<br \/>\nCapacit\u00e9 de coupe (circulaire) 176 mm<br \/>\nCapacit\u00e9 de coupe (rectangulaire) 190\u00d7165 mm<br \/>\nD\u00e9tails : M\u00e9canisme \u00e0 vis pour le mouvement de la garde de la lame ; d\u00e9coration et signature en berkel peint.<br \/>\nPi\u00e8ces amovibles : prot\u00e8ge-lame, bo\u00eete \u00e0 gants, plaque de recouvrement.<br \/>\nAiguisoir inclus, deux mouvements<\/p>\n<p>Ne peut \u00eatre vendu en dehors de l\u2019Europe<\/p>\n","protected":false},"excerpt":{"rendered":"<p>Derni\u00e8re n\u00e9e de la famille Volano de Berkel, elle est aussi la trancheuse la plus compacte de l\u2019\u00e8re moderne. Malgr\u00e9 une lame de 265 mm de diam\u00e8tre, clairement sup\u00e9rieure \u00e0 la cat\u00e9gorie, le nouveau Volano B2 a des dimensions super compactes qui permettent un positionnement facile dans la cuisine. Le volant d\u00e9passe de seulement 33 [&hellip;]<\/p>\n","protected":false},"featured_media":6367175,"template":"","meta":{"_acf_changed":false},"product_cat":[12055,12073],"product_tag":[],"class_list":{"0":"post-63596","1":"product","2":"type-product","3":"status-publish","4":"has-post-thumbnail","6":"product_cat-petits-electromenagers","7":"product_cat-trancheuses","9":"first","10":"instock","11":"sale","12":"taxable","13":"shipping-taxable","14":"purchasable","15":"product-type-simple","swatches":"rey-swatches","show_selected":"","stretch_labels":"rey-swatches--stretch-labels"},"acf":[],"yoast_head":"<!-- This site is optimized with the Yoast SEO plugin v25.4 - https:\/\/yoast.com\/wordpress\/plugins\/seo\/ -->\n<title>BERKEL Trancheuse de volant d&#8217;inertie domestique B2 Noir - dev6 Erresse<\/title>\n<meta name=\"description\" content=\"Derni\u00e8re n\u00e9e de la famille Volano de Berkel, elle est aussi la trancheuse la plus compacte de l\u2019\u00e8re moderne. Malgr\u00e9 une lame de 265 mm de diam\u00e8tre,\" \/>\n<meta name=\"robots\" content=\"noindex, follow, max-snippet:-1, max-image-preview:large, max-video-preview:-1\" \/>\n<meta property=\"og:locale\" content=\"fr_FR\" \/>\n<meta property=\"og:type\" content=\"article\" \/>\n<meta property=\"og:title\" content=\"BERKEL Trancheuse de volant d&#8217;inertie domestique B2 Noir - dev6 Erresse\" \/>\n<meta property=\"og:description\" content=\"Derni\u00e8re n\u00e9e de la famille Volano de Berkel, elle est aussi la trancheuse la plus compacte de l\u2019\u00e8re moderne. Malgr\u00e9 une lame de 265 mm de diam\u00e8tre,\" \/>\n<meta property=\"og:url\" content=\"https:\/\/dev6.erresse-shop.it\/fr\/shop\/petits-electromenagers\/trancheuses\/berkel-trancheuse-de-volant-dinertie-domestique-b2-noir\/\" \/>\n<meta property=\"og:site_name\" content=\"dev6 Erresse\" \/>\n<meta property=\"og:image\" content=\"https:\/\/interpim.erresse-shop.it\/Import\/Prodotti\/berkel-volano-b2-1.jpg\" \/><meta property=\"og:image\" content=\"https:\/\/interpim.erresse-shop.it\/Import\/Prodotti\/berkel-volano-b2-1.jpg\" \/>\n\t<meta property=\"og:image:width\" content=\"1024\" \/>\n\t<meta property=\"og:image:height\" content=\"1024\" \/>\n\t<meta property=\"og:image:type\" content=\"image\/jpeg\" \/>\n<meta name=\"twitter:card\" content=\"summary_large_image\" \/>\n<meta name=\"twitter:image\" content=\"https:\/\/interpim.erresse-shop.it\/Import\/Prodotti\/berkel-volano-b2-1.jpg\" \/>\n<script type=\"application\/ld+json\" class=\"yoast-schema-graph\">{\"@context\":\"https:\/\/schema.org\",\"@graph\":[{\"@type\":\"WebPage\",\"@id\":\"https:\/\/dev6.erresse-shop.it\/fr\/shop\/petits-electromenagers\/trancheuses\/berkel-trancheuse-de-volant-dinertie-domestique-b2-noir\/\",\"url\":\"https:\/\/dev6.erresse-shop.it\/fr\/shop\/petits-electromenagers\/trancheuses\/berkel-trancheuse-de-volant-dinertie-domestique-b2-noir\/\",\"name\":\"BERKEL Trancheuse de volant d&#8217;inertie domestique B2 Noir - dev6 Erresse\",\"isPartOf\":{\"@id\":\"https:\/\/dev6.erresse-shop.it\/#website\"},\"primaryImageOfPage\":{\"@id\":\"https:\/\/dev6.erresse-shop.it\/fr\/shop\/petits-electromenagers\/trancheuses\/berkel-trancheuse-de-volant-dinertie-domestique-b2-noir\/#primaryimage\"},\"image\":{\"@id\":\"https:\/\/dev6.erresse-shop.it\/fr\/shop\/petits-electromenagers\/trancheuses\/berkel-trancheuse-de-volant-dinertie-domestique-b2-noir\/#primaryimage\"},\"thumbnailUrl\":\"https:\/\/i3.wp.com\/interpim.erresse-shop.it\/Import\/Prodotti\/berkel-volano-b2-1.jpg?ssl=1\",\"datePublished\":\"2026-04-12T08:42:34+00:00\",\"description\":\"Derni\u00e8re n\u00e9e de la famille Volano de Berkel, elle est aussi la trancheuse la plus compacte de l\u2019\u00e8re moderne. Malgr\u00e9 une lame de 265 mm de diam\u00e8tre,\",\"breadcrumb\":{\"@id\":\"https:\/\/dev6.erresse-shop.it\/fr\/shop\/petits-electromenagers\/trancheuses\/berkel-trancheuse-de-volant-dinertie-domestique-b2-noir\/#breadcrumb\"},\"inLanguage\":\"fr-FR\",\"potentialAction\":[{\"@type\":\"ReadAction\",\"target\":[\"https:\/\/dev6.erresse-shop.it\/fr\/shop\/petits-electromenagers\/trancheuses\/berkel-trancheuse-de-volant-dinertie-domestique-b2-noir\/\"]}]},{\"@type\":\"ImageObject\",\"inLanguage\":\"fr-FR\",\"@id\":\"https:\/\/dev6.erresse-shop.it\/fr\/shop\/petits-electromenagers\/trancheuses\/berkel-trancheuse-de-volant-dinertie-domestique-b2-noir\/#primaryimage\",\"url\":\"https:\/\/i3.wp.com\/interpim.erresse-shop.it\/Import\/Prodotti\/berkel-volano-b2-1.jpg?ssl=1\",\"contentUrl\":\"https:\/\/i3.wp.com\/interpim.erresse-shop.it\/Import\/Prodotti\/berkel-volano-b2-1.jpg?ssl=1\"},{\"@type\":\"BreadcrumbList\",\"@id\":\"https:\/\/dev6.erresse-shop.it\/fr\/shop\/petits-electromenagers\/trancheuses\/berkel-trancheuse-de-volant-dinertie-domestique-b2-noir\/#breadcrumb\",\"itemListElement\":[{\"@type\":\"ListItem\",\"position\":1,\"name\":\"Home\",\"item\":\"https:\/\/dev6.erresse-shop.it\/\"},{\"@type\":\"ListItem\",\"position\":2,\"name\":\"Boutique\",\"item\":\"https:\/\/dev6.erresse-shop.it\/shop\/\"},{\"@type\":\"ListItem\",\"position\":3,\"name\":\"BERKEL Trancheuse de volant d&#8217;inertie domestique B2 Noir\"}]},{\"@type\":\"WebSite\",\"@id\":\"https:\/\/dev6.erresse-shop.it\/#website\",\"url\":\"https:\/\/dev6.erresse-shop.it\/\",\"name\":\"Erresse Shop\",\"description\":\"\",\"publisher\":{\"@id\":\"https:\/\/dev6.erresse-shop.it\/#organization\"},\"potentialAction\":[{\"@type\":\"SearchAction\",\"target\":{\"@type\":\"EntryPoint\",\"urlTemplate\":\"https:\/\/dev6.erresse-shop.it\/?s={search_term_string}\"},\"query-input\":{\"@type\":\"PropertyValueSpecification\",\"valueRequired\":true,\"valueName\":\"search_term_string\"}}],\"inLanguage\":\"fr-FR\"},{\"@type\":\"Organization\",\"@id\":\"https:\/\/dev6.erresse-shop.it\/#organization\",\"name\":\"Erresse Shop\",\"url\":\"https:\/\/dev6.erresse-shop.it\/\",\"logo\":{\"@type\":\"ImageObject\",\"inLanguage\":\"fr-FR\",\"@id\":\"https:\/\/dev6.erresse-shop.it\/#\/schema\/logo\/image\/\",\"url\":\"https:\/\/dev6.erresse-shop.it\/wp-content\/uploads\/2025\/01\/LOGO-ERRESSE-CLASSICO.svg\",\"contentUrl\":\"https:\/\/dev6.erresse-shop.it\/wp-content\/uploads\/2025\/01\/LOGO-ERRESSE-CLASSICO.svg\",\"caption\":\"Erresse Shop\"},\"image\":{\"@id\":\"https:\/\/dev6.erresse-shop.it\/#\/schema\/logo\/image\/\"}}]}<\/script>\n<!-- \/ Yoast SEO plugin. -->","yoast_head_json":{"title":"BERKEL Trancheuse de volant d&#8217;inertie domestique B2 Noir - dev6 Erresse","description":"Derni\u00e8re n\u00e9e de la famille Volano de Berkel, elle est aussi la trancheuse la plus compacte de l\u2019\u00e8re moderne. Malgr\u00e9 une lame de 265 mm de diam\u00e8tre,","robots":{"index":"noindex","follow":"follow","max-snippet":"max-snippet:-1","max-image-preview":"max-image-preview:large","max-video-preview":"max-video-preview:-1"},"og_locale":"fr_FR","og_type":"article","og_title":"BERKEL Trancheuse de volant d&#8217;inertie domestique B2 Noir - dev6 Erresse","og_description":"Derni\u00e8re n\u00e9e de la famille Volano de Berkel, elle est aussi la trancheuse la plus compacte de l\u2019\u00e8re moderne. Malgr\u00e9 une lame de 265 mm de diam\u00e8tre,","og_url":"https:\/\/dev6.erresse-shop.it\/fr\/shop\/petits-electromenagers\/trancheuses\/berkel-trancheuse-de-volant-dinertie-domestique-b2-noir\/","og_site_name":"dev6 Erresse","og_image":[{"url":"https:\/\/interpim.erresse-shop.it\/Import\/Prodotti\/berkel-volano-b2-1.jpg","type":"","width":"","height":""},{"url":"https:\/\/interpim.erresse-shop.it\/Import\/Prodotti\/berkel-volano-b2-1.jpg","width":1024,"height":1024,"type":"image\/jpeg"}],"twitter_card":"summary_large_image","twitter_image":"https:\/\/interpim.erresse-shop.it\/Import\/Prodotti\/berkel-volano-b2-1.jpg","schema":{"@context":"https:\/\/schema.org","@graph":[{"@type":"WebPage","@id":"https:\/\/dev6.erresse-shop.it\/fr\/shop\/petits-electromenagers\/trancheuses\/berkel-trancheuse-de-volant-dinertie-domestique-b2-noir\/","url":"https:\/\/dev6.erresse-shop.it\/fr\/shop\/petits-electromenagers\/trancheuses\/berkel-trancheuse-de-volant-dinertie-domestique-b2-noir\/","name":"BERKEL Trancheuse de volant d&#8217;inertie domestique B2 Noir - dev6 Erresse","isPartOf":{"@id":"https:\/\/dev6.erresse-shop.it\/#website"},"primaryImageOfPage":{"@id":"https:\/\/dev6.erresse-shop.it\/fr\/shop\/petits-electromenagers\/trancheuses\/berkel-trancheuse-de-volant-dinertie-domestique-b2-noir\/#primaryimage"},"image":{"@id":"https:\/\/dev6.erresse-shop.it\/fr\/shop\/petits-electromenagers\/trancheuses\/berkel-trancheuse-de-volant-dinertie-domestique-b2-noir\/#primaryimage"},"thumbnailUrl":"https:\/\/i3.wp.com\/interpim.erresse-shop.it\/Import\/Prodotti\/berkel-volano-b2-1.jpg?ssl=1","datePublished":"2026-04-12T08:42:34+00:00","description":"Derni\u00e8re n\u00e9e de la famille Volano de Berkel, elle est aussi la trancheuse la plus compacte de l\u2019\u00e8re moderne. Malgr\u00e9 une lame de 265 mm de diam\u00e8tre,","breadcrumb":{"@id":"https:\/\/dev6.erresse-shop.it\/fr\/shop\/petits-electromenagers\/trancheuses\/berkel-trancheuse-de-volant-dinertie-domestique-b2-noir\/#breadcrumb"},"inLanguage":"fr-FR","potentialAction":[{"@type":"ReadAction","target":["https:\/\/dev6.erresse-shop.it\/fr\/shop\/petits-electromenagers\/trancheuses\/berkel-trancheuse-de-volant-dinertie-domestique-b2-noir\/"]}]},{"@type":"ImageObject","inLanguage":"fr-FR","@id":"https:\/\/dev6.erresse-shop.it\/fr\/shop\/petits-electromenagers\/trancheuses\/berkel-trancheuse-de-volant-dinertie-domestique-b2-noir\/#primaryimage","url":"https:\/\/i3.wp.com\/interpim.erresse-shop.it\/Import\/Prodotti\/berkel-volano-b2-1.jpg?ssl=1","contentUrl":"https:\/\/i3.wp.com\/interpim.erresse-shop.it\/Import\/Prodotti\/berkel-volano-b2-1.jpg?ssl=1"},{"@type":"BreadcrumbList","@id":"https:\/\/dev6.erresse-shop.it\/fr\/shop\/petits-electromenagers\/trancheuses\/berkel-trancheuse-de-volant-dinertie-domestique-b2-noir\/#breadcrumb","itemListElement":[{"@type":"ListItem","position":1,"name":"Home","item":"https:\/\/dev6.erresse-shop.it\/"},{"@type":"ListItem","position":2,"name":"Boutique","item":"https:\/\/dev6.erresse-shop.it\/shop\/"},{"@type":"ListItem","position":3,"name":"BERKEL Trancheuse de volant d&#8217;inertie domestique B2 Noir"}]},{"@type":"WebSite","@id":"https:\/\/dev6.erresse-shop.it\/#website","url":"https:\/\/dev6.erresse-shop.it\/","name":"Erresse Shop","description":"","publisher":{"@id":"https:\/\/dev6.erresse-shop.it\/#organization"},"potentialAction":[{"@type":"SearchAction","target":{"@type":"EntryPoint","urlTemplate":"https:\/\/dev6.erresse-shop.it\/?s={search_term_string}"},"query-input":{"@type":"PropertyValueSpecification","valueRequired":true,"valueName":"search_term_string"}}],"inLanguage":"fr-FR"},{"@type":"Organization","@id":"https:\/\/dev6.erresse-shop.it\/#organization","name":"Erresse Shop","url":"https:\/\/dev6.erresse-shop.it\/","logo":{"@type":"ImageObject","inLanguage":"fr-FR","@id":"https:\/\/dev6.erresse-shop.it\/#\/schema\/logo\/image\/","url":"https:\/\/dev6.erresse-shop.it\/wp-content\/uploads\/2025\/01\/LOGO-ERRESSE-CLASSICO.svg","contentUrl":"https:\/\/dev6.erresse-shop.it\/wp-content\/uploads\/2025\/01\/LOGO-ERRESSE-CLASSICO.svg","caption":"Erresse Shop"},"image":{"@id":"https:\/\/dev6.erresse-shop.it\/#\/schema\/logo\/image\/"}}]}},"df_price":5799,"df_sale_price":5799,"df_regular_price":7299,"df_image_link":"https:\/\/i3.wp.com\/interpim.erresse-shop.it\/Import\/Prodotti\/berkel-volano-b2-1.jpg?resize=300,300&ssl=1","fifu_image_url":"https:\/\/interpim.erresse-shop.it\/Import\/Prodotti\/berkel-volano-b2-1.jpg","_links":{"self":[{"href":"https:\/\/dev6.erresse-shop.it\/fr\/wp-json\/wp\/v2\/product\/63596","targetHints":{"allow":["GET"]}}],"collection":[{"href":"https:\/\/dev6.erresse-shop.it\/fr\/wp-json\/wp\/v2\/product"}],"about":[{"href":"https:\/\/dev6.erresse-shop.it\/fr\/wp-json\/wp\/v2\/types\/product"}],"wp:featuredmedia":[{"embeddable":true,"href":"https:\/\/dev6.erresse-shop.it\/fr\/wp-json\/wp\/v2\/media\/6367175"}],"wp:attachment":[{"href":"https:\/\/dev6.erresse-shop.it\/fr\/wp-json\/wp\/v2\/media?parent=63596"}],"wp:term":[{"taxonomy":"product_cat","embeddable":true,"href":"https:\/\/dev6.erresse-shop.it\/fr\/wp-json\/wp\/v2\/product_cat?post=63596"},{"taxonomy":"product_tag","embeddable":true,"href":"https:\/\/dev6.erresse-shop.it\/fr\/wp-json\/wp\/v2\/product_tag?post=63596"}],"curies":[{"name":"wp","href":"https:\/\/api.w.org\/{rel}","templated":true}]}}