{"id":63594,"date":"2026-04-12T10:42:34","date_gmt":"2026-04-12T08:42:34","guid":{"rendered":"https:\/\/dev6.erresse-shop.it\/shop\/non%20class\u00e9\/berkel-domestic-slicer-volant-dinertie-b3-noir\/"},"modified":"2025-09-14T05:23:23","modified_gmt":"2025-09-14T03:23:23","slug":"berkel-domestic-slicer-volant-dinertie-b3-noir","status":"publish","type":"product","link":"https:\/\/dev6.erresse-shop.it\/fr\/shop\/petits-electromenagers\/trancheuses\/berkel-domestic-slicer-volant-dinertie-b3-noir\/","title":{"rendered":"BERKEL Domestic Slicer volant d&#8217;inertie B3 Noir"},"content":{"rendered":"<p>GRANDE CAPACIT\u00c9 DE COUPE DANS UN DESIGN \u00c9L\u00c9GANT<\/p>\n<p>Une trancheuse domestique \u00e0 volant d\u2019inertie avec une grande capacit\u00e9 de coupe et une esth\u00e9tique d\u2019inspiration vintage, garantissant une coupe parfaite dans un design vintage avec une finition haut de gamme.<\/p>\n<p>PERFORMANCE<\/p>\n<p>Pieds en caoutchouc r\u00e9glables en diff\u00e9rentes configurations<br \/>\nLame de 300 mm en acier chrom\u00e9 100cr6 avec profil professionnel : r\u00e9duit les d\u00e9chets et assure des tranches r\u00e9guli\u00e8res.<br \/>\nSyst\u00e8me d\u2019alimentation rapide et bouton de r\u00e9glage millim\u00e9trique de la plaque pour un positionnement parfait du produit<br \/>\nAff\u00fbteur amovible fourni avec un syst\u00e8me d\u2019aff\u00fbtage \u00e0 mouvement s\u00e9par\u00e9 pour une pr\u00e9cision maximale<br \/>\nBouton de r\u00e9glage de l\u2019\u00e9paisseur des tranches entre 0 mm et 1,5 mm<br \/>\n\u00c9paisseur minimale de la derni\u00e8re tranche pour minimiser le gaspillage de produit<br \/>\nProtection en acier avec accrochage facile pour faciliter le d\u00e9tachement de la tranche<br \/>\nTAG NFC int\u00e9gr\u00e9 dans le moulage du bo\u00eetier comme garantie d\u2019originalit\u00e9<\/p>\n<p>NETTOYAGE ET HYGI\u00c8NE<\/p>\n<p>Plaque avec syst\u00e8me de d\u00e9gagement pour un nettoyage maximal<br \/>\nGrand espace pour le nettoyage et r\u00e9ceptacle \u00e0 d\u00e9chets arri\u00e8re<br \/>\nSyst\u00e8me de retrait rapide du plastron pour un nettoyage facile<br \/>\nGants en techno-polym\u00e8re amovibles et lavables au lave-vaisselle.<\/p>\n<p>S\u00c9CURIT\u00c9<\/p>\n<p>Anneau de protection de la lame en acier total avec syst\u00e8me de d\u00e9clenchement manuel pour une s\u00e9curit\u00e9 maximale<br \/>\nAnneau de protection de la lame arri\u00e8re fixe pour plus de s\u00e9curit\u00e9<br \/>\nCommandes ergonomiques pour faciliter la prise en main et minimiser l\u2019effort de l\u2019op\u00e9rateur<\/p>\n<p>SP\u00c9CIFICATIONS TECHNIQUES<\/p>\n<p>Poids 46 kg<br \/>\nHauteur [B] 700 mm<br \/>\nProfondeur [C] 805 mm<br \/>\nLargeur [A] 670 mm<br \/>\nDiam\u00e8tre de la lame 300 mm<br \/>\nMat\u00e9riau de la lame de tranchage 100Cr6<br \/>\n\u00c9paisseur de coupe 0 \u2013 1,5 mm<br \/>\nCapacit\u00e9 de coupe (circulaire) 210 mm<br \/>\nCapacit\u00e9 de coupe (rectangulaire) 270\u00d7210 mm<br \/>\nD\u00e9tails : M\u00e9canisme \u00e0 vis pour le mouvement de la garde de la lame ; D\u00e9coration et signature en berkel peint.<br \/>\nPi\u00e8ces amovibles : prot\u00e8ge-lame, bo\u00eete \u00e0 gants, plaque de recouvrement.<\/p>\n<p>Ne peut \u00eatre vendu en dehors de l\u2019Europe<\/p>\n","protected":false},"excerpt":{"rendered":"<p>GRANDE CAPACIT\u00c9 DE COUPE DANS UN DESIGN \u00c9L\u00c9GANT Une trancheuse domestique \u00e0 volant d\u2019inertie avec une grande capacit\u00e9 de coupe et une esth\u00e9tique d\u2019inspiration vintage, garantissant une coupe parfaite dans un design vintage avec une finition haut de gamme. PERFORMANCE Pieds en caoutchouc r\u00e9glables en diff\u00e9rentes configurations Lame de 300 mm en acier chrom\u00e9 100cr6 [&hellip;]<\/p>\n","protected":false},"featured_media":6367165,"template":"","meta":{"_acf_changed":false},"product_cat":[12055,12073],"product_tag":[],"class_list":{"0":"post-63594","1":"product","2":"type-product","3":"status-publish","4":"has-post-thumbnail","6":"product_cat-petits-electromenagers","7":"product_cat-trancheuses","9":"first","10":"instock","11":"sale","12":"taxable","13":"shipping-taxable","14":"purchasable","15":"product-type-simple","swatches":"rey-swatches","show_selected":"","stretch_labels":"rey-swatches--stretch-labels"},"acf":[],"yoast_head":"<!-- This site is optimized with the Yoast SEO plugin v25.4 - https:\/\/yoast.com\/wordpress\/plugins\/seo\/ -->\n<title>BERKEL Domestic Slicer volant d&#8217;inertie B3 Noir - dev6 Erresse<\/title>\n<meta name=\"description\" content=\"GRANDE CAPACIT\u00c9 DE COUPE DANS UN DESIGN \u00c9L\u00c9GANT Une trancheuse domestique \u00e0 volant d\u2019inertie avec une grande capacit\u00e9 de coupe et une esth\u00e9tique\" \/>\n<meta name=\"robots\" content=\"noindex, follow, max-snippet:-1, max-image-preview:large, max-video-preview:-1\" \/>\n<meta property=\"og:locale\" content=\"fr_FR\" \/>\n<meta property=\"og:type\" content=\"article\" \/>\n<meta property=\"og:title\" content=\"BERKEL Domestic Slicer volant d&#8217;inertie B3 Noir - dev6 Erresse\" \/>\n<meta property=\"og:description\" content=\"GRANDE CAPACIT\u00c9 DE COUPE DANS UN DESIGN \u00c9L\u00c9GANT Une trancheuse domestique \u00e0 volant d\u2019inertie avec une grande capacit\u00e9 de coupe et une esth\u00e9tique\" \/>\n<meta property=\"og:url\" content=\"https:\/\/dev6.erresse-shop.it\/fr\/shop\/petits-electromenagers\/trancheuses\/berkel-domestic-slicer-volant-dinertie-b3-noir\/\" \/>\n<meta property=\"og:site_name\" content=\"dev6 Erresse\" \/>\n<meta property=\"og:image\" content=\"https:\/\/interpim.erresse-shop.it\/Import\/Prodotti\/berkel-volano-b3.jpg\" \/><meta property=\"og:image\" content=\"https:\/\/interpim.erresse-shop.it\/Import\/Prodotti\/berkel-volano-b3.jpg\" \/>\n\t<meta property=\"og:image:width\" content=\"1024\" \/>\n\t<meta property=\"og:image:height\" content=\"1024\" \/>\n\t<meta property=\"og:image:type\" content=\"image\/jpeg\" \/>\n<meta name=\"twitter:card\" content=\"summary_large_image\" \/>\n<meta name=\"twitter:image\" content=\"https:\/\/interpim.erresse-shop.it\/Import\/Prodotti\/berkel-volano-b3.jpg\" \/>\n<script type=\"application\/ld+json\" class=\"yoast-schema-graph\">{\"@context\":\"https:\/\/schema.org\",\"@graph\":[{\"@type\":\"WebPage\",\"@id\":\"https:\/\/dev6.erresse-shop.it\/fr\/shop\/petits-electromenagers\/trancheuses\/berkel-domestic-slicer-volant-dinertie-b3-noir\/\",\"url\":\"https:\/\/dev6.erresse-shop.it\/fr\/shop\/petits-electromenagers\/trancheuses\/berkel-domestic-slicer-volant-dinertie-b3-noir\/\",\"name\":\"BERKEL Domestic Slicer volant d&#8217;inertie B3 Noir - dev6 Erresse\",\"isPartOf\":{\"@id\":\"https:\/\/dev6.erresse-shop.it\/#website\"},\"primaryImageOfPage\":{\"@id\":\"https:\/\/dev6.erresse-shop.it\/fr\/shop\/petits-electromenagers\/trancheuses\/berkel-domestic-slicer-volant-dinertie-b3-noir\/#primaryimage\"},\"image\":{\"@id\":\"https:\/\/dev6.erresse-shop.it\/fr\/shop\/petits-electromenagers\/trancheuses\/berkel-domestic-slicer-volant-dinertie-b3-noir\/#primaryimage\"},\"thumbnailUrl\":\"https:\/\/i1.wp.com\/interpim.erresse-shop.it\/Import\/Prodotti\/berkel-volano-b3.jpg?ssl=1\",\"datePublished\":\"2026-04-12T08:42:34+00:00\",\"description\":\"GRANDE CAPACIT\u00c9 DE COUPE DANS UN DESIGN \u00c9L\u00c9GANT Une trancheuse domestique \u00e0 volant d\u2019inertie avec une grande capacit\u00e9 de coupe et une esth\u00e9tique\",\"breadcrumb\":{\"@id\":\"https:\/\/dev6.erresse-shop.it\/fr\/shop\/petits-electromenagers\/trancheuses\/berkel-domestic-slicer-volant-dinertie-b3-noir\/#breadcrumb\"},\"inLanguage\":\"fr-FR\",\"potentialAction\":[{\"@type\":\"ReadAction\",\"target\":[\"https:\/\/dev6.erresse-shop.it\/fr\/shop\/petits-electromenagers\/trancheuses\/berkel-domestic-slicer-volant-dinertie-b3-noir\/\"]}]},{\"@type\":\"ImageObject\",\"inLanguage\":\"fr-FR\",\"@id\":\"https:\/\/dev6.erresse-shop.it\/fr\/shop\/petits-electromenagers\/trancheuses\/berkel-domestic-slicer-volant-dinertie-b3-noir\/#primaryimage\",\"url\":\"https:\/\/i1.wp.com\/interpim.erresse-shop.it\/Import\/Prodotti\/berkel-volano-b3.jpg?ssl=1\",\"contentUrl\":\"https:\/\/i1.wp.com\/interpim.erresse-shop.it\/Import\/Prodotti\/berkel-volano-b3.jpg?ssl=1\"},{\"@type\":\"BreadcrumbList\",\"@id\":\"https:\/\/dev6.erresse-shop.it\/fr\/shop\/petits-electromenagers\/trancheuses\/berkel-domestic-slicer-volant-dinertie-b3-noir\/#breadcrumb\",\"itemListElement\":[{\"@type\":\"ListItem\",\"position\":1,\"name\":\"Home\",\"item\":\"https:\/\/dev6.erresse-shop.it\/\"},{\"@type\":\"ListItem\",\"position\":2,\"name\":\"Boutique\",\"item\":\"https:\/\/dev6.erresse-shop.it\/shop\/\"},{\"@type\":\"ListItem\",\"position\":3,\"name\":\"BERKEL Domestic Slicer volant d&#8217;inertie B3 Noir\"}]},{\"@type\":\"WebSite\",\"@id\":\"https:\/\/dev6.erresse-shop.it\/#website\",\"url\":\"https:\/\/dev6.erresse-shop.it\/\",\"name\":\"Erresse Shop\",\"description\":\"\",\"publisher\":{\"@id\":\"https:\/\/dev6.erresse-shop.it\/#organization\"},\"potentialAction\":[{\"@type\":\"SearchAction\",\"target\":{\"@type\":\"EntryPoint\",\"urlTemplate\":\"https:\/\/dev6.erresse-shop.it\/?s={search_term_string}\"},\"query-input\":{\"@type\":\"PropertyValueSpecification\",\"valueRequired\":true,\"valueName\":\"search_term_string\"}}],\"inLanguage\":\"fr-FR\"},{\"@type\":\"Organization\",\"@id\":\"https:\/\/dev6.erresse-shop.it\/#organization\",\"name\":\"Erresse Shop\",\"url\":\"https:\/\/dev6.erresse-shop.it\/\",\"logo\":{\"@type\":\"ImageObject\",\"inLanguage\":\"fr-FR\",\"@id\":\"https:\/\/dev6.erresse-shop.it\/#\/schema\/logo\/image\/\",\"url\":\"https:\/\/dev6.erresse-shop.it\/wp-content\/uploads\/2025\/01\/LOGO-ERRESSE-CLASSICO.svg\",\"contentUrl\":\"https:\/\/dev6.erresse-shop.it\/wp-content\/uploads\/2025\/01\/LOGO-ERRESSE-CLASSICO.svg\",\"caption\":\"Erresse Shop\"},\"image\":{\"@id\":\"https:\/\/dev6.erresse-shop.it\/#\/schema\/logo\/image\/\"}}]}<\/script>\n<!-- \/ Yoast SEO plugin. -->","yoast_head_json":{"title":"BERKEL Domestic Slicer volant d&#8217;inertie B3 Noir - dev6 Erresse","description":"GRANDE CAPACIT\u00c9 DE COUPE DANS UN DESIGN \u00c9L\u00c9GANT Une trancheuse domestique \u00e0 volant d\u2019inertie avec une grande capacit\u00e9 de coupe et une esth\u00e9tique","robots":{"index":"noindex","follow":"follow","max-snippet":"max-snippet:-1","max-image-preview":"max-image-preview:large","max-video-preview":"max-video-preview:-1"},"og_locale":"fr_FR","og_type":"article","og_title":"BERKEL Domestic Slicer volant d&#8217;inertie B3 Noir - dev6 Erresse","og_description":"GRANDE CAPACIT\u00c9 DE COUPE DANS UN DESIGN \u00c9L\u00c9GANT Une trancheuse domestique \u00e0 volant d\u2019inertie avec une grande capacit\u00e9 de coupe et une esth\u00e9tique","og_url":"https:\/\/dev6.erresse-shop.it\/fr\/shop\/petits-electromenagers\/trancheuses\/berkel-domestic-slicer-volant-dinertie-b3-noir\/","og_site_name":"dev6 Erresse","og_image":[{"url":"https:\/\/interpim.erresse-shop.it\/Import\/Prodotti\/berkel-volano-b3.jpg","type":"","width":"","height":""},{"url":"https:\/\/interpim.erresse-shop.it\/Import\/Prodotti\/berkel-volano-b3.jpg","width":1024,"height":1024,"type":"image\/jpeg"}],"twitter_card":"summary_large_image","twitter_image":"https:\/\/interpim.erresse-shop.it\/Import\/Prodotti\/berkel-volano-b3.jpg","schema":{"@context":"https:\/\/schema.org","@graph":[{"@type":"WebPage","@id":"https:\/\/dev6.erresse-shop.it\/fr\/shop\/petits-electromenagers\/trancheuses\/berkel-domestic-slicer-volant-dinertie-b3-noir\/","url":"https:\/\/dev6.erresse-shop.it\/fr\/shop\/petits-electromenagers\/trancheuses\/berkel-domestic-slicer-volant-dinertie-b3-noir\/","name":"BERKEL Domestic Slicer volant d&#8217;inertie B3 Noir - dev6 Erresse","isPartOf":{"@id":"https:\/\/dev6.erresse-shop.it\/#website"},"primaryImageOfPage":{"@id":"https:\/\/dev6.erresse-shop.it\/fr\/shop\/petits-electromenagers\/trancheuses\/berkel-domestic-slicer-volant-dinertie-b3-noir\/#primaryimage"},"image":{"@id":"https:\/\/dev6.erresse-shop.it\/fr\/shop\/petits-electromenagers\/trancheuses\/berkel-domestic-slicer-volant-dinertie-b3-noir\/#primaryimage"},"thumbnailUrl":"https:\/\/i1.wp.com\/interpim.erresse-shop.it\/Import\/Prodotti\/berkel-volano-b3.jpg?ssl=1","datePublished":"2026-04-12T08:42:34+00:00","description":"GRANDE CAPACIT\u00c9 DE COUPE DANS UN DESIGN \u00c9L\u00c9GANT Une trancheuse domestique \u00e0 volant d\u2019inertie avec une grande capacit\u00e9 de coupe et une esth\u00e9tique","breadcrumb":{"@id":"https:\/\/dev6.erresse-shop.it\/fr\/shop\/petits-electromenagers\/trancheuses\/berkel-domestic-slicer-volant-dinertie-b3-noir\/#breadcrumb"},"inLanguage":"fr-FR","potentialAction":[{"@type":"ReadAction","target":["https:\/\/dev6.erresse-shop.it\/fr\/shop\/petits-electromenagers\/trancheuses\/berkel-domestic-slicer-volant-dinertie-b3-noir\/"]}]},{"@type":"ImageObject","inLanguage":"fr-FR","@id":"https:\/\/dev6.erresse-shop.it\/fr\/shop\/petits-electromenagers\/trancheuses\/berkel-domestic-slicer-volant-dinertie-b3-noir\/#primaryimage","url":"https:\/\/i1.wp.com\/interpim.erresse-shop.it\/Import\/Prodotti\/berkel-volano-b3.jpg?ssl=1","contentUrl":"https:\/\/i1.wp.com\/interpim.erresse-shop.it\/Import\/Prodotti\/berkel-volano-b3.jpg?ssl=1"},{"@type":"BreadcrumbList","@id":"https:\/\/dev6.erresse-shop.it\/fr\/shop\/petits-electromenagers\/trancheuses\/berkel-domestic-slicer-volant-dinertie-b3-noir\/#breadcrumb","itemListElement":[{"@type":"ListItem","position":1,"name":"Home","item":"https:\/\/dev6.erresse-shop.it\/"},{"@type":"ListItem","position":2,"name":"Boutique","item":"https:\/\/dev6.erresse-shop.it\/shop\/"},{"@type":"ListItem","position":3,"name":"BERKEL Domestic Slicer volant d&#8217;inertie B3 Noir"}]},{"@type":"WebSite","@id":"https:\/\/dev6.erresse-shop.it\/#website","url":"https:\/\/dev6.erresse-shop.it\/","name":"Erresse Shop","description":"","publisher":{"@id":"https:\/\/dev6.erresse-shop.it\/#organization"},"potentialAction":[{"@type":"SearchAction","target":{"@type":"EntryPoint","urlTemplate":"https:\/\/dev6.erresse-shop.it\/?s={search_term_string}"},"query-input":{"@type":"PropertyValueSpecification","valueRequired":true,"valueName":"search_term_string"}}],"inLanguage":"fr-FR"},{"@type":"Organization","@id":"https:\/\/dev6.erresse-shop.it\/#organization","name":"Erresse Shop","url":"https:\/\/dev6.erresse-shop.it\/","logo":{"@type":"ImageObject","inLanguage":"fr-FR","@id":"https:\/\/dev6.erresse-shop.it\/#\/schema\/logo\/image\/","url":"https:\/\/dev6.erresse-shop.it\/wp-content\/uploads\/2025\/01\/LOGO-ERRESSE-CLASSICO.svg","contentUrl":"https:\/\/dev6.erresse-shop.it\/wp-content\/uploads\/2025\/01\/LOGO-ERRESSE-CLASSICO.svg","caption":"Erresse Shop"},"image":{"@id":"https:\/\/dev6.erresse-shop.it\/#\/schema\/logo\/image\/"}}]}},"df_price":5999,"df_sale_price":5999,"df_regular_price":7749,"df_image_link":"https:\/\/i1.wp.com\/interpim.erresse-shop.it\/Import\/Prodotti\/berkel-volano-b3.jpg?resize=300,300&ssl=1","fifu_image_url":"https:\/\/interpim.erresse-shop.it\/Import\/Prodotti\/berkel-volano-b3.jpg","_links":{"self":[{"href":"https:\/\/dev6.erresse-shop.it\/fr\/wp-json\/wp\/v2\/product\/63594","targetHints":{"allow":["GET"]}}],"collection":[{"href":"https:\/\/dev6.erresse-shop.it\/fr\/wp-json\/wp\/v2\/product"}],"about":[{"href":"https:\/\/dev6.erresse-shop.it\/fr\/wp-json\/wp\/v2\/types\/product"}],"wp:featuredmedia":[{"embeddable":true,"href":"https:\/\/dev6.erresse-shop.it\/fr\/wp-json\/wp\/v2\/media\/6367165"}],"wp:attachment":[{"href":"https:\/\/dev6.erresse-shop.it\/fr\/wp-json\/wp\/v2\/media?parent=63594"}],"wp:term":[{"taxonomy":"product_cat","embeddable":true,"href":"https:\/\/dev6.erresse-shop.it\/fr\/wp-json\/wp\/v2\/product_cat?post=63594"},{"taxonomy":"product_tag","embeddable":true,"href":"https:\/\/dev6.erresse-shop.it\/fr\/wp-json\/wp\/v2\/product_tag?post=63594"}],"curies":[{"name":"wp","href":"https:\/\/api.w.org\/{rel}","templated":true}]}}